{"id":10318,"date":"2023-01-26T13:14:59","date_gmt":"2023-01-26T12:14:59","guid":{"rendered":"https:\/\/lgigroup.com\/?page_id=10318"},"modified":"2025-04-08T10:58:25","modified_gmt":"2025-04-08T08:58:25","slug":"stellenangebote","status":"publish","type":"page","link":"https:\/\/lgigroup.com\/de-de\/karriere\/stellenangebote\/","title":{"rendered":"Stellenangebote"},"content":{"rendered":"\r\n\t\t<section class=\"titelbild-section titelbild-block-id-69e89137c5d52 titelbild-block-layout-\">\r\n            <div class=\"col-12 col-lg-12\">\r\n                <div class=\"full-bild\"> <img loading=\"lazy\" decoding=\"async\" width=\"1920\" height=\"700\" src=\"\/wp-content\/uploads\/2023\/02\/lgi-team-infront-of-lgi-truck.jpg\" class=\"img-fluid\" alt=\"LGI team infront of LGI truck\" srcset=\"\/wp-content\/uploads\/2023\/02\/lgi-team-infront-of-lgi-truck.jpg 1920w, \/wp-content\/uploads\/2023\/02\/lgi-team-infront-of-lgi-truck-300x109.jpg 300w, \/wp-content\/uploads\/2023\/02\/lgi-team-infront-of-lgi-truck-1024x373.jpg 1024w, \/wp-content\/uploads\/2023\/02\/lgi-team-infront-of-lgi-truck-768x280.jpg 768w, \/wp-content\/uploads\/2023\/02\/lgi-team-infront-of-lgi-truck-1536x560.jpg 1536w\" sizes=\"auto, (max-width: 1920px) 100vw, 1920px\" \/><\/div>\r\n                <div class=\"bild-title container\">\r\n                    <div class=\"row\">\r\n                                <div class=\"col\">\r\n                                    <p class=\"headline wt-h1\">Stellenangebote<\/p>\r\n                                <\/div>                                        \r\n                            <\/div> \r\n                <\/div>\r\n            <\/div>\r\n        <\/section>\r\n\t\n\n            \r\n        <div class=\"spacing-block small spacing-block-id-69e89137c634b\" >                                     \r\n                  <div class=\"small-space\">   \r\n                  <\/div>                      \r\n        <\/div>\n\n            \r\n        <section class=\"social-block social-block-id-69e89137c6476\">             \r\n            <div class=\"container\">\r\n                <div class=\"social-wrapper\">\r\n                    <div class=\"row\">\r\n                        <div class=\"content social-block-content d-flex flex-column flex-md-row align-items-center\">\r\n                            <div class=\"social-left col-12 col-md-6\">\r\n                                <p class=\"wt-subheadline wt-sl\">Hol dir die Insider Einblicke!<\/p>\r\n                                \r\n                                \n<p class=\"wp-block-wt-social-block\">Erfahre mehr \u00fcber uns als Arbeitgeber und unsere Unternehmenskultur auf unseren Karriere Social-Media-Kan\u00e4len:<\/p>\n\r\n                            <\/div>\r\n                           <div class=\"social-right col-12 col-md-5 offset-md-1 col-lg-4 offset-lg-2\">\r\n                                <div class=\"d-flex flex-column gap-3\"><div class=\"wt-bt\">    \r\n                <a href=\"https:\/\/www.tiktok.com\/@lgicareer?is_from_webapp=1&#038;sender_device=pc\" >\r\n                        <img decoding=\"async\" class=\"social-block-icon\" src=\"\/wp-content\/themes\/lgi\/img\/social\/tiktok-black.svg\" alt=\"Tiktok Image\" \/>\r\n                        TikTok   \r\n                <\/a>\r\n    <\/div><div class=\"wt-bt\">    \r\n                        <a href=\"https:\/\/www.instagram.com\/lgicareer\/\" >\r\n                            <img decoding=\"async\" class=\"social-block-icon\" src=\"\/wp-content\/themes\/lgi\/img\/social\/instagram-black.svg\" alt=\"Instagram Image\" \/>\r\n                            Instagram   \r\n                        <\/a>\r\n                    <\/div><\/div>\r\n                            <\/div>\r\n                        <\/div>\r\n                    <\/div>\r\n                <\/div>                            \r\n            <\/div>                                  \r\n        <\/section>\n\n            \r\n        <div class=\"spacing-block doublesmall spacing-block-id-69e89137c65a4\" >                                     \r\n                  <div class=\"double-small-space\">   \r\n                  <\/div>                      \r\n        <\/div>\n\n<section class=\"wt-video-block\" data-url=\"https:\/\/www.youtube-nocookie.com\/embed\/ago7ejuJYYg?autoplay=1&#038;mute=0&#038;rel=0\">\r\n        <div class=\"container \">\r\n            <div class=\"row\">\r\n                <div class=\"col-12 wt-video-block-output-wrapper\">                    \r\n                        <div class=\"embed-consent-wrapper py-5 px-3\">\r\n                                <p class=\"embed-consent-headline wt-h2\">YouTube-Inhalte deaktiviert<\/p>\r\n                                <p>Aufgrund Ihrer aktuellen Datenschutzeinstellungen wird der Inhalt nicht geladen.<\/p>\r\n    \r\n                                <div class=\"wt-video-block-btn-accept\">\r\n                                    \u00bb YouTube-Cookies und externe Aufrufe akzeptieren &#038; Inhalt laden\r\n                                <\/div>\r\n                            <\/div>\r\n                <\/div>\r\n            <\/div>\r\n        <\/div>\r\n    <\/section>\n\n            \r\n        <div class=\"spacing-block medium spacing-block-id-69e89137c67cb\" >                                     \r\n                  <div class=\"medium-space\">   \r\n                  <\/div>                      \r\n        <\/div>\n\n\r\n                <div class=\"headline-block \">\r\n                    \r\n                        <div class=\"container\">                            \r\n                            <div class=\"row\">\r\n                        <div class=\"col\">\r\n                            <h1 class=\"wt-subheadline wt-sl sub-headline-align\">LGI Stellenangebote<\/h1>\r\n                        <\/div>\r\n                    <\/div>\r\n                            \r\n                            <div class=\"row\">\r\n                                <div class=\"col\">\r\n                                    <h2 class=\"wt-h1 wt-font-color-dark-grey\">Wir suchen immer gute Leute<\/h2>\r\n                                <\/div>                                        \r\n                            <\/div>                                                                                                    \r\n                        <\/div>                                \r\n                <\/div>\r\n            \n\n            \r\n        <div class=\"spacing-block extrasmall spacing-block-id-69e89137c69bb\" >                                     \r\n                  <div class=\"extra-small-space\">   \r\n                  <\/div>                      \r\n        <\/div>\n\n   \r\n    \r\n    <div class=\"grey-line-block grey-line-block-id-69e89137c6ad2\">\r\n        \r\n        <div class=\"container\">\r\n            <div class=\"row\">\r\n                <div class=\"col test\">\r\n                    <div class=\"grey-line-block-line\"><\/div>\r\n                <\/div>                \r\n            <\/div>\r\n        <\/div>\r\n        \r\n    <\/div>\n\n            \r\n        <div class=\"spacing-block small spacing-block-id-69e89137c6bf1\" >                                     \r\n                  <div class=\"small-space\">   \r\n                  <\/div>                      \r\n        <\/div>\n\n\n<div class=\"wp-block-group container\"><div class=\"wp-block-group__inner-container is-layout-constrained wp-block-group-is-layout-constrained\">\n<p>Entdecke bereits heute deinen Traumjob von morgen in unserem Jobportal. Sollte nichts Passendes dabei sein, freuen wir uns auch \u00fcber deine <a href=\"https:\/\/lgigroup.wd3.myworkdayjobs.com\/de-DE\/LGI\/job\/Initiativbewerbung--w-m-d-_R785\" target=\"_blank\" rel=\"noreferrer noopener\">Initiativbewerbung<\/a> mit vollst\u00e4ndigen Unterlagen.<\/p>\n<\/div><\/div>\n\n\n            \r\n        <div class=\"spacing-block small spacing-block-id-69e89137c8190\" >                                     \r\n                  <div class=\"small-space\">   \r\n                  <\/div>                      \r\n        <\/div>\n\n\n<div class=\"container\">\t\n\t<div class=\"row\">\n\t\t<div class=\"col\">\n\t\t\t<div class=\"jobFrameWrapper\">\n\t\t\t\t<iframe loading=\"lazy\" src=\"https:\/\/lgigroup.wd3.myworkdayjobs.com\/de-DE\/LGI\" name=\"jobframe\" width=\"300\" height=\"150\" frameborder=\"0\"><\/iframe>\n\t\t\t<\/div>\n\t\t<\/div>\n\t<\/div>\t\n<\/div>\n\n\n            \r\n        <div class=\"spacing-block small spacing-block-id-69e89137c8381\" >                                     \r\n                  <div class=\"small-space\">   \r\n                  <\/div>                      \r\n        <\/div>\n\n\n<div class=\"wp-block-group container\"><div class=\"wp-block-group__inner-container is-layout-constrained wp-block-group-is-layout-constrained\">\n<p>Alle offenen Stellen f\u00fcr unsere zahlreichen Standorte findest Du in unserem <a href=\"https:\/\/lgigroup.wd3.myworkdayjobs.com\/en-US\/LGI\" target=\"_blank\" rel=\"noreferrer noopener\">Jobportal<\/a>. Schaue vorbei und entdecken Deinen Traumjob.<\/p>\n<\/div><\/div>\n\n\n            \r\n        <div class=\"spacing-block large spacing-block-id-69e89137c86c1\" >                                     \r\n                  <div class=\"large-space\">   \r\n                  <\/div>                      \r\n        <\/div>\n\n   \r\n    \r\n    <section id=\"Contact-person\" class=\"contact-person-block contact-person-block-id-69e89137c87b6 encoded-email\" data-idcp=\"6136\" data-mail=\"YmV3ZXJidW5nQGxnaS5kZQ==\">\r\n    \r\n        \r\n        <div class=\"contact-person-bg-img-wrapper\">\r\n            <img loading=\"lazy\" decoding=\"async\" width=\"1920\" height=\"500\" src=\"\/wp-content\/uploads\/2023\/01\/lgi-location-holland.jpg\" class=\"img-fluid bg-image\" alt=\"LGI holland building\" srcset=\"\/wp-content\/uploads\/2023\/01\/lgi-location-holland.jpg 1920w, \/wp-content\/uploads\/2023\/01\/lgi-location-holland-300x78.jpg 300w, \/wp-content\/uploads\/2023\/01\/lgi-location-holland-1024x267.jpg 1024w, \/wp-content\/uploads\/2023\/01\/lgi-location-holland-768x200.jpg 768w, \/wp-content\/uploads\/2023\/01\/lgi-location-holland-1536x400.jpg 1536w\" sizes=\"auto, (max-width: 1920px) 100vw, 1920px\" \/>\r\n        <\/div>\r\n        \r\n        <div class=\"container contact-person-content-wrapper\">\r\n            <div class=\"row\">\r\n                <div class=\"col-12 col-lg-6 contact-person-text-wrapper contact-text-align\">\r\n                    <span class=\"wt-bh\">Lust auf Logistik?<\/span>\r\n                    <span class=\"wt-hl wt-big-string\">Bewirb Dich jetzt bei <span class='wt-font-color-white'>LGI!<\/span><\/span>\r\n                <\/div>\r\n                <div class=\"col-12 col-lg-6 order-first order-lg-last contact-person-img-wrapper\">\r\n                    <div>\r\n                        <div class=\"contact-person-wrapper contact-person\">\r\n                            <div class=\"d-flex align-items-stretch\">\r\n                                <div class=\"image-section\">\r\n                                    <img loading=\"lazy\" decoding=\"async\" width=\"540\" height=\"500\" src=\"\/wp-content\/uploads\/2024\/05\/lgi-contact-person-billmaier-mascha.png\" class=\"img-fluid\" alt=\"LGI contact person - Mascha Billmaier\" srcset=\"\/wp-content\/uploads\/2024\/05\/lgi-contact-person-billmaier-mascha.png 540w, \/wp-content\/uploads\/2024\/05\/lgi-contact-person-billmaier-mascha-300x278.png 300w\" sizes=\"auto, (max-width: 540px) 100vw, 540px\" \/>\r\n                                <\/div>\r\n                                <div class=\"pe-3 pe-sm-0 ps-3 ps-xl-3 d-flex flex-column justify-content-end content-section\">\r\n                                    <p class=\"wt-sl\">Dein Kontakt<\/p>\r\n                                \r\n                                    <p class=\"text-sec wt-text-sec\">\r\n                                        <span>HR Specialist<\/span><br>\r\n                                         Mascha Billmaier<br>\r\n                                        <a class=\"wt-k-click-tel\" href=\"tel:\"><\/a><br>\r\n                                        <a class=\"wt-k-click-mail\" href=\"&#109;&#97;&#105;&#108;&#116;&#111;&#58;%62%65%77%65%72%62%75%6e%67@%6c%67%69.%64%65\">&#x62;&#x65;&#x77;&#x65;&#x72;&#x62;&#x75;&#x6e;&#x67;&#x40;&#x6c;&#x67;&#x69;&#x2e;&#x64;&#x65;<\/a>\r\n                                    <\/p>\r\n                                    <div class=\"button-wrapper\">\r\n                                        <div class=\"wt-bt d-none d-sm-block\" data-bs-toggle=\"modal\" data-bs-target=\"#contactModal\">Kontakt aufnehmen<\/div>\r\n                                        <div class=\"d-none d-sm-block \"> <\/div>\r\n                                    <\/div>    \r\n                                <\/div>\r\n                            <\/div>                            \r\n                            <div class=\"button-wrapper\">\r\n                                <div class=\"mt-md-3 pt-3 pb-3 ps-3 pe-3 pt-md-3 d-sm-none\">\r\n                                    <div class=\"wt-bt\" data-bs-toggle=\"modal\" data-bs-target=\"#contactModal\">Kontakt aufnehmen<\/div>\r\n                                    \r\n                                <\/div>\r\n                            <\/div> \r\n                        <\/div>                        \r\n                    <\/div>                    \r\n                <\/div>\r\n            <\/div>\r\n        <\/div>\r\n        \r\n    <\/section>","protected":false},"excerpt":{"rendered":"<p>Entdecke bereits heute deinen Traumjob von morgen in unserem Jobportal. Sollte nichts Passendes dabei sein, freuen wir uns auch \u00fcber deine Initiativbewerbung mit vollst\u00e4ndigen Unterlagen. Alle offenen Stellen f\u00fcr unsere zahlreichen Standorte findest Du in unserem Jobportal. Schaue vorbei und entdecken Deinen Traumjob.<\/p>\n","protected":false},"author":1,"featured_media":0,"parent":119,"menu_order":0,"comment_status":"closed","ping_status":"closed","template":"","meta":{"footnotes":""},"class_list":["post-10318","page","type-page","status-publish","hentry"],"yoast_head":"<!-- This site is optimized with the Yoast SEO plugin v27.3 - https:\/\/yoast.com\/product\/yoast-seo-wordpress\/ -->\n<title>Stellenangebote bei LGI - Jetzt bewerben! - Karriere<\/title>\n<meta name=\"description\" content=\"Stellenangebote bei LGI - Jetzt bewerben als Key Account, Business Developer, IT-Spezialist und mehr - Mit einem Job bei LGI starten\" \/>\n<meta name=\"robots\" content=\"index, follow, max-snippet:-1, max-image-preview:large, max-video-preview:-1\" \/>\n<link rel=\"canonical\" href=\"https:\/\/lgigroup.com\/de-de\/wp-json\/wp\/v2\/pages\/10318\" \/>\n<meta property=\"og:locale\" content=\"de_DE\" \/>\n<meta property=\"og:type\" content=\"article\" \/>\n<meta property=\"og:title\" content=\"Stellenangebote bei LGI - Jetzt bewerben! - Karriere\" \/>\n<meta property=\"og:description\" content=\"Stellenangebote bei LGI - Jetzt bewerben als Key Account, Business Developer, IT-Spezialist und mehr - Mit einem Job bei LGI starten\" \/>\n<meta property=\"og:url\" content=\"https:\/\/lgigroup.com\/de-de\/karriere\/stellenangebote\/\" \/>\n<meta property=\"og:site_name\" content=\"LGI Group\" \/>\n<meta property=\"article:modified_time\" content=\"2025-04-08T08:58:25+00:00\" \/>\n<meta name=\"twitter:card\" content=\"summary_large_image\" \/>\n<meta name=\"twitter:label1\" content=\"Est. reading time\" \/>\n\t<meta name=\"twitter:data1\" content=\"1 minute\" \/>\n<script type=\"application\/ld+json\" class=\"yoast-schema-graph\">{\"@context\":\"https:\\\/\\\/schema.org\",\"@graph\":[{\"@type\":\"WebPage\",\"@id\":\"https:\\\/\\\/lgigroup.com\\\/de-de\\\/karriere\\\/stellenangebote\\\/\",\"url\":\"https:\\\/\\\/lgigroup.com\\\/de-de\\\/karriere\\\/stellenangebote\\\/\",\"name\":\"Stellenangebote bei LGI - Jetzt bewerben! - Karriere\",\"isPartOf\":{\"@id\":\"https:\\\/\\\/lgigroup.com\\\/de-de\\\/#website\"},\"datePublished\":\"2023-01-26T12:14:59+00:00\",\"dateModified\":\"2025-04-08T08:58:25+00:00\",\"description\":\"Stellenangebote bei LGI - Jetzt bewerben als Key Account, Business Developer, IT-Spezialist und mehr - Mit einem Job bei LGI starten\",\"breadcrumb\":{\"@id\":\"https:\\\/\\\/lgigroup.com\\\/de-de\\\/karriere\\\/stellenangebote\\\/#breadcrumb\"},\"inLanguage\":\"de-de\",\"potentialAction\":[{\"@type\":\"ReadAction\",\"target\":[\"https:\\\/\\\/lgigroup.com\\\/de-de\\\/karriere\\\/stellenangebote\\\/\"]}]},{\"@type\":\"BreadcrumbList\",\"@id\":\"https:\\\/\\\/lgigroup.com\\\/de-de\\\/karriere\\\/stellenangebote\\\/#breadcrumb\",\"itemListElement\":[{\"@type\":\"ListItem\",\"position\":1,\"name\":\"Startseite\",\"item\":\"https:\\\/\\\/lgigroup.com\\\/de-de\\\/\"},{\"@type\":\"ListItem\",\"position\":2,\"name\":\"Karriere\",\"item\":\"https:\\\/\\\/lgigroup.com\\\/de-de\\\/karriere\\\/\"},{\"@type\":\"ListItem\",\"position\":3,\"name\":\"Stellenangebote\"}]},{\"@type\":\"WebSite\",\"@id\":\"https:\\\/\\\/lgigroup.com\\\/de-de\\\/#website\",\"url\":\"https:\\\/\\\/lgigroup.com\\\/de-de\\\/\",\"name\":\"LGI Group\",\"description\":\"\",\"publisher\":{\"@id\":\"https:\\\/\\\/lgigroup.com\\\/de-de\\\/#organization\"},\"potentialAction\":[{\"@type\":\"SearchAction\",\"target\":{\"@type\":\"EntryPoint\",\"urlTemplate\":\"https:\\\/\\\/lgigroup.com\\\/de-de\\\/?s={search_term_string}\"},\"query-input\":{\"@type\":\"PropertyValueSpecification\",\"valueRequired\":true,\"valueName\":\"search_term_string\"}}],\"inLanguage\":\"de-de\"},{\"@type\":\"Organization\",\"@id\":\"https:\\\/\\\/lgigroup.com\\\/de-de\\\/#organization\",\"name\":\"LGI GmbH\",\"url\":\"https:\\\/\\\/lgigroup.com\\\/de-de\\\/\",\"logo\":{\"@type\":\"ImageObject\",\"inLanguage\":\"de-de\",\"@id\":\"https:\\\/\\\/lgigroup.com\\\/de-de\\\/#\\\/schema\\\/logo\\\/image\\\/\",\"url\":\"https:\\\/\\\/lgigroup.com\\\/wp-content\\\/uploads\\\/2023\\\/01\\\/lgi-logo.png\",\"contentUrl\":\"https:\\\/\\\/lgigroup.com\\\/wp-content\\\/uploads\\\/2023\\\/01\\\/lgi-logo.png\",\"width\":420,\"height\":200,\"caption\":\"LGI GmbH\"},\"image\":{\"@id\":\"https:\\\/\\\/lgigroup.com\\\/de-de\\\/#\\\/schema\\\/logo\\\/image\\\/\"}}]}<\/script>\n<!-- \/ Yoast SEO plugin. -->","yoast_head_json":{"title":"Stellenangebote bei LGI - Jetzt bewerben! - Karriere","description":"Stellenangebote bei LGI - Jetzt bewerben als Key Account, Business Developer, IT-Spezialist und mehr - Mit einem Job bei LGI starten","robots":{"index":"index","follow":"follow","max-snippet":"max-snippet:-1","max-image-preview":"max-image-preview:large","max-video-preview":"max-video-preview:-1"},"canonical":"https:\/\/lgigroup.com\/de-de\/wp-json\/wp\/v2\/pages\/10318","og_locale":"de_DE","og_type":"article","og_title":"Stellenangebote bei LGI - Jetzt bewerben! - Karriere","og_description":"Stellenangebote bei LGI - Jetzt bewerben als Key Account, Business Developer, IT-Spezialist und mehr - Mit einem Job bei LGI starten","og_url":"https:\/\/lgigroup.com\/de-de\/karriere\/stellenangebote\/","og_site_name":"LGI Group","article_modified_time":"2025-04-08T08:58:25+00:00","twitter_card":"summary_large_image","twitter_misc":{"Est. reading time":"1 minute"},"schema":{"@context":"https:\/\/schema.org","@graph":[{"@type":"WebPage","@id":"https:\/\/lgigroup.com\/de-de\/karriere\/stellenangebote\/","url":"https:\/\/lgigroup.com\/de-de\/karriere\/stellenangebote\/","name":"Stellenangebote bei LGI - Jetzt bewerben! - Karriere","isPartOf":{"@id":"https:\/\/lgigroup.com\/de-de\/#website"},"datePublished":"2023-01-26T12:14:59+00:00","dateModified":"2025-04-08T08:58:25+00:00","description":"Stellenangebote bei LGI - Jetzt bewerben als Key Account, Business Developer, IT-Spezialist und mehr - Mit einem Job bei LGI starten","breadcrumb":{"@id":"https:\/\/lgigroup.com\/de-de\/karriere\/stellenangebote\/#breadcrumb"},"inLanguage":"de-de","potentialAction":[{"@type":"ReadAction","target":["https:\/\/lgigroup.com\/de-de\/karriere\/stellenangebote\/"]}]},{"@type":"BreadcrumbList","@id":"https:\/\/lgigroup.com\/de-de\/karriere\/stellenangebote\/#breadcrumb","itemListElement":[{"@type":"ListItem","position":1,"name":"Startseite","item":"https:\/\/lgigroup.com\/de-de\/"},{"@type":"ListItem","position":2,"name":"Karriere","item":"https:\/\/lgigroup.com\/de-de\/karriere\/"},{"@type":"ListItem","position":3,"name":"Stellenangebote"}]},{"@type":"WebSite","@id":"https:\/\/lgigroup.com\/de-de\/#website","url":"https:\/\/lgigroup.com\/de-de\/","name":"LGI Group","description":"","publisher":{"@id":"https:\/\/lgigroup.com\/de-de\/#organization"},"potentialAction":[{"@type":"SearchAction","target":{"@type":"EntryPoint","urlTemplate":"https:\/\/lgigroup.com\/de-de\/?s={search_term_string}"},"query-input":{"@type":"PropertyValueSpecification","valueRequired":true,"valueName":"search_term_string"}}],"inLanguage":"de-de"},{"@type":"Organization","@id":"https:\/\/lgigroup.com\/de-de\/#organization","name":"LGI GmbH","url":"https:\/\/lgigroup.com\/de-de\/","logo":{"@type":"ImageObject","inLanguage":"de-de","@id":"https:\/\/lgigroup.com\/de-de\/#\/schema\/logo\/image\/","url":"https:\/\/lgigroup.com\/wp-content\/uploads\/2023\/01\/lgi-logo.png","contentUrl":"https:\/\/lgigroup.com\/wp-content\/uploads\/2023\/01\/lgi-logo.png","width":420,"height":200,"caption":"LGI GmbH"},"image":{"@id":"https:\/\/lgigroup.com\/de-de\/#\/schema\/logo\/image\/"}}]}},"_links":{"self":[{"href":"https:\/\/lgigroup.com\/de-de\/wp-json\/wp\/v2\/pages\/10318","targetHints":{"allow":["GET"]}}],"collection":[{"href":"https:\/\/lgigroup.com\/de-de\/wp-json\/wp\/v2\/pages"}],"about":[{"href":"https:\/\/lgigroup.com\/de-de\/wp-json\/wp\/v2\/types\/page"}],"author":[{"embeddable":true,"href":"https:\/\/lgigroup.com\/de-de\/wp-json\/wp\/v2\/users\/1"}],"replies":[{"embeddable":true,"href":"https:\/\/lgigroup.com\/de-de\/wp-json\/wp\/v2\/comments?post=10318"}],"version-history":[{"count":22,"href":"https:\/\/lgigroup.com\/de-de\/wp-json\/wp\/v2\/pages\/10318\/revisions"}],"predecessor-version":[{"id":26516,"href":"https:\/\/lgigroup.com\/de-de\/wp-json\/wp\/v2\/pages\/10318\/revisions\/26516"}],"up":[{"embeddable":true,"href":"https:\/\/lgigroup.com\/de-de\/wp-json\/wp\/v2\/pages\/119"}],"wp:attachment":[{"href":"https:\/\/lgigroup.com\/de-de\/wp-json\/wp\/v2\/media?parent=10318"}],"curies":[{"name":"wp","href":"https:\/\/api.w.org\/{rel}","templated":true}]}}