{"id":109,"date":"2022-12-22T14:40:01","date_gmt":"2022-12-22T13:40:01","guid":{"rendered":"https:\/\/lgigroup.com\/?page_id=109"},"modified":"2025-12-12T17:59:36","modified_gmt":"2025-12-12T16:59:36","slug":"historie","status":"publish","type":"page","link":"https:\/\/lgigroup.com\/de-de\/lgi-group\/historie\/","title":{"rendered":"Historie"},"content":{"rendered":"\r\n\t\t<section class=\"titelbild-section titelbild-block-id-69f0720aee883 titelbild-block-layout-\">\r\n            <div class=\"col-12 col-lg-12\">\r\n                <div class=\"full-bild\"> <img loading=\"lazy\" decoding=\"async\" width=\"1920\" height=\"700\" src=\"\/wp-content\/uploads\/2023\/01\/initial-building-of-lgi.jpg\" class=\"img-fluid\" alt=\"Initial building of the LGI\" srcset=\"\/wp-content\/uploads\/2023\/01\/initial-building-of-lgi.jpg 1920w, \/wp-content\/uploads\/2023\/01\/initial-building-of-lgi-300x109.jpg 300w, \/wp-content\/uploads\/2023\/01\/initial-building-of-lgi-1024x373.jpg 1024w, \/wp-content\/uploads\/2023\/01\/initial-building-of-lgi-768x280.jpg 768w, \/wp-content\/uploads\/2023\/01\/initial-building-of-lgi-1536x560.jpg 1536w\" sizes=\"auto, (max-width: 1920px) 100vw, 1920px\" \/><\/div>\r\n                <div class=\"bild-title container\">\r\n                    <div class=\"row\">\r\n                                <div class=\"col\">\r\n                                    <p class=\"headline wt-h1\">Die LGI Historie<\/p>\r\n                                <\/div>                                        \r\n                            <\/div> \r\n                <\/div>\r\n            <\/div>\r\n        <\/section>\r\n\t\n\n            \r\n        <div class=\"spacing-block large spacing-block-id-69f0720aef13d\" >                                     \r\n                  <div class=\"large-space\">   \r\n                  <\/div>                      \r\n        <\/div>\n\n\r\n                <div class=\"headline-block \">\r\n                    \r\n                        <div class=\"container\">                            \r\n                            <div class=\"row\">\r\n                        <div class=\"col\">\r\n                            <h1 class=\"wt-subheadline wt-sl sub-headline-align\">LGI von 1995 bis heute<\/h1>\r\n                        <\/div>\r\n                    <\/div>\r\n                            \r\n                            <div class=\"row\">\r\n                                <div class=\"col\">\r\n                                    <h2 class=\"wt-h1 wt-font-color-dark-grey\">Eine logistische Erfolgsgeschichte<\/h2>\r\n                                <\/div>                                        \r\n                            <\/div>                                                                                                    \r\n                        <\/div>                                \r\n                <\/div>\r\n            \n\n            \r\n        <div class=\"spacing-block extrasmall spacing-block-id-69f0720aef39a\" >                                     \r\n                  <div class=\"extra-small-space\">   \r\n                  <\/div>                      \r\n        <\/div>\n\n   \r\n    \r\n    <div class=\"grey-line-block grey-line-block-id-69f0720aef4ac\">\r\n        \r\n        <div class=\"container\">\r\n            <div class=\"row\">\r\n                <div class=\"col test\">\r\n                    <div class=\"grey-line-block-line\"><\/div>\r\n                <\/div>                \r\n            <\/div>\r\n        <\/div>\r\n        \r\n    <\/div>\n\n            \r\n        <div class=\"spacing-block extralarge spacing-block-id-69f0720aef5af\" >                                     \r\n                  <div class=\"extra-large-space\">   \r\n                  <\/div>                      \r\n        <\/div>\n\n\r\n        <section class=\"timeline-section\">\r\n        \t<div class=\"container\">\r\n            <div class=\"row timeline-content-wrapper\">\r\n            <div class=\"wt-timeline\">\r\n\t\t    <span class=\"default-line\"><\/span>\r\n\t\t    <span class=\"draw-line\"><\/span>\r\n\t\t      <ul>\r\n            <li>   \r\n                <div class=\"timeline-details\">  \r\n                    <div class=\"timeline wt-card\">\r\n                        <div class=\"image-area\">\r\n                            <div class=\"image\">\r\n                                <img loading=\"lazy\" decoding=\"async\" width=\"660\" height=\"280\" src=\"\/wp-content\/uploads\/2023\/01\/founding-building-lgi-herrenberg-1995.jpg\" class=\"wt-card-img-top\" alt=\"Gr\u00fcndungsgeb\u00e4uder der LGI in Herrenberg 1995\" srcset=\"\/wp-content\/uploads\/2023\/01\/founding-building-lgi-herrenberg-1995.jpg 660w, \/wp-content\/uploads\/2023\/01\/founding-building-lgi-herrenberg-1995-300x127.jpg 300w\" sizes=\"auto, (max-width: 660px) 100vw, 660px\" \/>\r\n                            <\/div>\r\n                           <div class=\"year\">\r\n                                <p class=\"wt-hl\">\r\n                                  <span class=\"wt-bh wt-font-color-dark-grey d-none\">Ab<\/span>  \r\n                                   1995\r\n                                <\/p>\r\n                            <\/div>\r\n                        <\/div> \r\n                        <div class=\"content-area\">\r\n                            <p class=\"description wt-t\">Am 1. Juni wird in Herrenberg\/B\u00f6blingen bei Stuttgart das Unternehmen LGI aus der Hewlett-Packard Deutschland GmbH gegr\u00fcndet. Start des Lieferanten-Logistik-Zentrums im Gesch\u00e4ftsbereich <a href=\"\/de-de\/branchen\/automotive\/\">Automotive<\/a>.<\/p>\r\n                        <\/div>\r\n                    <\/div>\r\n                <\/div>\r\n            <\/li>\r\n            <li>   \r\n                <div class=\"timeline-details\">  \r\n                    <div class=\"timeline wt-card\">\r\n                        <div class=\"image-area\">\r\n                            <div class=\"image\">\r\n                                <img loading=\"lazy\" decoding=\"async\" width=\"660\" height=\"280\" src=\"\/wp-content\/uploads\/2023\/01\/person-at-computer-production-1997.jpg\" class=\"wt-card-img-top\" alt=\"Person an Computerproduktion\" srcset=\"\/wp-content\/uploads\/2023\/01\/person-at-computer-production-1997.jpg 660w, \/wp-content\/uploads\/2023\/01\/person-at-computer-production-1997-300x127.jpg 300w\" sizes=\"auto, (max-width: 660px) 100vw, 660px\" \/>\r\n                            <\/div>\r\n                           <div class=\"year\">\r\n                                <p class=\"wt-hl\">\r\n                                  <span class=\"wt-bh wt-font-color-dark-grey \">Ab<\/span>  \r\n                                   1997\r\n                                <\/p>\r\n                            <\/div>\r\n                        <\/div> \r\n                        <div class=\"content-area\">\r\n                            <p class=\"description wt-t\">Beginn mit Produktionsdienstleistungen rund um die Computer-Produktion wie z. B. Workstation-Endmontage in Herrenberg. Start der Distributions- und <a href=\"\/de-de\/glossar\/ersatzteillogistik\/\">Ersatzteillogistik<\/a> sowie des Reparaturzentrums f\u00fcr chemische Analyse-Ger\u00e4te.<\/p>\r\n                        <\/div>\r\n                    <\/div>\r\n                <\/div>\r\n            <\/li>\r\n            <li>   \r\n                <div class=\"timeline-details\">  \r\n                    <div class=\"timeline wt-card\">\r\n                        <div class=\"image-area\">\r\n                            <div class=\"image\">\r\n                                <img loading=\"lazy\" decoding=\"async\" width=\"660\" height=\"280\" src=\"\/wp-content\/uploads\/2023\/01\/person-repairs-medical-technology-lgi-2001.jpg\" class=\"wt-card-img-top\" alt=\"Person repariert Medizintechnik LGI 2001\" srcset=\"\/wp-content\/uploads\/2023\/01\/person-repairs-medical-technology-lgi-2001.jpg 660w, \/wp-content\/uploads\/2023\/01\/person-repairs-medical-technology-lgi-2001-300x127.jpg 300w\" sizes=\"auto, (max-width: 660px) 100vw, 660px\" \/>\r\n                            <\/div>\r\n                           <div class=\"year\">\r\n                                <p class=\"wt-hl\">\r\n                                  <span class=\"wt-bh wt-font-color-dark-grey \">Ab<\/span>  \r\n                                   2001\r\n                                <\/p>\r\n                            <\/div>\r\n                        <\/div> \r\n                        <div class=\"content-area\">\r\n                            <p class=\"description wt-t\">Gr\u00fcndung der Gesch\u00e4ftsbereiche <a href=\"\/de-de\/branchen\/healthcare\/\">Health Care<\/a> &amp; Life Science sowie <a href=\"\/de-de\/end-to-end-loesungen\/unsere-geschaeftsmodelle\/technical-logistics-scs-lcm\/\">Supply-Chain-Solutions<\/a>. Ausbau der stark wachsenden Lokalisierung und Konfektionierung von IT-Hardware. Erster Auslandsstandort in England. Weitere folgen in Polen, Schweden, Spanien, Tschechien und Ungarn.<\/p>\r\n                        <\/div>\r\n                    <\/div>\r\n                <\/div>\r\n            <\/li>\r\n            <li>   \r\n                <div class=\"timeline-details\">  \r\n                    <div class=\"timeline wt-card\">\r\n                        <div class=\"image-area\">\r\n                            <div class=\"image\">\r\n                                <img loading=\"lazy\" decoding=\"async\" width=\"660\" height=\"280\" src=\"\/wp-content\/uploads\/2023\/02\/lgi-trucks-for-europe-wide-freight-forwarding-2006.jpg\" class=\"wt-card-img-top\" alt=\"LGI trucks for europe wide freight forwarding - LGI 2006\" srcset=\"\/wp-content\/uploads\/2023\/02\/lgi-trucks-for-europe-wide-freight-forwarding-2006.jpg 660w, \/wp-content\/uploads\/2023\/02\/lgi-trucks-for-europe-wide-freight-forwarding-2006-300x127.jpg 300w\" sizes=\"auto, (max-width: 660px) 100vw, 660px\" \/>\r\n                            <\/div>\r\n                           <div class=\"year\">\r\n                                <p class=\"wt-hl\">\r\n                                  <span class=\"wt-bh wt-font-color-dark-grey \">Ab<\/span>  \r\n                                   2006\r\n                                <\/p>\r\n                            <\/div>\r\n                        <\/div> \r\n                        <div class=\"content-area\">\r\n                            <p class=\"description wt-t\">Umzug der Drucker-Distributionslogistik von Bondorf nach H\u00fcnxe und Erweiterung der Logistiklagerfl\u00e4che auf 60.000 Quadratmeter. Erwerb einer Flotte mit 250 Lkw, Start des Werks- und Nahverkehrs sowie der europaweiten <a href=\"\/de-de\/glossar\/gebietsspedition\/\">Gebietsspedition<\/a>.<\/p>\r\n                        <\/div>\r\n                    <\/div>\r\n                <\/div>\r\n            <\/li>\r\n            <li>   \r\n                <div class=\"timeline-details\">  \r\n                    <div class=\"timeline wt-card\">\r\n                        <div class=\"image-area\">\r\n                            <div class=\"image\">\r\n                                <img loading=\"lazy\" decoding=\"async\" width=\"660\" height=\"280\" src=\"\/wp-content\/uploads\/2023\/01\/person-handing-over-parcels-lgi-2011.jpg\" class=\"wt-card-img-top\" alt=\"Person \u00fcbergibt Pakete - LGIs Online Paketservice\" srcset=\"\/wp-content\/uploads\/2023\/01\/person-handing-over-parcels-lgi-2011.jpg 660w, \/wp-content\/uploads\/2023\/01\/person-handing-over-parcels-lgi-2011-300x127.jpg 300w\" sizes=\"auto, (max-width: 660px) 100vw, 660px\" \/>\r\n                            <\/div>\r\n                           <div class=\"year\">\r\n                                <p class=\"wt-hl\">\r\n                                  <span class=\"wt-bh wt-font-color-dark-grey \">Ab<\/span>  \r\n                                   2011\r\n                                <\/p>\r\n                            <\/div>\r\n                        <\/div> \r\n                        <div class=\"content-area\">\r\n                            <p class=\"description wt-t\">Start der Innovation pakadoo \u2013 komfortable Online-Paketdienstleistungen. Erwerb der ITG GmbH Internationale Spedition und Logistik. Erweiterung des Produkt- und Serviceportfolios um Fashion &amp; <a href=\"\/de-de\/branchen\/lifestyle\/\">Lifestyle<\/a> Logistik sowie <a href=\"\/de-de\/end-to-end-loesungen\/unsere-geschaeftsmodelle\/luft-und-seefracht\/\">Luft- &amp; Seefracht<\/a>.<\/p>\r\n                        <\/div>\r\n                    <\/div>\r\n                <\/div>\r\n            <\/li>\r\n            <li>   \r\n                <div class=\"timeline-details\">  \r\n                    <div class=\"timeline wt-card\">\r\n                        <div class=\"image-area\">\r\n                            <div class=\"image\">\r\n                                <img loading=\"lazy\" decoding=\"async\" width=\"660\" height=\"280\" src=\"\/wp-content\/uploads\/2023\/01\/elanders-logo-shareholder-of-lgi-2016.jpg\" class=\"wt-card-img-top\" alt=\"Elanders Logo - Gesellschafter der LGI 2016\" srcset=\"\/wp-content\/uploads\/2023\/01\/elanders-logo-shareholder-of-lgi-2016.jpg 660w, \/wp-content\/uploads\/2023\/01\/elanders-logo-shareholder-of-lgi-2016-300x127.jpg 300w\" sizes=\"auto, (max-width: 660px) 100vw, 660px\" \/>\r\n                            <\/div>\r\n                           <div class=\"year\">\r\n                                <p class=\"wt-hl\">\r\n                                  <span class=\"wt-bh wt-font-color-dark-grey \">Ab<\/span>  \r\n                                   2016\r\n                                <\/p>\r\n                            <\/div>\r\n                        <\/div> \r\n                        <div class=\"content-area\">\r\n                            <p class=\"description wt-t\">Die Elanders AB in Schweden, globaler Anbieter f\u00fcr Supply-Chain-Management, Print &amp; Packaging, wird neuer LGI Gesellschafter. Betreiben des ersten Webshops und weitere <a href=\"\/de-de\/end-to-end-loesungen\/unsere-geschaeftsmodelle\/e-commerce\/\">E-Commerce-Aktivit\u00e4ten<\/a>. Einsatz des ersten E-Lkw in Freiberg am Neckar.<\/p>\r\n                        <\/div>\r\n                    <\/div>\r\n                <\/div>\r\n            <\/li>\r\n            <li>   \r\n                <div class=\"timeline-details\">  \r\n                    <div class=\"timeline wt-card\">\r\n                        <div class=\"image-area\">\r\n                            <div class=\"image\">\r\n                                <img loading=\"lazy\" decoding=\"async\" width=\"660\" height=\"280\" src=\"\/wp-content\/uploads\/2023\/01\/itg-air-sea-people-with-aircraft-2020-lgi.jpg\" class=\"wt-card-img-top\" alt=\"ITG Air &amp; Sea Personen mit Flugzeugen im Hintergrund\" srcset=\"\/wp-content\/uploads\/2023\/01\/itg-air-sea-people-with-aircraft-2020-lgi.jpg 660w, \/wp-content\/uploads\/2023\/01\/itg-air-sea-people-with-aircraft-2020-lgi-300x127.jpg 300w\" sizes=\"auto, (max-width: 660px) 100vw, 660px\" \/>\r\n                            <\/div>\r\n                           <div class=\"year\">\r\n                                <p class=\"wt-hl\">\r\n                                  <span class=\"wt-bh wt-font-color-dark-grey \">Ab<\/span>  \r\n                                   2020\r\n                                <\/p>\r\n                            <\/div>\r\n                        <\/div> \r\n                        <div class=\"content-area\">\r\n                            <p class=\"description wt-t\">Gru\u0308ndung eines Joint Ventures zwischen der ITG und Dimerco, eines Logistikunternehmens mit Sitz in Taiwan.<\/p>\r\n                        <\/div>\r\n                    <\/div>\r\n                <\/div>\r\n            <\/li>  <\/ul>  \r\n            <link rel=\"stylesheet\" id=\"TimelineBlock-css\" href=\"\/wp-content\/themes\/lgi\/css\/blocks\/wt-TimelineBlock.css\" type=\"text\/css\" media=\"all\">\r\n                <\/div>               \r\n            <\/div>\r\n            <\/div> \r\n        <\/section>\n\n            \r\n        <div class=\"spacing-block extralarge spacing-block-id-69f0720af24cc\" >                                     \r\n                  <div class=\"extra-large-space\">   \r\n                  <\/div>                      \r\n        <\/div>","protected":false},"excerpt":{"rendered":"","protected":false},"author":1,"featured_media":0,"parent":103,"menu_order":0,"comment_status":"closed","ping_status":"closed","template":"","meta":{"footnotes":""},"class_list":["post-109","page","type-page","status-publish","hentry"],"yoast_head":"<!-- This site is optimized with the Yoast SEO plugin v27.3 - https:\/\/yoast.com\/product\/yoast-seo-wordpress\/ -->\n<title>Die Geschichte der LGI - von 1995 bis heute<\/title>\n<meta name=\"description\" content=\"Erfahre die komplette LGI Geschichte - von der Gr\u00fcndung bis zur Expandierung und Ausbau der Leistungen. Mehr erfahren.\" \/>\n<meta name=\"robots\" content=\"index, follow, max-snippet:-1, max-image-preview:large, max-video-preview:-1\" \/>\n<link rel=\"canonical\" href=\"https:\/\/lgigroup.com\/de-de\/wp-json\/wp\/v2\/pages\/109\" \/>\n<meta property=\"og:locale\" content=\"de_DE\" \/>\n<meta property=\"og:type\" content=\"article\" \/>\n<meta property=\"og:title\" content=\"Die Geschichte der LGI - von 1995 bis heute\" \/>\n<meta property=\"og:description\" content=\"Erfahre die komplette LGI Geschichte - von der Gr\u00fcndung bis zur Expandierung und Ausbau der Leistungen. Mehr erfahren.\" \/>\n<meta property=\"og:url\" content=\"https:\/\/lgigroup.com\/de-de\/lgi-group\/historie\/\" \/>\n<meta property=\"og:site_name\" content=\"LGI Group\" \/>\n<meta property=\"article:modified_time\" content=\"2025-12-12T16:59:36+00:00\" \/>\n<meta name=\"twitter:card\" content=\"summary_large_image\" \/>\n<script type=\"application\/ld+json\" class=\"yoast-schema-graph\">{\"@context\":\"https:\\\/\\\/schema.org\",\"@graph\":[{\"@type\":\"WebPage\",\"@id\":\"https:\\\/\\\/lgigroup.com\\\/de-de\\\/lgi-group\\\/historie\\\/\",\"url\":\"https:\\\/\\\/lgigroup.com\\\/de-de\\\/lgi-group\\\/historie\\\/\",\"name\":\"Die Geschichte der LGI - von 1995 bis heute\",\"isPartOf\":{\"@id\":\"https:\\\/\\\/lgigroup.com\\\/de-de\\\/#website\"},\"datePublished\":\"2022-12-22T13:40:01+00:00\",\"dateModified\":\"2025-12-12T16:59:36+00:00\",\"description\":\"Erfahre die komplette LGI Geschichte - von der Gr\u00fcndung bis zur Expandierung und Ausbau der Leistungen. Mehr erfahren.\",\"breadcrumb\":{\"@id\":\"https:\\\/\\\/lgigroup.com\\\/de-de\\\/lgi-group\\\/historie\\\/#breadcrumb\"},\"inLanguage\":\"de-de\",\"potentialAction\":[{\"@type\":\"ReadAction\",\"target\":[\"https:\\\/\\\/lgigroup.com\\\/de-de\\\/lgi-group\\\/historie\\\/\"]}]},{\"@type\":\"BreadcrumbList\",\"@id\":\"https:\\\/\\\/lgigroup.com\\\/de-de\\\/lgi-group\\\/historie\\\/#breadcrumb\",\"itemListElement\":[{\"@type\":\"ListItem\",\"position\":1,\"name\":\"Startseite\",\"item\":\"https:\\\/\\\/lgigroup.com\\\/de-de\\\/\"},{\"@type\":\"ListItem\",\"position\":2,\"name\":\"LGI Group\",\"item\":\"https:\\\/\\\/lgigroup.com\\\/de-de\\\/lgi-group\\\/\"},{\"@type\":\"ListItem\",\"position\":3,\"name\":\"Historie\"}]},{\"@type\":\"WebSite\",\"@id\":\"https:\\\/\\\/lgigroup.com\\\/de-de\\\/#website\",\"url\":\"https:\\\/\\\/lgigroup.com\\\/de-de\\\/\",\"name\":\"LGI Group\",\"description\":\"\",\"publisher\":{\"@id\":\"https:\\\/\\\/lgigroup.com\\\/de-de\\\/#organization\"},\"potentialAction\":[{\"@type\":\"SearchAction\",\"target\":{\"@type\":\"EntryPoint\",\"urlTemplate\":\"https:\\\/\\\/lgigroup.com\\\/de-de\\\/?s={search_term_string}\"},\"query-input\":{\"@type\":\"PropertyValueSpecification\",\"valueRequired\":true,\"valueName\":\"search_term_string\"}}],\"inLanguage\":\"de-de\"},{\"@type\":\"Organization\",\"@id\":\"https:\\\/\\\/lgigroup.com\\\/de-de\\\/#organization\",\"name\":\"LGI GmbH\",\"url\":\"https:\\\/\\\/lgigroup.com\\\/de-de\\\/\",\"logo\":{\"@type\":\"ImageObject\",\"inLanguage\":\"de-de\",\"@id\":\"https:\\\/\\\/lgigroup.com\\\/de-de\\\/#\\\/schema\\\/logo\\\/image\\\/\",\"url\":\"https:\\\/\\\/lgigroup.com\\\/wp-content\\\/uploads\\\/2023\\\/01\\\/lgi-logo.png\",\"contentUrl\":\"https:\\\/\\\/lgigroup.com\\\/wp-content\\\/uploads\\\/2023\\\/01\\\/lgi-logo.png\",\"width\":420,\"height\":200,\"caption\":\"LGI GmbH\"},\"image\":{\"@id\":\"https:\\\/\\\/lgigroup.com\\\/de-de\\\/#\\\/schema\\\/logo\\\/image\\\/\"}}]}<\/script>\n<!-- \/ Yoast SEO plugin. -->","yoast_head_json":{"title":"Die Geschichte der LGI - von 1995 bis heute","description":"Erfahre die komplette LGI Geschichte - von der Gr\u00fcndung bis zur Expandierung und Ausbau der Leistungen. Mehr erfahren.","robots":{"index":"index","follow":"follow","max-snippet":"max-snippet:-1","max-image-preview":"max-image-preview:large","max-video-preview":"max-video-preview:-1"},"canonical":"https:\/\/lgigroup.com\/de-de\/wp-json\/wp\/v2\/pages\/109","og_locale":"de_DE","og_type":"article","og_title":"Die Geschichte der LGI - von 1995 bis heute","og_description":"Erfahre die komplette LGI Geschichte - von der Gr\u00fcndung bis zur Expandierung und Ausbau der Leistungen. Mehr erfahren.","og_url":"https:\/\/lgigroup.com\/de-de\/lgi-group\/historie\/","og_site_name":"LGI Group","article_modified_time":"2025-12-12T16:59:36+00:00","twitter_card":"summary_large_image","schema":{"@context":"https:\/\/schema.org","@graph":[{"@type":"WebPage","@id":"https:\/\/lgigroup.com\/de-de\/lgi-group\/historie\/","url":"https:\/\/lgigroup.com\/de-de\/lgi-group\/historie\/","name":"Die Geschichte der LGI - von 1995 bis heute","isPartOf":{"@id":"https:\/\/lgigroup.com\/de-de\/#website"},"datePublished":"2022-12-22T13:40:01+00:00","dateModified":"2025-12-12T16:59:36+00:00","description":"Erfahre die komplette LGI Geschichte - von der Gr\u00fcndung bis zur Expandierung und Ausbau der Leistungen. Mehr erfahren.","breadcrumb":{"@id":"https:\/\/lgigroup.com\/de-de\/lgi-group\/historie\/#breadcrumb"},"inLanguage":"de-de","potentialAction":[{"@type":"ReadAction","target":["https:\/\/lgigroup.com\/de-de\/lgi-group\/historie\/"]}]},{"@type":"BreadcrumbList","@id":"https:\/\/lgigroup.com\/de-de\/lgi-group\/historie\/#breadcrumb","itemListElement":[{"@type":"ListItem","position":1,"name":"Startseite","item":"https:\/\/lgigroup.com\/de-de\/"},{"@type":"ListItem","position":2,"name":"LGI Group","item":"https:\/\/lgigroup.com\/de-de\/lgi-group\/"},{"@type":"ListItem","position":3,"name":"Historie"}]},{"@type":"WebSite","@id":"https:\/\/lgigroup.com\/de-de\/#website","url":"https:\/\/lgigroup.com\/de-de\/","name":"LGI Group","description":"","publisher":{"@id":"https:\/\/lgigroup.com\/de-de\/#organization"},"potentialAction":[{"@type":"SearchAction","target":{"@type":"EntryPoint","urlTemplate":"https:\/\/lgigroup.com\/de-de\/?s={search_term_string}"},"query-input":{"@type":"PropertyValueSpecification","valueRequired":true,"valueName":"search_term_string"}}],"inLanguage":"de-de"},{"@type":"Organization","@id":"https:\/\/lgigroup.com\/de-de\/#organization","name":"LGI GmbH","url":"https:\/\/lgigroup.com\/de-de\/","logo":{"@type":"ImageObject","inLanguage":"de-de","@id":"https:\/\/lgigroup.com\/de-de\/#\/schema\/logo\/image\/","url":"https:\/\/lgigroup.com\/wp-content\/uploads\/2023\/01\/lgi-logo.png","contentUrl":"https:\/\/lgigroup.com\/wp-content\/uploads\/2023\/01\/lgi-logo.png","width":420,"height":200,"caption":"LGI GmbH"},"image":{"@id":"https:\/\/lgigroup.com\/de-de\/#\/schema\/logo\/image\/"}}]}},"_links":{"self":[{"href":"https:\/\/lgigroup.com\/de-de\/wp-json\/wp\/v2\/pages\/109","targetHints":{"allow":["GET"]}}],"collection":[{"href":"https:\/\/lgigroup.com\/de-de\/wp-json\/wp\/v2\/pages"}],"about":[{"href":"https:\/\/lgigroup.com\/de-de\/wp-json\/wp\/v2\/types\/page"}],"author":[{"embeddable":true,"href":"https:\/\/lgigroup.com\/de-de\/wp-json\/wp\/v2\/users\/1"}],"replies":[{"embeddable":true,"href":"https:\/\/lgigroup.com\/de-de\/wp-json\/wp\/v2\/comments?post=109"}],"version-history":[{"count":11,"href":"https:\/\/lgigroup.com\/de-de\/wp-json\/wp\/v2\/pages\/109\/revisions"}],"predecessor-version":[{"id":29550,"href":"https:\/\/lgigroup.com\/de-de\/wp-json\/wp\/v2\/pages\/109\/revisions\/29550"}],"up":[{"embeddable":true,"href":"https:\/\/lgigroup.com\/de-de\/wp-json\/wp\/v2\/pages\/103"}],"wp:attachment":[{"href":"https:\/\/lgigroup.com\/de-de\/wp-json\/wp\/v2\/media?parent=109"}],"curies":[{"name":"wp","href":"https:\/\/api.w.org\/{rel}","templated":true}]}}