{"id":1164,"date":"2023-01-12T09:17:37","date_gmt":"2023-01-12T08:17:37","guid":{"rendered":"https:\/\/lgigroup.com\/?page_id=1164"},"modified":"2026-03-30T19:27:46","modified_gmt":"2026-03-30T17:27:46","slug":"lgi","status":"publish","type":"page","link":"https:\/\/lgigroup.com\/de-de\/end-to-end-loesungen\/unsere-marken\/lgi\/","title":{"rendered":"LGI"},"content":{"rendered":"\r\n\t\t<section class=\"titelbild-section titelbild-block-id-69e01378b5bfd titelbild-block-layout-\">\r\n            <div class=\"col-12 col-lg-12\">\r\n                <div class=\"full-bild\"> <img loading=\"lazy\" decoding=\"async\" width=\"1920\" height=\"700\" src=\"\/wp-content\/uploads\/2023\/01\/lgi-logisitc-building.jpg\" class=\"img-fluid\" alt=\"LGI Logistik-Geb\u00e4ude\" srcset=\"\/wp-content\/uploads\/2023\/01\/lgi-logisitc-building.jpg 1920w, \/wp-content\/uploads\/2023\/01\/lgi-logisitc-building-300x109.jpg 300w, \/wp-content\/uploads\/2023\/01\/lgi-logisitc-building-1024x373.jpg 1024w, \/wp-content\/uploads\/2023\/01\/lgi-logisitc-building-768x280.jpg 768w, \/wp-content\/uploads\/2023\/01\/lgi-logisitc-building-1536x560.jpg 1536w\" sizes=\"auto, (max-width: 1920px) 100vw, 1920px\" \/><\/div>\r\n                <div class=\"bild-title container\">\r\n                    <div class=\"row\">\r\n                                <div class=\"col\">\r\n                                    <p class=\"headline wt-h1\"><\/p>\r\n                                <\/div>                                        \r\n                            <\/div> \r\n                <\/div>\r\n            <\/div>\r\n        <\/section>\r\n\t\n\n            \r\n        <div class=\"spacing-block large spacing-block-id-69e01378b6190\" >                                     \r\n                  <div class=\"large-space\">   \r\n                  <\/div>                      \r\n        <\/div>\n\n\r\n                <div class=\"headline-block \">\r\n                    \r\n                        <div class=\"container\">                            \r\n                            \r\n                            \r\n                            <div class=\"row\">\r\n                                <div class=\"col\">\r\n                                    <h1 class=\"wt-h1 wt-font-color-dark-grey\">LGI Logistics Group International GmbH<\/h1>\r\n                                <\/div>                                        \r\n                            <\/div>                                                                                                    \r\n                        <\/div>                                \r\n                <\/div>\r\n            \n\n            \r\n        <div class=\"spacing-block extrasmall spacing-block-id-69e01378b632d\" >                                     \r\n                  <div class=\"extra-small-space\">   \r\n                  <\/div>                      \r\n        <\/div>\n\n   \r\n    \r\n    <div class=\"grey-line-block grey-line-block-id-69e01378b6414\">\r\n        \r\n        <div class=\"container\">\r\n            <div class=\"row\">\r\n                <div class=\"col test\">\r\n                    <div class=\"grey-line-block-line\"><\/div>\r\n                <\/div>                \r\n            <\/div>\r\n        <\/div>\r\n        \r\n    <\/div>\n\n            \r\n        <div class=\"spacing-block small spacing-block-id-69e01378b64d8\" >                                     \r\n                  <div class=\"small-space\">   \r\n                  <\/div>                      \r\n        <\/div>\n\n\n<div class=\"wp-block-group container\"><div class=\"wp-block-group__inner-container is-layout-constrained wp-block-group-is-layout-constrained\">\n<p>Im Jahr 1995 von Hewlett-Packard gegr\u00fcndet, blicken wir nun auf 27 Jahre Top Performance zur\u00fcck \u2013 von den gr\u00f6\u00dften der Gro\u00dfen \u00fcber hochspezialisierte Mittelst\u00e4ndler zu kleinen Webshops \u2013 es gibt nichts, was wir uns nicht zutrauen. Die wichtigste Grundlage f\u00fcr unseren Erfolg ist der hohe Grad an Spezialisierung: Dabei denken wir stets digital und stellen den Kunden ins Zentrum.&nbsp;<\/p>\n\n\n\n<p>Wir bieten flexible End-to-End-Demand-Chain-L\u00f6sungen mit einem hohen Ma\u00df an <a href=\"\/de-de\/end-to-end-loesungen\/unsere-geschaeftsmodelle\/vas\/\">Value Added Services<\/a> an und verstehen unsere Kunden als langfristige Partner. Dabei sind wir f\u00fcr Unternehmen aus den Bereichen <a href=\"\/de-de\/branchen\/mobility\/\">Mobility<\/a> &amp; <a href=\"\/de-de\/branchen\/industrie\/\">Industrial<\/a>, <a href=\"\/de-de\/branchen\/elektronik\/\">Electronics<\/a> &amp; <a href=\"\/de-de\/branchen\/healthcare\/\">Healthcare<\/a>, <a href=\"\/de-de\/branchen\/textil\/\">Fashion<\/a> &amp; <a href=\"\/de-de\/branchen\/lifestyle\/\">Lifestyle<\/a> und <a href=\"\/de-de\/end-to-end-loesungen\/unsere-geschaeftsmodelle\/e-commerce\/\">E-Commerce<\/a> in der ganzen Welt unterwegs.&nbsp;<\/p>\n\n\n\n<p>Wichtiger Bestandteil unserer Zukunftsstrategie ist das Thema Nachhaltigkeit. Wir glauben fest daran, dass die Logistik der Zukunft einen neutralen CO\u00b2-Fu\u00dfabdruck haben muss und sind bereit, alles daf\u00fcr zu geben.<\/p>\n<\/div><\/div>\n\n\n            \r\n        <div class=\"spacing-block small spacing-block-id-69e01378b7730\" >                                     \r\n                  <div class=\"small-space\">   \r\n                  <\/div>                      \r\n        <\/div>\n\n\n<div class=\"wp-block-group container\"><div class=\"wp-block-group__inner-container is-layout-constrained wp-block-group-is-layout-constrained\">\n<div class=\"wp-block-columns is-layout-flex wp-container-core-columns-is-layout-9d6595d7 wp-block-columns-is-layout-flex\">\n<div class=\"wp-block-column is-layout-flow wp-block-column-is-layout-flow\">\r\n                <div class=\"headline-block \">\r\n                    \r\n                        <h2 class=\"wt-subheadline wt-sl\">Unsere L\u00f6sungen verhindern die Probleme von morgen <\/h2>\r\n                            \r\n                        \r\n                                                            \r\n                <\/div>\r\n            \n\n            \r\n        <div class=\"spacing-block doublesmall spacing-block-id-69e01378b78d9\" >                                     \r\n                  <div class=\"double-small-space\">   \r\n                  <\/div>                      \r\n        <\/div>\n\n\n<p>Wir bieten Supply-Chain- und Logistikl\u00f6sungen, die die gesamte Nachfrage- und Lieferkette abdecken: Erstellen von E-Commerce-Plattformen und Steuerung des Auftragsmanagements, Import, sowie <a href=\"\/de-de\/end-to-end-loesungen\/unsere-geschaeftsmodelle\/luft-und-seefracht\/\">Luft- und Seefracht<\/a>, Abholung und Transport von Waren, Management der gesamten Lieferkette, Value Added Services wie Vormontagen oder Konfiguration von Komponenten, Installation vor Ort, Reparatur und Aufarbeitung sowie die Lieferung an den Kunden.&nbsp;&nbsp;<\/p>\n<\/div>\n\n\n\n<div class=\"wp-block-column is-layout-flow wp-block-column-is-layout-flow\">\r\n                <div class=\"headline-block \">\r\n                    \r\n                        <h2 class=\"wt-subheadline wt-sl\">Wir haben Logistik im Blut  <\/h2>\r\n                            \r\n                        \r\n                                                            \r\n                <\/div>\r\n            \n\n            \r\n        <div class=\"spacing-block doublesmall spacing-block-id-69e01378b7ac3\" >                                     \r\n                  <div class=\"double-small-space\">   \r\n                  <\/div>                      \r\n        <\/div>\n\n\n<p>Bei der LGI wird Logistik von mehr als 5.000 Mitarbeitenden an \u00fcber 45 <a href=\"\/de-de\/standorte\/\">Standorten<\/a> weltweit gelebt. Die LGI ist eines der f\u00fchrenden Unternehmen in der europ\u00e4ischen Kontraktlogistik und Teil der schwedischen Elanders Gruppe, einem globalen Anbieter von Supply-Chain-Management und Druck- und Verpackungsl\u00f6sungen.<\/p>\n<\/div>\n<\/div>\n<\/div><\/div>\n\n\n            \r\n        <div class=\"spacing-block small spacing-block-id-69e01378b7e4e\" >                                     \r\n                  <div class=\"small-space\">   \r\n                  <\/div>                      \r\n        <\/div>\n\n   \r\n    \r\n    <section id=\"Contact-person\" class=\"contact-person-block contact-person-block-id-69e01378b7f15 encoded-email\" data-idcp=\"6123\" data-mail=\"bWFydGluYV93ZWloaW5nQGxnaS5kZQ==\">\r\n    \r\n        \r\n        <div class=\"contact-person-bg-img-wrapper\">\r\n            <img loading=\"lazy\" decoding=\"async\" width=\"1920\" height=\"500\" src=\"\/wp-content\/uploads\/2023\/01\/lgi-location-holland.jpg\" class=\"img-fluid bg-image\" alt=\"LGI holland building\" srcset=\"\/wp-content\/uploads\/2023\/01\/lgi-location-holland.jpg 1920w, \/wp-content\/uploads\/2023\/01\/lgi-location-holland-300x78.jpg 300w, \/wp-content\/uploads\/2023\/01\/lgi-location-holland-1024x267.jpg 1024w, \/wp-content\/uploads\/2023\/01\/lgi-location-holland-768x200.jpg 768w, \/wp-content\/uploads\/2023\/01\/lgi-location-holland-1536x400.jpg 1536w\" sizes=\"auto, (max-width: 1920px) 100vw, 1920px\" \/>\r\n        <\/div>\r\n        \r\n        <div class=\"container contact-person-content-wrapper\">\r\n            <div class=\"row\">\r\n                <div class=\"col-12 col-lg-6 contact-person-text-wrapper contact-text-align\">\r\n                    <span class=\"wt-bh\">Ihr Kontakt zu LGI<\/span>\r\n                    <span class=\"wt-hl wt-big-string\">Wie d\u00fcrfen wir Ihnen <span class='wt-font-color-white'>helfen?<\/span><\/span>\r\n                <\/div>\r\n                <div class=\"col-12 col-lg-6 order-first order-lg-last contact-person-img-wrapper\">\r\n                    <div>\r\n                        <div class=\"contact-person-wrapper contact-person\">\r\n                            <div class=\"d-flex align-items-stretch\">\r\n                                <div class=\"image-section\">\r\n                                    <img loading=\"lazy\" decoding=\"async\" width=\"540\" height=\"500\" src=\"\/wp-content\/uploads\/2023\/01\/lgi-contact-person-weihing-martina.png\" class=\"img-fluid\" alt=\"Martina Weihing - LGI contact person\" srcset=\"\/wp-content\/uploads\/2023\/01\/lgi-contact-person-weihing-martina.png 540w, \/wp-content\/uploads\/2023\/01\/lgi-contact-person-weihing-martina-300x278.png 300w\" sizes=\"auto, (max-width: 540px) 100vw, 540px\" \/>\r\n                                <\/div>\r\n                                <div class=\"pe-3 pe-sm-0 ps-3 ps-xl-3 d-flex flex-column justify-content-end content-section\">\r\n                                    <p class=\"wt-sl\">Ihr Kontakt<\/p>\r\n                                \r\n                                    <p class=\"text-sec wt-text-sec\">\r\n                                        <span>Chief Revenue Officer<\/span><br>\r\n                                         Martina Weihing<br>\r\n                                        <a class=\"wt-k-click-tel\" href=\"tel:+4970312009400\">+49 7031 2009400<\/a><br>\r\n                                        <a class=\"wt-k-click-mail\" href=\"&#109;&#97;&#105;&#108;&#116;&#111;&#58;%6d%61%72%74%69%6e%61%5f%77%65%69%68%69%6e%67@%6c%67%69.%64%65\">&#x6d;&#x61;&#x72;&#x74;&#x69;&#x6e;&#x61;&#x5f;&#x77;&#x65;&#x69;&#x68;&#x69;&#x6e;&#x67;&#x40;&#x6c;&#x67;&#x69;&#x2e;&#x64;&#x65;<\/a>\r\n                                    <\/p>\r\n                                    <div class=\"button-wrapper\">\r\n                                        <div class=\"wt-bt d-none d-sm-block\" data-bs-toggle=\"modal\" data-bs-target=\"#contactModal\">Kontakt aufnehmen<\/div>\r\n                                        <div class=\"d-none d-sm-block \"> <\/div>\r\n                                    <\/div>    \r\n                                <\/div>\r\n                            <\/div>                            \r\n                            <div class=\"button-wrapper\">\r\n                                <div class=\"mt-md-3 pt-3 pb-3 ps-3 pe-3 pt-md-3 d-sm-none\">\r\n                                    <div class=\"wt-bt\" data-bs-toggle=\"modal\" data-bs-target=\"#contactModal\">Kontakt aufnehmen<\/div>\r\n                                    \r\n                                <\/div>\r\n                            <\/div> \r\n                        <\/div>                        \r\n                    <\/div>                    \r\n                <\/div>\r\n            <\/div>\r\n        <\/div>\r\n        \r\n    <\/section>","protected":false},"excerpt":{"rendered":"<p>Im Jahr 1995 von Hewlett-Packard gegr\u00fcndet, blicken wir nun auf 27 Jahre Top Performance zur\u00fcck \u2013 von den gr\u00f6\u00dften der Gro\u00dfen \u00fcber hochspezialisierte Mittelst\u00e4ndler zu kleinen Webshops \u2013 es gibt nichts, was wir uns nicht zutrauen. Die wichtigste Grundlage f\u00fcr unseren Erfolg ist der hohe Grad an Spezialisierung: Dabei denken wir stets digital und stellen [&hellip;]<\/p>\n","protected":false},"author":1,"featured_media":0,"parent":1162,"menu_order":0,"comment_status":"closed","ping_status":"closed","template":"","meta":{"footnotes":""},"class_list":["post-1164","page","type-page","status-publish","hentry"],"yoast_head":"<!-- This site is optimized with the Yoast SEO plugin v27.3 - https:\/\/yoast.com\/product\/yoast-seo-wordpress\/ -->\n<title>LGI: End-To-End-L\u00f6sungen mit Mehrwert - Das sind wir<\/title>\n<meta name=\"description\" content=\"Logistische Hand-in-Hand Betreuung von Transportlogistik bis E-Commerce? \u27a4 Mit Mehrwert setzen wir Ihre logistische Herausforderung um.\" \/>\n<meta name=\"robots\" content=\"index, follow, max-snippet:-1, max-image-preview:large, max-video-preview:-1\" \/>\n<link rel=\"canonical\" href=\"https:\/\/lgigroup.com\/de-de\/wp-json\/wp\/v2\/pages\/1164\" \/>\n<meta property=\"og:locale\" content=\"de_DE\" \/>\n<meta property=\"og:type\" content=\"article\" \/>\n<meta property=\"og:title\" content=\"LGI: End-To-End-L\u00f6sungen mit Mehrwert - Das sind wir\" \/>\n<meta property=\"og:description\" content=\"Logistische Hand-in-Hand Betreuung von Transportlogistik bis E-Commerce? \u27a4 Mit Mehrwert setzen wir Ihre logistische Herausforderung um.\" \/>\n<meta property=\"og:url\" content=\"https:\/\/lgigroup.com\/de-de\/end-to-end-loesungen\/unsere-marken\/lgi\/\" \/>\n<meta property=\"og:site_name\" content=\"LGI Group\" \/>\n<meta property=\"article:modified_time\" content=\"2026-03-30T17:27:46+00:00\" \/>\n<meta name=\"twitter:card\" content=\"summary_large_image\" \/>\n<meta name=\"twitter:label1\" content=\"Est. reading time\" \/>\n\t<meta name=\"twitter:data1\" content=\"1 minute\" \/>\n<script type=\"application\/ld+json\" class=\"yoast-schema-graph\">{\"@context\":\"https:\\\/\\\/schema.org\",\"@graph\":[{\"@type\":\"WebPage\",\"@id\":\"https:\\\/\\\/lgigroup.com\\\/de-de\\\/end-to-end-loesungen\\\/unsere-marken\\\/lgi\\\/\",\"url\":\"https:\\\/\\\/lgigroup.com\\\/de-de\\\/end-to-end-loesungen\\\/unsere-marken\\\/lgi\\\/\",\"name\":\"LGI: End-To-End-L\u00f6sungen mit Mehrwert - Das sind wir\",\"isPartOf\":{\"@id\":\"https:\\\/\\\/lgigroup.com\\\/de-de\\\/#website\"},\"datePublished\":\"2023-01-12T08:17:37+00:00\",\"dateModified\":\"2026-03-30T17:27:46+00:00\",\"description\":\"Logistische Hand-in-Hand Betreuung von Transportlogistik bis E-Commerce? \u27a4 Mit Mehrwert setzen wir Ihre logistische Herausforderung um.\",\"breadcrumb\":{\"@id\":\"https:\\\/\\\/lgigroup.com\\\/de-de\\\/end-to-end-loesungen\\\/unsere-marken\\\/lgi\\\/#breadcrumb\"},\"inLanguage\":\"de-de\",\"potentialAction\":[{\"@type\":\"ReadAction\",\"target\":[\"https:\\\/\\\/lgigroup.com\\\/de-de\\\/end-to-end-loesungen\\\/unsere-marken\\\/lgi\\\/\"]}]},{\"@type\":\"BreadcrumbList\",\"@id\":\"https:\\\/\\\/lgigroup.com\\\/de-de\\\/end-to-end-loesungen\\\/unsere-marken\\\/lgi\\\/#breadcrumb\",\"itemListElement\":[{\"@type\":\"ListItem\",\"position\":1,\"name\":\"Startseite\",\"item\":\"https:\\\/\\\/lgigroup.com\\\/de-de\\\/\"},{\"@type\":\"ListItem\",\"position\":2,\"name\":\"End-to-End L\u00f6sungen\",\"item\":\"https:\\\/\\\/lgigroup.com\\\/de-de\\\/end-to-end-loesungen\\\/\"},{\"@type\":\"ListItem\",\"position\":3,\"name\":\"Unsere Marken\",\"item\":\"https:\\\/\\\/lgigroup.com\\\/de-de\\\/end-to-end-loesungen\\\/unsere-marken\\\/\"},{\"@type\":\"ListItem\",\"position\":4,\"name\":\"LGI\"}]},{\"@type\":\"WebSite\",\"@id\":\"https:\\\/\\\/lgigroup.com\\\/de-de\\\/#website\",\"url\":\"https:\\\/\\\/lgigroup.com\\\/de-de\\\/\",\"name\":\"LGI Group\",\"description\":\"\",\"publisher\":{\"@id\":\"https:\\\/\\\/lgigroup.com\\\/de-de\\\/#organization\"},\"potentialAction\":[{\"@type\":\"SearchAction\",\"target\":{\"@type\":\"EntryPoint\",\"urlTemplate\":\"https:\\\/\\\/lgigroup.com\\\/de-de\\\/?s={search_term_string}\"},\"query-input\":{\"@type\":\"PropertyValueSpecification\",\"valueRequired\":true,\"valueName\":\"search_term_string\"}}],\"inLanguage\":\"de-de\"},{\"@type\":\"Organization\",\"@id\":\"https:\\\/\\\/lgigroup.com\\\/de-de\\\/#organization\",\"name\":\"LGI GmbH\",\"url\":\"https:\\\/\\\/lgigroup.com\\\/de-de\\\/\",\"logo\":{\"@type\":\"ImageObject\",\"inLanguage\":\"de-de\",\"@id\":\"https:\\\/\\\/lgigroup.com\\\/de-de\\\/#\\\/schema\\\/logo\\\/image\\\/\",\"url\":\"https:\\\/\\\/lgigroup.com\\\/wp-content\\\/uploads\\\/2023\\\/01\\\/lgi-logo.png\",\"contentUrl\":\"https:\\\/\\\/lgigroup.com\\\/wp-content\\\/uploads\\\/2023\\\/01\\\/lgi-logo.png\",\"width\":420,\"height\":200,\"caption\":\"LGI GmbH\"},\"image\":{\"@id\":\"https:\\\/\\\/lgigroup.com\\\/de-de\\\/#\\\/schema\\\/logo\\\/image\\\/\"}}]}<\/script>\n<!-- \/ Yoast SEO plugin. -->","yoast_head_json":{"title":"LGI: End-To-End-L\u00f6sungen mit Mehrwert - Das sind wir","description":"Logistische Hand-in-Hand Betreuung von Transportlogistik bis E-Commerce? \u27a4 Mit Mehrwert setzen wir Ihre logistische Herausforderung um.","robots":{"index":"index","follow":"follow","max-snippet":"max-snippet:-1","max-image-preview":"max-image-preview:large","max-video-preview":"max-video-preview:-1"},"canonical":"https:\/\/lgigroup.com\/de-de\/wp-json\/wp\/v2\/pages\/1164","og_locale":"de_DE","og_type":"article","og_title":"LGI: End-To-End-L\u00f6sungen mit Mehrwert - Das sind wir","og_description":"Logistische Hand-in-Hand Betreuung von Transportlogistik bis E-Commerce? \u27a4 Mit Mehrwert setzen wir Ihre logistische Herausforderung um.","og_url":"https:\/\/lgigroup.com\/de-de\/end-to-end-loesungen\/unsere-marken\/lgi\/","og_site_name":"LGI Group","article_modified_time":"2026-03-30T17:27:46+00:00","twitter_card":"summary_large_image","twitter_misc":{"Est. reading time":"1 minute"},"schema":{"@context":"https:\/\/schema.org","@graph":[{"@type":"WebPage","@id":"https:\/\/lgigroup.com\/de-de\/end-to-end-loesungen\/unsere-marken\/lgi\/","url":"https:\/\/lgigroup.com\/de-de\/end-to-end-loesungen\/unsere-marken\/lgi\/","name":"LGI: End-To-End-L\u00f6sungen mit Mehrwert - Das sind wir","isPartOf":{"@id":"https:\/\/lgigroup.com\/de-de\/#website"},"datePublished":"2023-01-12T08:17:37+00:00","dateModified":"2026-03-30T17:27:46+00:00","description":"Logistische Hand-in-Hand Betreuung von Transportlogistik bis E-Commerce? \u27a4 Mit Mehrwert setzen wir Ihre logistische Herausforderung um.","breadcrumb":{"@id":"https:\/\/lgigroup.com\/de-de\/end-to-end-loesungen\/unsere-marken\/lgi\/#breadcrumb"},"inLanguage":"de-de","potentialAction":[{"@type":"ReadAction","target":["https:\/\/lgigroup.com\/de-de\/end-to-end-loesungen\/unsere-marken\/lgi\/"]}]},{"@type":"BreadcrumbList","@id":"https:\/\/lgigroup.com\/de-de\/end-to-end-loesungen\/unsere-marken\/lgi\/#breadcrumb","itemListElement":[{"@type":"ListItem","position":1,"name":"Startseite","item":"https:\/\/lgigroup.com\/de-de\/"},{"@type":"ListItem","position":2,"name":"End-to-End L\u00f6sungen","item":"https:\/\/lgigroup.com\/de-de\/end-to-end-loesungen\/"},{"@type":"ListItem","position":3,"name":"Unsere Marken","item":"https:\/\/lgigroup.com\/de-de\/end-to-end-loesungen\/unsere-marken\/"},{"@type":"ListItem","position":4,"name":"LGI"}]},{"@type":"WebSite","@id":"https:\/\/lgigroup.com\/de-de\/#website","url":"https:\/\/lgigroup.com\/de-de\/","name":"LGI Group","description":"","publisher":{"@id":"https:\/\/lgigroup.com\/de-de\/#organization"},"potentialAction":[{"@type":"SearchAction","target":{"@type":"EntryPoint","urlTemplate":"https:\/\/lgigroup.com\/de-de\/?s={search_term_string}"},"query-input":{"@type":"PropertyValueSpecification","valueRequired":true,"valueName":"search_term_string"}}],"inLanguage":"de-de"},{"@type":"Organization","@id":"https:\/\/lgigroup.com\/de-de\/#organization","name":"LGI GmbH","url":"https:\/\/lgigroup.com\/de-de\/","logo":{"@type":"ImageObject","inLanguage":"de-de","@id":"https:\/\/lgigroup.com\/de-de\/#\/schema\/logo\/image\/","url":"https:\/\/lgigroup.com\/wp-content\/uploads\/2023\/01\/lgi-logo.png","contentUrl":"https:\/\/lgigroup.com\/wp-content\/uploads\/2023\/01\/lgi-logo.png","width":420,"height":200,"caption":"LGI GmbH"},"image":{"@id":"https:\/\/lgigroup.com\/de-de\/#\/schema\/logo\/image\/"}}]}},"_links":{"self":[{"href":"https:\/\/lgigroup.com\/de-de\/wp-json\/wp\/v2\/pages\/1164","targetHints":{"allow":["GET"]}}],"collection":[{"href":"https:\/\/lgigroup.com\/de-de\/wp-json\/wp\/v2\/pages"}],"about":[{"href":"https:\/\/lgigroup.com\/de-de\/wp-json\/wp\/v2\/types\/page"}],"author":[{"embeddable":true,"href":"https:\/\/lgigroup.com\/de-de\/wp-json\/wp\/v2\/users\/1"}],"replies":[{"embeddable":true,"href":"https:\/\/lgigroup.com\/de-de\/wp-json\/wp\/v2\/comments?post=1164"}],"version-history":[{"count":19,"href":"https:\/\/lgigroup.com\/de-de\/wp-json\/wp\/v2\/pages\/1164\/revisions"}],"predecessor-version":[{"id":30340,"href":"https:\/\/lgigroup.com\/de-de\/wp-json\/wp\/v2\/pages\/1164\/revisions\/30340"}],"up":[{"embeddable":true,"href":"https:\/\/lgigroup.com\/de-de\/wp-json\/wp\/v2\/pages\/1162"}],"wp:attachment":[{"href":"https:\/\/lgigroup.com\/de-de\/wp-json\/wp\/v2\/media?parent=1164"}],"curies":[{"name":"wp","href":"https:\/\/api.w.org\/{rel}","templated":true}]}}