{"id":121,"date":"2022-12-22T14:43:35","date_gmt":"2022-12-22T13:43:35","guid":{"rendered":"https:\/\/lgigroup.com\/?page_id=121"},"modified":"2026-03-27T16:56:28","modified_gmt":"2026-03-27T15:56:28","slug":"business-care","status":"publish","type":"page","link":"https:\/\/lgigroup.com\/de-de\/our-care\/business-care\/","title":{"rendered":"Business Care"},"content":{"rendered":"\r\n\t\t<section class=\"titelbild-section titelbild-block-id-69e82fc9d5e37 titelbild-block-layout-\">\r\n            <div class=\"col-12 col-lg-12\">\r\n                <div class=\"full-bild\"> <img loading=\"lazy\" decoding=\"async\" width=\"1920\" height=\"700\" src=\"\/wp-content\/uploads\/2023\/01\/person-writes-contract-lgi-business-care.jpg\" class=\"img-fluid\" alt=\"Person schreibt Vertrag | LGI Business Care\" srcset=\"\/wp-content\/uploads\/2023\/01\/person-writes-contract-lgi-business-care.jpg 1920w, \/wp-content\/uploads\/2023\/01\/person-writes-contract-lgi-business-care-300x109.jpg 300w, \/wp-content\/uploads\/2023\/01\/person-writes-contract-lgi-business-care-1024x373.jpg 1024w, \/wp-content\/uploads\/2023\/01\/person-writes-contract-lgi-business-care-768x280.jpg 768w, \/wp-content\/uploads\/2023\/01\/person-writes-contract-lgi-business-care-1536x560.jpg 1536w\" sizes=\"auto, (max-width: 1920px) 100vw, 1920px\" \/><\/div>\r\n                <div class=\"bild-title container\">\r\n                    <div class=\"row\">\r\n                                <div class=\"col\">\r\n                                    <p class=\"headline wt-h1\">Compliance bei LGI<\/p>\r\n                                <\/div>                                        \r\n                            <\/div> \r\n                <\/div>\r\n            <\/div>\r\n        <\/section>\r\n\t\n\n            \r\n        <div class=\"spacing-block large spacing-block-id-69e82fc9d64e0\" >                                     \r\n                  <div class=\"large-space\">   \r\n                  <\/div>                      \r\n        <\/div>\n\n\r\n                <div class=\"headline-block \">\r\n                    \r\n                        <div class=\"container\">                            \r\n                            <div class=\"row\">\r\n                        <div class=\"col\">\r\n                            <h1 class=\"wt-subheadline wt-sl sub-headline-align\">Business-Care<\/h1>\r\n                        <\/div>\r\n                    <\/div>\r\n                            \r\n                            <div class=\"row\">\r\n                                <div class=\"col\">\r\n                                    <h2 class=\"wt-h1 wt-font-color-dark-grey\">Rechtskonformit\u00e4t<\/h2>\r\n                                <\/div>                                        \r\n                            <\/div>                                                                                                    \r\n                        <\/div>                                \r\n                <\/div>\r\n            \n\n            \r\n        <div class=\"spacing-block extrasmall spacing-block-id-69e82fc9d6786\" >                                     \r\n                  <div class=\"extra-small-space\">   \r\n                  <\/div>                      \r\n        <\/div>\n\n   \r\n    \r\n    <div class=\"grey-line-block grey-line-block-id-69e82fc9d68ac\">\r\n        \r\n        <div class=\"container\">\r\n            <div class=\"row\">\r\n                <div class=\"col test\">\r\n                    <div class=\"grey-line-block-line\"><\/div>\r\n                <\/div>                \r\n            <\/div>\r\n        <\/div>\r\n        \r\n    <\/div>\n\n            \r\n        <div class=\"spacing-block small spacing-block-id-69e82fc9d697b\" >                                     \r\n                  <div class=\"small-space\">   \r\n                  <\/div>                      \r\n        <\/div>\n\n\r\n                <div class=\"headline-block \">\r\n                    \r\n                        <div class=\"container\">                            \r\n                            <div class=\"row\">\r\n                        <div class=\"col\">\r\n                            <h3 class=\"wt-subheadline wt-sl\">Gemeinsam f\u00fcr Integrit\u00e4t und Fairness<\/h3>\r\n                        <\/div>\r\n                    <\/div>\r\n                            \r\n                                                                                                                                \r\n                        <\/div>                                \r\n                <\/div>\r\n            \n\n            \r\n        <div class=\"spacing-block doublesmall spacing-block-id-69e82fc9d6b52\" >                                     \r\n                  <div class=\"double-small-space\">   \r\n                  <\/div>                      \r\n        <\/div>\n\n\n<div class=\"wp-block-group container\"><div class=\"wp-block-group__inner-container is-layout-constrained wp-block-group-is-layout-constrained\">\n<div class=\"wp-block-columns is-layout-flex wp-container-core-columns-is-layout-9d6595d7 wp-block-columns-is-layout-flex\">\n<div class=\"wp-block-column is-layout-flow wp-block-column-is-layout-flow\">\n<p>Die Einhaltung aller geltenden lokalen und internationalen Gesetze sowie Vorschriften auf Grundlage der UN-Menschenrechtserkl\u00e4rung und UN-Konvention ist f\u00fcr uns selbstverst\u00e4ndlich. Deshalb haben wir diese Formulierung explizit in unser CSR- und Nachhaltigkeits-Programm \u201eOur Care\u201d aufgenommen.<\/p>\n\n\n\n<p>Was bedeutet Business Care bei LGI? Zum einen nat\u00fcrlich, dass wir unseren Mitarbeitenden sichere und attraktive Arbeitspl\u00e4tze bieten, mit fairen L\u00f6hnen und einer gelebten Mitbestimmungskultur. Zum anderen setzen wir uns auch aktiv f\u00fcr Rechtskonformit\u00e4t und Gleichstellung aller Menschen ein.<\/p>\n<\/div>\n\n\n\n<div class=\"wp-block-column is-layout-flow wp-block-column-is-layout-flow\">\n<p>Um dies zu erreichen, sowie Fairness und Integrit\u00e4t zu leben, sind wir beispielsweise dem UN Global Compact beigetreten \u2013 der weltweit gr\u00f6\u00dften und wichtigsten Initiative f\u00fcr nachhaltige und verantwortungsvolle Unternehmensf\u00fchrung.<\/p>\n\n\n\n<p>Unser einheitlicher, moderner und zukunftsweisender Verhaltenskodex mit unternehmensweiten gemeinsamen Werten unterstreicht unsere Haltung f\u00fcr Integrit\u00e4t und Fairness. Mit expliziten Bestandteilen zu Gesundheit, Sicherheit, Vielfalt und Gleichberechtigung bildet er die Basis f\u00fcr unsere t\u00e4gliche Arbeit.<\/p>\n<\/div>\n<\/div>\n<\/div><\/div>\n\n\n            \r\n        <div class=\"spacing-block small spacing-block-id-69e82fc9d8817\" >                                     \r\n                  <div class=\"small-space\">   \r\n                  <\/div>                      \r\n        <\/div>\n\n\r\n                <div class=\"headline-block \">\r\n                    \r\n                        <div class=\"container\">                            \r\n                            <div class=\"row\">\r\n                        <div class=\"col\">\r\n                            <h2 class=\"wt-subheadline wt-sl\">Ma\u00dfnahmen zu Rechtskonformit\u00e4t und Compliance<\/h2>\r\n                        <\/div>\r\n                    <\/div>\r\n                            \r\n                                                                                                                                \r\n                        <\/div>                                \r\n                <\/div>\r\n            \n\n            \r\n        <div class=\"spacing-block doublesmall spacing-block-id-69e82fc9d8a4e\" >                                     \r\n                  <div class=\"double-small-space\">   \r\n                  <\/div>                      \r\n        <\/div>\n\n\n<div class=\"wp-block-group container\"><div class=\"wp-block-group__inner-container is-layout-constrained wp-block-group-is-layout-constrained\">\n<ul class=\"wp-block-list\">\n<li>2022 Beitritt zum UN Global Compact<\/li>\n\n\n\n<li>2022 Einf\u00fchrung eines Emissions-Reportings<\/li>\n\n\n\n<li>Seit 2022 CDP-Bewertung (Carbon Disclosure Project)<\/li>\n\n\n\n<li>2023 Unterzeichnung der Charta der Vielfalt<\/li>\n\n\n\n<li>2025 Festlegung von wissenschaftlich basierten Klimazielen gem\u00e4\u00df SBTi (Science Based Targets Initiative)<\/li>\n\n\n\n<li>Lieferantenauswahl erfolgt u. a. nach CSR- und Nachhaltigkeitskriterien, Verpflichtung zur Einhaltung und Erf\u00fcllung unserer hohen Integrit\u00e4ts- und Nachhaltigkeitsstandards<\/li>\n\n\n\n<li>Korruptionspr\u00e4vention durch intensive Schulungs- und Kontrollma\u00dfnahmen<\/li>\n\n\n\n<li>Einf\u00fchrung einer gruppenweit zentralen Stelle f\u00fcr CSR und Sustainability, die direkt an die Gesch\u00e4ftsleitung berichtet<\/li>\n\n\n\n<li>Unterst\u00fctzung unserer Kunden bei ihrer Auditierung, z. B. GOTS-Zertifizierung<\/li>\n<\/ul>\n<\/div><\/div>\n\n\n            \r\n        <div class=\"spacing-block extramedium spacing-block-id-69e82fc9d92b0\" >                                     \r\n                  <div class=\"extra-medium-space\">   \r\n                  <\/div>                      \r\n        <\/div>\n\n   \r\n    \r\n    <section id=\"Contact-person\" class=\"contact-person-block contact-person-block-id-69e82fc9d93c9 encoded-email\" data-idcp=\"6131\" data-mail=\"YmVybmRfd2lkbWFubkBsZ2kuZGU=\">\r\n    \r\n        \r\n        <div class=\"contact-person-bg-img-wrapper\">\r\n            <img loading=\"lazy\" decoding=\"async\" width=\"1920\" height=\"500\" src=\"\/wp-content\/uploads\/2023\/04\/lgi-building-warehouse-from-top.jpg\" class=\"img-fluid bg-image\" alt=\"LGI Geb\u00e4ude und Lagerhalle\" srcset=\"\/wp-content\/uploads\/2023\/04\/lgi-building-warehouse-from-top.jpg 1920w, \/wp-content\/uploads\/2023\/04\/lgi-building-warehouse-from-top-300x78.jpg 300w, \/wp-content\/uploads\/2023\/04\/lgi-building-warehouse-from-top-1024x267.jpg 1024w, \/wp-content\/uploads\/2023\/04\/lgi-building-warehouse-from-top-768x200.jpg 768w, \/wp-content\/uploads\/2023\/04\/lgi-building-warehouse-from-top-1536x400.jpg 1536w\" sizes=\"auto, (max-width: 1920px) 100vw, 1920px\" \/>\r\n        <\/div>\r\n        \r\n        <div class=\"container contact-person-content-wrapper\">\r\n            <div class=\"row\">\r\n                <div class=\"col-12 col-lg-6 contact-person-text-wrapper contact-text-align\">\r\n                    <span class=\"wt-bh\">Ihr Kontakt zu LGI<\/span>\r\n                    <span class=\"wt-hl wt-big-string\">Kontaktieren Sie uns <span class='wt-font-color-white'>gerne!<\/span><\/span>\r\n                <\/div>\r\n                <div class=\"col-12 col-lg-6 order-first order-lg-last contact-person-img-wrapper\">\r\n                    <div>\r\n                        <div class=\"contact-person-wrapper contact-person\">\r\n                            <div class=\"d-flex align-items-stretch\">\r\n                                <div class=\"image-section\">\r\n                                    <img loading=\"lazy\" decoding=\"async\" width=\"540\" height=\"500\" src=\"\/wp-content\/uploads\/2023\/02\/lgi-contact-person-wiedmann-bernd.png\" class=\"img-fluid\" alt=\"Bernd Wiedmann - LGI contact person\" srcset=\"\/wp-content\/uploads\/2023\/02\/lgi-contact-person-wiedmann-bernd.png 540w, \/wp-content\/uploads\/2023\/02\/lgi-contact-person-wiedmann-bernd-300x278.png 300w\" sizes=\"auto, (max-width: 540px) 100vw, 540px\" \/>\r\n                                <\/div>\r\n                                <div class=\"pe-3 pe-sm-0 ps-3 ps-xl-3 d-flex flex-column justify-content-end content-section\">\r\n                                    <p class=\"wt-sl\">Ihr Kontakt<\/p>\r\n                                \r\n                                    <p class=\"text-sec wt-text-sec\">\r\n                                        <span>Vice President Corporate Legal<\/span><br>\r\n                                         Bernd Widmann<br>\r\n                                        <a class=\"wt-k-click-tel\" href=\"tel:+4970312009660\">+49 7031 2009 660<\/a><br>\r\n                                        <a class=\"wt-k-click-mail\" href=\"&#109;&#97;&#105;&#108;&#116;&#111;&#58;%62%65%72%6e%64%5f%77%69%64%6d%61%6e%6e@%6c%67%69.%64%65\">&#x62;&#x65;&#x72;&#x6e;&#x64;&#x5f;&#x77;&#x69;&#x64;&#x6d;&#x61;&#x6e;&#x6e;&#x40;&#x6c;&#x67;&#x69;&#x2e;&#x64;&#x65;<\/a>\r\n                                    <\/p>\r\n                                    <div class=\"button-wrapper\">\r\n                                        <div class=\"wt-bt d-none d-sm-block\" data-bs-toggle=\"modal\" data-bs-target=\"#contactModal\">Kontakt aufnehmen<\/div>\r\n                                        <div class=\"d-none d-sm-block \"> <\/div>\r\n                                    <\/div>    \r\n                                <\/div>\r\n                            <\/div>                            \r\n                            <div class=\"button-wrapper\">\r\n                                <div class=\"mt-md-3 pt-3 pb-3 ps-3 pe-3 pt-md-3 d-sm-none\">\r\n                                    <div class=\"wt-bt\" data-bs-toggle=\"modal\" data-bs-target=\"#contactModal\">Kontakt aufnehmen<\/div>\r\n                                    \r\n                                <\/div>\r\n                            <\/div> \r\n                        <\/div>                        \r\n                    <\/div>                    \r\n                <\/div>\r\n            <\/div>\r\n        <\/div>\r\n        \r\n    <\/section>","protected":false},"excerpt":{"rendered":"<p>Die Einhaltung aller geltenden lokalen und internationalen Gesetze sowie Vorschriften auf Grundlage der UN-Menschenrechtserkl\u00e4rung und UN-Konvention ist f\u00fcr uns selbstverst\u00e4ndlich. Deshalb haben wir diese Formulierung explizit in unser CSR- und Nachhaltigkeits-Programm \u201eOur Care\u201d aufgenommen. Was bedeutet Business Care bei LGI? Zum einen nat\u00fcrlich, dass wir unseren Mitarbeitenden sichere und attraktive Arbeitspl\u00e4tze bieten, mit fairen L\u00f6hnen [&hellip;]<\/p>\n","protected":false},"author":1,"featured_media":0,"parent":117,"menu_order":0,"comment_status":"closed","ping_status":"closed","template":"","meta":{"footnotes":""},"class_list":["post-121","page","type-page","status-publish","hentry"],"yoast_head":"<!-- This site is optimized with the Yoast SEO plugin v27.3 - https:\/\/yoast.com\/product\/yoast-seo-wordpress\/ -->\n<title>LGI&#039;s Business Care - F\u00fcr Integrit\u00e4t und Fairness<\/title>\n<meta name=\"description\" content=\"Beim Business Care geht es uns um Sicherheit &amp; Fairness am Arbeitsplatz, sowie Gleichstellung aller Menschen und mehr. \u27a4 Jetzt informieren.\" \/>\n<meta name=\"robots\" content=\"index, follow, max-snippet:-1, max-image-preview:large, max-video-preview:-1\" \/>\n<link rel=\"canonical\" href=\"https:\/\/lgigroup.com\/de-de\/wp-json\/wp\/v2\/pages\/121\" \/>\n<meta property=\"og:locale\" content=\"de_DE\" \/>\n<meta property=\"og:type\" content=\"article\" \/>\n<meta property=\"og:title\" content=\"LGI&#039;s Business Care - F\u00fcr Integrit\u00e4t und Fairness\" \/>\n<meta property=\"og:description\" content=\"Beim Business Care geht es uns um Sicherheit &amp; Fairness am Arbeitsplatz, sowie Gleichstellung aller Menschen und mehr. \u27a4 Jetzt informieren.\" \/>\n<meta property=\"og:url\" content=\"https:\/\/lgigroup.com\/de-de\/our-care\/business-care\/\" \/>\n<meta property=\"og:site_name\" content=\"LGI Group\" \/>\n<meta property=\"article:modified_time\" content=\"2026-03-27T15:56:28+00:00\" \/>\n<meta name=\"twitter:card\" content=\"summary_large_image\" \/>\n<meta name=\"twitter:label1\" content=\"Est. reading time\" \/>\n\t<meta name=\"twitter:data1\" content=\"1 minute\" \/>\n<script type=\"application\/ld+json\" class=\"yoast-schema-graph\">{\"@context\":\"https:\\\/\\\/schema.org\",\"@graph\":[{\"@type\":\"WebPage\",\"@id\":\"https:\\\/\\\/lgigroup.com\\\/de-de\\\/our-care\\\/business-care\\\/\",\"url\":\"https:\\\/\\\/lgigroup.com\\\/de-de\\\/our-care\\\/business-care\\\/\",\"name\":\"LGI's Business Care - F\u00fcr Integrit\u00e4t und Fairness\",\"isPartOf\":{\"@id\":\"https:\\\/\\\/lgigroup.com\\\/de-de\\\/#website\"},\"datePublished\":\"2022-12-22T13:43:35+00:00\",\"dateModified\":\"2026-03-27T15:56:28+00:00\",\"description\":\"Beim Business Care geht es uns um Sicherheit & Fairness am Arbeitsplatz, sowie Gleichstellung aller Menschen und mehr. \u27a4 Jetzt informieren.\",\"breadcrumb\":{\"@id\":\"https:\\\/\\\/lgigroup.com\\\/de-de\\\/our-care\\\/business-care\\\/#breadcrumb\"},\"inLanguage\":\"de-de\",\"potentialAction\":[{\"@type\":\"ReadAction\",\"target\":[\"https:\\\/\\\/lgigroup.com\\\/de-de\\\/our-care\\\/business-care\\\/\"]}]},{\"@type\":\"BreadcrumbList\",\"@id\":\"https:\\\/\\\/lgigroup.com\\\/de-de\\\/our-care\\\/business-care\\\/#breadcrumb\",\"itemListElement\":[{\"@type\":\"ListItem\",\"position\":1,\"name\":\"Startseite\",\"item\":\"https:\\\/\\\/lgigroup.com\\\/de-de\\\/\"},{\"@type\":\"ListItem\",\"position\":2,\"name\":\"Our Care\",\"item\":\"https:\\\/\\\/lgigroup.com\\\/de-de\\\/our-care\\\/\"},{\"@type\":\"ListItem\",\"position\":3,\"name\":\"Business Care\"}]},{\"@type\":\"WebSite\",\"@id\":\"https:\\\/\\\/lgigroup.com\\\/de-de\\\/#website\",\"url\":\"https:\\\/\\\/lgigroup.com\\\/de-de\\\/\",\"name\":\"LGI Group\",\"description\":\"\",\"publisher\":{\"@id\":\"https:\\\/\\\/lgigroup.com\\\/de-de\\\/#organization\"},\"potentialAction\":[{\"@type\":\"SearchAction\",\"target\":{\"@type\":\"EntryPoint\",\"urlTemplate\":\"https:\\\/\\\/lgigroup.com\\\/de-de\\\/?s={search_term_string}\"},\"query-input\":{\"@type\":\"PropertyValueSpecification\",\"valueRequired\":true,\"valueName\":\"search_term_string\"}}],\"inLanguage\":\"de-de\"},{\"@type\":\"Organization\",\"@id\":\"https:\\\/\\\/lgigroup.com\\\/de-de\\\/#organization\",\"name\":\"LGI GmbH\",\"url\":\"https:\\\/\\\/lgigroup.com\\\/de-de\\\/\",\"logo\":{\"@type\":\"ImageObject\",\"inLanguage\":\"de-de\",\"@id\":\"https:\\\/\\\/lgigroup.com\\\/de-de\\\/#\\\/schema\\\/logo\\\/image\\\/\",\"url\":\"https:\\\/\\\/lgigroup.com\\\/wp-content\\\/uploads\\\/2023\\\/01\\\/lgi-logo.png\",\"contentUrl\":\"https:\\\/\\\/lgigroup.com\\\/wp-content\\\/uploads\\\/2023\\\/01\\\/lgi-logo.png\",\"width\":420,\"height\":200,\"caption\":\"LGI GmbH\"},\"image\":{\"@id\":\"https:\\\/\\\/lgigroup.com\\\/de-de\\\/#\\\/schema\\\/logo\\\/image\\\/\"}}]}<\/script>\n<!-- \/ Yoast SEO plugin. -->","yoast_head_json":{"title":"LGI's Business Care - F\u00fcr Integrit\u00e4t und Fairness","description":"Beim Business Care geht es uns um Sicherheit & Fairness am Arbeitsplatz, sowie Gleichstellung aller Menschen und mehr. \u27a4 Jetzt informieren.","robots":{"index":"index","follow":"follow","max-snippet":"max-snippet:-1","max-image-preview":"max-image-preview:large","max-video-preview":"max-video-preview:-1"},"canonical":"https:\/\/lgigroup.com\/de-de\/wp-json\/wp\/v2\/pages\/121","og_locale":"de_DE","og_type":"article","og_title":"LGI's Business Care - F\u00fcr Integrit\u00e4t und Fairness","og_description":"Beim Business Care geht es uns um Sicherheit & Fairness am Arbeitsplatz, sowie Gleichstellung aller Menschen und mehr. \u27a4 Jetzt informieren.","og_url":"https:\/\/lgigroup.com\/de-de\/our-care\/business-care\/","og_site_name":"LGI Group","article_modified_time":"2026-03-27T15:56:28+00:00","twitter_card":"summary_large_image","twitter_misc":{"Est. reading time":"1 minute"},"schema":{"@context":"https:\/\/schema.org","@graph":[{"@type":"WebPage","@id":"https:\/\/lgigroup.com\/de-de\/our-care\/business-care\/","url":"https:\/\/lgigroup.com\/de-de\/our-care\/business-care\/","name":"LGI's Business Care - F\u00fcr Integrit\u00e4t und Fairness","isPartOf":{"@id":"https:\/\/lgigroup.com\/de-de\/#website"},"datePublished":"2022-12-22T13:43:35+00:00","dateModified":"2026-03-27T15:56:28+00:00","description":"Beim Business Care geht es uns um Sicherheit & Fairness am Arbeitsplatz, sowie Gleichstellung aller Menschen und mehr. \u27a4 Jetzt informieren.","breadcrumb":{"@id":"https:\/\/lgigroup.com\/de-de\/our-care\/business-care\/#breadcrumb"},"inLanguage":"de-de","potentialAction":[{"@type":"ReadAction","target":["https:\/\/lgigroup.com\/de-de\/our-care\/business-care\/"]}]},{"@type":"BreadcrumbList","@id":"https:\/\/lgigroup.com\/de-de\/our-care\/business-care\/#breadcrumb","itemListElement":[{"@type":"ListItem","position":1,"name":"Startseite","item":"https:\/\/lgigroup.com\/de-de\/"},{"@type":"ListItem","position":2,"name":"Our Care","item":"https:\/\/lgigroup.com\/de-de\/our-care\/"},{"@type":"ListItem","position":3,"name":"Business Care"}]},{"@type":"WebSite","@id":"https:\/\/lgigroup.com\/de-de\/#website","url":"https:\/\/lgigroup.com\/de-de\/","name":"LGI Group","description":"","publisher":{"@id":"https:\/\/lgigroup.com\/de-de\/#organization"},"potentialAction":[{"@type":"SearchAction","target":{"@type":"EntryPoint","urlTemplate":"https:\/\/lgigroup.com\/de-de\/?s={search_term_string}"},"query-input":{"@type":"PropertyValueSpecification","valueRequired":true,"valueName":"search_term_string"}}],"inLanguage":"de-de"},{"@type":"Organization","@id":"https:\/\/lgigroup.com\/de-de\/#organization","name":"LGI GmbH","url":"https:\/\/lgigroup.com\/de-de\/","logo":{"@type":"ImageObject","inLanguage":"de-de","@id":"https:\/\/lgigroup.com\/de-de\/#\/schema\/logo\/image\/","url":"https:\/\/lgigroup.com\/wp-content\/uploads\/2023\/01\/lgi-logo.png","contentUrl":"https:\/\/lgigroup.com\/wp-content\/uploads\/2023\/01\/lgi-logo.png","width":420,"height":200,"caption":"LGI GmbH"},"image":{"@id":"https:\/\/lgigroup.com\/de-de\/#\/schema\/logo\/image\/"}}]}},"_links":{"self":[{"href":"https:\/\/lgigroup.com\/de-de\/wp-json\/wp\/v2\/pages\/121","targetHints":{"allow":["GET"]}}],"collection":[{"href":"https:\/\/lgigroup.com\/de-de\/wp-json\/wp\/v2\/pages"}],"about":[{"href":"https:\/\/lgigroup.com\/de-de\/wp-json\/wp\/v2\/types\/page"}],"author":[{"embeddable":true,"href":"https:\/\/lgigroup.com\/de-de\/wp-json\/wp\/v2\/users\/1"}],"replies":[{"embeddable":true,"href":"https:\/\/lgigroup.com\/de-de\/wp-json\/wp\/v2\/comments?post=121"}],"version-history":[{"count":22,"href":"https:\/\/lgigroup.com\/de-de\/wp-json\/wp\/v2\/pages\/121\/revisions"}],"predecessor-version":[{"id":30295,"href":"https:\/\/lgigroup.com\/de-de\/wp-json\/wp\/v2\/pages\/121\/revisions\/30295"}],"up":[{"embeddable":true,"href":"https:\/\/lgigroup.com\/de-de\/wp-json\/wp\/v2\/pages\/117"}],"wp:attachment":[{"href":"https:\/\/lgigroup.com\/de-de\/wp-json\/wp\/v2\/media?parent=121"}],"curies":[{"name":"wp","href":"https:\/\/api.w.org\/{rel}","templated":true}]}}