{"id":123,"date":"2022-12-22T14:43:54","date_gmt":"2022-12-22T13:43:54","guid":{"rendered":"https:\/\/lgigroup.com\/?page_id=123"},"modified":"2026-03-27T16:41:25","modified_gmt":"2026-03-27T15:41:25","slug":"green-care","status":"publish","type":"page","link":"https:\/\/lgigroup.com\/de-de\/our-care\/green-care\/","title":{"rendered":"Green Care"},"content":{"rendered":"\r\n\t\t<section class=\"titelbild-section titelbild-block-id-69de29a11ae43 titelbild-block-layout-\">\r\n            <div class=\"col-12 col-lg-12\">\r\n                <div class=\"full-bild\"> <img loading=\"lazy\" decoding=\"async\" width=\"1920\" height=\"700\" src=\"\/wp-content\/uploads\/2023\/01\/butterfly-on-plant-lgi-green-care.jpg\" class=\"img-fluid\" alt=\"Schmetterling sitzt auf einer Pflanze | LGI Green Care\" srcset=\"\/wp-content\/uploads\/2023\/01\/butterfly-on-plant-lgi-green-care.jpg 1920w, \/wp-content\/uploads\/2023\/01\/butterfly-on-plant-lgi-green-care-300x109.jpg 300w, \/wp-content\/uploads\/2023\/01\/butterfly-on-plant-lgi-green-care-1024x373.jpg 1024w, \/wp-content\/uploads\/2023\/01\/butterfly-on-plant-lgi-green-care-768x280.jpg 768w, \/wp-content\/uploads\/2023\/01\/butterfly-on-plant-lgi-green-care-1536x560.jpg 1536w\" sizes=\"auto, (max-width: 1920px) 100vw, 1920px\" \/><\/div>\r\n                <div class=\"bild-title container\">\r\n                    <div class=\"row\">\r\n                                <div class=\"col\">\r\n                                    <p class=\"headline wt-h1\">Nachhaltigkeit bei LGI<\/p>\r\n                                <\/div>                                        \r\n                            <\/div> \r\n                <\/div>\r\n            <\/div>\r\n        <\/section>\r\n\t\n\n            \r\n        <div class=\"spacing-block large spacing-block-id-69de29a11b832\" >                                     \r\n                  <div class=\"large-space\">   \r\n                  <\/div>                      \r\n        <\/div>\n\n\r\n                <div class=\"headline-block \">\r\n                    \r\n                        <div class=\"container\">                            \r\n                            <div class=\"row\">\r\n                        <div class=\"col\">\r\n                            <h1 class=\"wt-subheadline wt-sl sub-headline-align\">Green-Care<\/h1>\r\n                        <\/div>\r\n                    <\/div>\r\n                            \r\n                            <div class=\"row\">\r\n                                <div class=\"col\">\r\n                                    <h2 class=\"wt-h1 wt-font-color-dark-grey\">Nachhaltige Logistik<\/h2>\r\n                                <\/div>                                        \r\n                            <\/div>                                                                                                    \r\n                        <\/div>                                \r\n                <\/div>\r\n            \n\n            \r\n        <div class=\"spacing-block extrasmall spacing-block-id-69de29a11ba4c\" >                                     \r\n                  <div class=\"extra-small-space\">   \r\n                  <\/div>                      \r\n        <\/div>\n\n   \r\n    \r\n    <div class=\"grey-line-block grey-line-block-id-69de29a11bb48\">\r\n        \r\n        <div class=\"container\">\r\n            <div class=\"row\">\r\n                <div class=\"col test\">\r\n                    <div class=\"grey-line-block-line\"><\/div>\r\n                <\/div>                \r\n            <\/div>\r\n        <\/div>\r\n        \r\n    <\/div>\n\n            \r\n        <div class=\"spacing-block small spacing-block-id-69de29a11bc42\" >                                     \r\n                  <div class=\"small-space\">   \r\n                  <\/div>                      \r\n        <\/div>\n\n\r\n                <div class=\"headline-block \">\r\n                    \r\n                        <div class=\"container\">                            \r\n                            <div class=\"row\">\r\n                        <div class=\"col\">\r\n                            <h3 class=\"wt-subheadline wt-sl\">Unsere Verantwortung gegen\u00fcber Umwelt und Ressourcen<\/h3>\r\n                        <\/div>\r\n                    <\/div>\r\n                            \r\n                                                                                                                                \r\n                        <\/div>                                \r\n                <\/div>\r\n            \n\n            \r\n        <div class=\"spacing-block doublesmall spacing-block-id-69de29a11be2a\" >                                     \r\n                  <div class=\"double-small-space\">   \r\n                  <\/div>                      \r\n        <\/div>\n\n\n<div class=\"wp-block-group container\"><div class=\"wp-block-group__inner-container is-layout-constrained wp-block-group-is-layout-constrained\">\n<div class=\"wp-block-columns is-layout-flex wp-container-core-columns-is-layout-9d6595d7 wp-block-columns-is-layout-flex\">\n<div class=\"wp-block-column is-layout-flow wp-block-column-is-layout-flow\">\n<p>In unserer Branche, die von schnellem und zuverl\u00e4ssigem Transport lebt, besteht eine besonders gro\u00dfe Verantwortung gegen\u00fcber Ressourcen und Umwelt. Das Gute daran: Hier besteht auch ein besonders gro\u00dfes Potenzial f\u00fcr Ver\u00e4nderung und Optimierung. Dieses Potenzial nutzen wir.<\/p>\n\n\n\n<p>Wir sind uns unserer gro\u00dfen \u00f6kologischen Verantwortung bewusst und handeln entsprechend:<br>Wir gehen bewusst und schonend mit den uns zur Verf\u00fcgung stehenden Ressourcen, wie z. B. fossilen Brennstoffen, um. Und wir finden umweltfreundliche Alternativen dazu \u2013 wie erneuerbare Energien. <br>So setzen wir bereits an allen deutschen, niederl\u00e4ndischen und \u00f6sterreichischen Logistikstandorten der LGI-Gruppe \u00d6kostrom ein, stellen unseren Pkw-Fuhrpark sukzessive auf Elektrofahrzeuge um oder testen alternative Kraftstoffe.<\/p>\n<\/div>\n\n\n\n<div class=\"wp-block-column is-layout-flow wp-block-column-is-layout-flow\">\n<p>\u00dcberall dort, wo es m\u00f6glich und sinnvoll ist, nutzen wir Photovoltaikanlagen zur effizienten Energieerzeugung. Neue Logistikimmobilien werden von uns grunds\u00e4tzlich unter Aspekten f\u00fcr nachhaltiges, \u00f6kologisches und energiebewusstes Bauen errichtet oder angemietet und mit moderner, m\u00f6glichst energieeffizienter Technik ausgestattet.<\/p>\n\n\n\n<p>Durch unseren kontinuierlichen Verbesserungsprozess sind wir heute au\u00dferdem in der Lage, nachhaltige Transportl\u00f6sungen und eine ressourcenschonende Lagerung anzubieten. Unsere Zielsetzung ist es, die Treibhausgas-Emissionen von LGI kontinuierlich zu reduzieren, um letztlich Netto-Null-Emissionen entlang der Wertsch\u00f6pfungskette zu erreichen.<\/p>\n<\/div>\n<\/div>\n<\/div><\/div>\n\n\n            \r\n        <div class=\"spacing-block small spacing-block-id-69de29a11fc32\" >                                     \r\n                  <div class=\"small-space\">   \r\n                  <\/div>                      \r\n        <\/div>\n\n\r\n        <section class=\"accordion-section\">\r\n            <div class=\"container\">\r\n            <ul class=\"accordion\">\r\n            <li class=\"accordion-content-wrap\">\r\n            <h2 class=\"accordion-upper toggle wt-h2\"><span class=\"acc-sign\"><\/span>Nachhaltigkeitsma\u00dfnahmen f\u00fcr Services und Produkte<\/h2>\r\n            <div class=\"accordion-content inner\">\r\n                <div class=\"row accordion-inner-content onecolumn\">\r\n                   \r\n                    <div class=\"text-area col-12 col-lg-12\">\r\n                        <span class=\"accordion-text\"><ul>\r\n<li>Stetige Erweiterung unserer bestehenden <a href=\"\/de-de\/end-to-end-loesungen\/unsere-geschaeftsmodelle\/technical-logistics-scs-lcm\/\">Lifecycle-Management-Services<\/a><\/li>\r\n<li>\u201e<a href=\"\/de-de\/end-to-end-loesungen\/unsere-marken\/reuseit\/\">ReuseIT<\/a>\u201c als allumfassende Services f\u00fcr gebrauchte IT-Ger\u00e4te inkl. R\u00fccknahme\/R\u00fcckkauf, technischer Aufbereitung und <a href=\"\/de-de\/glossar\/it-altgeraete-ankauf-wiedervermarktung\/\">Wiederverkauf<\/a> f\u00fcr B2B und B2C<\/li>\r\n<li><a href=\"https:\/\/www.reuseit.de\/\">ReuseIT-Online-Shop<\/a> zum Vertrieb von aufbereiteten IT-Ger\u00e4ten<\/li>\r\n<li>\u201eValue Recovery\u201c als nachhaltiger Verwertungsdienst f\u00fcr gebrauchte IT-Ger\u00e4te f\u00fchrt zu zirkul\u00e4ren Materialfl\u00fcssen und vermeidet Treibhausgase<\/li>\r\n<li>Option bei <a href=\"\/de-de\/end-to-end-loesungen\/unsere-geschaeftsmodelle\/luft-und-seefracht\/\">Luft- und Seefracht<\/a>&#8211; sowie Stra\u00dfentransporten entstehende CO\u2082e-Emissionen durch weltweit zertifizierte Klimaschutzprojekte zu kompensieren<\/li>\r\n<\/ul><\/span><br>\r\n                    <\/div>\r\n                <\/div>\r\n            <\/div>    \r\n            <\/li>\r\n              \r\n            <li class=\"accordion-content-wrap\">\r\n            <h2 class=\"accordion-upper toggle wt-h2\"><span class=\"acc-sign\"><\/span>Nachhaltigkeitsma\u00dfnahmen f\u00fcr Ressourcen- und Abfallmanagement<\/h2>\r\n            <div class=\"accordion-content inner\">\r\n                <div class=\"row accordion-inner-content onecolumn\">\r\n                   \r\n                    <div class=\"text-area col-12 col-lg-12\">\r\n                        <span class=\"accordion-text\"><ul>\r\n<li>Bevorzugter Einsatz gebrauchter statt neuer Holzpaletten<\/li>\r\n<li>R\u00fcckgabe unbrauchbarer Paletten an Hersteller zur Verwendung als Energiequelle bei der Herstellung neuer Paletten<\/li>\r\n<li>Anhaltende Verbesserung der Abfallverwertung und -entsorgung<\/li>\r\n<li>Stetige Sensibilisierung der Mitarbeitenden zum bewussten Einsatz von Ressourcen, zur Beachtung der M\u00fclltrennung etc.<\/li>\r\n<\/ul><\/span><br>\r\n                    <\/div>\r\n                <\/div>\r\n            <\/div>    \r\n            <\/li>\r\n              \r\n            <li class=\"accordion-content-wrap\">\r\n            <h2 class=\"accordion-upper toggle wt-h2\"><span class=\"acc-sign\"><\/span>Nachhaltigkeitsma\u00dfnahmen f\u00fcr Energie<\/h2>\r\n            <div class=\"accordion-content inner\">\r\n                <div class=\"row accordion-inner-content onecolumn\">\r\n                   \r\n                    <div class=\"text-area col-12 col-lg-12\">\r\n                        <span class=\"accordion-text\"><ul>\r\n<li>Versorgung aller deutschen, niederl\u00e4ndischen und \u00f6sterreichischen Logistikstandorte der LGI Gruppe mit \u00d6kostrom<\/li>\r\n<li>Kompensation der Treibhausgas-Emissionen aus Erdgasbeheizung der deutschen Logistikstandorte der LGI Gruppe durch zertifizierte Klimaschutzprojekte<\/li>\r\n<li>Deutliche Senkung des Stromverbrauchs durch Installation von LED-Beleuchtung in unseren Lagerhallen seit 2017<\/li>\r\n<li>Einsatz von sog. \u201cEsavern\u201d f\u00fchrt zu effektiverer Energienutzung, sp\u00fcrbarer Verbrauchssenkung und reduziert elektrische St\u00f6reffekte im Netz (Stromgl\u00e4ttung)<\/li>\r\n<\/ul><\/span><br>\r\n                    <\/div>\r\n                <\/div>\r\n            <\/div>    \r\n            <\/li>\r\n              \r\n            <li class=\"accordion-content-wrap\">\r\n            <h2 class=\"accordion-upper toggle wt-h2\"><span class=\"acc-sign\"><\/span>Nachhaltigkeitsma\u00dfnahmen f\u00fcr Fahrzeuge<\/h2>\r\n            <div class=\"accordion-content inner\">\r\n                <div class=\"row accordion-inner-content onecolumn\">\r\n                   \r\n                    <div class=\"text-area col-12 col-lg-12\">\r\n                        <span class=\"accordion-text\"><ul>\r\n<li>99 % der LGI Lkw erf\u00fcllen die h\u00f6chste Euro-6-Norm zur Reduktion von Treibhausgas-Emissionen\u00a0<\/li>\r\n<li>Investition in alternative Antriebsformen f\u00fcr schwere Nutzfahrzeuge<\/li>\r\n<li>Sukzessive Umstellung auf eine E-Pkw-Flotte mit \u00d6ko-Strom-Ladung an unseren Standorten\u00a0<\/li>\r\n<\/ul><\/span><br>\r\n                    <\/div>\r\n                <\/div>\r\n            <\/div>    \r\n            <\/li>\r\n              \r\n            <li class=\"accordion-content-wrap\">\r\n            <h2 class=\"accordion-upper toggle wt-h2\"><span class=\"acc-sign\"><\/span>Nachhaltigkeitsma\u00dfnahmen f\u00fcr Immobilien und Infrastruktur<\/h2>\r\n            <div class=\"accordion-content inner\">\r\n                <div class=\"row accordion-inner-content onecolumn\">\r\n                   \r\n                    <div class=\"text-area col-12 col-lg-12\">\r\n                        <span class=\"accordion-text\"><ul>\r\n<li>Montage und Nutzung von Photovoltaikanlagen auf geeigneten Dachfl\u00e4chen unserer Logistikimmobilien<\/li>\r\n<li>2021 Errichtung des neuen LGI Standorts Dordrecht (Niederlande) nach modernsten Standards f\u00fcr nachhaltiges und energiebewusstes Bauen sowie Ausstattung mit modernster Technik wie Windr\u00e4dern zur autarken Energieerzeugung und -nutzung<\/li>\r\n<li>2022 Erweiterung des Standorts Oberhausen durch ein angemietetes Geb\u00e4ude, das unter anderem den KfW-Geb\u00e4udestandard \u201eEffizienzhaus 40\u201c erf\u00fcllt\u00a0<\/li>\r\n<\/ul><\/span><br>\r\n                    <\/div>\r\n                <\/div>\r\n            <\/div>    \r\n            <\/li>\r\n                  \r\n                <\/ul>\r\n            <\/div>\r\n        <\/section>\n\n            \r\n        <div class=\"spacing-block extramedium spacing-block-id-69de29a1201e2\" >                                     \r\n                  <div class=\"extra-medium-space\">   \r\n                  <\/div>                      \r\n        <\/div>\n\n   \r\n    \r\n    <section id=\"Contact-person\" class=\"contact-person-block contact-person-block-id-69de29a1202fd encoded-email\" data-idcp=\"6128\" data-mail=\"aG9sZ2VyX2Z1bmtAbGdpLmRl\">\r\n    \r\n        \r\n        <div class=\"contact-person-bg-img-wrapper\">\r\n            <img loading=\"lazy\" decoding=\"async\" width=\"1920\" height=\"500\" src=\"\/wp-content\/uploads\/2023\/01\/tree-in-the-sun-lgi.jpg\" class=\"img-fluid bg-image\" alt=\"Tree in sunlight | LGI\" srcset=\"\/wp-content\/uploads\/2023\/01\/tree-in-the-sun-lgi.jpg 1920w, \/wp-content\/uploads\/2023\/01\/tree-in-the-sun-lgi-300x78.jpg 300w, \/wp-content\/uploads\/2023\/01\/tree-in-the-sun-lgi-1024x267.jpg 1024w, \/wp-content\/uploads\/2023\/01\/tree-in-the-sun-lgi-768x200.jpg 768w, \/wp-content\/uploads\/2023\/01\/tree-in-the-sun-lgi-1536x400.jpg 1536w\" sizes=\"auto, (max-width: 1920px) 100vw, 1920px\" \/>\r\n        <\/div>\r\n        \r\n        <div class=\"container contact-person-content-wrapper\">\r\n            <div class=\"row\">\r\n                <div class=\"col-12 col-lg-6 contact-person-text-wrapper contact-text-align\">\r\n                    <span class=\"wt-bh\">Ihr Kontakt zu LGI<\/span>\r\n                    <span class=\"wt-hl wt-big-string\">Kontaktieren Sie uns <span class='wt-font-color-white'>gerne!<\/span><\/span>\r\n                <\/div>\r\n                <div class=\"col-12 col-lg-6 order-first order-lg-last contact-person-img-wrapper\">\r\n                    <div>\r\n                        <div class=\"contact-person-wrapper contact-person\">\r\n                            <div class=\"d-flex align-items-stretch\">\r\n                                <div class=\"image-section\">\r\n                                    <img loading=\"lazy\" decoding=\"async\" width=\"540\" height=\"500\" src=\"\/wp-content\/uploads\/2023\/01\/lgi-contact-person-funk-holger.png\" class=\"img-fluid\" alt=\"Holger Funk - LGI contact person\" srcset=\"\/wp-content\/uploads\/2023\/01\/lgi-contact-person-funk-holger.png 540w, \/wp-content\/uploads\/2023\/01\/lgi-contact-person-funk-holger-300x278.png 300w\" sizes=\"auto, (max-width: 540px) 100vw, 540px\" \/>\r\n                                <\/div>\r\n                                <div class=\"pe-3 pe-sm-0 ps-3 ps-xl-3 d-flex flex-column justify-content-end content-section\">\r\n                                    <p class=\"wt-sl\">Ihr Kontakt<\/p>\r\n                                \r\n                                    <p class=\"text-sec wt-text-sec\">\r\n                                        <span>CFO<\/span><br>\r\n                                         Holger Funk<br>\r\n                                        <a class=\"wt-k-click-tel\" href=\"tel:\"><\/a><br>\r\n                                        <a class=\"wt-k-click-mail\" href=\"&#109;&#97;&#105;&#108;&#116;&#111;&#58;%68%6f%6c%67%65%72%5f%66%75%6e%6b@%6c%67%69.%64%65\">&#x68;&#x6f;&#x6c;&#x67;&#x65;&#x72;&#x5f;&#x66;&#x75;&#x6e;&#x6b;&#x40;&#x6c;&#x67;&#x69;&#x2e;&#x64;&#x65;<\/a>\r\n                                    <\/p>\r\n                                    <div class=\"button-wrapper\">\r\n                                        <div class=\"wt-bt d-none d-sm-block\" data-bs-toggle=\"modal\" data-bs-target=\"#contactModal\">Kontakt aufnehmen<\/div>\r\n                                        <div class=\"d-none d-sm-block \"> <\/div>\r\n                                    <\/div>    \r\n                                <\/div>\r\n                            <\/div>                            \r\n                            <div class=\"button-wrapper\">\r\n                                <div class=\"mt-md-3 pt-3 pb-3 ps-3 pe-3 pt-md-3 d-sm-none\">\r\n                                    <div class=\"wt-bt\" data-bs-toggle=\"modal\" data-bs-target=\"#contactModal\">Kontakt aufnehmen<\/div>\r\n                                    \r\n                                <\/div>\r\n                            <\/div> \r\n                        <\/div>                        \r\n                    <\/div>                    \r\n                <\/div>\r\n            <\/div>\r\n        <\/div>\r\n        \r\n    <\/section>","protected":false},"excerpt":{"rendered":"<p>In unserer Branche, die von schnellem und zuverl\u00e4ssigem Transport lebt, besteht eine besonders gro\u00dfe Verantwortung gegen\u00fcber Ressourcen und Umwelt. Das Gute daran: Hier besteht auch ein besonders gro\u00dfes Potenzial f\u00fcr Ver\u00e4nderung und Optimierung. Dieses Potenzial nutzen wir. Wir sind uns unserer gro\u00dfen \u00f6kologischen Verantwortung bewusst und handeln entsprechend:Wir gehen bewusst und schonend mit den uns [&hellip;]<\/p>\n","protected":false},"author":1,"featured_media":0,"parent":117,"menu_order":0,"comment_status":"closed","ping_status":"closed","template":"","meta":{"footnotes":""},"class_list":["post-123","page","type-page","status-publish","hentry"],"yoast_head":"<!-- This site is optimized with the Yoast SEO plugin v27.3 - https:\/\/yoast.com\/product\/yoast-seo-wordpress\/ -->\n<title>LGI&#039;s Green Care: Verantwortung f\u00fcr Umwelt &amp; Ressourcen<\/title>\n<meta name=\"description\" content=\"Nachhaltigkeit in der Logistik? Die Verantwortung gegen\u00fcber der Umwelt steht an oberster Stelle, wir suchen stets nachhaltige Alternativen.\" \/>\n<meta name=\"robots\" content=\"index, follow, max-snippet:-1, max-image-preview:large, max-video-preview:-1\" \/>\n<link rel=\"canonical\" href=\"https:\/\/lgigroup.com\/de-de\/wp-json\/wp\/v2\/pages\/123\" \/>\n<meta property=\"og:locale\" content=\"de_DE\" \/>\n<meta property=\"og:type\" content=\"article\" \/>\n<meta property=\"og:title\" content=\"LGI&#039;s Green Care: Verantwortung f\u00fcr Umwelt &amp; Ressourcen\" \/>\n<meta property=\"og:description\" content=\"Nachhaltigkeit in der Logistik? Die Verantwortung gegen\u00fcber der Umwelt steht an oberster Stelle, wir suchen stets nachhaltige Alternativen.\" \/>\n<meta property=\"og:url\" content=\"https:\/\/lgigroup.com\/de-de\/our-care\/green-care\/\" \/>\n<meta property=\"og:site_name\" content=\"LGI Group\" \/>\n<meta property=\"article:modified_time\" content=\"2026-03-27T15:41:25+00:00\" \/>\n<meta name=\"twitter:card\" content=\"summary_large_image\" \/>\n<meta name=\"twitter:label1\" content=\"Est. reading time\" \/>\n\t<meta name=\"twitter:data1\" content=\"1 minute\" \/>\n<script type=\"application\/ld+json\" class=\"yoast-schema-graph\">{\"@context\":\"https:\\\/\\\/schema.org\",\"@graph\":[{\"@type\":\"WebPage\",\"@id\":\"https:\\\/\\\/lgigroup.com\\\/de-de\\\/our-care\\\/green-care\\\/\",\"url\":\"https:\\\/\\\/lgigroup.com\\\/de-de\\\/our-care\\\/green-care\\\/\",\"name\":\"LGI's Green Care: Verantwortung f\u00fcr Umwelt & Ressourcen\",\"isPartOf\":{\"@id\":\"https:\\\/\\\/lgigroup.com\\\/de-de\\\/#website\"},\"datePublished\":\"2022-12-22T13:43:54+00:00\",\"dateModified\":\"2026-03-27T15:41:25+00:00\",\"description\":\"Nachhaltigkeit in der Logistik? Die Verantwortung gegen\u00fcber der Umwelt steht an oberster Stelle, wir suchen stets nachhaltige Alternativen.\",\"breadcrumb\":{\"@id\":\"https:\\\/\\\/lgigroup.com\\\/de-de\\\/our-care\\\/green-care\\\/#breadcrumb\"},\"inLanguage\":\"de-de\",\"potentialAction\":[{\"@type\":\"ReadAction\",\"target\":[\"https:\\\/\\\/lgigroup.com\\\/de-de\\\/our-care\\\/green-care\\\/\"]}]},{\"@type\":\"BreadcrumbList\",\"@id\":\"https:\\\/\\\/lgigroup.com\\\/de-de\\\/our-care\\\/green-care\\\/#breadcrumb\",\"itemListElement\":[{\"@type\":\"ListItem\",\"position\":1,\"name\":\"Startseite\",\"item\":\"https:\\\/\\\/lgigroup.com\\\/de-de\\\/\"},{\"@type\":\"ListItem\",\"position\":2,\"name\":\"Our Care\",\"item\":\"https:\\\/\\\/lgigroup.com\\\/de-de\\\/our-care\\\/\"},{\"@type\":\"ListItem\",\"position\":3,\"name\":\"Green Care\"}]},{\"@type\":\"WebSite\",\"@id\":\"https:\\\/\\\/lgigroup.com\\\/de-de\\\/#website\",\"url\":\"https:\\\/\\\/lgigroup.com\\\/de-de\\\/\",\"name\":\"LGI Group\",\"description\":\"\",\"publisher\":{\"@id\":\"https:\\\/\\\/lgigroup.com\\\/de-de\\\/#organization\"},\"potentialAction\":[{\"@type\":\"SearchAction\",\"target\":{\"@type\":\"EntryPoint\",\"urlTemplate\":\"https:\\\/\\\/lgigroup.com\\\/de-de\\\/?s={search_term_string}\"},\"query-input\":{\"@type\":\"PropertyValueSpecification\",\"valueRequired\":true,\"valueName\":\"search_term_string\"}}],\"inLanguage\":\"de-de\"},{\"@type\":\"Organization\",\"@id\":\"https:\\\/\\\/lgigroup.com\\\/de-de\\\/#organization\",\"name\":\"LGI GmbH\",\"url\":\"https:\\\/\\\/lgigroup.com\\\/de-de\\\/\",\"logo\":{\"@type\":\"ImageObject\",\"inLanguage\":\"de-de\",\"@id\":\"https:\\\/\\\/lgigroup.com\\\/de-de\\\/#\\\/schema\\\/logo\\\/image\\\/\",\"url\":\"https:\\\/\\\/lgigroup.com\\\/wp-content\\\/uploads\\\/2023\\\/01\\\/lgi-logo.png\",\"contentUrl\":\"https:\\\/\\\/lgigroup.com\\\/wp-content\\\/uploads\\\/2023\\\/01\\\/lgi-logo.png\",\"width\":420,\"height\":200,\"caption\":\"LGI GmbH\"},\"image\":{\"@id\":\"https:\\\/\\\/lgigroup.com\\\/de-de\\\/#\\\/schema\\\/logo\\\/image\\\/\"}}]}<\/script>\n<!-- \/ Yoast SEO plugin. -->","yoast_head_json":{"title":"LGI's Green Care: Verantwortung f\u00fcr Umwelt & Ressourcen","description":"Nachhaltigkeit in der Logistik? Die Verantwortung gegen\u00fcber der Umwelt steht an oberster Stelle, wir suchen stets nachhaltige Alternativen.","robots":{"index":"index","follow":"follow","max-snippet":"max-snippet:-1","max-image-preview":"max-image-preview:large","max-video-preview":"max-video-preview:-1"},"canonical":"https:\/\/lgigroup.com\/de-de\/wp-json\/wp\/v2\/pages\/123","og_locale":"de_DE","og_type":"article","og_title":"LGI's Green Care: Verantwortung f\u00fcr Umwelt & Ressourcen","og_description":"Nachhaltigkeit in der Logistik? Die Verantwortung gegen\u00fcber der Umwelt steht an oberster Stelle, wir suchen stets nachhaltige Alternativen.","og_url":"https:\/\/lgigroup.com\/de-de\/our-care\/green-care\/","og_site_name":"LGI Group","article_modified_time":"2026-03-27T15:41:25+00:00","twitter_card":"summary_large_image","twitter_misc":{"Est. reading time":"1 minute"},"schema":{"@context":"https:\/\/schema.org","@graph":[{"@type":"WebPage","@id":"https:\/\/lgigroup.com\/de-de\/our-care\/green-care\/","url":"https:\/\/lgigroup.com\/de-de\/our-care\/green-care\/","name":"LGI's Green Care: Verantwortung f\u00fcr Umwelt & Ressourcen","isPartOf":{"@id":"https:\/\/lgigroup.com\/de-de\/#website"},"datePublished":"2022-12-22T13:43:54+00:00","dateModified":"2026-03-27T15:41:25+00:00","description":"Nachhaltigkeit in der Logistik? Die Verantwortung gegen\u00fcber der Umwelt steht an oberster Stelle, wir suchen stets nachhaltige Alternativen.","breadcrumb":{"@id":"https:\/\/lgigroup.com\/de-de\/our-care\/green-care\/#breadcrumb"},"inLanguage":"de-de","potentialAction":[{"@type":"ReadAction","target":["https:\/\/lgigroup.com\/de-de\/our-care\/green-care\/"]}]},{"@type":"BreadcrumbList","@id":"https:\/\/lgigroup.com\/de-de\/our-care\/green-care\/#breadcrumb","itemListElement":[{"@type":"ListItem","position":1,"name":"Startseite","item":"https:\/\/lgigroup.com\/de-de\/"},{"@type":"ListItem","position":2,"name":"Our Care","item":"https:\/\/lgigroup.com\/de-de\/our-care\/"},{"@type":"ListItem","position":3,"name":"Green Care"}]},{"@type":"WebSite","@id":"https:\/\/lgigroup.com\/de-de\/#website","url":"https:\/\/lgigroup.com\/de-de\/","name":"LGI Group","description":"","publisher":{"@id":"https:\/\/lgigroup.com\/de-de\/#organization"},"potentialAction":[{"@type":"SearchAction","target":{"@type":"EntryPoint","urlTemplate":"https:\/\/lgigroup.com\/de-de\/?s={search_term_string}"},"query-input":{"@type":"PropertyValueSpecification","valueRequired":true,"valueName":"search_term_string"}}],"inLanguage":"de-de"},{"@type":"Organization","@id":"https:\/\/lgigroup.com\/de-de\/#organization","name":"LGI GmbH","url":"https:\/\/lgigroup.com\/de-de\/","logo":{"@type":"ImageObject","inLanguage":"de-de","@id":"https:\/\/lgigroup.com\/de-de\/#\/schema\/logo\/image\/","url":"https:\/\/lgigroup.com\/wp-content\/uploads\/2023\/01\/lgi-logo.png","contentUrl":"https:\/\/lgigroup.com\/wp-content\/uploads\/2023\/01\/lgi-logo.png","width":420,"height":200,"caption":"LGI GmbH"},"image":{"@id":"https:\/\/lgigroup.com\/de-de\/#\/schema\/logo\/image\/"}}]}},"_links":{"self":[{"href":"https:\/\/lgigroup.com\/de-de\/wp-json\/wp\/v2\/pages\/123","targetHints":{"allow":["GET"]}}],"collection":[{"href":"https:\/\/lgigroup.com\/de-de\/wp-json\/wp\/v2\/pages"}],"about":[{"href":"https:\/\/lgigroup.com\/de-de\/wp-json\/wp\/v2\/types\/page"}],"author":[{"embeddable":true,"href":"https:\/\/lgigroup.com\/de-de\/wp-json\/wp\/v2\/users\/1"}],"replies":[{"embeddable":true,"href":"https:\/\/lgigroup.com\/de-de\/wp-json\/wp\/v2\/comments?post=123"}],"version-history":[{"count":18,"href":"https:\/\/lgigroup.com\/de-de\/wp-json\/wp\/v2\/pages\/123\/revisions"}],"predecessor-version":[{"id":30294,"href":"https:\/\/lgigroup.com\/de-de\/wp-json\/wp\/v2\/pages\/123\/revisions\/30294"}],"up":[{"embeddable":true,"href":"https:\/\/lgigroup.com\/de-de\/wp-json\/wp\/v2\/pages\/117"}],"wp:attachment":[{"href":"https:\/\/lgigroup.com\/de-de\/wp-json\/wp\/v2\/media?parent=123"}],"curies":[{"name":"wp","href":"https:\/\/api.w.org\/{rel}","templated":true}]}}