{"id":125,"date":"2022-12-22T14:44:20","date_gmt":"2022-12-22T13:44:20","guid":{"rendered":"https:\/\/lgigroup.com\/?page_id=125"},"modified":"2024-12-03T14:29:41","modified_gmt":"2024-12-03T13:29:41","slug":"social-care","status":"publish","type":"page","link":"https:\/\/lgigroup.com\/de-de\/our-care\/social-care\/","title":{"rendered":"Social Care"},"content":{"rendered":"\r\n\t\t<section class=\"titelbild-section titelbild-block-id-69de2a6a6162a titelbild-block-layout-\">\r\n            <div class=\"col-12 col-lg-12\">\r\n                <div class=\"full-bild\"> <img loading=\"lazy\" decoding=\"async\" width=\"1920\" height=\"700\" src=\"\/wp-content\/uploads\/2023\/01\/people-put-hands-together-lgi-social-care.jpg\" class=\"img-fluid\" alt=\"Menschen legen H\u00e4nde zusammen | LGI Social Care\" srcset=\"\/wp-content\/uploads\/2023\/01\/people-put-hands-together-lgi-social-care.jpg 1920w, \/wp-content\/uploads\/2023\/01\/people-put-hands-together-lgi-social-care-300x109.jpg 300w, \/wp-content\/uploads\/2023\/01\/people-put-hands-together-lgi-social-care-1024x373.jpg 1024w, \/wp-content\/uploads\/2023\/01\/people-put-hands-together-lgi-social-care-768x280.jpg 768w, \/wp-content\/uploads\/2023\/01\/people-put-hands-together-lgi-social-care-1536x560.jpg 1536w\" sizes=\"auto, (max-width: 1920px) 100vw, 1920px\" \/><\/div>\r\n                <div class=\"bild-title container\">\r\n                    <div class=\"row\">\r\n                                <div class=\"col\">\r\n                                    <p class=\"headline wt-h1\">Soziales Engagement bei LGI<\/p>\r\n                                <\/div>                                        \r\n                            <\/div> \r\n                <\/div>\r\n            <\/div>\r\n        <\/section>\r\n\t\n\n            \r\n        <div class=\"spacing-block large spacing-block-id-69de2a6a61e30\" >                                     \r\n                  <div class=\"large-space\">   \r\n                  <\/div>                      \r\n        <\/div>\n\n\r\n                <div class=\"headline-block \">\r\n                    \r\n                        <div class=\"container\">                            \r\n                            <div class=\"row\">\r\n                        <div class=\"col\">\r\n                            <h1 class=\"wt-subheadline wt-sl sub-headline-align\">Social-Care<\/h1>\r\n                        <\/div>\r\n                    <\/div>\r\n                            \r\n                            <div class=\"row\">\r\n                                <div class=\"col\">\r\n                                    <h2 class=\"wt-h1 wt-font-color-dark-grey\">Engagement nicht nur f\u00fcr Logistik<\/h2>\r\n                                <\/div>                                        \r\n                            <\/div>                                                                                                    \r\n                        <\/div>                                \r\n                <\/div>\r\n            \n\n            \r\n        <div class=\"spacing-block extrasmall spacing-block-id-69de2a6a61fca\" >                                     \r\n                  <div class=\"extra-small-space\">   \r\n                  <\/div>                      \r\n        <\/div>\n\n   \r\n    \r\n    <div class=\"grey-line-block grey-line-block-id-69de2a6a62091\">\r\n        \r\n        <div class=\"container\">\r\n            <div class=\"row\">\r\n                <div class=\"col test\">\r\n                    <div class=\"grey-line-block-line\"><\/div>\r\n                <\/div>                \r\n            <\/div>\r\n        <\/div>\r\n        \r\n    <\/div>\n\n            \r\n        <div class=\"spacing-block small spacing-block-id-69de2a6a62155\" >                                     \r\n                  <div class=\"small-space\">   \r\n                  <\/div>                      \r\n        <\/div>\n\n\r\n                <div class=\"headline-block \">\r\n                    \r\n                        <div class=\"container\">                            \r\n                            <div class=\"row\">\r\n                        <div class=\"col\">\r\n                            <h3 class=\"wt-subheadline wt-sl\">Unsere soziale Verantwortung und unser Engagement<\/h3>\r\n                        <\/div>\r\n                    <\/div>\r\n                            \r\n                                                                                                                                \r\n                        <\/div>                                \r\n                <\/div>\r\n            \n\n            \r\n        <div class=\"spacing-block extrasmall spacing-block-id-69de2a6a622d6\" >                                     \r\n                  <div class=\"extra-small-space\">   \r\n                  <\/div>                      \r\n        <\/div>\n\n\n<div class=\"wp-block-group container\"><div class=\"wp-block-group__inner-container is-layout-constrained wp-block-group-is-layout-constrained\">\n<div class=\"wp-block-columns is-layout-flex wp-container-core-columns-is-layout-9d6595d7 wp-block-columns-is-layout-flex\">\n<div class=\"wp-block-column is-layout-flow wp-block-column-is-layout-flow\">\n<p>Als verantwortungsvolles Unternehmen setzen wir uns selbstverst\u00e4ndlich aktiv f\u00fcr Chancengleichheit und soziale Gerechtigkeit, f\u00fcr unsere Region und unsere Belegschaft ein.<\/p>\n\n\n\n<p>Wir haben dabei unter anderem benachteiligte Menschen auf dem Arbeitsmarkt im Fokus. So engagieren wir uns beispielsweise als Kooperationspartner der Initiative \u201esocialbee\u201c mit Qualifizierungsprogrammen, Intensiv-Trainings und Fachkr\u00e4ftevermittlung f\u00fcr die berufliche Integration Gefl\u00fcchteter in Deutschland.&nbsp;<\/p>\n\n\n\n<p>Betriebsintern sind die F\u00f6rderung von Diversit\u00e4t sowie von Frauen in F\u00fchrungspositionen zwei Schwerpunktthemen.<br><\/p>\n<\/div>\n\n\n\n<div class=\"wp-block-column is-layout-flow wp-block-column-is-layout-flow\">\n<p>Die gesamte Belegschaft von LGI ist einem einheitlichen, modernen Verhaltenskodex verpflichtet, der konzernweit Kernthemen wie Gesundheit, Sicherheit, Vielfalt und Gleichberechtigung regelt. Dar\u00fcber hinaus bieten wir zahlreiche Ma\u00dfnahmen und Programme zur Mitarbeiterf\u00f6rderung sowie fachliche Aus- und Weiterbildungsangebote f\u00fcr alle Qualifizierungsniveaus. Und sollten bei unseren Mitarbeitenden Fragen oder Probleme auftauchen, haben unsere Personalabteilungen an den jeweiligen <a href=\"\/de-de\/standorte\/\">LGI-Standorten<\/a> immer ein offenes Ohr f\u00fcr sie.<\/p>\n<\/div>\n<\/div>\n<\/div><\/div>\n\n\n            \r\n        <div class=\"spacing-block small spacing-block-id-69de2a6a6384b\" >                                     \r\n                  <div class=\"small-space\">   \r\n                  <\/div>                      \r\n        <\/div>\n\n\r\n        <section class=\"accordion-section\">\r\n            <div class=\"container\">\r\n            <ul class=\"accordion\">\r\n            <li class=\"accordion-content-wrap\">\r\n            <h2 class=\"accordion-upper toggle wt-h2\"><span class=\"acc-sign\"><\/span>Unser Engagement f\u00fcr Chancengleichheit<\/h2>\r\n            <div class=\"accordion-content inner\">\r\n                <div class=\"row accordion-inner-content onecolumn\">\r\n                   \r\n                    <div class=\"text-area col-12 col-lg-12\">\r\n                        <span class=\"accordion-text\"><ul>\r\n<li>Kooperation mit der Initiative \u201esocialbee\u201c zur Integration Gefl\u00fcchteter in den deutschen Arbeitsmarkt<\/li>\r\n<li>Aktive Zusammenarbeit mit der \u201eLebenshilfe B\u00f6blingen e. V.\u201c zur Verbesserung der beruflichen Zukunft von Menschen mit Behinderung, z. B. durch einen Arbeitsvertrag<\/li>\r\n<li>Unterst\u00fctzung des europaweiten Netzwerks \u201eROCK YOUR LIFE!\u201c f\u00fcr Bildungsgerechtigkeit und Chancengleichheit von Sch\u00fcler*innen und Studierenden<\/li>\r\n<li>Zusammenarbeit und F\u00f6rderung verschiedener Kinder- und Jugendprojekte, z. B. \u201eRede Cultural Beija-Flor\u201c-Projekt (Brasilien) und \u201ePratham Education Foundation\u201c (Indien)<\/li>\r\n<\/ul><\/span><br>\r\n                    <\/div>\r\n                <\/div>\r\n            <\/div>    \r\n            <\/li>\r\n              \r\n            <li class=\"accordion-content-wrap\">\r\n            <h2 class=\"accordion-upper toggle wt-h2\"><span class=\"acc-sign\"><\/span>Unser Engagement f\u00fcr Gesellschaft und Region<\/h2>\r\n            <div class=\"accordion-content inner\">\r\n                <div class=\"row accordion-inner-content onecolumn\">\r\n                   \r\n                    <div class=\"text-area col-12 col-lg-12\">\r\n                        <span class=\"accordion-text\"><ul>\r\n<li>Unterst\u00fctzung gemeinn\u00fctziger Einrichtungen, z. B. regelm\u00e4\u00dfige Durchf\u00fchrung von Hilfsg\u00fctertransporten in den Senegal und nach Rum\u00e4nien<\/li>\r\n<li>Seit \u00fcber 20 Jahren Unterst\u00fctzung des \u201eF\u00f6rdervereins f\u00fcr krebskranke Kinder T\u00fcbingen e.V.\u201c<\/li>\r\n<li>Kooperationspartnerin der Initiative \u201eHacker School\u201c, um Sch\u00fclerinnen und Sch\u00fcler in digitaler Bildung durch Programmier-Workshops zu f\u00f6rdern<\/li>\r\n<\/ul><\/span><br>\r\n                    <\/div>\r\n                <\/div>\r\n            <\/div>    \r\n            <\/li>\r\n              \r\n            <li class=\"accordion-content-wrap\">\r\n            <h2 class=\"accordion-upper toggle wt-h2\"><span class=\"acc-sign\"><\/span>Unser Engagement f\u00fcr unsere Belegschaft<\/h2>\r\n            <div class=\"accordion-content inner\">\r\n                <div class=\"row accordion-inner-content onecolumn\">\r\n                   \r\n                    <div class=\"text-area col-12 col-lg-12\">\r\n                        <span class=\"accordion-text\"><ul>\r\n<li><a href=\"\/de-de\/richtlinien-dokumente\/verhaltenskodex\/\">Verhaltenskodex<\/a> mit konzernweiten gemeinsamen Werten und expliziten Bestandteilen zu Gesundheit, Sicherheit, Vielfalt und Gleichberechtigung<\/li>\r\n<li>Erhalt bzw. Ausbau des aktuellen Anteils von Frauen in F\u00fchrungspositionen<\/li>\r\n<li>Konzernweit gezielte F\u00f6rderung von Frauen, u. a. durch Ber\u00fccksichtigung bei langfristiger Nachfolgeplanung f\u00fcr F\u00fchrungspositionen<\/li>\r\n<li>Sicherstellung der Vereinbarkeit von Beruf und Familie, u. a. durch M\u00f6glichkeiten zur Teilzeitbesch\u00e4ftigung, flexible Arbeitszeiten und mobiles Arbeiten<\/li>\r\n<li>Fokus auf die Zusammenstellung von vielf\u00e4ltigen Teams bei der Rekrutierung von neuen Teammitgliedern<\/li>\r\n<li>Vertrauensvolle Zusammenarbeit zwischen LGI als Arbeitgeberin und Interessenvertretungen der Mitarbeitenden<\/li>\r\n<li>Umfangreiche Weiterbildungsma\u00dfnahmen im eigenen Firmenverbund (Logistik Lernzentrum), \u00fcber ausgew\u00e4hlte zus\u00e4tzliche Mentoring Programme (LGI University) sowie digitale Weiterbildung (Udemy)<\/li>\r\n<li>\u201eJobRad\u201c-Angebot f\u00fcr alle Mitarbeitenden<\/li>\r\n<li>Aktive Unterst\u00fctzung ehrenamtlich engagierter Mitarbeitender, z. B. Freiwillige Feuerwehr, Rettungsdienst, Technisches Hilfswerk, IHK Ausbilder, IHK Pr\u00fcfer<\/li>\r\n<\/ul><\/span><br>\r\n                    <\/div>\r\n                <\/div>\r\n            <\/div>    \r\n            <\/li>\r\n                  \r\n                <\/ul>\r\n            <\/div>\r\n        <\/section>\n\n            \r\n        <div class=\"spacing-block extramedium spacing-block-id-69de2a6a63cdd\" >                                     \r\n                  <div class=\"extra-medium-space\">   \r\n                  <\/div>                      \r\n        <\/div>\n\n   \r\n    \r\n    <section id=\"Contact-person\" class=\"contact-person-block contact-person-block-id-69de2a6a63da3 encoded-email\" data-idcp=\"6380\" data-mail=\"eW9ya19oZWlsaWdlckBsZ2kuZGU=\">\r\n    \r\n        \r\n        <div class=\"contact-person-bg-img-wrapper\">\r\n            <img loading=\"lazy\" decoding=\"async\" width=\"1920\" height=\"500\" src=\"\/wp-content\/uploads\/2023\/04\/person-with-smartphone-lgi.jpg\" class=\"img-fluid bg-image\" alt=\"Person mit Smartphone | LGI\" srcset=\"\/wp-content\/uploads\/2023\/04\/person-with-smartphone-lgi.jpg 1920w, \/wp-content\/uploads\/2023\/04\/person-with-smartphone-lgi-300x78.jpg 300w, \/wp-content\/uploads\/2023\/04\/person-with-smartphone-lgi-1024x267.jpg 1024w, \/wp-content\/uploads\/2023\/04\/person-with-smartphone-lgi-768x200.jpg 768w, \/wp-content\/uploads\/2023\/04\/person-with-smartphone-lgi-1536x400.jpg 1536w\" sizes=\"auto, (max-width: 1920px) 100vw, 1920px\" \/>\r\n        <\/div>\r\n        \r\n        <div class=\"container contact-person-content-wrapper\">\r\n            <div class=\"row\">\r\n                <div class=\"col-12 col-lg-6 contact-person-text-wrapper contact-text-align\">\r\n                    <span class=\"wt-bh\">Ihr Kontakt zu LGI<\/span>\r\n                    <span class=\"wt-hl wt-big-string\">Kontaktieren Sie uns <span class='wt-font-color-white'>gerne!<\/span><\/span>\r\n                <\/div>\r\n                <div class=\"col-12 col-lg-6 order-first order-lg-last contact-person-img-wrapper\">\r\n                    <div>\r\n                        <div class=\"contact-person-wrapper contact-person\">\r\n                            <div class=\"d-flex align-items-stretch\">\r\n                                <div class=\"image-section\">\r\n                                    <img loading=\"lazy\" decoding=\"async\" width=\"540\" height=\"500\" src=\"\/wp-content\/uploads\/2023\/01\/lgi-contact-person-heiliger-york.png\" class=\"img-fluid\" alt=\"York Heiliger - LGI contact person\" srcset=\"\/wp-content\/uploads\/2023\/01\/lgi-contact-person-heiliger-york.png 540w, \/wp-content\/uploads\/2023\/01\/lgi-contact-person-heiliger-york-300x278.png 300w\" sizes=\"auto, (max-width: 540px) 100vw, 540px\" \/>\r\n                                <\/div>\r\n                                <div class=\"pe-3 pe-sm-0 ps-3 ps-xl-3 d-flex flex-column justify-content-end content-section\">\r\n                                    <p class=\"wt-sl\">Ihr Kontakt<\/p>\r\n                                \r\n                                    <p class=\"text-sec wt-text-sec\">\r\n                                        <span>Vice President Corporate Human Resources<\/span><br>\r\n                                         York Heiliger<br>\r\n                                        <a class=\"wt-k-click-tel\" href=\"tel:+4970312009200\">+49 7031 2009 200<\/a><br>\r\n                                        <a class=\"wt-k-click-mail\" href=\"&#109;&#97;&#105;&#108;&#116;&#111;&#58;%79%6f%72%6b%5f%68%65%69%6c%69%67%65%72@%6c%67%69.%64%65\">&#x79;&#x6f;&#x72;&#x6b;&#x5f;&#x68;&#x65;&#x69;&#x6c;&#x69;&#x67;&#x65;&#x72;&#x40;&#x6c;&#x67;&#x69;&#x2e;&#x64;&#x65;<\/a>\r\n                                    <\/p>\r\n                                    <div class=\"button-wrapper\">\r\n                                        <div class=\"wt-bt d-none d-sm-block\" data-bs-toggle=\"modal\" data-bs-target=\"#contactModal\">Kontakt aufnehmen<\/div>\r\n                                        <div class=\"d-none d-sm-block \"> <\/div>\r\n                                    <\/div>    \r\n                                <\/div>\r\n                            <\/div>                            \r\n                            <div class=\"button-wrapper\">\r\n                                <div class=\"mt-md-3 pt-3 pb-3 ps-3 pe-3 pt-md-3 d-sm-none\">\r\n                                    <div class=\"wt-bt\" data-bs-toggle=\"modal\" data-bs-target=\"#contactModal\">Kontakt aufnehmen<\/div>\r\n                                    \r\n                                <\/div>\r\n                            <\/div> \r\n                        <\/div>                        \r\n                    <\/div>                    \r\n                <\/div>\r\n            <\/div>\r\n        <\/div>\r\n        \r\n    <\/section>","protected":false},"excerpt":{"rendered":"<p>Als verantwortungsvolles Unternehmen setzen wir uns selbstverst\u00e4ndlich aktiv f\u00fcr Chancengleichheit und soziale Gerechtigkeit, f\u00fcr unsere Region und unsere Belegschaft ein. Wir haben dabei unter anderem benachteiligte Menschen auf dem Arbeitsmarkt im Fokus. So engagieren wir uns beispielsweise als Kooperationspartner der Initiative \u201esocialbee\u201c mit Qualifizierungsprogrammen, Intensiv-Trainings und Fachkr\u00e4ftevermittlung f\u00fcr die berufliche Integration Gefl\u00fcchteter in Deutschland.&nbsp; Betriebsintern [&hellip;]<\/p>\n","protected":false},"author":1,"featured_media":0,"parent":117,"menu_order":0,"comment_status":"closed","ping_status":"closed","template":"","meta":{"footnotes":""},"class_list":["post-125","page","type-page","status-publish","hentry"],"yoast_head":"<!-- This site is optimized with the Yoast SEO plugin v27.3 - https:\/\/yoast.com\/product\/yoast-seo-wordpress\/ -->\n<title>LGI&#039;s Social Care: Engagement nicht nur f\u00fcr Logistik<\/title>\n<meta name=\"description\" content=\"LGI steht f\u00fcr Chancengleichheit und soziale Gerechtigkeit. Daf\u00fcr gibt es verschiedene Initiativen, F\u00f6rderungen &amp; Training. \u27a4 Mehr erfahren\" \/>\n<meta name=\"robots\" content=\"index, follow, max-snippet:-1, max-image-preview:large, max-video-preview:-1\" \/>\n<link rel=\"canonical\" href=\"https:\/\/lgigroup.com\/de-de\/wp-json\/wp\/v2\/pages\/125\" \/>\n<meta property=\"og:locale\" content=\"de_DE\" \/>\n<meta property=\"og:type\" content=\"article\" \/>\n<meta property=\"og:title\" content=\"LGI&#039;s Social Care: Engagement nicht nur f\u00fcr Logistik\" \/>\n<meta property=\"og:description\" content=\"LGI steht f\u00fcr Chancengleichheit und soziale Gerechtigkeit. Daf\u00fcr gibt es verschiedene Initiativen, F\u00f6rderungen &amp; Training. \u27a4 Mehr erfahren\" \/>\n<meta property=\"og:url\" content=\"https:\/\/lgigroup.com\/de-de\/our-care\/social-care\/\" \/>\n<meta property=\"og:site_name\" content=\"LGI Group\" \/>\n<meta property=\"article:modified_time\" content=\"2024-12-03T13:29:41+00:00\" \/>\n<meta name=\"twitter:card\" content=\"summary_large_image\" \/>\n<meta name=\"twitter:label1\" content=\"Est. reading time\" \/>\n\t<meta name=\"twitter:data1\" content=\"1 minute\" \/>\n<script type=\"application\/ld+json\" class=\"yoast-schema-graph\">{\"@context\":\"https:\\\/\\\/schema.org\",\"@graph\":[{\"@type\":\"WebPage\",\"@id\":\"https:\\\/\\\/lgigroup.com\\\/de-de\\\/our-care\\\/social-care\\\/\",\"url\":\"https:\\\/\\\/lgigroup.com\\\/de-de\\\/our-care\\\/social-care\\\/\",\"name\":\"LGI's Social Care: Engagement nicht nur f\u00fcr Logistik\",\"isPartOf\":{\"@id\":\"https:\\\/\\\/lgigroup.com\\\/de-de\\\/#website\"},\"datePublished\":\"2022-12-22T13:44:20+00:00\",\"dateModified\":\"2024-12-03T13:29:41+00:00\",\"description\":\"LGI steht f\u00fcr Chancengleichheit und soziale Gerechtigkeit. Daf\u00fcr gibt es verschiedene Initiativen, F\u00f6rderungen & Training. \u27a4 Mehr erfahren\",\"breadcrumb\":{\"@id\":\"https:\\\/\\\/lgigroup.com\\\/de-de\\\/our-care\\\/social-care\\\/#breadcrumb\"},\"inLanguage\":\"de-de\",\"potentialAction\":[{\"@type\":\"ReadAction\",\"target\":[\"https:\\\/\\\/lgigroup.com\\\/de-de\\\/our-care\\\/social-care\\\/\"]}]},{\"@type\":\"BreadcrumbList\",\"@id\":\"https:\\\/\\\/lgigroup.com\\\/de-de\\\/our-care\\\/social-care\\\/#breadcrumb\",\"itemListElement\":[{\"@type\":\"ListItem\",\"position\":1,\"name\":\"Startseite\",\"item\":\"https:\\\/\\\/lgigroup.com\\\/de-de\\\/\"},{\"@type\":\"ListItem\",\"position\":2,\"name\":\"Our Care\",\"item\":\"https:\\\/\\\/lgigroup.com\\\/de-de\\\/our-care\\\/\"},{\"@type\":\"ListItem\",\"position\":3,\"name\":\"Social Care\"}]},{\"@type\":\"WebSite\",\"@id\":\"https:\\\/\\\/lgigroup.com\\\/de-de\\\/#website\",\"url\":\"https:\\\/\\\/lgigroup.com\\\/de-de\\\/\",\"name\":\"LGI Group\",\"description\":\"\",\"publisher\":{\"@id\":\"https:\\\/\\\/lgigroup.com\\\/de-de\\\/#organization\"},\"potentialAction\":[{\"@type\":\"SearchAction\",\"target\":{\"@type\":\"EntryPoint\",\"urlTemplate\":\"https:\\\/\\\/lgigroup.com\\\/de-de\\\/?s={search_term_string}\"},\"query-input\":{\"@type\":\"PropertyValueSpecification\",\"valueRequired\":true,\"valueName\":\"search_term_string\"}}],\"inLanguage\":\"de-de\"},{\"@type\":\"Organization\",\"@id\":\"https:\\\/\\\/lgigroup.com\\\/de-de\\\/#organization\",\"name\":\"LGI GmbH\",\"url\":\"https:\\\/\\\/lgigroup.com\\\/de-de\\\/\",\"logo\":{\"@type\":\"ImageObject\",\"inLanguage\":\"de-de\",\"@id\":\"https:\\\/\\\/lgigroup.com\\\/de-de\\\/#\\\/schema\\\/logo\\\/image\\\/\",\"url\":\"https:\\\/\\\/lgigroup.com\\\/wp-content\\\/uploads\\\/2023\\\/01\\\/lgi-logo.png\",\"contentUrl\":\"https:\\\/\\\/lgigroup.com\\\/wp-content\\\/uploads\\\/2023\\\/01\\\/lgi-logo.png\",\"width\":420,\"height\":200,\"caption\":\"LGI GmbH\"},\"image\":{\"@id\":\"https:\\\/\\\/lgigroup.com\\\/de-de\\\/#\\\/schema\\\/logo\\\/image\\\/\"}}]}<\/script>\n<!-- \/ Yoast SEO plugin. -->","yoast_head_json":{"title":"LGI's Social Care: Engagement nicht nur f\u00fcr Logistik","description":"LGI steht f\u00fcr Chancengleichheit und soziale Gerechtigkeit. Daf\u00fcr gibt es verschiedene Initiativen, F\u00f6rderungen & Training. \u27a4 Mehr erfahren","robots":{"index":"index","follow":"follow","max-snippet":"max-snippet:-1","max-image-preview":"max-image-preview:large","max-video-preview":"max-video-preview:-1"},"canonical":"https:\/\/lgigroup.com\/de-de\/wp-json\/wp\/v2\/pages\/125","og_locale":"de_DE","og_type":"article","og_title":"LGI's Social Care: Engagement nicht nur f\u00fcr Logistik","og_description":"LGI steht f\u00fcr Chancengleichheit und soziale Gerechtigkeit. Daf\u00fcr gibt es verschiedene Initiativen, F\u00f6rderungen & Training. \u27a4 Mehr erfahren","og_url":"https:\/\/lgigroup.com\/de-de\/our-care\/social-care\/","og_site_name":"LGI Group","article_modified_time":"2024-12-03T13:29:41+00:00","twitter_card":"summary_large_image","twitter_misc":{"Est. reading time":"1 minute"},"schema":{"@context":"https:\/\/schema.org","@graph":[{"@type":"WebPage","@id":"https:\/\/lgigroup.com\/de-de\/our-care\/social-care\/","url":"https:\/\/lgigroup.com\/de-de\/our-care\/social-care\/","name":"LGI's Social Care: Engagement nicht nur f\u00fcr Logistik","isPartOf":{"@id":"https:\/\/lgigroup.com\/de-de\/#website"},"datePublished":"2022-12-22T13:44:20+00:00","dateModified":"2024-12-03T13:29:41+00:00","description":"LGI steht f\u00fcr Chancengleichheit und soziale Gerechtigkeit. Daf\u00fcr gibt es verschiedene Initiativen, F\u00f6rderungen & Training. \u27a4 Mehr erfahren","breadcrumb":{"@id":"https:\/\/lgigroup.com\/de-de\/our-care\/social-care\/#breadcrumb"},"inLanguage":"de-de","potentialAction":[{"@type":"ReadAction","target":["https:\/\/lgigroup.com\/de-de\/our-care\/social-care\/"]}]},{"@type":"BreadcrumbList","@id":"https:\/\/lgigroup.com\/de-de\/our-care\/social-care\/#breadcrumb","itemListElement":[{"@type":"ListItem","position":1,"name":"Startseite","item":"https:\/\/lgigroup.com\/de-de\/"},{"@type":"ListItem","position":2,"name":"Our Care","item":"https:\/\/lgigroup.com\/de-de\/our-care\/"},{"@type":"ListItem","position":3,"name":"Social Care"}]},{"@type":"WebSite","@id":"https:\/\/lgigroup.com\/de-de\/#website","url":"https:\/\/lgigroup.com\/de-de\/","name":"LGI Group","description":"","publisher":{"@id":"https:\/\/lgigroup.com\/de-de\/#organization"},"potentialAction":[{"@type":"SearchAction","target":{"@type":"EntryPoint","urlTemplate":"https:\/\/lgigroup.com\/de-de\/?s={search_term_string}"},"query-input":{"@type":"PropertyValueSpecification","valueRequired":true,"valueName":"search_term_string"}}],"inLanguage":"de-de"},{"@type":"Organization","@id":"https:\/\/lgigroup.com\/de-de\/#organization","name":"LGI GmbH","url":"https:\/\/lgigroup.com\/de-de\/","logo":{"@type":"ImageObject","inLanguage":"de-de","@id":"https:\/\/lgigroup.com\/de-de\/#\/schema\/logo\/image\/","url":"https:\/\/lgigroup.com\/wp-content\/uploads\/2023\/01\/lgi-logo.png","contentUrl":"https:\/\/lgigroup.com\/wp-content\/uploads\/2023\/01\/lgi-logo.png","width":420,"height":200,"caption":"LGI GmbH"},"image":{"@id":"https:\/\/lgigroup.com\/de-de\/#\/schema\/logo\/image\/"}}]}},"_links":{"self":[{"href":"https:\/\/lgigroup.com\/de-de\/wp-json\/wp\/v2\/pages\/125","targetHints":{"allow":["GET"]}}],"collection":[{"href":"https:\/\/lgigroup.com\/de-de\/wp-json\/wp\/v2\/pages"}],"about":[{"href":"https:\/\/lgigroup.com\/de-de\/wp-json\/wp\/v2\/types\/page"}],"author":[{"embeddable":true,"href":"https:\/\/lgigroup.com\/de-de\/wp-json\/wp\/v2\/users\/1"}],"replies":[{"embeddable":true,"href":"https:\/\/lgigroup.com\/de-de\/wp-json\/wp\/v2\/comments?post=125"}],"version-history":[{"count":16,"href":"https:\/\/lgigroup.com\/de-de\/wp-json\/wp\/v2\/pages\/125\/revisions"}],"predecessor-version":[{"id":17652,"href":"https:\/\/lgigroup.com\/de-de\/wp-json\/wp\/v2\/pages\/125\/revisions\/17652"}],"up":[{"embeddable":true,"href":"https:\/\/lgigroup.com\/de-de\/wp-json\/wp\/v2\/pages\/117"}],"wp:attachment":[{"href":"https:\/\/lgigroup.com\/de-de\/wp-json\/wp\/v2\/media?parent=125"}],"curies":[{"name":"wp","href":"https:\/\/api.w.org\/{rel}","templated":true}]}}