{"id":127,"date":"2022-12-22T14:44:44","date_gmt":"2022-12-22T13:44:44","guid":{"rendered":"https:\/\/lgigroup.com\/?page_id=127"},"modified":"2025-12-13T12:31:17","modified_gmt":"2025-12-13T11:31:17","slug":"safety-care","status":"publish","type":"page","link":"https:\/\/lgigroup.com\/de-de\/our-care\/safety-care\/","title":{"rendered":"Safety Care"},"content":{"rendered":"\r\n\t\t<section class=\"titelbild-section titelbild-block-id-69e9deebb28a1 titelbild-block-layout-\">\r\n            <div class=\"col-12 col-lg-12\">\r\n                <div class=\"full-bild\"> <img loading=\"lazy\" decoding=\"async\" width=\"1920\" height=\"700\" src=\"\/wp-content\/uploads\/2023\/01\/person-holds-helmet-lgi-safety-care.jpg\" class=\"img-fluid\" alt=\"Person h\u00e4lt Helm in der Hand | LGI Safety Care\" srcset=\"\/wp-content\/uploads\/2023\/01\/person-holds-helmet-lgi-safety-care.jpg 1920w, \/wp-content\/uploads\/2023\/01\/person-holds-helmet-lgi-safety-care-300x109.jpg 300w, \/wp-content\/uploads\/2023\/01\/person-holds-helmet-lgi-safety-care-1024x373.jpg 1024w, \/wp-content\/uploads\/2023\/01\/person-holds-helmet-lgi-safety-care-768x280.jpg 768w, \/wp-content\/uploads\/2023\/01\/person-holds-helmet-lgi-safety-care-1536x560.jpg 1536w\" sizes=\"auto, (max-width: 1920px) 100vw, 1920px\" \/><\/div>\r\n                <div class=\"bild-title container\">\r\n                    <div class=\"row\">\r\n                                <div class=\"col\">\r\n                                    <p class=\"headline wt-h1\">Arbeitssicherheit bei LGI<\/p>\r\n                                <\/div>                                        \r\n                            <\/div> \r\n                <\/div>\r\n            <\/div>\r\n        <\/section>\r\n\t\n\n            \r\n        <div class=\"spacing-block large spacing-block-id-69e9deebb2fc1\" >                                     \r\n                  <div class=\"large-space\">   \r\n                  <\/div>                      \r\n        <\/div>\n\n\r\n                <div class=\"headline-block \">\r\n                    \r\n                        <div class=\"container\">                            \r\n                            <div class=\"row\">\r\n                        <div class=\"col\">\r\n                            <h1 class=\"wt-subheadline wt-sl sub-headline-align\">Safety-Care<\/h1>\r\n                        <\/div>\r\n                    <\/div>\r\n                            \r\n                            <div class=\"row\">\r\n                                <div class=\"col\">\r\n                                    <h2 class=\"wt-h1 wt-font-color-dark-grey\">Gesundheit und Sicherheit<\/h2>\r\n                                <\/div>                                        \r\n                            <\/div>                                                                                                    \r\n                        <\/div>                                \r\n                <\/div>\r\n            \n\n            \r\n        <div class=\"spacing-block extrasmall spacing-block-id-69e9deebb3162\" >                                     \r\n                  <div class=\"extra-small-space\">   \r\n                  <\/div>                      \r\n        <\/div>\n\n   \r\n    \r\n    <div class=\"grey-line-block grey-line-block-id-69e9deebb3227\">\r\n        \r\n        <div class=\"container\">\r\n            <div class=\"row\">\r\n                <div class=\"col test\">\r\n                    <div class=\"grey-line-block-line\"><\/div>\r\n                <\/div>                \r\n            <\/div>\r\n        <\/div>\r\n        \r\n    <\/div>\n\n            \r\n        <div class=\"spacing-block small spacing-block-id-69e9deebb32ea\" >                                     \r\n                  <div class=\"small-space\">   \r\n                  <\/div>                      \r\n        <\/div>\n\n\r\n                <div class=\"headline-block \">\r\n                    \r\n                        <div class=\"container\">                            \r\n                            <div class=\"row\">\r\n                        <div class=\"col\">\r\n                            <h3 class=\"wt-subheadline wt-sl\">Sichere Arbeitsbedingungen f\u00fcr unsere Belegschaft<\/h3>\r\n                        <\/div>\r\n                    <\/div>\r\n                            \r\n                                                                                                                                \r\n                        <\/div>                                \r\n                <\/div>\r\n            \n\n            \r\n        <div class=\"spacing-block extrasmall spacing-block-id-69e9deebb346b\" >                                     \r\n                  <div class=\"extra-small-space\">   \r\n                  <\/div>                      \r\n        <\/div>\n\n\n<div class=\"wp-block-group container\"><div class=\"wp-block-group__inner-container is-layout-constrained wp-block-group-is-layout-constrained\">\n<div class=\"wp-block-columns is-layout-flex wp-container-core-columns-is-layout-9d6595d7 wp-block-columns-is-layout-flex\">\n<div class=\"wp-block-column is-layout-flow wp-block-column-is-layout-flow\">\n<p>Die Sicherheit und Gesundheit unserer Besch\u00e4ftigten haben f\u00fcr uns die h\u00f6chste Priorit\u00e4t. Daher ist es uns ein Herzensanliegen, mit unseren Arbeitsbedingungen bei LGI einen m\u00f6glichst sicheren Rahmen f\u00fcr alle zu schaffen. So optimieren wir t\u00e4glich unsere Arbeitsabl\u00e4ufe, um Unf\u00e4lle zu vermeiden und arbeitsbedingte Krankheitstage zu minimieren.<\/p>\n<\/div>\n\n\n\n<div class=\"wp-block-column is-layout-flow wp-block-column-is-layout-flow\">\n<p>Dar\u00fcber hinaus sorgen wir mit umfassenden gesundheitsf\u00f6rdernden Ma\u00dfnahmen f\u00fcr das Wohlbefinden unserer Mitarbeiterinnen und Mitarbeiter \u2013&nbsp;beispielsweise durch Pr\u00e4ventionsprogramme, Sicherheitstrainings oder die Kooperation mit Fitness-Studios.<\/p>\n<\/div>\n<\/div>\n<\/div><\/div>\n\n\n            \r\n        <div class=\"spacing-block small spacing-block-id-69e9deebb47eb\" >                                     \r\n                  <div class=\"small-space\">   \r\n                  <\/div>                      \r\n        <\/div>\n\n\r\n                <div class=\"headline-block \">\r\n                    \r\n                        <div class=\"container\">                            \r\n                            <div class=\"row\">\r\n                        <div class=\"col\">\r\n                            <h2 class=\"wt-subheadline wt-sl\">Massnahmen zur Arbeitssicherheit und Gesundheitsf\u00f6rderung<\/h2>\r\n                        <\/div>\r\n                    <\/div>\r\n                            \r\n                                                                                                                                \r\n                        <\/div>                                \r\n                <\/div>\r\n            \n\n            \r\n        <div class=\"spacing-block doublesmall spacing-block-id-69e9deebb4979\" >                                     \r\n                  <div class=\"double-small-space\">   \r\n                  <\/div>                      \r\n        <\/div>\n\n\n<div class=\"wp-block-group container\"><div class=\"wp-block-group__inner-container is-layout-constrained wp-block-group-is-layout-constrained\">\n<p><\/p>\n\n\n\n<ul class=\"wp-block-list\">\n<li>Regelm\u00e4\u00dfige Betriebsarztbesuche vor Ort<\/li>\n\n\n\n<li>Pers\u00f6nliche Schutzausr\u00fcstung (PSA) f\u00fcr alle Mitarbeitende<\/li>\n\n\n\n<li>Regelm\u00e4\u00dfige (Arbeits-)Sicherheitsschulungen und -unterweisungen aller Mitarbeitenden<\/li>\n\n\n\n<li>Regelm\u00e4\u00dfige Fahr- und Fahrersicherheitstrainings durch spezielle Coaches<\/li>\n\n\n\n<li>Erweiterte Sicherheitspakete in allen Lkw Neufahrzeugen als Standard<\/li>\n\n\n\n<li>\u201eEco-Driving\u201c \u2013 Boni f\u00fcr unfallfreies und effizientes Fahrverhalten<\/li>\n\n\n\n<li>Stetige Verbesserung des Arbeitsumfeldes, z. B. durch Wasserspender, Luftreiniger, Hygieneeinrichtungen etc.<\/li>\n\n\n\n<li>Programme zur Gesundheitsf\u00f6rderung und Pr\u00e4vention, z. B. Schutzimpfungen, Zuschuss zu ausgew\u00e4hlten Fitness-Studios, Suchtberatung etc.<\/li>\n\n\n\n<li>F\u00f6rderung der Work-Life-Balance, z. B. durch Homeoffice in administrativen Bereichen, flexible Arbeitszeitmodelle<\/li>\n<\/ul>\n<\/div><\/div>\n\n\n            \r\n        <div class=\"spacing-block extramedium spacing-block-id-69e9deebb4ff0\" >                                     \r\n                  <div class=\"extra-medium-space\">   \r\n                  <\/div>                      \r\n        <\/div>\n\n   \r\n    \r\n    <section id=\"Contact-person\" class=\"contact-person-block contact-person-block-id-69e9deebb50bc encoded-email\" data-idcp=\"6130\" data-mail=\"dGhvbWFzX2hhZWdlbGVAbGdpLmRl\">\r\n    \r\n        \r\n        <div class=\"contact-person-bg-img-wrapper\">\r\n            <img loading=\"lazy\" decoding=\"async\" width=\"1920\" height=\"500\" src=\"\/wp-content\/uploads\/2023\/04\/employees-in-logistics-warehouse-lgi.jpg\" class=\"img-fluid bg-image\" alt=\"Mitarbeiter in der Lagerhalle | LGI\" srcset=\"\/wp-content\/uploads\/2023\/04\/employees-in-logistics-warehouse-lgi.jpg 1920w, \/wp-content\/uploads\/2023\/04\/employees-in-logistics-warehouse-lgi-300x78.jpg 300w, \/wp-content\/uploads\/2023\/04\/employees-in-logistics-warehouse-lgi-1024x267.jpg 1024w, \/wp-content\/uploads\/2023\/04\/employees-in-logistics-warehouse-lgi-768x200.jpg 768w, \/wp-content\/uploads\/2023\/04\/employees-in-logistics-warehouse-lgi-1536x400.jpg 1536w\" sizes=\"auto, (max-width: 1920px) 100vw, 1920px\" \/>\r\n        <\/div>\r\n        \r\n        <div class=\"container contact-person-content-wrapper\">\r\n            <div class=\"row\">\r\n                <div class=\"col-12 col-lg-6 contact-person-text-wrapper contact-text-align\">\r\n                    <span class=\"wt-bh\">Ihr Kontakt zu LGI<\/span>\r\n                    <span class=\"wt-hl wt-big-string\">Kontaktieren Sie uns <span class='wt-font-color-white'>gerne!<\/span><\/span>\r\n                <\/div>\r\n                <div class=\"col-12 col-lg-6 order-first order-lg-last contact-person-img-wrapper\">\r\n                    <div>\r\n                        <div class=\"contact-person-wrapper contact-person\">\r\n                            <div class=\"d-flex align-items-stretch\">\r\n                                <div class=\"image-section\">\r\n                                    <img loading=\"lazy\" decoding=\"async\" width=\"540\" height=\"500\" src=\"\/wp-content\/uploads\/2023\/01\/lgi-contact-person-haegele-thomas.png\" class=\"img-fluid\" alt=\"Thomas H\u00e4gele - LGI contact person\" srcset=\"\/wp-content\/uploads\/2023\/01\/lgi-contact-person-haegele-thomas.png 540w, \/wp-content\/uploads\/2023\/01\/lgi-contact-person-haegele-thomas-300x278.png 300w\" sizes=\"auto, (max-width: 540px) 100vw, 540px\" \/>\r\n                                <\/div>\r\n                                <div class=\"pe-3 pe-sm-0 ps-3 ps-xl-3 d-flex flex-column justify-content-end content-section\">\r\n                                    <p class=\"wt-sl\">Ihr Kontakt<\/p>\r\n                                \r\n                                    <p class=\"text-sec wt-text-sec\">\r\n                                        <span>Head of Environment, Health &#038; Safety<\/span><br>\r\n                                         Thomas H\u00e4gele<br>\r\n                                        <a class=\"wt-k-click-tel\" href=\"tel:+4970312009667\">+49 7031 2009 667<\/a><br>\r\n                                        <a class=\"wt-k-click-mail\" href=\"&#109;&#97;&#105;&#108;&#116;&#111;&#58;%74%68%6f%6d%61%73%5f%68%61%65%67%65%6c%65@%6c%67%69.%64%65\">&#x74;&#x68;&#x6f;&#x6d;&#x61;&#x73;&#x5f;&#x68;&#x61;&#x65;&#x67;&#x65;&#x6c;&#x65;&#x40;&#x6c;&#x67;&#x69;&#x2e;&#x64;&#x65;<\/a>\r\n                                    <\/p>\r\n                                    <div class=\"button-wrapper\">\r\n                                        <div class=\"wt-bt d-none d-sm-block\" data-bs-toggle=\"modal\" data-bs-target=\"#contactModal\">Kontakt aufnehmen<\/div>\r\n                                        <div class=\"d-none d-sm-block \"> <\/div>\r\n                                    <\/div>    \r\n                                <\/div>\r\n                            <\/div>                            \r\n                            <div class=\"button-wrapper\">\r\n                                <div class=\"mt-md-3 pt-3 pb-3 ps-3 pe-3 pt-md-3 d-sm-none\">\r\n                                    <div class=\"wt-bt\" data-bs-toggle=\"modal\" data-bs-target=\"#contactModal\">Kontakt aufnehmen<\/div>\r\n                                    \r\n                                <\/div>\r\n                            <\/div> \r\n                        <\/div>                        \r\n                    <\/div>                    \r\n                <\/div>\r\n            <\/div>\r\n        <\/div>\r\n        \r\n    <\/section>","protected":false},"excerpt":{"rendered":"<p>Die Sicherheit und Gesundheit unserer Besch\u00e4ftigten haben f\u00fcr uns die h\u00f6chste Priorit\u00e4t. Daher ist es uns ein Herzensanliegen, mit unseren Arbeitsbedingungen bei LGI einen m\u00f6glichst sicheren Rahmen f\u00fcr alle zu schaffen. So optimieren wir t\u00e4glich unsere Arbeitsabl\u00e4ufe, um Unf\u00e4lle zu vermeiden und arbeitsbedingte Krankheitstage zu minimieren. Dar\u00fcber hinaus sorgen wir mit umfassenden gesundheitsf\u00f6rdernden Ma\u00dfnahmen f\u00fcr [&hellip;]<\/p>\n","protected":false},"author":1,"featured_media":0,"parent":117,"menu_order":0,"comment_status":"closed","ping_status":"closed","template":"","meta":{"footnotes":""},"class_list":["post-127","page","type-page","status-publish","hentry"],"yoast_head":"<!-- This site is optimized with the Yoast SEO plugin v27.3 - https:\/\/yoast.com\/product\/yoast-seo-wordpress\/ -->\n<title>LGI&#039;s Safety Care: Arbeitssicherheit in der Logistik<\/title>\n<meta name=\"description\" content=\"Die Sicherheit &amp; Gesundheit unserer Mitarbeiter steht an erster Stelle. Gesundheitsf\u00f6rdernde Ma\u00dfnahmen: Betriebsarzt, Schulungen &amp; mehr.\" \/>\n<meta name=\"robots\" content=\"index, follow, max-snippet:-1, max-image-preview:large, max-video-preview:-1\" \/>\n<link rel=\"canonical\" href=\"https:\/\/lgigroup.com\/de-de\/wp-json\/wp\/v2\/pages\/127\" \/>\n<meta property=\"og:locale\" content=\"de_DE\" \/>\n<meta property=\"og:type\" content=\"article\" \/>\n<meta property=\"og:title\" content=\"LGI&#039;s Safety Care: Arbeitssicherheit in der Logistik\" \/>\n<meta property=\"og:description\" content=\"Die Sicherheit &amp; Gesundheit unserer Mitarbeiter steht an erster Stelle. Gesundheitsf\u00f6rdernde Ma\u00dfnahmen: Betriebsarzt, Schulungen &amp; mehr.\" \/>\n<meta property=\"og:url\" content=\"https:\/\/lgigroup.com\/de-de\/our-care\/safety-care\/\" \/>\n<meta property=\"og:site_name\" content=\"LGI Group\" \/>\n<meta property=\"article:modified_time\" content=\"2025-12-13T11:31:17+00:00\" \/>\n<meta name=\"twitter:card\" content=\"summary_large_image\" \/>\n<meta name=\"twitter:label1\" content=\"Est. reading time\" \/>\n\t<meta name=\"twitter:data1\" content=\"1 minute\" \/>\n<script type=\"application\/ld+json\" class=\"yoast-schema-graph\">{\"@context\":\"https:\\\/\\\/schema.org\",\"@graph\":[{\"@type\":\"WebPage\",\"@id\":\"https:\\\/\\\/lgigroup.com\\\/de-de\\\/our-care\\\/safety-care\\\/\",\"url\":\"https:\\\/\\\/lgigroup.com\\\/de-de\\\/our-care\\\/safety-care\\\/\",\"name\":\"LGI's Safety Care: Arbeitssicherheit in der Logistik\",\"isPartOf\":{\"@id\":\"https:\\\/\\\/lgigroup.com\\\/de-de\\\/#website\"},\"datePublished\":\"2022-12-22T13:44:44+00:00\",\"dateModified\":\"2025-12-13T11:31:17+00:00\",\"description\":\"Die Sicherheit & Gesundheit unserer Mitarbeiter steht an erster Stelle. Gesundheitsf\u00f6rdernde Ma\u00dfnahmen: Betriebsarzt, Schulungen & mehr.\",\"breadcrumb\":{\"@id\":\"https:\\\/\\\/lgigroup.com\\\/de-de\\\/our-care\\\/safety-care\\\/#breadcrumb\"},\"inLanguage\":\"de-de\",\"potentialAction\":[{\"@type\":\"ReadAction\",\"target\":[\"https:\\\/\\\/lgigroup.com\\\/de-de\\\/our-care\\\/safety-care\\\/\"]}]},{\"@type\":\"BreadcrumbList\",\"@id\":\"https:\\\/\\\/lgigroup.com\\\/de-de\\\/our-care\\\/safety-care\\\/#breadcrumb\",\"itemListElement\":[{\"@type\":\"ListItem\",\"position\":1,\"name\":\"Startseite\",\"item\":\"https:\\\/\\\/lgigroup.com\\\/de-de\\\/\"},{\"@type\":\"ListItem\",\"position\":2,\"name\":\"Our Care\",\"item\":\"https:\\\/\\\/lgigroup.com\\\/de-de\\\/our-care\\\/\"},{\"@type\":\"ListItem\",\"position\":3,\"name\":\"Safety Care\"}]},{\"@type\":\"WebSite\",\"@id\":\"https:\\\/\\\/lgigroup.com\\\/de-de\\\/#website\",\"url\":\"https:\\\/\\\/lgigroup.com\\\/de-de\\\/\",\"name\":\"LGI Group\",\"description\":\"\",\"publisher\":{\"@id\":\"https:\\\/\\\/lgigroup.com\\\/de-de\\\/#organization\"},\"potentialAction\":[{\"@type\":\"SearchAction\",\"target\":{\"@type\":\"EntryPoint\",\"urlTemplate\":\"https:\\\/\\\/lgigroup.com\\\/de-de\\\/?s={search_term_string}\"},\"query-input\":{\"@type\":\"PropertyValueSpecification\",\"valueRequired\":true,\"valueName\":\"search_term_string\"}}],\"inLanguage\":\"de-de\"},{\"@type\":\"Organization\",\"@id\":\"https:\\\/\\\/lgigroup.com\\\/de-de\\\/#organization\",\"name\":\"LGI GmbH\",\"url\":\"https:\\\/\\\/lgigroup.com\\\/de-de\\\/\",\"logo\":{\"@type\":\"ImageObject\",\"inLanguage\":\"de-de\",\"@id\":\"https:\\\/\\\/lgigroup.com\\\/de-de\\\/#\\\/schema\\\/logo\\\/image\\\/\",\"url\":\"https:\\\/\\\/lgigroup.com\\\/wp-content\\\/uploads\\\/2023\\\/01\\\/lgi-logo.png\",\"contentUrl\":\"https:\\\/\\\/lgigroup.com\\\/wp-content\\\/uploads\\\/2023\\\/01\\\/lgi-logo.png\",\"width\":420,\"height\":200,\"caption\":\"LGI GmbH\"},\"image\":{\"@id\":\"https:\\\/\\\/lgigroup.com\\\/de-de\\\/#\\\/schema\\\/logo\\\/image\\\/\"}}]}<\/script>\n<!-- \/ Yoast SEO plugin. -->","yoast_head_json":{"title":"LGI's Safety Care: Arbeitssicherheit in der Logistik","description":"Die Sicherheit & Gesundheit unserer Mitarbeiter steht an erster Stelle. Gesundheitsf\u00f6rdernde Ma\u00dfnahmen: Betriebsarzt, Schulungen & mehr.","robots":{"index":"index","follow":"follow","max-snippet":"max-snippet:-1","max-image-preview":"max-image-preview:large","max-video-preview":"max-video-preview:-1"},"canonical":"https:\/\/lgigroup.com\/de-de\/wp-json\/wp\/v2\/pages\/127","og_locale":"de_DE","og_type":"article","og_title":"LGI's Safety Care: Arbeitssicherheit in der Logistik","og_description":"Die Sicherheit & Gesundheit unserer Mitarbeiter steht an erster Stelle. Gesundheitsf\u00f6rdernde Ma\u00dfnahmen: Betriebsarzt, Schulungen & mehr.","og_url":"https:\/\/lgigroup.com\/de-de\/our-care\/safety-care\/","og_site_name":"LGI Group","article_modified_time":"2025-12-13T11:31:17+00:00","twitter_card":"summary_large_image","twitter_misc":{"Est. reading time":"1 minute"},"schema":{"@context":"https:\/\/schema.org","@graph":[{"@type":"WebPage","@id":"https:\/\/lgigroup.com\/de-de\/our-care\/safety-care\/","url":"https:\/\/lgigroup.com\/de-de\/our-care\/safety-care\/","name":"LGI's Safety Care: Arbeitssicherheit in der Logistik","isPartOf":{"@id":"https:\/\/lgigroup.com\/de-de\/#website"},"datePublished":"2022-12-22T13:44:44+00:00","dateModified":"2025-12-13T11:31:17+00:00","description":"Die Sicherheit & Gesundheit unserer Mitarbeiter steht an erster Stelle. Gesundheitsf\u00f6rdernde Ma\u00dfnahmen: Betriebsarzt, Schulungen & mehr.","breadcrumb":{"@id":"https:\/\/lgigroup.com\/de-de\/our-care\/safety-care\/#breadcrumb"},"inLanguage":"de-de","potentialAction":[{"@type":"ReadAction","target":["https:\/\/lgigroup.com\/de-de\/our-care\/safety-care\/"]}]},{"@type":"BreadcrumbList","@id":"https:\/\/lgigroup.com\/de-de\/our-care\/safety-care\/#breadcrumb","itemListElement":[{"@type":"ListItem","position":1,"name":"Startseite","item":"https:\/\/lgigroup.com\/de-de\/"},{"@type":"ListItem","position":2,"name":"Our Care","item":"https:\/\/lgigroup.com\/de-de\/our-care\/"},{"@type":"ListItem","position":3,"name":"Safety Care"}]},{"@type":"WebSite","@id":"https:\/\/lgigroup.com\/de-de\/#website","url":"https:\/\/lgigroup.com\/de-de\/","name":"LGI Group","description":"","publisher":{"@id":"https:\/\/lgigroup.com\/de-de\/#organization"},"potentialAction":[{"@type":"SearchAction","target":{"@type":"EntryPoint","urlTemplate":"https:\/\/lgigroup.com\/de-de\/?s={search_term_string}"},"query-input":{"@type":"PropertyValueSpecification","valueRequired":true,"valueName":"search_term_string"}}],"inLanguage":"de-de"},{"@type":"Organization","@id":"https:\/\/lgigroup.com\/de-de\/#organization","name":"LGI GmbH","url":"https:\/\/lgigroup.com\/de-de\/","logo":{"@type":"ImageObject","inLanguage":"de-de","@id":"https:\/\/lgigroup.com\/de-de\/#\/schema\/logo\/image\/","url":"https:\/\/lgigroup.com\/wp-content\/uploads\/2023\/01\/lgi-logo.png","contentUrl":"https:\/\/lgigroup.com\/wp-content\/uploads\/2023\/01\/lgi-logo.png","width":420,"height":200,"caption":"LGI GmbH"},"image":{"@id":"https:\/\/lgigroup.com\/de-de\/#\/schema\/logo\/image\/"}}]}},"_links":{"self":[{"href":"https:\/\/lgigroup.com\/de-de\/wp-json\/wp\/v2\/pages\/127","targetHints":{"allow":["GET"]}}],"collection":[{"href":"https:\/\/lgigroup.com\/de-de\/wp-json\/wp\/v2\/pages"}],"about":[{"href":"https:\/\/lgigroup.com\/de-de\/wp-json\/wp\/v2\/types\/page"}],"author":[{"embeddable":true,"href":"https:\/\/lgigroup.com\/de-de\/wp-json\/wp\/v2\/users\/1"}],"replies":[{"embeddable":true,"href":"https:\/\/lgigroup.com\/de-de\/wp-json\/wp\/v2\/comments?post=127"}],"version-history":[{"count":21,"href":"https:\/\/lgigroup.com\/de-de\/wp-json\/wp\/v2\/pages\/127\/revisions"}],"predecessor-version":[{"id":29537,"href":"https:\/\/lgigroup.com\/de-de\/wp-json\/wp\/v2\/pages\/127\/revisions\/29537"}],"up":[{"embeddable":true,"href":"https:\/\/lgigroup.com\/de-de\/wp-json\/wp\/v2\/pages\/117"}],"wp:attachment":[{"href":"https:\/\/lgigroup.com\/de-de\/wp-json\/wp\/v2\/media?parent=127"}],"curies":[{"name":"wp","href":"https:\/\/api.w.org\/{rel}","templated":true}]}}