{"id":131,"date":"2022-12-22T14:45:26","date_gmt":"2022-12-22T13:45:26","guid":{"rendered":"https:\/\/lgigroup.com\/?page_id=131"},"modified":"2023-11-06T10:27:45","modified_gmt":"2023-11-06T09:27:45","slug":"dein-einstieg-bei-lgi","status":"publish","type":"page","link":"https:\/\/lgigroup.com\/de-de\/karriere\/dein-einstieg-bei-lgi\/","title":{"rendered":"Dein Einstieg bei LGI"},"content":{"rendered":"\r\n\t\t<section class=\"titelbild-section titelbild-block-id-69e94a86c7f7b titelbild-block-layout-\">\r\n            <div class=\"col-12 col-lg-12\">\r\n                <div class=\"full-bild\"> <img loading=\"lazy\" decoding=\"async\" width=\"1920\" height=\"700\" src=\"\/wp-content\/uploads\/2023\/02\/lgi-team-infront-of-truck.jpg\" class=\"img-fluid\" alt=\"LGI Team vor einem LGI Lkw\" srcset=\"\/wp-content\/uploads\/2023\/02\/lgi-team-infront-of-truck.jpg 1920w, \/wp-content\/uploads\/2023\/02\/lgi-team-infront-of-truck-300x109.jpg 300w, \/wp-content\/uploads\/2023\/02\/lgi-team-infront-of-truck-1024x373.jpg 1024w, \/wp-content\/uploads\/2023\/02\/lgi-team-infront-of-truck-768x280.jpg 768w, \/wp-content\/uploads\/2023\/02\/lgi-team-infront-of-truck-1536x560.jpg 1536w\" sizes=\"auto, (max-width: 1920px) 100vw, 1920px\" \/><\/div>\r\n                <div class=\"bild-title container\">\r\n                    <div class=\"row\">\r\n                                <div class=\"col\">\r\n                                    <p class=\"headline wt-h1\">Willkommen im Team<\/p>\r\n                                <\/div>                                        \r\n                            <\/div> \r\n                <\/div>\r\n            <\/div>\r\n        <\/section>\r\n\t\n\n            \r\n        <div class=\"spacing-block large spacing-block-id-69e94a86c8757\" >                                     \r\n                  <div class=\"large-space\">   \r\n                  <\/div>                      \r\n        <\/div>\n\n\r\n                <div class=\"headline-block \">\r\n                    \r\n                        <div class=\"container\">                            \r\n                            <div class=\"row\">\r\n                        <div class=\"col\">\r\n                            <h1 class=\"wt-subheadline wt-sl sub-headline-align\">Deine Einstiegsm\u00f6glichkeiten<\/h1>\r\n                        <\/div>\r\n                    <\/div>\r\n                            \r\n                            <div class=\"row\">\r\n                                <div class=\"col\">\r\n                                    <h2 class=\"wt-h1 wt-font-color-dark-grey\">Starte bei LGI durch<\/h2>\r\n                                <\/div>                                        \r\n                            <\/div>                                                                                                    \r\n                        <\/div>                                \r\n                <\/div>\r\n            \n\n            \r\n        <div class=\"spacing-block small spacing-block-id-69e94a86c89bc\" >                                     \r\n                  <div class=\"small-space\">   \r\n                  <\/div>                      \r\n        <\/div>\n\n   \r\n    \r\n    <div class=\"grey-line-block grey-line-block-id-69e94a86c8ada\">\r\n        \r\n        <div class=\"container\">\r\n            <div class=\"row\">\r\n                <div class=\"col test\">\r\n                    <div class=\"grey-line-block-line\"><\/div>\r\n                <\/div>                \r\n            <\/div>\r\n        <\/div>\r\n        \r\n    <\/div>\n\n            \r\n        <div class=\"spacing-block small spacing-block-id-69e94a86c8be6\" >                                     \r\n                  <div class=\"small-space\">   \r\n                  <\/div>                      \r\n        <\/div>\n\n\r\n                <div class=\"headline-block \">\r\n                    \r\n                        <div class=\"container\">                            \r\n                            <div class=\"row\">\r\n                        <div class=\"col\">\r\n                            <h3 class=\"wt-subheadline wt-sl\">Karriereperspektiven f\u00fcr Fachkr\u00e4fte und Berufsanf\u00e4nger<\/h3>\r\n                        <\/div>\r\n                    <\/div>\r\n                            \r\n                                                                                                                                \r\n                        <\/div>                                \r\n                <\/div>\r\n            \n\n\n<div style=\"height:15px\" aria-hidden=\"true\" class=\"wp-block-spacer\"><\/div>\n\n\n\n<div class=\"wp-block-group container\"><div class=\"wp-block-group__inner-container is-layout-constrained wp-block-group-is-layout-constrained\">\n<p>Du m\u00f6chtest Deine beruflichen Ziele verwirklichen? Willkommen bei LGI! Mach in der Logistik Karriere \u2013 bei einem der f\u00fchrenden Dienstleistern Europas. LGI bietet Dir hervorragende Karriere-Perspektiven und zahlreiche Benefits. Ganz gleich, ob Du Berufseinsteiger, Fach- oder F\u00fchrungskraft bist, oder ob Du als Studierender oder Auszubildender bei uns einsteigen willst.<\/p>\n\n\n            \r\n        <div class=\"spacing-block small spacing-block-id-69e94a86c902c\" >                                     \r\n                  <div class=\"small-space\">   \r\n                  <\/div>                      \r\n        <\/div><\/div><\/div>\n\n\n\r\n                <div class=\"headline-block \">\r\n                    \r\n                        <div class=\"container\">                            \r\n                            <div class=\"row\">\r\n                        <div class=\"col\">\r\n                            <h3 class=\"wt-subheadline wt-sl\">W\u00e4hle Deinen Weg zu LGI:<\/h3>\r\n                        <\/div>\r\n                    <\/div>\r\n                            \r\n                                                                                                                                \r\n                        <\/div>                                \r\n                <\/div>\r\n            \n\n            \r\n        <div class=\"spacing-block small spacing-block-id-69e94a86ca8f8\" >                                     \r\n                  <div class=\"small-space\">   \r\n                  <\/div>                      \r\n        <\/div>\n\n\r\n        <section class=\"teaserkacheln-section\">\r\n        \t<div class=\"container\">\r\n            <div class=\"row teaserkacheln-content-wrapper\">\r\n                \r\n\t        <div class=\"teaserkacheln-block col-12 col-lg-6\">\r\n\t            <div class=\"teaserkacheln-wrapper\">\r\n                    <a class=\"teaserkacheln\" href=\"\/de-de\/karriere\/dein-einstieg-bei-lgi\/fach-fuehrungskraefte\/\" >\r\n                    <div class=\"image-area\">\r\n                        <img loading=\"lazy\" decoding=\"async\" width=\"690\" height=\"310\" src=\"\/wp-content\/uploads\/2023\/01\/lgi-executive-with-tablet-at-desk.jpg\" class=\"attachment-full size-full\" alt=\"LGI executive with tablet at the desk\" srcset=\"\/wp-content\/uploads\/2023\/01\/lgi-executive-with-tablet-at-desk.jpg 690w, \/wp-content\/uploads\/2023\/01\/lgi-executive-with-tablet-at-desk-300x135.jpg 300w\" sizes=\"auto, (max-width: 690px) 100vw, 690px\" \/>\r\n                    <\/div>\r\n                    <div class=\"icon-area-main\">\r\n                        \r\n                    <\/div>\r\n                    <div class=\"text-area\">\r\n                        <p class=\"upper wt-ht\">Fach- &#038; F\u00fchrungskr\u00e4fte<\/p>\r\n                    <\/div>\r\n                <\/a>\r\n                <\/div>\r\n            <\/div>\r\n\t        <div class=\"teaserkacheln-block col-12 col-lg-6\">\r\n\t            <div class=\"teaserkacheln-wrapper\">\r\n                    <a class=\"teaserkacheln\" href=\"\/de-de\/karriere\/dein-einstieg-bei-lgi\/absolventen\/\" >\r\n                    <div class=\"image-area\">\r\n                        <img loading=\"lazy\" decoding=\"async\" width=\"690\" height=\"310\" src=\"\/wp-content\/uploads\/2023\/01\/two-graduates-lgi.jpg\" class=\"attachment-full size-full\" alt=\"Two graduates | LGI\" srcset=\"\/wp-content\/uploads\/2023\/01\/two-graduates-lgi.jpg 690w, \/wp-content\/uploads\/2023\/01\/two-graduates-lgi-300x135.jpg 300w\" sizes=\"auto, (max-width: 690px) 100vw, 690px\" \/>\r\n                    <\/div>\r\n                    <div class=\"icon-area-main\">\r\n                        \r\n                    <\/div>\r\n                    <div class=\"text-area\">\r\n                        <p class=\"upper wt-ht\">Absolventen<\/p>\r\n                    <\/div>\r\n                <\/a>\r\n                <\/div>\r\n            <\/div>\r\n\t        <div class=\"teaserkacheln-block col-12 col-lg-6\">\r\n\t            <div class=\"teaserkacheln-wrapper\">\r\n                    <a class=\"teaserkacheln\" href=\"\/de-de\/karriere\/dein-einstieg-bei-lgi\/ausbildung-praktikum\/\" >\r\n                    <div class=\"image-area\">\r\n                        <img loading=\"lazy\" decoding=\"async\" width=\"690\" height=\"310\" src=\"\/wp-content\/uploads\/2023\/01\/lgi-trainee-in-warehouse.jpg\" class=\"attachment-full size-full\" alt=\"LGI trainee in the warehouse\" srcset=\"\/wp-content\/uploads\/2023\/01\/lgi-trainee-in-warehouse.jpg 690w, \/wp-content\/uploads\/2023\/01\/lgi-trainee-in-warehouse-300x135.jpg 300w\" sizes=\"auto, (max-width: 690px) 100vw, 690px\" \/>\r\n                    <\/div>\r\n                    <div class=\"icon-area-main\">\r\n                        \r\n                    <\/div>\r\n                    <div class=\"text-area\">\r\n                        <p class=\"upper wt-ht\">Ausbildung &#038; Praktikum<\/p>\r\n                    <\/div>\r\n                <\/a>\r\n                <\/div>\r\n            <\/div>\r\n\t        <div class=\"teaserkacheln-block col-12 col-lg-6\">\r\n\t            <div class=\"teaserkacheln-wrapper\">\r\n                    <a class=\"teaserkacheln\" href=\"\/de-de\/karriere\/dein-einstieg-bei-lgi\/studium\/\" >\r\n                    <div class=\"image-area\">\r\n                        <img loading=\"lazy\" decoding=\"async\" width=\"690\" height=\"310\" src=\"\/wp-content\/uploads\/2023\/01\/lgi-student-in-office.jpg\" class=\"attachment-full size-full\" alt=\"LGI student in the office\" srcset=\"\/wp-content\/uploads\/2023\/01\/lgi-student-in-office.jpg 690w, \/wp-content\/uploads\/2023\/01\/lgi-student-in-office-300x135.jpg 300w\" sizes=\"auto, (max-width: 690px) 100vw, 690px\" \/>\r\n                    <\/div>\r\n                    <div class=\"icon-area-main\">\r\n                        \r\n                    <\/div>\r\n                    <div class=\"text-area\">\r\n                        <p class=\"upper wt-ht\">Studierende<\/p>\r\n                    <\/div>\r\n                <\/a>\r\n                <\/div>\r\n            <\/div>    <link rel=\"stylesheet\" id=\"TeaserKachelnBlock-css\" href=\"\/wp-content\/themes\/lgi\/css\/blocks\/wt-TeaserKachelnBlock.css\" type=\"text\/css\" media=\"all\">\r\n                \r\n                <\/div>               \r\n            <\/div>\r\n            \r\n        <\/section>\n\n\n<div style=\"height:120px\" aria-hidden=\"true\" class=\"wp-block-spacer\"><\/div>\n","protected":false},"excerpt":{"rendered":"<p>Du m\u00f6chtest Deine beruflichen Ziele verwirklichen? Willkommen bei LGI! Mach in der Logistik Karriere \u2013 bei einem der f\u00fchrenden Dienstleistern Europas. LGI bietet Dir hervorragende Karriere-Perspektiven und zahlreiche Benefits. Ganz gleich, ob Du Berufseinsteiger, Fach- oder F\u00fchrungskraft bist, oder ob Du als Studierender oder Auszubildender bei uns einsteigen willst.<\/p>\n","protected":false},"author":1,"featured_media":0,"parent":119,"menu_order":0,"comment_status":"closed","ping_status":"closed","template":"","meta":{"footnotes":""},"class_list":["post-131","page","type-page","status-publish","hentry"],"yoast_head":"<!-- This site is optimized with the Yoast SEO plugin v27.3 - https:\/\/yoast.com\/product\/yoast-seo-wordpress\/ -->\n<title>Starte bei LGI durch - deine Einstiegsm\u00f6glichkeiten<\/title>\n<meta name=\"description\" content=\"Deine beruflichen Ziele verwirklichen? Willkommen bei LGI! \u27a4 W\u00e4hle den richtigen Weg - von Praktikum \u00fcber Studium bis F\u00fchrungskraft.\" \/>\n<meta name=\"robots\" content=\"index, follow, max-snippet:-1, max-image-preview:large, max-video-preview:-1\" \/>\n<link rel=\"canonical\" href=\"https:\/\/lgigroup.com\/de-de\/wp-json\/wp\/v2\/pages\/131\" \/>\n<meta property=\"og:locale\" content=\"de_DE\" \/>\n<meta property=\"og:type\" content=\"article\" \/>\n<meta property=\"og:title\" content=\"Starte bei LGI durch - deine Einstiegsm\u00f6glichkeiten\" \/>\n<meta property=\"og:description\" content=\"Deine beruflichen Ziele verwirklichen? Willkommen bei LGI! \u27a4 W\u00e4hle den richtigen Weg - von Praktikum \u00fcber Studium bis F\u00fchrungskraft.\" \/>\n<meta property=\"og:url\" content=\"https:\/\/lgigroup.com\/de-de\/karriere\/dein-einstieg-bei-lgi\/\" \/>\n<meta property=\"og:site_name\" content=\"LGI Group\" \/>\n<meta property=\"article:modified_time\" content=\"2023-11-06T09:27:45+00:00\" \/>\n<meta name=\"twitter:card\" content=\"summary_large_image\" \/>\n<meta name=\"twitter:label1\" content=\"Est. reading time\" \/>\n\t<meta name=\"twitter:data1\" content=\"1 minute\" \/>\n<script type=\"application\/ld+json\" class=\"yoast-schema-graph\">{\"@context\":\"https:\\\/\\\/schema.org\",\"@graph\":[{\"@type\":\"WebPage\",\"@id\":\"https:\\\/\\\/lgigroup.com\\\/de-de\\\/karriere\\\/dein-einstieg-bei-lgi\\\/\",\"url\":\"https:\\\/\\\/lgigroup.com\\\/de-de\\\/karriere\\\/dein-einstieg-bei-lgi\\\/\",\"name\":\"Starte bei LGI durch - deine Einstiegsm\u00f6glichkeiten\",\"isPartOf\":{\"@id\":\"https:\\\/\\\/lgigroup.com\\\/de-de\\\/#website\"},\"datePublished\":\"2022-12-22T13:45:26+00:00\",\"dateModified\":\"2023-11-06T09:27:45+00:00\",\"description\":\"Deine beruflichen Ziele verwirklichen? Willkommen bei LGI! \u27a4 W\u00e4hle den richtigen Weg - von Praktikum \u00fcber Studium bis F\u00fchrungskraft.\",\"breadcrumb\":{\"@id\":\"https:\\\/\\\/lgigroup.com\\\/de-de\\\/karriere\\\/dein-einstieg-bei-lgi\\\/#breadcrumb\"},\"inLanguage\":\"de-de\",\"potentialAction\":[{\"@type\":\"ReadAction\",\"target\":[\"https:\\\/\\\/lgigroup.com\\\/de-de\\\/karriere\\\/dein-einstieg-bei-lgi\\\/\"]}]},{\"@type\":\"BreadcrumbList\",\"@id\":\"https:\\\/\\\/lgigroup.com\\\/de-de\\\/karriere\\\/dein-einstieg-bei-lgi\\\/#breadcrumb\",\"itemListElement\":[{\"@type\":\"ListItem\",\"position\":1,\"name\":\"Startseite\",\"item\":\"https:\\\/\\\/lgigroup.com\\\/de-de\\\/\"},{\"@type\":\"ListItem\",\"position\":2,\"name\":\"Karriere\",\"item\":\"https:\\\/\\\/lgigroup.com\\\/de-de\\\/karriere\\\/\"},{\"@type\":\"ListItem\",\"position\":3,\"name\":\"Dein Einstieg bei LGI\"}]},{\"@type\":\"WebSite\",\"@id\":\"https:\\\/\\\/lgigroup.com\\\/de-de\\\/#website\",\"url\":\"https:\\\/\\\/lgigroup.com\\\/de-de\\\/\",\"name\":\"LGI Group\",\"description\":\"\",\"publisher\":{\"@id\":\"https:\\\/\\\/lgigroup.com\\\/de-de\\\/#organization\"},\"potentialAction\":[{\"@type\":\"SearchAction\",\"target\":{\"@type\":\"EntryPoint\",\"urlTemplate\":\"https:\\\/\\\/lgigroup.com\\\/de-de\\\/?s={search_term_string}\"},\"query-input\":{\"@type\":\"PropertyValueSpecification\",\"valueRequired\":true,\"valueName\":\"search_term_string\"}}],\"inLanguage\":\"de-de\"},{\"@type\":\"Organization\",\"@id\":\"https:\\\/\\\/lgigroup.com\\\/de-de\\\/#organization\",\"name\":\"LGI GmbH\",\"url\":\"https:\\\/\\\/lgigroup.com\\\/de-de\\\/\",\"logo\":{\"@type\":\"ImageObject\",\"inLanguage\":\"de-de\",\"@id\":\"https:\\\/\\\/lgigroup.com\\\/de-de\\\/#\\\/schema\\\/logo\\\/image\\\/\",\"url\":\"https:\\\/\\\/lgigroup.com\\\/wp-content\\\/uploads\\\/2023\\\/01\\\/lgi-logo.png\",\"contentUrl\":\"https:\\\/\\\/lgigroup.com\\\/wp-content\\\/uploads\\\/2023\\\/01\\\/lgi-logo.png\",\"width\":420,\"height\":200,\"caption\":\"LGI GmbH\"},\"image\":{\"@id\":\"https:\\\/\\\/lgigroup.com\\\/de-de\\\/#\\\/schema\\\/logo\\\/image\\\/\"}}]}<\/script>\n<!-- \/ Yoast SEO plugin. -->","yoast_head_json":{"title":"Starte bei LGI durch - deine Einstiegsm\u00f6glichkeiten","description":"Deine beruflichen Ziele verwirklichen? Willkommen bei LGI! \u27a4 W\u00e4hle den richtigen Weg - von Praktikum \u00fcber Studium bis F\u00fchrungskraft.","robots":{"index":"index","follow":"follow","max-snippet":"max-snippet:-1","max-image-preview":"max-image-preview:large","max-video-preview":"max-video-preview:-1"},"canonical":"https:\/\/lgigroup.com\/de-de\/wp-json\/wp\/v2\/pages\/131","og_locale":"de_DE","og_type":"article","og_title":"Starte bei LGI durch - deine Einstiegsm\u00f6glichkeiten","og_description":"Deine beruflichen Ziele verwirklichen? Willkommen bei LGI! \u27a4 W\u00e4hle den richtigen Weg - von Praktikum \u00fcber Studium bis F\u00fchrungskraft.","og_url":"https:\/\/lgigroup.com\/de-de\/karriere\/dein-einstieg-bei-lgi\/","og_site_name":"LGI Group","article_modified_time":"2023-11-06T09:27:45+00:00","twitter_card":"summary_large_image","twitter_misc":{"Est. reading time":"1 minute"},"schema":{"@context":"https:\/\/schema.org","@graph":[{"@type":"WebPage","@id":"https:\/\/lgigroup.com\/de-de\/karriere\/dein-einstieg-bei-lgi\/","url":"https:\/\/lgigroup.com\/de-de\/karriere\/dein-einstieg-bei-lgi\/","name":"Starte bei LGI durch - deine Einstiegsm\u00f6glichkeiten","isPartOf":{"@id":"https:\/\/lgigroup.com\/de-de\/#website"},"datePublished":"2022-12-22T13:45:26+00:00","dateModified":"2023-11-06T09:27:45+00:00","description":"Deine beruflichen Ziele verwirklichen? Willkommen bei LGI! \u27a4 W\u00e4hle den richtigen Weg - von Praktikum \u00fcber Studium bis F\u00fchrungskraft.","breadcrumb":{"@id":"https:\/\/lgigroup.com\/de-de\/karriere\/dein-einstieg-bei-lgi\/#breadcrumb"},"inLanguage":"de-de","potentialAction":[{"@type":"ReadAction","target":["https:\/\/lgigroup.com\/de-de\/karriere\/dein-einstieg-bei-lgi\/"]}]},{"@type":"BreadcrumbList","@id":"https:\/\/lgigroup.com\/de-de\/karriere\/dein-einstieg-bei-lgi\/#breadcrumb","itemListElement":[{"@type":"ListItem","position":1,"name":"Startseite","item":"https:\/\/lgigroup.com\/de-de\/"},{"@type":"ListItem","position":2,"name":"Karriere","item":"https:\/\/lgigroup.com\/de-de\/karriere\/"},{"@type":"ListItem","position":3,"name":"Dein Einstieg bei LGI"}]},{"@type":"WebSite","@id":"https:\/\/lgigroup.com\/de-de\/#website","url":"https:\/\/lgigroup.com\/de-de\/","name":"LGI Group","description":"","publisher":{"@id":"https:\/\/lgigroup.com\/de-de\/#organization"},"potentialAction":[{"@type":"SearchAction","target":{"@type":"EntryPoint","urlTemplate":"https:\/\/lgigroup.com\/de-de\/?s={search_term_string}"},"query-input":{"@type":"PropertyValueSpecification","valueRequired":true,"valueName":"search_term_string"}}],"inLanguage":"de-de"},{"@type":"Organization","@id":"https:\/\/lgigroup.com\/de-de\/#organization","name":"LGI GmbH","url":"https:\/\/lgigroup.com\/de-de\/","logo":{"@type":"ImageObject","inLanguage":"de-de","@id":"https:\/\/lgigroup.com\/de-de\/#\/schema\/logo\/image\/","url":"https:\/\/lgigroup.com\/wp-content\/uploads\/2023\/01\/lgi-logo.png","contentUrl":"https:\/\/lgigroup.com\/wp-content\/uploads\/2023\/01\/lgi-logo.png","width":420,"height":200,"caption":"LGI GmbH"},"image":{"@id":"https:\/\/lgigroup.com\/de-de\/#\/schema\/logo\/image\/"}}]}},"_links":{"self":[{"href":"https:\/\/lgigroup.com\/de-de\/wp-json\/wp\/v2\/pages\/131","targetHints":{"allow":["GET"]}}],"collection":[{"href":"https:\/\/lgigroup.com\/de-de\/wp-json\/wp\/v2\/pages"}],"about":[{"href":"https:\/\/lgigroup.com\/de-de\/wp-json\/wp\/v2\/types\/page"}],"author":[{"embeddable":true,"href":"https:\/\/lgigroup.com\/de-de\/wp-json\/wp\/v2\/users\/1"}],"replies":[{"embeddable":true,"href":"https:\/\/lgigroup.com\/de-de\/wp-json\/wp\/v2\/comments?post=131"}],"version-history":[{"count":8,"href":"https:\/\/lgigroup.com\/de-de\/wp-json\/wp\/v2\/pages\/131\/revisions"}],"predecessor-version":[{"id":26755,"href":"https:\/\/lgigroup.com\/de-de\/wp-json\/wp\/v2\/pages\/131\/revisions\/26755"}],"up":[{"embeddable":true,"href":"https:\/\/lgigroup.com\/de-de\/wp-json\/wp\/v2\/pages\/119"}],"wp:attachment":[{"href":"https:\/\/lgigroup.com\/de-de\/wp-json\/wp\/v2\/media?parent=131"}],"curies":[{"name":"wp","href":"https:\/\/api.w.org\/{rel}","templated":true}]}}