{"id":139,"date":"2022-12-22T14:46:55","date_gmt":"2022-12-22T13:46:55","guid":{"rendered":"https:\/\/lgigroup.com\/?page_id=139"},"modified":"2024-05-29T08:02:24","modified_gmt":"2024-05-29T06:02:24","slug":"fach-fuehrungskraefte","status":"publish","type":"page","link":"https:\/\/lgigroup.com\/de-de\/karriere\/dein-einstieg-bei-lgi\/fach-fuehrungskraefte\/","title":{"rendered":"Fach &#038; F\u00fchrungskr\u00e4fte"},"content":{"rendered":"\r\n\t\t<section class=\"titelbild-section titelbild-block-id-69ebab6a49c45 titelbild-block-layout-\">\r\n            <div class=\"col-12 col-lg-12\">\r\n                <div class=\"full-bild\"> <img loading=\"lazy\" decoding=\"async\" width=\"1920\" height=\"700\" src=\"\/wp-content\/uploads\/2023\/02\/lgi-executive-at-desk.jpg\" class=\"img-fluid\" alt=\"LGI specialist at desk with tablet\" srcset=\"\/wp-content\/uploads\/2023\/02\/lgi-executive-at-desk.jpg 1920w, \/wp-content\/uploads\/2023\/02\/lgi-executive-at-desk-300x109.jpg 300w, \/wp-content\/uploads\/2023\/02\/lgi-executive-at-desk-1024x373.jpg 1024w, \/wp-content\/uploads\/2023\/02\/lgi-executive-at-desk-768x280.jpg 768w, \/wp-content\/uploads\/2023\/02\/lgi-executive-at-desk-1536x560.jpg 1536w\" sizes=\"auto, (max-width: 1920px) 100vw, 1920px\" \/><\/div>\r\n                <div class=\"bild-title container\">\r\n                    <div class=\"row\">\r\n                                <div class=\"col\">\r\n                                    <p class=\"headline wt-h1\">LGI f\u00fcr Fach- und F\u00fchrungskr\u00e4fte<\/p>\r\n                                <\/div>                                        \r\n                            <\/div> \r\n                <\/div>\r\n            <\/div>\r\n        <\/section>\r\n\t\n\n            \r\n        <div class=\"spacing-block large spacing-block-id-69ebab6a4a8b0\" >                                     \r\n                  <div class=\"large-space\">   \r\n                  <\/div>                      \r\n        <\/div>\n\n\r\n                <div class=\"headline-block \">\r\n                    \r\n                        <div class=\"container\">                            \r\n                            <div class=\"row\">\r\n                        <div class=\"col\">\r\n                            <h1 class=\"wt-subheadline wt-sl sub-headline-align\">Fachkr\u00e4fte und F\u00fchrungskr\u00e4fte f\u00fcr Logistik<\/h1>\r\n                        <\/div>\r\n                    <\/div>\r\n                            \r\n                            <div class=\"row\">\r\n                                <div class=\"col\">\r\n                                    <h2 class=\"wt-h1 wt-font-color-dark-grey\">Dein Einstieg als Professional bei LGI<\/h2>\r\n                                <\/div>                                        \r\n                            <\/div>                                                                                                    \r\n                        <\/div>                                \r\n                <\/div>\r\n            \n\n            \r\n        <div class=\"spacing-block extrasmall spacing-block-id-69ebab6a4aafc\" >                                     \r\n                  <div class=\"extra-small-space\">   \r\n                  <\/div>                      \r\n        <\/div>\n\n   \r\n    \r\n    <div class=\"grey-line-block grey-line-block-id-69ebab6a4ac08\">\r\n        \r\n        <div class=\"container\">\r\n            <div class=\"row\">\r\n                <div class=\"col test\">\r\n                    <div class=\"grey-line-block-line\"><\/div>\r\n                <\/div>                \r\n            <\/div>\r\n        <\/div>\r\n        \r\n    <\/div>\n\n            \r\n        <div class=\"spacing-block small spacing-block-id-69ebab6a4ad36\" >                                     \r\n                  <div class=\"small-space\">   \r\n                  <\/div>                      \r\n        <\/div>\n\n\r\n                <div class=\"headline-block \">\r\n                    \r\n                        <div class=\"container\">                            \r\n                            <div class=\"row\">\r\n                        <div class=\"col\">\r\n                            <h3 class=\"wt-subheadline wt-sl\">Erweitere Deine Berufserfahrung<\/h3>\r\n                        <\/div>\r\n                    <\/div>\r\n                            \r\n                                                                                                                                \r\n                        <\/div>                                \r\n                <\/div>\r\n            \n\n            \r\n        <div class=\"spacing-block doublesmall spacing-block-id-69ebab6a4af3b\" >                                     \r\n                  <div class=\"double-small-space\">   \r\n                  <\/div>                      \r\n        <\/div>\n\n\n<div class=\"wp-block-group container\"><div class=\"wp-block-group__inner-container is-layout-constrained wp-block-group-is-layout-constrained\">\n<div class=\"wp-block-columns is-layout-flex wp-container-core-columns-is-layout-9d6595d7 wp-block-columns-is-layout-flex\">\n<div class=\"wp-block-column is-layout-flow wp-block-column-is-layout-flow\">\n<p>Du suchst neue Herausforderungen? Wir bieten Dir nahezu grenzenlose Perspektiven. Du hast Dich bereits als Fachkraft oder F\u00fchrungskraft qualifiziert \u2013 wir sch\u00e4tzen Dein Know-how und Deine Erfahrung.<\/p>\n\n\n\n<p>Bei LGI bieten wir Dir ein professionelles Arbeitsumfeld, abwechslungsreiche Aufgaben sowie eine Unternehmenskultur mit ausgepr\u00e4gtem Teamgeist und flachen Hierarchien. Wir m\u00f6chten, dass Du Deine Potenziale bei uns entfalten kannst und f\u00f6rdern dies unter anderem mit verschiedenen Trainingsprogrammen.<\/p>\n<\/div>\n\n\n\n<div class=\"wp-block-column is-layout-flow wp-block-column-is-layout-flow\">\n<p>Bewirb Dich bei uns beispielsweise als Fachkraft f\u00fcr Lagerlogistik, f\u00fcr den Bereich <a href=\"\/de-de\/end-to-end-loesungen\/unsere-geschaeftsmodelle\/e-commerce\/\">E-Commerce<\/a>, im IT-Umfeld oder als Spezialist f\u00fcr Finance. Auch als Logistik-Quereinsteiger bist Du herzlich willkommen. Alle LGI Stellenangebote findest Du in unserem <a href=\"\/de-de\/karriere\/job-portal\/\">Stellenportal<\/a>.<\/p>\n<\/div>\n<\/div>\n<\/div><\/div>\n\n\n            \r\n        <div class=\"spacing-block small spacing-block-id-69ebab6a4c76a\" >                                     \r\n                  <div class=\"small-space\">   \r\n                  <\/div>                      \r\n        <\/div>\n\n   \r\n    \r\n    <section id=\"Contact-person\" class=\"contact-person-block contact-person-block-id-69ebab6a4c841 encoded-email\" data-idcp=\"6136\" data-mail=\"YmV3ZXJidW5nQGxnaS5kZQ==\">\r\n    \r\n        \r\n        <div class=\"contact-person-bg-img-wrapper\">\r\n            <img loading=\"lazy\" decoding=\"async\" width=\"1920\" height=\"500\" src=\"\/wp-content\/uploads\/2023\/01\/lgi-building-holland.jpg\" class=\"img-fluid bg-image\" alt=\"LGI Geb\u00e4ude in Holland\" srcset=\"\/wp-content\/uploads\/2023\/01\/lgi-building-holland.jpg 1920w, \/wp-content\/uploads\/2023\/01\/lgi-building-holland-300x78.jpg 300w, \/wp-content\/uploads\/2023\/01\/lgi-building-holland-1024x267.jpg 1024w, \/wp-content\/uploads\/2023\/01\/lgi-building-holland-768x200.jpg 768w, \/wp-content\/uploads\/2023\/01\/lgi-building-holland-1536x400.jpg 1536w\" sizes=\"auto, (max-width: 1920px) 100vw, 1920px\" \/>\r\n        <\/div>\r\n        \r\n        <div class=\"container contact-person-content-wrapper\">\r\n            <div class=\"row\">\r\n                <div class=\"col-12 col-lg-6 contact-person-text-wrapper contact-text-align\">\r\n                    <span class=\"wt-bh\">Lust auf Logistik?<\/span>\r\n                    <span class=\"wt-hl wt-big-string\">Bewirb Dich jetzt bei <span class='wt-font-color-white'>LGI!<\/span><\/span>\r\n                <\/div>\r\n                <div class=\"col-12 col-lg-6 order-first order-lg-last contact-person-img-wrapper\">\r\n                    <div>\r\n                        <div class=\"contact-person-wrapper contact-person\">\r\n                            <div class=\"d-flex align-items-stretch\">\r\n                                <div class=\"image-section\">\r\n                                    <img loading=\"lazy\" decoding=\"async\" width=\"540\" height=\"500\" src=\"\/wp-content\/uploads\/2024\/05\/lgi-contact-person-billmaier-mascha.png\" class=\"img-fluid\" alt=\"LGI contact person - Mascha Billmaier\" srcset=\"\/wp-content\/uploads\/2024\/05\/lgi-contact-person-billmaier-mascha.png 540w, \/wp-content\/uploads\/2024\/05\/lgi-contact-person-billmaier-mascha-300x278.png 300w\" sizes=\"auto, (max-width: 540px) 100vw, 540px\" \/>\r\n                                <\/div>\r\n                                <div class=\"pe-3 pe-sm-0 ps-3 ps-xl-3 d-flex flex-column justify-content-end content-section\">\r\n                                    <p class=\"wt-sl\">Dein Kontakt<\/p>\r\n                                \r\n                                    <p class=\"text-sec wt-text-sec\">\r\n                                        <span>HR Specialist<\/span><br>\r\n                                         Mascha Billmaier<br>\r\n                                        <a class=\"wt-k-click-tel\" href=\"tel:\"><\/a><br>\r\n                                        <a class=\"wt-k-click-mail\" href=\"&#109;&#97;&#105;&#108;&#116;&#111;&#58;%62%65%77%65%72%62%75%6e%67@%6c%67%69.%64%65\">&#x62;&#x65;&#x77;&#x65;&#x72;&#x62;&#x75;&#x6e;&#x67;&#x40;&#x6c;&#x67;&#x69;&#x2e;&#x64;&#x65;<\/a>\r\n                                    <\/p>\r\n                                    <div class=\"button-wrapper\">\r\n                                        <div class=\"wt-bt d-none d-sm-block\" data-bs-toggle=\"modal\" data-bs-target=\"#contactModal\">Kontakt aufnehmen<\/div>\r\n                                        <div class=\"d-none d-sm-block \"> <\/div>\r\n                                    <\/div>    \r\n                                <\/div>\r\n                            <\/div>                            \r\n                            <div class=\"button-wrapper\">\r\n                                <div class=\"mt-md-3 pt-3 pb-3 ps-3 pe-3 pt-md-3 d-sm-none\">\r\n                                    <div class=\"wt-bt\" data-bs-toggle=\"modal\" data-bs-target=\"#contactModal\">Kontakt aufnehmen<\/div>\r\n                                    \r\n                                <\/div>\r\n                            <\/div> \r\n                        <\/div>                        \r\n                    <\/div>                    \r\n                <\/div>\r\n            <\/div>\r\n        <\/div>\r\n        \r\n    <\/section>","protected":false},"excerpt":{"rendered":"<p>Du suchst neue Herausforderungen? Wir bieten Dir nahezu grenzenlose Perspektiven. Du hast Dich bereits als Fachkraft oder F\u00fchrungskraft qualifiziert \u2013 wir sch\u00e4tzen Dein Know-how und Deine Erfahrung. Bei LGI bieten wir Dir ein professionelles Arbeitsumfeld, abwechslungsreiche Aufgaben sowie eine Unternehmenskultur mit ausgepr\u00e4gtem Teamgeist und flachen Hierarchien. Wir m\u00f6chten, dass Du Deine Potenziale bei uns entfalten [&hellip;]<\/p>\n","protected":false},"author":1,"featured_media":0,"parent":131,"menu_order":0,"comment_status":"closed","ping_status":"closed","template":"","meta":{"footnotes":""},"class_list":["post-139","page","type-page","status-publish","hentry"],"yoast_head":"<!-- This site is optimized with the Yoast SEO plugin v27.3 - https:\/\/yoast.com\/product\/yoast-seo-wordpress\/ -->\n<title>Fach- und F\u00fchrungskr\u00e4fte f\u00fcr Logistik bei LGI<\/title>\n<meta name=\"description\" content=\"Neue Herausforderungen als F\u00fchrungskraft bei LGI. Ob in der Lagerlogistik, im E-Commerce, in der IT oder im Financial \u27a4 wir suchen Dich.\" \/>\n<meta name=\"robots\" content=\"index, follow, max-snippet:-1, max-image-preview:large, max-video-preview:-1\" \/>\n<link rel=\"canonical\" href=\"https:\/\/lgigroup.com\/de-de\/wp-json\/wp\/v2\/pages\/139\" \/>\n<meta property=\"og:locale\" content=\"de_DE\" \/>\n<meta property=\"og:type\" content=\"article\" \/>\n<meta property=\"og:title\" content=\"Fach- und F\u00fchrungskr\u00e4fte f\u00fcr Logistik bei LGI\" \/>\n<meta property=\"og:description\" content=\"Neue Herausforderungen als F\u00fchrungskraft bei LGI. Ob in der Lagerlogistik, im E-Commerce, in der IT oder im Financial \u27a4 wir suchen Dich.\" \/>\n<meta property=\"og:url\" content=\"https:\/\/lgigroup.com\/de-de\/karriere\/dein-einstieg-bei-lgi\/fach-fuehrungskraefte\/\" \/>\n<meta property=\"og:site_name\" content=\"LGI Group\" \/>\n<meta property=\"article:modified_time\" content=\"2024-05-29T06:02:24+00:00\" \/>\n<meta name=\"twitter:card\" content=\"summary_large_image\" \/>\n<meta name=\"twitter:label1\" content=\"Est. reading time\" \/>\n\t<meta name=\"twitter:data1\" content=\"1 minute\" \/>\n<script type=\"application\/ld+json\" class=\"yoast-schema-graph\">{\"@context\":\"https:\\\/\\\/schema.org\",\"@graph\":[{\"@type\":\"WebPage\",\"@id\":\"https:\\\/\\\/lgigroup.com\\\/de-de\\\/karriere\\\/dein-einstieg-bei-lgi\\\/fach-fuehrungskraefte\\\/\",\"url\":\"https:\\\/\\\/lgigroup.com\\\/de-de\\\/karriere\\\/dein-einstieg-bei-lgi\\\/fach-fuehrungskraefte\\\/\",\"name\":\"Fach- und F\u00fchrungskr\u00e4fte f\u00fcr Logistik bei LGI\",\"isPartOf\":{\"@id\":\"https:\\\/\\\/lgigroup.com\\\/de-de\\\/#website\"},\"datePublished\":\"2022-12-22T13:46:55+00:00\",\"dateModified\":\"2024-05-29T06:02:24+00:00\",\"description\":\"Neue Herausforderungen als F\u00fchrungskraft bei LGI. Ob in der Lagerlogistik, im E-Commerce, in der IT oder im Financial \u27a4 wir suchen Dich.\",\"breadcrumb\":{\"@id\":\"https:\\\/\\\/lgigroup.com\\\/de-de\\\/karriere\\\/dein-einstieg-bei-lgi\\\/fach-fuehrungskraefte\\\/#breadcrumb\"},\"inLanguage\":\"de-de\",\"potentialAction\":[{\"@type\":\"ReadAction\",\"target\":[\"https:\\\/\\\/lgigroup.com\\\/de-de\\\/karriere\\\/dein-einstieg-bei-lgi\\\/fach-fuehrungskraefte\\\/\"]}]},{\"@type\":\"BreadcrumbList\",\"@id\":\"https:\\\/\\\/lgigroup.com\\\/de-de\\\/karriere\\\/dein-einstieg-bei-lgi\\\/fach-fuehrungskraefte\\\/#breadcrumb\",\"itemListElement\":[{\"@type\":\"ListItem\",\"position\":1,\"name\":\"Startseite\",\"item\":\"https:\\\/\\\/lgigroup.com\\\/de-de\\\/\"},{\"@type\":\"ListItem\",\"position\":2,\"name\":\"Karriere\",\"item\":\"https:\\\/\\\/lgigroup.com\\\/de-de\\\/karriere\\\/\"},{\"@type\":\"ListItem\",\"position\":3,\"name\":\"Dein Einstieg bei LGI\",\"item\":\"https:\\\/\\\/lgigroup.com\\\/de-de\\\/karriere\\\/dein-einstieg-bei-lgi\\\/\"},{\"@type\":\"ListItem\",\"position\":4,\"name\":\"Fach &#038; F\u00fchrungskr\u00e4fte\"}]},{\"@type\":\"WebSite\",\"@id\":\"https:\\\/\\\/lgigroup.com\\\/de-de\\\/#website\",\"url\":\"https:\\\/\\\/lgigroup.com\\\/de-de\\\/\",\"name\":\"LGI Group\",\"description\":\"\",\"publisher\":{\"@id\":\"https:\\\/\\\/lgigroup.com\\\/de-de\\\/#organization\"},\"potentialAction\":[{\"@type\":\"SearchAction\",\"target\":{\"@type\":\"EntryPoint\",\"urlTemplate\":\"https:\\\/\\\/lgigroup.com\\\/de-de\\\/?s={search_term_string}\"},\"query-input\":{\"@type\":\"PropertyValueSpecification\",\"valueRequired\":true,\"valueName\":\"search_term_string\"}}],\"inLanguage\":\"de-de\"},{\"@type\":\"Organization\",\"@id\":\"https:\\\/\\\/lgigroup.com\\\/de-de\\\/#organization\",\"name\":\"LGI GmbH\",\"url\":\"https:\\\/\\\/lgigroup.com\\\/de-de\\\/\",\"logo\":{\"@type\":\"ImageObject\",\"inLanguage\":\"de-de\",\"@id\":\"https:\\\/\\\/lgigroup.com\\\/de-de\\\/#\\\/schema\\\/logo\\\/image\\\/\",\"url\":\"https:\\\/\\\/lgigroup.com\\\/wp-content\\\/uploads\\\/2023\\\/01\\\/lgi-logo.png\",\"contentUrl\":\"https:\\\/\\\/lgigroup.com\\\/wp-content\\\/uploads\\\/2023\\\/01\\\/lgi-logo.png\",\"width\":420,\"height\":200,\"caption\":\"LGI GmbH\"},\"image\":{\"@id\":\"https:\\\/\\\/lgigroup.com\\\/de-de\\\/#\\\/schema\\\/logo\\\/image\\\/\"}}]}<\/script>\n<!-- \/ Yoast SEO plugin. -->","yoast_head_json":{"title":"Fach- und F\u00fchrungskr\u00e4fte f\u00fcr Logistik bei LGI","description":"Neue Herausforderungen als F\u00fchrungskraft bei LGI. Ob in der Lagerlogistik, im E-Commerce, in der IT oder im Financial \u27a4 wir suchen Dich.","robots":{"index":"index","follow":"follow","max-snippet":"max-snippet:-1","max-image-preview":"max-image-preview:large","max-video-preview":"max-video-preview:-1"},"canonical":"https:\/\/lgigroup.com\/de-de\/wp-json\/wp\/v2\/pages\/139","og_locale":"de_DE","og_type":"article","og_title":"Fach- und F\u00fchrungskr\u00e4fte f\u00fcr Logistik bei LGI","og_description":"Neue Herausforderungen als F\u00fchrungskraft bei LGI. Ob in der Lagerlogistik, im E-Commerce, in der IT oder im Financial \u27a4 wir suchen Dich.","og_url":"https:\/\/lgigroup.com\/de-de\/karriere\/dein-einstieg-bei-lgi\/fach-fuehrungskraefte\/","og_site_name":"LGI Group","article_modified_time":"2024-05-29T06:02:24+00:00","twitter_card":"summary_large_image","twitter_misc":{"Est. reading time":"1 minute"},"schema":{"@context":"https:\/\/schema.org","@graph":[{"@type":"WebPage","@id":"https:\/\/lgigroup.com\/de-de\/karriere\/dein-einstieg-bei-lgi\/fach-fuehrungskraefte\/","url":"https:\/\/lgigroup.com\/de-de\/karriere\/dein-einstieg-bei-lgi\/fach-fuehrungskraefte\/","name":"Fach- und F\u00fchrungskr\u00e4fte f\u00fcr Logistik bei LGI","isPartOf":{"@id":"https:\/\/lgigroup.com\/de-de\/#website"},"datePublished":"2022-12-22T13:46:55+00:00","dateModified":"2024-05-29T06:02:24+00:00","description":"Neue Herausforderungen als F\u00fchrungskraft bei LGI. Ob in der Lagerlogistik, im E-Commerce, in der IT oder im Financial \u27a4 wir suchen Dich.","breadcrumb":{"@id":"https:\/\/lgigroup.com\/de-de\/karriere\/dein-einstieg-bei-lgi\/fach-fuehrungskraefte\/#breadcrumb"},"inLanguage":"de-de","potentialAction":[{"@type":"ReadAction","target":["https:\/\/lgigroup.com\/de-de\/karriere\/dein-einstieg-bei-lgi\/fach-fuehrungskraefte\/"]}]},{"@type":"BreadcrumbList","@id":"https:\/\/lgigroup.com\/de-de\/karriere\/dein-einstieg-bei-lgi\/fach-fuehrungskraefte\/#breadcrumb","itemListElement":[{"@type":"ListItem","position":1,"name":"Startseite","item":"https:\/\/lgigroup.com\/de-de\/"},{"@type":"ListItem","position":2,"name":"Karriere","item":"https:\/\/lgigroup.com\/de-de\/karriere\/"},{"@type":"ListItem","position":3,"name":"Dein Einstieg bei LGI","item":"https:\/\/lgigroup.com\/de-de\/karriere\/dein-einstieg-bei-lgi\/"},{"@type":"ListItem","position":4,"name":"Fach &#038; F\u00fchrungskr\u00e4fte"}]},{"@type":"WebSite","@id":"https:\/\/lgigroup.com\/de-de\/#website","url":"https:\/\/lgigroup.com\/de-de\/","name":"LGI Group","description":"","publisher":{"@id":"https:\/\/lgigroup.com\/de-de\/#organization"},"potentialAction":[{"@type":"SearchAction","target":{"@type":"EntryPoint","urlTemplate":"https:\/\/lgigroup.com\/de-de\/?s={search_term_string}"},"query-input":{"@type":"PropertyValueSpecification","valueRequired":true,"valueName":"search_term_string"}}],"inLanguage":"de-de"},{"@type":"Organization","@id":"https:\/\/lgigroup.com\/de-de\/#organization","name":"LGI GmbH","url":"https:\/\/lgigroup.com\/de-de\/","logo":{"@type":"ImageObject","inLanguage":"de-de","@id":"https:\/\/lgigroup.com\/de-de\/#\/schema\/logo\/image\/","url":"https:\/\/lgigroup.com\/wp-content\/uploads\/2023\/01\/lgi-logo.png","contentUrl":"https:\/\/lgigroup.com\/wp-content\/uploads\/2023\/01\/lgi-logo.png","width":420,"height":200,"caption":"LGI GmbH"},"image":{"@id":"https:\/\/lgigroup.com\/de-de\/#\/schema\/logo\/image\/"}}]}},"_links":{"self":[{"href":"https:\/\/lgigroup.com\/de-de\/wp-json\/wp\/v2\/pages\/139","targetHints":{"allow":["GET"]}}],"collection":[{"href":"https:\/\/lgigroup.com\/de-de\/wp-json\/wp\/v2\/pages"}],"about":[{"href":"https:\/\/lgigroup.com\/de-de\/wp-json\/wp\/v2\/types\/page"}],"author":[{"embeddable":true,"href":"https:\/\/lgigroup.com\/de-de\/wp-json\/wp\/v2\/users\/1"}],"replies":[{"embeddable":true,"href":"https:\/\/lgigroup.com\/de-de\/wp-json\/wp\/v2\/comments?post=139"}],"version-history":[{"count":19,"href":"https:\/\/lgigroup.com\/de-de\/wp-json\/wp\/v2\/pages\/139\/revisions"}],"predecessor-version":[{"id":26765,"href":"https:\/\/lgigroup.com\/de-de\/wp-json\/wp\/v2\/pages\/139\/revisions\/26765"}],"up":[{"embeddable":true,"href":"https:\/\/lgigroup.com\/de-de\/wp-json\/wp\/v2\/pages\/131"}],"wp:attachment":[{"href":"https:\/\/lgigroup.com\/de-de\/wp-json\/wp\/v2\/media?parent=139"}],"curies":[{"name":"wp","href":"https:\/\/api.w.org\/{rel}","templated":true}]}}