{"id":1655,"date":"2023-01-12T10:58:39","date_gmt":"2023-01-12T09:58:39","guid":{"rendered":"https:\/\/lgigroup.com\/?page_id=1655"},"modified":"2024-04-22T16:54:00","modified_gmt":"2024-04-22T14:54:00","slug":"itg-air-sea","status":"publish","type":"page","link":"https:\/\/lgigroup.com\/de-de\/end-to-end-loesungen\/unsere-marken\/itg-air-sea\/","title":{"rendered":"ITG Air &#038; Sea"},"content":{"rendered":"\r\n\t\t<section class=\"titelbild-section titelbild-block-id-69f8bf8905c27 titelbild-block-layout-\">\r\n            <div class=\"col-12 col-lg-12\">\r\n                <div class=\"full-bild\"> <img loading=\"lazy\" decoding=\"async\" width=\"1920\" height=\"700\" src=\"\/wp-content\/uploads\/2023\/01\/itg-air-sea-building.jpg\" class=\"img-fluid\" alt=\"ITG Air &amp; Sea Geb\u00e4ude | LGI Marke\" srcset=\"\/wp-content\/uploads\/2023\/01\/itg-air-sea-building.jpg 1920w, \/wp-content\/uploads\/2023\/01\/itg-air-sea-building-300x109.jpg 300w, \/wp-content\/uploads\/2023\/01\/itg-air-sea-building-1024x373.jpg 1024w, \/wp-content\/uploads\/2023\/01\/itg-air-sea-building-768x280.jpg 768w, \/wp-content\/uploads\/2023\/01\/itg-air-sea-building-1536x560.jpg 1536w\" sizes=\"auto, (max-width: 1920px) 100vw, 1920px\" \/><\/div>\r\n                <div class=\"bild-title container\">\r\n                    <div class=\"row\">\r\n                                <div class=\"col\">\r\n                                    <p class=\"headline wt-h1\"><\/p>\r\n                                <\/div>                                        \r\n                            <\/div> \r\n                <\/div>\r\n            <\/div>\r\n        <\/section>\r\n\t\n\n            \r\n        <div class=\"spacing-block large spacing-block-id-69f8bf890630e\" >                                     \r\n                  <div class=\"large-space\">   \r\n                  <\/div>                      \r\n        <\/div>\n\n\r\n                <div class=\"headline-block \">\r\n                    \r\n                        <div class=\"container\">                            \r\n                            \r\n                            \r\n                            <div class=\"row\">\r\n                                <div class=\"col\">\r\n                                    <h1 class=\"wt-h1 wt-font-color-dark-grey\">ITG Air &#038; Sea<\/h1>\r\n                                <\/div>                                        \r\n                            <\/div>                                                                                                    \r\n                        <\/div>                                \r\n                <\/div>\r\n            \n\n            \r\n        <div class=\"spacing-block extrasmall spacing-block-id-69f8bf890657a\" >                                     \r\n                  <div class=\"extra-small-space\">   \r\n                  <\/div>                      \r\n        <\/div>\n\n   \r\n    \r\n    <div class=\"grey-line-block grey-line-block-id-69f8bf89066a3\">\r\n        \r\n        <div class=\"container\">\r\n            <div class=\"row\">\r\n                <div class=\"col test\">\r\n                    <div class=\"grey-line-block-line\"><\/div>\r\n                <\/div>                \r\n            <\/div>\r\n        <\/div>\r\n        \r\n    <\/div>\n\n            \r\n        <div class=\"spacing-block small spacing-block-id-69f8bf89067d9\" >                                     \r\n                  <div class=\"small-space\">   \r\n                  <\/div>                      \r\n        <\/div>\n\n\n<div class=\"wp-block-group container\"><div class=\"wp-block-group__inner-container is-layout-constrained wp-block-group-is-layout-constrained\">\n<p>Die ITG Air &amp; Sea GmbH ist ein weltweit agierender Logistikdienstleister im Bereich <a href=\"\/de-de\/end-to-end-loesungen\/unsere-geschaeftsmodelle\/luft-und-seefracht\/\">Luft- und Seefracht<\/a>. Den Ursprung hat das Unternehmen in der 1981 gegr\u00fcndeten ITG GmbH Internationale Spedition mit Sitz am Flughafen M\u00fcnchen. Seit 2019 firmiert das Unternehmen als ITG Air &amp; Sea GmbH, an der ein langj\u00e4hriger Asien-Partner Dimerco Express Group zu 25 % beteiligt ist. In ihrem ganzheitlichen Serviceportfolio bietet die ITG Gruppe den Kunden Dienstleistungen entlang der kompletten Supply Chain an. Mit seinem globalen Netzwerk bedient die ITG namhafte Kunden aus unterschiedlichen Branchen und ist Vorreiter im Bereich Logistik-Fulfillment.<\/p>\n<\/div><\/div>\n\n\n            \r\n        <div class=\"spacing-block small spacing-block-id-69f8bf8907f2f\" >                                     \r\n                  <div class=\"small-space\">   \r\n                  <\/div>                      \r\n        <\/div>\n\n\n<div class=\"wp-block-group container\"><div class=\"wp-block-group__inner-container is-layout-constrained wp-block-group-is-layout-constrained\">\n<div class=\"wp-block-columns is-layout-flex wp-container-core-columns-is-layout-9d6595d7 wp-block-columns-is-layout-flex\">\n<div class=\"wp-block-column is-layout-flow wp-block-column-is-layout-flow\">\r\n                <div class=\"headline-block \">\r\n                    \r\n                        <h2 class=\"wt-subheadline wt-sl\">Leistungen<\/h2>\r\n                            \r\n                        \r\n                                                            \r\n                <\/div>\r\n            \n\n            \r\n        <div class=\"spacing-block doublesmall spacing-block-id-69f8bf890818c\" >                                     \r\n                  <div class=\"double-small-space\">   \r\n                  <\/div>                      \r\n        <\/div>\n\n\n<p>Die ITG bietet f\u00fcr die Kunden ma\u00dfgeschneiderte Logistikl\u00f6sungen im Bereich <a href=\"\/de-de\/end-to-end-loesungen\/unsere-geschaeftsmodelle\/luft-und-seefracht\/\">Luft- und Seefracht<\/a> an. Erg\u00e4nzt werden diese durch hochwertige Zusatzleistungen und erm\u00f6glichen somit eine End-to-End-L\u00f6sung. Besonders in Asien, Nordamerika sowie Europa bietet die ITG ihren Kunden einen flexiblen, schnellen und fairen Service begleitend mit dem eigenen ITG Track &amp; Trace-System in der gesamten Lieferkette an, womit die Kunden zu jeder Zeit den Status ihrer Sendungen einsehen k\u00f6nnen.<\/p>\n<\/div>\n\n\n\n<div class=\"wp-block-column is-layout-flow wp-block-column-is-layout-flow\">\r\n                <div class=\"headline-block \">\r\n                    \r\n                        <h2 class=\"wt-subheadline wt-sl\">Vorteile<\/h2>\r\n                            \r\n                        \r\n                                                            \r\n                <\/div>\r\n            \n\n            \r\n        <div class=\"spacing-block doublesmall spacing-block-id-69f8bf890843a\" >                                     \r\n                  <div class=\"double-small-space\">   \r\n                  <\/div>                      \r\n        <\/div>\n\n\n<p>Die ITG bietet den Kunden alle Verkehrstr\u00e4ger aus einer Hand an und hat somit f\u00fcr jede Sendung die optimale L\u00f6sung parat. Die individuelle Betreuung jedes Kunden sowie eine sorgf\u00e4ltige und reibungslose Sendungsabwicklung steht bei der ITG an erster Stelle und erm\u00f6glicht durch ihre Expertise kundenspezifische Transportl\u00f6sungen f\u00fcr verschiedene Branchen.<\/p>\n<\/div>\n<\/div>\n<\/div><\/div>\n\n\n            \r\n        <div class=\"spacing-block small spacing-block-id-69f8bf890892e\" >                                     \r\n                  <div class=\"small-space\">   \r\n                  <\/div>                      \r\n        <\/div>\n\n   \r\n    \r\n    <section id=\"Contact-person\" class=\"contact-person-block contact-person-block-id-69f8bf8908a54 encoded-email\" data-idcp=\"23462\" data-mail=\"cmFscGguYmlsbGVyQGl0Zy5kZQ==\">\r\n    \r\n        \r\n        <div class=\"contact-person-bg-img-wrapper\">\r\n            <img loading=\"lazy\" decoding=\"async\" width=\"1920\" height=\"500\" src=\"\/wp-content\/uploads\/2023\/01\/shipping-container-at-the-port-lgi.jpg\" class=\"img-fluid bg-image\" alt=\"Schiffscontainer am Hafen | LGI\" srcset=\"\/wp-content\/uploads\/2023\/01\/shipping-container-at-the-port-lgi.jpg 1920w, \/wp-content\/uploads\/2023\/01\/shipping-container-at-the-port-lgi-300x78.jpg 300w, \/wp-content\/uploads\/2023\/01\/shipping-container-at-the-port-lgi-1024x267.jpg 1024w, \/wp-content\/uploads\/2023\/01\/shipping-container-at-the-port-lgi-768x200.jpg 768w, \/wp-content\/uploads\/2023\/01\/shipping-container-at-the-port-lgi-1536x400.jpg 1536w\" sizes=\"auto, (max-width: 1920px) 100vw, 1920px\" \/>\r\n        <\/div>\r\n        \r\n        <div class=\"container contact-person-content-wrapper\">\r\n            <div class=\"row\">\r\n                <div class=\"col-12 col-lg-6 contact-person-text-wrapper contact-text-align\">\r\n                    <span class=\"wt-bh\">Ihr Kontakt zu LGI<\/span>\r\n                    <span class=\"wt-hl wt-big-string\">Welchen <span class='wt-font-color-white'>Service<\/span> k\u00f6nnen wir Ihnen anbieten?<\/span>\r\n                <\/div>\r\n                <div class=\"col-12 col-lg-6 order-first order-lg-last contact-person-img-wrapper\">\r\n                    <div>\r\n                        <div class=\"contact-person-wrapper contact-person\">\r\n                            <div class=\"d-flex align-items-stretch\">\r\n                                <div class=\"image-section\">\r\n                                    <img loading=\"lazy\" decoding=\"async\" width=\"540\" height=\"500\" src=\"\/wp-content\/uploads\/2024\/04\/lgi-contact-biller-ralph.png\" class=\"img-fluid\" alt=\"LGI contact person: Ralph Biller\" srcset=\"\/wp-content\/uploads\/2024\/04\/lgi-contact-biller-ralph.png 540w, \/wp-content\/uploads\/2024\/04\/lgi-contact-biller-ralph-300x278.png 300w\" sizes=\"auto, (max-width: 540px) 100vw, 540px\" \/>\r\n                                <\/div>\r\n                                <div class=\"pe-3 pe-sm-0 ps-3 ps-xl-3 d-flex flex-column justify-content-end content-section\">\r\n                                    <p class=\"wt-sl\">Ihr Kontakt<\/p>\r\n                                \r\n                                    <p class=\"text-sec wt-text-sec\">\r\n                                        <span>Senior Vice President Operations<\/span><br>\r\n                                         Ralph Biller<br>\r\n                                        <a class=\"wt-k-click-tel\" href=\"tel:+4981225671300\">+49 8122 567 1300<\/a><br>\r\n                                        <a class=\"wt-k-click-mail\" href=\"&#109;&#97;&#105;&#108;&#116;&#111;&#58;%72%61%6c%70%68.%62%69%6c%6c%65%72@%69%74%67.%64%65\">&#x72;&#x61;&#x6c;&#x70;&#x68;&#x2e;&#x62;&#x69;&#x6c;&#x6c;&#x65;&#x72;&#x40;&#x69;&#x74;&#x67;&#x2e;&#x64;&#x65;<\/a>\r\n                                    <\/p>\r\n                                    <div class=\"button-wrapper\">\r\n                                        <div class=\"wt-bt d-none d-sm-block\" data-bs-toggle=\"modal\" data-bs-target=\"#contactModal\">Kontakt aufnehmen<\/div>\r\n                                        <div class=\"d-none d-sm-block \"> <\/div>\r\n                                    <\/div>    \r\n                                <\/div>\r\n                            <\/div>                            \r\n                            <div class=\"button-wrapper\">\r\n                                <div class=\"mt-md-3 pt-3 pb-3 ps-3 pe-3 pt-md-3 d-sm-none\">\r\n                                    <div class=\"wt-bt\" data-bs-toggle=\"modal\" data-bs-target=\"#contactModal\">Kontakt aufnehmen<\/div>\r\n                                    \r\n                                <\/div>\r\n                            <\/div> \r\n                        <\/div>                        \r\n                    <\/div>                    \r\n                <\/div>\r\n            <\/div>\r\n        <\/div>\r\n        \r\n    <\/section>","protected":false},"excerpt":{"rendered":"<p>Die ITG Air &amp; Sea GmbH ist ein weltweit agierender Logistikdienstleister im Bereich Luft- und Seefracht. Den Ursprung hat das Unternehmen in der 1981 gegr\u00fcndeten ITG GmbH Internationale Spedition mit Sitz am Flughafen M\u00fcnchen. Seit 2019 firmiert das Unternehmen als ITG Air &amp; Sea GmbH, an der ein langj\u00e4hriger Asien-Partner Dimerco Express Group zu 25 [&hellip;]<\/p>\n","protected":false},"author":1,"featured_media":0,"parent":1162,"menu_order":0,"comment_status":"closed","ping_status":"closed","template":"","meta":{"footnotes":""},"class_list":["post-1655","page","type-page","status-publish","hentry"],"yoast_head":"<!-- This site is optimized with the Yoast SEO plugin v27.3 - https:\/\/yoast.com\/product\/yoast-seo-wordpress\/ -->\n<title>ITG Air &amp; Sea: Globale Luft- &amp; Seefracht-L\u00f6sungen<\/title>\n<meta name=\"description\" content=\"Sie ben\u00f6tigen individuelle Luft- &amp; Seefracht-Leistungen? ITG Air &amp; Sea bietet ma\u00dfgeschneiderte End-to-End L\u00f6sungen international.\" \/>\n<meta name=\"robots\" content=\"index, follow, max-snippet:-1, max-image-preview:large, max-video-preview:-1\" \/>\n<link rel=\"canonical\" href=\"https:\/\/lgigroup.com\/de-de\/wp-json\/wp\/v2\/pages\/1655\" \/>\n<meta property=\"og:locale\" content=\"de_DE\" \/>\n<meta property=\"og:type\" content=\"article\" \/>\n<meta property=\"og:title\" content=\"ITG Air &amp; Sea: Globale Luft- &amp; Seefracht-L\u00f6sungen\" \/>\n<meta property=\"og:description\" content=\"Sie ben\u00f6tigen individuelle Luft- &amp; Seefracht-Leistungen? ITG Air &amp; Sea bietet ma\u00dfgeschneiderte End-to-End L\u00f6sungen international.\" \/>\n<meta property=\"og:url\" content=\"https:\/\/lgigroup.com\/de-de\/end-to-end-loesungen\/unsere-marken\/itg-air-sea\/\" \/>\n<meta property=\"og:site_name\" content=\"LGI Group\" \/>\n<meta property=\"article:modified_time\" content=\"2024-04-22T14:54:00+00:00\" \/>\n<meta name=\"twitter:card\" content=\"summary_large_image\" \/>\n<meta name=\"twitter:label1\" content=\"Est. reading time\" \/>\n\t<meta name=\"twitter:data1\" content=\"1 minute\" \/>\n<script type=\"application\/ld+json\" class=\"yoast-schema-graph\">{\"@context\":\"https:\\\/\\\/schema.org\",\"@graph\":[{\"@type\":\"WebPage\",\"@id\":\"https:\\\/\\\/lgigroup.com\\\/de-de\\\/end-to-end-loesungen\\\/unsere-marken\\\/itg-air-sea\\\/\",\"url\":\"https:\\\/\\\/lgigroup.com\\\/de-de\\\/end-to-end-loesungen\\\/unsere-marken\\\/itg-air-sea\\\/\",\"name\":\"ITG Air & Sea: Globale Luft- & Seefracht-L\u00f6sungen\",\"isPartOf\":{\"@id\":\"https:\\\/\\\/lgigroup.com\\\/de-de\\\/#website\"},\"datePublished\":\"2023-01-12T09:58:39+00:00\",\"dateModified\":\"2024-04-22T14:54:00+00:00\",\"description\":\"Sie ben\u00f6tigen individuelle Luft- & Seefracht-Leistungen? ITG Air & Sea bietet ma\u00dfgeschneiderte End-to-End L\u00f6sungen international.\",\"breadcrumb\":{\"@id\":\"https:\\\/\\\/lgigroup.com\\\/de-de\\\/end-to-end-loesungen\\\/unsere-marken\\\/itg-air-sea\\\/#breadcrumb\"},\"inLanguage\":\"de-de\",\"potentialAction\":[{\"@type\":\"ReadAction\",\"target\":[\"https:\\\/\\\/lgigroup.com\\\/de-de\\\/end-to-end-loesungen\\\/unsere-marken\\\/itg-air-sea\\\/\"]}]},{\"@type\":\"BreadcrumbList\",\"@id\":\"https:\\\/\\\/lgigroup.com\\\/de-de\\\/end-to-end-loesungen\\\/unsere-marken\\\/itg-air-sea\\\/#breadcrumb\",\"itemListElement\":[{\"@type\":\"ListItem\",\"position\":1,\"name\":\"Startseite\",\"item\":\"https:\\\/\\\/lgigroup.com\\\/de-de\\\/\"},{\"@type\":\"ListItem\",\"position\":2,\"name\":\"End-to-End L\u00f6sungen\",\"item\":\"https:\\\/\\\/lgigroup.com\\\/de-de\\\/end-to-end-loesungen\\\/\"},{\"@type\":\"ListItem\",\"position\":3,\"name\":\"Unsere Marken\",\"item\":\"https:\\\/\\\/lgigroup.com\\\/de-de\\\/end-to-end-loesungen\\\/unsere-marken\\\/\"},{\"@type\":\"ListItem\",\"position\":4,\"name\":\"ITG Air &#038; Sea\"}]},{\"@type\":\"WebSite\",\"@id\":\"https:\\\/\\\/lgigroup.com\\\/de-de\\\/#website\",\"url\":\"https:\\\/\\\/lgigroup.com\\\/de-de\\\/\",\"name\":\"LGI Group\",\"description\":\"\",\"publisher\":{\"@id\":\"https:\\\/\\\/lgigroup.com\\\/de-de\\\/#organization\"},\"potentialAction\":[{\"@type\":\"SearchAction\",\"target\":{\"@type\":\"EntryPoint\",\"urlTemplate\":\"https:\\\/\\\/lgigroup.com\\\/de-de\\\/?s={search_term_string}\"},\"query-input\":{\"@type\":\"PropertyValueSpecification\",\"valueRequired\":true,\"valueName\":\"search_term_string\"}}],\"inLanguage\":\"de-de\"},{\"@type\":\"Organization\",\"@id\":\"https:\\\/\\\/lgigroup.com\\\/de-de\\\/#organization\",\"name\":\"LGI GmbH\",\"url\":\"https:\\\/\\\/lgigroup.com\\\/de-de\\\/\",\"logo\":{\"@type\":\"ImageObject\",\"inLanguage\":\"de-de\",\"@id\":\"https:\\\/\\\/lgigroup.com\\\/de-de\\\/#\\\/schema\\\/logo\\\/image\\\/\",\"url\":\"https:\\\/\\\/lgigroup.com\\\/wp-content\\\/uploads\\\/2023\\\/01\\\/lgi-logo.png\",\"contentUrl\":\"https:\\\/\\\/lgigroup.com\\\/wp-content\\\/uploads\\\/2023\\\/01\\\/lgi-logo.png\",\"width\":420,\"height\":200,\"caption\":\"LGI GmbH\"},\"image\":{\"@id\":\"https:\\\/\\\/lgigroup.com\\\/de-de\\\/#\\\/schema\\\/logo\\\/image\\\/\"}}]}<\/script>\n<!-- \/ Yoast SEO plugin. -->","yoast_head_json":{"title":"ITG Air & Sea: Globale Luft- & Seefracht-L\u00f6sungen","description":"Sie ben\u00f6tigen individuelle Luft- & Seefracht-Leistungen? ITG Air & Sea bietet ma\u00dfgeschneiderte End-to-End L\u00f6sungen international.","robots":{"index":"index","follow":"follow","max-snippet":"max-snippet:-1","max-image-preview":"max-image-preview:large","max-video-preview":"max-video-preview:-1"},"canonical":"https:\/\/lgigroup.com\/de-de\/wp-json\/wp\/v2\/pages\/1655","og_locale":"de_DE","og_type":"article","og_title":"ITG Air & Sea: Globale Luft- & Seefracht-L\u00f6sungen","og_description":"Sie ben\u00f6tigen individuelle Luft- & Seefracht-Leistungen? ITG Air & Sea bietet ma\u00dfgeschneiderte End-to-End L\u00f6sungen international.","og_url":"https:\/\/lgigroup.com\/de-de\/end-to-end-loesungen\/unsere-marken\/itg-air-sea\/","og_site_name":"LGI Group","article_modified_time":"2024-04-22T14:54:00+00:00","twitter_card":"summary_large_image","twitter_misc":{"Est. reading time":"1 minute"},"schema":{"@context":"https:\/\/schema.org","@graph":[{"@type":"WebPage","@id":"https:\/\/lgigroup.com\/de-de\/end-to-end-loesungen\/unsere-marken\/itg-air-sea\/","url":"https:\/\/lgigroup.com\/de-de\/end-to-end-loesungen\/unsere-marken\/itg-air-sea\/","name":"ITG Air & Sea: Globale Luft- & Seefracht-L\u00f6sungen","isPartOf":{"@id":"https:\/\/lgigroup.com\/de-de\/#website"},"datePublished":"2023-01-12T09:58:39+00:00","dateModified":"2024-04-22T14:54:00+00:00","description":"Sie ben\u00f6tigen individuelle Luft- & Seefracht-Leistungen? ITG Air & Sea bietet ma\u00dfgeschneiderte End-to-End L\u00f6sungen international.","breadcrumb":{"@id":"https:\/\/lgigroup.com\/de-de\/end-to-end-loesungen\/unsere-marken\/itg-air-sea\/#breadcrumb"},"inLanguage":"de-de","potentialAction":[{"@type":"ReadAction","target":["https:\/\/lgigroup.com\/de-de\/end-to-end-loesungen\/unsere-marken\/itg-air-sea\/"]}]},{"@type":"BreadcrumbList","@id":"https:\/\/lgigroup.com\/de-de\/end-to-end-loesungen\/unsere-marken\/itg-air-sea\/#breadcrumb","itemListElement":[{"@type":"ListItem","position":1,"name":"Startseite","item":"https:\/\/lgigroup.com\/de-de\/"},{"@type":"ListItem","position":2,"name":"End-to-End L\u00f6sungen","item":"https:\/\/lgigroup.com\/de-de\/end-to-end-loesungen\/"},{"@type":"ListItem","position":3,"name":"Unsere Marken","item":"https:\/\/lgigroup.com\/de-de\/end-to-end-loesungen\/unsere-marken\/"},{"@type":"ListItem","position":4,"name":"ITG Air &#038; Sea"}]},{"@type":"WebSite","@id":"https:\/\/lgigroup.com\/de-de\/#website","url":"https:\/\/lgigroup.com\/de-de\/","name":"LGI Group","description":"","publisher":{"@id":"https:\/\/lgigroup.com\/de-de\/#organization"},"potentialAction":[{"@type":"SearchAction","target":{"@type":"EntryPoint","urlTemplate":"https:\/\/lgigroup.com\/de-de\/?s={search_term_string}"},"query-input":{"@type":"PropertyValueSpecification","valueRequired":true,"valueName":"search_term_string"}}],"inLanguage":"de-de"},{"@type":"Organization","@id":"https:\/\/lgigroup.com\/de-de\/#organization","name":"LGI GmbH","url":"https:\/\/lgigroup.com\/de-de\/","logo":{"@type":"ImageObject","inLanguage":"de-de","@id":"https:\/\/lgigroup.com\/de-de\/#\/schema\/logo\/image\/","url":"https:\/\/lgigroup.com\/wp-content\/uploads\/2023\/01\/lgi-logo.png","contentUrl":"https:\/\/lgigroup.com\/wp-content\/uploads\/2023\/01\/lgi-logo.png","width":420,"height":200,"caption":"LGI GmbH"},"image":{"@id":"https:\/\/lgigroup.com\/de-de\/#\/schema\/logo\/image\/"}}]}},"_links":{"self":[{"href":"https:\/\/lgigroup.com\/de-de\/wp-json\/wp\/v2\/pages\/1655","targetHints":{"allow":["GET"]}}],"collection":[{"href":"https:\/\/lgigroup.com\/de-de\/wp-json\/wp\/v2\/pages"}],"about":[{"href":"https:\/\/lgigroup.com\/de-de\/wp-json\/wp\/v2\/types\/page"}],"author":[{"embeddable":true,"href":"https:\/\/lgigroup.com\/de-de\/wp-json\/wp\/v2\/users\/1"}],"replies":[{"embeddable":true,"href":"https:\/\/lgigroup.com\/de-de\/wp-json\/wp\/v2\/comments?post=1655"}],"version-history":[{"count":21,"href":"https:\/\/lgigroup.com\/de-de\/wp-json\/wp\/v2\/pages\/1655\/revisions"}],"predecessor-version":[{"id":26764,"href":"https:\/\/lgigroup.com\/de-de\/wp-json\/wp\/v2\/pages\/1655\/revisions\/26764"}],"up":[{"embeddable":true,"href":"https:\/\/lgigroup.com\/de-de\/wp-json\/wp\/v2\/pages\/1162"}],"wp:attachment":[{"href":"https:\/\/lgigroup.com\/de-de\/wp-json\/wp\/v2\/media?parent=1655"}],"curies":[{"name":"wp","href":"https:\/\/api.w.org\/{rel}","templated":true}]}}