{"id":1682,"date":"2023-01-12T11:24:14","date_gmt":"2023-01-12T10:24:14","guid":{"rendered":"https:\/\/lgigroup.com\/?page_id=1682"},"modified":"2024-10-25T07:50:03","modified_gmt":"2024-10-25T05:50:03","slug":"itg-fashion","status":"publish","type":"page","link":"https:\/\/lgigroup.com\/de-de\/end-to-end-loesungen\/unsere-marken\/itg-fashion\/","title":{"rendered":"ITG Fashion"},"content":{"rendered":"\r\n\t\t<section class=\"titelbild-section titelbild-block-id-69e96781348f7 titelbild-block-layout-\">\r\n            <div class=\"col-12 col-lg-12\">\r\n                <div class=\"full-bild\"> <img loading=\"lazy\" decoding=\"async\" width=\"1920\" height=\"700\" src=\"\/wp-content\/uploads\/2023\/01\/persons-with-itg-magazine.jpg\" class=\"img-fluid\" alt=\"Personen mit ITG Magazin | LGI Marke\" srcset=\"\/wp-content\/uploads\/2023\/01\/persons-with-itg-magazine.jpg 1920w, \/wp-content\/uploads\/2023\/01\/persons-with-itg-magazine-300x109.jpg 300w, \/wp-content\/uploads\/2023\/01\/persons-with-itg-magazine-1024x373.jpg 1024w, \/wp-content\/uploads\/2023\/01\/persons-with-itg-magazine-768x280.jpg 768w, \/wp-content\/uploads\/2023\/01\/persons-with-itg-magazine-1536x560.jpg 1536w\" sizes=\"auto, (max-width: 1920px) 100vw, 1920px\" \/><\/div>\r\n                <div class=\"bild-title container\">\r\n                    <div class=\"row\">\r\n                                <div class=\"col\">\r\n                                    <p class=\"headline wt-h1\"><\/p>\r\n                                <\/div>                                        \r\n                            <\/div> \r\n                <\/div>\r\n            <\/div>\r\n        <\/section>\r\n\t\n\n            \r\n        <div class=\"spacing-block large spacing-block-id-69e9678134e4a\" >                                     \r\n                  <div class=\"large-space\">   \r\n                  <\/div>                      \r\n        <\/div>\n\n\r\n                <div class=\"headline-block \">\r\n                    \r\n                        <div class=\"container\">                            \r\n                            \r\n                            \r\n                            <div class=\"row\">\r\n                                <div class=\"col\">\r\n                                    <h1 class=\"wt-h1 wt-font-color-dark-grey\">ITG Fashion<\/h1>\r\n                                <\/div>                                        \r\n                            <\/div>                                                                                                    \r\n                        <\/div>                                \r\n                <\/div>\r\n            \n\n            \r\n        <div class=\"spacing-block extrasmall spacing-block-id-69e9678134fe3\" >                                     \r\n                  <div class=\"extra-small-space\">   \r\n                  <\/div>                      \r\n        <\/div>\n\n   \r\n    \r\n    <div class=\"grey-line-block grey-line-block-id-69e96781350a8\">\r\n        \r\n        <div class=\"container\">\r\n            <div class=\"row\">\r\n                <div class=\"col test\">\r\n                    <div class=\"grey-line-block-line\"><\/div>\r\n                <\/div>                \r\n            <\/div>\r\n        <\/div>\r\n        \r\n    <\/div>\n\n            \r\n        <div class=\"spacing-block small spacing-block-id-69e967813516a\" >                                     \r\n                  <div class=\"small-space\">   \r\n                  <\/div>                      \r\n        <\/div>\n\n\n<div class=\"wp-block-group container\"><div class=\"wp-block-group__inner-container is-layout-constrained wp-block-group-is-layout-constrained\">\n<p>Die ITG mit Hauptsitz in Schwaig am M\u00fcnchener Flughafen ist eine mittelst\u00e4ndisch gepr\u00e4gte sowie global agierende Logistikdienstleisterin und Anbieterin von <a href=\"\/de-de\/end-to-end-loesungen\/unsere-geschaeftsmodelle\/e-commerce\/\">E-Commerce L\u00f6sungen<\/a>. Das Leistungsspektrum umfasst alle Services, welche Kunden entlang ihrer gesamten Lieferkette von der Beschaffung bis zum Endkunden ben\u00f6tigen. Besondere Kompetenzen verf\u00fcgt die ITG in den Branchen <a href=\"\/de-de\/branchen\/textil\/\">Fashion<\/a>, Sport, <a href=\"\/de-de\/branchen\/beauty\/\">Kosmetik<\/a>, <a href=\"\/de-de\/branchen\/lifestyle\/\">Lifestyle<\/a> &amp; Luxusg\u00fcter sowie Merchandising.<\/p>\n\n\n\n<p>Seit ihrer Gr\u00fcndung im Jahr 1981 hat sich die ITG vom reinen Spediteur und Logistikanbieter stetig weiterentwickelt. Als strategische Partnerin unterst\u00fctzt sie heute Ihre Kunden entlang der gesamten Lieferkette und hilft mit ihren Leistungen, das Marken- und Kundenversprechen zuverl\u00e4ssig einzuhalten.<\/p>\n<\/div><\/div>\n\n\n            \r\n        <div class=\"spacing-block small spacing-block-id-69e96781362c7\" >                                     \r\n                  <div class=\"small-space\">   \r\n                  <\/div>                      \r\n        <\/div>\n\n\n<div class=\"wp-block-group container\"><div class=\"wp-block-group__inner-container is-layout-constrained wp-block-group-is-layout-constrained\">\n<div class=\"wp-block-columns is-layout-flex wp-container-core-columns-is-layout-9d6595d7 wp-block-columns-is-layout-flex\">\n<div class=\"wp-block-column is-layout-flow wp-block-column-is-layout-flow\">\r\n                <div class=\"headline-block \">\r\n                    \r\n                        <h2 class=\"wt-subheadline wt-sl\">Leistungen<\/h2>\r\n                            \r\n                        \r\n                                                            \r\n                <\/div>\r\n            \n\n            \r\n        <div class=\"spacing-block doublesmall spacing-block-id-69e967813646b\" >                                     \r\n                  <div class=\"double-small-space\">   \r\n                  <\/div>                      \r\n        <\/div>\n\n\n<p>Das logistische Fulfillment vereint idealerweise alle Vertriebskan\u00e4le und bietet entsprechende Services bis hin zu kompletten <a href=\"\/de-de\/end-to-end-loesungen\/unsere-geschaeftsmodelle\/multichannel\/\">Multichannel-L\u00f6sungen<\/a>. Diese umfassen neben Pick, Pack &amp; Ship zus\u00e4tzlich auch umfangreiche <a href=\"\/de-de\/end-to-end-loesungen\/unsere-geschaeftsmodelle\/vas\/\">Mehrwertdienstleistungen<\/a> wie Qualit\u00e4tskontrolle, Aufbereitung und Personalisierung sowie alles rund um das Thema Retourenabwicklung. \u00dcber diese klassischen logistischen Dienstleistungen hinaus setzt die ITG vermehrt auf Fulfillment-Services im Online Handel. Hier werden technologische L\u00f6sungen im Frontend- sowie Backend-Bereich angeboten. In diesem Zusammenhang entwickelt und betreibt die ITG neben Webshops auch erg\u00e4nzende Services wie Order-Management, Marktplatz-Management, Financial Services, Customer Care oder Content-Management. Aber auch der Betrieb und die Optimierung kompletter KEP-Netzwerke zur direkten Endkundenbelieferung stellen einen Bestandteil ihres Portfolios dar.<\/p>\n<\/div>\n\n\n\n<div class=\"wp-block-column is-layout-flow wp-block-column-is-layout-flow\">\r\n                <div class=\"headline-block \">\r\n                    \r\n                        <h2 class=\"wt-subheadline wt-sl\">Vorteile<\/h2>\r\n                            \r\n                        \r\n                                                            \r\n                <\/div>\r\n            \n\n            \r\n        <div class=\"spacing-block doublesmall spacing-block-id-69e9678136667\" >                                     \r\n                  <div class=\"double-small-space\">   \r\n                  <\/div>                      \r\n        <\/div>\n\n\n<p>Die ITG genie\u00dft in ihren Kernm\u00e4rkten eine hohe Reputation. Leistungsmerkmale sind individueller Service, eine gro\u00dfe Flexibilit\u00e4t und absolute Zuverl\u00e4ssigkeit. Im Fokus steht der Anspruch, stets passgenaue L\u00f6sungen und somit Mehrwert f\u00fcr den Kunden zu entwickeln. Neben den Standardleistungen werden umfassende Mehrwertleistungen erbracht, die z. T. auch direkt am Produkt erfolgen. Dabei kann die ITG auf h\u00f6chst motivierte und bestens ausgebildete Mitarbeitende zur\u00fcckgreifen. Viele der Kolleginnen und Kollegen arbeiten dabei bereits \u00fcberdurchschnittlich lange im Unternehmen und tragen zur umfassenden Expertise bei.<\/p>\n<\/div>\n<\/div>\n<\/div><\/div>\n\n\n            \r\n        <div class=\"spacing-block small spacing-block-id-69e96781369eb\" >                                     \r\n                  <div class=\"small-space\">   \r\n                  <\/div>                      \r\n        <\/div>\n\n   \r\n    \r\n    <section id=\"Contact-person\" class=\"contact-person-block contact-person-block-id-69e9678136ab3 encoded-email\" data-idcp=\"6138\" data-mail=\"dmVyYS5hdXJpY2hAaXRnLmRl\">\r\n    \r\n        \r\n        <div class=\"contact-person-bg-img-wrapper\">\r\n            <img loading=\"lazy\" decoding=\"async\" width=\"1920\" height=\"500\" src=\"\/wp-content\/uploads\/2023\/01\/lgi-building-holland.jpg\" class=\"img-fluid bg-image\" alt=\"LGI Geb\u00e4ude in Holland\" srcset=\"\/wp-content\/uploads\/2023\/01\/lgi-building-holland.jpg 1920w, \/wp-content\/uploads\/2023\/01\/lgi-building-holland-300x78.jpg 300w, \/wp-content\/uploads\/2023\/01\/lgi-building-holland-1024x267.jpg 1024w, \/wp-content\/uploads\/2023\/01\/lgi-building-holland-768x200.jpg 768w, \/wp-content\/uploads\/2023\/01\/lgi-building-holland-1536x400.jpg 1536w\" sizes=\"auto, (max-width: 1920px) 100vw, 1920px\" \/>\r\n        <\/div>\r\n        \r\n        <div class=\"container contact-person-content-wrapper\">\r\n            <div class=\"row\">\r\n                <div class=\"col-12 col-lg-6 contact-person-text-wrapper contact-text-align\">\r\n                    <span class=\"wt-bh\">Ihr Kontakt zu LGI<\/span>\r\n                    <span class=\"wt-hl wt-big-string\">Welchen <span class='wt-font-color-white'>Service<\/span> d\u00fcrfen wir Ihnen anbieten?<\/span>\r\n                <\/div>\r\n                <div class=\"col-12 col-lg-6 order-first order-lg-last contact-person-img-wrapper\">\r\n                    <div>\r\n                        <div class=\"contact-person-wrapper contact-person\">\r\n                            <div class=\"d-flex align-items-stretch\">\r\n                                <div class=\"image-section\">\r\n                                    <img loading=\"lazy\" decoding=\"async\" width=\"540\" height=\"500\" src=\"\/wp-content\/uploads\/2023\/01\/lgi-contact-aurich-vera.png\" class=\"img-fluid\" alt=\"LGI contact person: Vera Aurich\" srcset=\"\/wp-content\/uploads\/2023\/01\/lgi-contact-aurich-vera.png 540w, \/wp-content\/uploads\/2023\/01\/lgi-contact-aurich-vera-300x278.png 300w\" sizes=\"auto, (max-width: 540px) 100vw, 540px\" \/>\r\n                                <\/div>\r\n                                <div class=\"pe-3 pe-sm-0 ps-3 ps-xl-3 d-flex flex-column justify-content-end content-section\">\r\n                                    <p class=\"wt-sl\">Ihr Kontakt<\/p>\r\n                                \r\n                                    <p class=\"text-sec wt-text-sec\">\r\n                                        <span>Head of Sales<\/span><br>\r\n                                         Vera Aurich<br>\r\n                                        <a class=\"wt-k-click-tel\" href=\"tel:+4915129804379\">+49 1512 9804379<\/a><br>\r\n                                        <a class=\"wt-k-click-mail\" href=\"&#109;&#97;&#105;&#108;&#116;&#111;&#58;%76%65%72%61.%61%75%72%69%63%68@%69%74%67.%64%65\">&#x76;&#x65;&#x72;&#x61;&#x2e;&#x61;&#x75;&#x72;&#x69;&#x63;&#x68;&#x40;&#x69;&#x74;&#x67;&#x2e;&#x64;&#x65;<\/a>\r\n                                    <\/p>\r\n                                    <div class=\"button-wrapper\">\r\n                                        <div class=\"wt-bt d-none d-sm-block\" data-bs-toggle=\"modal\" data-bs-target=\"#contactModal\">Kontakt aufnehmen<\/div>\r\n                                        <div class=\"d-none d-sm-block \"> <\/div>\r\n                                    <\/div>    \r\n                                <\/div>\r\n                            <\/div>                            \r\n                            <div class=\"button-wrapper\">\r\n                                <div class=\"mt-md-3 pt-3 pb-3 ps-3 pe-3 pt-md-3 d-sm-none\">\r\n                                    <div class=\"wt-bt\" data-bs-toggle=\"modal\" data-bs-target=\"#contactModal\">Kontakt aufnehmen<\/div>\r\n                                    \r\n                                <\/div>\r\n                            <\/div> \r\n                        <\/div>                        \r\n                    <\/div>                    \r\n                <\/div>\r\n            <\/div>\r\n        <\/div>\r\n        \r\n    <\/section>\n\n\n<p><\/p>\n","protected":false},"excerpt":{"rendered":"<p>Die ITG mit Hauptsitz in Schwaig am M\u00fcnchener Flughafen ist eine mittelst\u00e4ndisch gepr\u00e4gte sowie global agierende Logistikdienstleisterin und Anbieterin von E-Commerce L\u00f6sungen. Das Leistungsspektrum umfasst alle Services, welche Kunden entlang ihrer gesamten Lieferkette von der Beschaffung bis zum Endkunden ben\u00f6tigen. Besondere Kompetenzen verf\u00fcgt die ITG in den Branchen Fashion, Sport, Kosmetik, Lifestyle &amp; Luxusg\u00fcter sowie [&hellip;]<\/p>\n","protected":false},"author":1,"featured_media":0,"parent":1162,"menu_order":0,"comment_status":"closed","ping_status":"closed","template":"","meta":{"footnotes":""},"class_list":["post-1682","page","type-page","status-publish","hentry"],"yoast_head":"<!-- This site is optimized with the Yoast SEO plugin v27.3 - https:\/\/yoast.com\/product\/yoast-seo-wordpress\/ -->\n<title>ITG Fashion: Logistik f\u00fcr Fashion, Luxusg\u00fcter &amp; mehr<\/title>\n<meta name=\"description\" content=\"ITG Fashion&#039;s umfassendes logistisches Fulfillment mit Multichannel-L\u00f6sungen, Mehrwertdiensten und innovativen Onlinehandel-Services.\" \/>\n<meta name=\"robots\" content=\"index, follow, max-snippet:-1, max-image-preview:large, max-video-preview:-1\" \/>\n<link rel=\"canonical\" href=\"https:\/\/lgigroup.com\/de-de\/wp-json\/wp\/v2\/pages\/1682\" \/>\n<meta property=\"og:locale\" content=\"de_DE\" \/>\n<meta property=\"og:type\" content=\"article\" \/>\n<meta property=\"og:title\" content=\"ITG Fashion: Logistik f\u00fcr Fashion, Luxusg\u00fcter &amp; mehr\" \/>\n<meta property=\"og:description\" content=\"ITG Fashion&#039;s umfassendes logistisches Fulfillment mit Multichannel-L\u00f6sungen, Mehrwertdiensten und innovativen Onlinehandel-Services.\" \/>\n<meta property=\"og:url\" content=\"https:\/\/lgigroup.com\/de-de\/end-to-end-loesungen\/unsere-marken\/itg-fashion\/\" \/>\n<meta property=\"og:site_name\" content=\"LGI Group\" \/>\n<meta property=\"article:modified_time\" content=\"2024-10-25T05:50:03+00:00\" \/>\n<meta name=\"twitter:card\" content=\"summary_large_image\" \/>\n<meta name=\"twitter:label1\" content=\"Est. reading time\" \/>\n\t<meta name=\"twitter:data1\" content=\"2 minutes\" \/>\n<script type=\"application\/ld+json\" class=\"yoast-schema-graph\">{\"@context\":\"https:\\\/\\\/schema.org\",\"@graph\":[{\"@type\":\"WebPage\",\"@id\":\"https:\\\/\\\/lgigroup.com\\\/de-de\\\/end-to-end-loesungen\\\/unsere-marken\\\/itg-fashion\\\/\",\"url\":\"https:\\\/\\\/lgigroup.com\\\/de-de\\\/end-to-end-loesungen\\\/unsere-marken\\\/itg-fashion\\\/\",\"name\":\"ITG Fashion: Logistik f\u00fcr Fashion, Luxusg\u00fcter & mehr\",\"isPartOf\":{\"@id\":\"https:\\\/\\\/lgigroup.com\\\/de-de\\\/#website\"},\"datePublished\":\"2023-01-12T10:24:14+00:00\",\"dateModified\":\"2024-10-25T05:50:03+00:00\",\"description\":\"ITG Fashion's umfassendes logistisches Fulfillment mit Multichannel-L\u00f6sungen, Mehrwertdiensten und innovativen Onlinehandel-Services.\",\"breadcrumb\":{\"@id\":\"https:\\\/\\\/lgigroup.com\\\/de-de\\\/end-to-end-loesungen\\\/unsere-marken\\\/itg-fashion\\\/#breadcrumb\"},\"inLanguage\":\"de-de\",\"potentialAction\":[{\"@type\":\"ReadAction\",\"target\":[\"https:\\\/\\\/lgigroup.com\\\/de-de\\\/end-to-end-loesungen\\\/unsere-marken\\\/itg-fashion\\\/\"]}]},{\"@type\":\"BreadcrumbList\",\"@id\":\"https:\\\/\\\/lgigroup.com\\\/de-de\\\/end-to-end-loesungen\\\/unsere-marken\\\/itg-fashion\\\/#breadcrumb\",\"itemListElement\":[{\"@type\":\"ListItem\",\"position\":1,\"name\":\"Startseite\",\"item\":\"https:\\\/\\\/lgigroup.com\\\/de-de\\\/\"},{\"@type\":\"ListItem\",\"position\":2,\"name\":\"End-to-End L\u00f6sungen\",\"item\":\"https:\\\/\\\/lgigroup.com\\\/de-de\\\/end-to-end-loesungen\\\/\"},{\"@type\":\"ListItem\",\"position\":3,\"name\":\"Unsere Marken\",\"item\":\"https:\\\/\\\/lgigroup.com\\\/de-de\\\/end-to-end-loesungen\\\/unsere-marken\\\/\"},{\"@type\":\"ListItem\",\"position\":4,\"name\":\"ITG Fashion\"}]},{\"@type\":\"WebSite\",\"@id\":\"https:\\\/\\\/lgigroup.com\\\/de-de\\\/#website\",\"url\":\"https:\\\/\\\/lgigroup.com\\\/de-de\\\/\",\"name\":\"LGI Group\",\"description\":\"\",\"publisher\":{\"@id\":\"https:\\\/\\\/lgigroup.com\\\/de-de\\\/#organization\"},\"potentialAction\":[{\"@type\":\"SearchAction\",\"target\":{\"@type\":\"EntryPoint\",\"urlTemplate\":\"https:\\\/\\\/lgigroup.com\\\/de-de\\\/?s={search_term_string}\"},\"query-input\":{\"@type\":\"PropertyValueSpecification\",\"valueRequired\":true,\"valueName\":\"search_term_string\"}}],\"inLanguage\":\"de-de\"},{\"@type\":\"Organization\",\"@id\":\"https:\\\/\\\/lgigroup.com\\\/de-de\\\/#organization\",\"name\":\"LGI GmbH\",\"url\":\"https:\\\/\\\/lgigroup.com\\\/de-de\\\/\",\"logo\":{\"@type\":\"ImageObject\",\"inLanguage\":\"de-de\",\"@id\":\"https:\\\/\\\/lgigroup.com\\\/de-de\\\/#\\\/schema\\\/logo\\\/image\\\/\",\"url\":\"https:\\\/\\\/lgigroup.com\\\/wp-content\\\/uploads\\\/2023\\\/01\\\/lgi-logo.png\",\"contentUrl\":\"https:\\\/\\\/lgigroup.com\\\/wp-content\\\/uploads\\\/2023\\\/01\\\/lgi-logo.png\",\"width\":420,\"height\":200,\"caption\":\"LGI GmbH\"},\"image\":{\"@id\":\"https:\\\/\\\/lgigroup.com\\\/de-de\\\/#\\\/schema\\\/logo\\\/image\\\/\"}}]}<\/script>\n<!-- \/ Yoast SEO plugin. -->","yoast_head_json":{"title":"ITG Fashion: Logistik f\u00fcr Fashion, Luxusg\u00fcter & mehr","description":"ITG Fashion's umfassendes logistisches Fulfillment mit Multichannel-L\u00f6sungen, Mehrwertdiensten und innovativen Onlinehandel-Services.","robots":{"index":"index","follow":"follow","max-snippet":"max-snippet:-1","max-image-preview":"max-image-preview:large","max-video-preview":"max-video-preview:-1"},"canonical":"https:\/\/lgigroup.com\/de-de\/wp-json\/wp\/v2\/pages\/1682","og_locale":"de_DE","og_type":"article","og_title":"ITG Fashion: Logistik f\u00fcr Fashion, Luxusg\u00fcter & mehr","og_description":"ITG Fashion's umfassendes logistisches Fulfillment mit Multichannel-L\u00f6sungen, Mehrwertdiensten und innovativen Onlinehandel-Services.","og_url":"https:\/\/lgigroup.com\/de-de\/end-to-end-loesungen\/unsere-marken\/itg-fashion\/","og_site_name":"LGI Group","article_modified_time":"2024-10-25T05:50:03+00:00","twitter_card":"summary_large_image","twitter_misc":{"Est. reading time":"2 minutes"},"schema":{"@context":"https:\/\/schema.org","@graph":[{"@type":"WebPage","@id":"https:\/\/lgigroup.com\/de-de\/end-to-end-loesungen\/unsere-marken\/itg-fashion\/","url":"https:\/\/lgigroup.com\/de-de\/end-to-end-loesungen\/unsere-marken\/itg-fashion\/","name":"ITG Fashion: Logistik f\u00fcr Fashion, Luxusg\u00fcter & mehr","isPartOf":{"@id":"https:\/\/lgigroup.com\/de-de\/#website"},"datePublished":"2023-01-12T10:24:14+00:00","dateModified":"2024-10-25T05:50:03+00:00","description":"ITG Fashion's umfassendes logistisches Fulfillment mit Multichannel-L\u00f6sungen, Mehrwertdiensten und innovativen Onlinehandel-Services.","breadcrumb":{"@id":"https:\/\/lgigroup.com\/de-de\/end-to-end-loesungen\/unsere-marken\/itg-fashion\/#breadcrumb"},"inLanguage":"de-de","potentialAction":[{"@type":"ReadAction","target":["https:\/\/lgigroup.com\/de-de\/end-to-end-loesungen\/unsere-marken\/itg-fashion\/"]}]},{"@type":"BreadcrumbList","@id":"https:\/\/lgigroup.com\/de-de\/end-to-end-loesungen\/unsere-marken\/itg-fashion\/#breadcrumb","itemListElement":[{"@type":"ListItem","position":1,"name":"Startseite","item":"https:\/\/lgigroup.com\/de-de\/"},{"@type":"ListItem","position":2,"name":"End-to-End L\u00f6sungen","item":"https:\/\/lgigroup.com\/de-de\/end-to-end-loesungen\/"},{"@type":"ListItem","position":3,"name":"Unsere Marken","item":"https:\/\/lgigroup.com\/de-de\/end-to-end-loesungen\/unsere-marken\/"},{"@type":"ListItem","position":4,"name":"ITG Fashion"}]},{"@type":"WebSite","@id":"https:\/\/lgigroup.com\/de-de\/#website","url":"https:\/\/lgigroup.com\/de-de\/","name":"LGI Group","description":"","publisher":{"@id":"https:\/\/lgigroup.com\/de-de\/#organization"},"potentialAction":[{"@type":"SearchAction","target":{"@type":"EntryPoint","urlTemplate":"https:\/\/lgigroup.com\/de-de\/?s={search_term_string}"},"query-input":{"@type":"PropertyValueSpecification","valueRequired":true,"valueName":"search_term_string"}}],"inLanguage":"de-de"},{"@type":"Organization","@id":"https:\/\/lgigroup.com\/de-de\/#organization","name":"LGI GmbH","url":"https:\/\/lgigroup.com\/de-de\/","logo":{"@type":"ImageObject","inLanguage":"de-de","@id":"https:\/\/lgigroup.com\/de-de\/#\/schema\/logo\/image\/","url":"https:\/\/lgigroup.com\/wp-content\/uploads\/2023\/01\/lgi-logo.png","contentUrl":"https:\/\/lgigroup.com\/wp-content\/uploads\/2023\/01\/lgi-logo.png","width":420,"height":200,"caption":"LGI GmbH"},"image":{"@id":"https:\/\/lgigroup.com\/de-de\/#\/schema\/logo\/image\/"}}]}},"_links":{"self":[{"href":"https:\/\/lgigroup.com\/de-de\/wp-json\/wp\/v2\/pages\/1682","targetHints":{"allow":["GET"]}}],"collection":[{"href":"https:\/\/lgigroup.com\/de-de\/wp-json\/wp\/v2\/pages"}],"about":[{"href":"https:\/\/lgigroup.com\/de-de\/wp-json\/wp\/v2\/types\/page"}],"author":[{"embeddable":true,"href":"https:\/\/lgigroup.com\/de-de\/wp-json\/wp\/v2\/users\/1"}],"replies":[{"embeddable":true,"href":"https:\/\/lgigroup.com\/de-de\/wp-json\/wp\/v2\/comments?post=1682"}],"version-history":[{"count":16,"href":"https:\/\/lgigroup.com\/de-de\/wp-json\/wp\/v2\/pages\/1682\/revisions"}],"predecessor-version":[{"id":26766,"href":"https:\/\/lgigroup.com\/de-de\/wp-json\/wp\/v2\/pages\/1682\/revisions\/26766"}],"up":[{"embeddable":true,"href":"https:\/\/lgigroup.com\/de-de\/wp-json\/wp\/v2\/pages\/1162"}],"wp:attachment":[{"href":"https:\/\/lgigroup.com\/de-de\/wp-json\/wp\/v2\/media?parent=1682"}],"curies":[{"name":"wp","href":"https:\/\/api.w.org\/{rel}","templated":true}]}}