{"id":1698,"date":"2023-01-12T11:35:15","date_gmt":"2023-01-12T10:35:15","guid":{"rendered":"https:\/\/lgigroup.com\/?page_id=1698"},"modified":"2024-04-23T10:38:45","modified_gmt":"2024-04-23T08:38:45","slug":"bergen-logistics","status":"publish","type":"page","link":"https:\/\/lgigroup.com\/de-de\/end-to-end-loesungen\/unsere-marken\/bergen-logistics\/","title":{"rendered":"Bergen Logistics"},"content":{"rendered":"\r\n\t\t<section class=\"titelbild-section titelbild-block-id-69d11affad536 titelbild-block-layout-\">\r\n            <div class=\"col-12 col-lg-12\">\r\n                <div class=\"full-bild\"> <img loading=\"lazy\" decoding=\"async\" width=\"1920\" height=\"700\" src=\"\/wp-content\/uploads\/2023\/01\/parcel-on-bergen-logistics-conveyor-belt.jpg\" class=\"img-fluid\" alt=\"Paket auf dem Flie\u00dfband von Bergen Logistics | LGI Marke\" srcset=\"\/wp-content\/uploads\/2023\/01\/parcel-on-bergen-logistics-conveyor-belt.jpg 1920w, \/wp-content\/uploads\/2023\/01\/parcel-on-bergen-logistics-conveyor-belt-300x109.jpg 300w, \/wp-content\/uploads\/2023\/01\/parcel-on-bergen-logistics-conveyor-belt-1024x373.jpg 1024w, \/wp-content\/uploads\/2023\/01\/parcel-on-bergen-logistics-conveyor-belt-768x280.jpg 768w, \/wp-content\/uploads\/2023\/01\/parcel-on-bergen-logistics-conveyor-belt-1536x560.jpg 1536w\" sizes=\"auto, (max-width: 1920px) 100vw, 1920px\" \/><\/div>\r\n                <div class=\"bild-title container\">\r\n                    <div class=\"row\">\r\n                                <div class=\"col\">\r\n                                    <p class=\"headline wt-h1\"><\/p>\r\n                                <\/div>                                        \r\n                            <\/div> \r\n                <\/div>\r\n            <\/div>\r\n        <\/section>\r\n\t\n\n            \r\n        <div class=\"spacing-block large spacing-block-id-69d11affade06\" >                                     \r\n                  <div class=\"large-space\">   \r\n                  <\/div>                      \r\n        <\/div>\n\n\r\n                <div class=\"headline-block \">\r\n                    \r\n                        <div class=\"container\">                            \r\n                            \r\n                            \r\n                            <div class=\"row\">\r\n                                <div class=\"col\">\r\n                                    <h1 class=\"wt-h1 wt-font-color-dark-grey\">Bergen Logistics<\/h1>\r\n                                <\/div>                                        \r\n                            <\/div>                                                                                                    \r\n                        <\/div>                                \r\n                <\/div>\r\n            \n\n            \r\n        <div class=\"spacing-block extrasmall spacing-block-id-69d11affadfb3\" >                                     \r\n                  <div class=\"extra-small-space\">   \r\n                  <\/div>                      \r\n        <\/div>\n\n   \r\n    \r\n    <div class=\"grey-line-block grey-line-block-id-69d11affae07a\">\r\n        \r\n        <div class=\"container\">\r\n            <div class=\"row\">\r\n                <div class=\"col test\">\r\n                    <div class=\"grey-line-block-line\"><\/div>\r\n                <\/div>                \r\n            <\/div>\r\n        <\/div>\r\n        \r\n    <\/div>\n\n            \r\n        <div class=\"spacing-block small spacing-block-id-69d11affae13e\" >                                     \r\n                  <div class=\"small-space\">   \r\n                  <\/div>                      \r\n        <\/div>\n\n\n<div class=\"wp-block-group container\"><div class=\"wp-block-group__inner-container is-layout-constrained wp-block-group-is-layout-constrained\">\n<p>Sie suchen einen professionellen Fulfillment-Anbieter, der es gewohnt ist, mit der Geschwindigkeit und Saisonalit\u00e4t der <a href=\"\/de-de\/branchen\/textil\/\">Fashion<\/a> &amp; <a href=\"\/de-de\/branchen\/lifestyle\/\">Lifestyle Branche<\/a> umzugehen? Sie wollen sich auf die Kernaufgaben Ihrer Marke konzentrieren und die physische Abwicklung ihrer Orders an einen weltweit agierenden 3PL \u00fcbergeben? Sie treiben Ihr Wachstum und die Internationalisierung Ihres Webshops voran und suchen einen Partner, der schnell, agil und am Puls der Zeit ist mit seiner IT-Landschaft und digitalen L\u00f6sungen? Sie wollen volle Transparenz \u00fcber Ihre Best\u00e4nde, Orders und Retouren und das 24\/7?<\/p>\n\n\n\n<p>Willkommen bei Bergen Logistics \u2013 Ihr Fashion &amp; Lifestyle Fulfillment-Partner seit \u00fcber 20 Jahren und mit mehr als 400 zufriedenen Kunden weltweit. Bei Bergen Logistics haben wir uns bereits in den 1990 Jahren auf das \u201ebetter-to-luxury\u201c Segment spezialisiert und uns seither kontinuierlich weiterentwickelt und an den Markt angepasst. Wir bieten Ihnen Omni-Channel-L\u00f6sungen f\u00fcr eine effiziente Abwicklung Ihres <a href=\"\/de-de\/end-to-end-loesungen\/unsere-geschaeftsmodelle\/e-commerce\/\">E-Commerce<\/a>-, Retail- und Gro\u00dfhandelsgesch\u00e4fts.&nbsp;<\/p>\n\n\n            \r\n        <div class=\"spacing-block small spacing-block-id-69d11affae327\" >                                     \r\n                  <div class=\"small-space\">   \r\n                  <\/div>                      \r\n        <\/div>\n\n\n<div class=\"wp-block-group container\"><div class=\"wp-block-group__inner-container is-layout-constrained wp-block-group-is-layout-constrained\">\n<div class=\"wp-block-columns is-layout-flex wp-container-core-columns-is-layout-9d6595d7 wp-block-columns-is-layout-flex\">\n<div class=\"wp-block-column is-layout-flow wp-block-column-is-layout-flow\">\r\n                <div class=\"headline-block \">\r\n                    \r\n                        <h2 class=\"wt-subheadline wt-sl\">Unser Service Angebot f\u00fcr Ihr Wachstum<\/h2>\r\n                            \r\n                        \r\n                                                            \r\n                <\/div>\r\n            \n\n            \r\n        <div class=\"spacing-block doublesmall spacing-block-id-69d11affae46b\" >                                     \r\n                  <div class=\"double-small-space\">   \r\n                  <\/div>                      \r\n        <\/div>\n\n\n<p>Bergen Logistics unterst\u00fctzt Sie entlang der kompletten logistischen Kette Ihres Gesch\u00e4fts: Von der Vereinnahmung Ihrer Best\u00e4nde \u00fcber die Lagerung Ihrer wertvollen Produkte bis hin zum Zusammenstellen und Verpacken Ihrer Orders \u2013 und das sowohl f\u00fcr <a href=\"\/de-de\/end-to-end-loesungen\/unsere-geschaeftsmodelle\/e-commerce\/\">E-Commerce<\/a>, Retail als auch Wholesale. Wir helfen Ihnen durch Effizienz und Geschwindigkeit, Ihre Stellung im hart umk\u00e4mpften Omni-Channel-Marktumfeld zu wahren und auszubauen. Mit \u00fcber 20 Jahren Erfahrung und mehr als 400 Kunden weltweit unterst\u00fctzen wir Sie in jeder Facette Ihres Gesch\u00e4fts \u2013 egal ob saisonale E-Commerce Peaks, gro\u00dfvolumige Wholesale Orders mit stringenten Verpackungsvorschriften oder Preisauszeichnungen f\u00fcr Retail Orders zu erledigen sind.<\/p>\n<\/div>\n\n\n\n<div class=\"wp-block-column is-layout-flow wp-block-column-is-layout-flow\">\r\n                <div class=\"headline-block \">\r\n                    \r\n                        <h2 class=\"wt-subheadline wt-sl\">Ihr Wettbewerbsvorteil mit Bergen Logistics<\/h2>\r\n                            \r\n                        \r\n                                                            \r\n                <\/div>\r\n            \n\n            \r\n        <div class=\"spacing-block doublesmall spacing-block-id-69d11affaf4bf\" >                                     \r\n                  <div class=\"double-small-space\">   \r\n                  <\/div>                      \r\n        <\/div>\n\n\n<p>St\u00e4rken Sie Ihre Marktposition mit Bergen Logistics. Durch unser Know-how und Branchenfokussierung auf den Fashion &amp; Lifestyle Bereich, unsere IT-Affinit\u00e4t und Agilit\u00e4t und unsere partnerschaftliche Arbeitsweise machen wir Sie als unseren Kunden schneller, flexibler, effizienter und wettbewerbsf\u00e4higer. Egal ob es um die schnelle Anbindung von neuen Shop-Systemen und Marktpl\u00e4tzen, die Erschlie\u00dfung neuer M\u00e4rkte mit nur einer einzigen globalen IT-Integration oder das Weitergeben von Skaleneffekten im Paket- und <a href=\"\/de-de\/glossar\/transportlogistik\/\">Transportbereich<\/a> geht &#8211; wir sind Ihr Partner!<\/p>\n<\/div>\n<\/div>\n<\/div><\/div>\n<\/div><\/div>\n\n\n            \r\n        <div class=\"spacing-block small spacing-block-id-69d11affaf9ce\" >                                     \r\n                  <div class=\"small-space\">   \r\n                  <\/div>                      \r\n        <\/div>\n\n   \r\n    \r\n    <section id=\"Contact-person\" class=\"contact-person-block contact-person-block-id-69d11affafa97 encoded-email\" data-idcp=\"23503\" data-mail=\"Z2FicmllbGUuYm9ybXV0aEBiZXJnZW5sb2dpc3RpY3MuY29t\">\r\n    \r\n        \r\n        <div class=\"contact-person-bg-img-wrapper\">\r\n            <img loading=\"lazy\" decoding=\"async\" width=\"1920\" height=\"500\" src=\"\/wp-content\/uploads\/2023\/01\/lgi-location-holland.jpg\" class=\"img-fluid bg-image\" alt=\"LGI holland building\" srcset=\"\/wp-content\/uploads\/2023\/01\/lgi-location-holland.jpg 1920w, \/wp-content\/uploads\/2023\/01\/lgi-location-holland-300x78.jpg 300w, \/wp-content\/uploads\/2023\/01\/lgi-location-holland-1024x267.jpg 1024w, \/wp-content\/uploads\/2023\/01\/lgi-location-holland-768x200.jpg 768w, \/wp-content\/uploads\/2023\/01\/lgi-location-holland-1536x400.jpg 1536w\" sizes=\"auto, (max-width: 1920px) 100vw, 1920px\" \/>\r\n        <\/div>\r\n        \r\n        <div class=\"container contact-person-content-wrapper\">\r\n            <div class=\"row\">\r\n                <div class=\"col-12 col-lg-6 contact-person-text-wrapper contact-text-align\">\r\n                    <span class=\"wt-bh\">Ihr Kontakt zu Bergen Logistics<\/span>\r\n                    <span class=\"wt-hl wt-big-string\">Wie d\u00fcrfen wir Ihnen <span class='wt-font-color-white'>helfen?<\/span><\/span>\r\n                <\/div>\r\n                <div class=\"col-12 col-lg-6 order-first order-lg-last contact-person-img-wrapper\">\r\n                    <div>\r\n                        <div class=\"contact-person-wrapper contact-person\">\r\n                            <div class=\"d-flex align-items-stretch\">\r\n                                <div class=\"image-section\">\r\n                                    <img loading=\"lazy\" decoding=\"async\" width=\"540\" height=\"500\" src=\"\/wp-content\/uploads\/2024\/04\/lgi-contact-person-bormuth-gabriele.png\" class=\"img-fluid\" alt=\"LGI Kontaktperson: Gabriele Bormuth\" srcset=\"\/wp-content\/uploads\/2024\/04\/lgi-contact-person-bormuth-gabriele.png 540w, \/wp-content\/uploads\/2024\/04\/lgi-contact-person-bormuth-gabriele-300x278.png 300w\" sizes=\"auto, (max-width: 540px) 100vw, 540px\" \/>\r\n                                <\/div>\r\n                                <div class=\"pe-3 pe-sm-0 ps-3 ps-xl-3 d-flex flex-column justify-content-end content-section\">\r\n                                    <p class=\"wt-sl\">Ihr Kontakt<\/p>\r\n                                \r\n                                    <p class=\"text-sec wt-text-sec\">\r\n                                        <span>Head of Division Bergen Logistics Europe<\/span><br>\r\n                                         Gabriele Bormuth<br>\r\n                                        <a class=\"wt-k-click-tel\" href=\"tel:+491716782417\">+49 171 6782 417<\/a><br>\r\n                                        <a class=\"wt-k-click-mail\" href=\"&#109;&#97;&#105;&#108;&#116;&#111;&#58;%67%61%62%72%69%65%6c%65.%62%6f%72%6d%75%74%68@%62%65%72%67%65%6e%6c%6f%67%69%73%74%69%63%73.%63%6f%6d\">&#x67;&#x61;&#x62;&#x72;&#x69;&#x65;&#x6c;&#x65;&#x2e;&#x62;&#x6f;&#x72;&#x6d;&#x75;&#x74;&#x68;&#x40;&#x62;&#x65;&#x72;&#x67;&#x65;&#x6e;&#x6c;&#x6f;&#x67;&#x69;&#x73;&#x74;&#x69;&#x63;&#x73;&#x2e;&#x63;&#x6f;&#x6d;<\/a>\r\n                                    <\/p>\r\n                                    <div class=\"button-wrapper\">\r\n                                        <div class=\"wt-bt d-none d-sm-block\" data-bs-toggle=\"modal\" data-bs-target=\"#contactModal\">Kontakt aufnehmen<\/div>\r\n                                        <div class=\"d-none d-sm-block \"> <\/div>\r\n                                    <\/div>    \r\n                                <\/div>\r\n                            <\/div>                            \r\n                            <div class=\"button-wrapper\">\r\n                                <div class=\"mt-md-3 pt-3 pb-3 ps-3 pe-3 pt-md-3 d-sm-none\">\r\n                                    <div class=\"wt-bt\" data-bs-toggle=\"modal\" data-bs-target=\"#contactModal\">Kontakt aufnehmen<\/div>\r\n                                    \r\n                                <\/div>\r\n                            <\/div> \r\n                        <\/div>                        \r\n                    <\/div>                    \r\n                <\/div>\r\n            <\/div>\r\n        <\/div>\r\n        \r\n    <\/section>","protected":false},"excerpt":{"rendered":"<p>Sie suchen einen professionellen Fulfillment-Anbieter, der es gewohnt ist, mit der Geschwindigkeit und Saisonalit\u00e4t der Fashion &amp; Lifestyle Branche umzugehen? Sie wollen sich auf die Kernaufgaben Ihrer Marke konzentrieren und die physische Abwicklung ihrer Orders an einen weltweit agierenden 3PL \u00fcbergeben? Sie treiben Ihr Wachstum und die Internationalisierung Ihres Webshops voran und suchen einen Partner, [&hellip;]<\/p>\n","protected":false},"author":1,"featured_media":0,"parent":1162,"menu_order":0,"comment_status":"closed","ping_status":"closed","template":"","meta":{"footnotes":""},"class_list":["post-1698","page","type-page","status-publish","hentry"],"yoast_head":"<!-- This site is optimized with the Yoast SEO plugin v27.3 - https:\/\/yoast.com\/product\/yoast-seo-wordpress\/ -->\n<title>Bergen Logistics - Ihr Fulfillment-Anbieter<\/title>\n<meta name=\"description\" content=\"Von Omnichannel- bis Multichannel-L\u00f6sungen - Wir sind Ihr Fashion &amp; Lifestyle Fulfullment-Partner international. Jetzt mehr erfahren!\" \/>\n<meta name=\"robots\" content=\"index, follow, max-snippet:-1, max-image-preview:large, max-video-preview:-1\" \/>\n<link rel=\"canonical\" href=\"https:\/\/lgigroup.com\/de-de\/wp-json\/wp\/v2\/pages\/1698\" \/>\n<meta property=\"og:locale\" content=\"de_DE\" \/>\n<meta property=\"og:type\" content=\"article\" \/>\n<meta property=\"og:title\" content=\"Bergen Logistics - Ihr Fulfillment-Anbieter\" \/>\n<meta property=\"og:description\" content=\"Von Omnichannel- bis Multichannel-L\u00f6sungen - Wir sind Ihr Fashion &amp; Lifestyle Fulfullment-Partner international. Jetzt mehr erfahren!\" \/>\n<meta property=\"og:url\" content=\"https:\/\/lgigroup.com\/de-de\/end-to-end-loesungen\/unsere-marken\/bergen-logistics\/\" \/>\n<meta property=\"og:site_name\" content=\"LGI Group\" \/>\n<meta property=\"article:modified_time\" content=\"2024-04-23T08:38:45+00:00\" \/>\n<meta name=\"twitter:card\" content=\"summary_large_image\" \/>\n<meta name=\"twitter:label1\" content=\"Est. reading time\" \/>\n\t<meta name=\"twitter:data1\" content=\"2 minutes\" \/>\n<script type=\"application\/ld+json\" class=\"yoast-schema-graph\">{\"@context\":\"https:\\\/\\\/schema.org\",\"@graph\":[{\"@type\":\"WebPage\",\"@id\":\"https:\\\/\\\/lgigroup.com\\\/de-de\\\/end-to-end-loesungen\\\/unsere-marken\\\/bergen-logistics\\\/\",\"url\":\"https:\\\/\\\/lgigroup.com\\\/de-de\\\/end-to-end-loesungen\\\/unsere-marken\\\/bergen-logistics\\\/\",\"name\":\"Bergen Logistics - Ihr Fulfillment-Anbieter\",\"isPartOf\":{\"@id\":\"https:\\\/\\\/lgigroup.com\\\/de-de\\\/#website\"},\"datePublished\":\"2023-01-12T10:35:15+00:00\",\"dateModified\":\"2024-04-23T08:38:45+00:00\",\"description\":\"Von Omnichannel- bis Multichannel-L\u00f6sungen - Wir sind Ihr Fashion & Lifestyle Fulfullment-Partner international. Jetzt mehr erfahren!\",\"breadcrumb\":{\"@id\":\"https:\\\/\\\/lgigroup.com\\\/de-de\\\/end-to-end-loesungen\\\/unsere-marken\\\/bergen-logistics\\\/#breadcrumb\"},\"inLanguage\":\"de-de\",\"potentialAction\":[{\"@type\":\"ReadAction\",\"target\":[\"https:\\\/\\\/lgigroup.com\\\/de-de\\\/end-to-end-loesungen\\\/unsere-marken\\\/bergen-logistics\\\/\"]}]},{\"@type\":\"BreadcrumbList\",\"@id\":\"https:\\\/\\\/lgigroup.com\\\/de-de\\\/end-to-end-loesungen\\\/unsere-marken\\\/bergen-logistics\\\/#breadcrumb\",\"itemListElement\":[{\"@type\":\"ListItem\",\"position\":1,\"name\":\"Startseite\",\"item\":\"https:\\\/\\\/lgigroup.com\\\/de-de\\\/\"},{\"@type\":\"ListItem\",\"position\":2,\"name\":\"End-to-End L\u00f6sungen\",\"item\":\"https:\\\/\\\/lgigroup.com\\\/de-de\\\/end-to-end-loesungen\\\/\"},{\"@type\":\"ListItem\",\"position\":3,\"name\":\"Unsere Marken\",\"item\":\"https:\\\/\\\/lgigroup.com\\\/de-de\\\/end-to-end-loesungen\\\/unsere-marken\\\/\"},{\"@type\":\"ListItem\",\"position\":4,\"name\":\"Bergen Logistics\"}]},{\"@type\":\"WebSite\",\"@id\":\"https:\\\/\\\/lgigroup.com\\\/de-de\\\/#website\",\"url\":\"https:\\\/\\\/lgigroup.com\\\/de-de\\\/\",\"name\":\"LGI Group\",\"description\":\"\",\"publisher\":{\"@id\":\"https:\\\/\\\/lgigroup.com\\\/de-de\\\/#organization\"},\"potentialAction\":[{\"@type\":\"SearchAction\",\"target\":{\"@type\":\"EntryPoint\",\"urlTemplate\":\"https:\\\/\\\/lgigroup.com\\\/de-de\\\/?s={search_term_string}\"},\"query-input\":{\"@type\":\"PropertyValueSpecification\",\"valueRequired\":true,\"valueName\":\"search_term_string\"}}],\"inLanguage\":\"de-de\"},{\"@type\":\"Organization\",\"@id\":\"https:\\\/\\\/lgigroup.com\\\/de-de\\\/#organization\",\"name\":\"LGI GmbH\",\"url\":\"https:\\\/\\\/lgigroup.com\\\/de-de\\\/\",\"logo\":{\"@type\":\"ImageObject\",\"inLanguage\":\"de-de\",\"@id\":\"https:\\\/\\\/lgigroup.com\\\/de-de\\\/#\\\/schema\\\/logo\\\/image\\\/\",\"url\":\"https:\\\/\\\/lgigroup.com\\\/wp-content\\\/uploads\\\/2023\\\/01\\\/lgi-logo.png\",\"contentUrl\":\"https:\\\/\\\/lgigroup.com\\\/wp-content\\\/uploads\\\/2023\\\/01\\\/lgi-logo.png\",\"width\":420,\"height\":200,\"caption\":\"LGI GmbH\"},\"image\":{\"@id\":\"https:\\\/\\\/lgigroup.com\\\/de-de\\\/#\\\/schema\\\/logo\\\/image\\\/\"}}]}<\/script>\n<!-- \/ Yoast SEO plugin. -->","yoast_head_json":{"title":"Bergen Logistics - Ihr Fulfillment-Anbieter","description":"Von Omnichannel- bis Multichannel-L\u00f6sungen - Wir sind Ihr Fashion & Lifestyle Fulfullment-Partner international. Jetzt mehr erfahren!","robots":{"index":"index","follow":"follow","max-snippet":"max-snippet:-1","max-image-preview":"max-image-preview:large","max-video-preview":"max-video-preview:-1"},"canonical":"https:\/\/lgigroup.com\/de-de\/wp-json\/wp\/v2\/pages\/1698","og_locale":"de_DE","og_type":"article","og_title":"Bergen Logistics - Ihr Fulfillment-Anbieter","og_description":"Von Omnichannel- bis Multichannel-L\u00f6sungen - Wir sind Ihr Fashion & Lifestyle Fulfullment-Partner international. Jetzt mehr erfahren!","og_url":"https:\/\/lgigroup.com\/de-de\/end-to-end-loesungen\/unsere-marken\/bergen-logistics\/","og_site_name":"LGI Group","article_modified_time":"2024-04-23T08:38:45+00:00","twitter_card":"summary_large_image","twitter_misc":{"Est. reading time":"2 minutes"},"schema":{"@context":"https:\/\/schema.org","@graph":[{"@type":"WebPage","@id":"https:\/\/lgigroup.com\/de-de\/end-to-end-loesungen\/unsere-marken\/bergen-logistics\/","url":"https:\/\/lgigroup.com\/de-de\/end-to-end-loesungen\/unsere-marken\/bergen-logistics\/","name":"Bergen Logistics - Ihr Fulfillment-Anbieter","isPartOf":{"@id":"https:\/\/lgigroup.com\/de-de\/#website"},"datePublished":"2023-01-12T10:35:15+00:00","dateModified":"2024-04-23T08:38:45+00:00","description":"Von Omnichannel- bis Multichannel-L\u00f6sungen - Wir sind Ihr Fashion & Lifestyle Fulfullment-Partner international. Jetzt mehr erfahren!","breadcrumb":{"@id":"https:\/\/lgigroup.com\/de-de\/end-to-end-loesungen\/unsere-marken\/bergen-logistics\/#breadcrumb"},"inLanguage":"de-de","potentialAction":[{"@type":"ReadAction","target":["https:\/\/lgigroup.com\/de-de\/end-to-end-loesungen\/unsere-marken\/bergen-logistics\/"]}]},{"@type":"BreadcrumbList","@id":"https:\/\/lgigroup.com\/de-de\/end-to-end-loesungen\/unsere-marken\/bergen-logistics\/#breadcrumb","itemListElement":[{"@type":"ListItem","position":1,"name":"Startseite","item":"https:\/\/lgigroup.com\/de-de\/"},{"@type":"ListItem","position":2,"name":"End-to-End L\u00f6sungen","item":"https:\/\/lgigroup.com\/de-de\/end-to-end-loesungen\/"},{"@type":"ListItem","position":3,"name":"Unsere Marken","item":"https:\/\/lgigroup.com\/de-de\/end-to-end-loesungen\/unsere-marken\/"},{"@type":"ListItem","position":4,"name":"Bergen Logistics"}]},{"@type":"WebSite","@id":"https:\/\/lgigroup.com\/de-de\/#website","url":"https:\/\/lgigroup.com\/de-de\/","name":"LGI Group","description":"","publisher":{"@id":"https:\/\/lgigroup.com\/de-de\/#organization"},"potentialAction":[{"@type":"SearchAction","target":{"@type":"EntryPoint","urlTemplate":"https:\/\/lgigroup.com\/de-de\/?s={search_term_string}"},"query-input":{"@type":"PropertyValueSpecification","valueRequired":true,"valueName":"search_term_string"}}],"inLanguage":"de-de"},{"@type":"Organization","@id":"https:\/\/lgigroup.com\/de-de\/#organization","name":"LGI GmbH","url":"https:\/\/lgigroup.com\/de-de\/","logo":{"@type":"ImageObject","inLanguage":"de-de","@id":"https:\/\/lgigroup.com\/de-de\/#\/schema\/logo\/image\/","url":"https:\/\/lgigroup.com\/wp-content\/uploads\/2023\/01\/lgi-logo.png","contentUrl":"https:\/\/lgigroup.com\/wp-content\/uploads\/2023\/01\/lgi-logo.png","width":420,"height":200,"caption":"LGI GmbH"},"image":{"@id":"https:\/\/lgigroup.com\/de-de\/#\/schema\/logo\/image\/"}}]}},"_links":{"self":[{"href":"https:\/\/lgigroup.com\/de-de\/wp-json\/wp\/v2\/pages\/1698","targetHints":{"allow":["GET"]}}],"collection":[{"href":"https:\/\/lgigroup.com\/de-de\/wp-json\/wp\/v2\/pages"}],"about":[{"href":"https:\/\/lgigroup.com\/de-de\/wp-json\/wp\/v2\/types\/page"}],"author":[{"embeddable":true,"href":"https:\/\/lgigroup.com\/de-de\/wp-json\/wp\/v2\/users\/1"}],"replies":[{"embeddable":true,"href":"https:\/\/lgigroup.com\/de-de\/wp-json\/wp\/v2\/comments?post=1698"}],"version-history":[{"count":18,"href":"https:\/\/lgigroup.com\/de-de\/wp-json\/wp\/v2\/pages\/1698\/revisions"}],"predecessor-version":[{"id":26759,"href":"https:\/\/lgigroup.com\/de-de\/wp-json\/wp\/v2\/pages\/1698\/revisions\/26759"}],"up":[{"embeddable":true,"href":"https:\/\/lgigroup.com\/de-de\/wp-json\/wp\/v2\/pages\/1162"}],"wp:attachment":[{"href":"https:\/\/lgigroup.com\/de-de\/wp-json\/wp\/v2\/media?parent=1698"}],"curies":[{"name":"wp","href":"https:\/\/api.w.org\/{rel}","templated":true}]}}