{"id":18315,"date":"2023-07-14T08:44:03","date_gmt":"2023-07-14T06:44:03","guid":{"rendered":"https:\/\/lgigroup.com\/?page_id=18315"},"modified":"2025-06-06T10:20:38","modified_gmt":"2025-06-06T08:20:38","slug":"business-cases","status":"publish","type":"page","link":"https:\/\/lgigroup.com\/de-de\/business-cases\/","title":{"rendered":"Business Cases"},"content":{"rendered":"\r\n\t\t<section class=\"titelbild-section titelbild-block-id-69de1b27610ed titelbild-block-layout-\">\r\n            <div class=\"col-12 col-lg-12\">\r\n                <div class=\"full-bild\"> <img loading=\"lazy\" decoding=\"async\" width=\"1920\" height=\"700\" src=\"\/wp-content\/uploads\/2023\/09\/woman-plan-customer-solution-lgi.jpg\" class=\"img-fluid\" alt=\"Frau plant Kundenl\u00f6sung | LGI\" srcset=\"\/wp-content\/uploads\/2023\/09\/woman-plan-customer-solution-lgi.jpg 1920w, \/wp-content\/uploads\/2023\/09\/woman-plan-customer-solution-lgi-300x109.jpg 300w, \/wp-content\/uploads\/2023\/09\/woman-plan-customer-solution-lgi-1024x373.jpg 1024w, \/wp-content\/uploads\/2023\/09\/woman-plan-customer-solution-lgi-768x280.jpg 768w, \/wp-content\/uploads\/2023\/09\/woman-plan-customer-solution-lgi-1536x560.jpg 1536w\" sizes=\"auto, (max-width: 1920px) 100vw, 1920px\" \/><\/div>\r\n                <div class=\"bild-title container\">\r\n                    <div class=\"row\">\r\n                                <div class=\"col\">\r\n                                    <p class=\"headline wt-h1\">LGI Business Cases<\/p>\r\n                                <\/div>                                        \r\n                            <\/div> \r\n                <\/div>\r\n            <\/div>\r\n        <\/section>\r\n\t\n\n            \r\n        <div class=\"spacing-block large spacing-block-id-69de1b27616bd\" >                                     \r\n                  <div class=\"large-space\">   \r\n                  <\/div>                      \r\n        <\/div>\n\n\r\n                <div class=\"headline-block \">\r\n                    \r\n                        <div class=\"container\">                            \r\n                            <div class=\"row\">\r\n                        <div class=\"col\">\r\n                            <h1 class=\"wt-subheadline wt-sl sub-headline-align\">Unsere Business Cases in der Logistikbranche<\/h1>\r\n                        <\/div>\r\n                    <\/div>\r\n                            \r\n                            <div class=\"row\">\r\n                                <div class=\"col\">\r\n                                    <h2 class=\"wt-h1 wt-font-color-dark-grey\">Individuelle L\u00f6sungen f\u00fcr jede Branche<\/h2>\r\n                                <\/div>                                        \r\n                            <\/div>                                                                                                    \r\n                        <\/div>                                \r\n                <\/div>\r\n            \n\n            \r\n        <div class=\"spacing-block extrasmall spacing-block-id-69de1b276185f\" >                                     \r\n                  <div class=\"extra-small-space\">   \r\n                  <\/div>                      \r\n        <\/div>\n\n   \r\n    \r\n    <div class=\"grey-line-block grey-line-block-id-69de1b2761925\">\r\n        \r\n        <div class=\"container\">\r\n            <div class=\"row\">\r\n                <div class=\"col test\">\r\n                    <div class=\"grey-line-block-line\"><\/div>\r\n                <\/div>                \r\n            <\/div>\r\n        <\/div>\r\n        \r\n    <\/div>\n\n            \r\n        <div class=\"spacing-block small spacing-block-id-69de1b27619e7\" >                                     \r\n                  <div class=\"small-space\">   \r\n                  <\/div>                      \r\n        <\/div>\n\n\r\n                <div class=\"headline-block \">\r\n                    \r\n                        <div class=\"container\">                            \r\n                            <div class=\"row\">\r\n                        <div class=\"col\">\r\n                            <p class=\"wt-subheadline wt-sl\">Unsere branchen\u00fcbergreifenden Gesch\u00e4ftsl\u00f6sungen<\/p>\r\n                        <\/div>\r\n                    <\/div>\r\n                            \r\n                                                                                                                                \r\n                        <\/div>                                \r\n                <\/div>\r\n            \n\n            \r\n        <div class=\"spacing-block doublesmall spacing-block-id-69de1b2761b65\" >                                     \r\n                  <div class=\"double-small-space\">   \r\n                  <\/div>                      \r\n        <\/div>\n\n\n<div class=\"wp-block-group container\"><div class=\"wp-block-group__inner-container is-layout-constrained wp-block-group-is-layout-constrained\">\n<div class=\"wp-block-group\"><div class=\"wp-block-group__inner-container is-layout-constrained wp-block-group-is-layout-constrained\">\n<p>Die LGI Logistics Group International bietet individuell zugeschnittene L\u00f6sungen f\u00fcr Ihr Business &#8211; von Reparaturen von medizinischen Ger\u00e4ten \u00fcber Logistik f\u00fcr Modemarken bis hin zur Optimierung von Verkaufsprozessen von technischen Ger\u00e4ten. Mithilfe von unserer jahrelangen Erfahrungen in der Logistik sowie im IT-Bereich, bringen wir Ihre Supply Chain auf Erfolgswege und k\u00f6nnen so eine Hand-in-Hand Komplettl\u00f6sung f\u00fcr Sie kreieren.<br>\u00dcberzeugen Sie sich jetzt von unserer Expertise und lassen Sie uns zusammen Ihre Business-L\u00f6sung entwickeln.<\/p>\n\n\n            \r\n        <div class=\"spacing-block small spacing-block-id-69de1b2761d0a\" >                                     \r\n                  <div class=\"small-space\">   \r\n                  <\/div>                      \r\n        <\/div>\n\n\r\n                <div class=\"headline-block \">\r\n                    \r\n                        <p class=\"wt-subheadline wt-sl\">Erfahren Sie mehr \u00fcber unsere Business Cases:<\/p>\r\n                            \r\n                        \r\n                                                            \r\n                <\/div>\r\n            \n\n            \r\n        <div class=\"spacing-block small spacing-block-id-69de1b2761ddd\" >                                     \r\n                  <div class=\"small-space\">   \r\n                  <\/div>                      \r\n        <\/div><\/div><\/div>\n<\/div><\/div>\n\n\n\r\n        <section class=\"teaserkacheln-section\">\r\n        \t<div class=\"container\">\r\n            <div class=\"row teaserkacheln-content-wrapper\">\r\n                \r\n\t        <div class=\"teaserkacheln-block col-12 col-lg-6\">\r\n\t            <div class=\"teaserkacheln-wrapper\">\r\n                    <a class=\"teaserkacheln\" href=\"\/de-de\/business-cases\/logistik-fuer-medizinprodukte-und-in-vitro-diagnostika\/\" >\r\n                    <div class=\"image-area\">\r\n                        <img loading=\"lazy\" decoding=\"async\" width=\"690\" height=\"310\" src=\"\/wp-content\/uploads\/2023\/07\/two-people-working-on-healthcare-products-lgi.jpg\" class=\"attachment-full size-full\" alt=\"Personen arbeiten an Healthcare-Produkten | LGI\" \/>\r\n                    <\/div>\r\n                    <div class=\"icon-area-main\">\r\n                        \r\n                    <\/div>\r\n                    <div class=\"text-area\">\r\n                        <p class=\"upper wt-ht\">Zuverl\u00e4ssige Logistik f\u00fcr In-Vitro-Diagnostik<\/p>\r\n                    <\/div>\r\n                <\/a>\r\n                <\/div>\r\n            <\/div>\r\n\t        <div class=\"teaserkacheln-block col-12 col-lg-6\">\r\n\t            <div class=\"teaserkacheln-wrapper\">\r\n                    <a class=\"teaserkacheln\" href=\"\/de-de\/business-cases\/innovative-loesung-im-verkaufsprozess-von-technischen-geraeten\/\" >\r\n                    <div class=\"image-area\">\r\n                        <img loading=\"lazy\" decoding=\"async\" width=\"690\" height=\"310\" src=\"\/wp-content\/uploads\/2023\/10\/packaged-technical-equipment-in-warehouse-of-lgi.jpg\" class=\"attachment-full size-full\" alt=\"Verpackte technische Ger\u00e4te im LGI-Lager\" srcset=\"\/wp-content\/uploads\/2023\/10\/packaged-technical-equipment-in-warehouse-of-lgi.jpg 690w, \/wp-content\/uploads\/2023\/10\/packaged-technical-equipment-in-warehouse-of-lgi-300x135.jpg 300w\" sizes=\"auto, (max-width: 690px) 100vw, 690px\" \/>\r\n                    <\/div>\r\n                    <div class=\"icon-area-main\">\r\n                        \r\n                    <\/div>\r\n                    <div class=\"text-area\">\r\n                        <p class=\"upper wt-ht\">Ma\u00dfgeschneidertes Demopool Management<\/p>\r\n                    <\/div>\r\n                <\/a>\r\n                <\/div>\r\n            <\/div>\r\n\t        <div class=\"teaserkacheln-block col-12 col-lg-6\">\r\n\t            <div class=\"teaserkacheln-wrapper\">\r\n                    <a class=\"teaserkacheln\" href=\"\/de-de\/business-cases\/modelogistik-aus-einer-hand\/\" >\r\n                    <div class=\"image-area\">\r\n                        <img loading=\"lazy\" decoding=\"async\" width=\"690\" height=\"310\" src=\"\/wp-content\/uploads\/2023\/10\/lgi-modelogistics-warehouse.jpg\" class=\"attachment-full size-full\" alt=\"LGI Modelogistik-Lager\" srcset=\"\/wp-content\/uploads\/2023\/10\/lgi-modelogistics-warehouse.jpg 690w, \/wp-content\/uploads\/2023\/10\/lgi-modelogistics-warehouse-300x135.jpg 300w\" sizes=\"auto, (max-width: 690px) 100vw, 690px\" \/>\r\n                    <\/div>\r\n                    <div class=\"icon-area-main\">\r\n                        \r\n                    <\/div>\r\n                    <div class=\"text-area\">\r\n                        <p class=\"upper wt-ht\">Modelogistik mit Struktur aus einer Hand<\/p>\r\n                    <\/div>\r\n                <\/a>\r\n                <\/div>\r\n            <\/div>\r\n\t        <div class=\"teaserkacheln-block col-12 col-lg-6\">\r\n\t            <div class=\"teaserkacheln-wrapper\">\r\n                    <a class=\"teaserkacheln\" href=\"\/de-de\/business-cases\/reparaturzentrum-fuer-medizinische-geraete\/\" >\r\n                    <div class=\"image-area\">\r\n                        <img loading=\"lazy\" decoding=\"async\" width=\"690\" height=\"310\" src=\"\/wp-content\/uploads\/2023\/07\/woman-repairs-medical-equipment-lgi-logistics.jpg\" class=\"attachment-full size-full\" alt=\"Frau repariert Medizintechnik-Ger\u00e4te | LGI\" \/>\r\n                    <\/div>\r\n                    <div class=\"icon-area-main\">\r\n                        \r\n                    <\/div>\r\n                    <div class=\"text-area\">\r\n                        <p class=\"upper wt-ht\">LGI Reparaturzentrum f\u00fcr medizinische Ger\u00e4te<\/p>\r\n                    <\/div>\r\n                <\/a>\r\n                <\/div>\r\n            <\/div>\r\n\t        <div class=\"teaserkacheln-block col-12 col-lg-6\">\r\n\t            <div class=\"teaserkacheln-wrapper\">\r\n                    <a class=\"teaserkacheln\" href=\"\/de-de\/business-cases\/logistik-fuer-modemarken\/\" >\r\n                    <div class=\"image-area\">\r\n                        <img loading=\"lazy\" decoding=\"async\" width=\"690\" height=\"310\" src=\"\/wp-content\/uploads\/2023\/10\/employees-packing-clothes-lgi.jpg\" class=\"attachment-full size-full\" alt=\"LGI Mitarbeiter verpacken Kleidung\" srcset=\"\/wp-content\/uploads\/2023\/10\/employees-packing-clothes-lgi.jpg 690w, \/wp-content\/uploads\/2023\/10\/employees-packing-clothes-lgi-300x135.jpg 300w\" sizes=\"auto, (max-width: 690px) 100vw, 690px\" \/>\r\n                    <\/div>\r\n                    <div class=\"icon-area-main\">\r\n                        \r\n                    <\/div>\r\n                    <div class=\"text-area\">\r\n                        <p class=\"upper wt-ht\">Logistik f\u00fcr Modemarken<\/p>\r\n                    <\/div>\r\n                <\/a>\r\n                <\/div>\r\n            <\/div>    <link rel=\"stylesheet\" id=\"TeaserKachelnBlock-css\" href=\"\/wp-content\/themes\/lgi\/css\/blocks\/wt-TeaserKachelnBlock.css\" type=\"text\/css\" media=\"all\">\r\n                \r\n                <\/div>               \r\n            <\/div>\r\n            \r\n        <\/section>\n\n            \r\n        <div class=\"spacing-block extralarge spacing-block-id-69de1b27641c8\" >                                     \r\n                  <div class=\"extra-large-space\">   \r\n                  <\/div>                      \r\n        <\/div>","protected":false},"excerpt":{"rendered":"<p>Die LGI Logistics Group International bietet individuell zugeschnittene L\u00f6sungen f\u00fcr Ihr Business &#8211; von Reparaturen von medizinischen Ger\u00e4ten \u00fcber Logistik f\u00fcr Modemarken bis hin zur Optimierung von Verkaufsprozessen von technischen Ger\u00e4ten. Mithilfe von unserer jahrelangen Erfahrungen in der Logistik sowie im IT-Bereich, bringen wir Ihre Supply Chain auf Erfolgswege und k\u00f6nnen so eine Hand-in-Hand Komplettl\u00f6sung [&hellip;]<\/p>\n","protected":false},"author":1,"featured_media":0,"parent":0,"menu_order":0,"comment_status":"closed","ping_status":"closed","template":"","meta":{"footnotes":""},"class_list":["post-18315","page","type-page","status-publish","hentry"],"yoast_head":"<!-- This site is optimized with the Yoast SEO plugin v27.3 - https:\/\/yoast.com\/product\/yoast-seo-wordpress\/ -->\n<title>Unsere Business Cases - LGI Group<\/title>\n<meta name=\"description\" content=\"Von Demopool-Management f\u00fcr Medizintechnik bis Modelogistik - LGI bietet End-to-End L\u00f6sungen f\u00fcr jede Branche. Jetzt anfragen!\" \/>\n<meta name=\"robots\" content=\"index, follow, max-snippet:-1, max-image-preview:large, max-video-preview:-1\" \/>\n<link rel=\"canonical\" href=\"https:\/\/lgigroup.com\/de-de\/wp-json\/wp\/v2\/pages\/18315\" \/>\n<meta property=\"og:locale\" content=\"de_DE\" \/>\n<meta property=\"og:type\" content=\"article\" \/>\n<meta property=\"og:title\" content=\"Unsere Business Cases - LGI Group\" \/>\n<meta property=\"og:description\" content=\"Von Demopool-Management f\u00fcr Medizintechnik bis Modelogistik - LGI bietet End-to-End L\u00f6sungen f\u00fcr jede Branche. Jetzt anfragen!\" \/>\n<meta property=\"og:url\" content=\"https:\/\/lgigroup.com\/de-de\/business-cases\/\" \/>\n<meta property=\"og:site_name\" content=\"LGI Group\" \/>\n<meta property=\"article:modified_time\" content=\"2025-06-06T08:20:38+00:00\" \/>\n<meta name=\"twitter:card\" content=\"summary_large_image\" \/>\n<meta name=\"twitter:label1\" content=\"Est. reading time\" \/>\n\t<meta name=\"twitter:data1\" content=\"1 minute\" \/>\n<script type=\"application\/ld+json\" class=\"yoast-schema-graph\">{\"@context\":\"https:\\\/\\\/schema.org\",\"@graph\":[{\"@type\":\"WebPage\",\"@id\":\"https:\\\/\\\/lgigroup.com\\\/de-de\\\/business-cases\\\/\",\"url\":\"https:\\\/\\\/lgigroup.com\\\/de-de\\\/business-cases\\\/\",\"name\":\"Unsere Business Cases - LGI Group\",\"isPartOf\":{\"@id\":\"https:\\\/\\\/lgigroup.com\\\/de-de\\\/#website\"},\"datePublished\":\"2023-07-14T06:44:03+00:00\",\"dateModified\":\"2025-06-06T08:20:38+00:00\",\"description\":\"Von Demopool-Management f\u00fcr Medizintechnik bis Modelogistik - LGI bietet End-to-End L\u00f6sungen f\u00fcr jede Branche. Jetzt anfragen!\",\"breadcrumb\":{\"@id\":\"https:\\\/\\\/lgigroup.com\\\/de-de\\\/business-cases\\\/#breadcrumb\"},\"inLanguage\":\"de-de\",\"potentialAction\":[{\"@type\":\"ReadAction\",\"target\":[\"https:\\\/\\\/lgigroup.com\\\/de-de\\\/business-cases\\\/\"]}]},{\"@type\":\"BreadcrumbList\",\"@id\":\"https:\\\/\\\/lgigroup.com\\\/de-de\\\/business-cases\\\/#breadcrumb\",\"itemListElement\":[{\"@type\":\"ListItem\",\"position\":1,\"name\":\"Startseite\",\"item\":\"https:\\\/\\\/lgigroup.com\\\/de-de\\\/\"},{\"@type\":\"ListItem\",\"position\":2,\"name\":\"Business Cases\"}]},{\"@type\":\"WebSite\",\"@id\":\"https:\\\/\\\/lgigroup.com\\\/de-de\\\/#website\",\"url\":\"https:\\\/\\\/lgigroup.com\\\/de-de\\\/\",\"name\":\"LGI Group\",\"description\":\"\",\"publisher\":{\"@id\":\"https:\\\/\\\/lgigroup.com\\\/de-de\\\/#organization\"},\"potentialAction\":[{\"@type\":\"SearchAction\",\"target\":{\"@type\":\"EntryPoint\",\"urlTemplate\":\"https:\\\/\\\/lgigroup.com\\\/de-de\\\/?s={search_term_string}\"},\"query-input\":{\"@type\":\"PropertyValueSpecification\",\"valueRequired\":true,\"valueName\":\"search_term_string\"}}],\"inLanguage\":\"de-de\"},{\"@type\":\"Organization\",\"@id\":\"https:\\\/\\\/lgigroup.com\\\/de-de\\\/#organization\",\"name\":\"LGI GmbH\",\"url\":\"https:\\\/\\\/lgigroup.com\\\/de-de\\\/\",\"logo\":{\"@type\":\"ImageObject\",\"inLanguage\":\"de-de\",\"@id\":\"https:\\\/\\\/lgigroup.com\\\/de-de\\\/#\\\/schema\\\/logo\\\/image\\\/\",\"url\":\"https:\\\/\\\/lgigroup.com\\\/wp-content\\\/uploads\\\/2023\\\/01\\\/lgi-logo.png\",\"contentUrl\":\"https:\\\/\\\/lgigroup.com\\\/wp-content\\\/uploads\\\/2023\\\/01\\\/lgi-logo.png\",\"width\":420,\"height\":200,\"caption\":\"LGI GmbH\"},\"image\":{\"@id\":\"https:\\\/\\\/lgigroup.com\\\/de-de\\\/#\\\/schema\\\/logo\\\/image\\\/\"}}]}<\/script>\n<!-- \/ Yoast SEO plugin. -->","yoast_head_json":{"title":"Unsere Business Cases - LGI Group","description":"Von Demopool-Management f\u00fcr Medizintechnik bis Modelogistik - LGI bietet End-to-End L\u00f6sungen f\u00fcr jede Branche. Jetzt anfragen!","robots":{"index":"index","follow":"follow","max-snippet":"max-snippet:-1","max-image-preview":"max-image-preview:large","max-video-preview":"max-video-preview:-1"},"canonical":"https:\/\/lgigroup.com\/de-de\/wp-json\/wp\/v2\/pages\/18315","og_locale":"de_DE","og_type":"article","og_title":"Unsere Business Cases - LGI Group","og_description":"Von Demopool-Management f\u00fcr Medizintechnik bis Modelogistik - LGI bietet End-to-End L\u00f6sungen f\u00fcr jede Branche. Jetzt anfragen!","og_url":"https:\/\/lgigroup.com\/de-de\/business-cases\/","og_site_name":"LGI Group","article_modified_time":"2025-06-06T08:20:38+00:00","twitter_card":"summary_large_image","twitter_misc":{"Est. reading time":"1 minute"},"schema":{"@context":"https:\/\/schema.org","@graph":[{"@type":"WebPage","@id":"https:\/\/lgigroup.com\/de-de\/business-cases\/","url":"https:\/\/lgigroup.com\/de-de\/business-cases\/","name":"Unsere Business Cases - LGI Group","isPartOf":{"@id":"https:\/\/lgigroup.com\/de-de\/#website"},"datePublished":"2023-07-14T06:44:03+00:00","dateModified":"2025-06-06T08:20:38+00:00","description":"Von Demopool-Management f\u00fcr Medizintechnik bis Modelogistik - LGI bietet End-to-End L\u00f6sungen f\u00fcr jede Branche. Jetzt anfragen!","breadcrumb":{"@id":"https:\/\/lgigroup.com\/de-de\/business-cases\/#breadcrumb"},"inLanguage":"de-de","potentialAction":[{"@type":"ReadAction","target":["https:\/\/lgigroup.com\/de-de\/business-cases\/"]}]},{"@type":"BreadcrumbList","@id":"https:\/\/lgigroup.com\/de-de\/business-cases\/#breadcrumb","itemListElement":[{"@type":"ListItem","position":1,"name":"Startseite","item":"https:\/\/lgigroup.com\/de-de\/"},{"@type":"ListItem","position":2,"name":"Business Cases"}]},{"@type":"WebSite","@id":"https:\/\/lgigroup.com\/de-de\/#website","url":"https:\/\/lgigroup.com\/de-de\/","name":"LGI Group","description":"","publisher":{"@id":"https:\/\/lgigroup.com\/de-de\/#organization"},"potentialAction":[{"@type":"SearchAction","target":{"@type":"EntryPoint","urlTemplate":"https:\/\/lgigroup.com\/de-de\/?s={search_term_string}"},"query-input":{"@type":"PropertyValueSpecification","valueRequired":true,"valueName":"search_term_string"}}],"inLanguage":"de-de"},{"@type":"Organization","@id":"https:\/\/lgigroup.com\/de-de\/#organization","name":"LGI GmbH","url":"https:\/\/lgigroup.com\/de-de\/","logo":{"@type":"ImageObject","inLanguage":"de-de","@id":"https:\/\/lgigroup.com\/de-de\/#\/schema\/logo\/image\/","url":"https:\/\/lgigroup.com\/wp-content\/uploads\/2023\/01\/lgi-logo.png","contentUrl":"https:\/\/lgigroup.com\/wp-content\/uploads\/2023\/01\/lgi-logo.png","width":420,"height":200,"caption":"LGI GmbH"},"image":{"@id":"https:\/\/lgigroup.com\/de-de\/#\/schema\/logo\/image\/"}}]}},"_links":{"self":[{"href":"https:\/\/lgigroup.com\/de-de\/wp-json\/wp\/v2\/pages\/18315","targetHints":{"allow":["GET"]}}],"collection":[{"href":"https:\/\/lgigroup.com\/de-de\/wp-json\/wp\/v2\/pages"}],"about":[{"href":"https:\/\/lgigroup.com\/de-de\/wp-json\/wp\/v2\/types\/page"}],"author":[{"embeddable":true,"href":"https:\/\/lgigroup.com\/de-de\/wp-json\/wp\/v2\/users\/1"}],"replies":[{"embeddable":true,"href":"https:\/\/lgigroup.com\/de-de\/wp-json\/wp\/v2\/comments?post=18315"}],"version-history":[{"count":5,"href":"https:\/\/lgigroup.com\/de-de\/wp-json\/wp\/v2\/pages\/18315\/revisions"}],"predecessor-version":[{"id":27315,"href":"https:\/\/lgigroup.com\/de-de\/wp-json\/wp\/v2\/pages\/18315\/revisions\/27315"}],"wp:attachment":[{"href":"https:\/\/lgigroup.com\/de-de\/wp-json\/wp\/v2\/media?parent=18315"}],"curies":[{"name":"wp","href":"https:\/\/api.w.org\/{rel}","templated":true}]}}