{"id":20089,"date":"2023-10-31T17:59:51","date_gmt":"2023-10-31T16:59:51","guid":{"rendered":"https:\/\/lgigroup.com\/?page_id=20089"},"modified":"2025-12-13T10:46:19","modified_gmt":"2025-12-13T09:46:19","slug":"hinweisgebersystem","status":"publish","type":"page","link":"https:\/\/lgigroup.com\/de-de\/richtlinien-dokumente\/hinweisgebersystem\/","title":{"rendered":"Hinweisgebersystem"},"content":{"rendered":"\r\n\t\t<section class=\"titelbild-section titelbild-block-id-69e9e32d7fdff titelbild-block-layout-\">\r\n            <div class=\"col-12 col-lg-12\">\r\n                <div class=\"full-bild\"> <img loading=\"lazy\" decoding=\"async\" width=\"1920\" height=\"700\" src=\"\/wp-content\/uploads\/2023\/10\/whistles-lgi.jpg\" class=\"img-fluid\" alt=\"Pfeifen - Whistleblowing LGI\" srcset=\"\/wp-content\/uploads\/2023\/10\/whistles-lgi.jpg 1920w, \/wp-content\/uploads\/2023\/10\/whistles-lgi-300x109.jpg 300w, \/wp-content\/uploads\/2023\/10\/whistles-lgi-1024x373.jpg 1024w, \/wp-content\/uploads\/2023\/10\/whistles-lgi-768x280.jpg 768w, \/wp-content\/uploads\/2023\/10\/whistles-lgi-1536x560.jpg 1536w\" sizes=\"auto, (max-width: 1920px) 100vw, 1920px\" \/><\/div>\r\n                <div class=\"bild-title container\">\r\n                    <div class=\"row\">\r\n                                <div class=\"col\">\r\n                                    <p class=\"headline wt-h1\">LGI Hinweisgeber Meldesystem<\/p>\r\n                                <\/div>                                        \r\n                            <\/div> \r\n                <\/div>\r\n            <\/div>\r\n        <\/section>\r\n\t\n\n            \r\n        <div class=\"spacing-block large spacing-block-id-69e9e32d804f1\" >                                     \r\n                  <div class=\"large-space\">   \r\n                  <\/div>                      \r\n        <\/div>\n\n\r\n                <div class=\"headline-block \">\r\n                    \r\n                        <div class=\"container\">                            \r\n                            \r\n                            \r\n                            <div class=\"row\">\r\n                                <div class=\"col\">\r\n                                    <h1 class=\"wt-h1 wt-font-color-dark-grey\">Hinweisgeber Meldesystem<\/h1>\r\n                                <\/div>                                        \r\n                            <\/div>                                                                                                    \r\n                        <\/div>                                \r\n                <\/div>\r\n            \n\n            \r\n        <div class=\"spacing-block extrasmall spacing-block-id-69e9e32d8068b\" >                                     \r\n                  <div class=\"extra-small-space\">   \r\n                  <\/div>                      \r\n        <\/div>\n\n   \r\n    \r\n    <div class=\"grey-line-block grey-line-block-id-69e9e32d8074f\">\r\n        \r\n        <div class=\"container\">\r\n            <div class=\"row\">\r\n                <div class=\"col test\">\r\n                    <div class=\"grey-line-block-line\"><\/div>\r\n                <\/div>                \r\n            <\/div>\r\n        <\/div>\r\n        \r\n    <\/div>\n\n            \r\n        <div class=\"spacing-block small spacing-block-id-69e9e32d80898\" >                                     \r\n                  <div class=\"small-space\">   \r\n                  <\/div>                      \r\n        <\/div>\n\n\n<div class=\"wp-block-group container\"><div class=\"wp-block-group__inner-container is-layout-constrained wp-block-group-is-layout-constrained\">\n<p>Wir freuen uns, dass wir mit unserem Hinweisgeber-Meldesystem Hintbox einen vertrauensvollen und transparenten Prozess beim Umgang mit Compliance-Hinweisen anbieten k\u00f6nnen. Hintbox ist Teil des umfassenden Compliance-Management-Systems (CMS) innerhalb der Elanders Gruppe, zu der auch die LGI Gruppe geh\u00f6rt. Unter einem Compliance-Hinweis versteht man den Verdacht auf eine m\u00f6gliche Straftat, wie zum Beispiel Betrug oder Korruption, oder sonstige ma\u00dfgebliche Regelverst\u00f6\u00dfe, die einen Bezug zur LGI Gruppe oder ihren Besch\u00e4ftigten haben. Vor allem Korruptionsstraftaten f\u00fcgen nicht nur der LGI Gruppe, sondern auch unserer Gesellschaft erheblichen Schaden zu.<\/p>\n\n\n\n<p>Durch in Hintbox \u2013 auch anonym &#8211; gemeldete Compliance-Hinweise k\u00f6nnen noch andauernde Verst\u00f6\u00dfe schneller abgestellt und zuk\u00fcnftige Verst\u00f6\u00dfe vermieden werden.<\/p>\n\n\n\n<p>Hintbox erlaubt eine einfache datenschutzkonforme Kommunikation zwischen der LGI Gruppe und den Hinweisgebenden. Sie als Hinweisgeberin oder Hinweisgeber k\u00f6nnen selbst entscheiden an wen Ihre Meldung gerichtet werden soll: Die den Versto\u00df betreffende LGI-Gesellschaft, oder alternativ an die LGI Logistics Group International GmbH als Muttergesellschaft oder die Elanders AB als Konzernmuttergesellschaft.<\/p>\n\n\n\n<p>Meldungen an die betreffende LGI-Gesellschaft erh\u00e4lt nur das jeweilige operative Mitglied der Gesch\u00e4ftsf\u00fchrung dieser Gesellschaft. Meldungen an die LGI Logistics Group International GmbH gehen ausschlie\u00dflich an die Abteilung Legal &amp; Compliance, wohingegen Meldungen an Elanders AB in die Verantwortung des Vice President &#8211; Group Business Control fallen, als die zust\u00e4ndige Person.<\/p>\n\n\n\n<p>Compliance-Hinweise k\u00f6nnen von allen bei der LGI-Gruppe Besch\u00e4ftigten sowie Unternehmensexterne, die mit den T\u00e4tigkeiten der LGI-Gruppe in Ber\u00fchrung kommen (zum Beispiel Kunden oder Dienstleister), abgeben werden.<\/p>\n<\/div><\/div>\n\n\n            \r\n        <section class=\"button-block button-block-id-69e9e32d81b3c\">             \r\n            <div class=\"container\">\r\n                <div class=\"button-wrapper\">\r\n                    <div class=\"row\">\r\n                            <div class=\"content\">\r\n                                    <div class=\"wt-bt\">    \r\n                    <a href=\"https:\/\/whistleblowing.elanders.com\/\" target=\"_blank\" rel=\"noopener\">\r\n                                    Zur Hintbox   \r\n                    <\/a>\r\n                        <\/div>\r\n                            <\/div>\r\n                    <\/div>\r\n                <\/div>                            \r\n            <\/div>                                  \r\n        <\/section>\n\n            \r\n        <div class=\"spacing-block medium spacing-block-id-69e9e32d81c0a\" >                                     \r\n                  <div class=\"medium-space\">   \r\n                  <\/div>                      \r\n        <\/div>\n\n\n<div class=\"wp-block-group container\"><div class=\"wp-block-group__inner-container is-layout-constrained wp-block-group-is-layout-constrained\">\n<p>Compliance-Hinweise k\u00f6nnen nicht nur \u00fcber Hintbox, sondern auch \u00fcber die folgenden Kommunikationskan\u00e4le gemeldet werden.<\/p>\n\n\n\n<p><strong>Briefe:<\/strong><br>Elanders AB<br>Att. CFO<br>Fl\u00f6jelbergsgatan 1C<br>SE-431 35 M\u00f6lndal Sweden<\/p>\n\n\n\n<p><strong>E-Mail:<\/strong><br><a class=\"click_mail\" href=\"&#109;&#97;&#105;&#108;&#116;&#111;&#58;%77%68%69%73%74%6c%65%62%6c%6f%77%69%6e%67@%65%6c%61%6e%64%65%72%73.%63%6f%6d \" rel=\"noreferrer noopener\">&#x77;&#x68;&#x69;&#x73;&#x74;&#x6c;&#x65;&#x62;&#x6c;&#x6f;&#x77;&#x69;&#x6e;&#x67;&#x40;&#x65;&#x6c;&#x61;&#x6e;&#x64;&#x65;&#x72;&#x73;&#x2e;&#x63;&#x6f;&#x6d;<\/a> <br><a class=\"click_mail\" href=\"&#109;&#97;&#105;&#108;&#116;&#111;&#58;%42%65%73%63%68%77%65%72%64%65%73%74%65%6c%6c%65@%6c%67%69.%64%65 \" rel=\"noreferrer noopener\">&#x42;&#x65;&#x73;&#x63;&#x68;&#x77;&#x65;&#x72;&#x64;&#x65;&#x73;&#x74;&#x65;&#x6c;&#x6c;&#x65;&#x40;&#x6c;&#x67;&#x69;&#x2e;&#x64;&#x65;<\/a><\/p>\n\n\n\n<p>Wichtig ist, dass wir das \u201eNeed-to-know-Prinzip\u201c sowie das Vertraulichkeitsgebot gem\u00e4\u00df EU-DSGVO und Hinweisgeberschutzgesetz strikt anwenden.<\/p>\n\n\n\n<p>Bitte beachten Sie, dass Kundenbeschwerden nicht zu den Compliance-Hinweisen geh\u00f6ren. F\u00fcr solche Beschwerden wenden Sie sich bitte an Ihren LGI-Kontakt<\/p>\n\n\n            \r\n        <div class=\"spacing-block large spacing-block-id-69e9e32d81ee9\" >                                     \r\n                  <div class=\"large-space\">   \r\n                  <\/div>                      \r\n        <\/div><\/div><\/div>\n","protected":false},"excerpt":{"rendered":"<p>Wir freuen uns, dass wir mit unserem Hinweisgeber-Meldesystem Hintbox einen vertrauensvollen und transparenten Prozess beim Umgang mit Compliance-Hinweisen anbieten k\u00f6nnen. Hintbox ist Teil des umfassenden Compliance-Management-Systems (CMS) innerhalb der Elanders Gruppe, zu der auch die LGI Gruppe geh\u00f6rt. Unter einem Compliance-Hinweis versteht man den Verdacht auf eine m\u00f6gliche Straftat, wie zum Beispiel Betrug oder Korruption, [&hellip;]<\/p>\n","protected":false},"author":1,"featured_media":0,"parent":2085,"menu_order":0,"comment_status":"closed","ping_status":"closed","template":"","meta":{"footnotes":""},"class_list":["post-20089","page","type-page","status-publish","hentry"],"yoast_head":"<!-- This site is optimized with the Yoast SEO plugin v27.3 - https:\/\/yoast.com\/product\/yoast-seo-wordpress\/ -->\n<title>LGI Hinweisgeber Meldesystem<\/title>\n<meta name=\"description\" content=\"Mit unserem Hinweisgebersystem Hintbox gew\u00e4hrleisten wir eine transparente und sichere Bearbeitung von Compliance-Hinweisen.\" \/>\n<meta name=\"robots\" content=\"index, follow, max-snippet:-1, max-image-preview:large, max-video-preview:-1\" \/>\n<link rel=\"canonical\" href=\"https:\/\/lgigroup.com\/de-de\/wp-json\/wp\/v2\/pages\/20089\" \/>\n<meta property=\"og:locale\" content=\"de_DE\" \/>\n<meta property=\"og:type\" content=\"article\" \/>\n<meta property=\"og:title\" content=\"LGI Hinweisgeber Meldesystem\" \/>\n<meta property=\"og:description\" content=\"Mit unserem Hinweisgebersystem Hintbox gew\u00e4hrleisten wir eine transparente und sichere Bearbeitung von Compliance-Hinweisen.\" \/>\n<meta property=\"og:url\" content=\"https:\/\/lgigroup.com\/de-de\/richtlinien-dokumente\/hinweisgebersystem\/\" \/>\n<meta property=\"og:site_name\" content=\"LGI Group\" \/>\n<meta property=\"article:modified_time\" content=\"2025-12-13T09:46:19+00:00\" \/>\n<meta name=\"twitter:card\" content=\"summary_large_image\" \/>\n<meta name=\"twitter:label1\" content=\"Est. reading time\" \/>\n\t<meta name=\"twitter:data1\" content=\"2 minutes\" \/>\n<script type=\"application\/ld+json\" class=\"yoast-schema-graph\">{\"@context\":\"https:\\\/\\\/schema.org\",\"@graph\":[{\"@type\":\"WebPage\",\"@id\":\"https:\\\/\\\/lgigroup.com\\\/de-de\\\/richtlinien-dokumente\\\/hinweisgebersystem\\\/\",\"url\":\"https:\\\/\\\/lgigroup.com\\\/de-de\\\/richtlinien-dokumente\\\/hinweisgebersystem\\\/\",\"name\":\"LGI Hinweisgeber Meldesystem\",\"isPartOf\":{\"@id\":\"https:\\\/\\\/lgigroup.com\\\/de-de\\\/#website\"},\"datePublished\":\"2023-10-31T16:59:51+00:00\",\"dateModified\":\"2025-12-13T09:46:19+00:00\",\"description\":\"Mit unserem Hinweisgebersystem Hintbox gew\u00e4hrleisten wir eine transparente und sichere Bearbeitung von Compliance-Hinweisen.\",\"breadcrumb\":{\"@id\":\"https:\\\/\\\/lgigroup.com\\\/de-de\\\/richtlinien-dokumente\\\/hinweisgebersystem\\\/#breadcrumb\"},\"inLanguage\":\"de-de\",\"potentialAction\":[{\"@type\":\"ReadAction\",\"target\":[\"https:\\\/\\\/lgigroup.com\\\/de-de\\\/richtlinien-dokumente\\\/hinweisgebersystem\\\/\"]}]},{\"@type\":\"BreadcrumbList\",\"@id\":\"https:\\\/\\\/lgigroup.com\\\/de-de\\\/richtlinien-dokumente\\\/hinweisgebersystem\\\/#breadcrumb\",\"itemListElement\":[{\"@type\":\"ListItem\",\"position\":1,\"name\":\"Startseite\",\"item\":\"https:\\\/\\\/lgigroup.com\\\/de-de\\\/\"},{\"@type\":\"ListItem\",\"position\":2,\"name\":\"Richtlinien &#038; Dokumente\",\"item\":\"https:\\\/\\\/lgigroup.com\\\/de-de\\\/richtlinien-dokumente\\\/\"},{\"@type\":\"ListItem\",\"position\":3,\"name\":\"Hinweisgebersystem\"}]},{\"@type\":\"WebSite\",\"@id\":\"https:\\\/\\\/lgigroup.com\\\/de-de\\\/#website\",\"url\":\"https:\\\/\\\/lgigroup.com\\\/de-de\\\/\",\"name\":\"LGI Group\",\"description\":\"\",\"publisher\":{\"@id\":\"https:\\\/\\\/lgigroup.com\\\/de-de\\\/#organization\"},\"potentialAction\":[{\"@type\":\"SearchAction\",\"target\":{\"@type\":\"EntryPoint\",\"urlTemplate\":\"https:\\\/\\\/lgigroup.com\\\/de-de\\\/?s={search_term_string}\"},\"query-input\":{\"@type\":\"PropertyValueSpecification\",\"valueRequired\":true,\"valueName\":\"search_term_string\"}}],\"inLanguage\":\"de-de\"},{\"@type\":\"Organization\",\"@id\":\"https:\\\/\\\/lgigroup.com\\\/de-de\\\/#organization\",\"name\":\"LGI GmbH\",\"url\":\"https:\\\/\\\/lgigroup.com\\\/de-de\\\/\",\"logo\":{\"@type\":\"ImageObject\",\"inLanguage\":\"de-de\",\"@id\":\"https:\\\/\\\/lgigroup.com\\\/de-de\\\/#\\\/schema\\\/logo\\\/image\\\/\",\"url\":\"https:\\\/\\\/lgigroup.com\\\/wp-content\\\/uploads\\\/2023\\\/01\\\/lgi-logo.png\",\"contentUrl\":\"https:\\\/\\\/lgigroup.com\\\/wp-content\\\/uploads\\\/2023\\\/01\\\/lgi-logo.png\",\"width\":420,\"height\":200,\"caption\":\"LGI GmbH\"},\"image\":{\"@id\":\"https:\\\/\\\/lgigroup.com\\\/de-de\\\/#\\\/schema\\\/logo\\\/image\\\/\"}}]}<\/script>\n<!-- \/ Yoast SEO plugin. -->","yoast_head_json":{"title":"LGI Hinweisgeber Meldesystem","description":"Mit unserem Hinweisgebersystem Hintbox gew\u00e4hrleisten wir eine transparente und sichere Bearbeitung von Compliance-Hinweisen.","robots":{"index":"index","follow":"follow","max-snippet":"max-snippet:-1","max-image-preview":"max-image-preview:large","max-video-preview":"max-video-preview:-1"},"canonical":"https:\/\/lgigroup.com\/de-de\/wp-json\/wp\/v2\/pages\/20089","og_locale":"de_DE","og_type":"article","og_title":"LGI Hinweisgeber Meldesystem","og_description":"Mit unserem Hinweisgebersystem Hintbox gew\u00e4hrleisten wir eine transparente und sichere Bearbeitung von Compliance-Hinweisen.","og_url":"https:\/\/lgigroup.com\/de-de\/richtlinien-dokumente\/hinweisgebersystem\/","og_site_name":"LGI Group","article_modified_time":"2025-12-13T09:46:19+00:00","twitter_card":"summary_large_image","twitter_misc":{"Est. reading time":"2 minutes"},"schema":{"@context":"https:\/\/schema.org","@graph":[{"@type":"WebPage","@id":"https:\/\/lgigroup.com\/de-de\/richtlinien-dokumente\/hinweisgebersystem\/","url":"https:\/\/lgigroup.com\/de-de\/richtlinien-dokumente\/hinweisgebersystem\/","name":"LGI Hinweisgeber Meldesystem","isPartOf":{"@id":"https:\/\/lgigroup.com\/de-de\/#website"},"datePublished":"2023-10-31T16:59:51+00:00","dateModified":"2025-12-13T09:46:19+00:00","description":"Mit unserem Hinweisgebersystem Hintbox gew\u00e4hrleisten wir eine transparente und sichere Bearbeitung von Compliance-Hinweisen.","breadcrumb":{"@id":"https:\/\/lgigroup.com\/de-de\/richtlinien-dokumente\/hinweisgebersystem\/#breadcrumb"},"inLanguage":"de-de","potentialAction":[{"@type":"ReadAction","target":["https:\/\/lgigroup.com\/de-de\/richtlinien-dokumente\/hinweisgebersystem\/"]}]},{"@type":"BreadcrumbList","@id":"https:\/\/lgigroup.com\/de-de\/richtlinien-dokumente\/hinweisgebersystem\/#breadcrumb","itemListElement":[{"@type":"ListItem","position":1,"name":"Startseite","item":"https:\/\/lgigroup.com\/de-de\/"},{"@type":"ListItem","position":2,"name":"Richtlinien &#038; Dokumente","item":"https:\/\/lgigroup.com\/de-de\/richtlinien-dokumente\/"},{"@type":"ListItem","position":3,"name":"Hinweisgebersystem"}]},{"@type":"WebSite","@id":"https:\/\/lgigroup.com\/de-de\/#website","url":"https:\/\/lgigroup.com\/de-de\/","name":"LGI Group","description":"","publisher":{"@id":"https:\/\/lgigroup.com\/de-de\/#organization"},"potentialAction":[{"@type":"SearchAction","target":{"@type":"EntryPoint","urlTemplate":"https:\/\/lgigroup.com\/de-de\/?s={search_term_string}"},"query-input":{"@type":"PropertyValueSpecification","valueRequired":true,"valueName":"search_term_string"}}],"inLanguage":"de-de"},{"@type":"Organization","@id":"https:\/\/lgigroup.com\/de-de\/#organization","name":"LGI GmbH","url":"https:\/\/lgigroup.com\/de-de\/","logo":{"@type":"ImageObject","inLanguage":"de-de","@id":"https:\/\/lgigroup.com\/de-de\/#\/schema\/logo\/image\/","url":"https:\/\/lgigroup.com\/wp-content\/uploads\/2023\/01\/lgi-logo.png","contentUrl":"https:\/\/lgigroup.com\/wp-content\/uploads\/2023\/01\/lgi-logo.png","width":420,"height":200,"caption":"LGI GmbH"},"image":{"@id":"https:\/\/lgigroup.com\/de-de\/#\/schema\/logo\/image\/"}}]}},"_links":{"self":[{"href":"https:\/\/lgigroup.com\/de-de\/wp-json\/wp\/v2\/pages\/20089","targetHints":{"allow":["GET"]}}],"collection":[{"href":"https:\/\/lgigroup.com\/de-de\/wp-json\/wp\/v2\/pages"}],"about":[{"href":"https:\/\/lgigroup.com\/de-de\/wp-json\/wp\/v2\/types\/page"}],"author":[{"embeddable":true,"href":"https:\/\/lgigroup.com\/de-de\/wp-json\/wp\/v2\/users\/1"}],"replies":[{"embeddable":true,"href":"https:\/\/lgigroup.com\/de-de\/wp-json\/wp\/v2\/comments?post=20089"}],"version-history":[{"count":6,"href":"https:\/\/lgigroup.com\/de-de\/wp-json\/wp\/v2\/pages\/20089\/revisions"}],"predecessor-version":[{"id":29561,"href":"https:\/\/lgigroup.com\/de-de\/wp-json\/wp\/v2\/pages\/20089\/revisions\/29561"}],"up":[{"embeddable":true,"href":"https:\/\/lgigroup.com\/de-de\/wp-json\/wp\/v2\/pages\/2085"}],"wp:attachment":[{"href":"https:\/\/lgigroup.com\/de-de\/wp-json\/wp\/v2\/media?parent=20089"}],"curies":[{"name":"wp","href":"https:\/\/api.w.org\/{rel}","templated":true}]}}