{"id":2132,"date":"2023-01-15T18:46:56","date_gmt":"2023-01-15T17:46:56","guid":{"rendered":"https:\/\/lgigroup.com\/?page_id=2132"},"modified":"2025-12-13T12:51:59","modified_gmt":"2025-12-13T11:51:59","slug":"gender-hinweis","status":"publish","type":"page","link":"https:\/\/lgigroup.com\/de-de\/richtlinien-dokumente\/gender-hinweis\/","title":{"rendered":"Gender-Hinweis"},"content":{"rendered":"\r\n\t\t<section class=\"titelbild-section titelbild-block-id-69de1a0d5d9ab titelbild-block-layout-\">\r\n            <div class=\"col-12 col-lg-12\">\r\n                <div class=\"full-bild\"> <img loading=\"lazy\" decoding=\"async\" width=\"1920\" height=\"700\" src=\"\/wp-content\/uploads\/2023\/06\/lgi-female-male-sign-gender-reference.jpg\" class=\"img-fluid\" alt=\"Weibliches und M\u00e4nnliches Zeichen | LGI Gender Hinweis\" srcset=\"\/wp-content\/uploads\/2023\/06\/lgi-female-male-sign-gender-reference.jpg 1920w, \/wp-content\/uploads\/2023\/06\/lgi-female-male-sign-gender-reference-300x109.jpg 300w, \/wp-content\/uploads\/2023\/06\/lgi-female-male-sign-gender-reference-1024x373.jpg 1024w, \/wp-content\/uploads\/2023\/06\/lgi-female-male-sign-gender-reference-768x280.jpg 768w, \/wp-content\/uploads\/2023\/06\/lgi-female-male-sign-gender-reference-1536x560.jpg 1536w\" sizes=\"auto, (max-width: 1920px) 100vw, 1920px\" \/><\/div>\r\n                <div class=\"bild-title container\">\r\n                    <div class=\"row\">\r\n                                <div class=\"col\">\r\n                                    <p class=\"headline wt-h1\">LGI Gender-Hinweis<\/p>\r\n                                <\/div>                                        \r\n                            <\/div> \r\n                <\/div>\r\n            <\/div>\r\n        <\/section>\r\n\t\n\n            \r\n        <div class=\"spacing-block large spacing-block-id-69de1a0d5e154\" >                                     \r\n                  <div class=\"large-space\">   \r\n                  <\/div>                      \r\n        <\/div>\n\n\r\n                <div class=\"headline-block \">\r\n                    \r\n                        <div class=\"container\">                            \r\n                            <div class=\"row\">\r\n                        <div class=\"col\">\r\n                            <h1 class=\"wt-subheadline wt-sl sub-headline-align\">Lesefreundlichkeit und Inklusion<\/h1>\r\n                        <\/div>\r\n                    <\/div>\r\n                            \r\n                            <div class=\"row\">\r\n                                <div class=\"col\">\r\n                                    <h2 class=\"wt-h1 wt-font-color-dark-grey\">Hinweis zur Verwendung der Sprachformen<\/h2>\r\n                                <\/div>                                        \r\n                            <\/div>                                                                                                    \r\n                        <\/div>                                \r\n                <\/div>\r\n            \n\n            \r\n        <div class=\"spacing-block extrasmall spacing-block-id-69de1a0d5e2ef\" >                                     \r\n                  <div class=\"extra-small-space\">   \r\n                  <\/div>                      \r\n        <\/div>\n\n   \r\n    \r\n    <div class=\"grey-line-block grey-line-block-id-69de1a0d5e3b3\">\r\n        \r\n        <div class=\"container\">\r\n            <div class=\"row\">\r\n                <div class=\"col test\">\r\n                    <div class=\"grey-line-block-line\"><\/div>\r\n                <\/div>                \r\n            <\/div>\r\n        <\/div>\r\n        \r\n    <\/div>\n\n            \r\n        <div class=\"spacing-block small spacing-block-id-69de1a0d5e476\" >                                     \r\n                  <div class=\"small-space\">   \r\n                  <\/div>                      \r\n        <\/div>\n\n\n<div class=\"wp-block-group container\"><div class=\"wp-block-group__inner-container is-layout-constrained wp-block-group-is-layout-constrained\">\n<p>Aus Gr\u00fcnden der besseren Lesbarkeit haben wir bei Personenbezeichnungen und personenbezogenen Hauptw\u00f6rtern auf dieser Internetseite meist das generische Maskulinum verwendet.<\/p>\n\n\n\n<p>Diese verk\u00fcrzte Sprachform soll keinesfalls eine Benachteiligung oder Wertung des jeweiligen anderen Geschlechts implizieren. Mit unseren Inhalten sollen sich alle Gender stets gleicherma\u00dfen angesprochen f\u00fchlen.<\/p>\n<\/div><\/div>\n\n\n            \r\n        <div class=\"spacing-block large spacing-block-id-69de1a0d5f57f\" >                                     \r\n                  <div class=\"large-space\">   \r\n                  <\/div>                      \r\n        <\/div>\n\n   \r\n    \r\n    <section id=\"Contact-person\" class=\"contact-person-block contact-person-block-id-69de1a0d5f64a encoded-email\" data-idcp=\"6131\" data-mail=\"YmVybmRfd2lkbWFubkBsZ2kuZGU=\">\r\n    \r\n        \r\n        <div class=\"contact-person-bg-img-wrapper\">\r\n            <img loading=\"lazy\" decoding=\"async\" width=\"1920\" height=\"500\" src=\"\/wp-content\/uploads\/2023\/01\/lgi-building-munich.jpg\" class=\"img-fluid bg-image\" alt=\"Exterior view of a modern office and administrative building with glass facade, entrance area, and paved forecourt\" srcset=\"\/wp-content\/uploads\/2023\/01\/lgi-building-munich.jpg 1920w, \/wp-content\/uploads\/2023\/01\/lgi-building-munich-300x78.jpg 300w, \/wp-content\/uploads\/2023\/01\/lgi-building-munich-1024x267.jpg 1024w, \/wp-content\/uploads\/2023\/01\/lgi-building-munich-768x200.jpg 768w, \/wp-content\/uploads\/2023\/01\/lgi-building-munich-1536x400.jpg 1536w\" sizes=\"auto, (max-width: 1920px) 100vw, 1920px\" \/>\r\n        <\/div>\r\n        \r\n        <div class=\"container contact-person-content-wrapper\">\r\n            <div class=\"row\">\r\n                <div class=\"col-12 col-lg-6 contact-person-text-wrapper contact-text-align\">\r\n                    <span class=\"wt-bh\">Ihr Kontakt zu LGI<\/span>\r\n                    <span class=\"wt-hl wt-big-string\">Kontaktieren Sie uns <span class='wt-font-color-white'>gerne!<\/span><\/span>\r\n                <\/div>\r\n                <div class=\"col-12 col-lg-6 order-first order-lg-last contact-person-img-wrapper\">\r\n                    <div>\r\n                        <div class=\"contact-person-wrapper contact-person\">\r\n                            <div class=\"d-flex align-items-stretch\">\r\n                                <div class=\"image-section\">\r\n                                    <img loading=\"lazy\" decoding=\"async\" width=\"540\" height=\"500\" src=\"\/wp-content\/uploads\/2023\/02\/lgi-contact-person-wiedmann-bernd.png\" class=\"img-fluid\" alt=\"Bernd Wiedmann - LGI contact person\" srcset=\"\/wp-content\/uploads\/2023\/02\/lgi-contact-person-wiedmann-bernd.png 540w, \/wp-content\/uploads\/2023\/02\/lgi-contact-person-wiedmann-bernd-300x278.png 300w\" sizes=\"auto, (max-width: 540px) 100vw, 540px\" \/>\r\n                                <\/div>\r\n                                <div class=\"pe-3 pe-sm-0 ps-3 ps-xl-3 d-flex flex-column justify-content-end content-section\">\r\n                                    <p class=\"wt-sl\">Ihr Kontakt<\/p>\r\n                                \r\n                                    <p class=\"text-sec wt-text-sec\">\r\n                                        <span>Vice President Corporate Legal<\/span><br>\r\n                                         Bernd Widmann<br>\r\n                                        <a class=\"wt-k-click-tel\" href=\"tel:+4970312009660\">+49 7031 2009 660<\/a><br>\r\n                                        <a class=\"wt-k-click-mail\" href=\"&#109;&#97;&#105;&#108;&#116;&#111;&#58;%62%65%72%6e%64%5f%77%69%64%6d%61%6e%6e@%6c%67%69.%64%65\">&#x62;&#x65;&#x72;&#x6e;&#x64;&#x5f;&#x77;&#x69;&#x64;&#x6d;&#x61;&#x6e;&#x6e;&#x40;&#x6c;&#x67;&#x69;&#x2e;&#x64;&#x65;<\/a>\r\n                                    <\/p>\r\n                                    <div class=\"button-wrapper\">\r\n                                        <div class=\"wt-bt d-none d-sm-block\" data-bs-toggle=\"modal\" data-bs-target=\"#contactModal\">Kontakt aufnehmen<\/div>\r\n                                        <div class=\"d-none d-sm-block \"> <\/div>\r\n                                    <\/div>    \r\n                                <\/div>\r\n                            <\/div>                            \r\n                            <div class=\"button-wrapper\">\r\n                                <div class=\"mt-md-3 pt-3 pb-3 ps-3 pe-3 pt-md-3 d-sm-none\">\r\n                                    <div class=\"wt-bt\" data-bs-toggle=\"modal\" data-bs-target=\"#contactModal\">Kontakt aufnehmen<\/div>\r\n                                    \r\n                                <\/div>\r\n                            <\/div> \r\n                        <\/div>                        \r\n                    <\/div>                    \r\n                <\/div>\r\n            <\/div>\r\n        <\/div>\r\n        \r\n    <\/section>","protected":false},"excerpt":{"rendered":"<p>Aus Gr\u00fcnden der besseren Lesbarkeit haben wir bei Personenbezeichnungen und personenbezogenen Hauptw\u00f6rtern auf dieser Internetseite meist das generische Maskulinum verwendet. Diese verk\u00fcrzte Sprachform soll keinesfalls eine Benachteiligung oder Wertung des jeweiligen anderen Geschlechts implizieren. Mit unseren Inhalten sollen sich alle Gender stets gleicherma\u00dfen angesprochen f\u00fchlen.<\/p>\n","protected":false},"author":1,"featured_media":0,"parent":2085,"menu_order":0,"comment_status":"closed","ping_status":"closed","template":"","meta":{"footnotes":""},"class_list":["post-2132","page","type-page","status-publish","hentry"],"yoast_head":"<!-- This site is optimized with the Yoast SEO plugin v27.3 - https:\/\/yoast.com\/product\/yoast-seo-wordpress\/ -->\n<title>Unsere Gender-Hinweis | LGI<\/title>\n<meta name=\"description\" content=\"Mit unseren Inhalten sollen sich alle Gender stets gleicherma\u00dfen angesprochen f\u00fchlen. Jetzt mehr erfahren.\" \/>\n<meta name=\"robots\" content=\"index, follow, max-snippet:-1, max-image-preview:large, max-video-preview:-1\" \/>\n<link rel=\"canonical\" href=\"https:\/\/lgigroup.com\/de-de\/wp-json\/wp\/v2\/pages\/2132\" \/>\n<meta property=\"og:locale\" content=\"de_DE\" \/>\n<meta property=\"og:type\" content=\"article\" \/>\n<meta property=\"og:title\" content=\"Unsere Gender-Hinweis | LGI\" \/>\n<meta property=\"og:description\" content=\"Mit unseren Inhalten sollen sich alle Gender stets gleicherma\u00dfen angesprochen f\u00fchlen. Jetzt mehr erfahren.\" \/>\n<meta property=\"og:url\" content=\"https:\/\/lgigroup.com\/de-de\/richtlinien-dokumente\/gender-hinweis\/\" \/>\n<meta property=\"og:site_name\" content=\"LGI Group\" \/>\n<meta property=\"article:modified_time\" content=\"2025-12-13T11:51:59+00:00\" \/>\n<meta name=\"twitter:card\" content=\"summary_large_image\" \/>\n<meta name=\"twitter:label1\" content=\"Est. reading time\" \/>\n\t<meta name=\"twitter:data1\" content=\"1 minute\" \/>\n<script type=\"application\/ld+json\" class=\"yoast-schema-graph\">{\"@context\":\"https:\\\/\\\/schema.org\",\"@graph\":[{\"@type\":\"WebPage\",\"@id\":\"https:\\\/\\\/lgigroup.com\\\/de-de\\\/richtlinien-dokumente\\\/gender-hinweis\\\/\",\"url\":\"https:\\\/\\\/lgigroup.com\\\/de-de\\\/richtlinien-dokumente\\\/gender-hinweis\\\/\",\"name\":\"Unsere Gender-Hinweis | LGI\",\"isPartOf\":{\"@id\":\"https:\\\/\\\/lgigroup.com\\\/de-de\\\/#website\"},\"datePublished\":\"2023-01-15T17:46:56+00:00\",\"dateModified\":\"2025-12-13T11:51:59+00:00\",\"description\":\"Mit unseren Inhalten sollen sich alle Gender stets gleicherma\u00dfen angesprochen f\u00fchlen. Jetzt mehr erfahren.\",\"breadcrumb\":{\"@id\":\"https:\\\/\\\/lgigroup.com\\\/de-de\\\/richtlinien-dokumente\\\/gender-hinweis\\\/#breadcrumb\"},\"inLanguage\":\"de-de\",\"potentialAction\":[{\"@type\":\"ReadAction\",\"target\":[\"https:\\\/\\\/lgigroup.com\\\/de-de\\\/richtlinien-dokumente\\\/gender-hinweis\\\/\"]}]},{\"@type\":\"BreadcrumbList\",\"@id\":\"https:\\\/\\\/lgigroup.com\\\/de-de\\\/richtlinien-dokumente\\\/gender-hinweis\\\/#breadcrumb\",\"itemListElement\":[{\"@type\":\"ListItem\",\"position\":1,\"name\":\"Startseite\",\"item\":\"https:\\\/\\\/lgigroup.com\\\/de-de\\\/\"},{\"@type\":\"ListItem\",\"position\":2,\"name\":\"Richtlinien &#038; Dokumente\",\"item\":\"https:\\\/\\\/lgigroup.com\\\/de-de\\\/richtlinien-dokumente\\\/\"},{\"@type\":\"ListItem\",\"position\":3,\"name\":\"Gender-Hinweis\"}]},{\"@type\":\"WebSite\",\"@id\":\"https:\\\/\\\/lgigroup.com\\\/de-de\\\/#website\",\"url\":\"https:\\\/\\\/lgigroup.com\\\/de-de\\\/\",\"name\":\"LGI Group\",\"description\":\"\",\"publisher\":{\"@id\":\"https:\\\/\\\/lgigroup.com\\\/de-de\\\/#organization\"},\"potentialAction\":[{\"@type\":\"SearchAction\",\"target\":{\"@type\":\"EntryPoint\",\"urlTemplate\":\"https:\\\/\\\/lgigroup.com\\\/de-de\\\/?s={search_term_string}\"},\"query-input\":{\"@type\":\"PropertyValueSpecification\",\"valueRequired\":true,\"valueName\":\"search_term_string\"}}],\"inLanguage\":\"de-de\"},{\"@type\":\"Organization\",\"@id\":\"https:\\\/\\\/lgigroup.com\\\/de-de\\\/#organization\",\"name\":\"LGI GmbH\",\"url\":\"https:\\\/\\\/lgigroup.com\\\/de-de\\\/\",\"logo\":{\"@type\":\"ImageObject\",\"inLanguage\":\"de-de\",\"@id\":\"https:\\\/\\\/lgigroup.com\\\/de-de\\\/#\\\/schema\\\/logo\\\/image\\\/\",\"url\":\"https:\\\/\\\/lgigroup.com\\\/wp-content\\\/uploads\\\/2023\\\/01\\\/lgi-logo.png\",\"contentUrl\":\"https:\\\/\\\/lgigroup.com\\\/wp-content\\\/uploads\\\/2023\\\/01\\\/lgi-logo.png\",\"width\":420,\"height\":200,\"caption\":\"LGI GmbH\"},\"image\":{\"@id\":\"https:\\\/\\\/lgigroup.com\\\/de-de\\\/#\\\/schema\\\/logo\\\/image\\\/\"}}]}<\/script>\n<!-- \/ Yoast SEO plugin. -->","yoast_head_json":{"title":"Unsere Gender-Hinweis | LGI","description":"Mit unseren Inhalten sollen sich alle Gender stets gleicherma\u00dfen angesprochen f\u00fchlen. Jetzt mehr erfahren.","robots":{"index":"index","follow":"follow","max-snippet":"max-snippet:-1","max-image-preview":"max-image-preview:large","max-video-preview":"max-video-preview:-1"},"canonical":"https:\/\/lgigroup.com\/de-de\/wp-json\/wp\/v2\/pages\/2132","og_locale":"de_DE","og_type":"article","og_title":"Unsere Gender-Hinweis | LGI","og_description":"Mit unseren Inhalten sollen sich alle Gender stets gleicherma\u00dfen angesprochen f\u00fchlen. Jetzt mehr erfahren.","og_url":"https:\/\/lgigroup.com\/de-de\/richtlinien-dokumente\/gender-hinweis\/","og_site_name":"LGI Group","article_modified_time":"2025-12-13T11:51:59+00:00","twitter_card":"summary_large_image","twitter_misc":{"Est. reading time":"1 minute"},"schema":{"@context":"https:\/\/schema.org","@graph":[{"@type":"WebPage","@id":"https:\/\/lgigroup.com\/de-de\/richtlinien-dokumente\/gender-hinweis\/","url":"https:\/\/lgigroup.com\/de-de\/richtlinien-dokumente\/gender-hinweis\/","name":"Unsere Gender-Hinweis | LGI","isPartOf":{"@id":"https:\/\/lgigroup.com\/de-de\/#website"},"datePublished":"2023-01-15T17:46:56+00:00","dateModified":"2025-12-13T11:51:59+00:00","description":"Mit unseren Inhalten sollen sich alle Gender stets gleicherma\u00dfen angesprochen f\u00fchlen. Jetzt mehr erfahren.","breadcrumb":{"@id":"https:\/\/lgigroup.com\/de-de\/richtlinien-dokumente\/gender-hinweis\/#breadcrumb"},"inLanguage":"de-de","potentialAction":[{"@type":"ReadAction","target":["https:\/\/lgigroup.com\/de-de\/richtlinien-dokumente\/gender-hinweis\/"]}]},{"@type":"BreadcrumbList","@id":"https:\/\/lgigroup.com\/de-de\/richtlinien-dokumente\/gender-hinweis\/#breadcrumb","itemListElement":[{"@type":"ListItem","position":1,"name":"Startseite","item":"https:\/\/lgigroup.com\/de-de\/"},{"@type":"ListItem","position":2,"name":"Richtlinien &#038; Dokumente","item":"https:\/\/lgigroup.com\/de-de\/richtlinien-dokumente\/"},{"@type":"ListItem","position":3,"name":"Gender-Hinweis"}]},{"@type":"WebSite","@id":"https:\/\/lgigroup.com\/de-de\/#website","url":"https:\/\/lgigroup.com\/de-de\/","name":"LGI Group","description":"","publisher":{"@id":"https:\/\/lgigroup.com\/de-de\/#organization"},"potentialAction":[{"@type":"SearchAction","target":{"@type":"EntryPoint","urlTemplate":"https:\/\/lgigroup.com\/de-de\/?s={search_term_string}"},"query-input":{"@type":"PropertyValueSpecification","valueRequired":true,"valueName":"search_term_string"}}],"inLanguage":"de-de"},{"@type":"Organization","@id":"https:\/\/lgigroup.com\/de-de\/#organization","name":"LGI GmbH","url":"https:\/\/lgigroup.com\/de-de\/","logo":{"@type":"ImageObject","inLanguage":"de-de","@id":"https:\/\/lgigroup.com\/de-de\/#\/schema\/logo\/image\/","url":"https:\/\/lgigroup.com\/wp-content\/uploads\/2023\/01\/lgi-logo.png","contentUrl":"https:\/\/lgigroup.com\/wp-content\/uploads\/2023\/01\/lgi-logo.png","width":420,"height":200,"caption":"LGI GmbH"},"image":{"@id":"https:\/\/lgigroup.com\/de-de\/#\/schema\/logo\/image\/"}}]}},"_links":{"self":[{"href":"https:\/\/lgigroup.com\/de-de\/wp-json\/wp\/v2\/pages\/2132","targetHints":{"allow":["GET"]}}],"collection":[{"href":"https:\/\/lgigroup.com\/de-de\/wp-json\/wp\/v2\/pages"}],"about":[{"href":"https:\/\/lgigroup.com\/de-de\/wp-json\/wp\/v2\/types\/page"}],"author":[{"embeddable":true,"href":"https:\/\/lgigroup.com\/de-de\/wp-json\/wp\/v2\/users\/1"}],"replies":[{"embeddable":true,"href":"https:\/\/lgigroup.com\/de-de\/wp-json\/wp\/v2\/comments?post=2132"}],"version-history":[{"count":17,"href":"https:\/\/lgigroup.com\/de-de\/wp-json\/wp\/v2\/pages\/2132\/revisions"}],"predecessor-version":[{"id":29556,"href":"https:\/\/lgigroup.com\/de-de\/wp-json\/wp\/v2\/pages\/2132\/revisions\/29556"}],"up":[{"embeddable":true,"href":"https:\/\/lgigroup.com\/de-de\/wp-json\/wp\/v2\/pages\/2085"}],"wp:attachment":[{"href":"https:\/\/lgigroup.com\/de-de\/wp-json\/wp\/v2\/media?parent=2132"}],"curies":[{"name":"wp","href":"https:\/\/api.w.org\/{rel}","templated":true}]}}