{"id":23549,"date":"2024-05-03T09:54:49","date_gmt":"2024-05-03T07:54:49","guid":{"rendered":"https:\/\/lgigroup.com\/?page_id=23549"},"modified":"2025-12-13T11:20:21","modified_gmt":"2025-12-13T10:20:21","slug":"berichtspflichten","status":"publish","type":"page","link":"https:\/\/lgigroup.com\/de-de\/richtlinien-dokumente\/berichtspflichten\/","title":{"rendered":"Berichtspflichten"},"content":{"rendered":"\r\n\t\t<section class=\"titelbild-section titelbild-block-id-69ee0c35ec28c titelbild-block-layout-\">\r\n            <div class=\"col-12 col-lg-12\">\r\n                <div class=\"full-bild\"> <img loading=\"lazy\" decoding=\"async\" width=\"1920\" height=\"700\" src=\"\/wp-content\/uploads\/2024\/05\/container-ships-at-harbour-lgi.jpg\" class=\"img-fluid\" alt=\"Containerschiffe am Hafen | LGI\" srcset=\"\/wp-content\/uploads\/2024\/05\/container-ships-at-harbour-lgi.jpg 1920w, \/wp-content\/uploads\/2024\/05\/container-ships-at-harbour-lgi-300x109.jpg 300w, \/wp-content\/uploads\/2024\/05\/container-ships-at-harbour-lgi-1024x373.jpg 1024w, \/wp-content\/uploads\/2024\/05\/container-ships-at-harbour-lgi-768x280.jpg 768w, \/wp-content\/uploads\/2024\/05\/container-ships-at-harbour-lgi-1536x560.jpg 1536w\" sizes=\"auto, (max-width: 1920px) 100vw, 1920px\" \/><\/div>\r\n                <div class=\"bild-title container\">\r\n                    <div class=\"row\">\r\n                                <div class=\"col\">\r\n                                    <p class=\"headline wt-h1\">LGI Berichtspflichten<\/p>\r\n                                <\/div>                                        \r\n                            <\/div> \r\n                <\/div>\r\n            <\/div>\r\n        <\/section>\r\n\t\n\n            \r\n        <div class=\"spacing-block large spacing-block-id-69ee0c35ec72c\" >                                     \r\n                  <div class=\"large-space\">   \r\n                  <\/div>                      \r\n        <\/div>\n\n\r\n                <div class=\"headline-block \">\r\n                    \r\n                        <div class=\"container\">                            \r\n                            \r\n                            \r\n                            <div class=\"row\">\r\n                                <div class=\"col\">\r\n                                    <h1 class=\"wt-h1 wt-font-color-dark-grey\">Berichtspflichten<\/h1>\r\n                                <\/div>                                        \r\n                            <\/div>                                                                                                    \r\n                        <\/div>                                \r\n                <\/div>\r\n            \n\n            \r\n        <div class=\"spacing-block extrasmall spacing-block-id-69ee0c35ec8c1\" >                                     \r\n                  <div class=\"extra-small-space\">   \r\n                  <\/div>                      \r\n        <\/div>\n\n   \r\n    \r\n    <div class=\"grey-line-block grey-line-block-id-69ee0c35ec983\">\r\n        \r\n        <div class=\"container\">\r\n            <div class=\"row\">\r\n                <div class=\"col test\">\r\n                    <div class=\"grey-line-block-line\"><\/div>\r\n                <\/div>                \r\n            <\/div>\r\n        <\/div>\r\n        \r\n    <\/div>\n\n            \r\n        <div class=\"spacing-block small spacing-block-id-69ee0c35eca44\" >                                     \r\n                  <div class=\"small-space\">   \r\n                  <\/div>                      \r\n        <\/div>\n\n\n<div class=\"wp-block-group container\"><div class=\"wp-block-group__inner-container is-layout-constrained wp-block-group-is-layout-constrained\">\n<p>Mit dem am 01.01.203 in Kraft getretenen Lieferkettensorgfaltspflichtengesetz (LkSG) sollen Menschenrechte in globalen Lieferketten umgesetzt und die Umwelt besser vor Zerst\u00f6rung gesch\u00fctzt werden. Das Gesetz wurde angesto\u00dfen, da freiwillige Selbstverpflichtungen von Unternehmen in der Vergangenheit die menschenrechtlichen und umweltbezogenen Probleme in Lieferketten nicht ausreichend bek\u00e4mpft haben.<\/p>\n\n\n\n<p>Wir glauben, dass man den Erfolg eines Unternehmens nicht nur anhand von Zahlen bewerten sollte. Uns ist bewusst, dass wir ohne Gewinne nicht erfolgreich am Markt bestehen k\u00f6nnen. Wir sind jedoch bestrebt, die richtige Balance zwischen Gesch\u00e4ftserfolg und sozialer, ethischer sowie \u00f6kologischer Verantwortung zu finden. Verantwortung f\u00fcr unsere Mitarbeiter, unser Gemeinwesen sowie f\u00fcr die Umwelt ist aus diesem Grund ein fester Bestandteil unserer DNA und ein wesentlicher Faktor f\u00fcr den langfristigen Erfolg unseres Unternehmens.<\/p>\n\n\n\n<p>Die Gesch\u00e4ftsf\u00fchrung, s\u00e4mtliche F\u00fchrungskr\u00e4fte und alle Mitarbeiter (\u201ewir\u201c) verpflichten sich daher, die h\u00f6chsten ethischen Standards einzuhalten. Wir arbeiten gemeinsam daran, ein Arbeitsumfeld zu schaffen, in dem jeder bei der LGI und jeder, mit dem wir innerhalb unserer gesamten Lieferkette zusammenarbeiten, sein Bestes geben kann. Dazu geh\u00f6rt insbesondere die Einhaltung globaler Richtlinien und Prozesse, um m\u00f6gliche Menschenrechtsverletzungen in Bezug auf unsere Gesch\u00e4ftst\u00e4tigkeit und innerhalb unserer Lieferketten zu vermeiden.<\/p>\n\n\n\n<p>In der LGI sind wir der \u00dcberzeugung, dass die Verwirklichung unserer Ziele im Rahmen klar formulierter und gelebter sozialer, ethischer und \u00f6kologischer Grunds\u00e4tze zu erfolgen hat, deren Einhaltung von der Unternehmensf\u00fchrung regelm\u00e4\u00dfig \u00fcberpr\u00fcft wird.<\/p>\n<\/div><\/div>\n\n\n            \r\n        <section class=\"button-block button-block-id-69ee0c35edd80\">             \r\n            <div class=\"container\">\r\n                <div class=\"button-wrapper\">\r\n                    <div class=\"row\">\r\n                            <div class=\"content\">\r\n                                    <div class=\"wt-bt\">    \r\n                    <a href=\"\/wp-content\/uploads\/2024\/07\/lgi-lieferkettensorgfaltspflichtengesetz-2023.pdf\" target=\"_blank\" rel=\"noopener\">\r\n                                    Lieferkettensorgfaltspflichtengesetz-Bericht 2023   \r\n                    <\/a>\r\n                        <\/div>\r\n                            <\/div>\r\n                    <\/div>\r\n                <\/div>                            \r\n            <\/div>                                  \r\n        <\/section>\n\n            \r\n        <div class=\"spacing-block large spacing-block-id-69ee0c35ede4f\" >                                     \r\n                  <div class=\"large-space\">   \r\n                  <\/div>                      \r\n        <\/div>\n\n   \r\n    \r\n    <section id=\"Contact-person\" class=\"contact-person-block contact-person-block-id-69ee0c35edf29 encoded-email\" data-idcp=\"6134\" data-mail=\"YmFsYXpzX3ZlbnRlckBsZ2kuZGU=\">\r\n    \r\n        \r\n        <div class=\"contact-person-bg-img-wrapper\">\r\n            <img loading=\"lazy\" decoding=\"async\" width=\"1920\" height=\"500\" src=\"\/wp-content\/uploads\/2023\/01\/lgi-building-munich.jpg\" class=\"img-fluid bg-image\" alt=\"Exterior view of a modern office and administrative building with glass facade, entrance area, and paved forecourt\" srcset=\"\/wp-content\/uploads\/2023\/01\/lgi-building-munich.jpg 1920w, \/wp-content\/uploads\/2023\/01\/lgi-building-munich-300x78.jpg 300w, \/wp-content\/uploads\/2023\/01\/lgi-building-munich-1024x267.jpg 1024w, \/wp-content\/uploads\/2023\/01\/lgi-building-munich-768x200.jpg 768w, \/wp-content\/uploads\/2023\/01\/lgi-building-munich-1536x400.jpg 1536w\" sizes=\"auto, (max-width: 1920px) 100vw, 1920px\" \/>\r\n        <\/div>\r\n        \r\n        <div class=\"container contact-person-content-wrapper\">\r\n            <div class=\"row\">\r\n                <div class=\"col-12 col-lg-6 contact-person-text-wrapper contact-text-align\">\r\n                    <span class=\"wt-bh\">Ihr Kontakt zu LGI<\/span>\r\n                    <span class=\"wt-hl wt-big-string\">Kontaktieren Sie uns <span class='wt-font-color-white'>gerne!<\/span><\/span>\r\n                <\/div>\r\n                <div class=\"col-12 col-lg-6 order-first order-lg-last contact-person-img-wrapper\">\r\n                    <div>\r\n                        <div class=\"contact-person-wrapper contact-person\">\r\n                            <div class=\"d-flex align-items-stretch\">\r\n                                <div class=\"image-section\">\r\n                                    <img loading=\"lazy\" decoding=\"async\" width=\"540\" height=\"500\" src=\"\/wp-content\/uploads\/2023\/02\/lgi-contact-person-balazs-venter.png\" class=\"img-fluid\" alt=\"LGI Contact person: Venter Balazs\" srcset=\"\/wp-content\/uploads\/2023\/02\/lgi-contact-person-balazs-venter.png 540w, \/wp-content\/uploads\/2023\/02\/lgi-contact-person-balazs-venter-300x278.png 300w\" sizes=\"auto, (max-width: 540px) 100vw, 540px\" \/>\r\n                                <\/div>\r\n                                <div class=\"pe-3 pe-sm-0 ps-3 ps-xl-3 d-flex flex-column justify-content-end content-section\">\r\n                                    <p class=\"wt-sl\">Ihr Kontakt<\/p>\r\n                                \r\n                                    <p class=\"text-sec wt-text-sec\">\r\n                                        <span>Data Protection and Legal &#038; Compliance<\/span><br>\r\n                                         Balazs Venter<br>\r\n                                        <a class=\"wt-k-click-tel\" href=\"tel:+4970312009662\">+49 7031 2009662<\/a><br>\r\n                                        <a class=\"wt-k-click-mail\" href=\"&#109;&#97;&#105;&#108;&#116;&#111;&#58;%62%61%6c%61%7a%73%5f%76%65%6e%74%65%72@%6c%67%69.%64%65\">&#x62;&#x61;&#x6c;&#x61;&#x7a;&#x73;&#x5f;&#x76;&#x65;&#x6e;&#x74;&#x65;&#x72;&#x40;&#x6c;&#x67;&#x69;&#x2e;&#x64;&#x65;<\/a>\r\n                                    <\/p>\r\n                                    <div class=\"button-wrapper\">\r\n                                        <div class=\"wt-bt d-none d-sm-block\" data-bs-toggle=\"modal\" data-bs-target=\"#contactModal\">Kontakt aufnehmen<\/div>\r\n                                        <div class=\"d-none d-sm-block \"> <\/div>\r\n                                    <\/div>    \r\n                                <\/div>\r\n                            <\/div>                            \r\n                            <div class=\"button-wrapper\">\r\n                                <div class=\"mt-md-3 pt-3 pb-3 ps-3 pe-3 pt-md-3 d-sm-none\">\r\n                                    <div class=\"wt-bt\" data-bs-toggle=\"modal\" data-bs-target=\"#contactModal\">Kontakt aufnehmen<\/div>\r\n                                    \r\n                                <\/div>\r\n                            <\/div> \r\n                        <\/div>                        \r\n                    <\/div>                    \r\n                <\/div>\r\n            <\/div>\r\n        <\/div>\r\n        \r\n    <\/section>","protected":false},"excerpt":{"rendered":"<p>Mit dem am 01.01.203 in Kraft getretenen Lieferkettensorgfaltspflichtengesetz (LkSG) sollen Menschenrechte in globalen Lieferketten umgesetzt und die Umwelt besser vor Zerst\u00f6rung gesch\u00fctzt werden. Das Gesetz wurde angesto\u00dfen, da freiwillige Selbstverpflichtungen von Unternehmen in der Vergangenheit die menschenrechtlichen und umweltbezogenen Probleme in Lieferketten nicht ausreichend bek\u00e4mpft haben. Wir glauben, dass man den Erfolg eines Unternehmens nicht [&hellip;]<\/p>\n","protected":false},"author":1,"featured_media":0,"parent":2085,"menu_order":0,"comment_status":"closed","ping_status":"closed","template":"","meta":{"footnotes":""},"class_list":["post-23549","page","type-page","status-publish","hentry"],"yoast_head":"<!-- This site is optimized with the Yoast SEO plugin v27.3 - https:\/\/yoast.com\/product\/yoast-seo-wordpress\/ -->\n<title>Berichtspflichten | LGI Group<\/title>\n<meta name=\"description\" content=\"Lesen Sie unser Lieferkettensorgfaltspflichtengesetz Bericht von 2023 und erfahren Sie mehr \u00fcber unser Risikomanagement und -analyse.\" \/>\n<meta name=\"robots\" content=\"index, follow, max-snippet:-1, max-image-preview:large, max-video-preview:-1\" \/>\n<link rel=\"canonical\" href=\"https:\/\/lgigroup.com\/de-de\/wp-json\/wp\/v2\/pages\/23549\" \/>\n<meta property=\"og:locale\" content=\"de_DE\" \/>\n<meta property=\"og:type\" content=\"article\" \/>\n<meta property=\"og:title\" content=\"Berichtspflichten | LGI Group\" \/>\n<meta property=\"og:description\" content=\"Lesen Sie unser Lieferkettensorgfaltspflichtengesetz Bericht von 2023 und erfahren Sie mehr \u00fcber unser Risikomanagement und -analyse.\" \/>\n<meta property=\"og:url\" content=\"https:\/\/lgigroup.com\/de-de\/richtlinien-dokumente\/berichtspflichten\/\" \/>\n<meta property=\"og:site_name\" content=\"LGI Group\" \/>\n<meta property=\"article:modified_time\" content=\"2025-12-13T10:20:21+00:00\" \/>\n<meta name=\"twitter:card\" content=\"summary_large_image\" \/>\n<meta name=\"twitter:label1\" content=\"Est. reading time\" \/>\n\t<meta name=\"twitter:data1\" content=\"1 minute\" \/>\n<script type=\"application\/ld+json\" class=\"yoast-schema-graph\">{\"@context\":\"https:\\\/\\\/schema.org\",\"@graph\":[{\"@type\":\"WebPage\",\"@id\":\"https:\\\/\\\/lgigroup.com\\\/de-de\\\/richtlinien-dokumente\\\/berichtspflichten\\\/\",\"url\":\"https:\\\/\\\/lgigroup.com\\\/de-de\\\/richtlinien-dokumente\\\/berichtspflichten\\\/\",\"name\":\"Berichtspflichten | LGI Group\",\"isPartOf\":{\"@id\":\"https:\\\/\\\/lgigroup.com\\\/de-de\\\/#website\"},\"datePublished\":\"2024-05-03T07:54:49+00:00\",\"dateModified\":\"2025-12-13T10:20:21+00:00\",\"description\":\"Lesen Sie unser Lieferkettensorgfaltspflichtengesetz Bericht von 2023 und erfahren Sie mehr \u00fcber unser Risikomanagement und -analyse.\",\"breadcrumb\":{\"@id\":\"https:\\\/\\\/lgigroup.com\\\/de-de\\\/richtlinien-dokumente\\\/berichtspflichten\\\/#breadcrumb\"},\"inLanguage\":\"de-de\",\"potentialAction\":[{\"@type\":\"ReadAction\",\"target\":[\"https:\\\/\\\/lgigroup.com\\\/de-de\\\/richtlinien-dokumente\\\/berichtspflichten\\\/\"]}]},{\"@type\":\"BreadcrumbList\",\"@id\":\"https:\\\/\\\/lgigroup.com\\\/de-de\\\/richtlinien-dokumente\\\/berichtspflichten\\\/#breadcrumb\",\"itemListElement\":[{\"@type\":\"ListItem\",\"position\":1,\"name\":\"Startseite\",\"item\":\"https:\\\/\\\/lgigroup.com\\\/de-de\\\/\"},{\"@type\":\"ListItem\",\"position\":2,\"name\":\"Richtlinien &#038; Dokumente\",\"item\":\"https:\\\/\\\/lgigroup.com\\\/de-de\\\/richtlinien-dokumente\\\/\"},{\"@type\":\"ListItem\",\"position\":3,\"name\":\"Berichtspflichten\"}]},{\"@type\":\"WebSite\",\"@id\":\"https:\\\/\\\/lgigroup.com\\\/de-de\\\/#website\",\"url\":\"https:\\\/\\\/lgigroup.com\\\/de-de\\\/\",\"name\":\"LGI Group\",\"description\":\"\",\"publisher\":{\"@id\":\"https:\\\/\\\/lgigroup.com\\\/de-de\\\/#organization\"},\"potentialAction\":[{\"@type\":\"SearchAction\",\"target\":{\"@type\":\"EntryPoint\",\"urlTemplate\":\"https:\\\/\\\/lgigroup.com\\\/de-de\\\/?s={search_term_string}\"},\"query-input\":{\"@type\":\"PropertyValueSpecification\",\"valueRequired\":true,\"valueName\":\"search_term_string\"}}],\"inLanguage\":\"de-de\"},{\"@type\":\"Organization\",\"@id\":\"https:\\\/\\\/lgigroup.com\\\/de-de\\\/#organization\",\"name\":\"LGI GmbH\",\"url\":\"https:\\\/\\\/lgigroup.com\\\/de-de\\\/\",\"logo\":{\"@type\":\"ImageObject\",\"inLanguage\":\"de-de\",\"@id\":\"https:\\\/\\\/lgigroup.com\\\/de-de\\\/#\\\/schema\\\/logo\\\/image\\\/\",\"url\":\"https:\\\/\\\/lgigroup.com\\\/wp-content\\\/uploads\\\/2023\\\/01\\\/lgi-logo.png\",\"contentUrl\":\"https:\\\/\\\/lgigroup.com\\\/wp-content\\\/uploads\\\/2023\\\/01\\\/lgi-logo.png\",\"width\":420,\"height\":200,\"caption\":\"LGI GmbH\"},\"image\":{\"@id\":\"https:\\\/\\\/lgigroup.com\\\/de-de\\\/#\\\/schema\\\/logo\\\/image\\\/\"}}]}<\/script>\n<!-- \/ Yoast SEO plugin. -->","yoast_head_json":{"title":"Berichtspflichten | LGI Group","description":"Lesen Sie unser Lieferkettensorgfaltspflichtengesetz Bericht von 2023 und erfahren Sie mehr \u00fcber unser Risikomanagement und -analyse.","robots":{"index":"index","follow":"follow","max-snippet":"max-snippet:-1","max-image-preview":"max-image-preview:large","max-video-preview":"max-video-preview:-1"},"canonical":"https:\/\/lgigroup.com\/de-de\/wp-json\/wp\/v2\/pages\/23549","og_locale":"de_DE","og_type":"article","og_title":"Berichtspflichten | LGI Group","og_description":"Lesen Sie unser Lieferkettensorgfaltspflichtengesetz Bericht von 2023 und erfahren Sie mehr \u00fcber unser Risikomanagement und -analyse.","og_url":"https:\/\/lgigroup.com\/de-de\/richtlinien-dokumente\/berichtspflichten\/","og_site_name":"LGI Group","article_modified_time":"2025-12-13T10:20:21+00:00","twitter_card":"summary_large_image","twitter_misc":{"Est. reading time":"1 minute"},"schema":{"@context":"https:\/\/schema.org","@graph":[{"@type":"WebPage","@id":"https:\/\/lgigroup.com\/de-de\/richtlinien-dokumente\/berichtspflichten\/","url":"https:\/\/lgigroup.com\/de-de\/richtlinien-dokumente\/berichtspflichten\/","name":"Berichtspflichten | LGI Group","isPartOf":{"@id":"https:\/\/lgigroup.com\/de-de\/#website"},"datePublished":"2024-05-03T07:54:49+00:00","dateModified":"2025-12-13T10:20:21+00:00","description":"Lesen Sie unser Lieferkettensorgfaltspflichtengesetz Bericht von 2023 und erfahren Sie mehr \u00fcber unser Risikomanagement und -analyse.","breadcrumb":{"@id":"https:\/\/lgigroup.com\/de-de\/richtlinien-dokumente\/berichtspflichten\/#breadcrumb"},"inLanguage":"de-de","potentialAction":[{"@type":"ReadAction","target":["https:\/\/lgigroup.com\/de-de\/richtlinien-dokumente\/berichtspflichten\/"]}]},{"@type":"BreadcrumbList","@id":"https:\/\/lgigroup.com\/de-de\/richtlinien-dokumente\/berichtspflichten\/#breadcrumb","itemListElement":[{"@type":"ListItem","position":1,"name":"Startseite","item":"https:\/\/lgigroup.com\/de-de\/"},{"@type":"ListItem","position":2,"name":"Richtlinien &#038; Dokumente","item":"https:\/\/lgigroup.com\/de-de\/richtlinien-dokumente\/"},{"@type":"ListItem","position":3,"name":"Berichtspflichten"}]},{"@type":"WebSite","@id":"https:\/\/lgigroup.com\/de-de\/#website","url":"https:\/\/lgigroup.com\/de-de\/","name":"LGI Group","description":"","publisher":{"@id":"https:\/\/lgigroup.com\/de-de\/#organization"},"potentialAction":[{"@type":"SearchAction","target":{"@type":"EntryPoint","urlTemplate":"https:\/\/lgigroup.com\/de-de\/?s={search_term_string}"},"query-input":{"@type":"PropertyValueSpecification","valueRequired":true,"valueName":"search_term_string"}}],"inLanguage":"de-de"},{"@type":"Organization","@id":"https:\/\/lgigroup.com\/de-de\/#organization","name":"LGI GmbH","url":"https:\/\/lgigroup.com\/de-de\/","logo":{"@type":"ImageObject","inLanguage":"de-de","@id":"https:\/\/lgigroup.com\/de-de\/#\/schema\/logo\/image\/","url":"https:\/\/lgigroup.com\/wp-content\/uploads\/2023\/01\/lgi-logo.png","contentUrl":"https:\/\/lgigroup.com\/wp-content\/uploads\/2023\/01\/lgi-logo.png","width":420,"height":200,"caption":"LGI GmbH"},"image":{"@id":"https:\/\/lgigroup.com\/de-de\/#\/schema\/logo\/image\/"}}]}},"_links":{"self":[{"href":"https:\/\/lgigroup.com\/de-de\/wp-json\/wp\/v2\/pages\/23549","targetHints":{"allow":["GET"]}}],"collection":[{"href":"https:\/\/lgigroup.com\/de-de\/wp-json\/wp\/v2\/pages"}],"about":[{"href":"https:\/\/lgigroup.com\/de-de\/wp-json\/wp\/v2\/types\/page"}],"author":[{"embeddable":true,"href":"https:\/\/lgigroup.com\/de-de\/wp-json\/wp\/v2\/users\/1"}],"replies":[{"embeddable":true,"href":"https:\/\/lgigroup.com\/de-de\/wp-json\/wp\/v2\/comments?post=23549"}],"version-history":[{"count":9,"href":"https:\/\/lgigroup.com\/de-de\/wp-json\/wp\/v2\/pages\/23549\/revisions"}],"predecessor-version":[{"id":29595,"href":"https:\/\/lgigroup.com\/de-de\/wp-json\/wp\/v2\/pages\/23549\/revisions\/29595"}],"up":[{"embeddable":true,"href":"https:\/\/lgigroup.com\/de-de\/wp-json\/wp\/v2\/pages\/2085"}],"wp:attachment":[{"href":"https:\/\/lgigroup.com\/de-de\/wp-json\/wp\/v2\/media?parent=23549"}],"curies":[{"name":"wp","href":"https:\/\/api.w.org\/{rel}","templated":true}]}}