{"id":2604,"date":"2023-01-16T16:42:49","date_gmt":"2023-01-16T15:42:49","guid":{"rendered":"https:\/\/lgigroup.com\/?page_id=2604"},"modified":"2026-02-23T14:26:27","modified_gmt":"2026-02-23T13:26:27","slug":"allgemeine-geschaeftsbedingungen","status":"publish","type":"page","link":"https:\/\/lgigroup.com\/de-de\/richtlinien-dokumente\/allgemeine-geschaeftsbedingungen\/","title":{"rendered":"Allgemeine Gesch\u00e4tsbedingungen"},"content":{"rendered":"\r\n\t\t<section class=\"titelbild-section titelbild-block-id-69d8dc3ba8dda titelbild-block-layout-\">\r\n            <div class=\"col-12 col-lg-12\">\r\n                <div class=\"full-bild\"> <img loading=\"lazy\" decoding=\"async\" width=\"1920\" height=\"700\" src=\"\/wp-content\/uploads\/2023\/06\/person-at-filling-cabinet-general-terms-lgi.jpg\" class=\"img-fluid\" alt=\"Person am Aktenschrank | LGI AGBs\" srcset=\"\/wp-content\/uploads\/2023\/06\/person-at-filling-cabinet-general-terms-lgi.jpg 1920w, \/wp-content\/uploads\/2023\/06\/person-at-filling-cabinet-general-terms-lgi-300x109.jpg 300w, \/wp-content\/uploads\/2023\/06\/person-at-filling-cabinet-general-terms-lgi-1024x373.jpg 1024w, \/wp-content\/uploads\/2023\/06\/person-at-filling-cabinet-general-terms-lgi-768x280.jpg 768w, \/wp-content\/uploads\/2023\/06\/person-at-filling-cabinet-general-terms-lgi-1536x560.jpg 1536w\" sizes=\"auto, (max-width: 1920px) 100vw, 1920px\" \/><\/div>\r\n                <div class=\"bild-title container\">\r\n                    <div class=\"row\">\r\n                                <div class=\"col\">\r\n                                    <p class=\"headline wt-h1\">LGI AGB<\/p>\r\n                                <\/div>                                        \r\n                            <\/div> \r\n                <\/div>\r\n            <\/div>\r\n        <\/section>\r\n\t\n\n            \r\n        <div class=\"spacing-block large spacing-block-id-69d8dc3ba9251\" >                                     \r\n                  <div class=\"large-space\">   \r\n                  <\/div>                      \r\n        <\/div>\n\n\r\n                <div class=\"headline-block \">\r\n                    \r\n                        <div class=\"container\">                            \r\n                            <div class=\"row\">\r\n                        <div class=\"col\">\r\n                            <h1 class=\"wt-subheadline wt-sl sub-headline-align\">Unsere Allgemeinen Gesch\u00e4ftsbedingungen<\/h1>\r\n                        <\/div>\r\n                    <\/div>\r\n                            \r\n                            <div class=\"row\">\r\n                                <div class=\"col\">\r\n                                    <h2 class=\"wt-h1 wt-font-color-dark-grey\">Die Rahmenbedingungen f\u00fcr Logistik, Transport und Zoll<\/h2>\r\n                                <\/div>                                        \r\n                            <\/div>                                                                                                    \r\n                        <\/div>                                \r\n                <\/div>\r\n            \n\n            \r\n        <div class=\"spacing-block extrasmall spacing-block-id-69d8dc3ba93e9\" >                                     \r\n                  <div class=\"extra-small-space\">   \r\n                  <\/div>                      \r\n        <\/div>\n\n   \r\n    \r\n    <div class=\"grey-line-block grey-line-block-id-69d8dc3ba94b8\">\r\n        \r\n        <div class=\"container\">\r\n            <div class=\"row\">\r\n                <div class=\"col test\">\r\n                    <div class=\"grey-line-block-line\"><\/div>\r\n                <\/div>                \r\n            <\/div>\r\n        <\/div>\r\n        \r\n    <\/div>\n\n            \r\n        <div class=\"spacing-block small spacing-block-id-69d8dc3ba957a\" >                                     \r\n                  <div class=\"small-space\">   \r\n                  <\/div>                      \r\n        <\/div>\n\n\n<div class=\"wp-block-group container\"><div class=\"wp-block-group__inner-container is-layout-constrained wp-block-group-is-layout-constrained\">\n<p>Hier f\u00fcr Sie zum Download unsere Allgemeinen Gesch\u00e4ftsbedingungen f\u00fcr Einkauf, Logistik, Transport und Zoll sowie weitere Dokumente wie unseren Verhaltenskodex und die LGI Hausordnung.<\/p>\n\n\n\n<ul class=\"wp-block-list\">\n<li><a href=\"\/wp-content\/uploads\/2023\/01\/adsp-lgi-2017.pdf\" target=\"_blank\" rel=\"noreferrer noopener\">ADSp 2017<\/a><\/li>\n\n\n\n<li><a href=\"\/wp-content\/uploads\/2023\/01\/agb-logistik-lgi.pdf\" target=\"_blank\" rel=\"noreferrer noopener\">Logistik-AGB 2019<\/a><\/li>\n\n\n\n<li><a href=\"\/wp-content\/uploads\/2023\/09\/2309-lgi-group-agb-einkauf.pdf\" target=\"_blank\" rel=\"noreferrer noopener\">AGB Einkauf<\/a><\/li>\n\n\n\n<li><a href=\"\/wp-content\/uploads\/2024\/09\/240826-lgi-agb-transsped-de.pdf\" target=\"_blank\" rel=\"noreferrer noopener\">AGB TransSped<\/a><\/li>\n\n\n\n<li><a href=\"\/wp-content\/uploads\/2025\/10\/251015-lgi-agb-logserv-de.pdf\" target=\"_blank\" rel=\"noreferrer noopener\">AGB LogServ<\/a><\/li>\n\n\n\n<li><a href=\"\/wp-content\/uploads\/2024\/09\/lgi-agb-transportleistungen-2024.pdf\" target=\"_blank\" rel=\"noreferrer noopener\">AGB Transportleistungen<\/a><\/li>\n\n\n\n<li><a href=\"\/wp-content\/uploads\/2023\/01\/formular-freigabe-subunternehmer-lgi.pdf\" target=\"_blank\" rel=\"noreferrer noopener\">Formular Freigabe Subunternehmer<\/a><\/li>\n\n\n\n<li><a href=\"\/wp-content\/uploads\/2026\/02\/20250411Zoll-AGB-2025-DE.pdf\" target=\"_blank\" rel=\"noreferrer noopener\">AGB Zoll<\/a><\/li>\n\n\n\n<li><a href=\"\/wp-content\/uploads\/2023\/01\/mindestlohngesetz-lgi-auftragnehmer.pdf\" target=\"_blank\" rel=\"noreferrer noopener\">Mindestlohngesetz Bestimmungen f\u00fcr LGI Auftragnehmer<\/a><\/li>\n\n\n\n<li><a href=\"\/wp-content\/uploads\/2023\/01\/verhaltenskodex-lieferanten-lgi.pdf\" target=\"_blank\" rel=\"noreferrer noopener\">Verhaltenskodex f\u00fcr Lieferanten<\/a><\/li>\n\n\n\n<li><a href=\"\/wp-content\/uploads\/2023\/01\/lgi-hausordnung.pdf\" target=\"_blank\" rel=\"noreferrer noopener\">LGI Hausordnung&nbsp;<\/a><\/li>\n<\/ul>\n<\/div><\/div>\n\n\n            \r\n        <div class=\"spacing-block large spacing-block-id-69d8dc3baab54\" >                                     \r\n                  <div class=\"large-space\">   \r\n                  <\/div>                      \r\n        <\/div>","protected":false},"excerpt":{"rendered":"<p>Hier f\u00fcr Sie zum Download unsere Allgemeinen Gesch\u00e4ftsbedingungen f\u00fcr Einkauf, Logistik, Transport und Zoll sowie weitere Dokumente wie unseren Verhaltenskodex und die LGI Hausordnung.<\/p>\n","protected":false},"author":1,"featured_media":0,"parent":2085,"menu_order":0,"comment_status":"closed","ping_status":"closed","template":"","meta":{"footnotes":""},"class_list":["post-2604","page","type-page","status-publish","hentry"],"yoast_head":"<!-- This site is optimized with the Yoast SEO plugin v27.3 - https:\/\/yoast.com\/product\/yoast-seo-wordpress\/ -->\n<title>Unsere Allgemeine-Gesch\u00e4fts-Bedingungen | LGI<\/title>\n<meta name=\"description\" content=\"Hier finden Sie unsere allgemeinen Gesch\u00e4ftsbedingungen - die Rahmenbedingungen f\u00fcr Logistik, Transport und Zoll. \u27a4 Jetzt informieren.\" \/>\n<meta name=\"robots\" content=\"index, follow, max-snippet:-1, max-image-preview:large, max-video-preview:-1\" \/>\n<link rel=\"canonical\" href=\"https:\/\/lgigroup.com\/de-de\/wp-json\/wp\/v2\/pages\/2604\" \/>\n<meta property=\"og:locale\" content=\"de_DE\" \/>\n<meta property=\"og:type\" content=\"article\" \/>\n<meta property=\"og:title\" content=\"Unsere Allgemeine-Gesch\u00e4fts-Bedingungen | LGI\" \/>\n<meta property=\"og:description\" content=\"Hier finden Sie unsere allgemeinen Gesch\u00e4ftsbedingungen - die Rahmenbedingungen f\u00fcr Logistik, Transport und Zoll. \u27a4 Jetzt informieren.\" \/>\n<meta property=\"og:url\" content=\"https:\/\/lgigroup.com\/de-de\/richtlinien-dokumente\/allgemeine-geschaeftsbedingungen\/\" \/>\n<meta property=\"og:site_name\" content=\"LGI Group\" \/>\n<meta property=\"article:modified_time\" content=\"2026-02-23T13:26:27+00:00\" \/>\n<meta name=\"twitter:card\" content=\"summary_large_image\" \/>\n<meta name=\"twitter:label1\" content=\"Est. reading time\" \/>\n\t<meta name=\"twitter:data1\" content=\"1 minute\" \/>\n<script type=\"application\/ld+json\" class=\"yoast-schema-graph\">{\"@context\":\"https:\\\/\\\/schema.org\",\"@graph\":[{\"@type\":\"WebPage\",\"@id\":\"https:\\\/\\\/lgigroup.com\\\/de-de\\\/richtlinien-dokumente\\\/allgemeine-geschaeftsbedingungen\\\/\",\"url\":\"https:\\\/\\\/lgigroup.com\\\/de-de\\\/richtlinien-dokumente\\\/allgemeine-geschaeftsbedingungen\\\/\",\"name\":\"Unsere Allgemeine-Gesch\u00e4fts-Bedingungen | LGI\",\"isPartOf\":{\"@id\":\"https:\\\/\\\/lgigroup.com\\\/de-de\\\/#website\"},\"datePublished\":\"2023-01-16T15:42:49+00:00\",\"dateModified\":\"2026-02-23T13:26:27+00:00\",\"description\":\"Hier finden Sie unsere allgemeinen Gesch\u00e4ftsbedingungen - die Rahmenbedingungen f\u00fcr Logistik, Transport und Zoll. \u27a4 Jetzt informieren.\",\"breadcrumb\":{\"@id\":\"https:\\\/\\\/lgigroup.com\\\/de-de\\\/richtlinien-dokumente\\\/allgemeine-geschaeftsbedingungen\\\/#breadcrumb\"},\"inLanguage\":\"de-de\",\"potentialAction\":[{\"@type\":\"ReadAction\",\"target\":[\"https:\\\/\\\/lgigroup.com\\\/de-de\\\/richtlinien-dokumente\\\/allgemeine-geschaeftsbedingungen\\\/\"]}]},{\"@type\":\"BreadcrumbList\",\"@id\":\"https:\\\/\\\/lgigroup.com\\\/de-de\\\/richtlinien-dokumente\\\/allgemeine-geschaeftsbedingungen\\\/#breadcrumb\",\"itemListElement\":[{\"@type\":\"ListItem\",\"position\":1,\"name\":\"Startseite\",\"item\":\"https:\\\/\\\/lgigroup.com\\\/de-de\\\/\"},{\"@type\":\"ListItem\",\"position\":2,\"name\":\"Richtlinien &#038; Dokumente\",\"item\":\"https:\\\/\\\/lgigroup.com\\\/de-de\\\/richtlinien-dokumente\\\/\"},{\"@type\":\"ListItem\",\"position\":3,\"name\":\"Allgemeine Gesch\u00e4tsbedingungen\"}]},{\"@type\":\"WebSite\",\"@id\":\"https:\\\/\\\/lgigroup.com\\\/de-de\\\/#website\",\"url\":\"https:\\\/\\\/lgigroup.com\\\/de-de\\\/\",\"name\":\"LGI Group\",\"description\":\"\",\"publisher\":{\"@id\":\"https:\\\/\\\/lgigroup.com\\\/de-de\\\/#organization\"},\"potentialAction\":[{\"@type\":\"SearchAction\",\"target\":{\"@type\":\"EntryPoint\",\"urlTemplate\":\"https:\\\/\\\/lgigroup.com\\\/de-de\\\/?s={search_term_string}\"},\"query-input\":{\"@type\":\"PropertyValueSpecification\",\"valueRequired\":true,\"valueName\":\"search_term_string\"}}],\"inLanguage\":\"de-de\"},{\"@type\":\"Organization\",\"@id\":\"https:\\\/\\\/lgigroup.com\\\/de-de\\\/#organization\",\"name\":\"LGI GmbH\",\"url\":\"https:\\\/\\\/lgigroup.com\\\/de-de\\\/\",\"logo\":{\"@type\":\"ImageObject\",\"inLanguage\":\"de-de\",\"@id\":\"https:\\\/\\\/lgigroup.com\\\/de-de\\\/#\\\/schema\\\/logo\\\/image\\\/\",\"url\":\"https:\\\/\\\/lgigroup.com\\\/wp-content\\\/uploads\\\/2023\\\/01\\\/lgi-logo.png\",\"contentUrl\":\"https:\\\/\\\/lgigroup.com\\\/wp-content\\\/uploads\\\/2023\\\/01\\\/lgi-logo.png\",\"width\":420,\"height\":200,\"caption\":\"LGI GmbH\"},\"image\":{\"@id\":\"https:\\\/\\\/lgigroup.com\\\/de-de\\\/#\\\/schema\\\/logo\\\/image\\\/\"}}]}<\/script>\n<!-- \/ Yoast SEO plugin. -->","yoast_head_json":{"title":"Unsere Allgemeine-Gesch\u00e4fts-Bedingungen | LGI","description":"Hier finden Sie unsere allgemeinen Gesch\u00e4ftsbedingungen - die Rahmenbedingungen f\u00fcr Logistik, Transport und Zoll. \u27a4 Jetzt informieren.","robots":{"index":"index","follow":"follow","max-snippet":"max-snippet:-1","max-image-preview":"max-image-preview:large","max-video-preview":"max-video-preview:-1"},"canonical":"https:\/\/lgigroup.com\/de-de\/wp-json\/wp\/v2\/pages\/2604","og_locale":"de_DE","og_type":"article","og_title":"Unsere Allgemeine-Gesch\u00e4fts-Bedingungen | LGI","og_description":"Hier finden Sie unsere allgemeinen Gesch\u00e4ftsbedingungen - die Rahmenbedingungen f\u00fcr Logistik, Transport und Zoll. \u27a4 Jetzt informieren.","og_url":"https:\/\/lgigroup.com\/de-de\/richtlinien-dokumente\/allgemeine-geschaeftsbedingungen\/","og_site_name":"LGI Group","article_modified_time":"2026-02-23T13:26:27+00:00","twitter_card":"summary_large_image","twitter_misc":{"Est. reading time":"1 minute"},"schema":{"@context":"https:\/\/schema.org","@graph":[{"@type":"WebPage","@id":"https:\/\/lgigroup.com\/de-de\/richtlinien-dokumente\/allgemeine-geschaeftsbedingungen\/","url":"https:\/\/lgigroup.com\/de-de\/richtlinien-dokumente\/allgemeine-geschaeftsbedingungen\/","name":"Unsere Allgemeine-Gesch\u00e4fts-Bedingungen | LGI","isPartOf":{"@id":"https:\/\/lgigroup.com\/de-de\/#website"},"datePublished":"2023-01-16T15:42:49+00:00","dateModified":"2026-02-23T13:26:27+00:00","description":"Hier finden Sie unsere allgemeinen Gesch\u00e4ftsbedingungen - die Rahmenbedingungen f\u00fcr Logistik, Transport und Zoll. \u27a4 Jetzt informieren.","breadcrumb":{"@id":"https:\/\/lgigroup.com\/de-de\/richtlinien-dokumente\/allgemeine-geschaeftsbedingungen\/#breadcrumb"},"inLanguage":"de-de","potentialAction":[{"@type":"ReadAction","target":["https:\/\/lgigroup.com\/de-de\/richtlinien-dokumente\/allgemeine-geschaeftsbedingungen\/"]}]},{"@type":"BreadcrumbList","@id":"https:\/\/lgigroup.com\/de-de\/richtlinien-dokumente\/allgemeine-geschaeftsbedingungen\/#breadcrumb","itemListElement":[{"@type":"ListItem","position":1,"name":"Startseite","item":"https:\/\/lgigroup.com\/de-de\/"},{"@type":"ListItem","position":2,"name":"Richtlinien &#038; Dokumente","item":"https:\/\/lgigroup.com\/de-de\/richtlinien-dokumente\/"},{"@type":"ListItem","position":3,"name":"Allgemeine Gesch\u00e4tsbedingungen"}]},{"@type":"WebSite","@id":"https:\/\/lgigroup.com\/de-de\/#website","url":"https:\/\/lgigroup.com\/de-de\/","name":"LGI Group","description":"","publisher":{"@id":"https:\/\/lgigroup.com\/de-de\/#organization"},"potentialAction":[{"@type":"SearchAction","target":{"@type":"EntryPoint","urlTemplate":"https:\/\/lgigroup.com\/de-de\/?s={search_term_string}"},"query-input":{"@type":"PropertyValueSpecification","valueRequired":true,"valueName":"search_term_string"}}],"inLanguage":"de-de"},{"@type":"Organization","@id":"https:\/\/lgigroup.com\/de-de\/#organization","name":"LGI GmbH","url":"https:\/\/lgigroup.com\/de-de\/","logo":{"@type":"ImageObject","inLanguage":"de-de","@id":"https:\/\/lgigroup.com\/de-de\/#\/schema\/logo\/image\/","url":"https:\/\/lgigroup.com\/wp-content\/uploads\/2023\/01\/lgi-logo.png","contentUrl":"https:\/\/lgigroup.com\/wp-content\/uploads\/2023\/01\/lgi-logo.png","width":420,"height":200,"caption":"LGI GmbH"},"image":{"@id":"https:\/\/lgigroup.com\/de-de\/#\/schema\/logo\/image\/"}}]}},"_links":{"self":[{"href":"https:\/\/lgigroup.com\/de-de\/wp-json\/wp\/v2\/pages\/2604","targetHints":{"allow":["GET"]}}],"collection":[{"href":"https:\/\/lgigroup.com\/de-de\/wp-json\/wp\/v2\/pages"}],"about":[{"href":"https:\/\/lgigroup.com\/de-de\/wp-json\/wp\/v2\/types\/page"}],"author":[{"embeddable":true,"href":"https:\/\/lgigroup.com\/de-de\/wp-json\/wp\/v2\/users\/1"}],"replies":[{"embeddable":true,"href":"https:\/\/lgigroup.com\/de-de\/wp-json\/wp\/v2\/comments?post=2604"}],"version-history":[{"count":25,"href":"https:\/\/lgigroup.com\/de-de\/wp-json\/wp\/v2\/pages\/2604\/revisions"}],"predecessor-version":[{"id":30104,"href":"https:\/\/lgigroup.com\/de-de\/wp-json\/wp\/v2\/pages\/2604\/revisions\/30104"}],"up":[{"embeddable":true,"href":"https:\/\/lgigroup.com\/de-de\/wp-json\/wp\/v2\/pages\/2085"}],"wp:attachment":[{"href":"https:\/\/lgigroup.com\/de-de\/wp-json\/wp\/v2\/media?parent=2604"}],"curies":[{"name":"wp","href":"https:\/\/api.w.org\/{rel}","templated":true}]}}