{"id":27346,"date":"2025-06-26T13:37:46","date_gmt":"2025-06-26T11:37:46","guid":{"rendered":"https:\/\/lgigroup.com\/?page_id=27346"},"modified":"2025-12-13T10:53:23","modified_gmt":"2025-12-13T09:53:23","slug":"erklaerung-zur-barrierefreiheit","status":"publish","type":"page","link":"https:\/\/lgigroup.com\/de-de\/erklaerung-zur-barrierefreiheit\/","title":{"rendered":"Erkl\u00e4rung zur Barrierefreiheit"},"content":{"rendered":"\r\n\t\t<section class=\"titelbild-section titelbild-block-id-69de1e8f83b82 titelbild-block-layout-\">\r\n            <div class=\"col-12 col-lg-12\">\r\n                <div class=\"full-bild\"> <img loading=\"lazy\" decoding=\"async\" width=\"1920\" height=\"700\" src=\"\/wp-content\/uploads\/2023\/02\/documents-on-a-desk-lgi.jpg\" class=\"img-fluid\" alt=\"Documents on a desk | LGI\" srcset=\"\/wp-content\/uploads\/2023\/02\/documents-on-a-desk-lgi.jpg 1920w, \/wp-content\/uploads\/2023\/02\/documents-on-a-desk-lgi-300x109.jpg 300w, \/wp-content\/uploads\/2023\/02\/documents-on-a-desk-lgi-1024x373.jpg 1024w, \/wp-content\/uploads\/2023\/02\/documents-on-a-desk-lgi-768x280.jpg 768w, \/wp-content\/uploads\/2023\/02\/documents-on-a-desk-lgi-1536x560.jpg 1536w\" sizes=\"auto, (max-width: 1920px) 100vw, 1920px\" \/><\/div>\r\n                <div class=\"bild-title container\">\r\n                    <div class=\"row\">\r\n                                <div class=\"col\">\r\n                                    <p class=\"headline wt-h1\"><\/p>\r\n                                <\/div>                                        \r\n                            <\/div> \r\n                <\/div>\r\n            <\/div>\r\n        <\/section>\r\n\t\n\n            \r\n        <div class=\"spacing-block large spacing-block-id-69de1e8f8420c\" >                                     \r\n                  <div class=\"large-space\">   \r\n                  <\/div>                      \r\n        <\/div>\n\n\r\n                <div class=\"headline-block \">\r\n                    \r\n                        <div class=\"container\">                            \r\n                            \r\n                            \r\n                            <div class=\"row\">\r\n                                <div class=\"col\">\r\n                                    <h1 class=\"wt-h1 wt-font-color-dark-grey\">Erkl\u00e4rung zur Barrierefreiheit<\/h1>\r\n                                <\/div>                                        \r\n                            <\/div>                                                                                                    \r\n                        <\/div>                                \r\n                <\/div>\r\n            \n\n            \r\n        <div class=\"spacing-block extrasmall spacing-block-id-69de1e8f843a7\" >                                     \r\n                  <div class=\"extra-small-space\">   \r\n                  <\/div>                      \r\n        <\/div>\n\n   \r\n    \r\n    <div class=\"grey-line-block grey-line-block-id-69de1e8f8446d\">\r\n        \r\n        <div class=\"container\">\r\n            <div class=\"row\">\r\n                <div class=\"col test\">\r\n                    <div class=\"grey-line-block-line\"><\/div>\r\n                <\/div>                \r\n            <\/div>\r\n        <\/div>\r\n        \r\n    <\/div>\n\n            \r\n        <div class=\"spacing-block small spacing-block-id-69de1e8f8452f\" >                                     \r\n                  <div class=\"small-space\">   \r\n                  <\/div>                      \r\n        <\/div>\n\n\n<div class=\"wp-block-group container\"><div class=\"wp-block-group__inner-container is-layout-constrained wp-block-group-is-layout-constrained\">\n<p>LGI Logistics Group International GmbH<br>Konrad-Zuse-Stra\u00dfe 10<br>71034 B\u00f6blingen<br>Deutschland<br><br>Telefon: <a href=\"tel:%2b%34%39%37%30%33%31%32%30%30%39%30\">+49 7031 2009 0<\/a><br>E-Mail: <a href=\"mailto:%69%6e%66%6f@%6c%67%69.%64%65\">info@lgi.de<\/a><\/p>\n\n\n\n<p>Die LGI Logistics Group International GmbH ist bem\u00fcht, ihre Website im Einklang mit dem Barrierefreiheitsst\u00e4rkungsgesetz (BFSG) barrierefrei zug\u00e4nglich zu machen. Diese Erkl\u00e4rung zur Barrierefreiheit gilt f\u00fcr die Website: <a href=\"\/\">LGI Logistics Group International GmbH<\/a>.<\/p>\n\n\n\n<p><strong>Stand der Vereinbarkeit mit den Anforderungen<\/strong><\/p>\n\n\n\n<p>Diese Website ist teilweise mit den Anforderungen des BFSG vereinbar. Wir arbeiten kontinuierlich daran, bestehende Barrieren zu identifizieren und zu beheben.<\/p>\n\n\n\n<p><strong>Barrieren aufgrund wirtschaftlicher Unzumutbarkeit<\/strong><\/p>\n\n\n\n<p>Einige Barrieren auf unserer Website k\u00f6nnen aus Gr\u00fcnden der wirtschaftlichen Zumutbarkeit nicht kurzfristig behoben werden. Dazu geh\u00f6ren:<\/p>\n\n\n\n<ul class=\"wp-block-list\">\n<li>Komplexe interaktive Anwendungen: Bestimmte interaktive Anwendungen und spezielle Funktionen auf unserer Website erfordern erhebliche finanzielle und personelle Ressourcen, um sie vollst\u00e4ndig barrierefrei zu gestalten. Wir pr\u00fcfen kontinuierlich M\u00f6glichkeiten zur Verbesserung, k\u00f6nnen jedoch aufgrund der hohen Kosten nicht alle Barrieren sofort beseitigen.<\/li>\n\n\n\n<li>Historische Inhalte: \u00c4ltere Inhalte, die vor dem Inkrafttreten der aktuellen Barrierefreiheitsrichtlinien erstellt wurden, sind m\u00f6glicherweise nicht vollst\u00e4ndig barrierefrei. Eine nachtr\u00e4gliche Anpassung dieser Inhalte w\u00fcrde unverh\u00e4ltnism\u00e4\u00dfig hohe Aufwendungen erfordern. Neue Inhalte werden jedoch nach den aktuellen Standards erstellt.<\/li>\n<\/ul>\n\n\n\n<p><strong>Barrieren melden, Feedback und Kontaktangaben<\/strong><\/p>\n\n\n\n<p>Bitte teilen Sie uns mit, auf welcher Seite und bei welcher Funktion Sie auf Barrieren gesto\u00dfen sind. Kopieren Sie hierf\u00fcr einfach den Link aus der Adresszeile Ihres Browsers. Sie k\u00f6nnen uns \u00fcber folgende Wege Barrieren melden:<\/p>\n\n\n\n<ul class=\"wp-block-list\">\n<li>E-Mail: <a href=\"mailto:%63%6f%72%70%6f%72%61%74%65%5f%63%6f%6d%6d%75%6e%69%63%61%74%69%6f%6e%73@%6c%67%69.%64%65\" target=\"_blank\" rel=\"noreferrer noopener\">corporate_communications@lgi.de<\/a><\/li>\n\n\n\n<li>Telefon: <a href=\"tel:%2b%34%39%37%30%33%31%32%30%30%39%30\">+49 7031 2009 0<\/a><\/li>\n\n\n\n<li>Postanschrift: LGI Logistics Group International GmbH, Konrad-Zuse-Stra\u00dfe 10, 71034 B\u00f6blingen<\/li>\n<\/ul>\n\n\n\n<p>Oder direkt per Kontaktformular:<\/p>\n<\/div><\/div>\n\n\n    \r\n   <section class=\"contact-form-block contact-form-block-id-69de1e8f85db2 mb-5\">\r\n    <div class=\"container lgi-form-container\">\r\n        <form id=\"lgi-form-69de1e8f85db2\" class=\"row g-3 needs-validation contactForm\" novalidate>\r\n            <div class=\"col-12 col-lg-4\">\r\n                    \r\n                    <div class=\"input-wrapper input-wrapper-first\">\r\n                        <label for=\"cf_first_name\" class=\"form-label visually-hidden\">Vorname<\/label>\r\n                        <input type=\"text\" id=\"cf_first_name\" name=\"cf_first_name\" class=\"form-control shadow-none\" placeholder=\"Vorname*\" aria-required=\"true\" aria-label=\"Vorname\" required >\r\n                             <div class=\"invalid-feedback\">\r\n                             Das ist ein Pflichtfeld.\r\n                            <\/div>\r\n                        <\/div>\r\n                    \r\n                    <div class=\"input-wrapper input-wrapper-first\">\r\n                         <label for=\"cf_last_name\" class=\"form-label visually-hidden\">Nachname<\/label>\r\n                         <input type=\"text\" id=\"cf_last_name\" name=\"cf_last_name\" class=\"form-control shadow-none\" placeholder=\"Nachname*\" aria-label=\"Nachname\" aria-required=\"true\" required >\r\n                         <div class=\"invalid-feedback\">\r\n                              Das ist ein Pflichtfeld.\r\n                        <\/div>\r\n                    <\/div>\r\n\r\n                    <div class=\"input-wrapper\">\r\n                         <label for=\"cf_corp\" class=\"form-label visually-hidden\">Unternehmen<\/label>\r\n                        <input type=\"text\" id=\"cf_corp\" name=\"cf_corp\" class=\"form-control shadow-none\" placeholder=\"Unternehmen*\" aria-label=\"Unternehmen\" aria-required=\"true\" required >\r\n                        <div class=\"invalid-feedback\">\r\n                             Das ist ein Pflichtfeld.\r\n                         <\/div>\r\n                    <\/div>\r\n\r\n                    <div class=\"input-wrapper\">\r\n                        <label for=\"cf_mail\" class=\"form-label visually-hidden\">Ihre E-Mail-Adresse<\/label>\r\n                        <input type=\"email\" id=\"cf_mail\" name=\"cf_mail\" class=\"form-control shadow-none\" placeholder=\"Ihre E-Mail-Adresse*\" aria-label=\"Ihre E-Mail-Adresse\" aria-required=\"true\" required >\r\n                         <div class=\"invalid-feedback\">\r\n                         Das ist ein Pflichtfeld.\r\n                        <\/div>\r\n                    <\/div>\r\n                    \r\n                    <select name=\"cf_reciever\" id=\"inputState\" class=\"form-select shadow-none\" required>\r\n                        <option value=\"\" disabled selected>Empf\u00e4nger (Unternehmensbereich)*<\/option>\r\n                        <option value=\"0\">Sendungen<\/option>\r\n                        <option value=\"1\">R\u00fccknahme HP-Ger\u00e4te<\/option>\r\n                        <option value=\"2\">Mobility Logistik<\/option>\r\n                        <option value=\"3\">Elektronik Logistik<\/option>\r\n                        <option value=\"4\">Textil Logistik<\/option>\r\n                        <option value=\"4\">Beauty Logistik<\/option>\r\n                        <option value=\"4\">Lifestyle Logistik<\/option>\r\n                        <option value=\"5\">Healthcare Logistik<\/option>                      \r\n                        <option value=\"7\">Industrie Logistik<\/option>                      \r\n                        <option value=\"6\">Immobilien &#038; Einkauf<\/option>                      \r\n                        <option value=\"8\">Personal<\/option>                      \r\n                        <option value=\"9\">Presse &#038; Marketing<\/option>                      \r\n                        <option value=\"10\">Rechnungswesen<\/option>                      \r\n                        <option value=\"11\">Transporte<\/option>                      \r\n                        <option value=\"12\">Zoll &#038; Au\u00dfenhandel<\/option>                                          \r\n                        <option value=\"13\">Sonstige Anfragen<\/option>                      \r\n                    <\/select>\r\n                    <div class=\"invalid-feedback\">\r\n                        Das ist ein Pflichtfeld.\r\n                    <\/div>\r\n                <\/div>\r\n                <div class=\"col-12 col-lg-8 ps-3 text-right-area\">\r\n                    \r\n                    <div class=\"input-wrapper\">\r\n                        <label for=\"cf_message\" class=\"form-label visually-hidden\">Ihre Nachricht (max. 500 Zeichen)<\/label>\r\n                        <textarea id=\"cf_message\" name=\"cf_message\" class=\"form-control shadow-none\" placeholder=\"Ihre Nachricht (max. 500 Zeichen)*\" rows=\"3\" maxlength=\"500\" aria-label=\"Ihre Nachricht (max. 500 Zeichen)\" aria-required=\"true\" required><\/textarea>\r\n                        <div class=\"invalid-feedback\">\r\n                          Das ist ein Pflichtfeld.\r\n                        <\/div>\r\n                    <\/div>\r\n                    \r\n                    <div class=\"send-wrapper\">\r\n                            <div class=\"form-check mt-4\">\r\n                                 <input class=\"form-check-input wt-newsletter-checkbox-contact shadow-none\" type=\"checkbox\" name=\"cf_receive_newsletter\" id=\"gridCheck-2\">\r\n                                 <label class=\"form-check-label wt-t\" for=\"gridCheck-2\">Hiermit stimmen Sie den Erhalt von Newsletter zu. Sie k\u00f6nnen den Newsletter jederzeit wieder abbestellen, indem Sie eine E-Mail an <a class=\"wt-k-click-mail\" href=\"&#109;&#97;&#105;&#108;&#116;&#111;&#58;%77%69%64%65%72%72%75%66-%6c%67%69@%6c%67%69.%64%65\">&#x77;&#x69;&#x64;&#x65;&#x72;&#x72;&#x75;&#x66;&#x2d;&#x6c;&#x67;&#x69;&#x40;&#x6c;&#x67;&#x69;&#x2e;&#x64;&#x65;<\/a> senden.<\/label>\r\n                        <\/div>\r\n                        <div class=\"form-check mt-2\">\r\n                            <input class=\"form-check-input shadow-none\" type=\"checkbox\" name=\"cf_use_data\" id=\"gridCheck\" required>\r\n                            <label class=\"form-check-label wt-t\" for=\"gridCheck\">\r\n                            Wir nutzen Ihre Daten, die Sie mit diesem Formular \u00fcbermitteln k\u00f6nnen, ausschlie\u00dflich zur Bearbeitung Ihres Anliegens.\r\n                            Weitere Informationen zur Verwendung Ihrer Daten erhalten Sie auf unserer Datenschutz Seite.\r\n                            Diese Seite ist durch reCAPTCHA gesch\u00fctzt und es gelten die <a href='https:\/\/policies.google.com\/privacy' target='_blank' rel='nofollow'>Datenschutz-<\/a> und <a href='https:\/\/policies.google.com\/terms' target='_blank' rel='nofollow'>Nutzungsbedingungen<\/a> von Google.\r\n                            <\/label>\r\n                        <\/div>\r\n                    \r\n                    <button type=\"submit\" class=\"wt-bt mt-4 ms-4\">Formular senden<\/button>                        \r\n                    \r\n                <\/div>\r\n                \r\n            <\/div>\r\n            \r\n            <input type=\"hidden\" name=\"g-recaptcha-response\" value=\"\">\r\n            <input type=\"hidden\" name=\"formType\" value=\"contactForm\">\r\n                            \r\n        <\/form>\r\n\r\n        <div id=\"lgi-state-69de1e8f85db2\" class=\"lgi-submission-state\" style=\"display: none;\">\r\n            \r\n            <div class=\"lgi-loader-wrapper\">\r\n                <span class=\"lgi-loader\"><\/span>\r\n            <\/div>\r\n            \r\n            <div class=\"lgi-form-success\" style=\"display: none;\">\r\n                <h2 class=\"success-heading\">Success!<\/h2>\r\n                <p class=\"m-message m-success\">Ihre Nachricht wurde versendet. Wir werden uns baldm\u00f6glichst bei Ihnen melden.<\/p>\r\n            <\/div>\r\n\r\n            <div class=\"lgi-form-error\" style=\"display: none;\">\r\n                <p class=\"m-message m-error\">Ihre Nachricht konnte nicht gesendet werden. Bitte kontaktieren Sie uns direkt.<\/p>\r\n            <\/div>\r\n\r\n        <\/div>\r\n\r\n    <\/div>        \r\n<\/section>\n\n            \r\n        <div class=\"spacing-block small spacing-block-id-69de1e8f85f29\" >                                     \r\n                  <div class=\"small-space\">   \r\n                  <\/div>                      \r\n        <\/div>\n\n\n<div class=\"wp-block-group container\"><div class=\"wp-block-group__inner-container is-layout-constrained wp-block-group-is-layout-constrained\">\n<p><strong>Durchsetzungsstelle<\/strong><\/p>\n\n\n\n<p>Sollten Sie auf Mitteilungen oder Anfragen zur Barrierefreiheit keine zufriedenstellenden Antworten erhalten, k\u00f6nnen Sie sich an die Durchsetzungsstelle wenden. Die Durchsetzungsstelle unterst\u00fctzt Sie dabei, Ihre Rechte geltend zu machen.<\/p>\n\n\n\n<p>Adresse der Durchsetzungsstelle:<\/p>\n\n\n\n<ul class=\"wp-block-list\">\n<li><strong>Schlichtungsstelle nach \u00a7 34 BFSG\u00a0<\/strong>(Schlichtungsstelle nach dem Behindertengleichstellungsgesetz bei dem Beauftragten der Bundesregierung f\u00fcr die Belange von Menschen mit Behinderungen)<\/li>\n\n\n\n<li>Mauerstra\u00dfe 53, 10117 Berlin<\/li>\n\n\n\n<li>Telefon: <a href=\"tel:%2b%34%39%33%30%31%38%35%32%37%32%38%30%35\">+49 (0)30 18 527 2805<\/a><\/li>\n\n\n\n<li>E-Mail: <a href=\"mailto:%69%6e%66%6f@%73%63%68%6c%69%63%68%74%75%6e%67%73%73%74%65%6c%6c%65-%62%67%67.%64%65\" target=\"_blank\" rel=\"noreferrer noopener\">info@schlichtungsstelle-bgg.de<\/a><\/li>\n<\/ul>\n\n\n\n<p><strong>Markt\u00fcberwachungsbeh\u00f6rde<\/strong><\/p>\n\n\n\n<p>Die Kontaktdaten der zust\u00e4ndigen Markt\u00fcberwachungsbeh\u00f6rde lauten:<\/p>\n\n\n\n<ul class=\"wp-block-list\">\n<li><strong>Markt\u00fcberwachungsstelle der L\u00e4nder f\u00fcr die Barrierefreiheit von Produkten und Dienstleistungen (MLBF)<\/strong> (in Errichtung)<br>c\/o Ministerium f\u00fcr Arbeit, Soziales, Gesundheit und Gleichstellung Sachsen-Anhalt<\/li>\n\n\n\n<li>Postfach 39 11 55, 39135 Magdeburg<\/li>\n\n\n\n<li>Telefon: <a href=\"tel:%2b%34%39%33%39%31%35%36%37%36%39%37%30\">+49 (0)391 567 6970<\/a><\/li>\n\n\n\n<li>E-Mail: <a href=\"mailto:%4d%4c%42%46@%6d%73.%73%61%63%68%73%65%6e-%61%6e%68%61%6c%74.%64%65\" target=\"_blank\" rel=\"noreferrer noopener\">MLBF@ms.sachsen-\u200banhalt.de<\/a><\/li>\n<\/ul>\n\n\n\n<p><strong>Datum der Erstellung dieser Erkl\u00e4rung zur Barrierefreiheit<\/strong><\/p>\n\n\n\n<p>Diese Erkl\u00e4rung wurde am 28. Mai 2025 erstellt. Die \u00dcberpr\u00fcfung der Einhaltung der Anforderungen beruht auf einem Pr\u00fcfbericht zur digitalen Barrierefreiheit, die von der LGI Logistics Group International GmbH durchgef\u00fchrt wurde.<\/p>\n\n\n\n<p>Diese Erkl\u00e4rung zur Barrierefreiheit wurde mit gr\u00f6\u00dfter Sorgfalt erstellt und wird regelm\u00e4\u00dfig aktualisiert, um die aktuellen Anforderungen und Standards zu erf\u00fcllen. Dennoch k\u00f6nnen Fehler nicht v\u00f6llig ausgeschlossen werden. Falls Sie Fehler in dieser Erkl\u00e4rung finden, bitten wir um eine kurze R\u00fcckmeldung \u00fcber die Barrieren Melden Funktionalit\u00e4t, wie sie in diesem Dokument aufgef\u00fchrt sind.<\/p>\n\n\n\n<p>Letztes Update dieses Dokuments erfolgte am 10.09.2025.<\/p>\n<\/div><\/div>\n\n\n            \r\n        <div class=\"spacing-block large spacing-block-id-69de1e8f86917\" >                                     \r\n                  <div class=\"large-space\">   \r\n                  <\/div>                      \r\n        <\/div>","protected":false},"excerpt":{"rendered":"<p>LGI Logistics Group International GmbHKonrad-Zuse-Stra\u00dfe 1071034 B\u00f6blingenDeutschland Telefon: +49 7031 2009 0E-Mail: info@lgi.de Die LGI Logistics Group International GmbH ist bem\u00fcht, ihre Website im Einklang mit dem Barrierefreiheitsst\u00e4rkungsgesetz (BFSG) barrierefrei zug\u00e4nglich zu machen. Diese Erkl\u00e4rung zur Barrierefreiheit gilt f\u00fcr die Website: LGI Logistics Group International GmbH. Stand der Vereinbarkeit mit den Anforderungen Diese Website ist [&hellip;]<\/p>\n","protected":false},"author":1,"featured_media":0,"parent":0,"menu_order":0,"comment_status":"closed","ping_status":"closed","template":"","meta":{"footnotes":""},"class_list":["post-27346","page","type-page","status-publish","hentry"],"yoast_head":"<!-- This site is optimized with the Yoast SEO plugin v27.3 - https:\/\/yoast.com\/product\/yoast-seo-wordpress\/ -->\n<title>Erkl\u00e4rung zur Barrierefreiheit | LGI Group<\/title>\n<meta name=\"description\" content=\"Erfahre mehr \u00fcber die Barrieren auf unserer Webseite. Falls du eine Barriere melden oder Feedback hast, kannst du uns gerne kontaktieren.\" \/>\n<meta name=\"robots\" content=\"index, follow, max-snippet:-1, max-image-preview:large, max-video-preview:-1\" \/>\n<link rel=\"canonical\" href=\"https:\/\/lgigroup.com\/de-de\/wp-json\/wp\/v2\/pages\/27346\" \/>\n<meta property=\"og:locale\" content=\"de_DE\" \/>\n<meta property=\"og:type\" content=\"article\" \/>\n<meta property=\"og:title\" content=\"Erkl\u00e4rung zur Barrierefreiheit | LGI Group\" \/>\n<meta property=\"og:description\" content=\"Erfahre mehr \u00fcber die Barrieren auf unserer Webseite. Falls du eine Barriere melden oder Feedback hast, kannst du uns gerne kontaktieren.\" \/>\n<meta property=\"og:url\" content=\"https:\/\/lgigroup.com\/de-de\/erklaerung-zur-barrierefreiheit\/\" \/>\n<meta property=\"og:site_name\" content=\"LGI Group\" \/>\n<meta property=\"article:modified_time\" content=\"2025-12-13T09:53:23+00:00\" \/>\n<meta name=\"twitter:card\" content=\"summary_large_image\" \/>\n<meta name=\"twitter:label1\" content=\"Est. reading time\" \/>\n\t<meta name=\"twitter:data1\" content=\"2 minutes\" \/>\n<script type=\"application\/ld+json\" class=\"yoast-schema-graph\">{\"@context\":\"https:\\\/\\\/schema.org\",\"@graph\":[{\"@type\":\"WebPage\",\"@id\":\"https:\\\/\\\/lgigroup.com\\\/de-de\\\/erklaerung-zur-barrierefreiheit\\\/\",\"url\":\"https:\\\/\\\/lgigroup.com\\\/de-de\\\/erklaerung-zur-barrierefreiheit\\\/\",\"name\":\"Erkl\u00e4rung zur Barrierefreiheit | LGI Group\",\"isPartOf\":{\"@id\":\"https:\\\/\\\/lgigroup.com\\\/de-de\\\/#website\"},\"datePublished\":\"2025-06-26T11:37:46+00:00\",\"dateModified\":\"2025-12-13T09:53:23+00:00\",\"description\":\"Erfahre mehr \u00fcber die Barrieren auf unserer Webseite. Falls du eine Barriere melden oder Feedback hast, kannst du uns gerne kontaktieren.\",\"breadcrumb\":{\"@id\":\"https:\\\/\\\/lgigroup.com\\\/de-de\\\/erklaerung-zur-barrierefreiheit\\\/#breadcrumb\"},\"inLanguage\":\"de-de\",\"potentialAction\":[{\"@type\":\"ReadAction\",\"target\":[\"https:\\\/\\\/lgigroup.com\\\/de-de\\\/erklaerung-zur-barrierefreiheit\\\/\"]}]},{\"@type\":\"BreadcrumbList\",\"@id\":\"https:\\\/\\\/lgigroup.com\\\/de-de\\\/erklaerung-zur-barrierefreiheit\\\/#breadcrumb\",\"itemListElement\":[{\"@type\":\"ListItem\",\"position\":1,\"name\":\"Startseite\",\"item\":\"https:\\\/\\\/lgigroup.com\\\/de-de\\\/\"},{\"@type\":\"ListItem\",\"position\":2,\"name\":\"Erkl\u00e4rung zur Barrierefreiheit\"}]},{\"@type\":\"WebSite\",\"@id\":\"https:\\\/\\\/lgigroup.com\\\/de-de\\\/#website\",\"url\":\"https:\\\/\\\/lgigroup.com\\\/de-de\\\/\",\"name\":\"LGI Group\",\"description\":\"\",\"publisher\":{\"@id\":\"https:\\\/\\\/lgigroup.com\\\/de-de\\\/#organization\"},\"potentialAction\":[{\"@type\":\"SearchAction\",\"target\":{\"@type\":\"EntryPoint\",\"urlTemplate\":\"https:\\\/\\\/lgigroup.com\\\/de-de\\\/?s={search_term_string}\"},\"query-input\":{\"@type\":\"PropertyValueSpecification\",\"valueRequired\":true,\"valueName\":\"search_term_string\"}}],\"inLanguage\":\"de-de\"},{\"@type\":\"Organization\",\"@id\":\"https:\\\/\\\/lgigroup.com\\\/de-de\\\/#organization\",\"name\":\"LGI GmbH\",\"url\":\"https:\\\/\\\/lgigroup.com\\\/de-de\\\/\",\"logo\":{\"@type\":\"ImageObject\",\"inLanguage\":\"de-de\",\"@id\":\"https:\\\/\\\/lgigroup.com\\\/de-de\\\/#\\\/schema\\\/logo\\\/image\\\/\",\"url\":\"https:\\\/\\\/lgigroup.com\\\/wp-content\\\/uploads\\\/2023\\\/01\\\/lgi-logo.png\",\"contentUrl\":\"https:\\\/\\\/lgigroup.com\\\/wp-content\\\/uploads\\\/2023\\\/01\\\/lgi-logo.png\",\"width\":420,\"height\":200,\"caption\":\"LGI GmbH\"},\"image\":{\"@id\":\"https:\\\/\\\/lgigroup.com\\\/de-de\\\/#\\\/schema\\\/logo\\\/image\\\/\"}}]}<\/script>\n<!-- \/ Yoast SEO plugin. -->","yoast_head_json":{"title":"Erkl\u00e4rung zur Barrierefreiheit | LGI Group","description":"Erfahre mehr \u00fcber die Barrieren auf unserer Webseite. Falls du eine Barriere melden oder Feedback hast, kannst du uns gerne kontaktieren.","robots":{"index":"index","follow":"follow","max-snippet":"max-snippet:-1","max-image-preview":"max-image-preview:large","max-video-preview":"max-video-preview:-1"},"canonical":"https:\/\/lgigroup.com\/de-de\/wp-json\/wp\/v2\/pages\/27346","og_locale":"de_DE","og_type":"article","og_title":"Erkl\u00e4rung zur Barrierefreiheit | LGI Group","og_description":"Erfahre mehr \u00fcber die Barrieren auf unserer Webseite. Falls du eine Barriere melden oder Feedback hast, kannst du uns gerne kontaktieren.","og_url":"https:\/\/lgigroup.com\/de-de\/erklaerung-zur-barrierefreiheit\/","og_site_name":"LGI Group","article_modified_time":"2025-12-13T09:53:23+00:00","twitter_card":"summary_large_image","twitter_misc":{"Est. reading time":"2 minutes"},"schema":{"@context":"https:\/\/schema.org","@graph":[{"@type":"WebPage","@id":"https:\/\/lgigroup.com\/de-de\/erklaerung-zur-barrierefreiheit\/","url":"https:\/\/lgigroup.com\/de-de\/erklaerung-zur-barrierefreiheit\/","name":"Erkl\u00e4rung zur Barrierefreiheit | LGI Group","isPartOf":{"@id":"https:\/\/lgigroup.com\/de-de\/#website"},"datePublished":"2025-06-26T11:37:46+00:00","dateModified":"2025-12-13T09:53:23+00:00","description":"Erfahre mehr \u00fcber die Barrieren auf unserer Webseite. Falls du eine Barriere melden oder Feedback hast, kannst du uns gerne kontaktieren.","breadcrumb":{"@id":"https:\/\/lgigroup.com\/de-de\/erklaerung-zur-barrierefreiheit\/#breadcrumb"},"inLanguage":"de-de","potentialAction":[{"@type":"ReadAction","target":["https:\/\/lgigroup.com\/de-de\/erklaerung-zur-barrierefreiheit\/"]}]},{"@type":"BreadcrumbList","@id":"https:\/\/lgigroup.com\/de-de\/erklaerung-zur-barrierefreiheit\/#breadcrumb","itemListElement":[{"@type":"ListItem","position":1,"name":"Startseite","item":"https:\/\/lgigroup.com\/de-de\/"},{"@type":"ListItem","position":2,"name":"Erkl\u00e4rung zur Barrierefreiheit"}]},{"@type":"WebSite","@id":"https:\/\/lgigroup.com\/de-de\/#website","url":"https:\/\/lgigroup.com\/de-de\/","name":"LGI Group","description":"","publisher":{"@id":"https:\/\/lgigroup.com\/de-de\/#organization"},"potentialAction":[{"@type":"SearchAction","target":{"@type":"EntryPoint","urlTemplate":"https:\/\/lgigroup.com\/de-de\/?s={search_term_string}"},"query-input":{"@type":"PropertyValueSpecification","valueRequired":true,"valueName":"search_term_string"}}],"inLanguage":"de-de"},{"@type":"Organization","@id":"https:\/\/lgigroup.com\/de-de\/#organization","name":"LGI GmbH","url":"https:\/\/lgigroup.com\/de-de\/","logo":{"@type":"ImageObject","inLanguage":"de-de","@id":"https:\/\/lgigroup.com\/de-de\/#\/schema\/logo\/image\/","url":"https:\/\/lgigroup.com\/wp-content\/uploads\/2023\/01\/lgi-logo.png","contentUrl":"https:\/\/lgigroup.com\/wp-content\/uploads\/2023\/01\/lgi-logo.png","width":420,"height":200,"caption":"LGI GmbH"},"image":{"@id":"https:\/\/lgigroup.com\/de-de\/#\/schema\/logo\/image\/"}}]}},"_links":{"self":[{"href":"https:\/\/lgigroup.com\/de-de\/wp-json\/wp\/v2\/pages\/27346","targetHints":{"allow":["GET"]}}],"collection":[{"href":"https:\/\/lgigroup.com\/de-de\/wp-json\/wp\/v2\/pages"}],"about":[{"href":"https:\/\/lgigroup.com\/de-de\/wp-json\/wp\/v2\/types\/page"}],"author":[{"embeddable":true,"href":"https:\/\/lgigroup.com\/de-de\/wp-json\/wp\/v2\/users\/1"}],"replies":[{"embeddable":true,"href":"https:\/\/lgigroup.com\/de-de\/wp-json\/wp\/v2\/comments?post=27346"}],"version-history":[{"count":19,"href":"https:\/\/lgigroup.com\/de-de\/wp-json\/wp\/v2\/pages\/27346\/revisions"}],"predecessor-version":[{"id":28917,"href":"https:\/\/lgigroup.com\/de-de\/wp-json\/wp\/v2\/pages\/27346\/revisions\/28917"}],"wp:attachment":[{"href":"https:\/\/lgigroup.com\/de-de\/wp-json\/wp\/v2\/media?parent=27346"}],"curies":[{"name":"wp","href":"https:\/\/api.w.org\/{rel}","templated":true}]}}