{"id":2982,"date":"2023-01-18T13:20:36","date_gmt":"2023-01-18T12:20:36","guid":{"rendered":"https:\/\/lgigroup.com\/?page_id=2982"},"modified":"2025-12-13T11:11:25","modified_gmt":"2025-12-13T10:11:25","slug":"verhaltenskodex","status":"publish","type":"page","link":"https:\/\/lgigroup.com\/de-de\/richtlinien-dokumente\/verhaltenskodex\/","title":{"rendered":"Verhaltenskodex"},"content":{"rendered":"\r\n\t\t<section class=\"titelbild-section titelbild-block-id-69e36a17937e1 titelbild-block-layout-\">\r\n            <div class=\"col-12 col-lg-12\">\r\n                <div class=\"full-bild\"> <img loading=\"lazy\" decoding=\"async\" width=\"1920\" height=\"700\" src=\"\/wp-content\/uploads\/2023\/06\/person-on-notebook-code-of-conduct-lgi.jpg\" class=\"img-fluid\" alt=\"Person am Laptop | LGI Verhaltenskodex\" srcset=\"\/wp-content\/uploads\/2023\/06\/person-on-notebook-code-of-conduct-lgi.jpg 1920w, \/wp-content\/uploads\/2023\/06\/person-on-notebook-code-of-conduct-lgi-300x109.jpg 300w, \/wp-content\/uploads\/2023\/06\/person-on-notebook-code-of-conduct-lgi-1024x373.jpg 1024w, \/wp-content\/uploads\/2023\/06\/person-on-notebook-code-of-conduct-lgi-768x280.jpg 768w, \/wp-content\/uploads\/2023\/06\/person-on-notebook-code-of-conduct-lgi-1536x560.jpg 1536w\" sizes=\"auto, (max-width: 1920px) 100vw, 1920px\" \/><\/div>\r\n                <div class=\"bild-title container\">\r\n                    <div class=\"row\">\r\n                                <div class=\"col\">\r\n                                    <p class=\"headline wt-h1\">LGI Verhaltenskodex<\/p>\r\n                                <\/div>                                        \r\n                            <\/div> \r\n                <\/div>\r\n            <\/div>\r\n        <\/section>\r\n\t\n\n            \r\n        <div class=\"spacing-block large spacing-block-id-69e36a1793d30\" >                                     \r\n                  <div class=\"large-space\">   \r\n                  <\/div>                      \r\n        <\/div>\n\n\r\n                <div class=\"headline-block \">\r\n                    \r\n                        <div class=\"container\">                            \r\n                            <div class=\"row\">\r\n                        <div class=\"col\">\r\n                            <h1 class=\"wt-subheadline wt-sl sub-headline-align\">Verantwortung und Verhalten<\/h1>\r\n                        <\/div>\r\n                    <\/div>\r\n                            \r\n                            <div class=\"row\">\r\n                                <div class=\"col\">\r\n                                    <h2 class=\"wt-h1 wt-font-color-dark-grey\">Die Leitlinien f\u00fcr unseren Umgang miteinander<\/h2>\r\n                                <\/div>                                        \r\n                            <\/div>                                                                                                    \r\n                        <\/div>                                \r\n                <\/div>\r\n            \n\n            \r\n        <div class=\"spacing-block extrasmall spacing-block-id-69e36a1793ed6\" >                                     \r\n                  <div class=\"extra-small-space\">   \r\n                  <\/div>                      \r\n        <\/div>\n\n   \r\n    \r\n    <div class=\"grey-line-block grey-line-block-id-69e36a1793fa2\">\r\n        \r\n        <div class=\"container\">\r\n            <div class=\"row\">\r\n                <div class=\"col test\">\r\n                    <div class=\"grey-line-block-line\"><\/div>\r\n                <\/div>                \r\n            <\/div>\r\n        <\/div>\r\n        \r\n    <\/div>\n\n            \r\n        <div class=\"spacing-block small spacing-block-id-69e36a1794067\" >                                     \r\n                  <div class=\"small-space\">   \r\n                  <\/div>                      \r\n        <\/div>\n\n\n<div class=\"wp-block-group container\"><div class=\"wp-block-group__inner-container is-layout-constrained wp-block-group-is-layout-constrained\">\n<p>Als Unternehmen hat LGI eine soziale, ethische und \u00f6kologische Verantwortung. Diese Verantwortung dr\u00fcckt sich auch im Umgang mit anderen aus und bildet die Leitlinie f\u00fcr das Verhalten aller unserer Mitarbeiterinnen und Mitarbeiter. Hier k\u00f6nnen Sie nachlesen, welchen Werten und Handlungsweisen wir uns verpflichten.<\/p>\n\n\n\n<ul class=\"wp-block-list\">\n<li><a href=\"\/wp-content\/uploads\/2023\/01\/2020-lgi-grundsatzerklaerung.pdf\" target=\"_blank\" rel=\"noreferrer noopener\">Grundsatzerkl\u00e4rung deutsch<\/a><\/li>\n\n\n\n<li>Verhaltenskodex deutsch (<a href=\"\/wp-content\/uploads\/2024\/03\/2023-code-of-conduct-de.pdf\" target=\"_blank\" rel=\"noreferrer noopener\">Vollversion<\/a>) \/ (<a href=\"\/wp-content\/uploads\/2023\/01\/2020-lgi-code-of-conduct-short-version-de.pdf\" target=\"_blank\" rel=\"noreferrer noopener\">Kurzversion<\/a>)<\/li>\n\n\n\n<li>Code of Conduct English (<a href=\"\/wp-content\/uploads\/2024\/03\/2023-code-of-conduct.pdf\" target=\"_blank\" rel=\"noreferrer noopener\">full version<\/a>) \/ (<a href=\"\/wp-content\/uploads\/2023\/01\/2020-lgi-code-of-conduct-short-version-en.pdf\" target=\"_blank\" rel=\"noreferrer noopener\">short version<\/a>)<\/li>\n\n\n\n<li>Kodeks post\u0119powania polski (<a href=\"\/wp-content\/uploads\/2024\/03\/2023-code-of-conduct-pl.pdf\" target=\"_blank\" rel=\"noreferrer noopener\">wersja pe\u0142na<\/a>) \/ (<a href=\"\/wp-content\/uploads\/2023\/01\/2020-lgi-code-of-conduct-short-version-pl.pdf\" target=\"_blank\" rel=\"noreferrer noopener\">wersja skr\u00f3cona<\/a>)<\/li>\n\n\n\n<li>\u041a\u043e\u0434\u0435\u043a\u0441 \u043f\u043e\u0432\u0435\u0434\u0435\u043d\u0438\u044f \u043d\u0430 \u0440\u0443\u0441\u0441\u043a\u043e\u043c \u044f\u0437\u044b\u043a\u0435 (<a href=\"\/wp-content\/uploads\/2024\/03\/2023-code-of-conduct-ru.pdf\" target=\"_blank\" rel=\"noreferrer noopener\">\u043f\u043e\u043b\u043d\u0430\u044f \u0432\u0435\u0440\u0441\u0438\u044f<\/a>) \/ (<a href=\"\/wp-content\/uploads\/2023\/01\/2020-lgi-code-of-conduct-short-version-ru.pdf\" target=\"_blank\" rel=\"noreferrer noopener\">\u043a\u0440\u0430\u0442\u043a\u0430\u044f \u0432\u0435\u0440\u0441\u0438\u044f<\/a>)<\/li>\n\n\n\n<li>Kodex chov\u00e1n\u00ed \u010ce\u0161tina (<a href=\"\/wp-content\/uploads\/2024\/03\/2023-code-of-conduct-cz.pdf\" target=\"_blank\" rel=\"noreferrer noopener\">pln\u00e1 verze<\/a>) \/ (<a href=\"\/wp-content\/uploads\/2023\/01\/2020-lgi-code-of-conduct-short-version-cz.pdf\" target=\"_blank\" rel=\"noreferrer noopener\">zkr\u00e1cen\u00e1 verze<\/a>)<\/li>\n\n\n\n<li>Davran\u0131\u015f Kurallar\u0131 T\u00fcrk\u00e7e (<a href=\"\/wp-content\/uploads\/2024\/03\/2023-code-of-conduct-tr.pdf\" target=\"_blank\" rel=\"noreferrer noopener\">tam s\u00fcr\u00fcm<\/a>) \/ (<a href=\"\/wp-content\/uploads\/2023\/01\/2020-lgi-code-of-conduct-short-version-tr.pdf\" target=\"_blank\" rel=\"noreferrer noopener\">k\u0131sa s\u00fcr\u00fcm<\/a>)<\/li>\n\n\n\n<li>Magatart\u00e1si k\u00f3dex magyar (<a href=\"\/wp-content\/uploads\/2024\/03\/2023-code-of-conduct-hu.pdf\" target=\"_blank\" rel=\"noreferrer noopener\">teljes v\u00e1ltozat<\/a>) \/ (<a href=\"\/wp-content\/uploads\/2023\/01\/2020-lgi-code-of-conduct-short-version-hu.pdf\" target=\"_blank\" rel=\"noreferrer noopener\">r\u00f6vid v\u00e1ltozat<\/a>)<\/li>\n<\/ul>\n<\/div><\/div>\n\n\n            \r\n        <div class=\"spacing-block large spacing-block-id-69e36a17955b3\" >                                     \r\n                  <div class=\"large-space\">   \r\n                  <\/div>                      \r\n        <\/div>\n\n   \r\n    \r\n    <section id=\"Contact-person\" class=\"contact-person-block contact-person-block-id-69e36a1795683 encoded-email\" data-idcp=\"6134\" data-mail=\"YmFsYXpzX3ZlbnRlckBsZ2kuZGU=\">\r\n    \r\n        \r\n        <div class=\"contact-person-bg-img-wrapper\">\r\n            <img loading=\"lazy\" decoding=\"async\" width=\"1920\" height=\"500\" src=\"\/wp-content\/uploads\/2023\/01\/lgi-building-munich.jpg\" class=\"img-fluid bg-image\" alt=\"Exterior view of a modern office and administrative building with glass facade, entrance area, and paved forecourt\" srcset=\"\/wp-content\/uploads\/2023\/01\/lgi-building-munich.jpg 1920w, \/wp-content\/uploads\/2023\/01\/lgi-building-munich-300x78.jpg 300w, \/wp-content\/uploads\/2023\/01\/lgi-building-munich-1024x267.jpg 1024w, \/wp-content\/uploads\/2023\/01\/lgi-building-munich-768x200.jpg 768w, \/wp-content\/uploads\/2023\/01\/lgi-building-munich-1536x400.jpg 1536w\" sizes=\"auto, (max-width: 1920px) 100vw, 1920px\" \/>\r\n        <\/div>\r\n        \r\n        <div class=\"container contact-person-content-wrapper\">\r\n            <div class=\"row\">\r\n                <div class=\"col-12 col-lg-6 contact-person-text-wrapper contact-text-align\">\r\n                    <span class=\"wt-bh\">Ihr Kontakt zu LGI<\/span>\r\n                    <span class=\"wt-hl wt-big-string\">Kontaktieren Sie uns <span class='wt-font-color-white'>gerne!<\/span><\/span>\r\n                <\/div>\r\n                <div class=\"col-12 col-lg-6 order-first order-lg-last contact-person-img-wrapper\">\r\n                    <div>\r\n                        <div class=\"contact-person-wrapper contact-person\">\r\n                            <div class=\"d-flex align-items-stretch\">\r\n                                <div class=\"image-section\">\r\n                                    <img loading=\"lazy\" decoding=\"async\" width=\"540\" height=\"500\" src=\"\/wp-content\/uploads\/2023\/02\/lgi-contact-person-balazs-venter.png\" class=\"img-fluid\" alt=\"LGI Contact person: Venter Balazs\" srcset=\"\/wp-content\/uploads\/2023\/02\/lgi-contact-person-balazs-venter.png 540w, \/wp-content\/uploads\/2023\/02\/lgi-contact-person-balazs-venter-300x278.png 300w\" sizes=\"auto, (max-width: 540px) 100vw, 540px\" \/>\r\n                                <\/div>\r\n                                <div class=\"pe-3 pe-sm-0 ps-3 ps-xl-3 d-flex flex-column justify-content-end content-section\">\r\n                                    <p class=\"wt-sl\">Ihr Kontakt<\/p>\r\n                                \r\n                                    <p class=\"text-sec wt-text-sec\">\r\n                                        <span>Data Protection and Legal &#038; Compliance<\/span><br>\r\n                                         Balazs Venter<br>\r\n                                        <a class=\"wt-k-click-tel\" href=\"tel:+4970312009662\">+49 7031 2009662<\/a><br>\r\n                                        <a class=\"wt-k-click-mail\" href=\"&#109;&#97;&#105;&#108;&#116;&#111;&#58;%62%61%6c%61%7a%73%5f%76%65%6e%74%65%72@%6c%67%69.%64%65\">&#x62;&#x61;&#x6c;&#x61;&#x7a;&#x73;&#x5f;&#x76;&#x65;&#x6e;&#x74;&#x65;&#x72;&#x40;&#x6c;&#x67;&#x69;&#x2e;&#x64;&#x65;<\/a>\r\n                                    <\/p>\r\n                                    <div class=\"button-wrapper\">\r\n                                        <div class=\"wt-bt d-none d-sm-block\" data-bs-toggle=\"modal\" data-bs-target=\"#contactModal\">Kontakt aufnehmen<\/div>\r\n                                        <div class=\"d-none d-sm-block \"> <\/div>\r\n                                    <\/div>    \r\n                                <\/div>\r\n                            <\/div>                            \r\n                            <div class=\"button-wrapper\">\r\n                                <div class=\"mt-md-3 pt-3 pb-3 ps-3 pe-3 pt-md-3 d-sm-none\">\r\n                                    <div class=\"wt-bt\" data-bs-toggle=\"modal\" data-bs-target=\"#contactModal\">Kontakt aufnehmen<\/div>\r\n                                    \r\n                                <\/div>\r\n                            <\/div> \r\n                        <\/div>                        \r\n                    <\/div>                    \r\n                <\/div>\r\n            <\/div>\r\n        <\/div>\r\n        \r\n    <\/section>","protected":false},"excerpt":{"rendered":"<p>Als Unternehmen hat LGI eine soziale, ethische und \u00f6kologische Verantwortung. Diese Verantwortung dr\u00fcckt sich auch im Umgang mit anderen aus und bildet die Leitlinie f\u00fcr das Verhalten aller unserer Mitarbeiterinnen und Mitarbeiter. Hier k\u00f6nnen Sie nachlesen, welchen Werten und Handlungsweisen wir uns verpflichten.<\/p>\n","protected":false},"author":1,"featured_media":0,"parent":2085,"menu_order":0,"comment_status":"closed","ping_status":"closed","template":"","meta":{"footnotes":""},"class_list":["post-2982","page","type-page","status-publish","hentry"],"yoast_head":"<!-- This site is optimized with the Yoast SEO plugin v27.3 - https:\/\/yoast.com\/product\/yoast-seo-wordpress\/ -->\n<title>Unser Verhaltenskodex &amp; Leitlinie | LGI<\/title>\n<meta name=\"description\" content=\"Als Unternehmen haben wir eine Verantwortung f\u00fcr soziale, ethische und \u00f6kologische Belange. Finden Sie unseren Verhaltenskodex.\" \/>\n<meta name=\"robots\" content=\"index, follow, max-snippet:-1, max-image-preview:large, max-video-preview:-1\" \/>\n<link rel=\"canonical\" href=\"https:\/\/lgigroup.com\/de-de\/wp-json\/wp\/v2\/pages\/2982\" \/>\n<meta property=\"og:locale\" content=\"de_DE\" \/>\n<meta property=\"og:type\" content=\"article\" \/>\n<meta property=\"og:title\" content=\"Unser Verhaltenskodex &amp; Leitlinie | LGI\" \/>\n<meta property=\"og:description\" content=\"Als Unternehmen haben wir eine Verantwortung f\u00fcr soziale, ethische und \u00f6kologische Belange. Finden Sie unseren Verhaltenskodex.\" \/>\n<meta property=\"og:url\" content=\"https:\/\/lgigroup.com\/de-de\/richtlinien-dokumente\/verhaltenskodex\/\" \/>\n<meta property=\"og:site_name\" content=\"LGI Group\" \/>\n<meta property=\"article:modified_time\" content=\"2025-12-13T10:11:25+00:00\" \/>\n<meta name=\"twitter:card\" content=\"summary_large_image\" \/>\n<meta name=\"twitter:label1\" content=\"Est. reading time\" \/>\n\t<meta name=\"twitter:data1\" content=\"1 minute\" \/>\n<script type=\"application\/ld+json\" class=\"yoast-schema-graph\">{\"@context\":\"https:\\\/\\\/schema.org\",\"@graph\":[{\"@type\":\"WebPage\",\"@id\":\"https:\\\/\\\/lgigroup.com\\\/de-de\\\/richtlinien-dokumente\\\/verhaltenskodex\\\/\",\"url\":\"https:\\\/\\\/lgigroup.com\\\/de-de\\\/richtlinien-dokumente\\\/verhaltenskodex\\\/\",\"name\":\"Unser Verhaltenskodex & Leitlinie | LGI\",\"isPartOf\":{\"@id\":\"https:\\\/\\\/lgigroup.com\\\/de-de\\\/#website\"},\"datePublished\":\"2023-01-18T12:20:36+00:00\",\"dateModified\":\"2025-12-13T10:11:25+00:00\",\"description\":\"Als Unternehmen haben wir eine Verantwortung f\u00fcr soziale, ethische und \u00f6kologische Belange. Finden Sie unseren Verhaltenskodex.\",\"breadcrumb\":{\"@id\":\"https:\\\/\\\/lgigroup.com\\\/de-de\\\/richtlinien-dokumente\\\/verhaltenskodex\\\/#breadcrumb\"},\"inLanguage\":\"de-de\",\"potentialAction\":[{\"@type\":\"ReadAction\",\"target\":[\"https:\\\/\\\/lgigroup.com\\\/de-de\\\/richtlinien-dokumente\\\/verhaltenskodex\\\/\"]}]},{\"@type\":\"BreadcrumbList\",\"@id\":\"https:\\\/\\\/lgigroup.com\\\/de-de\\\/richtlinien-dokumente\\\/verhaltenskodex\\\/#breadcrumb\",\"itemListElement\":[{\"@type\":\"ListItem\",\"position\":1,\"name\":\"Startseite\",\"item\":\"https:\\\/\\\/lgigroup.com\\\/de-de\\\/\"},{\"@type\":\"ListItem\",\"position\":2,\"name\":\"Richtlinien &#038; Dokumente\",\"item\":\"https:\\\/\\\/lgigroup.com\\\/de-de\\\/richtlinien-dokumente\\\/\"},{\"@type\":\"ListItem\",\"position\":3,\"name\":\"Verhaltenskodex\"}]},{\"@type\":\"WebSite\",\"@id\":\"https:\\\/\\\/lgigroup.com\\\/de-de\\\/#website\",\"url\":\"https:\\\/\\\/lgigroup.com\\\/de-de\\\/\",\"name\":\"LGI Group\",\"description\":\"\",\"publisher\":{\"@id\":\"https:\\\/\\\/lgigroup.com\\\/de-de\\\/#organization\"},\"potentialAction\":[{\"@type\":\"SearchAction\",\"target\":{\"@type\":\"EntryPoint\",\"urlTemplate\":\"https:\\\/\\\/lgigroup.com\\\/de-de\\\/?s={search_term_string}\"},\"query-input\":{\"@type\":\"PropertyValueSpecification\",\"valueRequired\":true,\"valueName\":\"search_term_string\"}}],\"inLanguage\":\"de-de\"},{\"@type\":\"Organization\",\"@id\":\"https:\\\/\\\/lgigroup.com\\\/de-de\\\/#organization\",\"name\":\"LGI GmbH\",\"url\":\"https:\\\/\\\/lgigroup.com\\\/de-de\\\/\",\"logo\":{\"@type\":\"ImageObject\",\"inLanguage\":\"de-de\",\"@id\":\"https:\\\/\\\/lgigroup.com\\\/de-de\\\/#\\\/schema\\\/logo\\\/image\\\/\",\"url\":\"https:\\\/\\\/lgigroup.com\\\/wp-content\\\/uploads\\\/2023\\\/01\\\/lgi-logo.png\",\"contentUrl\":\"https:\\\/\\\/lgigroup.com\\\/wp-content\\\/uploads\\\/2023\\\/01\\\/lgi-logo.png\",\"width\":420,\"height\":200,\"caption\":\"LGI GmbH\"},\"image\":{\"@id\":\"https:\\\/\\\/lgigroup.com\\\/de-de\\\/#\\\/schema\\\/logo\\\/image\\\/\"}}]}<\/script>\n<!-- \/ Yoast SEO plugin. -->","yoast_head_json":{"title":"Unser Verhaltenskodex & Leitlinie | LGI","description":"Als Unternehmen haben wir eine Verantwortung f\u00fcr soziale, ethische und \u00f6kologische Belange. Finden Sie unseren Verhaltenskodex.","robots":{"index":"index","follow":"follow","max-snippet":"max-snippet:-1","max-image-preview":"max-image-preview:large","max-video-preview":"max-video-preview:-1"},"canonical":"https:\/\/lgigroup.com\/de-de\/wp-json\/wp\/v2\/pages\/2982","og_locale":"de_DE","og_type":"article","og_title":"Unser Verhaltenskodex & Leitlinie | LGI","og_description":"Als Unternehmen haben wir eine Verantwortung f\u00fcr soziale, ethische und \u00f6kologische Belange. Finden Sie unseren Verhaltenskodex.","og_url":"https:\/\/lgigroup.com\/de-de\/richtlinien-dokumente\/verhaltenskodex\/","og_site_name":"LGI Group","article_modified_time":"2025-12-13T10:11:25+00:00","twitter_card":"summary_large_image","twitter_misc":{"Est. reading time":"1 minute"},"schema":{"@context":"https:\/\/schema.org","@graph":[{"@type":"WebPage","@id":"https:\/\/lgigroup.com\/de-de\/richtlinien-dokumente\/verhaltenskodex\/","url":"https:\/\/lgigroup.com\/de-de\/richtlinien-dokumente\/verhaltenskodex\/","name":"Unser Verhaltenskodex & Leitlinie | LGI","isPartOf":{"@id":"https:\/\/lgigroup.com\/de-de\/#website"},"datePublished":"2023-01-18T12:20:36+00:00","dateModified":"2025-12-13T10:11:25+00:00","description":"Als Unternehmen haben wir eine Verantwortung f\u00fcr soziale, ethische und \u00f6kologische Belange. Finden Sie unseren Verhaltenskodex.","breadcrumb":{"@id":"https:\/\/lgigroup.com\/de-de\/richtlinien-dokumente\/verhaltenskodex\/#breadcrumb"},"inLanguage":"de-de","potentialAction":[{"@type":"ReadAction","target":["https:\/\/lgigroup.com\/de-de\/richtlinien-dokumente\/verhaltenskodex\/"]}]},{"@type":"BreadcrumbList","@id":"https:\/\/lgigroup.com\/de-de\/richtlinien-dokumente\/verhaltenskodex\/#breadcrumb","itemListElement":[{"@type":"ListItem","position":1,"name":"Startseite","item":"https:\/\/lgigroup.com\/de-de\/"},{"@type":"ListItem","position":2,"name":"Richtlinien &#038; Dokumente","item":"https:\/\/lgigroup.com\/de-de\/richtlinien-dokumente\/"},{"@type":"ListItem","position":3,"name":"Verhaltenskodex"}]},{"@type":"WebSite","@id":"https:\/\/lgigroup.com\/de-de\/#website","url":"https:\/\/lgigroup.com\/de-de\/","name":"LGI Group","description":"","publisher":{"@id":"https:\/\/lgigroup.com\/de-de\/#organization"},"potentialAction":[{"@type":"SearchAction","target":{"@type":"EntryPoint","urlTemplate":"https:\/\/lgigroup.com\/de-de\/?s={search_term_string}"},"query-input":{"@type":"PropertyValueSpecification","valueRequired":true,"valueName":"search_term_string"}}],"inLanguage":"de-de"},{"@type":"Organization","@id":"https:\/\/lgigroup.com\/de-de\/#organization","name":"LGI GmbH","url":"https:\/\/lgigroup.com\/de-de\/","logo":{"@type":"ImageObject","inLanguage":"de-de","@id":"https:\/\/lgigroup.com\/de-de\/#\/schema\/logo\/image\/","url":"https:\/\/lgigroup.com\/wp-content\/uploads\/2023\/01\/lgi-logo.png","contentUrl":"https:\/\/lgigroup.com\/wp-content\/uploads\/2023\/01\/lgi-logo.png","width":420,"height":200,"caption":"LGI GmbH"},"image":{"@id":"https:\/\/lgigroup.com\/de-de\/#\/schema\/logo\/image\/"}}]}},"_links":{"self":[{"href":"https:\/\/lgigroup.com\/de-de\/wp-json\/wp\/v2\/pages\/2982","targetHints":{"allow":["GET"]}}],"collection":[{"href":"https:\/\/lgigroup.com\/de-de\/wp-json\/wp\/v2\/pages"}],"about":[{"href":"https:\/\/lgigroup.com\/de-de\/wp-json\/wp\/v2\/types\/page"}],"author":[{"embeddable":true,"href":"https:\/\/lgigroup.com\/de-de\/wp-json\/wp\/v2\/users\/1"}],"replies":[{"embeddable":true,"href":"https:\/\/lgigroup.com\/de-de\/wp-json\/wp\/v2\/comments?post=2982"}],"version-history":[{"count":16,"href":"https:\/\/lgigroup.com\/de-de\/wp-json\/wp\/v2\/pages\/2982\/revisions"}],"predecessor-version":[{"id":29585,"href":"https:\/\/lgigroup.com\/de-de\/wp-json\/wp\/v2\/pages\/2982\/revisions\/29585"}],"up":[{"embeddable":true,"href":"https:\/\/lgigroup.com\/de-de\/wp-json\/wp\/v2\/pages\/2085"}],"wp:attachment":[{"href":"https:\/\/lgigroup.com\/de-de\/wp-json\/wp\/v2\/media?parent=2982"}],"curies":[{"name":"wp","href":"https:\/\/api.w.org\/{rel}","templated":true}]}}