{"id":3004,"date":"2023-01-18T13:29:00","date_gmt":"2023-01-18T12:29:00","guid":{"rendered":"https:\/\/lgigroup.com\/?page_id=3004"},"modified":"2025-12-13T11:14:47","modified_gmt":"2025-12-13T10:14:47","slug":"zollabfertigungsdokumente","status":"publish","type":"page","link":"https:\/\/lgigroup.com\/de-de\/richtlinien-dokumente\/zollabfertigungsdokumente\/","title":{"rendered":"Zollabfertigungsdokumente"},"content":{"rendered":"\r\n\t\t<section class=\"titelbild-section titelbild-block-id-69edcdf92ce7e titelbild-block-layout-\">\r\n            <div class=\"col-12 col-lg-12\">\r\n                <div class=\"full-bild\"> <img loading=\"lazy\" decoding=\"async\" width=\"1920\" height=\"700\" src=\"\/wp-content\/uploads\/2023\/06\/lgi-person-does-customs-clearance.jpg\" class=\"img-fluid\" alt=\"Person macht die Zollabfertigung | LGI\" srcset=\"\/wp-content\/uploads\/2023\/06\/lgi-person-does-customs-clearance.jpg 1920w, \/wp-content\/uploads\/2023\/06\/lgi-person-does-customs-clearance-300x109.jpg 300w, \/wp-content\/uploads\/2023\/06\/lgi-person-does-customs-clearance-1024x373.jpg 1024w, \/wp-content\/uploads\/2023\/06\/lgi-person-does-customs-clearance-768x280.jpg 768w, \/wp-content\/uploads\/2023\/06\/lgi-person-does-customs-clearance-1536x560.jpg 1536w\" sizes=\"auto, (max-width: 1920px) 100vw, 1920px\" \/><\/div>\r\n                <div class=\"bild-title container\">\r\n                    <div class=\"row\">\r\n                                <div class=\"col\">\r\n                                    <p class=\"headline wt-h1\">LGI Zollabfertigungsdokumente<\/p>\r\n                                <\/div>                                        \r\n                            <\/div> \r\n                <\/div>\r\n            <\/div>\r\n        <\/section>\r\n\t\n\n            \r\n        <div class=\"spacing-block large spacing-block-id-69edcdf92da0a\" >                                     \r\n                  <div class=\"large-space\">   \r\n                  <\/div>                      \r\n        <\/div>\n\n\r\n                <div class=\"headline-block \">\r\n                    \r\n                        <div class=\"container\">                            \r\n                            <div class=\"row\">\r\n                        <div class=\"col\">\r\n                            <h1 class=\"wt-subheadline wt-sl sub-headline-align\">Abfertigung und Sicherheitserkl\u00e4rung<\/h1>\r\n                        <\/div>\r\n                    <\/div>\r\n                            \r\n                            <div class=\"row\">\r\n                                <div class=\"col\">\r\n                                    <h2 class=\"wt-h1 wt-font-color-dark-grey\">Unsere Vorlagen f\u00fcr den Zoll<\/h2>\r\n                                <\/div>                                        \r\n                            <\/div>                                                                                                    \r\n                        <\/div>                                \r\n                <\/div>\r\n            \n\n            \r\n        <div class=\"spacing-block extrasmall spacing-block-id-69edcdf92dbae\" >                                     \r\n                  <div class=\"extra-small-space\">   \r\n                  <\/div>                      \r\n        <\/div>\n\n   \r\n    \r\n    <div class=\"grey-line-block grey-line-block-id-69edcdf92dc74\">\r\n        \r\n        <div class=\"container\">\r\n            <div class=\"row\">\r\n                <div class=\"col test\">\r\n                    <div class=\"grey-line-block-line\"><\/div>\r\n                <\/div>                \r\n            <\/div>\r\n        <\/div>\r\n        \r\n    <\/div>\n\n            \r\n        <div class=\"spacing-block small spacing-block-id-69edcdf92dd37\" >                                     \r\n                  <div class=\"small-space\">   \r\n                  <\/div>                      \r\n        <\/div>\n\n\n<div class=\"wp-block-group container\"><div class=\"wp-block-group__inner-container is-layout-constrained wp-block-group-is-layout-constrained\">\n<p>Auf dieser Seite finden Sie die Muster f\u00fcr Zollabfertigungsauftr\u00e4ge (Import &amp; Export) sowie unsere Sicherheitserkl\u00e4rung als zugelassener Wirtschaftsbeteiligter.<\/p>\n\n\n\n<ul class=\"wp-block-list\">\n<li><a href=\"\/wp-content\/uploads\/2024\/09\/240902-import-zollvollmacht.pdf\" target=\"_blank\" rel=\"noreferrer noopener\">Zollabfertigung Import<\/a><\/li>\n\n\n\n<li><a href=\"\/wp-content\/uploads\/2024\/09\/240902-export-zollvollmacht.pdf\" target=\"_blank\" rel=\"noreferrer noopener\">Zollabfertigung Export<\/a><\/li>\n\n\n\n<li><a href=\"\/wp-content\/uploads\/2024\/09\/240902-aeo-sicherheitserklaerung.pdf\" target=\"_blank\" rel=\"noreferrer noopener\">AEO Sicherheitserkl\u00e4rung<\/a><\/li>\n<\/ul>\n<\/div><\/div>\n\n\n            \r\n        <div class=\"spacing-block large spacing-block-id-69edcdf92f105\" >                                     \r\n                  <div class=\"large-space\">   \r\n                  <\/div>                      \r\n        <\/div>","protected":false},"excerpt":{"rendered":"<p>Auf dieser Seite finden Sie die Muster f\u00fcr Zollabfertigungsauftr\u00e4ge (Import &amp; Export) sowie unsere Sicherheitserkl\u00e4rung als zugelassener Wirtschaftsbeteiligter.<\/p>\n","protected":false},"author":1,"featured_media":0,"parent":2085,"menu_order":0,"comment_status":"closed","ping_status":"closed","template":"","meta":{"footnotes":""},"class_list":["post-3004","page","type-page","status-publish","hentry"],"yoast_head":"<!-- This site is optimized with the Yoast SEO plugin v27.3 - https:\/\/yoast.com\/product\/yoast-seo-wordpress\/ -->\n<title>Zollabfertigungsdokument der LGI - Vorlage f\u00fcr den Zoll<\/title>\n<meta name=\"description\" content=\"Hier finden Sie unsere Muster f\u00fcr Zollabfertigungsauftr\u00e4ge und unsere Sicherheitserkl\u00e4rung f\u00fcr zugelassene Wirtschaftsbeteiligte.\" \/>\n<meta name=\"robots\" content=\"index, follow, max-snippet:-1, max-image-preview:large, max-video-preview:-1\" \/>\n<link rel=\"canonical\" href=\"https:\/\/lgigroup.com\/de-de\/wp-json\/wp\/v2\/pages\/3004\" \/>\n<meta property=\"og:locale\" content=\"de_DE\" \/>\n<meta property=\"og:type\" content=\"article\" \/>\n<meta property=\"og:title\" content=\"Zollabfertigungsdokument der LGI - Vorlage f\u00fcr den Zoll\" \/>\n<meta property=\"og:description\" content=\"Hier finden Sie unsere Muster f\u00fcr Zollabfertigungsauftr\u00e4ge und unsere Sicherheitserkl\u00e4rung f\u00fcr zugelassene Wirtschaftsbeteiligte.\" \/>\n<meta property=\"og:url\" content=\"https:\/\/lgigroup.com\/de-de\/richtlinien-dokumente\/zollabfertigungsdokumente\/\" \/>\n<meta property=\"og:site_name\" content=\"LGI Group\" \/>\n<meta property=\"article:modified_time\" content=\"2025-12-13T10:14:47+00:00\" \/>\n<meta name=\"twitter:card\" content=\"summary_large_image\" \/>\n<meta name=\"twitter:label1\" content=\"Est. reading time\" \/>\n\t<meta name=\"twitter:data1\" content=\"1 minute\" \/>\n<script type=\"application\/ld+json\" class=\"yoast-schema-graph\">{\"@context\":\"https:\\\/\\\/schema.org\",\"@graph\":[{\"@type\":\"WebPage\",\"@id\":\"https:\\\/\\\/lgigroup.com\\\/de-de\\\/richtlinien-dokumente\\\/zollabfertigungsdokumente\\\/\",\"url\":\"https:\\\/\\\/lgigroup.com\\\/de-de\\\/richtlinien-dokumente\\\/zollabfertigungsdokumente\\\/\",\"name\":\"Zollabfertigungsdokument der LGI - Vorlage f\u00fcr den Zoll\",\"isPartOf\":{\"@id\":\"https:\\\/\\\/lgigroup.com\\\/de-de\\\/#website\"},\"datePublished\":\"2023-01-18T12:29:00+00:00\",\"dateModified\":\"2025-12-13T10:14:47+00:00\",\"description\":\"Hier finden Sie unsere Muster f\u00fcr Zollabfertigungsauftr\u00e4ge und unsere Sicherheitserkl\u00e4rung f\u00fcr zugelassene Wirtschaftsbeteiligte.\",\"breadcrumb\":{\"@id\":\"https:\\\/\\\/lgigroup.com\\\/de-de\\\/richtlinien-dokumente\\\/zollabfertigungsdokumente\\\/#breadcrumb\"},\"inLanguage\":\"de-de\",\"potentialAction\":[{\"@type\":\"ReadAction\",\"target\":[\"https:\\\/\\\/lgigroup.com\\\/de-de\\\/richtlinien-dokumente\\\/zollabfertigungsdokumente\\\/\"]}]},{\"@type\":\"BreadcrumbList\",\"@id\":\"https:\\\/\\\/lgigroup.com\\\/de-de\\\/richtlinien-dokumente\\\/zollabfertigungsdokumente\\\/#breadcrumb\",\"itemListElement\":[{\"@type\":\"ListItem\",\"position\":1,\"name\":\"Startseite\",\"item\":\"https:\\\/\\\/lgigroup.com\\\/de-de\\\/\"},{\"@type\":\"ListItem\",\"position\":2,\"name\":\"Richtlinien &#038; Dokumente\",\"item\":\"https:\\\/\\\/lgigroup.com\\\/de-de\\\/richtlinien-dokumente\\\/\"},{\"@type\":\"ListItem\",\"position\":3,\"name\":\"Zollabfertigungsdokumente\"}]},{\"@type\":\"WebSite\",\"@id\":\"https:\\\/\\\/lgigroup.com\\\/de-de\\\/#website\",\"url\":\"https:\\\/\\\/lgigroup.com\\\/de-de\\\/\",\"name\":\"LGI Group\",\"description\":\"\",\"publisher\":{\"@id\":\"https:\\\/\\\/lgigroup.com\\\/de-de\\\/#organization\"},\"potentialAction\":[{\"@type\":\"SearchAction\",\"target\":{\"@type\":\"EntryPoint\",\"urlTemplate\":\"https:\\\/\\\/lgigroup.com\\\/de-de\\\/?s={search_term_string}\"},\"query-input\":{\"@type\":\"PropertyValueSpecification\",\"valueRequired\":true,\"valueName\":\"search_term_string\"}}],\"inLanguage\":\"de-de\"},{\"@type\":\"Organization\",\"@id\":\"https:\\\/\\\/lgigroup.com\\\/de-de\\\/#organization\",\"name\":\"LGI GmbH\",\"url\":\"https:\\\/\\\/lgigroup.com\\\/de-de\\\/\",\"logo\":{\"@type\":\"ImageObject\",\"inLanguage\":\"de-de\",\"@id\":\"https:\\\/\\\/lgigroup.com\\\/de-de\\\/#\\\/schema\\\/logo\\\/image\\\/\",\"url\":\"https:\\\/\\\/lgigroup.com\\\/wp-content\\\/uploads\\\/2023\\\/01\\\/lgi-logo.png\",\"contentUrl\":\"https:\\\/\\\/lgigroup.com\\\/wp-content\\\/uploads\\\/2023\\\/01\\\/lgi-logo.png\",\"width\":420,\"height\":200,\"caption\":\"LGI GmbH\"},\"image\":{\"@id\":\"https:\\\/\\\/lgigroup.com\\\/de-de\\\/#\\\/schema\\\/logo\\\/image\\\/\"}}]}<\/script>\n<!-- \/ Yoast SEO plugin. -->","yoast_head_json":{"title":"Zollabfertigungsdokument der LGI - Vorlage f\u00fcr den Zoll","description":"Hier finden Sie unsere Muster f\u00fcr Zollabfertigungsauftr\u00e4ge und unsere Sicherheitserkl\u00e4rung f\u00fcr zugelassene Wirtschaftsbeteiligte.","robots":{"index":"index","follow":"follow","max-snippet":"max-snippet:-1","max-image-preview":"max-image-preview:large","max-video-preview":"max-video-preview:-1"},"canonical":"https:\/\/lgigroup.com\/de-de\/wp-json\/wp\/v2\/pages\/3004","og_locale":"de_DE","og_type":"article","og_title":"Zollabfertigungsdokument der LGI - Vorlage f\u00fcr den Zoll","og_description":"Hier finden Sie unsere Muster f\u00fcr Zollabfertigungsauftr\u00e4ge und unsere Sicherheitserkl\u00e4rung f\u00fcr zugelassene Wirtschaftsbeteiligte.","og_url":"https:\/\/lgigroup.com\/de-de\/richtlinien-dokumente\/zollabfertigungsdokumente\/","og_site_name":"LGI Group","article_modified_time":"2025-12-13T10:14:47+00:00","twitter_card":"summary_large_image","twitter_misc":{"Est. reading time":"1 minute"},"schema":{"@context":"https:\/\/schema.org","@graph":[{"@type":"WebPage","@id":"https:\/\/lgigroup.com\/de-de\/richtlinien-dokumente\/zollabfertigungsdokumente\/","url":"https:\/\/lgigroup.com\/de-de\/richtlinien-dokumente\/zollabfertigungsdokumente\/","name":"Zollabfertigungsdokument der LGI - Vorlage f\u00fcr den Zoll","isPartOf":{"@id":"https:\/\/lgigroup.com\/de-de\/#website"},"datePublished":"2023-01-18T12:29:00+00:00","dateModified":"2025-12-13T10:14:47+00:00","description":"Hier finden Sie unsere Muster f\u00fcr Zollabfertigungsauftr\u00e4ge und unsere Sicherheitserkl\u00e4rung f\u00fcr zugelassene Wirtschaftsbeteiligte.","breadcrumb":{"@id":"https:\/\/lgigroup.com\/de-de\/richtlinien-dokumente\/zollabfertigungsdokumente\/#breadcrumb"},"inLanguage":"de-de","potentialAction":[{"@type":"ReadAction","target":["https:\/\/lgigroup.com\/de-de\/richtlinien-dokumente\/zollabfertigungsdokumente\/"]}]},{"@type":"BreadcrumbList","@id":"https:\/\/lgigroup.com\/de-de\/richtlinien-dokumente\/zollabfertigungsdokumente\/#breadcrumb","itemListElement":[{"@type":"ListItem","position":1,"name":"Startseite","item":"https:\/\/lgigroup.com\/de-de\/"},{"@type":"ListItem","position":2,"name":"Richtlinien &#038; Dokumente","item":"https:\/\/lgigroup.com\/de-de\/richtlinien-dokumente\/"},{"@type":"ListItem","position":3,"name":"Zollabfertigungsdokumente"}]},{"@type":"WebSite","@id":"https:\/\/lgigroup.com\/de-de\/#website","url":"https:\/\/lgigroup.com\/de-de\/","name":"LGI Group","description":"","publisher":{"@id":"https:\/\/lgigroup.com\/de-de\/#organization"},"potentialAction":[{"@type":"SearchAction","target":{"@type":"EntryPoint","urlTemplate":"https:\/\/lgigroup.com\/de-de\/?s={search_term_string}"},"query-input":{"@type":"PropertyValueSpecification","valueRequired":true,"valueName":"search_term_string"}}],"inLanguage":"de-de"},{"@type":"Organization","@id":"https:\/\/lgigroup.com\/de-de\/#organization","name":"LGI GmbH","url":"https:\/\/lgigroup.com\/de-de\/","logo":{"@type":"ImageObject","inLanguage":"de-de","@id":"https:\/\/lgigroup.com\/de-de\/#\/schema\/logo\/image\/","url":"https:\/\/lgigroup.com\/wp-content\/uploads\/2023\/01\/lgi-logo.png","contentUrl":"https:\/\/lgigroup.com\/wp-content\/uploads\/2023\/01\/lgi-logo.png","width":420,"height":200,"caption":"LGI GmbH"},"image":{"@id":"https:\/\/lgigroup.com\/de-de\/#\/schema\/logo\/image\/"}}]}},"_links":{"self":[{"href":"https:\/\/lgigroup.com\/de-de\/wp-json\/wp\/v2\/pages\/3004","targetHints":{"allow":["GET"]}}],"collection":[{"href":"https:\/\/lgigroup.com\/de-de\/wp-json\/wp\/v2\/pages"}],"about":[{"href":"https:\/\/lgigroup.com\/de-de\/wp-json\/wp\/v2\/types\/page"}],"author":[{"embeddable":true,"href":"https:\/\/lgigroup.com\/de-de\/wp-json\/wp\/v2\/users\/1"}],"replies":[{"embeddable":true,"href":"https:\/\/lgigroup.com\/de-de\/wp-json\/wp\/v2\/comments?post=3004"}],"version-history":[{"count":11,"href":"https:\/\/lgigroup.com\/de-de\/wp-json\/wp\/v2\/pages\/3004\/revisions"}],"predecessor-version":[{"id":29408,"href":"https:\/\/lgigroup.com\/de-de\/wp-json\/wp\/v2\/pages\/3004\/revisions\/29408"}],"up":[{"embeddable":true,"href":"https:\/\/lgigroup.com\/de-de\/wp-json\/wp\/v2\/pages\/2085"}],"wp:attachment":[{"href":"https:\/\/lgigroup.com\/de-de\/wp-json\/wp\/v2\/media?parent=3004"}],"curies":[{"name":"wp","href":"https:\/\/api.w.org\/{rel}","templated":true}]}}