{"id":52,"date":"2022-12-21T14:22:09","date_gmt":"2022-12-21T13:22:09","guid":{"rendered":"https:\/\/lgigroup.com\/?page_id=52"},"modified":"2026-03-30T19:24:03","modified_gmt":"2026-03-30T17:24:03","slug":"kontakt","status":"publish","type":"page","link":"https:\/\/lgigroup.com\/de-de\/kontakt\/","title":{"rendered":"Kontakt"},"content":{"rendered":"\r\n\t\t<section class=\"titelbild-section titelbild-block-id-69d1e62ade5eb titelbild-block-layout-\">\r\n            <div class=\"col-12 col-lg-12\">\r\n                <div class=\"full-bild\"> <img loading=\"lazy\" decoding=\"async\" width=\"1920\" height=\"700\" src=\"\/wp-content\/uploads\/2023\/02\/person-with-smartphone-lgi-contact.jpg\" class=\"img-fluid\" alt=\"Person mit Smartphone | LGI\" srcset=\"\/wp-content\/uploads\/2023\/02\/person-with-smartphone-lgi-contact.jpg 1920w, \/wp-content\/uploads\/2023\/02\/person-with-smartphone-lgi-contact-300x109.jpg 300w, \/wp-content\/uploads\/2023\/02\/person-with-smartphone-lgi-contact-1024x373.jpg 1024w, \/wp-content\/uploads\/2023\/02\/person-with-smartphone-lgi-contact-768x280.jpg 768w, \/wp-content\/uploads\/2023\/02\/person-with-smartphone-lgi-contact-1536x560.jpg 1536w\" sizes=\"auto, (max-width: 1920px) 100vw, 1920px\" \/><\/div>\r\n                <div class=\"bild-title container\">\r\n                    <div class=\"row\">\r\n                                <div class=\"col\">\r\n                                    <p class=\"headline wt-h1\">Kontaktieren Sie uns<\/p>\r\n                                <\/div>                                        \r\n                            <\/div> \r\n                <\/div>\r\n            <\/div>\r\n        <\/section>\r\n\t\n\n            \r\n        <div class=\"spacing-block large spacing-block-id-69d1e62adf002\" >                                     \r\n                  <div class=\"large-space\">   \r\n                  <\/div>                      \r\n        <\/div>\n\n\r\n                <div class=\"headline-block \">\r\n                    \r\n                        <div class=\"container\">                            \r\n                            <div class=\"row\">\r\n                        <div class=\"col\">\r\n                            <h1 class=\"wt-subheadline wt-sl sub-headline-align\">Ihr Kontakt zu LGI<\/h1>\r\n                        <\/div>\r\n                    <\/div>\r\n                            \r\n                            <div class=\"row\">\r\n                                <div class=\"col\">\r\n                                    <h2 class=\"wt-h1 wt-font-color-dark-grey\">Ihre Supply-Chain-Experten beraten Sie gerne<\/h2>\r\n                                <\/div>                                        \r\n                            <\/div>                                                                                                    \r\n                        <\/div>                                \r\n                <\/div>\r\n            \n\n            \r\n        <div class=\"spacing-block extrasmall spacing-block-id-69d1e62adf1b3\" >                                     \r\n                  <div class=\"extra-small-space\">   \r\n                  <\/div>                      \r\n        <\/div>\n\n   \r\n    \r\n    <div class=\"grey-line-block grey-line-block-id-69d1e62adf27b\">\r\n        \r\n        <div class=\"container\">\r\n            <div class=\"row\">\r\n                <div class=\"col test\">\r\n                    <div class=\"grey-line-block-line\"><\/div>\r\n                <\/div>                \r\n            <\/div>\r\n        <\/div>\r\n        \r\n    <\/div>\n\n            \r\n        <div class=\"spacing-block small spacing-block-id-69d1e62adf342\" >                                     \r\n                  <div class=\"small-space\">   \r\n                  <\/div>                      \r\n        <\/div>\n\n\n<div class=\"wp-block-group container\"><div class=\"wp-block-group__inner-container is-layout-constrained wp-block-group-is-layout-constrained\">\n<p>Wie k\u00f6nnen wir Ihnen weiterhelfen? Welche Supply-Chain-Herausforderung haben Sie f\u00fcr uns? Welche Frage k\u00f6nnen wir Ihnen beantworten?<br>F\u00fcllen Sie einfach unser Kontaktformular aus oder rufen uns direkt an.<\/p>\n<\/div><\/div>\n\n\n            \r\n        <div class=\"spacing-block extramedium spacing-block-id-69d1e62ae05b6\" >                                     \r\n                  <div class=\"extra-medium-space\">   \r\n                  <\/div>                      \r\n        <\/div>\n\n    \r\n   <section class=\"contact-form-block contact-form-block-id-69d1e62ae0688 mb-5\">\r\n    <div class=\"container lgi-form-container\">\r\n        <form id=\"lgi-form-69d1e62ae0688\" class=\"row g-3 needs-validation contactForm\" novalidate>\r\n            <div class=\"col-12 col-lg-4\">\r\n                    \r\n                    <div class=\"input-wrapper input-wrapper-first\">\r\n                        <label for=\"cf_first_name\" class=\"form-label visually-hidden\">Vorname<\/label>\r\n                        <input type=\"text\" id=\"cf_first_name\" name=\"cf_first_name\" class=\"form-control shadow-none\" placeholder=\"Vorname*\" aria-required=\"true\" aria-label=\"Vorname\" required >\r\n                             <div class=\"invalid-feedback\">\r\n                             Das ist ein Pflichtfeld.\r\n                            <\/div>\r\n                        <\/div>\r\n                    \r\n                    <div class=\"input-wrapper input-wrapper-first\">\r\n                         <label for=\"cf_last_name\" class=\"form-label visually-hidden\">Nachname<\/label>\r\n                         <input type=\"text\" id=\"cf_last_name\" name=\"cf_last_name\" class=\"form-control shadow-none\" placeholder=\"Nachname*\" aria-label=\"Nachname\" aria-required=\"true\" required >\r\n                         <div class=\"invalid-feedback\">\r\n                              Das ist ein Pflichtfeld.\r\n                        <\/div>\r\n                    <\/div>\r\n\r\n                    <div class=\"input-wrapper\">\r\n                         <label for=\"cf_corp\" class=\"form-label visually-hidden\">Unternehmen<\/label>\r\n                        <input type=\"text\" id=\"cf_corp\" name=\"cf_corp\" class=\"form-control shadow-none\" placeholder=\"Unternehmen*\" aria-label=\"Unternehmen\" aria-required=\"true\" required >\r\n                        <div class=\"invalid-feedback\">\r\n                             Das ist ein Pflichtfeld.\r\n                         <\/div>\r\n                    <\/div>\r\n\r\n                    <div class=\"input-wrapper\">\r\n                        <label for=\"cf_mail\" class=\"form-label visually-hidden\">Ihre E-Mail-Adresse<\/label>\r\n                        <input type=\"email\" id=\"cf_mail\" name=\"cf_mail\" class=\"form-control shadow-none\" placeholder=\"Ihre E-Mail-Adresse*\" aria-label=\"Ihre E-Mail-Adresse\" aria-required=\"true\" required >\r\n                         <div class=\"invalid-feedback\">\r\n                         Das ist ein Pflichtfeld.\r\n                        <\/div>\r\n                    <\/div>\r\n                    \r\n                    <select name=\"cf_reciever\" id=\"inputState\" class=\"form-select shadow-none\" required>\r\n                        <option value=\"\" disabled selected>Empf\u00e4nger (Unternehmensbereich)*<\/option>\r\n                        <option value=\"0\">Sendungen<\/option>\r\n                        <option value=\"1\">R\u00fccknahme HP-Ger\u00e4te<\/option>\r\n                        <option value=\"2\">Mobility Logistik<\/option>\r\n                        <option value=\"3\">Elektronik Logistik<\/option>\r\n                        <option value=\"4\">Textil Logistik<\/option>\r\n                        <option value=\"4\">Beauty Logistik<\/option>\r\n                        <option value=\"4\">Lifestyle Logistik<\/option>\r\n                        <option value=\"5\">Healthcare Logistik<\/option>                      \r\n                        <option value=\"7\">Industrie Logistik<\/option>                      \r\n                        <option value=\"6\">Immobilien &#038; Einkauf<\/option>                      \r\n                        <option value=\"8\">Personal<\/option>                      \r\n                        <option value=\"9\">Presse &#038; Marketing<\/option>                      \r\n                        <option value=\"10\">Rechnungswesen<\/option>                      \r\n                        <option value=\"11\">Transporte<\/option>                      \r\n                        <option value=\"12\">Zoll &#038; Au\u00dfenhandel<\/option>                                          \r\n                        <option value=\"13\">Sonstige Anfragen<\/option>                      \r\n                    <\/select>\r\n                    <div class=\"invalid-feedback\">\r\n                        Das ist ein Pflichtfeld.\r\n                    <\/div>\r\n                <\/div>\r\n                <div class=\"col-12 col-lg-8 ps-3 text-right-area\">\r\n                    \r\n                    <div class=\"input-wrapper\">\r\n                        <label for=\"cf_message\" class=\"form-label visually-hidden\">Ihre Nachricht (max. 500 Zeichen)<\/label>\r\n                        <textarea id=\"cf_message\" name=\"cf_message\" class=\"form-control shadow-none\" placeholder=\"Ihre Nachricht (max. 500 Zeichen)*\" rows=\"3\" maxlength=\"500\" aria-label=\"Ihre Nachricht (max. 500 Zeichen)\" aria-required=\"true\" required><\/textarea>\r\n                        <div class=\"invalid-feedback\">\r\n                          Das ist ein Pflichtfeld.\r\n                        <\/div>\r\n                    <\/div>\r\n                    \r\n                    <div class=\"send-wrapper\">\r\n                            <div class=\"form-check mt-4\">\r\n                                 <input class=\"form-check-input wt-newsletter-checkbox-contact shadow-none\" type=\"checkbox\" name=\"cf_receive_newsletter\" id=\"gridCheck-2\">\r\n                                 <label class=\"form-check-label wt-t\" for=\"gridCheck-2\">Hiermit stimmen Sie den Erhalt von Newsletter zu. Sie k\u00f6nnen den Newsletter jederzeit wieder abbestellen, indem Sie eine E-Mail an <a class=\"wt-k-click-mail\" href=\"&#109;&#97;&#105;&#108;&#116;&#111;&#58;%77%69%64%65%72%72%75%66-%6c%67%69@%6c%67%69.%64%65\">&#x77;&#x69;&#x64;&#x65;&#x72;&#x72;&#x75;&#x66;&#x2d;&#x6c;&#x67;&#x69;&#x40;&#x6c;&#x67;&#x69;&#x2e;&#x64;&#x65;<\/a> senden.<\/label>\r\n                        <\/div>\r\n                        <div class=\"form-check mt-2\">\r\n                            <input class=\"form-check-input shadow-none\" type=\"checkbox\" name=\"cf_use_data\" id=\"gridCheck\" required>\r\n                            <label class=\"form-check-label wt-t\" for=\"gridCheck\">\r\n                            Wir nutzen Ihre Daten, die Sie mit diesem Formular \u00fcbermitteln k\u00f6nnen, ausschlie\u00dflich zur Bearbeitung Ihres Anliegens.\r\n                            Weitere Informationen zur Verwendung Ihrer Daten erhalten Sie auf unserer Datenschutz Seite.\r\n                            Diese Seite ist durch reCAPTCHA gesch\u00fctzt und es gelten die <a href='https:\/\/policies.google.com\/privacy' target='_blank' rel='nofollow'>Datenschutz-<\/a> und <a href='https:\/\/policies.google.com\/terms' target='_blank' rel='nofollow'>Nutzungsbedingungen<\/a> von Google.\r\n                            <\/label>\r\n                        <\/div>\r\n                    \r\n                    <button type=\"submit\" class=\"wt-bt mt-4 ms-4\">Formular senden<\/button>                        \r\n                    \r\n                <\/div>\r\n                \r\n            <\/div>\r\n            \r\n            <input type=\"hidden\" name=\"g-recaptcha-response\" value=\"\">\r\n            <input type=\"hidden\" name=\"formType\" value=\"contactForm\">\r\n                            \r\n        <\/form>\r\n\r\n        <div id=\"lgi-state-69d1e62ae0688\" class=\"lgi-submission-state\" style=\"display: none;\">\r\n            \r\n            <div class=\"lgi-loader-wrapper\">\r\n                <span class=\"lgi-loader\"><\/span>\r\n            <\/div>\r\n            \r\n            <div class=\"lgi-form-success\" style=\"display: none;\">\r\n                <h2 class=\"success-heading\">Success!<\/h2>\r\n                <p class=\"m-message m-success\">Ihre Nachricht wurde versendet. Wir werden uns baldm\u00f6glichst bei Ihnen melden.<\/p>\r\n            <\/div>\r\n\r\n            <div class=\"lgi-form-error\" style=\"display: none;\">\r\n                <p class=\"m-message m-error\">Ihre Nachricht konnte nicht gesendet werden. Bitte kontaktieren Sie uns direkt.<\/p>\r\n            <\/div>\r\n\r\n        <\/div>\r\n\r\n    <\/div>        \r\n<\/section>\n\n            \r\n        <div class=\"spacing-block large spacing-block-id-69d1e62ae07fa\" >                                     \r\n                  <div class=\"large-space\">   \r\n                  <\/div>                      \r\n        <\/div>\n\n   \r\n    \r\n    <section id=\"Contact-person\" class=\"contact-person-block contact-person-block-id-69d1e62ae08c0 encoded-email\" data-idcp=\"6123\" data-mail=\"bWFydGluYV93ZWloaW5nQGxnaS5kZQ==\">\r\n    \r\n        \r\n        <div class=\"contact-person-bg-img-wrapper\">\r\n            <img loading=\"lazy\" decoding=\"async\" width=\"1920\" height=\"500\" src=\"\/wp-content\/uploads\/2023\/01\/lgi-location-holland.jpg\" class=\"img-fluid bg-image\" alt=\"LGI holland building\" srcset=\"\/wp-content\/uploads\/2023\/01\/lgi-location-holland.jpg 1920w, \/wp-content\/uploads\/2023\/01\/lgi-location-holland-300x78.jpg 300w, \/wp-content\/uploads\/2023\/01\/lgi-location-holland-1024x267.jpg 1024w, \/wp-content\/uploads\/2023\/01\/lgi-location-holland-768x200.jpg 768w, \/wp-content\/uploads\/2023\/01\/lgi-location-holland-1536x400.jpg 1536w\" sizes=\"auto, (max-width: 1920px) 100vw, 1920px\" \/>\r\n        <\/div>\r\n        \r\n        <div class=\"container contact-person-content-wrapper\">\r\n            <div class=\"row\">\r\n                <div class=\"col-12 col-lg-6 contact-person-text-wrapper contact-text-align\">\r\n                    <span class=\"wt-bh\">Sie haben Fragen?<\/span>\r\n                    <span class=\"wt-hl wt-big-string\">HIER K\u00d6NNEN SIE DIE RICHTIGE <span class='wt-font-color-white'>ANSPRECHPERSON<\/span> FINDEN<\/span>\r\n                <\/div>\r\n                <div class=\"col-12 col-lg-6 order-first order-lg-last contact-person-img-wrapper\">\r\n                    <div>\r\n                        <div class=\"contact-person-wrapper contact-person\">\r\n                            <div class=\"d-flex align-items-stretch\">\r\n                                <div class=\"image-section\">\r\n                                    <img loading=\"lazy\" decoding=\"async\" width=\"540\" height=\"500\" src=\"\/wp-content\/uploads\/2023\/01\/lgi-contact-person-weihing-martina.png\" class=\"img-fluid\" alt=\"Martina Weihing - LGI contact person\" srcset=\"\/wp-content\/uploads\/2023\/01\/lgi-contact-person-weihing-martina.png 540w, \/wp-content\/uploads\/2023\/01\/lgi-contact-person-weihing-martina-300x278.png 300w\" sizes=\"auto, (max-width: 540px) 100vw, 540px\" \/>\r\n                                <\/div>\r\n                                <div class=\"pe-3 pe-sm-0 ps-3 ps-xl-3 d-flex flex-column justify-content-end content-section\">\r\n                                    <p class=\"wt-sl\">Ihr Kontakt<\/p>\r\n                                \r\n                                    <p class=\"text-sec wt-text-sec\">\r\n                                        <span>Chief Revenue Officer<\/span><br>\r\n                                         Martina Weihing<br>\r\n                                        <a class=\"wt-k-click-tel\" href=\"tel:+4970322291580\">+49 7032 2291 580<\/a><br>\r\n                                        <a class=\"wt-k-click-mail\" href=\"&#109;&#97;&#105;&#108;&#116;&#111;&#58;%6d%61%72%74%69%6e%61%5f%77%65%69%68%69%6e%67@%6c%67%69.%64%65\">&#x6d;&#x61;&#x72;&#x74;&#x69;&#x6e;&#x61;&#x5f;&#x77;&#x65;&#x69;&#x68;&#x69;&#x6e;&#x67;&#x40;&#x6c;&#x67;&#x69;&#x2e;&#x64;&#x65;<\/a>\r\n                                    <\/p>\r\n                                    <div class=\"button-wrapper\">\r\n                                        <div class=\"wt-bt d-none d-sm-block\" data-bs-toggle=\"modal\" data-bs-target=\"#contactModal\">Kontakt aufnehmen<\/div>\r\n                                        <div class=\"d-none d-sm-block \"> <\/div>\r\n                                    <\/div>    \r\n                                <\/div>\r\n                            <\/div>                            \r\n                            <div class=\"button-wrapper\">\r\n                                <div class=\"mt-md-3 pt-3 pb-3 ps-3 pe-3 pt-md-3 d-sm-none\">\r\n                                    <div class=\"wt-bt\" data-bs-toggle=\"modal\" data-bs-target=\"#contactModal\">Kontakt aufnehmen<\/div>\r\n                                    \r\n                                <\/div>\r\n                            <\/div> \r\n                        <\/div>                        \r\n                    <\/div>                    \r\n                <\/div>\r\n            <\/div>\r\n        <\/div>\r\n        \r\n    <\/section>","protected":false},"excerpt":{"rendered":"<p>Wie k\u00f6nnen wir Ihnen weiterhelfen? Welche Supply-Chain-Herausforderung haben Sie f\u00fcr uns? Welche Frage k\u00f6nnen wir Ihnen beantworten?F\u00fcllen Sie einfach unser Kontaktformular aus oder rufen uns direkt an.<\/p>\n","protected":false},"author":1,"featured_media":0,"parent":0,"menu_order":0,"comment_status":"closed","ping_status":"closed","template":"","meta":{"footnotes":""},"class_list":["post-52","page","type-page","status-publish","hentry"],"yoast_head":"<!-- This site is optimized with the Yoast SEO plugin v27.3 - https:\/\/yoast.com\/product\/yoast-seo-wordpress\/ -->\n<title>Kontaktieren Sie uns - Wir beraten Sie gerne | LGI<\/title>\n<meta name=\"description\" content=\"Sie haben Fragen bez\u00fcglich Ihrer Sendung, unserer Stellenangebote oder unseren Branchen-Leistungen? Wir beraten Sie gerne.\" \/>\n<meta name=\"robots\" content=\"index, follow, max-snippet:-1, max-image-preview:large, max-video-preview:-1\" \/>\n<link rel=\"canonical\" href=\"https:\/\/lgigroup.com\/de-de\/wp-json\/wp\/v2\/pages\/52\" \/>\n<meta property=\"og:locale\" content=\"de_DE\" \/>\n<meta property=\"og:type\" content=\"article\" \/>\n<meta property=\"og:title\" content=\"Kontaktieren Sie uns - Wir beraten Sie gerne | LGI\" \/>\n<meta property=\"og:description\" content=\"Sie haben Fragen bez\u00fcglich Ihrer Sendung, unserer Stellenangebote oder unseren Branchen-Leistungen? Wir beraten Sie gerne.\" \/>\n<meta property=\"og:url\" content=\"https:\/\/lgigroup.com\/de-de\/kontakt\/\" \/>\n<meta property=\"og:site_name\" content=\"LGI Group\" \/>\n<meta property=\"article:modified_time\" content=\"2026-03-30T17:24:03+00:00\" \/>\n<meta name=\"twitter:card\" content=\"summary_large_image\" \/>\n<meta name=\"twitter:label1\" content=\"Est. reading time\" \/>\n\t<meta name=\"twitter:data1\" content=\"1 minute\" \/>\n<script type=\"application\/ld+json\" class=\"yoast-schema-graph\">{\"@context\":\"https:\\\/\\\/schema.org\",\"@graph\":[{\"@type\":\"WebPage\",\"@id\":\"https:\\\/\\\/lgigroup.com\\\/de-de\\\/kontakt\\\/\",\"url\":\"https:\\\/\\\/lgigroup.com\\\/de-de\\\/kontakt\\\/\",\"name\":\"Kontaktieren Sie uns - Wir beraten Sie gerne | LGI\",\"isPartOf\":{\"@id\":\"https:\\\/\\\/lgigroup.com\\\/de-de\\\/#website\"},\"datePublished\":\"2022-12-21T13:22:09+00:00\",\"dateModified\":\"2026-03-30T17:24:03+00:00\",\"description\":\"Sie haben Fragen bez\u00fcglich Ihrer Sendung, unserer Stellenangebote oder unseren Branchen-Leistungen? Wir beraten Sie gerne.\",\"breadcrumb\":{\"@id\":\"https:\\\/\\\/lgigroup.com\\\/de-de\\\/kontakt\\\/#breadcrumb\"},\"inLanguage\":\"de-de\",\"potentialAction\":[{\"@type\":\"ReadAction\",\"target\":[\"https:\\\/\\\/lgigroup.com\\\/de-de\\\/kontakt\\\/\"]}]},{\"@type\":\"BreadcrumbList\",\"@id\":\"https:\\\/\\\/lgigroup.com\\\/de-de\\\/kontakt\\\/#breadcrumb\",\"itemListElement\":[{\"@type\":\"ListItem\",\"position\":1,\"name\":\"Startseite\",\"item\":\"https:\\\/\\\/lgigroup.com\\\/de-de\\\/\"},{\"@type\":\"ListItem\",\"position\":2,\"name\":\"Kontakt\"}]},{\"@type\":\"WebSite\",\"@id\":\"https:\\\/\\\/lgigroup.com\\\/de-de\\\/#website\",\"url\":\"https:\\\/\\\/lgigroup.com\\\/de-de\\\/\",\"name\":\"LGI Group\",\"description\":\"\",\"publisher\":{\"@id\":\"https:\\\/\\\/lgigroup.com\\\/de-de\\\/#organization\"},\"potentialAction\":[{\"@type\":\"SearchAction\",\"target\":{\"@type\":\"EntryPoint\",\"urlTemplate\":\"https:\\\/\\\/lgigroup.com\\\/de-de\\\/?s={search_term_string}\"},\"query-input\":{\"@type\":\"PropertyValueSpecification\",\"valueRequired\":true,\"valueName\":\"search_term_string\"}}],\"inLanguage\":\"de-de\"},{\"@type\":\"Organization\",\"@id\":\"https:\\\/\\\/lgigroup.com\\\/de-de\\\/#organization\",\"name\":\"LGI GmbH\",\"url\":\"https:\\\/\\\/lgigroup.com\\\/de-de\\\/\",\"logo\":{\"@type\":\"ImageObject\",\"inLanguage\":\"de-de\",\"@id\":\"https:\\\/\\\/lgigroup.com\\\/de-de\\\/#\\\/schema\\\/logo\\\/image\\\/\",\"url\":\"https:\\\/\\\/lgigroup.com\\\/wp-content\\\/uploads\\\/2023\\\/01\\\/lgi-logo.png\",\"contentUrl\":\"https:\\\/\\\/lgigroup.com\\\/wp-content\\\/uploads\\\/2023\\\/01\\\/lgi-logo.png\",\"width\":420,\"height\":200,\"caption\":\"LGI GmbH\"},\"image\":{\"@id\":\"https:\\\/\\\/lgigroup.com\\\/de-de\\\/#\\\/schema\\\/logo\\\/image\\\/\"}}]}<\/script>\n<!-- \/ Yoast SEO plugin. -->","yoast_head_json":{"title":"Kontaktieren Sie uns - Wir beraten Sie gerne | LGI","description":"Sie haben Fragen bez\u00fcglich Ihrer Sendung, unserer Stellenangebote oder unseren Branchen-Leistungen? Wir beraten Sie gerne.","robots":{"index":"index","follow":"follow","max-snippet":"max-snippet:-1","max-image-preview":"max-image-preview:large","max-video-preview":"max-video-preview:-1"},"canonical":"https:\/\/lgigroup.com\/de-de\/wp-json\/wp\/v2\/pages\/52","og_locale":"de_DE","og_type":"article","og_title":"Kontaktieren Sie uns - Wir beraten Sie gerne | LGI","og_description":"Sie haben Fragen bez\u00fcglich Ihrer Sendung, unserer Stellenangebote oder unseren Branchen-Leistungen? Wir beraten Sie gerne.","og_url":"https:\/\/lgigroup.com\/de-de\/kontakt\/","og_site_name":"LGI Group","article_modified_time":"2026-03-30T17:24:03+00:00","twitter_card":"summary_large_image","twitter_misc":{"Est. reading time":"1 minute"},"schema":{"@context":"https:\/\/schema.org","@graph":[{"@type":"WebPage","@id":"https:\/\/lgigroup.com\/de-de\/kontakt\/","url":"https:\/\/lgigroup.com\/de-de\/kontakt\/","name":"Kontaktieren Sie uns - Wir beraten Sie gerne | LGI","isPartOf":{"@id":"https:\/\/lgigroup.com\/de-de\/#website"},"datePublished":"2022-12-21T13:22:09+00:00","dateModified":"2026-03-30T17:24:03+00:00","description":"Sie haben Fragen bez\u00fcglich Ihrer Sendung, unserer Stellenangebote oder unseren Branchen-Leistungen? Wir beraten Sie gerne.","breadcrumb":{"@id":"https:\/\/lgigroup.com\/de-de\/kontakt\/#breadcrumb"},"inLanguage":"de-de","potentialAction":[{"@type":"ReadAction","target":["https:\/\/lgigroup.com\/de-de\/kontakt\/"]}]},{"@type":"BreadcrumbList","@id":"https:\/\/lgigroup.com\/de-de\/kontakt\/#breadcrumb","itemListElement":[{"@type":"ListItem","position":1,"name":"Startseite","item":"https:\/\/lgigroup.com\/de-de\/"},{"@type":"ListItem","position":2,"name":"Kontakt"}]},{"@type":"WebSite","@id":"https:\/\/lgigroup.com\/de-de\/#website","url":"https:\/\/lgigroup.com\/de-de\/","name":"LGI Group","description":"","publisher":{"@id":"https:\/\/lgigroup.com\/de-de\/#organization"},"potentialAction":[{"@type":"SearchAction","target":{"@type":"EntryPoint","urlTemplate":"https:\/\/lgigroup.com\/de-de\/?s={search_term_string}"},"query-input":{"@type":"PropertyValueSpecification","valueRequired":true,"valueName":"search_term_string"}}],"inLanguage":"de-de"},{"@type":"Organization","@id":"https:\/\/lgigroup.com\/de-de\/#organization","name":"LGI GmbH","url":"https:\/\/lgigroup.com\/de-de\/","logo":{"@type":"ImageObject","inLanguage":"de-de","@id":"https:\/\/lgigroup.com\/de-de\/#\/schema\/logo\/image\/","url":"https:\/\/lgigroup.com\/wp-content\/uploads\/2023\/01\/lgi-logo.png","contentUrl":"https:\/\/lgigroup.com\/wp-content\/uploads\/2023\/01\/lgi-logo.png","width":420,"height":200,"caption":"LGI GmbH"},"image":{"@id":"https:\/\/lgigroup.com\/de-de\/#\/schema\/logo\/image\/"}}]}},"_links":{"self":[{"href":"https:\/\/lgigroup.com\/de-de\/wp-json\/wp\/v2\/pages\/52","targetHints":{"allow":["GET"]}}],"collection":[{"href":"https:\/\/lgigroup.com\/de-de\/wp-json\/wp\/v2\/pages"}],"about":[{"href":"https:\/\/lgigroup.com\/de-de\/wp-json\/wp\/v2\/types\/page"}],"author":[{"embeddable":true,"href":"https:\/\/lgigroup.com\/de-de\/wp-json\/wp\/v2\/users\/1"}],"replies":[{"embeddable":true,"href":"https:\/\/lgigroup.com\/de-de\/wp-json\/wp\/v2\/comments?post=52"}],"version-history":[{"count":12,"href":"https:\/\/lgigroup.com\/de-de\/wp-json\/wp\/v2\/pages\/52\/revisions"}],"predecessor-version":[{"id":30335,"href":"https:\/\/lgigroup.com\/de-de\/wp-json\/wp\/v2\/pages\/52\/revisions\/30335"}],"wp:attachment":[{"href":"https:\/\/lgigroup.com\/de-de\/wp-json\/wp\/v2\/media?parent=52"}],"curies":[{"name":"wp","href":"https:\/\/api.w.org\/{rel}","templated":true}]}}