{"id":6758,"date":"2023-01-25T09:35:48","date_gmt":"2023-01-25T08:35:48","guid":{"rendered":"https:\/\/lgigroup.com\/?page_id=6758"},"modified":"2024-01-25T15:18:58","modified_gmt":"2024-01-25T14:18:58","slug":"reuseit","status":"publish","type":"page","link":"https:\/\/lgigroup.com\/de-de\/end-to-end-loesungen\/unsere-marken\/reuseit\/","title":{"rendered":"ReuseIT"},"content":{"rendered":"\r\n\t\t<section class=\"titelbild-section titelbild-block-id-69de1d5c167fe titelbild-block-layout-\">\r\n            <div class=\"col-12 col-lg-12\">\r\n                <div class=\"full-bild\"> <img loading=\"lazy\" decoding=\"async\" width=\"1920\" height=\"700\" src=\"\/wp-content\/uploads\/2023\/01\/person-with-recycled-notebook-reuseit-lgi.jpg\" class=\"img-fluid\" alt=\"Person with recycled laptop | LGI brand reuseIT\" srcset=\"\/wp-content\/uploads\/2023\/01\/person-with-recycled-notebook-reuseit-lgi.jpg 1920w, \/wp-content\/uploads\/2023\/01\/person-with-recycled-notebook-reuseit-lgi-300x109.jpg 300w, \/wp-content\/uploads\/2023\/01\/person-with-recycled-notebook-reuseit-lgi-1024x373.jpg 1024w, \/wp-content\/uploads\/2023\/01\/person-with-recycled-notebook-reuseit-lgi-768x280.jpg 768w, \/wp-content\/uploads\/2023\/01\/person-with-recycled-notebook-reuseit-lgi-1536x560.jpg 1536w\" sizes=\"auto, (max-width: 1920px) 100vw, 1920px\" \/><\/div>\r\n                <div class=\"bild-title container\">\r\n                    <div class=\"row\">\r\n                                <div class=\"col\">\r\n                                    <p class=\"headline wt-h1\"><\/p>\r\n                                <\/div>                                        \r\n                            <\/div> \r\n                <\/div>\r\n            <\/div>\r\n        <\/section>\r\n\t\n\n            \r\n        <div class=\"spacing-block large spacing-block-id-69de1d5c16d57\" >                                     \r\n                  <div class=\"large-space\">   \r\n                  <\/div>                      \r\n        <\/div>\n\n\r\n                <div class=\"headline-block no-upper\">\r\n                    \r\n                        <div class=\"container\">                            \r\n                            \r\n                            \r\n                            <div class=\"row\">\r\n                                <div class=\"col\">\r\n                                    <h1 class=\"wt-h1 wt-font-color-dark-grey\">ReuseIT<\/h1>\r\n                                <\/div>                                        \r\n                            <\/div>                                                                                                    \r\n                        <\/div>                                \r\n                <\/div>\r\n            \n\n            \r\n        <div class=\"spacing-block small spacing-block-id-69de1d5c16f33\" >                                     \r\n                  <div class=\"small-space\">   \r\n                  <\/div>                      \r\n        <\/div>\n\n   \r\n    \r\n    <div class=\"grey-line-block grey-line-block-id-69de1d5c16ff8\">\r\n        \r\n        <div class=\"container\">\r\n            <div class=\"row\">\r\n                <div class=\"col test\">\r\n                    <div class=\"grey-line-block-line\"><\/div>\r\n                <\/div>                \r\n            <\/div>\r\n        <\/div>\r\n        \r\n    <\/div>\n\n            \r\n        <div class=\"spacing-block small spacing-block-id-69de1d5c170c0\" >                                     \r\n                  <div class=\"small-space\">   \r\n                  <\/div>                      \r\n        <\/div>\n\n\n<div class=\"wp-block-group container\"><div class=\"wp-block-group__inner-container is-layout-constrained wp-block-group-is-layout-constrained\">\n<div class=\"wp-block-columns is-layout-flex wp-container-core-columns-is-layout-9d6595d7 wp-block-columns-is-layout-flex\">\n<div class=\"wp-block-column is-layout-flow wp-block-column-is-layout-flow\">\n<p><a href=\"https:\/\/www.reuseit.de\/\" target=\"_blank\" rel=\"noreferrer noopener\">ReuseIT<\/a> bringt \u00d6kologie und \u00d6konomie in Einklang. Die Aufbereitung ihrer Ger\u00e4te unterst\u00fctzt die Nachhaltigkeitsziele ihres Unternehmens. Ihre sensiblen Daten gelangen nicht in falsche H\u00e4nde und durch <a href=\"\/de-de\/accordion\/glossar-it-altgeraete-ankauf-wiederverkauf\/\">Wiederverkauf<\/a> entsteht finanzieller Freiraum f\u00fcr neue Investitionen. Gemeinsam schenken wir IT-Ger\u00e4ten ein weiteres Leben und unterst\u00fctzen damit eine umweltfreundliche und wirtschaftliche Kreislaufwirtschaft.<\/p>\n\n\n\n<p>Mit der Marke ReuseIT sch\u00e4rfen wir unseren Fokus und tragen der Wichtigkeit dieses Themas Rechnung. Dabei profitieren wir von unserer langj\u00e4hrigen Erfahrung im Bereich Value Recovery.<\/p>\n\n\n\n<p><\/p>\n<\/div>\n\n\n\n<div class=\"wp-block-column is-layout-flow wp-block-column-is-layout-flow\">\n<p>Die Weiterentwicklung zu einer europ\u00e4ischen Serviceplattform erm\u00f6glicht es Ihrem Unternehmen nicht mehr ben\u00f6tigte IT-Ger\u00e4te \u00fcber die LGI in den Kreislauf zur\u00fcckzuf\u00fchren. \u00dcber ein cloudbasiertes System k\u00f6nnen Sie ihre Projekte verwalten und relevante Informationen abrufen. Zudem wird der komplette Wertsch\u00f6pfungsprozess abgebildet und Kundenanforderungen k\u00f6nnen \u00fcber L\u00e4nder und Standorte hinweg mit einheitlichen Abl\u00e4ufen und hohen Qualit\u00e4tsstandards erf\u00fcllt werden.<\/p>\n\n\n\n<p>Basierend auf dem <a href=\"\/de-de\/our-care\/green-care\/\">LGI-Nachhaltigkeitsgrundsatz \u201eOur Care\u201d<\/a> leisten wir gemeinsam mit Ihnen einen wertvollen Beitrag zur Reduzierung von Rohstoff- und Ressourcenverbrauch.<\/p>\n<\/div>\n<\/div>\n<\/div><\/div>\n\n\n            \r\n        <div class=\"spacing-block small spacing-block-id-69de1d5c186a0\" >                                     \r\n                  <div class=\"small-space\">   \r\n                  <\/div>                      \r\n        <\/div>\n\n\r\n                <div class=\"headline-block \">\r\n                    \r\n                        <div class=\"container\">                            \r\n                            <div class=\"row\">\r\n                        <div class=\"col\">\r\n                            <h3 class=\"wt-subheadline wt-sl\">Leistungen<\/h3>\r\n                        <\/div>\r\n                    <\/div>\r\n                            \r\n                                                                                                                                \r\n                        <\/div>                                \r\n                <\/div>\r\n            \n\n\n<div class=\"wp-block-group container\"><div class=\"wp-block-group__inner-container is-layout-constrained wp-block-group-is-layout-constrained\">\n<div class=\"wp-block-columns is-layout-flex wp-container-core-columns-is-layout-9d6595d7 wp-block-columns-is-layout-flex\">\n<div class=\"wp-block-column is-layout-flow wp-block-column-is-layout-flow\">\n<p>Unser Serviceportfolio besteht aus einem modularen und damit f\u00fcr Sie gestaltbaren Baukasten. Dieser umfasst den kompletten Prozess von der Beratung, \u00fcber den gesicherten Transport, die revisionssichere <a href=\"https:\/\/www.reuseit.de\/pages\/datenloeschung\">Datenl\u00f6schung<\/a> bis hin zur erneuten Nutzung der Ger\u00e4te. Komponenten, die von uns nicht mehr wiederverwendet werden k\u00f6nnen, f\u00fchren wir unserem <a href=\"https:\/\/www.reuseit.de\/pages\/it-recycling\" target=\"_blank\" rel=\"noreferrer noopener\">zertifizierten Recyclingnetzwerk<\/a> zu.<\/p>\n<\/div>\n\n\n\n<div class=\"wp-block-column is-layout-flow wp-block-column-is-layout-flow\">\n<p>Dabei sorgen unsere erfahrenen Mitarbeitenden f\u00fcr einen reibungslosen Ablauf. Unsere verschlie\u00dfbaren Transportbeh\u00e4ltnisse und auditf\u00e4hige L\u00f6schprotokolle garantieren Ihnen l\u00fcckenlose Sicherheit. Dar\u00fcber hinaus generieren wir relevante Nachhaltigkeitskennzahlen f\u00fcr Ihr CSR Reporting.<\/p>\n<\/div>\n<\/div>\n<\/div><\/div>\n\n\n            \r\n        <div class=\"spacing-block small spacing-block-id-69de1d5c18c3e\" >                                     \r\n                  <div class=\"small-space\">   \r\n                  <\/div>                      \r\n        <\/div>\n\n   \r\n    \r\n    <section id=\"Contact-person\" class=\"contact-person-block contact-person-block-id-69de1d5c18d06 encoded-email\" data-idcp=\"19456\" data-mail=\"ZnJhbmtfYmFobm11ZWxsZXJAcmV1c2VpdC5kZQ==\">\r\n    \r\n        \r\n        <div class=\"contact-person-bg-img-wrapper\">\r\n            <img loading=\"lazy\" decoding=\"async\" width=\"1920\" height=\"500\" src=\"\/wp-content\/uploads\/2023\/01\/tree-in-the-sun-lgi.jpg\" class=\"img-fluid bg-image\" alt=\"Tree in sunlight | LGI\" srcset=\"\/wp-content\/uploads\/2023\/01\/tree-in-the-sun-lgi.jpg 1920w, \/wp-content\/uploads\/2023\/01\/tree-in-the-sun-lgi-300x78.jpg 300w, \/wp-content\/uploads\/2023\/01\/tree-in-the-sun-lgi-1024x267.jpg 1024w, \/wp-content\/uploads\/2023\/01\/tree-in-the-sun-lgi-768x200.jpg 768w, \/wp-content\/uploads\/2023\/01\/tree-in-the-sun-lgi-1536x400.jpg 1536w\" sizes=\"auto, (max-width: 1920px) 100vw, 1920px\" \/>\r\n        <\/div>\r\n        \r\n        <div class=\"container contact-person-content-wrapper\">\r\n            <div class=\"row\">\r\n                <div class=\"col-12 col-lg-6 contact-person-text-wrapper contact-text-align\">\r\n                    <span class=\"wt-bh\">Ihr Kontakt zu LGI<\/span>\r\n                    <span class=\"wt-hl wt-big-string\">Wie d\u00fcrfen wir Ihnen <span class='wt-font-color-white'>helfen?<\/span><\/span>\r\n                <\/div>\r\n                <div class=\"col-12 col-lg-6 order-first order-lg-last contact-person-img-wrapper\">\r\n                    <div>\r\n                        <div class=\"contact-person-wrapper contact-person\">\r\n                            <div class=\"d-flex align-items-stretch\">\r\n                                <div class=\"image-section\">\r\n                                    <img loading=\"lazy\" decoding=\"async\" width=\"540\" height=\"500\" src=\"\/wp-content\/uploads\/2023\/09\/lgi-contact-person-frank-bahnmueller.png\" class=\"img-fluid\" alt=\"LGI Contact person - Frank Bahnm\u00fcller\" srcset=\"\/wp-content\/uploads\/2023\/09\/lgi-contact-person-frank-bahnmueller.png 540w, \/wp-content\/uploads\/2023\/09\/lgi-contact-person-frank-bahnmueller-300x278.png 300w\" sizes=\"auto, (max-width: 540px) 100vw, 540px\" \/>\r\n                                <\/div>\r\n                                <div class=\"pe-3 pe-sm-0 ps-3 ps-xl-3 d-flex flex-column justify-content-end content-section\">\r\n                                    <p class=\"wt-sl\">Ihr Kontakt<\/p>\r\n                                \r\n                                    <p class=\"text-sec wt-text-sec\">\r\n                                        <span>reuseIT<\/span><br>\r\n                                         Frank Bahnm\u00fcller<br>\r\n                                        <a class=\"wt-k-click-tel\" href=\"tel:+4970322291605\">+49 7032 2291 605<\/a><br>\r\n                                        <a class=\"wt-k-click-mail\" href=\"&#109;&#97;&#105;&#108;&#116;&#111;&#58;%66%72%61%6e%6b%5f%62%61%68%6e%6d%75%65%6c%6c%65%72@%72%65%75%73%65%69%74.%64%65\">&#x66;&#x72;&#x61;&#x6e;&#x6b;&#x5f;&#x62;&#x61;&#x68;&#x6e;&#x6d;&#x75;&#x65;&#x6c;&#x6c;&#x65;&#x72;&#x40;&#x72;&#x65;&#x75;&#x73;&#x65;&#x69;&#x74;&#x2e;&#x64;&#x65;<\/a>\r\n                                    <\/p>\r\n                                    <div class=\"button-wrapper\">\r\n                                        <div class=\"wt-bt d-none d-sm-block\" data-bs-toggle=\"modal\" data-bs-target=\"#contactModal\">Kontakt aufnehmen<\/div>\r\n                                        <div class=\"d-none d-sm-block \">\r\n        <div class=\"appoitment-wrapper-btn\">\r\n                    <a class=\"appoitmentBtn wt-appointment-btn\" href=\"https:\/\/outlook.office365.com\/owa\/calendar\/TerminbuchungmitFrankBahnmller@lgigroup.onmicrosoft.com\/bookings\/\" target=\"_blank\" rel=\"noopener\">\r\n                                <div class=\"wt-bt-t mt-0 wt-height\">\r\n                                    <svg>\r\n                                        <rect x=\"0\" y=\"0\" fill=\"none\" width=\"100%\" height=\"100%\"><\/rect>\r\n                                    <\/svg>\r\n                                    Termin buchen\r\n                                <\/div>\r\n                            <\/a>\r\n                            <\/div>  <\/div>\r\n                                    <\/div>    \r\n                                <\/div>\r\n                            <\/div>                            \r\n                            <div class=\"button-wrapper\">\r\n                                <div class=\"mt-md-3 pt-3 pb-3 ps-3 pe-3 pt-md-3 d-sm-none\">\r\n                                    <div class=\"wt-bt\" data-bs-toggle=\"modal\" data-bs-target=\"#contactModal\">Kontakt aufnehmen<\/div>\r\n                                    \r\n        <div class=\"appoitment-wrapper-btn\">\r\n                    <a class=\"appoitmentBtn wt-appointment-btn\" href=\"https:\/\/outlook.office365.com\/owa\/calendar\/TerminbuchungmitFrankBahnmller@lgigroup.onmicrosoft.com\/bookings\/\" target=\"_blank\" rel=\"noopener\">\r\n                                <div class=\"wt-bt-t mt-0 wt-height\">\r\n                                    <svg>\r\n                                        <rect x=\"0\" y=\"0\" fill=\"none\" width=\"100%\" height=\"100%\"><\/rect>\r\n                                    <\/svg>\r\n                                    Termin buchen\r\n                                <\/div>\r\n                            <\/a>\r\n                            <\/div> \r\n                                <\/div>\r\n                            <\/div> \r\n                        <\/div>                        \r\n                    <\/div>                    \r\n                <\/div>\r\n            <\/div>\r\n        <\/div>\r\n        \r\n    <\/section>\n\n            \r\n        <div class=\"spacing-block extramedium spacing-block-id-69de1d5c19ba8\" >                                     \r\n                  <div class=\"extra-medium-space\">   \r\n                  <\/div>                      \r\n        <\/div>\n\n\n<div class=\"wp-block-group container\"><div class=\"wp-block-group__inner-container is-layout-constrained wp-block-group-is-layout-constrained\">\r\n                <div class=\"headline-block \">\r\n                    \r\n                        <h3 class=\"wt-subheadline wt-sl\">Vorteile<\/h3>\r\n                            \r\n                        \r\n                                                            \r\n                <\/div>\r\n            \n\n            \r\n        <div class=\"spacing-block extrasmall spacing-block-id-69de1d5c19e9d\" >                                     \r\n                  <div class=\"extra-small-space\">   \r\n                  <\/div>                      \r\n        <\/div>\n\n\n<p>ReuseIT bietet seinen Kunden den jahrelangen Erfahrungshintergrund von LGI im Bereich \u201eValue Recovery\u201c und einen kompetenten Ansprechpartner f\u00fcr alle Services und L\u00e4nder.<\/p>\n\n\n\n<ul class=\"wp-block-list\">\n<li>Geringere Komplexit\u00e4t f\u00fcr Sie durch einen Vertragspartner&nbsp;<\/li>\n\n\n\n<li>Durchg\u00e4ngiges Reporting und KPI<\/li>\n\n\n\n<li>Sensible Unternehmensdaten gelangen nicht in falsche H\u00e4nde<\/li>\n\n\n\n<li>Die Aufbereitung der Ger\u00e4te unterst\u00fctzt die Nachhaltigkeitsziele der Unternehmen<\/li>\n\n\n\n<li>Durch den Verkauf erhalten die Unternehmen einen finanziellen Freiraum f\u00fcr neue Investitionen<\/li>\n<\/ul>\n\n\n\n<p>Gemeinsam mit <a href=\"https:\/\/www.reuseit.de\/\" target=\"_blank\" rel=\"noreferrer noopener\">ReuseIT<\/a> immer einen Schritt voraus! Unser Team strebt nach kontinuierlicher Verbesserung hat gesetzliche Rahmenbedingungen im Blick und entwickelt die Services von ReuseIT konsequent weiter.<\/p>\n\n\n            \r\n        <div class=\"spacing-block large spacing-block-id-69de1d5c1ac0c\" >                                     \r\n                  <div class=\"large-space\">   \r\n                  <\/div>                      \r\n        <\/div><\/div><\/div>\n","protected":false},"excerpt":{"rendered":"<p>ReuseIT bringt \u00d6kologie und \u00d6konomie in Einklang. Die Aufbereitung ihrer Ger\u00e4te unterst\u00fctzt die Nachhaltigkeitsziele ihres Unternehmens. Ihre sensiblen Daten gelangen nicht in falsche H\u00e4nde und durch Wiederverkauf entsteht finanzieller Freiraum f\u00fcr neue Investitionen. Gemeinsam schenken wir IT-Ger\u00e4ten ein weiteres Leben und unterst\u00fctzen damit eine umweltfreundliche und wirtschaftliche Kreislaufwirtschaft. Mit der Marke ReuseIT sch\u00e4rfen wir unseren [&hellip;]<\/p>\n","protected":false},"author":1,"featured_media":0,"parent":1162,"menu_order":0,"comment_status":"closed","ping_status":"closed","template":"","meta":{"footnotes":""},"class_list":["post-6758","page","type-page","status-publish","hentry"],"yoast_head":"<!-- This site is optimized with the Yoast SEO plugin v27.3 - https:\/\/yoast.com\/product\/yoast-seo-wordpress\/ -->\n<title>IT-Remarketing f\u00fcr die Umwelt mit ReuseIT<\/title>\n<meta name=\"description\" content=\"Wir schenken IT-Ger\u00e4ten ein zweites Leben mit unseren modularen Services - von Transport \u00fcber Wiederaufbereitung bis Wiedervermarktung.\" \/>\n<meta name=\"robots\" content=\"index, follow, max-snippet:-1, max-image-preview:large, max-video-preview:-1\" \/>\n<link rel=\"canonical\" href=\"https:\/\/lgigroup.com\/de-de\/wp-json\/wp\/v2\/pages\/6758\" \/>\n<meta property=\"og:locale\" content=\"de_DE\" \/>\n<meta property=\"og:type\" content=\"article\" \/>\n<meta property=\"og:title\" content=\"IT-Remarketing f\u00fcr die Umwelt mit ReuseIT\" \/>\n<meta property=\"og:description\" content=\"Wir schenken IT-Ger\u00e4ten ein zweites Leben mit unseren modularen Services - von Transport \u00fcber Wiederaufbereitung bis Wiedervermarktung.\" \/>\n<meta property=\"og:url\" content=\"https:\/\/lgigroup.com\/de-de\/end-to-end-loesungen\/unsere-marken\/reuseit\/\" \/>\n<meta property=\"og:site_name\" content=\"LGI Group\" \/>\n<meta property=\"article:modified_time\" content=\"2024-01-25T14:18:58+00:00\" \/>\n<meta name=\"twitter:card\" content=\"summary_large_image\" \/>\n<meta name=\"twitter:label1\" content=\"Est. reading time\" \/>\n\t<meta name=\"twitter:data1\" content=\"2 minutes\" \/>\n<script type=\"application\/ld+json\" class=\"yoast-schema-graph\">{\"@context\":\"https:\\\/\\\/schema.org\",\"@graph\":[{\"@type\":\"WebPage\",\"@id\":\"https:\\\/\\\/lgigroup.com\\\/de-de\\\/end-to-end-loesungen\\\/unsere-marken\\\/reuseit\\\/\",\"url\":\"https:\\\/\\\/lgigroup.com\\\/de-de\\\/end-to-end-loesungen\\\/unsere-marken\\\/reuseit\\\/\",\"name\":\"IT-Remarketing f\u00fcr die Umwelt mit ReuseIT\",\"isPartOf\":{\"@id\":\"https:\\\/\\\/lgigroup.com\\\/de-de\\\/#website\"},\"datePublished\":\"2023-01-25T08:35:48+00:00\",\"dateModified\":\"2024-01-25T14:18:58+00:00\",\"description\":\"Wir schenken IT-Ger\u00e4ten ein zweites Leben mit unseren modularen Services - von Transport \u00fcber Wiederaufbereitung bis Wiedervermarktung.\",\"breadcrumb\":{\"@id\":\"https:\\\/\\\/lgigroup.com\\\/de-de\\\/end-to-end-loesungen\\\/unsere-marken\\\/reuseit\\\/#breadcrumb\"},\"inLanguage\":\"de-de\",\"potentialAction\":[{\"@type\":\"ReadAction\",\"target\":[\"https:\\\/\\\/lgigroup.com\\\/de-de\\\/end-to-end-loesungen\\\/unsere-marken\\\/reuseit\\\/\"]}]},{\"@type\":\"BreadcrumbList\",\"@id\":\"https:\\\/\\\/lgigroup.com\\\/de-de\\\/end-to-end-loesungen\\\/unsere-marken\\\/reuseit\\\/#breadcrumb\",\"itemListElement\":[{\"@type\":\"ListItem\",\"position\":1,\"name\":\"Startseite\",\"item\":\"https:\\\/\\\/lgigroup.com\\\/de-de\\\/\"},{\"@type\":\"ListItem\",\"position\":2,\"name\":\"End-to-End L\u00f6sungen\",\"item\":\"https:\\\/\\\/lgigroup.com\\\/de-de\\\/end-to-end-loesungen\\\/\"},{\"@type\":\"ListItem\",\"position\":3,\"name\":\"Unsere Marken\",\"item\":\"https:\\\/\\\/lgigroup.com\\\/de-de\\\/end-to-end-loesungen\\\/unsere-marken\\\/\"},{\"@type\":\"ListItem\",\"position\":4,\"name\":\"ReuseIT\"}]},{\"@type\":\"WebSite\",\"@id\":\"https:\\\/\\\/lgigroup.com\\\/de-de\\\/#website\",\"url\":\"https:\\\/\\\/lgigroup.com\\\/de-de\\\/\",\"name\":\"LGI Group\",\"description\":\"\",\"publisher\":{\"@id\":\"https:\\\/\\\/lgigroup.com\\\/de-de\\\/#organization\"},\"potentialAction\":[{\"@type\":\"SearchAction\",\"target\":{\"@type\":\"EntryPoint\",\"urlTemplate\":\"https:\\\/\\\/lgigroup.com\\\/de-de\\\/?s={search_term_string}\"},\"query-input\":{\"@type\":\"PropertyValueSpecification\",\"valueRequired\":true,\"valueName\":\"search_term_string\"}}],\"inLanguage\":\"de-de\"},{\"@type\":\"Organization\",\"@id\":\"https:\\\/\\\/lgigroup.com\\\/de-de\\\/#organization\",\"name\":\"LGI GmbH\",\"url\":\"https:\\\/\\\/lgigroup.com\\\/de-de\\\/\",\"logo\":{\"@type\":\"ImageObject\",\"inLanguage\":\"de-de\",\"@id\":\"https:\\\/\\\/lgigroup.com\\\/de-de\\\/#\\\/schema\\\/logo\\\/image\\\/\",\"url\":\"https:\\\/\\\/lgigroup.com\\\/wp-content\\\/uploads\\\/2023\\\/01\\\/lgi-logo.png\",\"contentUrl\":\"https:\\\/\\\/lgigroup.com\\\/wp-content\\\/uploads\\\/2023\\\/01\\\/lgi-logo.png\",\"width\":420,\"height\":200,\"caption\":\"LGI GmbH\"},\"image\":{\"@id\":\"https:\\\/\\\/lgigroup.com\\\/de-de\\\/#\\\/schema\\\/logo\\\/image\\\/\"}}]}<\/script>\n<!-- \/ Yoast SEO plugin. -->","yoast_head_json":{"title":"IT-Remarketing f\u00fcr die Umwelt mit ReuseIT","description":"Wir schenken IT-Ger\u00e4ten ein zweites Leben mit unseren modularen Services - von Transport \u00fcber Wiederaufbereitung bis Wiedervermarktung.","robots":{"index":"index","follow":"follow","max-snippet":"max-snippet:-1","max-image-preview":"max-image-preview:large","max-video-preview":"max-video-preview:-1"},"canonical":"https:\/\/lgigroup.com\/de-de\/wp-json\/wp\/v2\/pages\/6758","og_locale":"de_DE","og_type":"article","og_title":"IT-Remarketing f\u00fcr die Umwelt mit ReuseIT","og_description":"Wir schenken IT-Ger\u00e4ten ein zweites Leben mit unseren modularen Services - von Transport \u00fcber Wiederaufbereitung bis Wiedervermarktung.","og_url":"https:\/\/lgigroup.com\/de-de\/end-to-end-loesungen\/unsere-marken\/reuseit\/","og_site_name":"LGI Group","article_modified_time":"2024-01-25T14:18:58+00:00","twitter_card":"summary_large_image","twitter_misc":{"Est. reading time":"2 minutes"},"schema":{"@context":"https:\/\/schema.org","@graph":[{"@type":"WebPage","@id":"https:\/\/lgigroup.com\/de-de\/end-to-end-loesungen\/unsere-marken\/reuseit\/","url":"https:\/\/lgigroup.com\/de-de\/end-to-end-loesungen\/unsere-marken\/reuseit\/","name":"IT-Remarketing f\u00fcr die Umwelt mit ReuseIT","isPartOf":{"@id":"https:\/\/lgigroup.com\/de-de\/#website"},"datePublished":"2023-01-25T08:35:48+00:00","dateModified":"2024-01-25T14:18:58+00:00","description":"Wir schenken IT-Ger\u00e4ten ein zweites Leben mit unseren modularen Services - von Transport \u00fcber Wiederaufbereitung bis Wiedervermarktung.","breadcrumb":{"@id":"https:\/\/lgigroup.com\/de-de\/end-to-end-loesungen\/unsere-marken\/reuseit\/#breadcrumb"},"inLanguage":"de-de","potentialAction":[{"@type":"ReadAction","target":["https:\/\/lgigroup.com\/de-de\/end-to-end-loesungen\/unsere-marken\/reuseit\/"]}]},{"@type":"BreadcrumbList","@id":"https:\/\/lgigroup.com\/de-de\/end-to-end-loesungen\/unsere-marken\/reuseit\/#breadcrumb","itemListElement":[{"@type":"ListItem","position":1,"name":"Startseite","item":"https:\/\/lgigroup.com\/de-de\/"},{"@type":"ListItem","position":2,"name":"End-to-End L\u00f6sungen","item":"https:\/\/lgigroup.com\/de-de\/end-to-end-loesungen\/"},{"@type":"ListItem","position":3,"name":"Unsere Marken","item":"https:\/\/lgigroup.com\/de-de\/end-to-end-loesungen\/unsere-marken\/"},{"@type":"ListItem","position":4,"name":"ReuseIT"}]},{"@type":"WebSite","@id":"https:\/\/lgigroup.com\/de-de\/#website","url":"https:\/\/lgigroup.com\/de-de\/","name":"LGI Group","description":"","publisher":{"@id":"https:\/\/lgigroup.com\/de-de\/#organization"},"potentialAction":[{"@type":"SearchAction","target":{"@type":"EntryPoint","urlTemplate":"https:\/\/lgigroup.com\/de-de\/?s={search_term_string}"},"query-input":{"@type":"PropertyValueSpecification","valueRequired":true,"valueName":"search_term_string"}}],"inLanguage":"de-de"},{"@type":"Organization","@id":"https:\/\/lgigroup.com\/de-de\/#organization","name":"LGI GmbH","url":"https:\/\/lgigroup.com\/de-de\/","logo":{"@type":"ImageObject","inLanguage":"de-de","@id":"https:\/\/lgigroup.com\/de-de\/#\/schema\/logo\/image\/","url":"https:\/\/lgigroup.com\/wp-content\/uploads\/2023\/01\/lgi-logo.png","contentUrl":"https:\/\/lgigroup.com\/wp-content\/uploads\/2023\/01\/lgi-logo.png","width":420,"height":200,"caption":"LGI GmbH"},"image":{"@id":"https:\/\/lgigroup.com\/de-de\/#\/schema\/logo\/image\/"}}]}},"_links":{"self":[{"href":"https:\/\/lgigroup.com\/de-de\/wp-json\/wp\/v2\/pages\/6758","targetHints":{"allow":["GET"]}}],"collection":[{"href":"https:\/\/lgigroup.com\/de-de\/wp-json\/wp\/v2\/pages"}],"about":[{"href":"https:\/\/lgigroup.com\/de-de\/wp-json\/wp\/v2\/types\/page"}],"author":[{"embeddable":true,"href":"https:\/\/lgigroup.com\/de-de\/wp-json\/wp\/v2\/users\/1"}],"replies":[{"embeddable":true,"href":"https:\/\/lgigroup.com\/de-de\/wp-json\/wp\/v2\/comments?post=6758"}],"version-history":[{"count":21,"href":"https:\/\/lgigroup.com\/de-de\/wp-json\/wp\/v2\/pages\/6758\/revisions"}],"predecessor-version":[{"id":26760,"href":"https:\/\/lgigroup.com\/de-de\/wp-json\/wp\/v2\/pages\/6758\/revisions\/26760"}],"up":[{"embeddable":true,"href":"https:\/\/lgigroup.com\/de-de\/wp-json\/wp\/v2\/pages\/1162"}],"wp:attachment":[{"href":"https:\/\/lgigroup.com\/de-de\/wp-json\/wp\/v2\/media?parent=6758"}],"curies":[{"name":"wp","href":"https:\/\/api.w.org\/{rel}","templated":true}]}}