{"id":68,"date":"2022-12-22T14:29:34","date_gmt":"2022-12-22T13:29:34","guid":{"rendered":"https:\/\/lgigroup.com\/?page_id=68"},"modified":"2025-05-19T11:45:55","modified_gmt":"2025-05-19T09:45:55","slug":"unser-selbstverstaendnis","status":"publish","type":"page","link":"https:\/\/lgigroup.com\/de-de\/end-to-end-loesungen\/unser-selbstverstaendnis\/","title":{"rendered":"Unser Selbstverst\u00e4ndnis"},"content":{"rendered":"\r\n\t\t<section class=\"titelbild-section titelbild-block-id-69f32006a4a30 titelbild-block-layout-\">\r\n            <div class=\"col-12 col-lg-12\">\r\n                <div class=\"full-bild\"> <img loading=\"lazy\" decoding=\"async\" width=\"1920\" height=\"700\" src=\"\/wp-content\/uploads\/2023\/01\/global-network-of-lgi.jpg\" class=\"img-fluid\" alt=\"Globales Netzwerk der LGI\" srcset=\"\/wp-content\/uploads\/2023\/01\/global-network-of-lgi.jpg 1920w, \/wp-content\/uploads\/2023\/01\/global-network-of-lgi-300x109.jpg 300w, \/wp-content\/uploads\/2023\/01\/global-network-of-lgi-1024x373.jpg 1024w, \/wp-content\/uploads\/2023\/01\/global-network-of-lgi-768x280.jpg 768w, \/wp-content\/uploads\/2023\/01\/global-network-of-lgi-1536x560.jpg 1536w\" sizes=\"auto, (max-width: 1920px) 100vw, 1920px\" \/><\/div>\r\n                <div class=\"bild-title container\">\r\n                    <div class=\"row\">\r\n                                <div class=\"col\">\r\n                                    <p class=\"headline wt-h1\">LGI Vision<\/p>\r\n                                <\/div>                                        \r\n                            <\/div> \r\n                <\/div>\r\n            <\/div>\r\n        <\/section>\r\n\t\n\n            \r\n        <div class=\"spacing-block large spacing-block-id-69f32006a4f56\" >                                     \r\n                  <div class=\"large-space\">   \r\n                  <\/div>                      \r\n        <\/div>\n\n\r\n                <div class=\"headline-block \">\r\n                    \r\n                        <div class=\"container\">                            \r\n                            <div class=\"row\">\r\n                        <div class=\"col\">\r\n                            <h1 class=\"wt-subheadline wt-sl sub-headline-align\">LGI Logistics Group International GmbH<\/h1>\r\n                        <\/div>\r\n                    <\/div>\r\n                            \r\n                            <div class=\"row\">\r\n                                <div class=\"col\">\r\n                                    <h2 class=\"wt-h1 wt-font-color-dark-grey\">F\u00fchrend in der Entwicklung moderner Demand-Chain-L\u00f6sungen<\/h2>\r\n                                <\/div>                                        \r\n                            <\/div>                                                                                                    \r\n                        <\/div>                                \r\n                <\/div>\r\n            \n\n            \r\n        <div class=\"spacing-block extrasmall spacing-block-id-69f32006a50eb\" >                                     \r\n                  <div class=\"extra-small-space\">   \r\n                  <\/div>                      \r\n        <\/div>\n\n   \r\n    \r\n    <div class=\"grey-line-block grey-line-block-id-69f32006a51ae\">\r\n        \r\n        <div class=\"container\">\r\n            <div class=\"row\">\r\n                <div class=\"col test\">\r\n                    <div class=\"grey-line-block-line\"><\/div>\r\n                <\/div>                \r\n            <\/div>\r\n        <\/div>\r\n        \r\n    <\/div>\n\n            \r\n        <div class=\"spacing-block small spacing-block-id-69f32006a526f\" >                                     \r\n                  <div class=\"small-space\">   \r\n                  <\/div>                      \r\n        <\/div>\n\n\r\n                <div class=\"headline-block \">\r\n                    \r\n                        <div class=\"container\">                            \r\n                            <div class=\"row\">\r\n                        <div class=\"col\">\r\n                            <h3 class=\"wt-subheadline wt-sl\">Unsere Vision<\/h3>\r\n                        <\/div>\r\n                    <\/div>\r\n                            \r\n                                                                                                                                \r\n                        <\/div>                                \r\n                <\/div>\r\n            \n\n            \r\n        <div class=\"spacing-block doublesmall spacing-block-id-69f32006a53ed\" >                                     \r\n                  <div class=\"double-small-space\">   \r\n                  <\/div>                      \r\n        <\/div>\n\n\n<div class=\"wp-block-group container\"><div class=\"wp-block-group__inner-container is-layout-constrained wp-block-group-is-layout-constrained\">\n<p>Die LGI Logistics Group International hat eine klare Mission:<\/p>\n\n\n\n<p>\u201eProvide leading and flexible end-to-end demand chain solutions with a high degree of value-added services as a customers\u2019 partner.\u201d<\/p>\n\n\n\n<p>Mit \u201eleading\u201d (f\u00fchrend) definieren wir innovative, zukunftsgerichtete, leistungsf\u00e4hige und wettbewerbsf\u00e4hige Services. \u201eFlexible end-to-end demand chain solutions\u201c sind f\u00fcr uns dann flexibel, wenn sie auf unsere Kunden zugeschnitten sind und auf den Best-Practices basieren, die wir bereits in unseren einzelnen Gesch\u00e4ftsfeldern entwickelt haben.<\/p>\n<\/div><\/div>\n\n\n            \r\n        <div class=\"spacing-block doublesmall spacing-block-id-69f32006a64ee\" >                                     \r\n                  <div class=\"double-small-space\">   \r\n                  <\/div>                      \r\n        <\/div>\n\n\n<div class=\"wp-block-group container\"><div class=\"wp-block-group__inner-container is-layout-constrained wp-block-group-is-layout-constrained\">\n<div class=\"wp-block-columns is-layout-flex wp-container-core-columns-is-layout-9d6595d7 wp-block-columns-is-layout-flex\">\n<div class=\"wp-block-column is-layout-flow wp-block-column-is-layout-flow\">\n<p><strong>End-to-End Demand Chain<\/strong><br>End-to-End Supply Chain war gestern. Heute m\u00fcssen die Demand Impulse vom (End-)Kunden kommen und die gesamte End-To-End Demand Chain wird dar\u00fcber gesteuert und orchestriert. Dies beinhaltet den <a href=\"\/de-de\/end-to-end-loesungen\/unsere-geschaeftsmodelle\/technical-logistics-scs-lcm\/\">gesamten Lebenszyklus des Produkts<\/a> von der Entstehung bis zu Wiederverwendung oder Recycling. LGI verf\u00fcgt \u00fcber diese Steuerungskompetenz. Wir erleichtern damit unseren Kunden Ihr Gesch\u00e4ft: Sie konzentrieren sich auf Ihr Produkt und seinen Vertrieb, wir stellen sicher, dass es bei den Kunden ankommt und \u2013 je nach Anforderung \u2013 am Ende des Lebenszyklus auch wieder zur\u00fcckkommt.<\/p>\n\n\n\n<p><strong>High Degree of Value Added Services<br><\/strong>Reine Transportl\u00f6sungen oder Lagert\u00e4tigkeiten sind heute f\u00fcr viele Unternehmen eine Commodity. Als eines der f\u00fchrenden Kontraktlogistikunternehmen in Europa bilden sie f\u00fcr uns die Grundlage unseres Gesch\u00e4fts. Doch wir geben uns nicht damit zufrieden. Mit einem umfangreichen Portfolio an <a href=\"\/de-de\/end-to-end-loesungen\/unsere-geschaeftsmodelle\/vas\/\">Value Added Services<\/a> begeistern wir unsere Kunden und bieten auch Ihnen einen attraktiven Mehrwert.<\/p>\n<\/div>\n\n\n\n<div class=\"wp-block-column is-layout-flow wp-block-column-is-layout-flow\">\n<p>Beispielsweise mit Services wie der Beflockung von T-Shirts, der Aufarbeitung von Textilien oder dem Retouren-Handling, mit technischen Logistikservices wie dem Aufspielen neuer Firmware f\u00fcr PCs oder Drucker, dem zertifizierten L\u00f6schen von Ger\u00e4ten, der Wiederaufarbeitung von technischen Ger\u00e4ten oder mit dem Betreiben eines Repair Centers, mit Vormontagen im <a href=\"\/de-de\/branchen\/automotive\/\">Automobilbereich<\/a> oder einfacher <a href=\"\/de-de\/branchen\/elektronik\/\">Elektronikproduktion<\/a>.<\/p>\n\n\n\n<p><strong>As a Customer\u2019s partner<br><\/strong>Wir sind f\u00fcr unsere Kunden weit mehr als ein Dienstleister. Wir sind Ihr Schl\u00fcsselpartner und arbeiten entsprechend auf Augenh\u00f6he zusammen. Wir erarbeiten kundenad\u00e4quate Services und entwickeln unsere zukunftsorientierten strategischen L\u00f6sungen gemeinsam mit unseren Kunden weiter \u2013 f\u00fcr gemeinsame Erfolge und eine langfristige Wettbewerbsf\u00e4higkeit auf beiden Seiten.<\/p>\n<\/div>\n<\/div>\n<\/div><\/div>\n\n\n            \r\n        <div class=\"spacing-block small spacing-block-id-69f32006a6b27\" >                                     \r\n                  <div class=\"small-space\">   \r\n                  <\/div>                      \r\n        <\/div>\n\n\r\n                <div class=\"headline-block \">\r\n                    \r\n                        <div class=\"container\">                            \r\n                            <div class=\"row\">\r\n                        <div class=\"col\">\r\n                            <h3 class=\"wt-subheadline wt-sl\">Unsere wichtigsten Mehrwerte<\/h3>\r\n                        <\/div>\r\n                    <\/div>\r\n                            \r\n                                                                                                                                \r\n                        <\/div>                                \r\n                <\/div>\r\n            \n\n            \r\n        <div class=\"spacing-block doublesmall spacing-block-id-69f32006a6caf\" >                                     \r\n                  <div class=\"double-small-space\">   \r\n                  <\/div>                      \r\n        <\/div>\n\n\n<div class=\"wp-block-group container\"><div class=\"wp-block-group__inner-container is-layout-constrained wp-block-group-is-layout-constrained\">\n<ul class=\"wp-block-list\">\n<li>Wir verf\u00fcgen \u00fcber langj\u00e4hrige Erfahrung und Best Practices in zahlreichen Gesch\u00e4ftsmodellen der Logistik.<\/li>\n\n\n\n<li>Wir zeichnen uns durch digitale und operationale Exzellenz aus, nutzen die Chancen der Digitalisierung konsequent und betreiben seit Jahren erfolgreich unser Lean Management-basiertes LGI Operating System (LOS) zur Optimierung von Performance- und Qualit\u00e4tszielen.&nbsp;<\/li>\n\n\n\n<li>Wir sind mit mehr als 50 Standorten europaweit vernetzt und bieten u. a. \u00fcber die Elanders Gruppe (mit Mentor Media, Elanders, Bergen Logistics etc.) globale End-to-End Demand-Chain-L\u00f6sungen aus einer Hand an.<\/li>\n\n\n\n<li>Wir liefern hohe Qualit\u00e4t, Prozesse und Informationssicherheit, belegt durch diverse Zertifikate (z. B. <a href=\"\/de-de\/glossar\/zertifikat-iso-9001\/\">ISO 9001<\/a>, <a href=\"\/de-de\/glossar\/zertifikat-iso-iec-27001\/\">ISO 27001<\/a> und <a href=\"\/de-de\/glossar\/zertifikat-iso-14001\/\">ISO 14001<\/a>).<\/li>\n\n\n\n<li>Wir kombinieren und steuern f\u00fcr Sie verschiedenste Elemente von Logistik und <a href=\"\/de-de\/end-to-end-loesungen\/unsere-geschaeftsmodelle\/vas\/\">Value Added Services<\/a> in der End-to-End Demand Chain.<\/li>\n\n\n\n<li>Durch unsere langj\u00e4hrige Partnerschaft mit Kunden bieten wir eine hohe Flexibilit\u00e4t sowie eine konsequente gemeinsame Prozessoptimierung.<\/li>\n<\/ul>\n<\/div><\/div>\n\n\n            \r\n        <div class=\"spacing-block large spacing-block-id-69f32006a7191\" >                                     \r\n                  <div class=\"large-space\">   \r\n                  <\/div>                      \r\n        <\/div>","protected":false},"excerpt":{"rendered":"<p>Die LGI Logistics Group International hat eine klare Mission: \u201eProvide leading and flexible end-to-end demand chain solutions with a high degree of value-added services as a customers\u2019 partner.\u201d Mit \u201eleading\u201d (f\u00fchrend) definieren wir innovative, zukunftsgerichtete, leistungsf\u00e4hige und wettbewerbsf\u00e4hige Services. \u201eFlexible end-to-end demand chain solutions\u201c sind f\u00fcr uns dann flexibel, wenn sie auf unsere Kunden zugeschnitten [&hellip;]<\/p>\n","protected":false},"author":1,"featured_media":0,"parent":66,"menu_order":0,"comment_status":"closed","ping_status":"closed","template":"","meta":{"footnotes":""},"class_list":["post-68","page","type-page","status-publish","hentry"],"yoast_head":"<!-- This site is optimized with the Yoast SEO plugin v27.3 - https:\/\/yoast.com\/product\/yoast-seo-wordpress\/ -->\n<title>Unsere Mission &amp; Leitlinien | LGI<\/title>\n<meta name=\"description\" content=\"Unser Ziel ist es Ihr Produkt w\u00e4hrend des gesamten Lebenszykluses zu begleiten und Ihr Schl\u00fcsselpartner zu sein. Wir freuen uns auf die Zusammenarbeit.\" \/>\n<meta name=\"robots\" content=\"index, follow, max-snippet:-1, max-image-preview:large, max-video-preview:-1\" \/>\n<link rel=\"canonical\" href=\"https:\/\/lgigroup.com\/de-de\/wp-json\/wp\/v2\/pages\/68\" \/>\n<meta property=\"og:locale\" content=\"de_DE\" \/>\n<meta property=\"og:type\" content=\"article\" \/>\n<meta property=\"og:title\" content=\"Unsere Mission &amp; Leitlinien | LGI\" \/>\n<meta property=\"og:description\" content=\"Unser Ziel ist es Ihr Produkt w\u00e4hrend des gesamten Lebenszykluses zu begleiten und Ihr Schl\u00fcsselpartner zu sein. Wir freuen uns auf die Zusammenarbeit.\" \/>\n<meta property=\"og:url\" content=\"https:\/\/lgigroup.com\/de-de\/end-to-end-loesungen\/unser-selbstverstaendnis\/\" \/>\n<meta property=\"og:site_name\" content=\"LGI Group\" \/>\n<meta property=\"article:modified_time\" content=\"2025-05-19T09:45:55+00:00\" \/>\n<meta name=\"twitter:card\" content=\"summary_large_image\" \/>\n<meta name=\"twitter:label1\" content=\"Est. reading time\" \/>\n\t<meta name=\"twitter:data1\" content=\"3 minutes\" \/>\n<script type=\"application\/ld+json\" class=\"yoast-schema-graph\">{\"@context\":\"https:\\\/\\\/schema.org\",\"@graph\":[{\"@type\":\"WebPage\",\"@id\":\"https:\\\/\\\/lgigroup.com\\\/de-de\\\/end-to-end-loesungen\\\/unser-selbstverstaendnis\\\/\",\"url\":\"https:\\\/\\\/lgigroup.com\\\/de-de\\\/end-to-end-loesungen\\\/unser-selbstverstaendnis\\\/\",\"name\":\"Unsere Mission & Leitlinien | LGI\",\"isPartOf\":{\"@id\":\"https:\\\/\\\/lgigroup.com\\\/de-de\\\/#website\"},\"datePublished\":\"2022-12-22T13:29:34+00:00\",\"dateModified\":\"2025-05-19T09:45:55+00:00\",\"description\":\"Unser Ziel ist es Ihr Produkt w\u00e4hrend des gesamten Lebenszykluses zu begleiten und Ihr Schl\u00fcsselpartner zu sein. Wir freuen uns auf die Zusammenarbeit.\",\"breadcrumb\":{\"@id\":\"https:\\\/\\\/lgigroup.com\\\/de-de\\\/end-to-end-loesungen\\\/unser-selbstverstaendnis\\\/#breadcrumb\"},\"inLanguage\":\"de-de\",\"potentialAction\":[{\"@type\":\"ReadAction\",\"target\":[\"https:\\\/\\\/lgigroup.com\\\/de-de\\\/end-to-end-loesungen\\\/unser-selbstverstaendnis\\\/\"]}]},{\"@type\":\"BreadcrumbList\",\"@id\":\"https:\\\/\\\/lgigroup.com\\\/de-de\\\/end-to-end-loesungen\\\/unser-selbstverstaendnis\\\/#breadcrumb\",\"itemListElement\":[{\"@type\":\"ListItem\",\"position\":1,\"name\":\"Startseite\",\"item\":\"https:\\\/\\\/lgigroup.com\\\/de-de\\\/\"},{\"@type\":\"ListItem\",\"position\":2,\"name\":\"End-to-End L\u00f6sungen\",\"item\":\"https:\\\/\\\/lgigroup.com\\\/de-de\\\/end-to-end-loesungen\\\/\"},{\"@type\":\"ListItem\",\"position\":3,\"name\":\"Unser Selbstverst\u00e4ndnis\"}]},{\"@type\":\"WebSite\",\"@id\":\"https:\\\/\\\/lgigroup.com\\\/de-de\\\/#website\",\"url\":\"https:\\\/\\\/lgigroup.com\\\/de-de\\\/\",\"name\":\"LGI Group\",\"description\":\"\",\"publisher\":{\"@id\":\"https:\\\/\\\/lgigroup.com\\\/de-de\\\/#organization\"},\"potentialAction\":[{\"@type\":\"SearchAction\",\"target\":{\"@type\":\"EntryPoint\",\"urlTemplate\":\"https:\\\/\\\/lgigroup.com\\\/de-de\\\/?s={search_term_string}\"},\"query-input\":{\"@type\":\"PropertyValueSpecification\",\"valueRequired\":true,\"valueName\":\"search_term_string\"}}],\"inLanguage\":\"de-de\"},{\"@type\":\"Organization\",\"@id\":\"https:\\\/\\\/lgigroup.com\\\/de-de\\\/#organization\",\"name\":\"LGI GmbH\",\"url\":\"https:\\\/\\\/lgigroup.com\\\/de-de\\\/\",\"logo\":{\"@type\":\"ImageObject\",\"inLanguage\":\"de-de\",\"@id\":\"https:\\\/\\\/lgigroup.com\\\/de-de\\\/#\\\/schema\\\/logo\\\/image\\\/\",\"url\":\"https:\\\/\\\/lgigroup.com\\\/wp-content\\\/uploads\\\/2023\\\/01\\\/lgi-logo.png\",\"contentUrl\":\"https:\\\/\\\/lgigroup.com\\\/wp-content\\\/uploads\\\/2023\\\/01\\\/lgi-logo.png\",\"width\":420,\"height\":200,\"caption\":\"LGI GmbH\"},\"image\":{\"@id\":\"https:\\\/\\\/lgigroup.com\\\/de-de\\\/#\\\/schema\\\/logo\\\/image\\\/\"}}]}<\/script>\n<!-- \/ Yoast SEO plugin. -->","yoast_head_json":{"title":"Unsere Mission & Leitlinien | LGI","description":"Unser Ziel ist es Ihr Produkt w\u00e4hrend des gesamten Lebenszykluses zu begleiten und Ihr Schl\u00fcsselpartner zu sein. Wir freuen uns auf die Zusammenarbeit.","robots":{"index":"index","follow":"follow","max-snippet":"max-snippet:-1","max-image-preview":"max-image-preview:large","max-video-preview":"max-video-preview:-1"},"canonical":"https:\/\/lgigroup.com\/de-de\/wp-json\/wp\/v2\/pages\/68","og_locale":"de_DE","og_type":"article","og_title":"Unsere Mission & Leitlinien | LGI","og_description":"Unser Ziel ist es Ihr Produkt w\u00e4hrend des gesamten Lebenszykluses zu begleiten und Ihr Schl\u00fcsselpartner zu sein. Wir freuen uns auf die Zusammenarbeit.","og_url":"https:\/\/lgigroup.com\/de-de\/end-to-end-loesungen\/unser-selbstverstaendnis\/","og_site_name":"LGI Group","article_modified_time":"2025-05-19T09:45:55+00:00","twitter_card":"summary_large_image","twitter_misc":{"Est. reading time":"3 minutes"},"schema":{"@context":"https:\/\/schema.org","@graph":[{"@type":"WebPage","@id":"https:\/\/lgigroup.com\/de-de\/end-to-end-loesungen\/unser-selbstverstaendnis\/","url":"https:\/\/lgigroup.com\/de-de\/end-to-end-loesungen\/unser-selbstverstaendnis\/","name":"Unsere Mission & Leitlinien | LGI","isPartOf":{"@id":"https:\/\/lgigroup.com\/de-de\/#website"},"datePublished":"2022-12-22T13:29:34+00:00","dateModified":"2025-05-19T09:45:55+00:00","description":"Unser Ziel ist es Ihr Produkt w\u00e4hrend des gesamten Lebenszykluses zu begleiten und Ihr Schl\u00fcsselpartner zu sein. Wir freuen uns auf die Zusammenarbeit.","breadcrumb":{"@id":"https:\/\/lgigroup.com\/de-de\/end-to-end-loesungen\/unser-selbstverstaendnis\/#breadcrumb"},"inLanguage":"de-de","potentialAction":[{"@type":"ReadAction","target":["https:\/\/lgigroup.com\/de-de\/end-to-end-loesungen\/unser-selbstverstaendnis\/"]}]},{"@type":"BreadcrumbList","@id":"https:\/\/lgigroup.com\/de-de\/end-to-end-loesungen\/unser-selbstverstaendnis\/#breadcrumb","itemListElement":[{"@type":"ListItem","position":1,"name":"Startseite","item":"https:\/\/lgigroup.com\/de-de\/"},{"@type":"ListItem","position":2,"name":"End-to-End L\u00f6sungen","item":"https:\/\/lgigroup.com\/de-de\/end-to-end-loesungen\/"},{"@type":"ListItem","position":3,"name":"Unser Selbstverst\u00e4ndnis"}]},{"@type":"WebSite","@id":"https:\/\/lgigroup.com\/de-de\/#website","url":"https:\/\/lgigroup.com\/de-de\/","name":"LGI Group","description":"","publisher":{"@id":"https:\/\/lgigroup.com\/de-de\/#organization"},"potentialAction":[{"@type":"SearchAction","target":{"@type":"EntryPoint","urlTemplate":"https:\/\/lgigroup.com\/de-de\/?s={search_term_string}"},"query-input":{"@type":"PropertyValueSpecification","valueRequired":true,"valueName":"search_term_string"}}],"inLanguage":"de-de"},{"@type":"Organization","@id":"https:\/\/lgigroup.com\/de-de\/#organization","name":"LGI GmbH","url":"https:\/\/lgigroup.com\/de-de\/","logo":{"@type":"ImageObject","inLanguage":"de-de","@id":"https:\/\/lgigroup.com\/de-de\/#\/schema\/logo\/image\/","url":"https:\/\/lgigroup.com\/wp-content\/uploads\/2023\/01\/lgi-logo.png","contentUrl":"https:\/\/lgigroup.com\/wp-content\/uploads\/2023\/01\/lgi-logo.png","width":420,"height":200,"caption":"LGI GmbH"},"image":{"@id":"https:\/\/lgigroup.com\/de-de\/#\/schema\/logo\/image\/"}}]}},"_links":{"self":[{"href":"https:\/\/lgigroup.com\/de-de\/wp-json\/wp\/v2\/pages\/68","targetHints":{"allow":["GET"]}}],"collection":[{"href":"https:\/\/lgigroup.com\/de-de\/wp-json\/wp\/v2\/pages"}],"about":[{"href":"https:\/\/lgigroup.com\/de-de\/wp-json\/wp\/v2\/types\/page"}],"author":[{"embeddable":true,"href":"https:\/\/lgigroup.com\/de-de\/wp-json\/wp\/v2\/users\/1"}],"replies":[{"embeddable":true,"href":"https:\/\/lgigroup.com\/de-de\/wp-json\/wp\/v2\/comments?post=68"}],"version-history":[{"count":24,"href":"https:\/\/lgigroup.com\/de-de\/wp-json\/wp\/v2\/pages\/68\/revisions"}],"predecessor-version":[{"id":27236,"href":"https:\/\/lgigroup.com\/de-de\/wp-json\/wp\/v2\/pages\/68\/revisions\/27236"}],"up":[{"embeddable":true,"href":"https:\/\/lgigroup.com\/de-de\/wp-json\/wp\/v2\/pages\/66"}],"wp:attachment":[{"href":"https:\/\/lgigroup.com\/de-de\/wp-json\/wp\/v2\/media?parent=68"}],"curies":[{"name":"wp","href":"https:\/\/api.w.org\/{rel}","templated":true}]}}