{"id":71,"date":"2022-12-22T14:30:34","date_gmt":"2022-12-22T13:30:34","guid":{"rendered":"https:\/\/lgigroup.com\/?page_id=71"},"modified":"2023-09-25T11:58:00","modified_gmt":"2023-09-25T09:58:00","slug":"unsere-geschaeftsmodelle","status":"publish","type":"page","link":"https:\/\/lgigroup.com\/de-de\/end-to-end-loesungen\/unsere-geschaeftsmodelle\/","title":{"rendered":"Unsere Gesch\u00e4ftsmodelle"},"content":{"rendered":"\r\n\t\t<section class=\"titelbild-section titelbild-block-id-69de19fc82a47 titelbild-block-layout-\">\r\n            <div class=\"col-12 col-lg-12\">\r\n                <div class=\"full-bild\"> <img loading=\"lazy\" decoding=\"async\" width=\"1920\" height=\"700\" src=\"\/wp-content\/uploads\/2023\/01\/global-network-of-lgi.jpg\" class=\"img-fluid\" alt=\"Globales Netzwerk der LGI\" srcset=\"\/wp-content\/uploads\/2023\/01\/global-network-of-lgi.jpg 1920w, \/wp-content\/uploads\/2023\/01\/global-network-of-lgi-300x109.jpg 300w, \/wp-content\/uploads\/2023\/01\/global-network-of-lgi-1024x373.jpg 1024w, \/wp-content\/uploads\/2023\/01\/global-network-of-lgi-768x280.jpg 768w, \/wp-content\/uploads\/2023\/01\/global-network-of-lgi-1536x560.jpg 1536w\" sizes=\"auto, (max-width: 1920px) 100vw, 1920px\" \/><\/div>\r\n                <div class=\"bild-title container\">\r\n                    <div class=\"row\">\r\n                                <div class=\"col\">\r\n                                    <p class=\"headline wt-h1\">End-to-End-Logistics mit LGI<\/p>\r\n                                <\/div>                                        \r\n                            <\/div> \r\n                <\/div>\r\n            <\/div>\r\n        <\/section>\r\n\t\n\n            \r\n        <div class=\"spacing-block large spacing-block-id-69de19fc832a3\" >                                     \r\n                  <div class=\"large-space\">   \r\n                  <\/div>                      \r\n        <\/div>\n\n\r\n                <div class=\"headline-block \">\r\n                    \r\n                        <div class=\"container\">                            \r\n                            <div class=\"row\">\r\n                        <div class=\"col\">\r\n                            <h1 class=\"wt-subheadline wt-sl sub-headline-align\">End-to-End-L\u00f6sungen<\/h1>\r\n                        <\/div>\r\n                    <\/div>\r\n                            \r\n                            <div class=\"row\">\r\n                                <div class=\"col\">\r\n                                    <h2 class=\"wt-h1 wt-font-color-dark-grey\">Unsere Gesch\u00e4ftsmodelle f\u00fcr jede Supply Chain<\/h2>\r\n                                <\/div>                                        \r\n                            <\/div>                                                                                                    \r\n                        <\/div>                                \r\n                <\/div>\r\n            \n\n            \r\n        <div class=\"spacing-block extrasmall spacing-block-id-69de19fc834f3\" >                                     \r\n                  <div class=\"extra-small-space\">   \r\n                  <\/div>                      \r\n        <\/div>\n\n   \r\n    \r\n    <div class=\"grey-line-block grey-line-block-id-69de19fc83607\">\r\n        \r\n        <div class=\"container\">\r\n            <div class=\"row\">\r\n                <div class=\"col test\">\r\n                    <div class=\"grey-line-block-line\"><\/div>\r\n                <\/div>                \r\n            <\/div>\r\n        <\/div>\r\n        \r\n    <\/div>\n\n            \r\n        <div class=\"spacing-block small spacing-block-id-69de19fc83719\" >                                     \r\n                  <div class=\"small-space\">   \r\n                  <\/div>                      \r\n        <\/div>\n\n\r\n                <div class=\"headline-block \">\r\n                    \r\n                        <div class=\"container\">                            \r\n                            <div class=\"row\">\r\n                        <div class=\"col\">\r\n                            <h3 class=\"wt-subheadline wt-sl\">Logistik von End-to-End und von A bis Z<\/h3>\r\n                        <\/div>\r\n                    <\/div>\r\n                            \r\n                                                                                                                                \r\n                        <\/div>                                \r\n                <\/div>\r\n            \n\n            \r\n        <div class=\"spacing-block doublesmall spacing-block-id-69de19fc838f7\" >                                     \r\n                  <div class=\"double-small-space\">   \r\n                  <\/div>                      \r\n        <\/div>\n\n\n<div class=\"wp-block-group container\"><div class=\"wp-block-group__inner-container is-layout-constrained wp-block-group-is-layout-constrained\">\n<p>Die LGI Logistics Group International ist als Logistikdienstleister besonders breit aufgestellt: Wir bieten Ihnen f\u00fcr Ihre Branche nicht nur alle Leistungen in der <a href=\"\/de-de\/glossar\/transportlogistik\/\">Transportlogistik<\/a> und <a href=\"\/de-de\/glossar\/kontraktlogistik\/\">Kontraktlogistik<\/a> End-to-End an, sondern zeichnen uns auch durch zahlreiche Spezialisierungen aus.<\/p>\n\n\n\n<p>So decken wir sowohl <a href=\"\/de-de\/end-to-end-loesungen\/unsere-geschaeftsmodelle\/multichannel\/\">Multichannel<\/a>&#8211; als auch Omnichannel-Fulfillment-Management f\u00fcr den B2B- sowie den B2C-Bereich ab und bringen mit unserem <a href=\"\/de-de\/end-to-end-loesungen\/unsere-geschaeftsmodelle\/e-commerce\/\">E-Commerce-Fulfillment<\/a> Ihr digitales Business voran. Wir bieten Ihnen essenzielle Mehrwerte mit zahlreichen <a href=\"\/de-de\/end-to-end-loesungen\/unsere-geschaeftsmodelle\/vas\/\">Value-Added-Services<\/a> und jede Art von Transport \u2013 per <a href=\"\/de-de\/end-to-end-loesungen\/unsere-geschaeftsmodelle\/luft-und-seefracht\/\">Luft- oder Seefracht<\/a>, Block Train oder kombinierten Sea\/Air-Services. Wir sind spezialisiert auf <a href=\"\/de-de\/end-to-end-loesungen\/unsere-geschaeftsmodelle\/technical-logistics-scs-lcm\/\">High-Tech-Transporte<\/a>, erm\u00f6glichen Ihnen Recycling und Wertsteigerung mit unserem Lifecycle Management oder steuern auch Ihre komplette Supply Chain. Und wir bedienen mit unseren End-to-End-Solutions nicht nur gro\u00dfe Unternehmen und weltweit t\u00e4tige Konzerne, sondern unterst\u00fctzen auch Start-ups mit effizienten L\u00f6sungen.<\/p>\n<\/div><\/div>\n\n\n            \r\n        <div class=\"spacing-block small spacing-block-id-69de19fc84bcd\" >                                     \r\n                  <div class=\"small-space\">   \r\n                  <\/div>                      \r\n        <\/div>\n\n\r\n                <div class=\"headline-block \">\r\n                    \r\n                        <div class=\"container\">                            \r\n                            <div class=\"row\">\r\n                        <div class=\"col\">\r\n                            <h3 class=\"wt-subheadline wt-sl\">Informieren Sie sich \u00fcber unsere End-to-End-Gesch\u00e4ftsmodelle:<\/h3>\r\n                        <\/div>\r\n                    <\/div>\r\n                            \r\n                                                                                                                                \r\n                        <\/div>                                \r\n                <\/div>\r\n            \n\n            \r\n        <div class=\"spacing-block doublesmall spacing-block-id-69de19fc84d61\" >                                     \r\n                  <div class=\"double-small-space\">   \r\n                  <\/div>                      \r\n        <\/div>\n\n\r\n        <section class=\"teaserkacheln-section\">\r\n        \t<div class=\"container\">\r\n            <div class=\"row teaserkacheln-content-wrapper\">\r\n                \r\n\t        <div class=\"teaserkacheln-block col-12 col-lg-6\">\r\n\t            <div class=\"teaserkacheln-wrapper\">\r\n                    <a class=\"teaserkacheln\" href=\"\/de-de\/end-to-end-loesungen\/unsere-geschaeftsmodelle\/technical-logistics-scs-lcm\/\" >\r\n                    <div class=\"image-area\">\r\n                        <img loading=\"lazy\" decoding=\"async\" width=\"635\" height=\"300\" src=\"\/wp-content\/uploads\/2023\/01\/person-with-recyclet-laptop-lgi-teaser.jpg\" class=\"attachment-full size-full\" alt=\"Person mit wiederaufbereitetem Laptop | LGI\" srcset=\"\/wp-content\/uploads\/2023\/01\/person-with-recyclet-laptop-lgi-teaser.jpg 635w, \/wp-content\/uploads\/2023\/01\/person-with-recyclet-laptop-lgi-teaser-300x142.jpg 300w\" sizes=\"auto, (max-width: 635px) 100vw, 635px\" \/>\r\n                    <\/div>\r\n                    <div class=\"icon-area-main\">\r\n                        \r\n                    <\/div>\r\n                    <div class=\"text-area\">\r\n                        <p class=\"upper wt-ht\">Technical Logistics, SCS &#038; LCM<\/p>\r\n                    <\/div>\r\n                <\/a>\r\n                <\/div>\r\n            <\/div>\r\n\t        <div class=\"teaserkacheln-block col-12 col-lg-6\">\r\n\t            <div class=\"teaserkacheln-wrapper\">\r\n                    <a class=\"teaserkacheln\" href=\"\/de-de\/end-to-end-loesungen\/unsere-geschaeftsmodelle\/luft-und-seefracht\/\" >\r\n                    <div class=\"image-area\">\r\n                        <img loading=\"lazy\" decoding=\"async\" width=\"635\" height=\"300\" src=\"\/wp-content\/uploads\/2023\/01\/aircraft-flies-over-shipping-container-lgi-teaser.jpg\" class=\"attachment-full size-full\" alt=\"Aircraft flies over shipping container | LGI\" srcset=\"\/wp-content\/uploads\/2023\/01\/aircraft-flies-over-shipping-container-lgi-teaser.jpg 635w, \/wp-content\/uploads\/2023\/01\/aircraft-flies-over-shipping-container-lgi-teaser-300x142.jpg 300w\" sizes=\"auto, (max-width: 635px) 100vw, 635px\" \/>\r\n                    <\/div>\r\n                    <div class=\"icon-area-main\">\r\n                        \r\n                    <\/div>\r\n                    <div class=\"text-area\">\r\n                        <p class=\"upper wt-ht\">Luft- und Seefracht<\/p>\r\n                    <\/div>\r\n                <\/a>\r\n                <\/div>\r\n            <\/div>\r\n\t        <div class=\"teaserkacheln-block col-12 col-lg-6\">\r\n\t            <div class=\"teaserkacheln-wrapper\">\r\n                    <a class=\"teaserkacheln\" href=\"\/de-de\/end-to-end-loesungen\/unsere-geschaeftsmodelle\/e-commerce\/\" >\r\n                    <div class=\"image-area\">\r\n                        <img loading=\"lazy\" decoding=\"async\" width=\"690\" height=\"310\" src=\"\/wp-content\/uploads\/2023\/01\/logistics-warehouse-for-ecommerce-fulfillment-teaser.jpg\" class=\"attachment-full size-full\" alt=\"Logistiklager f\u00fcr E-Commerce Shops | LGI\" srcset=\"\/wp-content\/uploads\/2023\/01\/logistics-warehouse-for-ecommerce-fulfillment-teaser.jpg 690w, \/wp-content\/uploads\/2023\/01\/logistics-warehouse-for-ecommerce-fulfillment-teaser-300x135.jpg 300w\" sizes=\"auto, (max-width: 690px) 100vw, 690px\" \/>\r\n                    <\/div>\r\n                    <div class=\"icon-area-main\">\r\n                        \r\n                    <\/div>\r\n                    <div class=\"text-area\">\r\n                        <p class=\"upper wt-ht\">E-Commerce<\/p>\r\n                    <\/div>\r\n                <\/a>\r\n                <\/div>\r\n            <\/div>\r\n\t        <div class=\"teaserkacheln-block col-12 col-lg-6\">\r\n\t            <div class=\"teaserkacheln-wrapper\">\r\n                    <a class=\"teaserkacheln\" href=\"\/de-de\/end-to-end-loesungen\/unsere-geschaeftsmodelle\/multichannel\/\" >\r\n                    <div class=\"image-area\">\r\n                        <img loading=\"lazy\" decoding=\"async\" width=\"690\" height=\"310\" src=\"\/wp-content\/uploads\/2023\/01\/multichannel-system-on-tablet-lgi-teaser.jpg\" class=\"attachment-full size-full\" alt=\"Multichannelsystem auf einem Tablet | LGI\" srcset=\"\/wp-content\/uploads\/2023\/01\/multichannel-system-on-tablet-lgi-teaser.jpg 690w, \/wp-content\/uploads\/2023\/01\/multichannel-system-on-tablet-lgi-teaser-300x135.jpg 300w\" sizes=\"auto, (max-width: 690px) 100vw, 690px\" \/>\r\n                    <\/div>\r\n                    <div class=\"icon-area-main\">\r\n                        \r\n                    <\/div>\r\n                    <div class=\"text-area\">\r\n                        <p class=\"upper wt-ht\">Multichannel<\/p>\r\n                    <\/div>\r\n                <\/a>\r\n                <\/div>\r\n            <\/div>\r\n\t        <div class=\"teaserkacheln-block col-12 col-lg-6\">\r\n\t            <div class=\"teaserkacheln-wrapper\">\r\n                    <a class=\"teaserkacheln\" href=\"\/de-de\/end-to-end-loesungen\/unsere-geschaeftsmodelle\/vas\/\" >\r\n                    <div class=\"image-area\">\r\n                        <img loading=\"lazy\" decoding=\"async\" width=\"690\" height=\"310\" src=\"\/wp-content\/uploads\/2023\/01\/woman-on-desk-for-vas-lgi-teaser.jpg\" class=\"attachment-full size-full\" alt=\"Frau am Schreibtisch macht VAS | LGI\" srcset=\"\/wp-content\/uploads\/2023\/01\/woman-on-desk-for-vas-lgi-teaser.jpg 690w, \/wp-content\/uploads\/2023\/01\/woman-on-desk-for-vas-lgi-teaser-300x135.jpg 300w\" sizes=\"auto, (max-width: 690px) 100vw, 690px\" \/>\r\n                    <\/div>\r\n                    <div class=\"icon-area-main\">\r\n                        \r\n                    <\/div>\r\n                    <div class=\"text-area\">\r\n                        <p class=\"upper wt-ht\">Value Added Services<\/p>\r\n                    <\/div>\r\n                <\/a>\r\n                <\/div>\r\n            <\/div>    <link rel=\"stylesheet\" id=\"TeaserKachelnBlock-css\" href=\"\/wp-content\/themes\/lgi\/css\/blocks\/wt-TeaserKachelnBlock.css\" type=\"text\/css\" media=\"all\">\r\n                \r\n                <\/div>               \r\n            <\/div>\r\n            \r\n        <\/section>\n\n            \r\n        <div class=\"spacing-block large spacing-block-id-69de19fc86fd6\" >                                     \r\n                  <div class=\"large-space\">   \r\n                  <\/div>                      \r\n        <\/div>","protected":false},"excerpt":{"rendered":"<p>Die LGI Logistics Group International ist als Logistikdienstleister besonders breit aufgestellt: Wir bieten Ihnen f\u00fcr Ihre Branche nicht nur alle Leistungen in der Transportlogistik und Kontraktlogistik End-to-End an, sondern zeichnen uns auch durch zahlreiche Spezialisierungen aus. So decken wir sowohl Multichannel&#8211; als auch Omnichannel-Fulfillment-Management f\u00fcr den B2B- sowie den B2C-Bereich ab und bringen mit unserem [&hellip;]<\/p>\n","protected":false},"author":1,"featured_media":0,"parent":66,"menu_order":0,"comment_status":"closed","ping_status":"closed","template":"","meta":{"footnotes":""},"class_list":["post-71","page","type-page","status-publish","hentry"],"yoast_head":"<!-- This site is optimized with the Yoast SEO plugin v27.3 - https:\/\/yoast.com\/product\/yoast-seo-wordpress\/ -->\n<title>End-to-End Gesch\u00e4ftsmodelle f\u00fcr jede Supply Chain | LGI<\/title>\n<meta name=\"description\" content=\"Wir bieten f\u00fcr jede Branche die passende L\u00f6sung - von Technical Logistics \u00fcber Luft- &amp; Seefracht bis zu E-Commerce. \u27a4 Jetzt mehr erfahren.\" \/>\n<meta name=\"robots\" content=\"index, follow, max-snippet:-1, max-image-preview:large, max-video-preview:-1\" \/>\n<link rel=\"canonical\" href=\"https:\/\/lgigroup.com\/de-de\/wp-json\/wp\/v2\/pages\/71\" \/>\n<meta property=\"og:locale\" content=\"de_DE\" \/>\n<meta property=\"og:type\" content=\"article\" \/>\n<meta property=\"og:title\" content=\"End-to-End Gesch\u00e4ftsmodelle f\u00fcr jede Supply Chain | LGI\" \/>\n<meta property=\"og:description\" content=\"Wir bieten f\u00fcr jede Branche die passende L\u00f6sung - von Technical Logistics \u00fcber Luft- &amp; Seefracht bis zu E-Commerce. \u27a4 Jetzt mehr erfahren.\" \/>\n<meta property=\"og:url\" content=\"https:\/\/lgigroup.com\/de-de\/end-to-end-loesungen\/unsere-geschaeftsmodelle\/\" \/>\n<meta property=\"og:site_name\" content=\"LGI Group\" \/>\n<meta property=\"article:modified_time\" content=\"2023-09-25T09:58:00+00:00\" \/>\n<meta name=\"twitter:card\" content=\"summary_large_image\" \/>\n<meta name=\"twitter:label1\" content=\"Est. reading time\" \/>\n\t<meta name=\"twitter:data1\" content=\"1 minute\" \/>\n<script type=\"application\/ld+json\" class=\"yoast-schema-graph\">{\"@context\":\"https:\\\/\\\/schema.org\",\"@graph\":[{\"@type\":\"WebPage\",\"@id\":\"https:\\\/\\\/lgigroup.com\\\/de-de\\\/end-to-end-loesungen\\\/unsere-geschaeftsmodelle\\\/\",\"url\":\"https:\\\/\\\/lgigroup.com\\\/de-de\\\/end-to-end-loesungen\\\/unsere-geschaeftsmodelle\\\/\",\"name\":\"End-to-End Gesch\u00e4ftsmodelle f\u00fcr jede Supply Chain | LGI\",\"isPartOf\":{\"@id\":\"https:\\\/\\\/lgigroup.com\\\/de-de\\\/#website\"},\"datePublished\":\"2022-12-22T13:30:34+00:00\",\"dateModified\":\"2023-09-25T09:58:00+00:00\",\"description\":\"Wir bieten f\u00fcr jede Branche die passende L\u00f6sung - von Technical Logistics \u00fcber Luft- & Seefracht bis zu E-Commerce. \u27a4 Jetzt mehr erfahren.\",\"breadcrumb\":{\"@id\":\"https:\\\/\\\/lgigroup.com\\\/de-de\\\/end-to-end-loesungen\\\/unsere-geschaeftsmodelle\\\/#breadcrumb\"},\"inLanguage\":\"de-de\",\"potentialAction\":[{\"@type\":\"ReadAction\",\"target\":[\"https:\\\/\\\/lgigroup.com\\\/de-de\\\/end-to-end-loesungen\\\/unsere-geschaeftsmodelle\\\/\"]}]},{\"@type\":\"BreadcrumbList\",\"@id\":\"https:\\\/\\\/lgigroup.com\\\/de-de\\\/end-to-end-loesungen\\\/unsere-geschaeftsmodelle\\\/#breadcrumb\",\"itemListElement\":[{\"@type\":\"ListItem\",\"position\":1,\"name\":\"Startseite\",\"item\":\"https:\\\/\\\/lgigroup.com\\\/de-de\\\/\"},{\"@type\":\"ListItem\",\"position\":2,\"name\":\"End-to-End L\u00f6sungen\",\"item\":\"https:\\\/\\\/lgigroup.com\\\/de-de\\\/end-to-end-loesungen\\\/\"},{\"@type\":\"ListItem\",\"position\":3,\"name\":\"Unsere Gesch\u00e4ftsmodelle\"}]},{\"@type\":\"WebSite\",\"@id\":\"https:\\\/\\\/lgigroup.com\\\/de-de\\\/#website\",\"url\":\"https:\\\/\\\/lgigroup.com\\\/de-de\\\/\",\"name\":\"LGI Group\",\"description\":\"\",\"publisher\":{\"@id\":\"https:\\\/\\\/lgigroup.com\\\/de-de\\\/#organization\"},\"potentialAction\":[{\"@type\":\"SearchAction\",\"target\":{\"@type\":\"EntryPoint\",\"urlTemplate\":\"https:\\\/\\\/lgigroup.com\\\/de-de\\\/?s={search_term_string}\"},\"query-input\":{\"@type\":\"PropertyValueSpecification\",\"valueRequired\":true,\"valueName\":\"search_term_string\"}}],\"inLanguage\":\"de-de\"},{\"@type\":\"Organization\",\"@id\":\"https:\\\/\\\/lgigroup.com\\\/de-de\\\/#organization\",\"name\":\"LGI GmbH\",\"url\":\"https:\\\/\\\/lgigroup.com\\\/de-de\\\/\",\"logo\":{\"@type\":\"ImageObject\",\"inLanguage\":\"de-de\",\"@id\":\"https:\\\/\\\/lgigroup.com\\\/de-de\\\/#\\\/schema\\\/logo\\\/image\\\/\",\"url\":\"https:\\\/\\\/lgigroup.com\\\/wp-content\\\/uploads\\\/2023\\\/01\\\/lgi-logo.png\",\"contentUrl\":\"https:\\\/\\\/lgigroup.com\\\/wp-content\\\/uploads\\\/2023\\\/01\\\/lgi-logo.png\",\"width\":420,\"height\":200,\"caption\":\"LGI GmbH\"},\"image\":{\"@id\":\"https:\\\/\\\/lgigroup.com\\\/de-de\\\/#\\\/schema\\\/logo\\\/image\\\/\"}}]}<\/script>\n<!-- \/ Yoast SEO plugin. -->","yoast_head_json":{"title":"End-to-End Gesch\u00e4ftsmodelle f\u00fcr jede Supply Chain | LGI","description":"Wir bieten f\u00fcr jede Branche die passende L\u00f6sung - von Technical Logistics \u00fcber Luft- & Seefracht bis zu E-Commerce. \u27a4 Jetzt mehr erfahren.","robots":{"index":"index","follow":"follow","max-snippet":"max-snippet:-1","max-image-preview":"max-image-preview:large","max-video-preview":"max-video-preview:-1"},"canonical":"https:\/\/lgigroup.com\/de-de\/wp-json\/wp\/v2\/pages\/71","og_locale":"de_DE","og_type":"article","og_title":"End-to-End Gesch\u00e4ftsmodelle f\u00fcr jede Supply Chain | LGI","og_description":"Wir bieten f\u00fcr jede Branche die passende L\u00f6sung - von Technical Logistics \u00fcber Luft- & Seefracht bis zu E-Commerce. \u27a4 Jetzt mehr erfahren.","og_url":"https:\/\/lgigroup.com\/de-de\/end-to-end-loesungen\/unsere-geschaeftsmodelle\/","og_site_name":"LGI Group","article_modified_time":"2023-09-25T09:58:00+00:00","twitter_card":"summary_large_image","twitter_misc":{"Est. reading time":"1 minute"},"schema":{"@context":"https:\/\/schema.org","@graph":[{"@type":"WebPage","@id":"https:\/\/lgigroup.com\/de-de\/end-to-end-loesungen\/unsere-geschaeftsmodelle\/","url":"https:\/\/lgigroup.com\/de-de\/end-to-end-loesungen\/unsere-geschaeftsmodelle\/","name":"End-to-End Gesch\u00e4ftsmodelle f\u00fcr jede Supply Chain | LGI","isPartOf":{"@id":"https:\/\/lgigroup.com\/de-de\/#website"},"datePublished":"2022-12-22T13:30:34+00:00","dateModified":"2023-09-25T09:58:00+00:00","description":"Wir bieten f\u00fcr jede Branche die passende L\u00f6sung - von Technical Logistics \u00fcber Luft- & Seefracht bis zu E-Commerce. \u27a4 Jetzt mehr erfahren.","breadcrumb":{"@id":"https:\/\/lgigroup.com\/de-de\/end-to-end-loesungen\/unsere-geschaeftsmodelle\/#breadcrumb"},"inLanguage":"de-de","potentialAction":[{"@type":"ReadAction","target":["https:\/\/lgigroup.com\/de-de\/end-to-end-loesungen\/unsere-geschaeftsmodelle\/"]}]},{"@type":"BreadcrumbList","@id":"https:\/\/lgigroup.com\/de-de\/end-to-end-loesungen\/unsere-geschaeftsmodelle\/#breadcrumb","itemListElement":[{"@type":"ListItem","position":1,"name":"Startseite","item":"https:\/\/lgigroup.com\/de-de\/"},{"@type":"ListItem","position":2,"name":"End-to-End L\u00f6sungen","item":"https:\/\/lgigroup.com\/de-de\/end-to-end-loesungen\/"},{"@type":"ListItem","position":3,"name":"Unsere Gesch\u00e4ftsmodelle"}]},{"@type":"WebSite","@id":"https:\/\/lgigroup.com\/de-de\/#website","url":"https:\/\/lgigroup.com\/de-de\/","name":"LGI Group","description":"","publisher":{"@id":"https:\/\/lgigroup.com\/de-de\/#organization"},"potentialAction":[{"@type":"SearchAction","target":{"@type":"EntryPoint","urlTemplate":"https:\/\/lgigroup.com\/de-de\/?s={search_term_string}"},"query-input":{"@type":"PropertyValueSpecification","valueRequired":true,"valueName":"search_term_string"}}],"inLanguage":"de-de"},{"@type":"Organization","@id":"https:\/\/lgigroup.com\/de-de\/#organization","name":"LGI GmbH","url":"https:\/\/lgigroup.com\/de-de\/","logo":{"@type":"ImageObject","inLanguage":"de-de","@id":"https:\/\/lgigroup.com\/de-de\/#\/schema\/logo\/image\/","url":"https:\/\/lgigroup.com\/wp-content\/uploads\/2023\/01\/lgi-logo.png","contentUrl":"https:\/\/lgigroup.com\/wp-content\/uploads\/2023\/01\/lgi-logo.png","width":420,"height":200,"caption":"LGI GmbH"},"image":{"@id":"https:\/\/lgigroup.com\/de-de\/#\/schema\/logo\/image\/"}}]}},"_links":{"self":[{"href":"https:\/\/lgigroup.com\/de-de\/wp-json\/wp\/v2\/pages\/71","targetHints":{"allow":["GET"]}}],"collection":[{"href":"https:\/\/lgigroup.com\/de-de\/wp-json\/wp\/v2\/pages"}],"about":[{"href":"https:\/\/lgigroup.com\/de-de\/wp-json\/wp\/v2\/types\/page"}],"author":[{"embeddable":true,"href":"https:\/\/lgigroup.com\/de-de\/wp-json\/wp\/v2\/users\/1"}],"replies":[{"embeddable":true,"href":"https:\/\/lgigroup.com\/de-de\/wp-json\/wp\/v2\/comments?post=71"}],"version-history":[{"count":8,"href":"https:\/\/lgigroup.com\/de-de\/wp-json\/wp\/v2\/pages\/71\/revisions"}],"predecessor-version":[{"id":26758,"href":"https:\/\/lgigroup.com\/de-de\/wp-json\/wp\/v2\/pages\/71\/revisions\/26758"}],"up":[{"embeddable":true,"href":"https:\/\/lgigroup.com\/de-de\/wp-json\/wp\/v2\/pages\/66"}],"wp:attachment":[{"href":"https:\/\/lgigroup.com\/de-de\/wp-json\/wp\/v2\/media?parent=71"}],"curies":[{"name":"wp","href":"https:\/\/api.w.org\/{rel}","templated":true}]}}