{"id":73,"date":"2022-12-22T14:31:06","date_gmt":"2022-12-22T13:31:06","guid":{"rendered":"https:\/\/lgigroup.com\/?page_id=73"},"modified":"2025-01-29T11:13:14","modified_gmt":"2025-01-29T10:13:14","slug":"multichannel","status":"publish","type":"page","link":"https:\/\/lgigroup.com\/de-de\/end-to-end-loesungen\/unsere-geschaeftsmodelle\/multichannel\/","title":{"rendered":"Multichannel"},"content":{"rendered":"\r\n\t\t<section class=\"titelbild-section titelbild-block-id-69ecaa152e070 titelbild-block-layout-\">\r\n            <div class=\"col-12 col-lg-12\">\r\n                <div class=\"full-bild\"> <img loading=\"lazy\" decoding=\"async\" width=\"1920\" height=\"700\" src=\"\/wp-content\/uploads\/2023\/01\/multichannel-system-on-tablet-lgi.jpg\" class=\"img-fluid\" alt=\"Multichannel-System auf einem Tablet | LGI\" srcset=\"\/wp-content\/uploads\/2023\/01\/multichannel-system-on-tablet-lgi.jpg 1920w, \/wp-content\/uploads\/2023\/01\/multichannel-system-on-tablet-lgi-300x109.jpg 300w, \/wp-content\/uploads\/2023\/01\/multichannel-system-on-tablet-lgi-1024x373.jpg 1024w, \/wp-content\/uploads\/2023\/01\/multichannel-system-on-tablet-lgi-768x280.jpg 768w, \/wp-content\/uploads\/2023\/01\/multichannel-system-on-tablet-lgi-1536x560.jpg 1536w\" sizes=\"auto, (max-width: 1920px) 100vw, 1920px\" \/><\/div>\r\n                <div class=\"bild-title container\">\r\n                    <div class=\"row\">\r\n                                <div class=\"col\">\r\n                                    <p class=\"headline wt-h1\">Multichannel mit LGI<\/p>\r\n                                <\/div>                                        \r\n                            <\/div> \r\n                <\/div>\r\n            <\/div>\r\n        <\/section>\r\n\t\n\n            \r\n        <div class=\"spacing-block large spacing-block-id-69ecaa152e711\" >                                     \r\n                  <div class=\"large-space\">   \r\n                  <\/div>                      \r\n        <\/div>\n\n\r\n                <div class=\"headline-block \">\r\n                    \r\n                        <div class=\"container\">                            \r\n                            <div class=\"row\">\r\n                        <div class=\"col\">\r\n                            <h1 class=\"wt-subheadline wt-sl sub-headline-align\">Multichannel und Omnichannel Fulfillment<\/h1>\r\n                        <\/div>\r\n                    <\/div>\r\n                            \r\n                            <div class=\"row\">\r\n                                <div class=\"col\">\r\n                                    <h2 class=\"wt-h1 wt-font-color-dark-grey\">Kanal\u00fcbergreifendes Supply-Chain-Management<\/h2>\r\n                                <\/div>                                        \r\n                            <\/div>                                                                                                    \r\n                        <\/div>                                \r\n                <\/div>\r\n            \n\n            \r\n        <div class=\"spacing-block extrasmall spacing-block-id-69ecaa152e914\" >                                     \r\n                  <div class=\"extra-small-space\">   \r\n                  <\/div>                      \r\n        <\/div>\n\n   \r\n    \r\n    <div class=\"grey-line-block grey-line-block-id-69ecaa152ea06\">\r\n        \r\n        <div class=\"container\">\r\n            <div class=\"row\">\r\n                <div class=\"col test\">\r\n                    <div class=\"grey-line-block-line\"><\/div>\r\n                <\/div>                \r\n            <\/div>\r\n        <\/div>\r\n        \r\n    <\/div>\n\n            \r\n        <div class=\"spacing-block small spacing-block-id-69ecaa152eae5\" >                                     \r\n                  <div class=\"small-space\">   \r\n                  <\/div>                      \r\n        <\/div>\n\n\n<div class=\"wp-block-group container\"><div class=\"wp-block-group__inner-container is-layout-constrained wp-block-group-is-layout-constrained\">\r\n                <div class=\"headline-block \">\r\n                    \r\n                        <h3 class=\"wt-subheadline wt-sl\">Alle Vertriebskan\u00e4le in einer Hand<\/h3>\r\n                            \r\n                        \r\n                                                            \r\n                <\/div>\r\n            \n\n            \r\n        <div class=\"spacing-block doublesmall spacing-block-id-69ecaa152ecb0\" >                                     \r\n                  <div class=\"double-small-space\">   \r\n                  <\/div>                      \r\n        <\/div>\n\n\n<div class=\"wp-block-columns is-layout-flex wp-container-core-columns-is-layout-9d6595d7 wp-block-columns-is-layout-flex\">\n<div class=\"wp-block-column is-layout-flow wp-block-column-is-layout-flow\">\n<p>Multichannel oder Omnichannel Logistik? LGI bietet Ihnen beides \u2013 sowohl f\u00fcr den B2B- als auch f\u00fcr den B2C-Bereich oder in Kombination.<\/p>\n\n\n\n<p>Sie wollen Ihre Waren parallel auf mehreren Vertriebskan\u00e4len zur gleichen Zeit anbieten, wie z. B. im eigenen Webshop, auf Marktpl\u00e4tzen wie Zalando oder Amazon, in einem lokalen Laden, im Retail sowie \u00fcber einen Katalog? Wir sorgen je nach Wunsch daf\u00fcr, dass die Logistik in jedem einzelnen der Multichannel-Vertriebskan\u00e4le in sich geschlossen reibungslos funktioniert \u2013 oder daf\u00fcr, dass mittels Omnichannel Fulfillment alle Kan\u00e4le optimal verkn\u00fcpft sind und auf denselben zentralen Warenbestand zugreifen k\u00f6nnen.<\/p>\n<\/div>\n\n\n\n<div class=\"wp-block-column is-layout-flow wp-block-column-is-layout-flow\">\n<p>Zudem gew\u00e4hrleisten wir, dass Sie den aktuellen Bestand immer im Blick haben \u2013 online und in Echtzeit.<\/p>\n\n\n\n<p>LGI \u00fcbernimmt f\u00fcr Sie die Abwicklung und das Management des Multichannel oder Omnichannel Fulfillments \u2013 inklusive Management der Bestellungen, Retouren, Bestandsverwaltung und Versand der Bestellungen. Gerne entwickeln wir gemeinsam mit Ihnen passgenau Ihr optimales Multichannel oder Omnichannel Konzept.<\/p>\n<\/div>\n<\/div>\n<\/div><\/div>\n\n\n            \r\n        <div class=\"spacing-block small spacing-block-id-69ecaa153047b\" >                                     \r\n                  <div class=\"small-space\">   \r\n                  <\/div>                      \r\n        <\/div>\n\n\n<div class=\"wp-block-group container\"><div class=\"wp-block-group__inner-container is-layout-constrained wp-block-group-is-layout-constrained\">\n<div class=\"wp-block-columns is-layout-flex wp-container-core-columns-is-layout-9d6595d7 wp-block-columns-is-layout-flex\">\n<div class=\"wp-block-column is-layout-flow wp-block-column-is-layout-flow\">\r\n                <div class=\"headline-block \">\r\n                    \r\n                        <h3 class=\"wt-subheadline wt-sl\">Unsere Leistungen im Multichannel und Omnichannel Fulfillment<\/h3>\r\n                            \r\n                        \r\n                                                            \r\n                <\/div>\r\n            \n\n            \r\n        <div class=\"spacing-block doublesmall spacing-block-id-69ecaa1530671\" >                                     \r\n                  <div class=\"double-small-space\">   \r\n                  <\/div>                      \r\n        <\/div>\n\n\n<ul class=\"wp-block-list\">\n<li>Umfassende Leistungen von Webshop-Aufbau \u00fcber Fulfillment bis hin zu Full Service End-to-End-L\u00f6sungen<\/li>\n\n\n\n<li>Klassische Logistikleistungen wie Lagerung und <a href=\"\/de-de\/glossar\/transportlogistik\/\">Transport<\/a><\/li>\n\n\n\n<li>Retourenmanagement<\/li>\n\n\n\n<li>Qualit\u00e4tsmanagement<\/li>\n\n\n\n<li>Artikelmanagement<\/li>\n<\/ul>\n<\/div>\n\n\n\n<div class=\"wp-block-column is-layout-flow wp-block-column-is-layout-flow\">\r\n                <div class=\"headline-block \">\r\n                    \r\n                        <h3 class=\"wt-subheadline wt-sl\">Ihre Vorteile mit LGI Multichannel und Omnichannel Fulfillment<\/h3>\r\n                            \r\n                        \r\n                                                            \r\n                <\/div>\r\n            \n\n            \r\n        <div class=\"spacing-block doublesmall spacing-block-id-69ecaa1530ba2\" >                                     \r\n                  <div class=\"double-small-space\">   \r\n                  <\/div>                      \r\n        <\/div>\n\n\n<ul class=\"wp-block-list\">\n<li>Jahrelange Erfahrung mit gro\u00dfen Multichannel-Projekten<\/li>\n\n\n\n<li>Ausgereifte Software: Lagerverwaltungssystem inkl. Versandmanagementsystem und Ordermanagementsystem \u2013&nbsp;das Herzst\u00fcck unseres Multichannel Managements<\/li>\n\n\n\n<li>Zentraler Warenbestand zur Versorgung aller Vertriebskan\u00e4le und f\u00fcr h\u00f6here Artikelverf\u00fcgbarkeit<\/li>\n\n\n\n<li>Optimale Marktplatzanbindung<\/li>\n\n\n\n<li>Alles aus einer Hand \u2013 klassische Logistik, <a href=\"\/de-de\/end-to-end-loesungen\/unsere-geschaeftsmodelle\/e-commerce\/\">E-Commerce-Services<\/a> sowie Retourenmanagement<\/li>\n<\/ul>\n<\/div>\n<\/div>\n<\/div><\/div>\n\n\n            \r\n        <div class=\"spacing-block small spacing-block-id-69ecaa153119f\" >                                     \r\n                  <div class=\"small-space\">   \r\n                  <\/div>                      \r\n        <\/div>\n\n   \r\n    \r\n    <section id=\"Contact-person\" class=\"contact-person-block contact-person-block-id-69ecaa1531285 encoded-email\" data-idcp=\"23566\" data-mail=\"QW5pa2FfSGVja0BsZ2kuZGU=\">\r\n    \r\n        \r\n        <div class=\"contact-person-bg-img-wrapper\">\r\n            <img loading=\"lazy\" decoding=\"async\" width=\"1920\" height=\"500\" src=\"\/wp-content\/uploads\/2023\/01\/lgi-building-oberhausen.jpg\" class=\"img-fluid bg-image\" alt=\"LGI building Oberhausen\" srcset=\"\/wp-content\/uploads\/2023\/01\/lgi-building-oberhausen.jpg 1920w, \/wp-content\/uploads\/2023\/01\/lgi-building-oberhausen-300x78.jpg 300w, \/wp-content\/uploads\/2023\/01\/lgi-building-oberhausen-1024x267.jpg 1024w, \/wp-content\/uploads\/2023\/01\/lgi-building-oberhausen-768x200.jpg 768w, \/wp-content\/uploads\/2023\/01\/lgi-building-oberhausen-1536x400.jpg 1536w\" sizes=\"auto, (max-width: 1920px) 100vw, 1920px\" \/>\r\n        <\/div>\r\n        \r\n        <div class=\"container contact-person-content-wrapper\">\r\n            <div class=\"row\">\r\n                <div class=\"col-12 col-lg-6 contact-person-text-wrapper contact-text-align\">\r\n                    <span class=\"wt-bh\">Ihr Kontakt zu LGI<\/span>\r\n                    <span class=\"wt-hl wt-big-string\">Welche <span class='wt-font-color-white'>L\u00f6sung<\/span> w\u00fcnschen Sie sich?<\/span>\r\n                <\/div>\r\n                <div class=\"col-12 col-lg-6 order-first order-lg-last contact-person-img-wrapper\">\r\n                    <div>\r\n                        <div class=\"contact-person-wrapper contact-person\">\r\n                            <div class=\"d-flex align-items-stretch\">\r\n                                <div class=\"image-section\">\r\n                                    <img loading=\"lazy\" decoding=\"async\" width=\"540\" height=\"500\" src=\"\/wp-content\/uploads\/2024\/05\/lgi-contact-person-heck-anika.png\" class=\"img-fluid\" alt=\"LGI Kontaktperson: Anika Heck\" srcset=\"\/wp-content\/uploads\/2024\/05\/lgi-contact-person-heck-anika.png 540w, \/wp-content\/uploads\/2024\/05\/lgi-contact-person-heck-anika-300x278.png 300w\" sizes=\"auto, (max-width: 540px) 100vw, 540px\" \/>\r\n                                <\/div>\r\n                                <div class=\"pe-3 pe-sm-0 ps-3 ps-xl-3 d-flex flex-column justify-content-end content-section\">\r\n                                    <p class=\"wt-sl\">Ihr Kontakt<\/p>\r\n                                \r\n                                    <p class=\"text-sec wt-text-sec\">\r\n                                        <span>Business Developer<\/span><br>\r\n                                         Anika Heck<br>\r\n                                        <a class=\"wt-k-click-tel\" href=\"tel:+491622594942\">+49 162 2594 942<\/a><br>\r\n                                        <a class=\"wt-k-click-mail\" href=\"&#109;&#97;&#105;&#108;&#116;&#111;&#58;%41%6e%69%6b%61%5f%48%65%63%6b@%6c%67%69.%64%65\">&#x41;&#x6e;&#x69;&#x6b;&#x61;&#x5f;&#x48;&#x65;&#x63;&#x6b;&#x40;&#x6c;&#x67;&#x69;&#x2e;&#x64;&#x65;<\/a>\r\n                                    <\/p>\r\n                                    <div class=\"button-wrapper\">\r\n                                        <div class=\"wt-bt d-none d-sm-block\" data-bs-toggle=\"modal\" data-bs-target=\"#contactModal\">Kontakt aufnehmen<\/div>\r\n                                        <div class=\"d-none d-sm-block \"> <\/div>\r\n                                    <\/div>    \r\n                                <\/div>\r\n                            <\/div>                            \r\n                            <div class=\"button-wrapper\">\r\n                                <div class=\"mt-md-3 pt-3 pb-3 ps-3 pe-3 pt-md-3 d-sm-none\">\r\n                                    <div class=\"wt-bt\" data-bs-toggle=\"modal\" data-bs-target=\"#contactModal\">Kontakt aufnehmen<\/div>\r\n                                    \r\n                                <\/div>\r\n                            <\/div> \r\n                        <\/div>                        \r\n                    <\/div>                    \r\n                <\/div>\r\n            <\/div>\r\n        <\/div>\r\n        \r\n    <\/section>\n\n            \r\n        <div class=\"spacing-block extramedium spacing-block-id-69ecaa153322f\" >                                     \r\n                  <div class=\"extra-medium-space\">   \r\n                  <\/div>                      \r\n        <\/div>\n\n\r\n                <div class=\"headline-block \">\r\n                    \r\n                        <div class=\"container\">                            \r\n                            <div class=\"row\">\r\n                        <div class=\"col\">\r\n                            <h3 class=\"wt-subheadline wt-sl\">Was ist der Unterschied zwischen Multichannel und Omnichannel?<\/h3>\r\n                        <\/div>\r\n                    <\/div>\r\n                            \r\n                                                                                                                                \r\n                        <\/div>                                \r\n                <\/div>\r\n            \n\n            \r\n        <div class=\"spacing-block doublesmall spacing-block-id-69ecaa1533432\" >                                     \r\n                  <div class=\"double-small-space\">   \r\n                  <\/div>                      \r\n        <\/div>\n\n\n<div class=\"wp-block-group container\"><div class=\"wp-block-group__inner-container is-layout-constrained wp-block-group-is-layout-constrained\">\n<div class=\"wp-block-columns is-layout-flex wp-container-core-columns-is-layout-9d6595d7 wp-block-columns-is-layout-flex\">\n<div class=\"wp-block-column is-layout-flow wp-block-column-is-layout-flow\">\n<p>Als Multichannel-Vertrieb bezeichnet man das parallele Anbieten von Waren in mehreren Kan\u00e4len. Dies k\u00f6nnen z. B. Filialen, Webshop und Online-Handel \u00fcber Marketplaces sein. Hierbei verf\u00fcgt jeder Kanal \u00fcber eigene Kommunikationswege und ggf. auch \u00fcber eigene Best\u00e4nde, Kundeninformationen werden separat erhoben.<\/p>\n<\/div>\n\n\n\n<div class=\"wp-block-column is-layout-flow wp-block-column-is-layout-flow\">\n<p>Im Omnichannel-Vertrieb werden diese Kan\u00e4le miteinander verkn\u00fcpft, sie interagieren miteinander und haben Zugriff auf denselben Warenbestand. Ziel von Omnichannel-Strategien ist eine optimale Customer Experience \u00fcber alle Vertriebskan\u00e4le hinweg.<\/p>\n<\/div>\n<\/div>\n<\/div><\/div>\n\n\n            \r\n        <div class=\"spacing-block large spacing-block-id-69ecaa1533c09\" >                                     \r\n                  <div class=\"large-space\">   \r\n                  <\/div>                      \r\n        <\/div>","protected":false},"excerpt":{"rendered":"<p>Multichannel oder Omnichannel Logistik? LGI bietet Ihnen beides \u2013 sowohl f\u00fcr den B2B- als auch f\u00fcr den B2C-Bereich oder in Kombination. Sie wollen Ihre Waren parallel auf mehreren Vertriebskan\u00e4len zur gleichen Zeit anbieten, wie z. B. im eigenen Webshop, auf Marktpl\u00e4tzen wie Zalando oder Amazon, in einem lokalen Laden, im Retail sowie \u00fcber einen Katalog? [&hellip;]<\/p>\n","protected":false},"author":1,"featured_media":0,"parent":71,"menu_order":0,"comment_status":"closed","ping_status":"closed","template":"","meta":{"footnotes":""},"class_list":["post-73","page","type-page","status-publish","hentry"],"yoast_head":"<!-- This site is optimized with the Yoast SEO plugin v27.3 - https:\/\/yoast.com\/product\/yoast-seo-wordpress\/ -->\n<title>Individueller Multichannel &amp; Omnichannel Fulfillment<\/title>\n<meta name=\"description\" content=\"Egal ob f\u00fcr B2B, B2C oder auch in Kombination - wir bieten Omni- &amp; Multichannel Fulfillment f\u00fcr jeden Bereich und das in Echtzeit. \u27a4 Jetzt anfragen\" \/>\n<meta name=\"robots\" content=\"index, follow, max-snippet:-1, max-image-preview:large, max-video-preview:-1\" \/>\n<link rel=\"canonical\" href=\"https:\/\/lgigroup.com\/de-de\/wp-json\/wp\/v2\/pages\/73\" \/>\n<meta property=\"og:locale\" content=\"de_DE\" \/>\n<meta property=\"og:type\" content=\"article\" \/>\n<meta property=\"og:title\" content=\"Individueller Multichannel &amp; Omnichannel Fulfillment\" \/>\n<meta property=\"og:description\" content=\"Egal ob f\u00fcr B2B, B2C oder auch in Kombination - wir bieten Omni- &amp; Multichannel Fulfillment f\u00fcr jeden Bereich und das in Echtzeit. \u27a4 Jetzt anfragen\" \/>\n<meta property=\"og:url\" content=\"https:\/\/lgigroup.com\/de-de\/end-to-end-loesungen\/unsere-geschaeftsmodelle\/multichannel\/\" \/>\n<meta property=\"og:site_name\" content=\"LGI Group\" \/>\n<meta property=\"article:modified_time\" content=\"2025-01-29T10:13:14+00:00\" \/>\n<meta name=\"twitter:card\" content=\"summary_large_image\" \/>\n<meta name=\"twitter:label1\" content=\"Est. reading time\" \/>\n\t<meta name=\"twitter:data1\" content=\"2 minutes\" \/>\n<script type=\"application\/ld+json\" class=\"yoast-schema-graph\">{\"@context\":\"https:\\\/\\\/schema.org\",\"@graph\":[{\"@type\":\"WebPage\",\"@id\":\"https:\\\/\\\/lgigroup.com\\\/de-de\\\/end-to-end-loesungen\\\/unsere-geschaeftsmodelle\\\/multichannel\\\/\",\"url\":\"https:\\\/\\\/lgigroup.com\\\/de-de\\\/end-to-end-loesungen\\\/unsere-geschaeftsmodelle\\\/multichannel\\\/\",\"name\":\"Individueller Multichannel & Omnichannel Fulfillment\",\"isPartOf\":{\"@id\":\"https:\\\/\\\/lgigroup.com\\\/de-de\\\/#website\"},\"datePublished\":\"2022-12-22T13:31:06+00:00\",\"dateModified\":\"2025-01-29T10:13:14+00:00\",\"description\":\"Egal ob f\u00fcr B2B, B2C oder auch in Kombination - wir bieten Omni- & Multichannel Fulfillment f\u00fcr jeden Bereich und das in Echtzeit. \u27a4 Jetzt anfragen\",\"breadcrumb\":{\"@id\":\"https:\\\/\\\/lgigroup.com\\\/de-de\\\/end-to-end-loesungen\\\/unsere-geschaeftsmodelle\\\/multichannel\\\/#breadcrumb\"},\"inLanguage\":\"de-de\",\"potentialAction\":[{\"@type\":\"ReadAction\",\"target\":[\"https:\\\/\\\/lgigroup.com\\\/de-de\\\/end-to-end-loesungen\\\/unsere-geschaeftsmodelle\\\/multichannel\\\/\"]}]},{\"@type\":\"BreadcrumbList\",\"@id\":\"https:\\\/\\\/lgigroup.com\\\/de-de\\\/end-to-end-loesungen\\\/unsere-geschaeftsmodelle\\\/multichannel\\\/#breadcrumb\",\"itemListElement\":[{\"@type\":\"ListItem\",\"position\":1,\"name\":\"Startseite\",\"item\":\"https:\\\/\\\/lgigroup.com\\\/de-de\\\/\"},{\"@type\":\"ListItem\",\"position\":2,\"name\":\"End-to-End L\u00f6sungen\",\"item\":\"https:\\\/\\\/lgigroup.com\\\/de-de\\\/end-to-end-loesungen\\\/\"},{\"@type\":\"ListItem\",\"position\":3,\"name\":\"Unsere Gesch\u00e4ftsmodelle\",\"item\":\"https:\\\/\\\/lgigroup.com\\\/de-de\\\/end-to-end-loesungen\\\/unsere-geschaeftsmodelle\\\/\"},{\"@type\":\"ListItem\",\"position\":4,\"name\":\"Multichannel\"}]},{\"@type\":\"WebSite\",\"@id\":\"https:\\\/\\\/lgigroup.com\\\/de-de\\\/#website\",\"url\":\"https:\\\/\\\/lgigroup.com\\\/de-de\\\/\",\"name\":\"LGI Group\",\"description\":\"\",\"publisher\":{\"@id\":\"https:\\\/\\\/lgigroup.com\\\/de-de\\\/#organization\"},\"potentialAction\":[{\"@type\":\"SearchAction\",\"target\":{\"@type\":\"EntryPoint\",\"urlTemplate\":\"https:\\\/\\\/lgigroup.com\\\/de-de\\\/?s={search_term_string}\"},\"query-input\":{\"@type\":\"PropertyValueSpecification\",\"valueRequired\":true,\"valueName\":\"search_term_string\"}}],\"inLanguage\":\"de-de\"},{\"@type\":\"Organization\",\"@id\":\"https:\\\/\\\/lgigroup.com\\\/de-de\\\/#organization\",\"name\":\"LGI GmbH\",\"url\":\"https:\\\/\\\/lgigroup.com\\\/de-de\\\/\",\"logo\":{\"@type\":\"ImageObject\",\"inLanguage\":\"de-de\",\"@id\":\"https:\\\/\\\/lgigroup.com\\\/de-de\\\/#\\\/schema\\\/logo\\\/image\\\/\",\"url\":\"https:\\\/\\\/lgigroup.com\\\/wp-content\\\/uploads\\\/2023\\\/01\\\/lgi-logo.png\",\"contentUrl\":\"https:\\\/\\\/lgigroup.com\\\/wp-content\\\/uploads\\\/2023\\\/01\\\/lgi-logo.png\",\"width\":420,\"height\":200,\"caption\":\"LGI GmbH\"},\"image\":{\"@id\":\"https:\\\/\\\/lgigroup.com\\\/de-de\\\/#\\\/schema\\\/logo\\\/image\\\/\"}}]}<\/script>\n<!-- \/ Yoast SEO plugin. -->","yoast_head_json":{"title":"Individueller Multichannel & Omnichannel Fulfillment","description":"Egal ob f\u00fcr B2B, B2C oder auch in Kombination - wir bieten Omni- & Multichannel Fulfillment f\u00fcr jeden Bereich und das in Echtzeit. \u27a4 Jetzt anfragen","robots":{"index":"index","follow":"follow","max-snippet":"max-snippet:-1","max-image-preview":"max-image-preview:large","max-video-preview":"max-video-preview:-1"},"canonical":"https:\/\/lgigroup.com\/de-de\/wp-json\/wp\/v2\/pages\/73","og_locale":"de_DE","og_type":"article","og_title":"Individueller Multichannel & Omnichannel Fulfillment","og_description":"Egal ob f\u00fcr B2B, B2C oder auch in Kombination - wir bieten Omni- & Multichannel Fulfillment f\u00fcr jeden Bereich und das in Echtzeit. \u27a4 Jetzt anfragen","og_url":"https:\/\/lgigroup.com\/de-de\/end-to-end-loesungen\/unsere-geschaeftsmodelle\/multichannel\/","og_site_name":"LGI Group","article_modified_time":"2025-01-29T10:13:14+00:00","twitter_card":"summary_large_image","twitter_misc":{"Est. reading time":"2 minutes"},"schema":{"@context":"https:\/\/schema.org","@graph":[{"@type":"WebPage","@id":"https:\/\/lgigroup.com\/de-de\/end-to-end-loesungen\/unsere-geschaeftsmodelle\/multichannel\/","url":"https:\/\/lgigroup.com\/de-de\/end-to-end-loesungen\/unsere-geschaeftsmodelle\/multichannel\/","name":"Individueller Multichannel & Omnichannel Fulfillment","isPartOf":{"@id":"https:\/\/lgigroup.com\/de-de\/#website"},"datePublished":"2022-12-22T13:31:06+00:00","dateModified":"2025-01-29T10:13:14+00:00","description":"Egal ob f\u00fcr B2B, B2C oder auch in Kombination - wir bieten Omni- & Multichannel Fulfillment f\u00fcr jeden Bereich und das in Echtzeit. \u27a4 Jetzt anfragen","breadcrumb":{"@id":"https:\/\/lgigroup.com\/de-de\/end-to-end-loesungen\/unsere-geschaeftsmodelle\/multichannel\/#breadcrumb"},"inLanguage":"de-de","potentialAction":[{"@type":"ReadAction","target":["https:\/\/lgigroup.com\/de-de\/end-to-end-loesungen\/unsere-geschaeftsmodelle\/multichannel\/"]}]},{"@type":"BreadcrumbList","@id":"https:\/\/lgigroup.com\/de-de\/end-to-end-loesungen\/unsere-geschaeftsmodelle\/multichannel\/#breadcrumb","itemListElement":[{"@type":"ListItem","position":1,"name":"Startseite","item":"https:\/\/lgigroup.com\/de-de\/"},{"@type":"ListItem","position":2,"name":"End-to-End L\u00f6sungen","item":"https:\/\/lgigroup.com\/de-de\/end-to-end-loesungen\/"},{"@type":"ListItem","position":3,"name":"Unsere Gesch\u00e4ftsmodelle","item":"https:\/\/lgigroup.com\/de-de\/end-to-end-loesungen\/unsere-geschaeftsmodelle\/"},{"@type":"ListItem","position":4,"name":"Multichannel"}]},{"@type":"WebSite","@id":"https:\/\/lgigroup.com\/de-de\/#website","url":"https:\/\/lgigroup.com\/de-de\/","name":"LGI Group","description":"","publisher":{"@id":"https:\/\/lgigroup.com\/de-de\/#organization"},"potentialAction":[{"@type":"SearchAction","target":{"@type":"EntryPoint","urlTemplate":"https:\/\/lgigroup.com\/de-de\/?s={search_term_string}"},"query-input":{"@type":"PropertyValueSpecification","valueRequired":true,"valueName":"search_term_string"}}],"inLanguage":"de-de"},{"@type":"Organization","@id":"https:\/\/lgigroup.com\/de-de\/#organization","name":"LGI GmbH","url":"https:\/\/lgigroup.com\/de-de\/","logo":{"@type":"ImageObject","inLanguage":"de-de","@id":"https:\/\/lgigroup.com\/de-de\/#\/schema\/logo\/image\/","url":"https:\/\/lgigroup.com\/wp-content\/uploads\/2023\/01\/lgi-logo.png","contentUrl":"https:\/\/lgigroup.com\/wp-content\/uploads\/2023\/01\/lgi-logo.png","width":420,"height":200,"caption":"LGI GmbH"},"image":{"@id":"https:\/\/lgigroup.com\/de-de\/#\/schema\/logo\/image\/"}}]}},"_links":{"self":[{"href":"https:\/\/lgigroup.com\/de-de\/wp-json\/wp\/v2\/pages\/73","targetHints":{"allow":["GET"]}}],"collection":[{"href":"https:\/\/lgigroup.com\/de-de\/wp-json\/wp\/v2\/pages"}],"about":[{"href":"https:\/\/lgigroup.com\/de-de\/wp-json\/wp\/v2\/types\/page"}],"author":[{"embeddable":true,"href":"https:\/\/lgigroup.com\/de-de\/wp-json\/wp\/v2\/users\/1"}],"replies":[{"embeddable":true,"href":"https:\/\/lgigroup.com\/de-de\/wp-json\/wp\/v2\/comments?post=73"}],"version-history":[{"count":27,"href":"https:\/\/lgigroup.com\/de-de\/wp-json\/wp\/v2\/pages\/73\/revisions"}],"predecessor-version":[{"id":26271,"href":"https:\/\/lgigroup.com\/de-de\/wp-json\/wp\/v2\/pages\/73\/revisions\/26271"}],"up":[{"embeddable":true,"href":"https:\/\/lgigroup.com\/de-de\/wp-json\/wp\/v2\/pages\/71"}],"wp:attachment":[{"href":"https:\/\/lgigroup.com\/de-de\/wp-json\/wp\/v2\/media?parent=73"}],"curies":[{"name":"wp","href":"https:\/\/api.w.org\/{rel}","templated":true}]}}