{"id":919,"date":"2023-01-09T11:53:17","date_gmt":"2023-01-09T10:53:17","guid":{"rendered":"https:\/\/lgigroup.com\/?page_id=919"},"modified":"2026-04-09T12:12:13","modified_gmt":"2026-04-09T10:12:13","slug":"impressum","status":"publish","type":"page","link":"https:\/\/lgigroup.com\/de-de\/impressum\/","title":{"rendered":"Impressum"},"content":{"rendered":"\r\n\t\t<section class=\"titelbild-section titelbild-block-id-69e767d9d0e82 titelbild-block-layout-\">\r\n            <div class=\"col-12 col-lg-12\">\r\n                <div class=\"full-bild\"> <img loading=\"lazy\" decoding=\"async\" width=\"1920\" height=\"700\" src=\"\/wp-content\/uploads\/2023\/02\/documents-on-a-desk-lgi.jpg\" class=\"img-fluid\" alt=\"Documents on a desk | LGI\" srcset=\"\/wp-content\/uploads\/2023\/02\/documents-on-a-desk-lgi.jpg 1920w, \/wp-content\/uploads\/2023\/02\/documents-on-a-desk-lgi-300x109.jpg 300w, \/wp-content\/uploads\/2023\/02\/documents-on-a-desk-lgi-1024x373.jpg 1024w, \/wp-content\/uploads\/2023\/02\/documents-on-a-desk-lgi-768x280.jpg 768w, \/wp-content\/uploads\/2023\/02\/documents-on-a-desk-lgi-1536x560.jpg 1536w\" sizes=\"auto, (max-width: 1920px) 100vw, 1920px\" \/><\/div>\r\n                <div class=\"bild-title container\">\r\n                    <div class=\"row\">\r\n                                <div class=\"col\">\r\n                                    <p class=\"headline wt-h1\"><\/p>\r\n                                <\/div>                                        \r\n                            <\/div> \r\n                <\/div>\r\n            <\/div>\r\n        <\/section>\r\n\t\n\n            \r\n        <div class=\"spacing-block large spacing-block-id-69e767d9d143f\" >                                     \r\n                  <div class=\"large-space\">   \r\n                  <\/div>                      \r\n        <\/div>\n\n\r\n                <div class=\"headline-block \">\r\n                    \r\n                        <div class=\"container\">                            \r\n                            \r\n                            \r\n                            <div class=\"row\">\r\n                                <div class=\"col\">\r\n                                    <h1 class=\"wt-h1 wt-font-color-dark-grey\">Impressum<\/h1>\r\n                                <\/div>                                        \r\n                            <\/div>                                                                                                    \r\n                        <\/div>                                \r\n                <\/div>\r\n            \n\n            \r\n        <div class=\"spacing-block extrasmall spacing-block-id-69e767d9d1659\" >                                     \r\n                  <div class=\"extra-small-space\">   \r\n                  <\/div>                      \r\n        <\/div>\n\n   \r\n    \r\n    <div class=\"grey-line-block grey-line-block-id-69e767d9d1765\">\r\n        \r\n        <div class=\"container\">\r\n            <div class=\"row\">\r\n                <div class=\"col test\">\r\n                    <div class=\"grey-line-block-line\"><\/div>\r\n                <\/div>                \r\n            <\/div>\r\n        <\/div>\r\n        \r\n    <\/div>\n\n            \r\n        <div class=\"spacing-block small spacing-block-id-69e767d9d1876\" >                                     \r\n                  <div class=\"small-space\">   \r\n                  <\/div>                      \r\n        <\/div>\n\n\n<div class=\"wp-block-group container\"><div class=\"wp-block-group__inner-container is-layout-constrained wp-block-group-is-layout-constrained\">\n<p>Dieses Impressum gilt auch f\u00fcr folgende Social-Media-Kan\u00e4le: <a href=\"https:\/\/business.facebook.com\/LGILogistics\/\" target=\"_blank\" rel=\"noreferrer noopener\">Facebook<\/a>, <a href=\"https:\/\/www.xing.com\/companies\/lgilogisticsgroupinternationalgmbh\" target=\"_blank\" rel=\"noreferrer noopener\">Xing<\/a>, <a href=\"https:\/\/www.linkedin.com\/company\/lgi-logistics-group-international-gmbh\/\" target=\"_blank\" rel=\"noreferrer noopener\">LinkedIn<\/a>.<\/p>\n\n\n\n<p><strong>Angaben gem\u00e4\u00df \u00a7 5 DDG<\/strong><\/p>\n\n\n\n<p>LGI Logistics Group International GmbH<br>Konrad-Zuse-Stra\u00dfe 10<br>71034 B\u00f6blingen<\/p>\n\n\n\n<p>Vertreten durch die Gesch\u00e4ftsf\u00fchrer:<br>Florian Beck, Holger Funk<\/p>\n\n\n            \r\n        <div class=\"spacing-block small spacing-block-id-69e767d9d1c61\" >                                     \r\n                  <div class=\"small-space\">   \r\n                  <\/div>                      \r\n        <\/div>\n\n\r\n                <div class=\"headline-block \">\r\n                    \r\n                        <h2 class=\"wt-subheadline wt-sl\">Kontakt<\/h2>\r\n                            \r\n                        \r\n                                                            \r\n                <\/div>\r\n            \n\n            \r\n        <div class=\"spacing-block doublesmall spacing-block-id-69e767d9d1d86\" >                                     \r\n                  <div class=\"double-small-space\">   \r\n                  <\/div>                      \r\n        <\/div>\n\n\n<p>Telefon: <a href=\"tel:%2b%34%39%37%30%33%31%32%30%30%39%30\">+49 7031 2009 0<\/a><br>E-Mail:&nbsp;<a class=\"click_mail\" href=\"&#109;&#97;&#105;&#108;&#116;&#111;&#58;%69%6e%66%6f@%6c%67%69.%64%65 \" rel=\"noreferrer noopener\">&#x69;&#x6e;&#x66;&#x6f;&#x40;&#x6c;&#x67;&#x69;&#x2e;&#x64;&#x65;<\/a><br>Website: www.lgigroup.com<\/p>\n\n\n\n<p><strong>Registereintrag<\/strong><br>Eintragung im Handelsregister.<br>Registergericht: Amtsgericht Stuttgart<br>Registernummer: HRB 243806<\/p>\n\n\n\n<p><strong>Umsatzsteuer-ID<br><\/strong>Umsatzsteuer-Identifikationsnummer gem\u00e4\u00df \u00a7 27 a Umsatzsteuergesetz:<br>DE 172126257<\/p>\n\n\n\n<p><strong>Aufsichtsbeh\u00f6rden<\/strong><br>Aufsichtsbeh\u00f6rde f\u00fcr den G\u00fcterkraftverkehr:<br>Bundesamt f\u00fcr Logistik und Mobilit\u00e4t (BALM)<br>Werderstr. 34<br>50672 K\u00f6ln<br>Website: <a href=\"http:\/\/www.balm.bund.de\">www.balm.bund.de<\/a><\/p>\n\n\n\n<p>Zust\u00e4ndige untere Verkehrsbeh\u00f6rde:<br>Landratsamt B\u00f6blingen<br>Stra\u00dfenverkehrsbeh\u00f6rde<br>Parkstr. 16<br>71034 B\u00f6blingen<br>Website: <a href=\"http:\/\/www.lrabb.de\">www.lrabb.de<\/a><\/p>\n\n\n\n<p><strong>Verantwortlich f\u00fcr den Inhalt nach \u00a7 18 Abs. 2 MStV<\/strong><br>Florian Beck<br>LGI Logistics Group International GmbH<br>Konrad-Zuse-Stra\u00dfe 10<br>71034 B\u00f6blingen<\/p>\n\n\n\n<p><strong>Verbraucherstreitbeilegung \/ Universalschlichtungsstelle<\/strong><br>Wir sind nicht bereit oder verpflichtet, an Streitbeilegungsverfahren vor einer<br>Verbraucherschlichtungsstelle teilzunehmen.<\/p>\n\n\n\n<p>Quelle: <a href=\"https:\/\/www.e-recht24.de\/\">eRecht24<\/a><\/p>\n\n\n\n<p><strong>Quellenangaben f\u00fcr die verwendeten Medien<\/strong><br>Die Bildrechte h\u00e4lt die LGI Logistics Group International GmbH oder eine ihrer Tochtergesellschaften.<\/p>\n\n\n            \r\n        <div class=\"spacing-block small spacing-block-id-69e767d9d2259\" >                                     \r\n                  <div class=\"small-space\">   \r\n                  <\/div>                      \r\n        <\/div>\n\n\n<p><strong>Digitale Umsetzung<\/strong><br>Konzipiert und umgesetzt von der <a href=\"http:\/\/webthinker.de\">WebThinker GmbH<\/a>.<br>Als <a href=\"https:\/\/www.google.com\/partners\/agency?id=5149882286\">Google Premium<\/a> und <a href=\"https:\/\/www.shopware.com\/de\/partner\/agenturen\/webthinker-gmbh\/\">Shopware Partner<\/a> begleiten wir Unternehmen von der Idee bis zum Go-live mit<br>ma\u00dfgeschneiderten digitalen L\u00f6sungen und klarem Fokus auf Qualit\u00e4t und nachhaltiges Wachstum.<\/p>\n\n\n\n<script type=\"application\/ld+json\">\n{\n  \"@context\": \"https:\/\/schema.org\",\n  \"@type\": \"WebSite\",\n  \"creator\": {\n    \"@type\": \"Organization\",\n    \"name\": \"WebThinker GmbH\",\n    \"url\": \"https:\/\/www.webthinker.de\",\n    \"address\": {\n      \"@type\": \"PostalAddress\",\n      \"addressLocality\": \"Ditzingen\",\n      \"addressRegion\": \"Baden-W\u00fcrttemberg\",\n      \"addressCountry\": \"DE\"\n    },\n    \"areaServed\": {\n      \"@type\": \"City\",\n      \"name\": \"Stuttgart\"\n    },\n    \"award\": [\n      \"Google Premium Partner\",\n      \"Shopware Partner\"\n    ],\n    \"knowsAbout\": [\n      \"Web-Entwicklung\",\n      \"Online-Marketing\",\n      \"Digitale Transformation\"\n    ]\n  }\n}\n<\/script>\n\n\n            \r\n        <div class=\"spacing-block large spacing-block-id-69e767d9d23ff\" >                                     \r\n                  <div class=\"large-space\">   \r\n                  <\/div>                      \r\n        <\/div><\/div><\/div>\n","protected":false},"excerpt":{"rendered":"<p>Dieses Impressum gilt auch f\u00fcr folgende Social-Media-Kan\u00e4le: Facebook, Xing, LinkedIn. Angaben gem\u00e4\u00df \u00a7 5 DDG LGI Logistics Group International GmbHKonrad-Zuse-Stra\u00dfe 1071034 B\u00f6blingen Vertreten durch die Gesch\u00e4ftsf\u00fchrer:Florian Beck, Holger Funk Telefon: +49 7031 2009 0E-Mail:&nbsp;Website: www.lgigroup.com RegistereintragEintragung im Handelsregister.Registergericht: Amtsgericht StuttgartRegisternummer: HRB 243806 Umsatzsteuer-IDUmsatzsteuer-Identifikationsnummer gem\u00e4\u00df \u00a7 27 a Umsatzsteuergesetz:DE 172126257 Aufsichtsbeh\u00f6rdenAufsichtsbeh\u00f6rde f\u00fcr den G\u00fcterkraftverkehr:Bundesamt f\u00fcr Logistik [&hellip;]<\/p>\n","protected":false},"author":1,"featured_media":0,"parent":0,"menu_order":0,"comment_status":"closed","ping_status":"closed","template":"","meta":{"footnotes":""},"class_list":["post-919","page","type-page","status-publish","hentry"],"yoast_head":"<!-- This site is optimized with the Yoast SEO plugin v27.3 - https:\/\/yoast.com\/product\/yoast-seo-wordpress\/ -->\n<title>Impressum der LGI - Ihr Supply-Chain-Experte<\/title>\n<meta name=\"description\" content=\"Finden Sie im Impressum alle Informationen zu unseren Inhalten, Postanschrift, rechtlichen Hinweisen &amp; mehr. \u27a4 Jetzt informieren.\" \/>\n<meta name=\"robots\" content=\"index, follow, max-snippet:-1, max-image-preview:large, max-video-preview:-1\" \/>\n<link rel=\"canonical\" href=\"https:\/\/lgigroup.com\/de-de\/wp-json\/wp\/v2\/pages\/919\" \/>\n<meta property=\"og:locale\" content=\"de_DE\" \/>\n<meta property=\"og:type\" content=\"article\" \/>\n<meta property=\"og:title\" content=\"Impressum der LGI - Ihr Supply-Chain-Experte\" \/>\n<meta property=\"og:description\" content=\"Finden Sie im Impressum alle Informationen zu unseren Inhalten, Postanschrift, rechtlichen Hinweisen &amp; mehr. \u27a4 Jetzt informieren.\" \/>\n<meta property=\"og:url\" content=\"https:\/\/lgigroup.com\/de-de\/impressum\/\" \/>\n<meta property=\"og:site_name\" content=\"LGI Group\" \/>\n<meta property=\"article:modified_time\" content=\"2026-04-09T10:12:13+00:00\" \/>\n<meta name=\"twitter:card\" content=\"summary_large_image\" \/>\n<meta name=\"twitter:label1\" content=\"Est. reading time\" \/>\n\t<meta name=\"twitter:data1\" content=\"1 minute\" \/>\n<script type=\"application\/ld+json\" class=\"yoast-schema-graph\">{\"@context\":\"https:\\\/\\\/schema.org\",\"@graph\":[{\"@type\":\"WebPage\",\"@id\":\"https:\\\/\\\/lgigroup.com\\\/de-de\\\/impressum\\\/\",\"url\":\"https:\\\/\\\/lgigroup.com\\\/de-de\\\/impressum\\\/\",\"name\":\"Impressum der LGI - Ihr Supply-Chain-Experte\",\"isPartOf\":{\"@id\":\"https:\\\/\\\/lgigroup.com\\\/de-de\\\/#website\"},\"datePublished\":\"2023-01-09T10:53:17+00:00\",\"dateModified\":\"2026-04-09T10:12:13+00:00\",\"description\":\"Finden Sie im Impressum alle Informationen zu unseren Inhalten, Postanschrift, rechtlichen Hinweisen & mehr. \u27a4 Jetzt informieren.\",\"breadcrumb\":{\"@id\":\"https:\\\/\\\/lgigroup.com\\\/de-de\\\/impressum\\\/#breadcrumb\"},\"inLanguage\":\"de-de\",\"potentialAction\":[{\"@type\":\"ReadAction\",\"target\":[\"https:\\\/\\\/lgigroup.com\\\/de-de\\\/impressum\\\/\"]}]},{\"@type\":\"BreadcrumbList\",\"@id\":\"https:\\\/\\\/lgigroup.com\\\/de-de\\\/impressum\\\/#breadcrumb\",\"itemListElement\":[{\"@type\":\"ListItem\",\"position\":1,\"name\":\"Startseite\",\"item\":\"https:\\\/\\\/lgigroup.com\\\/de-de\\\/\"},{\"@type\":\"ListItem\",\"position\":2,\"name\":\"Impressum\"}]},{\"@type\":\"WebSite\",\"@id\":\"https:\\\/\\\/lgigroup.com\\\/de-de\\\/#website\",\"url\":\"https:\\\/\\\/lgigroup.com\\\/de-de\\\/\",\"name\":\"LGI Group\",\"description\":\"\",\"publisher\":{\"@id\":\"https:\\\/\\\/lgigroup.com\\\/de-de\\\/#organization\"},\"potentialAction\":[{\"@type\":\"SearchAction\",\"target\":{\"@type\":\"EntryPoint\",\"urlTemplate\":\"https:\\\/\\\/lgigroup.com\\\/de-de\\\/?s={search_term_string}\"},\"query-input\":{\"@type\":\"PropertyValueSpecification\",\"valueRequired\":true,\"valueName\":\"search_term_string\"}}],\"inLanguage\":\"de-de\"},{\"@type\":\"Organization\",\"@id\":\"https:\\\/\\\/lgigroup.com\\\/de-de\\\/#organization\",\"name\":\"LGI GmbH\",\"url\":\"https:\\\/\\\/lgigroup.com\\\/de-de\\\/\",\"logo\":{\"@type\":\"ImageObject\",\"inLanguage\":\"de-de\",\"@id\":\"https:\\\/\\\/lgigroup.com\\\/de-de\\\/#\\\/schema\\\/logo\\\/image\\\/\",\"url\":\"https:\\\/\\\/lgigroup.com\\\/wp-content\\\/uploads\\\/2023\\\/01\\\/lgi-logo.png\",\"contentUrl\":\"https:\\\/\\\/lgigroup.com\\\/wp-content\\\/uploads\\\/2023\\\/01\\\/lgi-logo.png\",\"width\":420,\"height\":200,\"caption\":\"LGI GmbH\"},\"image\":{\"@id\":\"https:\\\/\\\/lgigroup.com\\\/de-de\\\/#\\\/schema\\\/logo\\\/image\\\/\"}}]}<\/script>\n<!-- \/ Yoast SEO plugin. -->","yoast_head_json":{"title":"Impressum der LGI - Ihr Supply-Chain-Experte","description":"Finden Sie im Impressum alle Informationen zu unseren Inhalten, Postanschrift, rechtlichen Hinweisen & mehr. \u27a4 Jetzt informieren.","robots":{"index":"index","follow":"follow","max-snippet":"max-snippet:-1","max-image-preview":"max-image-preview:large","max-video-preview":"max-video-preview:-1"},"canonical":"https:\/\/lgigroup.com\/de-de\/wp-json\/wp\/v2\/pages\/919","og_locale":"de_DE","og_type":"article","og_title":"Impressum der LGI - Ihr Supply-Chain-Experte","og_description":"Finden Sie im Impressum alle Informationen zu unseren Inhalten, Postanschrift, rechtlichen Hinweisen & mehr. \u27a4 Jetzt informieren.","og_url":"https:\/\/lgigroup.com\/de-de\/impressum\/","og_site_name":"LGI Group","article_modified_time":"2026-04-09T10:12:13+00:00","twitter_card":"summary_large_image","twitter_misc":{"Est. reading time":"1 minute"},"schema":{"@context":"https:\/\/schema.org","@graph":[{"@type":"WebPage","@id":"https:\/\/lgigroup.com\/de-de\/impressum\/","url":"https:\/\/lgigroup.com\/de-de\/impressum\/","name":"Impressum der LGI - Ihr Supply-Chain-Experte","isPartOf":{"@id":"https:\/\/lgigroup.com\/de-de\/#website"},"datePublished":"2023-01-09T10:53:17+00:00","dateModified":"2026-04-09T10:12:13+00:00","description":"Finden Sie im Impressum alle Informationen zu unseren Inhalten, Postanschrift, rechtlichen Hinweisen & mehr. \u27a4 Jetzt informieren.","breadcrumb":{"@id":"https:\/\/lgigroup.com\/de-de\/impressum\/#breadcrumb"},"inLanguage":"de-de","potentialAction":[{"@type":"ReadAction","target":["https:\/\/lgigroup.com\/de-de\/impressum\/"]}]},{"@type":"BreadcrumbList","@id":"https:\/\/lgigroup.com\/de-de\/impressum\/#breadcrumb","itemListElement":[{"@type":"ListItem","position":1,"name":"Startseite","item":"https:\/\/lgigroup.com\/de-de\/"},{"@type":"ListItem","position":2,"name":"Impressum"}]},{"@type":"WebSite","@id":"https:\/\/lgigroup.com\/de-de\/#website","url":"https:\/\/lgigroup.com\/de-de\/","name":"LGI Group","description":"","publisher":{"@id":"https:\/\/lgigroup.com\/de-de\/#organization"},"potentialAction":[{"@type":"SearchAction","target":{"@type":"EntryPoint","urlTemplate":"https:\/\/lgigroup.com\/de-de\/?s={search_term_string}"},"query-input":{"@type":"PropertyValueSpecification","valueRequired":true,"valueName":"search_term_string"}}],"inLanguage":"de-de"},{"@type":"Organization","@id":"https:\/\/lgigroup.com\/de-de\/#organization","name":"LGI GmbH","url":"https:\/\/lgigroup.com\/de-de\/","logo":{"@type":"ImageObject","inLanguage":"de-de","@id":"https:\/\/lgigroup.com\/de-de\/#\/schema\/logo\/image\/","url":"https:\/\/lgigroup.com\/wp-content\/uploads\/2023\/01\/lgi-logo.png","contentUrl":"https:\/\/lgigroup.com\/wp-content\/uploads\/2023\/01\/lgi-logo.png","width":420,"height":200,"caption":"LGI GmbH"},"image":{"@id":"https:\/\/lgigroup.com\/de-de\/#\/schema\/logo\/image\/"}}]}},"_links":{"self":[{"href":"https:\/\/lgigroup.com\/de-de\/wp-json\/wp\/v2\/pages\/919","targetHints":{"allow":["GET"]}}],"collection":[{"href":"https:\/\/lgigroup.com\/de-de\/wp-json\/wp\/v2\/pages"}],"about":[{"href":"https:\/\/lgigroup.com\/de-de\/wp-json\/wp\/v2\/types\/page"}],"author":[{"embeddable":true,"href":"https:\/\/lgigroup.com\/de-de\/wp-json\/wp\/v2\/users\/1"}],"replies":[{"embeddable":true,"href":"https:\/\/lgigroup.com\/de-de\/wp-json\/wp\/v2\/comments?post=919"}],"version-history":[{"count":25,"href":"https:\/\/lgigroup.com\/de-de\/wp-json\/wp\/v2\/pages\/919\/revisions"}],"predecessor-version":[{"id":30766,"href":"https:\/\/lgigroup.com\/de-de\/wp-json\/wp\/v2\/pages\/919\/revisions\/30766"}],"wp:attachment":[{"href":"https:\/\/lgigroup.com\/de-de\/wp-json\/wp\/v2\/media?parent=919"}],"curies":[{"name":"wp","href":"https:\/\/api.w.org\/{rel}","templated":true}]}}