{"id":29279,"date":"2025-06-26T13:37:46","date_gmt":"2025-06-26T11:37:46","guid":{"rendered":"https:\/\/lgigroup.com\/?page_id=29279"},"modified":"2025-12-13T10:52:00","modified_gmt":"2025-12-13T09:52:00","slug":"accessibility-statement","status":"publish","type":"page","link":"https:\/\/lgigroup.com\/de-en\/accessibility-statement\/","title":{"rendered":"Accessibility statement"},"content":{"rendered":"\r\n\t\t<section class=\"titelbild-section titelbild-block-id-69de1a785ae85 titelbild-block-layout-\">\r\n            <div class=\"col-12 col-lg-12\">\r\n                <div class=\"full-bild\"> <img loading=\"lazy\" decoding=\"async\" width=\"1920\" height=\"700\" src=\"\/wp-content\/uploads\/2023\/02\/documents-on-a-desk-lgi.jpg\" class=\"img-fluid\" alt=\"Documents on a desk | LGI\" srcset=\"\/wp-content\/uploads\/2023\/02\/documents-on-a-desk-lgi.jpg 1920w, \/wp-content\/uploads\/2023\/02\/documents-on-a-desk-lgi-300x109.jpg 300w, \/wp-content\/uploads\/2023\/02\/documents-on-a-desk-lgi-1024x373.jpg 1024w, \/wp-content\/uploads\/2023\/02\/documents-on-a-desk-lgi-768x280.jpg 768w, \/wp-content\/uploads\/2023\/02\/documents-on-a-desk-lgi-1536x560.jpg 1536w\" sizes=\"auto, (max-width: 1920px) 100vw, 1920px\" \/><\/div>\r\n                <div class=\"bild-title container\">\r\n                    <div class=\"row\">\r\n                                <div class=\"col\">\r\n                                    <p class=\"headline wt-h1\"><\/p>\r\n                                <\/div>                                        \r\n                            <\/div> \r\n                <\/div>\r\n            <\/div>\r\n        <\/section>\r\n\t\n\n            \r\n        <div class=\"spacing-block large spacing-block-id-69de1a785b4a6\" >                                     \r\n                  <div class=\"large-space\">   \r\n                  <\/div>                      \r\n        <\/div>\n\n\r\n                <div class=\"headline-block \">\r\n                    \r\n                        <div class=\"container\">                            \r\n                            \r\n                            \r\n                            <div class=\"row\">\r\n                                <div class=\"col\">\r\n                                    <h1 class=\"wt-h1 wt-font-color-dark-grey\">Accessibility statement<\/h1>\r\n                                <\/div>                                        \r\n                            <\/div>                                                                                                    \r\n                        <\/div>                                \r\n                <\/div>\r\n            \n\n            \r\n        <div class=\"spacing-block extrasmall spacing-block-id-69de1a785b70d\" >                                     \r\n                  <div class=\"extra-small-space\">   \r\n                  <\/div>                      \r\n        <\/div>\n\n   \r\n    \r\n    <div class=\"grey-line-block grey-line-block-id-69de1a785b82b\">\r\n        \r\n        <div class=\"container\">\r\n            <div class=\"row\">\r\n                <div class=\"col test\">\r\n                    <div class=\"grey-line-block-line\"><\/div>\r\n                <\/div>                \r\n            <\/div>\r\n        <\/div>\r\n        \r\n    <\/div>\n\n            \r\n        <div class=\"spacing-block small spacing-block-id-69de1a785b941\" >                                     \r\n                  <div class=\"small-space\">   \r\n                  <\/div>                      \r\n        <\/div>\n\n\n<div class=\"wp-block-group container\"><div class=\"wp-block-group__inner-container is-layout-constrained wp-block-group-is-layout-constrained\">\n<p>LGI Logistics Group International GmbH<br>Konrad-Zuse-Stra\u00dfe 10<br>71034 B\u00f6blingen<br>Germany<br><br>Phone: <a href=\"tel:%2b%34%39%37%30%33%31%32%30%30%39%30\">+49 7031 2009 0<\/a><br>E-Mail: <a href=\"mailto:%69%6e%66%6f@%6c%67%69.%64%65\">info@lgi.de<\/a><\/p>\n\n\n\n<p>LGI Logistics Group International GmbH strives to make its website accessible in accordance with the Accessibility Enhancement Act. This accessibility statement applies to the website: <a href=\"\/\">LGI Logistics Group International GmbH<\/a>.<\/p>\n\n\n\n<p><strong>Status of compliance with requirements<\/strong><\/p>\n\n\n\n<p>This website is partially compliant with the requirements of the BFSG. We are continuously working to identify and remove existing barriers.<\/p>\n\n\n\n<p><strong>Barriers due to economic unreasonableness<\/strong><\/p>\n\n\n\n<p>Some barriers on our website cannot be removed at short notice for reasons of economic feasibility. These include:<\/p>\n\n\n\n<ul class=\"wp-block-list\">\n<li>Complex interactive applications: Certain interactive applications and special features on our website require significant financial and human resources to make them fully accessible. We are continuously reviewing ways to improve, but due to the high costs involved, we are unable to remove all barriers immediately.<\/li>\n\n\n\n<li>Historical content: Older content created before the current accessibility guidelines came into effect may not be fully accessible. Retrofitting this content would require disproportionately high expenditure. However, new content is created in accordance with the current standards.<\/li>\n<\/ul>\n\n\n\n<p><strong>Report barriers, feedback, and contact details<\/strong><\/p>\n\n\n\n<p>Please let us know on which page and with which function you encountered barriers. To do this, simply copy the link from the address bar of your browser. You can report barriers to us in the following ways:<\/p>\n\n\n\n<ul class=\"wp-block-list\">\n<li>E-Mail: <a href=\"mailto:%63%6f%72%70%6f%72%61%74%65%5f%63%6f%6d%6d%75%6e%69%63%61%74%69%6f%6e%73@%6c%67%69.%64%65\" target=\"_blank\" rel=\"noreferrer noopener\">corporate_communications@lgi.de<\/a><\/li>\n\n\n\n<li>Phone: <a href=\"tel:%2b%34%39%37%30%33%31%32%30%30%39%30\">+49 7031 2009 0<\/a><\/li>\n\n\n\n<li>Mailing address: LGI Logistics Group International GmbH, Konrad-Zuse-Stra\u00dfe 10, 71034 B\u00f6blingen, Germany<\/li>\n<\/ul>\n\n\n\n<p>Or directly via the contact form:<\/p>\n<\/div><\/div>\n\n\n    \r\n   <section class=\"contact-form-block contact-form-block-id-69de1a785d5a6 mb-5\">\r\n    <div class=\"container lgi-form-container\">\r\n        <form id=\"lgi-form-69de1a785d5a6\" class=\"row g-3 needs-validation contactForm\" novalidate>\r\n            <div class=\"col-12 col-lg-4\">\r\n                    \r\n                    <div class=\"input-wrapper input-wrapper-first\">\r\n                        <label for=\"cf_first_name\" class=\"form-label visually-hidden\">First name<\/label>\r\n                        <input type=\"text\" id=\"cf_first_name\" name=\"cf_first_name\" class=\"form-control shadow-none\" placeholder=\"First name*\" aria-required=\"true\" aria-label=\"First name\" required >\r\n                             <div class=\"invalid-feedback\">\r\n                             This is a required field.\r\n                            <\/div>\r\n                        <\/div>\r\n                    \r\n                    <div class=\"input-wrapper input-wrapper-first\">\r\n                         <label for=\"cf_last_name\" class=\"form-label visually-hidden\">Last name<\/label>\r\n                         <input type=\"text\" id=\"cf_last_name\" name=\"cf_last_name\" class=\"form-control shadow-none\" placeholder=\"Last name*\" aria-label=\"Last name\" aria-required=\"true\" required >\r\n                         <div class=\"invalid-feedback\">\r\n                              This is a required field.\r\n                        <\/div>\r\n                    <\/div>\r\n\r\n                    <div class=\"input-wrapper\">\r\n                         <label for=\"cf_corp\" class=\"form-label visually-hidden\">Company<\/label>\r\n                        <input type=\"text\" id=\"cf_corp\" name=\"cf_corp\" class=\"form-control shadow-none\" placeholder=\"Company*\" aria-label=\"Company\" aria-required=\"true\" required >\r\n                        <div class=\"invalid-feedback\">\r\n                             This is a required field.\r\n                         <\/div>\r\n                    <\/div>\r\n\r\n                    <div class=\"input-wrapper\">\r\n                        <label for=\"cf_mail\" class=\"form-label visually-hidden\">Your e-mail address<\/label>\r\n                        <input type=\"email\" id=\"cf_mail\" name=\"cf_mail\" class=\"form-control shadow-none\" placeholder=\"Your e-mail address*\" aria-label=\"Your e-mail address\" aria-required=\"true\" required >\r\n                         <div class=\"invalid-feedback\">\r\n                         This is a required field.\r\n                        <\/div>\r\n                    <\/div>\r\n                    \r\n                    <select name=\"cf_reciever\" id=\"inputState\" class=\"form-select shadow-none\" required>\r\n                        <option value=\"\" disabled selected>Recipient (company area)*<\/option>\r\n                        <option value=\"0\">Shipments<\/option>\r\n                        <option value=\"1\">Return HP devices<\/option>\r\n                        <option value=\"2\">Mobility Logistics<\/option>\r\n                        <option value=\"3\">Electronics Logistics<\/option>\r\n                        <option value=\"4\">Textile Logistics<\/option>\r\n                        <option value=\"4\">Beauty Logistics<\/option>\r\n                        <option value=\"4\">Lifestyle Logistics<\/option>\r\n                        <option value=\"5\">Healthcare Logistics<\/option>                      \r\n                        <option value=\"7\">Industry Logistics<\/option>                      \r\n                        <option value=\"6\">Real Estate &#038; Purchasing<\/option>                      \r\n                        <option value=\"8\">Personnel<\/option>                      \r\n                        <option value=\"9\">Press &#038; Marketing<\/option>                      \r\n                        <option value=\"10\">Accounting<\/option>                      \r\n                        <option value=\"11\">Transportation<\/option>                      \r\n                        <option value=\"12\">Customs &#038; Foreign Trade<\/option>                                          \r\n                        <option value=\"13\">Other inquiries<\/option>                      \r\n                    <\/select>\r\n                    <div class=\"invalid-feedback\">\r\n                        This is a required field.\r\n                    <\/div>\r\n                <\/div>\r\n                <div class=\"col-12 col-lg-8 ps-3 text-right-area\">\r\n                    \r\n                    <div class=\"input-wrapper\">\r\n                        <label for=\"cf_message\" class=\"form-label visually-hidden\">Your message (max. 500 characters)<\/label>\r\n                        <textarea id=\"cf_message\" name=\"cf_message\" class=\"form-control shadow-none\" placeholder=\"Your message (max. 500 characters)*\" rows=\"3\" maxlength=\"500\" aria-label=\"Your message (max. 500 characters)\" aria-required=\"true\" required><\/textarea>\r\n                        <div class=\"invalid-feedback\">\r\n                          This is a required field.\r\n                        <\/div>\r\n                    <\/div>\r\n                    \r\n                    <div class=\"send-wrapper\">\r\n                            <div class=\"form-check mt-4\">\r\n                                 <input class=\"form-check-input wt-newsletter-checkbox-contact shadow-none\" type=\"checkbox\" name=\"cf_receive_newsletter\" id=\"gridCheck-2\">\r\n                                 <label class=\"form-check-label wt-t\" for=\"gridCheck-2\">You hereby agree to receive the newsletter. You can unsubscribe from the newsletter at any time by sending an e-mail to <a class=\"wt-k-click-mail\" href=\"&#109;&#97;&#105;&#108;&#116;&#111;&#58;%77%69%64%65%72%72%75%66-%6c%67%69@%6c%67%69.%64%65\">&#x77;&#x69;&#x64;&#x65;&#x72;&#x72;&#x75;&#x66;&#x2d;&#x6c;&#x67;&#x69;&#x40;&#x6c;&#x67;&#x69;&#x2e;&#x64;&#x65;<\/a> and revoking your consent.<\/label>\r\n                        <\/div>\r\n                        <div class=\"form-check mt-2\">\r\n                            <input class=\"form-check-input shadow-none\" type=\"checkbox\" name=\"cf_use_data\" id=\"gridCheck\" required>\r\n                            <label class=\"form-check-label wt-t\" for=\"gridCheck\">\r\n                            We will use your data, which you can submit with this form, exclusively for processing your request.\r\n                            For more information on the use of your data, please visit our data protection page.\r\n                            This page is protected by reCAPTCHA and Google&#8217;s <a href='https:\/\/policies.google.com\/privacy' target='_blank' rel='nofollow'>Privacy Policy<\/a> and <a href='https:\/\/policies.google.com\/terms' target='_blank' rel='nofollow'>Terms<\/a> of Use apply.\r\n                            <\/label>\r\n                        <\/div>\r\n                    \r\n                    <button type=\"submit\" class=\"wt-bt mt-4 ms-4\">Send form<\/button>                        \r\n                    \r\n                <\/div>\r\n                \r\n            <\/div>\r\n            \r\n            <input type=\"hidden\" name=\"g-recaptcha-response\" value=\"\">\r\n            <input type=\"hidden\" name=\"formType\" value=\"contactForm\">\r\n                            \r\n        <\/form>\r\n\r\n        <div id=\"lgi-state-69de1a785d5a6\" class=\"lgi-submission-state\" style=\"display: none;\">\r\n            \r\n            <div class=\"lgi-loader-wrapper\">\r\n                <span class=\"lgi-loader\"><\/span>\r\n            <\/div>\r\n            \r\n            <div class=\"lgi-form-success\" style=\"display: none;\">\r\n                <h2 class=\"success-heading\">Success!<\/h2>\r\n                <p class=\"m-message m-success\">Your message has been sent. We will get back to you as soon as possible.<\/p>\r\n            <\/div>\r\n\r\n            <div class=\"lgi-form-error\" style=\"display: none;\">\r\n                <p class=\"m-message m-error\">Your message could not be sent. Please contact us directly.<\/p>\r\n            <\/div>\r\n\r\n        <\/div>\r\n\r\n    <\/div>        \r\n<\/section>\n\n            \r\n        <div class=\"spacing-block small spacing-block-id-69de1a785d784\" >                                     \r\n                  <div class=\"small-space\">   \r\n                  <\/div>                      \r\n        <\/div>\n\n\n<div class=\"wp-block-group container\"><div class=\"wp-block-group__inner-container is-layout-constrained wp-block-group-is-layout-constrained\">\n<p><strong>Enforcement authority<\/strong><\/p>\n\n\n\n<p>If you do not receive satisfactory responses to communications or inquiries regarding accessibility, you can contact the enforcement agency. The enforcement agency will assist you in asserting your rights.<\/p>\n\n\n\n<p>Address of the enforcement authority:<\/p>\n\n\n\n<ul class=\"wp-block-list\">\n<li><strong>Schlichtungsstelle nach \u00a7 34 BFSG&nbsp;<\/strong>(Schlichtungsstelle nach dem Behindertengleichstellungsgesetz bei dem Beauftragten der Bundesregierung f\u00fcr die Belange von Menschen mit Behinderungen)<\/li>\n\n\n\n<li>Mauerstra\u00dfe 53, 10117 Berlin<\/li>\n\n\n\n<li>Phone: <a href=\"tel:%2b%34%39%33%30%31%38%35%32%37%32%38%30%35\">+49 (0)30 18 527 2805<\/a><\/li>\n\n\n\n<li>E-Mail: <a href=\"mailto:%69%6e%66%6f@%73%63%68%6c%69%63%68%74%75%6e%67%73%73%74%65%6c%6c%65-%62%67%67.%64%65\" target=\"_blank\" rel=\"noreferrer noopener\">info@schlichtungsstelle-bgg.de<\/a><\/li>\n<\/ul>\n\n\n\n<p><strong>Market surveillance authority<\/strong><\/p>\n\n\n\n<p>The contact details of the competent market surveillance authority are as follows:<\/p>\n\n\n\n<ul class=\"wp-block-list\">\n<li><strong>Markt\u00fcberwachungsstelle der L\u00e4nder f\u00fcr die Barrierefreiheit von Produkten und Dienstleistungen (MLBF)<\/strong> (in Errichtung)<br>c\/o Ministerium f\u00fcr Arbeit, Soziales, Gesundheit und Gleichstellung Sachsen-Anhalt<\/li>\n\n\n\n<li>P.O. Box 39 11 55, 39135 Magdeburg<\/li>\n\n\n\n<li>Phone: <a href=\"tel:%2b%34%39%33%39%31%35%36%37%36%39%37%30\">+49 (0)391 567 6970<\/a><\/li>\n\n\n\n<li>E-Mail: <a href=\"mailto:%4d%4c%42%46@%6d%73.%73%61%63%68%73%65%6e-%61%6e%68%61%6c%74.%64%65\" target=\"_blank\" rel=\"noreferrer noopener\">MLBF@ms.sachsen-\u200banhalt.de<\/a><\/li>\n<\/ul>\n\n\n\n<p><strong>Date of creation of this accessibility statement<\/strong><\/p>\n\n\n\n<p>This statement was created on May 28, 2025. Compliance with the requirements is based on a digital accessibility audit report conducted by LGI Logistics Group International GmbH.<\/p>\n\n\n\n<p>This accessibility statement has been prepared with the utmost care and is regularly updated to meet current requirements and standards. Nevertheless, errors cannot be completely ruled out. If you find any errors in this statement, please send us a brief report using the Report Barriers functionality as described in this document.<\/p>\n\n\n\n<p>This document was last updated on 09\/10\/2025.<\/p>\n<\/div><\/div>\n\n\n            \r\n        <div class=\"spacing-block large spacing-block-id-69de1a785e561\" >                                     \r\n                  <div class=\"large-space\">   \r\n                  <\/div>                      \r\n        <\/div>","protected":false},"excerpt":{"rendered":"<p>LGI Logistics Group International GmbHKonrad-Zuse-Stra\u00dfe 1071034 B\u00f6blingenGermany Phone: +49 7031 2009 0E-Mail: info@lgi.de LGI Logistics Group International GmbH strives to make its website accessible in accordance with the Accessibility Enhancement Act. This accessibility statement applies to the website: LGI Logistics Group International GmbH. Status of compliance with requirements This website is partially compliant with the [&hellip;]<\/p>\n","protected":false},"author":1,"featured_media":0,"parent":0,"menu_order":0,"comment_status":"closed","ping_status":"closed","template":"","meta":{"footnotes":""},"class_list":["post-29279","page","type-page","status-publish","hentry"],"yoast_head":"<!-- This site is optimized with the Yoast SEO plugin v27.3 - https:\/\/yoast.com\/product\/yoast-seo-wordpress\/ -->\n<title>Accessibility statement - LGI Group<\/title>\n<meta name=\"description\" content=\"Find out more about barriers on our website. If you would like to report a barrier or give us feedback, please feel free to contact us.\" \/>\n<meta name=\"robots\" content=\"index, follow, max-snippet:-1, max-image-preview:large, max-video-preview:-1\" \/>\n<link rel=\"canonical\" href=\"https:\/\/lgigroup.com\/de-en\/wp-json\/wp\/v2\/pages\/29279\" \/>\n<meta property=\"og:locale\" content=\"de_DE\" \/>\n<meta property=\"og:type\" content=\"article\" \/>\n<meta property=\"og:title\" content=\"Accessibility statement - LGI Group\" \/>\n<meta property=\"og:description\" content=\"Find out more about barriers on our website. If you would like to report a barrier or give us feedback, please feel free to contact us.\" \/>\n<meta property=\"og:url\" content=\"https:\/\/lgigroup.com\/de-en\/accessibility-statement\/\" \/>\n<meta property=\"og:site_name\" content=\"LGI Group\" \/>\n<meta property=\"article:modified_time\" content=\"2025-12-13T09:52:00+00:00\" \/>\n<meta name=\"twitter:card\" content=\"summary_large_image\" \/>\n<meta name=\"twitter:label1\" content=\"Est. reading time\" \/>\n\t<meta name=\"twitter:data1\" content=\"3 minutes\" \/>\n<script type=\"application\/ld+json\" class=\"yoast-schema-graph\">{\"@context\":\"https:\\\/\\\/schema.org\",\"@graph\":[{\"@type\":\"WebPage\",\"@id\":\"https:\\\/\\\/lgigroup.com\\\/de-en\\\/accessibility-statement\\\/\",\"url\":\"https:\\\/\\\/lgigroup.com\\\/de-en\\\/accessibility-statement\\\/\",\"name\":\"Accessibility statement - LGI Group\",\"isPartOf\":{\"@id\":\"https:\\\/\\\/lgigroup.com\\\/de-en\\\/#website\"},\"datePublished\":\"2025-06-26T11:37:46+00:00\",\"dateModified\":\"2025-12-13T09:52:00+00:00\",\"description\":\"Find out more about barriers on our website. If you would like to report a barrier or give us feedback, please feel free to contact us.\",\"breadcrumb\":{\"@id\":\"https:\\\/\\\/lgigroup.com\\\/de-en\\\/accessibility-statement\\\/#breadcrumb\"},\"inLanguage\":\"de-EN\",\"potentialAction\":[{\"@type\":\"ReadAction\",\"target\":[\"https:\\\/\\\/lgigroup.com\\\/de-en\\\/accessibility-statement\\\/\"]}]},{\"@type\":\"BreadcrumbList\",\"@id\":\"https:\\\/\\\/lgigroup.com\\\/de-en\\\/accessibility-statement\\\/#breadcrumb\",\"itemListElement\":[{\"@type\":\"ListItem\",\"position\":1,\"name\":\"Startseite\",\"item\":\"https:\\\/\\\/lgigroup.com\\\/de-en\\\/\"},{\"@type\":\"ListItem\",\"position\":2,\"name\":\"Accessibility statement\"}]},{\"@type\":\"WebSite\",\"@id\":\"https:\\\/\\\/lgigroup.com\\\/de-en\\\/#website\",\"url\":\"https:\\\/\\\/lgigroup.com\\\/de-en\\\/\",\"name\":\"LGI Group\",\"description\":\"\",\"publisher\":{\"@id\":\"https:\\\/\\\/lgigroup.com\\\/de-en\\\/#organization\"},\"potentialAction\":[{\"@type\":\"SearchAction\",\"target\":{\"@type\":\"EntryPoint\",\"urlTemplate\":\"https:\\\/\\\/lgigroup.com\\\/de-en\\\/?s={search_term_string}\"},\"query-input\":{\"@type\":\"PropertyValueSpecification\",\"valueRequired\":true,\"valueName\":\"search_term_string\"}}],\"inLanguage\":\"de-EN\"},{\"@type\":\"Organization\",\"@id\":\"https:\\\/\\\/lgigroup.com\\\/de-en\\\/#organization\",\"name\":\"LGI GmbH\",\"url\":\"https:\\\/\\\/lgigroup.com\\\/de-en\\\/\",\"logo\":{\"@type\":\"ImageObject\",\"inLanguage\":\"de-EN\",\"@id\":\"https:\\\/\\\/lgigroup.com\\\/de-en\\\/#\\\/schema\\\/logo\\\/image\\\/\",\"url\":\"https:\\\/\\\/lgigroup.com\\\/wp-content\\\/uploads\\\/2023\\\/01\\\/lgi-logo.png\",\"contentUrl\":\"https:\\\/\\\/lgigroup.com\\\/wp-content\\\/uploads\\\/2023\\\/01\\\/lgi-logo.png\",\"width\":420,\"height\":200,\"caption\":\"LGI GmbH\"},\"image\":{\"@id\":\"https:\\\/\\\/lgigroup.com\\\/de-en\\\/#\\\/schema\\\/logo\\\/image\\\/\"}}]}<\/script>\n<!-- \/ Yoast SEO plugin. -->","yoast_head_json":{"title":"Accessibility statement - LGI Group","description":"Find out more about barriers on our website. If you would like to report a barrier or give us feedback, please feel free to contact us.","robots":{"index":"index","follow":"follow","max-snippet":"max-snippet:-1","max-image-preview":"max-image-preview:large","max-video-preview":"max-video-preview:-1"},"canonical":"https:\/\/lgigroup.com\/de-en\/wp-json\/wp\/v2\/pages\/29279","og_locale":"de_DE","og_type":"article","og_title":"Accessibility statement - LGI Group","og_description":"Find out more about barriers on our website. If you would like to report a barrier or give us feedback, please feel free to contact us.","og_url":"https:\/\/lgigroup.com\/de-en\/accessibility-statement\/","og_site_name":"LGI Group","article_modified_time":"2025-12-13T09:52:00+00:00","twitter_card":"summary_large_image","twitter_misc":{"Est. reading time":"3 minutes"},"schema":{"@context":"https:\/\/schema.org","@graph":[{"@type":"WebPage","@id":"https:\/\/lgigroup.com\/de-en\/accessibility-statement\/","url":"https:\/\/lgigroup.com\/de-en\/accessibility-statement\/","name":"Accessibility statement - LGI Group","isPartOf":{"@id":"https:\/\/lgigroup.com\/de-en\/#website"},"datePublished":"2025-06-26T11:37:46+00:00","dateModified":"2025-12-13T09:52:00+00:00","description":"Find out more about barriers on our website. If you would like to report a barrier or give us feedback, please feel free to contact us.","breadcrumb":{"@id":"https:\/\/lgigroup.com\/de-en\/accessibility-statement\/#breadcrumb"},"inLanguage":"de-EN","potentialAction":[{"@type":"ReadAction","target":["https:\/\/lgigroup.com\/de-en\/accessibility-statement\/"]}]},{"@type":"BreadcrumbList","@id":"https:\/\/lgigroup.com\/de-en\/accessibility-statement\/#breadcrumb","itemListElement":[{"@type":"ListItem","position":1,"name":"Startseite","item":"https:\/\/lgigroup.com\/de-en\/"},{"@type":"ListItem","position":2,"name":"Accessibility statement"}]},{"@type":"WebSite","@id":"https:\/\/lgigroup.com\/de-en\/#website","url":"https:\/\/lgigroup.com\/de-en\/","name":"LGI Group","description":"","publisher":{"@id":"https:\/\/lgigroup.com\/de-en\/#organization"},"potentialAction":[{"@type":"SearchAction","target":{"@type":"EntryPoint","urlTemplate":"https:\/\/lgigroup.com\/de-en\/?s={search_term_string}"},"query-input":{"@type":"PropertyValueSpecification","valueRequired":true,"valueName":"search_term_string"}}],"inLanguage":"de-EN"},{"@type":"Organization","@id":"https:\/\/lgigroup.com\/de-en\/#organization","name":"LGI GmbH","url":"https:\/\/lgigroup.com\/de-en\/","logo":{"@type":"ImageObject","inLanguage":"de-EN","@id":"https:\/\/lgigroup.com\/de-en\/#\/schema\/logo\/image\/","url":"https:\/\/lgigroup.com\/wp-content\/uploads\/2023\/01\/lgi-logo.png","contentUrl":"https:\/\/lgigroup.com\/wp-content\/uploads\/2023\/01\/lgi-logo.png","width":420,"height":200,"caption":"LGI GmbH"},"image":{"@id":"https:\/\/lgigroup.com\/de-en\/#\/schema\/logo\/image\/"}}]}},"_links":{"self":[{"href":"https:\/\/lgigroup.com\/de-en\/wp-json\/wp\/v2\/pages\/29279","targetHints":{"allow":["GET"]}}],"collection":[{"href":"https:\/\/lgigroup.com\/de-en\/wp-json\/wp\/v2\/pages"}],"about":[{"href":"https:\/\/lgigroup.com\/de-en\/wp-json\/wp\/v2\/types\/page"}],"author":[{"embeddable":true,"href":"https:\/\/lgigroup.com\/de-en\/wp-json\/wp\/v2\/users\/1"}],"replies":[{"embeddable":true,"href":"https:\/\/lgigroup.com\/de-en\/wp-json\/wp\/v2\/comments?post=29279"}],"version-history":[{"count":2,"href":"https:\/\/lgigroup.com\/de-en\/wp-json\/wp\/v2\/pages\/29279\/revisions"}],"predecessor-version":[{"id":29287,"href":"https:\/\/lgigroup.com\/de-en\/wp-json\/wp\/v2\/pages\/29279\/revisions\/29287"}],"wp:attachment":[{"href":"https:\/\/lgigroup.com\/de-en\/wp-json\/wp\/v2\/media?parent=29279"}],"curies":[{"name":"wp","href":"https:\/\/api.w.org\/{rel}","templated":true}]}}