{"id":10262,"date":"2022-12-22T14:46:32","date_gmt":"2022-12-22T13:46:32","guid":{"rendered":"https:\/\/lgigroup.com\/?page_id=10262"},"modified":"2024-05-29T08:04:00","modified_gmt":"2024-05-29T06:04:00","slug":"graduates","status":"publish","type":"page","link":"https:\/\/lgigroup.com\/hu-hu\/career\/joining-lgi\/graduates\/","title":{"rendered":"Graduates"},"content":{"rendered":"\r\n\t\t<section class=\"titelbild-section titelbild-block-id-69d39503943fc titelbild-block-layout-\">\r\n            <div class=\"col-12 col-lg-12\">\r\n                <div class=\"full-bild\"> <img loading=\"lazy\" decoding=\"async\" width=\"1920\" height=\"700\" src=\"\/wp-content\/uploads\/2023\/02\/two-female-graduates-lgi-career.jpg\" class=\"img-fluid\" alt=\"Two female graduates | LGI career\" srcset=\"\/wp-content\/uploads\/2023\/02\/two-female-graduates-lgi-career.jpg 1920w, \/wp-content\/uploads\/2023\/02\/two-female-graduates-lgi-career-300x109.jpg 300w, \/wp-content\/uploads\/2023\/02\/two-female-graduates-lgi-career-1024x373.jpg 1024w, \/wp-content\/uploads\/2023\/02\/two-female-graduates-lgi-career-768x280.jpg 768w, \/wp-content\/uploads\/2023\/02\/two-female-graduates-lgi-career-1536x560.jpg 1536w\" sizes=\"auto, (max-width: 1920px) 100vw, 1920px\" \/><\/div>\r\n                <div class=\"bild-title container\">\r\n                    <div class=\"row\">\r\n                                <div class=\"col\">\r\n                                    <p class=\"headline wt-h1\">LGI for graduates<\/p>\r\n                                <\/div>                                        \r\n                            <\/div> \r\n                <\/div>\r\n            <\/div>\r\n        <\/section>\r\n\t\n\n            \r\n        <div class=\"spacing-block large spacing-block-id-69d3950394d5d\" >                                     \r\n                  <div class=\"large-space\">   \r\n                  <\/div>                      \r\n        <\/div>\n\n\r\n                <div class=\"headline-block \">\r\n                    \r\n                        <div class=\"container\">                            \r\n                            <div class=\"row\">\r\n                        <div class=\"col\">\r\n                            <h1 class=\"wt-subheadline wt-sl sub-headline-align\">Job offers for graduates<\/h1>\r\n                        <\/div>\r\n                    <\/div>\r\n                            \r\n                            <div class=\"row\">\r\n                                <div class=\"col\">\r\n                                    <h2 class=\"wt-h1 wt-font-color-dark-grey\">Your start as a young professional at LGI<\/h2>\r\n                                <\/div>                                        \r\n                            <\/div>                                                                                                    \r\n                        <\/div>                                \r\n                <\/div>\r\n            \n\n            \r\n        <div class=\"spacing-block extrasmall spacing-block-id-69d3950394ef8\" >                                     \r\n                  <div class=\"extra-small-space\">   \r\n                  <\/div>                      \r\n        <\/div>\n\n   \r\n    \r\n    <div class=\"grey-line-block grey-line-block-id-69d3950394fbc\">\r\n        \r\n        <div class=\"container\">\r\n            <div class=\"row\">\r\n                <div class=\"col test\">\r\n                    <div class=\"grey-line-block-line\"><\/div>\r\n                <\/div>                \r\n            <\/div>\r\n        <\/div>\r\n        \r\n    <\/div>\n\n            \r\n        <div class=\"spacing-block small spacing-block-id-69d3950395092\" >                                     \r\n                  <div class=\"small-space\">   \r\n                  <\/div>                      \r\n        <\/div>\n\n\r\n                <div class=\"headline-block \">\r\n                    \r\n                        <div class=\"container\">                            \r\n                            <div class=\"row\">\r\n                        <div class=\"col\">\r\n                            <h3 class=\"wt-subheadline wt-sl\">Start your career with us<\/h3>\r\n                        <\/div>\r\n                    <\/div>\r\n                            \r\n                                                                                                                                \r\n                        <\/div>                                \r\n                <\/div>\r\n            \n\n            \r\n        <div class=\"spacing-block doublesmall spacing-block-id-69d395039521f\" >                                     \r\n                  <div class=\"double-small-space\">   \r\n                  <\/div>                      \r\n        <\/div>\n\n\n<div class=\"wp-block-group container\"><div class=\"wp-block-group__inner-container is-layout-constrained wp-block-group-is-layout-constrained\">\n<div class=\"wp-block-columns is-layout-flex wp-container-core-columns-is-layout-9d6595d7 wp-block-columns-is-layout-flex\">\n<div class=\"wp-block-column is-layout-flow wp-block-column-is-layout-flow\">\n<p>You want to put your knowledge from your studies into practice? We offer you a direct entry into logistics, <a href=\"\/hu-hu\/end-to-end-solutions\/our-business-models\/technical-logistics-scs-lcm\/\">supply chain management<\/a> and <a href=\"\/hu-hu\/end-to-end-solutions\/our-business-models\/e-commerce\/\">e-commerce<\/a>. For graduates as a job after a bachelor&#8217;s degree in logistics, business administration or IT.<\/p>\n\n\n\n<p>Especially if you are still at the beginning of your professional career, LGI opens up excellent perspectives for you. Because with us you can quickly take on responsibility and varied tasks on your own. And all this in a working environment that is characterized by a strong team spirit and flat hierarchies.<\/p>\n<\/div>\n\n\n\n<div class=\"wp-block-column is-layout-flow wp-block-column-is-layout-flow\">\n<p>In addition, we attach great importance to enabling you to develop your potential with us. To this end, we have, for example, launched the &#8220;LGI-University&#8221; program for young professionals, which provides targeted support for our career starters after one year.<\/p>\n\n\n\n<p>Apply to us, for example, as a career starter in logistics or IT, in e-commerce or as a transport manager. You can find all LGI job offers in our <a href=\"\/hu-hu\/career\/job-portal\/\">job portal<\/a>.<\/p>\n<\/div>\n<\/div>\n<\/div><\/div>\n\n\n            \r\n        <div class=\"spacing-block small spacing-block-id-69d395039694c\" >                                     \r\n                  <div class=\"small-space\">   \r\n                  <\/div>                      \r\n        <\/div>\n\n   \r\n    \r\n    <section id=\"Contact-person\" class=\"contact-person-block contact-person-block-id-69d3950396a25 encoded-email\" data-idcp=\"6136\" data-mail=\"YmV3ZXJidW5nQGxnaS5kZQ==\">\r\n    \r\n        \r\n        <div class=\"contact-person-bg-img-wrapper\">\r\n            <img loading=\"lazy\" decoding=\"async\" width=\"1920\" height=\"500\" src=\"\/wp-content\/uploads\/2023\/04\/lgi-building-from-the-side.jpg\" class=\"img-fluid bg-image\" alt=\"LGI building from the side\" srcset=\"\/wp-content\/uploads\/2023\/04\/lgi-building-from-the-side.jpg 1920w, \/wp-content\/uploads\/2023\/04\/lgi-building-from-the-side-300x78.jpg 300w, \/wp-content\/uploads\/2023\/04\/lgi-building-from-the-side-1024x267.jpg 1024w, \/wp-content\/uploads\/2023\/04\/lgi-building-from-the-side-768x200.jpg 768w, \/wp-content\/uploads\/2023\/04\/lgi-building-from-the-side-1536x400.jpg 1536w\" sizes=\"auto, (max-width: 1920px) 100vw, 1920px\" \/>\r\n        <\/div>\r\n        \r\n        <div class=\"container contact-person-content-wrapper\">\r\n            <div class=\"row\">\r\n                <div class=\"col-12 col-lg-6 contact-person-text-wrapper contact-text-align\">\r\n                    <span class=\"wt-bh\">Fancy logistics?<\/span>\r\n                    <span class=\"wt-hl wt-big-string\">Apply now at <span class='wt-font-color-white'>LGI!<\/span><\/span>\r\n                <\/div>\r\n                <div class=\"col-12 col-lg-6 order-first order-lg-last contact-person-img-wrapper\">\r\n                    <div>\r\n                        <div class=\"contact-person-wrapper contact-person\">\r\n                            <div class=\"d-flex align-items-stretch\">\r\n                                <div class=\"image-section\">\r\n                                    <img loading=\"lazy\" decoding=\"async\" width=\"540\" height=\"500\" src=\"\/wp-content\/uploads\/2024\/05\/lgi-contact-person-billmaier-mascha.png\" class=\"img-fluid\" alt=\"LGI contact person - Mascha Billmaier\" srcset=\"\/wp-content\/uploads\/2024\/05\/lgi-contact-person-billmaier-mascha.png 540w, \/wp-content\/uploads\/2024\/05\/lgi-contact-person-billmaier-mascha-300x278.png 300w\" sizes=\"auto, (max-width: 540px) 100vw, 540px\" \/>\r\n                                <\/div>\r\n                                <div class=\"pe-3 pe-sm-0 ps-3 ps-xl-3 d-flex flex-column justify-content-end content-section\">\r\n                                    <p class=\"wt-sl\">Az \u00d6n kapcsolattart\u00f3ja<\/p>\r\n                                \r\n                                    <p class=\"text-sec wt-text-sec\">\r\n                                        <span>HR Specialist<\/span><br>\r\n                                         Mascha Billmaier<br>\r\n                                        <a class=\"wt-k-click-tel\" href=\"tel:\"><\/a><br>\r\n                                        <a class=\"wt-k-click-mail\" href=\"&#109;&#97;&#105;&#108;&#116;&#111;&#58;%62%65%77%65%72%62%75%6e%67@%6c%67%69.%64%65\">&#x62;&#x65;&#x77;&#x65;&#x72;&#x62;&#x75;&#x6e;&#x67;&#x40;&#x6c;&#x67;&#x69;&#x2e;&#x64;&#x65;<\/a>\r\n                                    <\/p>\r\n                                    <div class=\"button-wrapper\">\r\n                                        <div class=\"wt-bt d-none d-sm-block\" data-bs-toggle=\"modal\" data-bs-target=\"#contactModal\">Kapcsolatfelv\u00e9tel<\/div>\r\n                                        <div class=\"d-none d-sm-block \"> <\/div>\r\n                                    <\/div>    \r\n                                <\/div>\r\n                            <\/div>                            \r\n                            <div class=\"button-wrapper\">\r\n                                <div class=\"mt-md-3 pt-3 pb-3 ps-3 pe-3 pt-md-3 d-sm-none\">\r\n                                    <div class=\"wt-bt\" data-bs-toggle=\"modal\" data-bs-target=\"#contactModal\">Kapcsolatfelv\u00e9tel<\/div>\r\n                                    \r\n                                <\/div>\r\n                            <\/div> \r\n                        <\/div>                        \r\n                    <\/div>                    \r\n                <\/div>\r\n            <\/div>\r\n        <\/div>\r\n        \r\n    <\/section>","protected":false},"excerpt":{"rendered":"<p>You want to put your knowledge from your studies into practice? We offer you a direct entry into logistics, supply chain management and e-commerce. For graduates as a job after a bachelor&#8217;s degree in logistics, business administration or IT. Especially if you are still at the beginning of your professional career, LGI opens up excellent [&hellip;]<\/p>\n","protected":false},"author":1,"featured_media":0,"parent":8368,"menu_order":0,"comment_status":"closed","ping_status":"closed","template":"","meta":{"footnotes":""},"class_list":["post-10262","page","type-page","status-publish","hentry"],"yoast_head":"<!-- This site is optimized with the Yoast SEO plugin v27.3 - https:\/\/yoast.com\/product\/yoast-seo-wordpress\/ -->\n<title>\u00c1ll\u00e1saj\u00e1nlatok diplom\u00e1soknak - kezdje a logisztik\u00e1ban<\/title>\n<meta name=\"description\" content=\"Tanult\u00e1l \u2713logisztik\u00e1t \u2713\u00fczletigazgat\u00e1st vagy \u2713informatikusnak? K\u00f6zvetlen bel\u00e9p\u0151 az ell\u00e1t\u00e1si l\u00e1nc menedzsment \u00e9s az e-kereskedelem ter\u00fclet\u00e9re.\" \/>\n<meta name=\"robots\" content=\"index, follow, max-snippet:-1, max-image-preview:large, max-video-preview:-1\" \/>\n<link rel=\"canonical\" href=\"https:\/\/lgigroup.com\/hu-hu\/wp-json\/wp\/v2\/pages\/10262\" \/>\n<meta property=\"og:locale\" content=\"hu_HU\" \/>\n<meta property=\"og:type\" content=\"article\" \/>\n<meta property=\"og:title\" content=\"\u00c1ll\u00e1saj\u00e1nlatok diplom\u00e1soknak - kezdje a logisztik\u00e1ban\" \/>\n<meta property=\"og:description\" content=\"Tanult\u00e1l \u2713logisztik\u00e1t \u2713\u00fczletigazgat\u00e1st vagy \u2713informatikusnak? K\u00f6zvetlen bel\u00e9p\u0151 az ell\u00e1t\u00e1si l\u00e1nc menedzsment \u00e9s az e-kereskedelem ter\u00fclet\u00e9re.\" \/>\n<meta property=\"og:url\" content=\"https:\/\/lgigroup.com\/hu-en\/career\/joining-lgi\/graduates\/\" \/>\n<meta property=\"og:site_name\" content=\"LGI Group\" \/>\n<meta property=\"article:modified_time\" content=\"2024-05-29T06:04:00+00:00\" \/>\n<meta name=\"twitter:card\" content=\"summary_large_image\" \/>\n<meta name=\"twitter:label1\" content=\"Est. reading time\" \/>\n\t<meta name=\"twitter:data1\" content=\"1 minute\" \/>\n<script type=\"application\/ld+json\" class=\"yoast-schema-graph\">{\"@context\":\"https:\\\/\\\/schema.org\",\"@graph\":[{\"@type\":\"WebPage\",\"@id\":\"https:\\\/\\\/lgigroup.com\\\/hu-hu\\\/career\\\/joining-lgi\\\/graduates\\\/\",\"url\":\"https:\\\/\\\/lgigroup.com\\\/hu-en\\\/career\\\/joining-lgi\\\/graduates\\\/\",\"name\":\"\u00c1ll\u00e1saj\u00e1nlatok diplom\u00e1soknak - kezdje a logisztik\u00e1ban\",\"isPartOf\":{\"@id\":\"https:\\\/\\\/lgigroup.com\\\/hu-hu\\\/#website\"},\"datePublished\":\"2022-12-22T13:46:32+00:00\",\"dateModified\":\"2024-05-29T06:04:00+00:00\",\"description\":\"Tanult\u00e1l \u2713logisztik\u00e1t \u2713\u00fczletigazgat\u00e1st vagy \u2713informatikusnak? K\u00f6zvetlen bel\u00e9p\u0151 az ell\u00e1t\u00e1si l\u00e1nc menedzsment \u00e9s az e-kereskedelem ter\u00fclet\u00e9re.\",\"breadcrumb\":{\"@id\":\"https:\\\/\\\/lgigroup.com\\\/hu-en\\\/career\\\/joining-lgi\\\/graduates\\\/#breadcrumb\"},\"inLanguage\":\"hu-hu\",\"potentialAction\":[{\"@type\":\"ReadAction\",\"target\":[\"https:\\\/\\\/lgigroup.com\\\/hu-en\\\/career\\\/joining-lgi\\\/graduates\\\/\"]}]},{\"@type\":\"BreadcrumbList\",\"@id\":\"https:\\\/\\\/lgigroup.com\\\/hu-en\\\/career\\\/joining-lgi\\\/graduates\\\/#breadcrumb\",\"itemListElement\":[{\"@type\":\"ListItem\",\"position\":1,\"name\":\"Startseite\",\"item\":\"https:\\\/\\\/lgigroup.com\\\/hu-hu\\\/\"},{\"@type\":\"ListItem\",\"position\":2,\"name\":\"Career\",\"item\":\"https:\\\/\\\/lgigroup.com\\\/hu-hu\\\/career\\\/\"},{\"@type\":\"ListItem\",\"position\":3,\"name\":\"Joining LGI\",\"item\":\"https:\\\/\\\/lgigroup.com\\\/hu-hu\\\/career\\\/joining-lgi\\\/\"},{\"@type\":\"ListItem\",\"position\":4,\"name\":\"Graduates\"}]},{\"@type\":\"WebSite\",\"@id\":\"https:\\\/\\\/lgigroup.com\\\/hu-hu\\\/#website\",\"url\":\"https:\\\/\\\/lgigroup.com\\\/hu-hu\\\/\",\"name\":\"LGI Group\",\"description\":\"\",\"publisher\":{\"@id\":\"https:\\\/\\\/lgigroup.com\\\/hu-hu\\\/#organization\"},\"potentialAction\":[{\"@type\":\"SearchAction\",\"target\":{\"@type\":\"EntryPoint\",\"urlTemplate\":\"https:\\\/\\\/lgigroup.com\\\/hu-hu\\\/?s={search_term_string}\"},\"query-input\":{\"@type\":\"PropertyValueSpecification\",\"valueRequired\":true,\"valueName\":\"search_term_string\"}}],\"inLanguage\":\"hu-hu\"},{\"@type\":\"Organization\",\"@id\":\"https:\\\/\\\/lgigroup.com\\\/hu-hu\\\/#organization\",\"name\":\"LGI GmbH\",\"url\":\"https:\\\/\\\/lgigroup.com\\\/hu-hu\\\/\",\"logo\":{\"@type\":\"ImageObject\",\"inLanguage\":\"hu-hu\",\"@id\":\"https:\\\/\\\/lgigroup.com\\\/hu-hu\\\/#\\\/schema\\\/logo\\\/image\\\/\",\"url\":\"https:\\\/\\\/lgigroup.com\\\/wp-content\\\/uploads\\\/2023\\\/01\\\/lgi-logo.png\",\"contentUrl\":\"https:\\\/\\\/lgigroup.com\\\/wp-content\\\/uploads\\\/2023\\\/01\\\/lgi-logo.png\",\"width\":420,\"height\":200,\"caption\":\"LGI GmbH\"},\"image\":{\"@id\":\"https:\\\/\\\/lgigroup.com\\\/hu-hu\\\/#\\\/schema\\\/logo\\\/image\\\/\"}}]}<\/script>\n<!-- \/ Yoast SEO plugin. -->","yoast_head_json":{"title":"\u00c1ll\u00e1saj\u00e1nlatok diplom\u00e1soknak - kezdje a logisztik\u00e1ban","description":"Tanult\u00e1l \u2713logisztik\u00e1t \u2713\u00fczletigazgat\u00e1st vagy \u2713informatikusnak? K\u00f6zvetlen bel\u00e9p\u0151 az ell\u00e1t\u00e1si l\u00e1nc menedzsment \u00e9s az e-kereskedelem ter\u00fclet\u00e9re.","robots":{"index":"index","follow":"follow","max-snippet":"max-snippet:-1","max-image-preview":"max-image-preview:large","max-video-preview":"max-video-preview:-1"},"canonical":"https:\/\/lgigroup.com\/hu-hu\/wp-json\/wp\/v2\/pages\/10262","og_locale":"hu_HU","og_type":"article","og_title":"\u00c1ll\u00e1saj\u00e1nlatok diplom\u00e1soknak - kezdje a logisztik\u00e1ban","og_description":"Tanult\u00e1l \u2713logisztik\u00e1t \u2713\u00fczletigazgat\u00e1st vagy \u2713informatikusnak? K\u00f6zvetlen bel\u00e9p\u0151 az ell\u00e1t\u00e1si l\u00e1nc menedzsment \u00e9s az e-kereskedelem ter\u00fclet\u00e9re.","og_url":"https:\/\/lgigroup.com\/hu-en\/career\/joining-lgi\/graduates\/","og_site_name":"LGI Group","article_modified_time":"2024-05-29T06:04:00+00:00","twitter_card":"summary_large_image","twitter_misc":{"Est. reading time":"1 minute"},"schema":{"@context":"https:\/\/schema.org","@graph":[{"@type":"WebPage","@id":"https:\/\/lgigroup.com\/hu-hu\/career\/joining-lgi\/graduates\/","url":"https:\/\/lgigroup.com\/hu-en\/career\/joining-lgi\/graduates\/","name":"\u00c1ll\u00e1saj\u00e1nlatok diplom\u00e1soknak - kezdje a logisztik\u00e1ban","isPartOf":{"@id":"https:\/\/lgigroup.com\/hu-hu\/#website"},"datePublished":"2022-12-22T13:46:32+00:00","dateModified":"2024-05-29T06:04:00+00:00","description":"Tanult\u00e1l \u2713logisztik\u00e1t \u2713\u00fczletigazgat\u00e1st vagy \u2713informatikusnak? K\u00f6zvetlen bel\u00e9p\u0151 az ell\u00e1t\u00e1si l\u00e1nc menedzsment \u00e9s az e-kereskedelem ter\u00fclet\u00e9re.","breadcrumb":{"@id":"https:\/\/lgigroup.com\/hu-en\/career\/joining-lgi\/graduates\/#breadcrumb"},"inLanguage":"hu-hu","potentialAction":[{"@type":"ReadAction","target":["https:\/\/lgigroup.com\/hu-en\/career\/joining-lgi\/graduates\/"]}]},{"@type":"BreadcrumbList","@id":"https:\/\/lgigroup.com\/hu-en\/career\/joining-lgi\/graduates\/#breadcrumb","itemListElement":[{"@type":"ListItem","position":1,"name":"Startseite","item":"https:\/\/lgigroup.com\/hu-hu\/"},{"@type":"ListItem","position":2,"name":"Career","item":"https:\/\/lgigroup.com\/hu-hu\/career\/"},{"@type":"ListItem","position":3,"name":"Joining LGI","item":"https:\/\/lgigroup.com\/hu-hu\/career\/joining-lgi\/"},{"@type":"ListItem","position":4,"name":"Graduates"}]},{"@type":"WebSite","@id":"https:\/\/lgigroup.com\/hu-hu\/#website","url":"https:\/\/lgigroup.com\/hu-hu\/","name":"LGI Group","description":"","publisher":{"@id":"https:\/\/lgigroup.com\/hu-hu\/#organization"},"potentialAction":[{"@type":"SearchAction","target":{"@type":"EntryPoint","urlTemplate":"https:\/\/lgigroup.com\/hu-hu\/?s={search_term_string}"},"query-input":{"@type":"PropertyValueSpecification","valueRequired":true,"valueName":"search_term_string"}}],"inLanguage":"hu-hu"},{"@type":"Organization","@id":"https:\/\/lgigroup.com\/hu-hu\/#organization","name":"LGI GmbH","url":"https:\/\/lgigroup.com\/hu-hu\/","logo":{"@type":"ImageObject","inLanguage":"hu-hu","@id":"https:\/\/lgigroup.com\/hu-hu\/#\/schema\/logo\/image\/","url":"https:\/\/lgigroup.com\/wp-content\/uploads\/2023\/01\/lgi-logo.png","contentUrl":"https:\/\/lgigroup.com\/wp-content\/uploads\/2023\/01\/lgi-logo.png","width":420,"height":200,"caption":"LGI GmbH"},"image":{"@id":"https:\/\/lgigroup.com\/hu-hu\/#\/schema\/logo\/image\/"}}]}},"_links":{"self":[{"href":"https:\/\/lgigroup.com\/hu-hu\/wp-json\/wp\/v2\/pages\/10262","targetHints":{"allow":["GET"]}}],"collection":[{"href":"https:\/\/lgigroup.com\/hu-hu\/wp-json\/wp\/v2\/pages"}],"about":[{"href":"https:\/\/lgigroup.com\/hu-hu\/wp-json\/wp\/v2\/types\/page"}],"author":[{"embeddable":true,"href":"https:\/\/lgigroup.com\/hu-hu\/wp-json\/wp\/v2\/users\/1"}],"replies":[{"embeddable":true,"href":"https:\/\/lgigroup.com\/hu-hu\/wp-json\/wp\/v2\/comments?post=10262"}],"version-history":[{"count":9,"href":"https:\/\/lgigroup.com\/hu-hu\/wp-json\/wp\/v2\/pages\/10262\/revisions"}],"predecessor-version":[{"id":23863,"href":"https:\/\/lgigroup.com\/hu-hu\/wp-json\/wp\/v2\/pages\/10262\/revisions\/23863"}],"up":[{"embeddable":true,"href":"https:\/\/lgigroup.com\/hu-hu\/wp-json\/wp\/v2\/pages\/8368"}],"wp:attachment":[{"href":"https:\/\/lgigroup.com\/hu-hu\/wp-json\/wp\/v2\/media?parent=10262"}],"curies":[{"name":"wp","href":"https:\/\/api.w.org\/{rel}","templated":true}]}}