{"id":10281,"date":"2023-01-26T13:14:59","date_gmt":"2023-01-26T12:14:59","guid":{"rendered":"https:\/\/lgigroup.com\/?page_id=10281"},"modified":"2024-10-28T09:33:56","modified_gmt":"2024-10-28T08:33:56","slug":"job-portal","status":"publish","type":"page","link":"https:\/\/lgigroup.com\/hu-hu\/career\/job-portal\/","title":{"rendered":"Job portal"},"content":{"rendered":"\r\n\t\t<section class=\"titelbild-section titelbild-block-id-69e8ab1e07257 titelbild-block-layout-\">\r\n            <div class=\"col-12 col-lg-12\">\r\n                <div class=\"full-bild\"> <img loading=\"lazy\" decoding=\"async\" width=\"1920\" height=\"700\" src=\"\/wp-content\/uploads\/2023\/02\/lgi-team-infront-of-lgi-truck.jpg\" class=\"img-fluid\" alt=\"LGI team infront of LGI truck\" srcset=\"\/wp-content\/uploads\/2023\/02\/lgi-team-infront-of-lgi-truck.jpg 1920w, \/wp-content\/uploads\/2023\/02\/lgi-team-infront-of-lgi-truck-300x109.jpg 300w, \/wp-content\/uploads\/2023\/02\/lgi-team-infront-of-lgi-truck-1024x373.jpg 1024w, \/wp-content\/uploads\/2023\/02\/lgi-team-infront-of-lgi-truck-768x280.jpg 768w, \/wp-content\/uploads\/2023\/02\/lgi-team-infront-of-lgi-truck-1536x560.jpg 1536w\" sizes=\"auto, (max-width: 1920px) 100vw, 1920px\" \/><\/div>\r\n                <div class=\"bild-title container\">\r\n                    <div class=\"row\">\r\n                                <div class=\"col\">\r\n                                    <p class=\"headline wt-h1\">Job offers<\/p>\r\n                                <\/div>                                        \r\n                            <\/div> \r\n                <\/div>\r\n            <\/div>\r\n        <\/section>\r\n\t\n\n            \r\n        <div class=\"spacing-block large spacing-block-id-69e8ab1e078c0\" >                                     \r\n                  <div class=\"large-space\">   \r\n                  <\/div>                      \r\n        <\/div>\n\n\r\n                <div class=\"headline-block \">\r\n                    \r\n                        <div class=\"container\">                            \r\n                            <div class=\"row\">\r\n                        <div class=\"col\">\r\n                            <h1 class=\"wt-subheadline wt-sl sub-headline-align\">LGI job portal<\/h1>\r\n                        <\/div>\r\n                    <\/div>\r\n                            \r\n                            <div class=\"row\">\r\n                                <div class=\"col\">\r\n                                    <h2 class=\"wt-h1 wt-font-color-dark-grey\">We&#8217;re always on the look-out for talented individuals<\/h2>\r\n                                <\/div>                                        \r\n                            <\/div>                                                                                                    \r\n                        <\/div>                                \r\n                <\/div>\r\n            \n\n            \r\n        <div class=\"spacing-block extrasmall spacing-block-id-69e8ab1e07a86\" >                                     \r\n                  <div class=\"extra-small-space\">   \r\n                  <\/div>                      \r\n        <\/div>\n\n   \r\n    \r\n    <div class=\"grey-line-block grey-line-block-id-69e8ab1e07b5b\">\r\n        \r\n        <div class=\"container\">\r\n            <div class=\"row\">\r\n                <div class=\"col test\">\r\n                    <div class=\"grey-line-block-line\"><\/div>\r\n                <\/div>                \r\n            <\/div>\r\n        <\/div>\r\n        \r\n    <\/div>\n\n            \r\n        <div class=\"spacing-block small spacing-block-id-69e8ab1e07c38\" >                                     \r\n                  <div class=\"small-space\">   \r\n                  <\/div>                      \r\n        <\/div>\n\n\n<div class=\"wp-block-group container\"><div class=\"wp-block-group__inner-container is-layout-constrained wp-block-group-is-layout-constrained\">\n<p>Find your dream job of tomorrow on our career site today &#8211; or send us an <a href=\"https:\/\/lgigroup.wd3.myworkdayjobs.com\/en-US\/LGI\/job\/Initiativbewerbung--w-m-d-_R785\" target=\"_blank\" rel=\"noreferrer noopener\">unsolicited application<\/a> with a cover letter, CV and selected attachments.<\/p>\n<\/div><\/div>\n\n\n            \r\n        <div class=\"spacing-block small spacing-block-id-69e8ab1e08ed8\" >                                     \r\n                  <div class=\"small-space\">   \r\n                  <\/div>                      \r\n        <\/div>\n\n\n<div class=\"container\">\t\n\t<div class=\"row\">\n\t\t<div class=\"col\">\n\t\t\t<div class=\"jobFrameWrapper\">\n\t\t\t\t<iframe loading=\"lazy\" src=\"https:\/\/lgigroup.wd3.myworkdayjobs.com\/en-US\/LGI\" name=\"jobframe\" width=\"300\" height=\"150\" frameborder=\"0\"><\/iframe>\n\t\t\t<\/div>\n\t\t<\/div>\n\t<\/div>\t\n<\/div>\n\n\n            \r\n        <div class=\"spacing-block small spacing-block-id-69e8ab1e09080\" >                                     \r\n                  <div class=\"small-space\">   \r\n                  <\/div>                      \r\n        <\/div>\n\n\n<div class=\"wp-block-group container\"><div class=\"wp-block-group__inner-container is-layout-constrained wp-block-group-is-layout-constrained\">\n<p>You can find all job offers for our multiple locations in our <a href=\"https:\/\/lgigroup.wd3.myworkdayjobs.com\/en-US\/LGI\" target=\"_blank\" rel=\"noreferrer noopener\">job portal<\/a>. Take a look and discover your dream job.<\/p>\n<\/div><\/div>\n\n\n            \r\n        <div class=\"spacing-block large spacing-block-id-69e8ab1e0930a\" >                                     \r\n                  <div class=\"large-space\">   \r\n                  <\/div>                      \r\n        <\/div>\n\n   \r\n    \r\n    <section id=\"Contact-person\" class=\"contact-person-block contact-person-block-id-69e8ab1e093d8 encoded-email\" data-idcp=\"6136\" data-mail=\"YmV3ZXJidW5nQGxnaS5kZQ==\">\r\n    \r\n        \r\n        <div class=\"contact-person-bg-img-wrapper\">\r\n            <img loading=\"lazy\" decoding=\"async\" width=\"1920\" height=\"500\" src=\"\/wp-content\/uploads\/2023\/01\/lgi-location-holland.jpg\" class=\"img-fluid bg-image\" alt=\"LGI holland building\" srcset=\"\/wp-content\/uploads\/2023\/01\/lgi-location-holland.jpg 1920w, \/wp-content\/uploads\/2023\/01\/lgi-location-holland-300x78.jpg 300w, \/wp-content\/uploads\/2023\/01\/lgi-location-holland-1024x267.jpg 1024w, \/wp-content\/uploads\/2023\/01\/lgi-location-holland-768x200.jpg 768w, \/wp-content\/uploads\/2023\/01\/lgi-location-holland-1536x400.jpg 1536w\" sizes=\"auto, (max-width: 1920px) 100vw, 1920px\" \/>\r\n        <\/div>\r\n        \r\n        <div class=\"container contact-person-content-wrapper\">\r\n            <div class=\"row\">\r\n                <div class=\"col-12 col-lg-6 contact-person-text-wrapper contact-text-align\">\r\n                    <span class=\"wt-bh\">Fancy logistics?<\/span>\r\n                    <span class=\"wt-hl wt-big-string\">Apply now at <span class='wt-font-color-white'>LGI!<\/span><\/span>\r\n                <\/div>\r\n                <div class=\"col-12 col-lg-6 order-first order-lg-last contact-person-img-wrapper\">\r\n                    <div>\r\n                        <div class=\"contact-person-wrapper contact-person\">\r\n                            <div class=\"d-flex align-items-stretch\">\r\n                                <div class=\"image-section\">\r\n                                    <img loading=\"lazy\" decoding=\"async\" width=\"540\" height=\"500\" src=\"\/wp-content\/uploads\/2024\/05\/lgi-contact-person-billmaier-mascha.png\" class=\"img-fluid\" alt=\"LGI contact person - Mascha Billmaier\" srcset=\"\/wp-content\/uploads\/2024\/05\/lgi-contact-person-billmaier-mascha.png 540w, \/wp-content\/uploads\/2024\/05\/lgi-contact-person-billmaier-mascha-300x278.png 300w\" sizes=\"auto, (max-width: 540px) 100vw, 540px\" \/>\r\n                                <\/div>\r\n                                <div class=\"pe-3 pe-sm-0 ps-3 ps-xl-3 d-flex flex-column justify-content-end content-section\">\r\n                                    <p class=\"wt-sl\">Az \u00d6n kapcsolattart\u00f3ja<\/p>\r\n                                \r\n                                    <p class=\"text-sec wt-text-sec\">\r\n                                        <span>HR Specialist<\/span><br>\r\n                                         Mascha Billmaier<br>\r\n                                        <a class=\"wt-k-click-tel\" href=\"tel:\"><\/a><br>\r\n                                        <a class=\"wt-k-click-mail\" href=\"&#109;&#97;&#105;&#108;&#116;&#111;&#58;%62%65%77%65%72%62%75%6e%67@%6c%67%69.%64%65\">&#x62;&#x65;&#x77;&#x65;&#x72;&#x62;&#x75;&#x6e;&#x67;&#x40;&#x6c;&#x67;&#x69;&#x2e;&#x64;&#x65;<\/a>\r\n                                    <\/p>\r\n                                    <div class=\"button-wrapper\">\r\n                                        <div class=\"wt-bt d-none d-sm-block\" data-bs-toggle=\"modal\" data-bs-target=\"#contactModal\">Kapcsolatfelv\u00e9tel<\/div>\r\n                                        <div class=\"d-none d-sm-block \"> <\/div>\r\n                                    <\/div>    \r\n                                <\/div>\r\n                            <\/div>                            \r\n                            <div class=\"button-wrapper\">\r\n                                <div class=\"mt-md-3 pt-3 pb-3 ps-3 pe-3 pt-md-3 d-sm-none\">\r\n                                    <div class=\"wt-bt\" data-bs-toggle=\"modal\" data-bs-target=\"#contactModal\">Kapcsolatfelv\u00e9tel<\/div>\r\n                                    \r\n                                <\/div>\r\n                            <\/div> \r\n                        <\/div>                        \r\n                    <\/div>                    \r\n                <\/div>\r\n            <\/div>\r\n        <\/div>\r\n        \r\n    <\/section>","protected":false},"excerpt":{"rendered":"<p>Find your dream job of tomorrow on our career site today &#8211; or send us an unsolicited application with a cover letter, CV and selected attachments. You can find all job offers for our multiple locations in our job portal. Take a look and discover your dream job.<\/p>\n","protected":false},"author":1,"featured_media":0,"parent":10291,"menu_order":0,"comment_status":"closed","ping_status":"closed","template":"","meta":{"footnotes":""},"class_list":["post-10281","page","type-page","status-publish","hentry"],"yoast_head":"<!-- This site is optimized with the Yoast SEO plugin v27.3 - https:\/\/yoast.com\/product\/yoast-seo-wordpress\/ -->\n<title>\u00c1lom\u00e1ll\u00e1sok az LGI-n\u00e9l a logisztika ter\u00fclet\u00e9n<\/title>\n<meta name=\"description\" content=\"Csal\u00e1dban dolgozni \u00e9s glob\u00e1lis hat\u00e1st gyakorolni? Keresse meg \u00e1lmai \u00e1ll\u00e1s\u00e1t, vagy k\u00fcldj\u00f6n nek\u00fcnk egy k\u00e9retlen jelentkez\u00e9st. \u27a4 Tudd meg most.\" \/>\n<meta name=\"robots\" content=\"index, follow, max-snippet:-1, max-image-preview:large, max-video-preview:-1\" \/>\n<link rel=\"canonical\" href=\"https:\/\/lgigroup.com\/hu-hu\/wp-json\/wp\/v2\/pages\/10281\" \/>\n<meta property=\"og:locale\" content=\"hu_HU\" \/>\n<meta property=\"og:type\" content=\"article\" \/>\n<meta property=\"og:title\" content=\"\u00c1lom\u00e1ll\u00e1sok az LGI-n\u00e9l a logisztika ter\u00fclet\u00e9n\" \/>\n<meta property=\"og:description\" content=\"Csal\u00e1dban dolgozni \u00e9s glob\u00e1lis hat\u00e1st gyakorolni? Keresse meg \u00e1lmai \u00e1ll\u00e1s\u00e1t, vagy k\u00fcldj\u00f6n nek\u00fcnk egy k\u00e9retlen jelentkez\u00e9st. \u27a4 Tudd meg most.\" \/>\n<meta property=\"og:url\" content=\"https:\/\/lgigroup.com\/hu-en\/career\/job-portal\/\" \/>\n<meta property=\"og:site_name\" content=\"LGI Group\" \/>\n<meta property=\"article:modified_time\" content=\"2024-10-28T08:33:56+00:00\" \/>\n<meta name=\"twitter:card\" content=\"summary_large_image\" \/>\n<script type=\"application\/ld+json\" class=\"yoast-schema-graph\">{\"@context\":\"https:\\\/\\\/schema.org\",\"@graph\":[{\"@type\":\"WebPage\",\"@id\":\"https:\\\/\\\/lgigroup.com\\\/hu-hu\\\/career\\\/job-portal\\\/\",\"url\":\"https:\\\/\\\/lgigroup.com\\\/hu-en\\\/career\\\/job-portal\\\/\",\"name\":\"\u00c1lom\u00e1ll\u00e1sok az LGI-n\u00e9l a logisztika ter\u00fclet\u00e9n\",\"isPartOf\":{\"@id\":\"https:\\\/\\\/lgigroup.com\\\/hu-hu\\\/#website\"},\"datePublished\":\"2023-01-26T12:14:59+00:00\",\"dateModified\":\"2024-10-28T08:33:56+00:00\",\"description\":\"Csal\u00e1dban dolgozni \u00e9s glob\u00e1lis hat\u00e1st gyakorolni? Keresse meg \u00e1lmai \u00e1ll\u00e1s\u00e1t, vagy k\u00fcldj\u00f6n nek\u00fcnk egy k\u00e9retlen jelentkez\u00e9st. \u27a4 Tudd meg most.\",\"breadcrumb\":{\"@id\":\"https:\\\/\\\/lgigroup.com\\\/hu-en\\\/career\\\/job-portal\\\/#breadcrumb\"},\"inLanguage\":\"hu-hu\",\"potentialAction\":[{\"@type\":\"ReadAction\",\"target\":[\"https:\\\/\\\/lgigroup.com\\\/hu-en\\\/career\\\/job-portal\\\/\"]}]},{\"@type\":\"BreadcrumbList\",\"@id\":\"https:\\\/\\\/lgigroup.com\\\/hu-en\\\/career\\\/job-portal\\\/#breadcrumb\",\"itemListElement\":[{\"@type\":\"ListItem\",\"position\":1,\"name\":\"Startseite\",\"item\":\"https:\\\/\\\/lgigroup.com\\\/hu-hu\\\/\"},{\"@type\":\"ListItem\",\"position\":2,\"name\":\"Career\",\"item\":\"https:\\\/\\\/lgigroup.com\\\/hu-hu\\\/career\\\/\"},{\"@type\":\"ListItem\",\"position\":3,\"name\":\"Job portal\"}]},{\"@type\":\"WebSite\",\"@id\":\"https:\\\/\\\/lgigroup.com\\\/hu-hu\\\/#website\",\"url\":\"https:\\\/\\\/lgigroup.com\\\/hu-hu\\\/\",\"name\":\"LGI Group\",\"description\":\"\",\"publisher\":{\"@id\":\"https:\\\/\\\/lgigroup.com\\\/hu-hu\\\/#organization\"},\"potentialAction\":[{\"@type\":\"SearchAction\",\"target\":{\"@type\":\"EntryPoint\",\"urlTemplate\":\"https:\\\/\\\/lgigroup.com\\\/hu-hu\\\/?s={search_term_string}\"},\"query-input\":{\"@type\":\"PropertyValueSpecification\",\"valueRequired\":true,\"valueName\":\"search_term_string\"}}],\"inLanguage\":\"hu-hu\"},{\"@type\":\"Organization\",\"@id\":\"https:\\\/\\\/lgigroup.com\\\/hu-hu\\\/#organization\",\"name\":\"LGI GmbH\",\"url\":\"https:\\\/\\\/lgigroup.com\\\/hu-hu\\\/\",\"logo\":{\"@type\":\"ImageObject\",\"inLanguage\":\"hu-hu\",\"@id\":\"https:\\\/\\\/lgigroup.com\\\/hu-hu\\\/#\\\/schema\\\/logo\\\/image\\\/\",\"url\":\"https:\\\/\\\/lgigroup.com\\\/wp-content\\\/uploads\\\/2023\\\/01\\\/lgi-logo.png\",\"contentUrl\":\"https:\\\/\\\/lgigroup.com\\\/wp-content\\\/uploads\\\/2023\\\/01\\\/lgi-logo.png\",\"width\":420,\"height\":200,\"caption\":\"LGI GmbH\"},\"image\":{\"@id\":\"https:\\\/\\\/lgigroup.com\\\/hu-hu\\\/#\\\/schema\\\/logo\\\/image\\\/\"}}]}<\/script>\n<!-- \/ Yoast SEO plugin. -->","yoast_head_json":{"title":"\u00c1lom\u00e1ll\u00e1sok az LGI-n\u00e9l a logisztika ter\u00fclet\u00e9n","description":"Csal\u00e1dban dolgozni \u00e9s glob\u00e1lis hat\u00e1st gyakorolni? Keresse meg \u00e1lmai \u00e1ll\u00e1s\u00e1t, vagy k\u00fcldj\u00f6n nek\u00fcnk egy k\u00e9retlen jelentkez\u00e9st. \u27a4 Tudd meg most.","robots":{"index":"index","follow":"follow","max-snippet":"max-snippet:-1","max-image-preview":"max-image-preview:large","max-video-preview":"max-video-preview:-1"},"canonical":"https:\/\/lgigroup.com\/hu-hu\/wp-json\/wp\/v2\/pages\/10281","og_locale":"hu_HU","og_type":"article","og_title":"\u00c1lom\u00e1ll\u00e1sok az LGI-n\u00e9l a logisztika ter\u00fclet\u00e9n","og_description":"Csal\u00e1dban dolgozni \u00e9s glob\u00e1lis hat\u00e1st gyakorolni? Keresse meg \u00e1lmai \u00e1ll\u00e1s\u00e1t, vagy k\u00fcldj\u00f6n nek\u00fcnk egy k\u00e9retlen jelentkez\u00e9st. \u27a4 Tudd meg most.","og_url":"https:\/\/lgigroup.com\/hu-en\/career\/job-portal\/","og_site_name":"LGI Group","article_modified_time":"2024-10-28T08:33:56+00:00","twitter_card":"summary_large_image","schema":{"@context":"https:\/\/schema.org","@graph":[{"@type":"WebPage","@id":"https:\/\/lgigroup.com\/hu-hu\/career\/job-portal\/","url":"https:\/\/lgigroup.com\/hu-en\/career\/job-portal\/","name":"\u00c1lom\u00e1ll\u00e1sok az LGI-n\u00e9l a logisztika ter\u00fclet\u00e9n","isPartOf":{"@id":"https:\/\/lgigroup.com\/hu-hu\/#website"},"datePublished":"2023-01-26T12:14:59+00:00","dateModified":"2024-10-28T08:33:56+00:00","description":"Csal\u00e1dban dolgozni \u00e9s glob\u00e1lis hat\u00e1st gyakorolni? Keresse meg \u00e1lmai \u00e1ll\u00e1s\u00e1t, vagy k\u00fcldj\u00f6n nek\u00fcnk egy k\u00e9retlen jelentkez\u00e9st. \u27a4 Tudd meg most.","breadcrumb":{"@id":"https:\/\/lgigroup.com\/hu-en\/career\/job-portal\/#breadcrumb"},"inLanguage":"hu-hu","potentialAction":[{"@type":"ReadAction","target":["https:\/\/lgigroup.com\/hu-en\/career\/job-portal\/"]}]},{"@type":"BreadcrumbList","@id":"https:\/\/lgigroup.com\/hu-en\/career\/job-portal\/#breadcrumb","itemListElement":[{"@type":"ListItem","position":1,"name":"Startseite","item":"https:\/\/lgigroup.com\/hu-hu\/"},{"@type":"ListItem","position":2,"name":"Career","item":"https:\/\/lgigroup.com\/hu-hu\/career\/"},{"@type":"ListItem","position":3,"name":"Job portal"}]},{"@type":"WebSite","@id":"https:\/\/lgigroup.com\/hu-hu\/#website","url":"https:\/\/lgigroup.com\/hu-hu\/","name":"LGI Group","description":"","publisher":{"@id":"https:\/\/lgigroup.com\/hu-hu\/#organization"},"potentialAction":[{"@type":"SearchAction","target":{"@type":"EntryPoint","urlTemplate":"https:\/\/lgigroup.com\/hu-hu\/?s={search_term_string}"},"query-input":{"@type":"PropertyValueSpecification","valueRequired":true,"valueName":"search_term_string"}}],"inLanguage":"hu-hu"},{"@type":"Organization","@id":"https:\/\/lgigroup.com\/hu-hu\/#organization","name":"LGI GmbH","url":"https:\/\/lgigroup.com\/hu-hu\/","logo":{"@type":"ImageObject","inLanguage":"hu-hu","@id":"https:\/\/lgigroup.com\/hu-hu\/#\/schema\/logo\/image\/","url":"https:\/\/lgigroup.com\/wp-content\/uploads\/2023\/01\/lgi-logo.png","contentUrl":"https:\/\/lgigroup.com\/wp-content\/uploads\/2023\/01\/lgi-logo.png","width":420,"height":200,"caption":"LGI GmbH"},"image":{"@id":"https:\/\/lgigroup.com\/hu-hu\/#\/schema\/logo\/image\/"}}]}},"_links":{"self":[{"href":"https:\/\/lgigroup.com\/hu-hu\/wp-json\/wp\/v2\/pages\/10281","targetHints":{"allow":["GET"]}}],"collection":[{"href":"https:\/\/lgigroup.com\/hu-hu\/wp-json\/wp\/v2\/pages"}],"about":[{"href":"https:\/\/lgigroup.com\/hu-hu\/wp-json\/wp\/v2\/types\/page"}],"author":[{"embeddable":true,"href":"https:\/\/lgigroup.com\/hu-hu\/wp-json\/wp\/v2\/users\/1"}],"replies":[{"embeddable":true,"href":"https:\/\/lgigroup.com\/hu-hu\/wp-json\/wp\/v2\/comments?post=10281"}],"version-history":[{"count":10,"href":"https:\/\/lgigroup.com\/hu-hu\/wp-json\/wp\/v2\/pages\/10281\/revisions"}],"predecessor-version":[{"id":25190,"href":"https:\/\/lgigroup.com\/hu-hu\/wp-json\/wp\/v2\/pages\/10281\/revisions\/25190"}],"up":[{"embeddable":true,"href":"https:\/\/lgigroup.com\/hu-hu\/wp-json\/wp\/v2\/pages\/10291"}],"wp:attachment":[{"href":"https:\/\/lgigroup.com\/hu-hu\/wp-json\/wp\/v2\/media?parent=10281"}],"curies":[{"name":"wp","href":"https:\/\/api.w.org\/{rel}","templated":true}]}}