{"id":15968,"date":"2022-12-22T14:39:25","date_gmt":"2022-12-22T13:39:25","guid":{"rendered":"https:\/\/lgigroup.com\/?page_id=15968"},"modified":"2025-12-13T12:16:47","modified_gmt":"2025-12-13T11:16:47","slug":"customers-references","status":"publish","type":"page","link":"https:\/\/lgigroup.com\/hu-hu\/lgi-group\/customers-references\/","title":{"rendered":"Customers &amp; references"},"content":{"rendered":"\r\n\t\t<section class=\"titelbild-section titelbild-block-id-69d0df49d9389 titelbild-block-layout-\">\r\n            <div class=\"col-12 col-lg-12\">\r\n                <div class=\"full-bild\"> <img loading=\"lazy\" decoding=\"async\" width=\"1920\" height=\"700\" src=\"\/wp-content\/uploads\/2023\/04\/person-with-tablet-in-hand-lgi.jpg\" class=\"img-fluid\" alt=\"Person mit Tablet in der Hand | LGI Referenzen\" srcset=\"\/wp-content\/uploads\/2023\/04\/person-with-tablet-in-hand-lgi.jpg 1920w, \/wp-content\/uploads\/2023\/04\/person-with-tablet-in-hand-lgi-300x109.jpg 300w, \/wp-content\/uploads\/2023\/04\/person-with-tablet-in-hand-lgi-1024x373.jpg 1024w, \/wp-content\/uploads\/2023\/04\/person-with-tablet-in-hand-lgi-768x280.jpg 768w, \/wp-content\/uploads\/2023\/04\/person-with-tablet-in-hand-lgi-1536x560.jpg 1536w\" sizes=\"auto, (max-width: 1920px) 100vw, 1920px\" \/><\/div>\r\n                <div class=\"bild-title container\">\r\n                    <div class=\"row\">\r\n                                <div class=\"col\">\r\n                                    <p class=\"headline wt-h1\">LGI customers<\/p>\r\n                                <\/div>                                        \r\n                            <\/div> \r\n                <\/div>\r\n            <\/div>\r\n        <\/section>\r\n\t\n\n            \r\n        <div class=\"spacing-block large spacing-block-id-69d0df49d9cd0\" >                                     \r\n                  <div class=\"large-space\">   \r\n                  <\/div>                      \r\n        <\/div>\n\n\r\n                <div class=\"headline-block \">\r\n                    \r\n                        <div class=\"container\">                            \r\n                            <div class=\"row\">\r\n                        <div class=\"col\">\r\n                            <h1 class=\"wt-subheadline wt-sl sub-headline-align\">A selection of our logistics references<\/h1>\r\n                        <\/div>\r\n                    <\/div>\r\n                            \r\n                            <div class=\"row\">\r\n                                <div class=\"col\">\r\n                                    <h2 class=\"wt-h1 wt-font-color-dark-grey\">Supply chain solutions for almost all industries<\/h2>\r\n                                <\/div>                                        \r\n                            <\/div>                                                                                                    \r\n                        <\/div>                                \r\n                <\/div>\r\n            \n\n            \r\n        <div class=\"spacing-block extrasmall spacing-block-id-69d0df49d9f2b\" >                                     \r\n                  <div class=\"extra-small-space\">   \r\n                  <\/div>                      \r\n        <\/div>\n\n   \r\n    \r\n    <div class=\"grey-line-block grey-line-block-id-69d0df49da04f\">\r\n        \r\n        <div class=\"container\">\r\n            <div class=\"row\">\r\n                <div class=\"col test\">\r\n                    <div class=\"grey-line-block-line\"><\/div>\r\n                <\/div>                \r\n            <\/div>\r\n        <\/div>\r\n        \r\n    <\/div>\n\n            \r\n        <div class=\"spacing-block small spacing-block-id-69d0df49da173\" >                                     \r\n                  <div class=\"small-space\">   \r\n                  <\/div>                      \r\n        <\/div>\n\n\n<div class=\"wp-block-group container\"><div class=\"wp-block-group__inner-container is-layout-constrained wp-block-group-is-layout-constrained\">\n<p>LGI offers <a href=\"\/hu-hu\/end-to-end-solutions\/our-business-models\/technical-logistics-scs-lcm\/\">supply chain solutions<\/a> for a wide range of industries, from <a href=\"\/hu-hu\/uezletagak\/mobilitasi\/\">mobility<\/a> to <a href=\"\/hu-hu\/uezletagak\/egeszseguegy\/\">healthcare<\/a> and from <a href=\"\/hu-hu\/uezletagak\/elektronika\/\">electronics<\/a> to <a href=\"\/hu-hu\/uezletagak\/textil\/\">textiles<\/a>. Numerous well-known national and international companies rely on our expertise. Here is a selection of our references.<\/p>\n<\/div><\/div>\n\n\n            \r\n        <div class=\"spacing-block large spacing-block-id-69d0df49dba47\" >                                     \r\n                  <div class=\"large-space\">   \r\n                  <\/div>                      \r\n        <\/div>\n\n\r\n        <section class=\"titlelogo\">\r\n        \t<div class=\"container\">\r\n        \t<div class=\"row\">\r\n                \r\n            <div class=\"titlelogobox col-6 col-sm-6 col-md-4 col-lg-3\"> \r\n                <div class=\"titlelogo-area\">\r\n                    <div class=\"logo-area\">\r\n                        <img loading=\"lazy\" decoding=\"async\" width=\"420\" height=\"300\" src=\"\/wp-content\/uploads\/2023\/05\/acre-logo-lgi-reference.png\" class=\"attachment-full size-full\" alt=\"Acre logo | LGI reference\" srcset=\"\/wp-content\/uploads\/2023\/05\/acre-logo-lgi-reference.png 420w, \/wp-content\/uploads\/2023\/05\/acre-logo-lgi-reference-300x214.png 300w\" sizes=\"auto, (max-width: 420px) 100vw, 420px\" \/>\r\n                    <\/div> \r\n                <\/div>\r\n            <\/div>\r\n            <div class=\"titlelogobox col-6 col-sm-6 col-md-4 col-lg-3\"> \r\n                <div class=\"titlelogo-area\">\r\n                    <div class=\"logo-area\">\r\n                        <img loading=\"lazy\" decoding=\"async\" width=\"420\" height=\"300\" src=\"\/wp-content\/uploads\/2023\/03\/agilent-logo-reference-lgi.png\" class=\"attachment-full size-full\" alt=\"Agilent logo | LGI reference\" srcset=\"\/wp-content\/uploads\/2023\/03\/agilent-logo-reference-lgi.png 420w, \/wp-content\/uploads\/2023\/03\/agilent-logo-reference-lgi-300x214.png 300w\" sizes=\"auto, (max-width: 420px) 100vw, 420px\" \/>\r\n                    <\/div> \r\n                <\/div>\r\n            <\/div>\r\n            <div class=\"titlelogobox col-6 col-sm-6 col-md-4 col-lg-3\"> \r\n                <div class=\"titlelogo-area\">\r\n                    <div class=\"logo-area\">\r\n                        <img loading=\"lazy\" decoding=\"async\" width=\"420\" height=\"300\" src=\"\/wp-content\/uploads\/2023\/03\/audi-logo-reference-lgi.png\" class=\"attachment-full size-full\" alt=\"Audi logo | LGI reference\" srcset=\"\/wp-content\/uploads\/2023\/03\/audi-logo-reference-lgi.png 420w, \/wp-content\/uploads\/2023\/03\/audi-logo-reference-lgi-300x214.png 300w\" sizes=\"auto, (max-width: 420px) 100vw, 420px\" \/>\r\n                    <\/div> \r\n                <\/div>\r\n            <\/div>\r\n            <div class=\"titlelogobox col-6 col-sm-6 col-md-4 col-lg-3\"> \r\n                <div class=\"titlelogo-area\">\r\n                    <div class=\"logo-area\">\r\n                        <img loading=\"lazy\" decoding=\"async\" width=\"420\" height=\"300\" src=\"\/wp-content\/uploads\/2023\/03\/bogner-logo-reference-lgi.png\" class=\"attachment-full size-full\" alt=\"Bogner logo reference LGI\" srcset=\"\/wp-content\/uploads\/2023\/03\/bogner-logo-reference-lgi.png 420w, \/wp-content\/uploads\/2023\/03\/bogner-logo-reference-lgi-300x214.png 300w\" sizes=\"auto, (max-width: 420px) 100vw, 420px\" \/>\r\n                    <\/div> \r\n                <\/div>\r\n            <\/div>\r\n            <div class=\"titlelogobox col-6 col-sm-6 col-md-4 col-lg-3\"> \r\n                <div class=\"titlelogo-area\">\r\n                    <div class=\"logo-area\">\r\n                        <img loading=\"lazy\" decoding=\"async\" width=\"420\" height=\"300\" src=\"\/wp-content\/uploads\/2023\/03\/bosch-logo-reference-lgi.png\" class=\"attachment-full size-full\" alt=\"Bosch logo | LGI reference\" srcset=\"\/wp-content\/uploads\/2023\/03\/bosch-logo-reference-lgi.png 420w, \/wp-content\/uploads\/2023\/03\/bosch-logo-reference-lgi-300x214.png 300w\" sizes=\"auto, (max-width: 420px) 100vw, 420px\" \/>\r\n                    <\/div> \r\n                <\/div>\r\n            <\/div>\r\n            <div class=\"titlelogobox col-6 col-sm-6 col-md-4 col-lg-3\"> \r\n                <div class=\"titlelogo-area\">\r\n                    <div class=\"logo-area\">\r\n                        <img loading=\"lazy\" decoding=\"async\" width=\"420\" height=\"300\" src=\"\/wp-content\/uploads\/2023\/03\/buderus-logo-reference-lgi.png\" class=\"attachment-full size-full\" alt=\"Buderus logo | LGI reference\" srcset=\"\/wp-content\/uploads\/2023\/03\/buderus-logo-reference-lgi.png 420w, \/wp-content\/uploads\/2023\/03\/buderus-logo-reference-lgi-300x214.png 300w\" sizes=\"auto, (max-width: 420px) 100vw, 420px\" \/>\r\n                    <\/div> \r\n                <\/div>\r\n            <\/div>\r\n            <div class=\"titlelogobox col-6 col-sm-6 col-md-4 col-lg-3\"> \r\n                <div class=\"titlelogo-area\">\r\n                    <div class=\"logo-area\">\r\n                        <img loading=\"lazy\" decoding=\"async\" width=\"420\" height=\"300\" src=\"\/wp-content\/uploads\/2023\/03\/cecil-logo-reference-lgi.png\" class=\"attachment-full size-full\" alt=\"Cecil logo Reference LGI\" srcset=\"\/wp-content\/uploads\/2023\/03\/cecil-logo-reference-lgi.png 420w, \/wp-content\/uploads\/2023\/03\/cecil-logo-reference-lgi-300x214.png 300w\" sizes=\"auto, (max-width: 420px) 100vw, 420px\" \/>\r\n                    <\/div> \r\n                <\/div>\r\n            <\/div>\r\n            <div class=\"titlelogobox col-6 col-sm-6 col-md-4 col-lg-3\"> \r\n                <div class=\"titlelogo-area\">\r\n                    <div class=\"logo-area\">\r\n                        <img loading=\"lazy\" decoding=\"async\" width=\"420\" height=\"300\" src=\"\/wp-content\/uploads\/2023\/03\/eissmann-logo-reference-lgi.png\" class=\"attachment-full size-full\" alt=\"Eissmann logo | LGI reference\" srcset=\"\/wp-content\/uploads\/2023\/03\/eissmann-logo-reference-lgi.png 420w, \/wp-content\/uploads\/2023\/03\/eissmann-logo-reference-lgi-300x214.png 300w\" sizes=\"auto, (max-width: 420px) 100vw, 420px\" \/>\r\n                    <\/div> \r\n                <\/div>\r\n            <\/div>\r\n            <div class=\"titlelogobox col-6 col-sm-6 col-md-4 col-lg-3\"> \r\n                <div class=\"titlelogo-area\">\r\n                    <div class=\"logo-area\">\r\n                        <img loading=\"lazy\" decoding=\"async\" width=\"420\" height=\"300\" src=\"\/wp-content\/uploads\/2023\/03\/heumann-logo-reference-lgi.png\" class=\"attachment-full size-full\" alt=\"Heumann Logo | LGI Referenz\" srcset=\"\/wp-content\/uploads\/2023\/03\/heumann-logo-reference-lgi.png 420w, \/wp-content\/uploads\/2023\/03\/heumann-logo-reference-lgi-300x214.png 300w\" sizes=\"auto, (max-width: 420px) 100vw, 420px\" \/>\r\n                    <\/div> \r\n                <\/div>\r\n            <\/div>\r\n            <div class=\"titlelogobox col-6 col-sm-6 col-md-4 col-lg-3\"> \r\n                <div class=\"titlelogo-area\">\r\n                    <div class=\"logo-area\">\r\n                        <img loading=\"lazy\" decoding=\"async\" width=\"420\" height=\"300\" src=\"\/wp-content\/uploads\/2023\/03\/miraclon-lgi-logo-reference.png\" class=\"attachment-full size-full\" alt=\"Miraclon LGI Logo Reference\" srcset=\"\/wp-content\/uploads\/2023\/03\/miraclon-lgi-logo-reference.png 420w, \/wp-content\/uploads\/2023\/03\/miraclon-lgi-logo-reference-300x214.png 300w\" sizes=\"auto, (max-width: 420px) 100vw, 420px\" \/>\r\n                    <\/div> \r\n                <\/div>\r\n            <\/div>\r\n            <div class=\"titlelogobox col-6 col-sm-6 col-md-4 col-lg-3\"> \r\n                <div class=\"titlelogo-area\">\r\n                    <div class=\"logo-area\">\r\n                        <img loading=\"lazy\" decoding=\"async\" width=\"420\" height=\"300\" src=\"\/wp-content\/uploads\/2023\/03\/panasonic-logo-reference-lgi.png\" class=\"attachment-full size-full\" alt=\"Panasonic logo | LGI reference\" srcset=\"\/wp-content\/uploads\/2023\/03\/panasonic-logo-reference-lgi.png 420w, \/wp-content\/uploads\/2023\/03\/panasonic-logo-reference-lgi-300x214.png 300w\" sizes=\"auto, (max-width: 420px) 100vw, 420px\" \/>\r\n                    <\/div> \r\n                <\/div>\r\n            <\/div>\r\n            <div class=\"titlelogobox col-6 col-sm-6 col-md-4 col-lg-3\"> \r\n                <div class=\"titlelogo-area\">\r\n                    <div class=\"logo-area\">\r\n                        <img loading=\"lazy\" decoding=\"async\" width=\"420\" height=\"300\" src=\"\/wp-content\/uploads\/2023\/03\/street-one-logo-reference-lgi.png\" class=\"attachment-full size-full\" alt=\"Street One Logo Reference LGI\" srcset=\"\/wp-content\/uploads\/2023\/03\/street-one-logo-reference-lgi.png 420w, \/wp-content\/uploads\/2023\/03\/street-one-logo-reference-lgi-300x214.png 300w\" sizes=\"auto, (max-width: 420px) 100vw, 420px\" \/>\r\n                    <\/div> \r\n                <\/div>\r\n            <\/div>    <link rel=\"stylesheet\" id=\"TitleLogoBlock-css\" href=\"\/wp-content\/themes\/lgi\/css\/blocks\/wt-TitleLogoBlock.css\" type=\"text\/css\" media=\"all\">\r\n                <\/div>               \r\n            <\/div> \r\n        <\/section>\n\n            \r\n        <div class=\"spacing-block extralarge spacing-block-id-69d0df49df6e4\" >                                     \r\n                  <div class=\"extra-large-space\">   \r\n                  <\/div>                      \r\n        <\/div>","protected":false},"excerpt":{"rendered":"<p>LGI offers supply chain solutions for a wide range of industries, from mobility to healthcare and from electronics to textiles. Numerous well-known national and international companies rely on our expertise. Here is a selection of our references.<\/p>\n","protected":false},"author":1,"featured_media":0,"parent":10832,"menu_order":0,"comment_status":"closed","ping_status":"closed","template":"","meta":{"footnotes":""},"class_list":["post-15968","page","type-page","status-publish","hentry"],"yoast_head":"<!-- This site is optimized with the Yoast SEO plugin v27.3 - https:\/\/yoast.com\/product\/yoast-seo-wordpress\/ -->\n<title>V\u00e1logat\u00e1s ell\u00e1t\u00e1si l\u00e1ncunk referenci\u00e1ib\u00f3l | LGI<\/title>\n<meta name=\"description\" content=\"Partnert keres? Az aut\u00f3ipart\u00f3l az eg\u00e9szs\u00e9g\u00fcgy\u00f6n \u00e1t a textiliparig mindent lefed\u00fcnk. \u27a4 B\u00edzzon referenci\u00e1inkban!\" \/>\n<meta name=\"robots\" content=\"index, follow, max-snippet:-1, max-image-preview:large, max-video-preview:-1\" \/>\n<link rel=\"canonical\" href=\"https:\/\/lgigroup.com\/hu-hu\/wp-json\/wp\/v2\/pages\/15968\" \/>\n<meta property=\"og:locale\" content=\"hu_HU\" \/>\n<meta property=\"og:type\" content=\"article\" \/>\n<meta property=\"og:title\" content=\"V\u00e1logat\u00e1s ell\u00e1t\u00e1si l\u00e1ncunk referenci\u00e1ib\u00f3l | LGI\" \/>\n<meta property=\"og:description\" content=\"Partnert keres? Az aut\u00f3ipart\u00f3l az eg\u00e9szs\u00e9g\u00fcgy\u00f6n \u00e1t a textiliparig mindent lefed\u00fcnk. \u27a4 B\u00edzzon referenci\u00e1inkban!\" \/>\n<meta property=\"og:url\" content=\"https:\/\/lgigroup.com\/hu-en\/lgi-group\/customers-references\/\" \/>\n<meta property=\"og:site_name\" content=\"LGI Group\" \/>\n<meta property=\"article:modified_time\" content=\"2025-12-13T11:16:47+00:00\" \/>\n<meta name=\"twitter:card\" content=\"summary_large_image\" \/>\n<meta name=\"twitter:label1\" content=\"Est. reading time\" \/>\n\t<meta name=\"twitter:data1\" content=\"1 minute\" \/>\n<script type=\"application\/ld+json\" class=\"yoast-schema-graph\">{\"@context\":\"https:\\\/\\\/schema.org\",\"@graph\":[{\"@type\":\"WebPage\",\"@id\":\"https:\\\/\\\/lgigroup.com\\\/hu-hu\\\/lgi-group\\\/customers-references\\\/\",\"url\":\"https:\\\/\\\/lgigroup.com\\\/hu-en\\\/lgi-group\\\/customers-references\\\/\",\"name\":\"V\u00e1logat\u00e1s ell\u00e1t\u00e1si l\u00e1ncunk referenci\u00e1ib\u00f3l | LGI\",\"isPartOf\":{\"@id\":\"https:\\\/\\\/lgigroup.com\\\/hu-hu\\\/#website\"},\"datePublished\":\"2022-12-22T13:39:25+00:00\",\"dateModified\":\"2025-12-13T11:16:47+00:00\",\"description\":\"Partnert keres? Az aut\u00f3ipart\u00f3l az eg\u00e9szs\u00e9g\u00fcgy\u00f6n \u00e1t a textiliparig mindent lefed\u00fcnk. \u27a4 B\u00edzzon referenci\u00e1inkban!\",\"breadcrumb\":{\"@id\":\"https:\\\/\\\/lgigroup.com\\\/hu-en\\\/lgi-group\\\/customers-references\\\/#breadcrumb\"},\"inLanguage\":\"hu-hu\",\"potentialAction\":[{\"@type\":\"ReadAction\",\"target\":[\"https:\\\/\\\/lgigroup.com\\\/hu-en\\\/lgi-group\\\/customers-references\\\/\"]}]},{\"@type\":\"BreadcrumbList\",\"@id\":\"https:\\\/\\\/lgigroup.com\\\/hu-en\\\/lgi-group\\\/customers-references\\\/#breadcrumb\",\"itemListElement\":[{\"@type\":\"ListItem\",\"position\":1,\"name\":\"Startseite\",\"item\":\"https:\\\/\\\/lgigroup.com\\\/hu-hu\\\/\"},{\"@type\":\"ListItem\",\"position\":2,\"name\":\"LGI Group\",\"item\":\"https:\\\/\\\/lgigroup.com\\\/hu-hu\\\/lgi-group\\\/\"},{\"@type\":\"ListItem\",\"position\":3,\"name\":\"Customers &amp; references\"}]},{\"@type\":\"WebSite\",\"@id\":\"https:\\\/\\\/lgigroup.com\\\/hu-hu\\\/#website\",\"url\":\"https:\\\/\\\/lgigroup.com\\\/hu-hu\\\/\",\"name\":\"LGI Group\",\"description\":\"\",\"publisher\":{\"@id\":\"https:\\\/\\\/lgigroup.com\\\/hu-hu\\\/#organization\"},\"potentialAction\":[{\"@type\":\"SearchAction\",\"target\":{\"@type\":\"EntryPoint\",\"urlTemplate\":\"https:\\\/\\\/lgigroup.com\\\/hu-hu\\\/?s={search_term_string}\"},\"query-input\":{\"@type\":\"PropertyValueSpecification\",\"valueRequired\":true,\"valueName\":\"search_term_string\"}}],\"inLanguage\":\"hu-hu\"},{\"@type\":\"Organization\",\"@id\":\"https:\\\/\\\/lgigroup.com\\\/hu-hu\\\/#organization\",\"name\":\"LGI GmbH\",\"url\":\"https:\\\/\\\/lgigroup.com\\\/hu-hu\\\/\",\"logo\":{\"@type\":\"ImageObject\",\"inLanguage\":\"hu-hu\",\"@id\":\"https:\\\/\\\/lgigroup.com\\\/hu-hu\\\/#\\\/schema\\\/logo\\\/image\\\/\",\"url\":\"https:\\\/\\\/lgigroup.com\\\/wp-content\\\/uploads\\\/2023\\\/01\\\/lgi-logo.png\",\"contentUrl\":\"https:\\\/\\\/lgigroup.com\\\/wp-content\\\/uploads\\\/2023\\\/01\\\/lgi-logo.png\",\"width\":420,\"height\":200,\"caption\":\"LGI GmbH\"},\"image\":{\"@id\":\"https:\\\/\\\/lgigroup.com\\\/hu-hu\\\/#\\\/schema\\\/logo\\\/image\\\/\"}}]}<\/script>\n<!-- \/ Yoast SEO plugin. -->","yoast_head_json":{"title":"V\u00e1logat\u00e1s ell\u00e1t\u00e1si l\u00e1ncunk referenci\u00e1ib\u00f3l | LGI","description":"Partnert keres? Az aut\u00f3ipart\u00f3l az eg\u00e9szs\u00e9g\u00fcgy\u00f6n \u00e1t a textiliparig mindent lefed\u00fcnk. \u27a4 B\u00edzzon referenci\u00e1inkban!","robots":{"index":"index","follow":"follow","max-snippet":"max-snippet:-1","max-image-preview":"max-image-preview:large","max-video-preview":"max-video-preview:-1"},"canonical":"https:\/\/lgigroup.com\/hu-hu\/wp-json\/wp\/v2\/pages\/15968","og_locale":"hu_HU","og_type":"article","og_title":"V\u00e1logat\u00e1s ell\u00e1t\u00e1si l\u00e1ncunk referenci\u00e1ib\u00f3l | LGI","og_description":"Partnert keres? Az aut\u00f3ipart\u00f3l az eg\u00e9szs\u00e9g\u00fcgy\u00f6n \u00e1t a textiliparig mindent lefed\u00fcnk. \u27a4 B\u00edzzon referenci\u00e1inkban!","og_url":"https:\/\/lgigroup.com\/hu-en\/lgi-group\/customers-references\/","og_site_name":"LGI Group","article_modified_time":"2025-12-13T11:16:47+00:00","twitter_card":"summary_large_image","twitter_misc":{"Est. reading time":"1 minute"},"schema":{"@context":"https:\/\/schema.org","@graph":[{"@type":"WebPage","@id":"https:\/\/lgigroup.com\/hu-hu\/lgi-group\/customers-references\/","url":"https:\/\/lgigroup.com\/hu-en\/lgi-group\/customers-references\/","name":"V\u00e1logat\u00e1s ell\u00e1t\u00e1si l\u00e1ncunk referenci\u00e1ib\u00f3l | LGI","isPartOf":{"@id":"https:\/\/lgigroup.com\/hu-hu\/#website"},"datePublished":"2022-12-22T13:39:25+00:00","dateModified":"2025-12-13T11:16:47+00:00","description":"Partnert keres? Az aut\u00f3ipart\u00f3l az eg\u00e9szs\u00e9g\u00fcgy\u00f6n \u00e1t a textiliparig mindent lefed\u00fcnk. \u27a4 B\u00edzzon referenci\u00e1inkban!","breadcrumb":{"@id":"https:\/\/lgigroup.com\/hu-en\/lgi-group\/customers-references\/#breadcrumb"},"inLanguage":"hu-hu","potentialAction":[{"@type":"ReadAction","target":["https:\/\/lgigroup.com\/hu-en\/lgi-group\/customers-references\/"]}]},{"@type":"BreadcrumbList","@id":"https:\/\/lgigroup.com\/hu-en\/lgi-group\/customers-references\/#breadcrumb","itemListElement":[{"@type":"ListItem","position":1,"name":"Startseite","item":"https:\/\/lgigroup.com\/hu-hu\/"},{"@type":"ListItem","position":2,"name":"LGI Group","item":"https:\/\/lgigroup.com\/hu-hu\/lgi-group\/"},{"@type":"ListItem","position":3,"name":"Customers &amp; references"}]},{"@type":"WebSite","@id":"https:\/\/lgigroup.com\/hu-hu\/#website","url":"https:\/\/lgigroup.com\/hu-hu\/","name":"LGI Group","description":"","publisher":{"@id":"https:\/\/lgigroup.com\/hu-hu\/#organization"},"potentialAction":[{"@type":"SearchAction","target":{"@type":"EntryPoint","urlTemplate":"https:\/\/lgigroup.com\/hu-hu\/?s={search_term_string}"},"query-input":{"@type":"PropertyValueSpecification","valueRequired":true,"valueName":"search_term_string"}}],"inLanguage":"hu-hu"},{"@type":"Organization","@id":"https:\/\/lgigroup.com\/hu-hu\/#organization","name":"LGI GmbH","url":"https:\/\/lgigroup.com\/hu-hu\/","logo":{"@type":"ImageObject","inLanguage":"hu-hu","@id":"https:\/\/lgigroup.com\/hu-hu\/#\/schema\/logo\/image\/","url":"https:\/\/lgigroup.com\/wp-content\/uploads\/2023\/01\/lgi-logo.png","contentUrl":"https:\/\/lgigroup.com\/wp-content\/uploads\/2023\/01\/lgi-logo.png","width":420,"height":200,"caption":"LGI GmbH"},"image":{"@id":"https:\/\/lgigroup.com\/hu-hu\/#\/schema\/logo\/image\/"}}]}},"_links":{"self":[{"href":"https:\/\/lgigroup.com\/hu-hu\/wp-json\/wp\/v2\/pages\/15968","targetHints":{"allow":["GET"]}}],"collection":[{"href":"https:\/\/lgigroup.com\/hu-hu\/wp-json\/wp\/v2\/pages"}],"about":[{"href":"https:\/\/lgigroup.com\/hu-hu\/wp-json\/wp\/v2\/types\/page"}],"author":[{"embeddable":true,"href":"https:\/\/lgigroup.com\/hu-hu\/wp-json\/wp\/v2\/users\/1"}],"replies":[{"embeddable":true,"href":"https:\/\/lgigroup.com\/hu-hu\/wp-json\/wp\/v2\/comments?post=15968"}],"version-history":[{"count":5,"href":"https:\/\/lgigroup.com\/hu-hu\/wp-json\/wp\/v2\/pages\/15968\/revisions"}],"predecessor-version":[{"id":29660,"href":"https:\/\/lgigroup.com\/hu-hu\/wp-json\/wp\/v2\/pages\/15968\/revisions\/29660"}],"up":[{"embeddable":true,"href":"https:\/\/lgigroup.com\/hu-hu\/wp-json\/wp\/v2\/pages\/10832"}],"wp:attachment":[{"href":"https:\/\/lgigroup.com\/hu-hu\/wp-json\/wp\/v2\/media?parent=15968"}],"curies":[{"name":"wp","href":"https:\/\/api.w.org\/{rel}","templated":true}]}}