{"id":1824,"date":"2023-01-12T11:35:15","date_gmt":"2023-01-12T10:35:15","guid":{"rendered":"https:\/\/lgigroup.com\/?page_id=1824"},"modified":"2024-04-23T10:39:54","modified_gmt":"2024-04-23T08:39:54","slug":"bergen-logistics","status":"publish","type":"page","link":"https:\/\/lgigroup.com\/hu-hu\/end-to-end-solutions\/our-brands\/bergen-logistics\/","title":{"rendered":"Bergen Logistics"},"content":{"rendered":"\r\n\t\t<section class=\"titelbild-section titelbild-block-id-69d2750620e2d titelbild-block-layout-\">\r\n            <div class=\"col-12 col-lg-12\">\r\n                <div class=\"full-bild\"> <img loading=\"lazy\" decoding=\"async\" width=\"1920\" height=\"700\" src=\"\/wp-content\/uploads\/2023\/01\/parcel-on-bergen-logistics-conveyor-belt.jpg\" class=\"img-fluid\" alt=\"Parcel on a Bergen Logistics conveyor belt | LGI brand\" srcset=\"\/wp-content\/uploads\/2023\/01\/parcel-on-bergen-logistics-conveyor-belt.jpg 1920w, \/wp-content\/uploads\/2023\/01\/parcel-on-bergen-logistics-conveyor-belt-300x109.jpg 300w, \/wp-content\/uploads\/2023\/01\/parcel-on-bergen-logistics-conveyor-belt-1024x373.jpg 1024w, \/wp-content\/uploads\/2023\/01\/parcel-on-bergen-logistics-conveyor-belt-768x280.jpg 768w, \/wp-content\/uploads\/2023\/01\/parcel-on-bergen-logistics-conveyor-belt-1536x560.jpg 1536w\" sizes=\"auto, (max-width: 1920px) 100vw, 1920px\" \/><\/div>\r\n                <div class=\"bild-title container\">\r\n                    <div class=\"row\">\r\n                                <div class=\"col\">\r\n                                    <p class=\"headline wt-h1\"><\/p>\r\n                                <\/div>                                        \r\n                            <\/div> \r\n                <\/div>\r\n            <\/div>\r\n        <\/section>\r\n\t\n\n            \r\n        <div class=\"spacing-block large spacing-block-id-69d2750621324\" >                                     \r\n                  <div class=\"large-space\">   \r\n                  <\/div>                      \r\n        <\/div>\n\n\r\n                <div class=\"headline-block \">\r\n                    \r\n                        <div class=\"container\">                            \r\n                            \r\n                            \r\n                            <div class=\"row\">\r\n                                <div class=\"col\">\r\n                                    <h1 class=\"wt-h1 wt-font-color-dark-grey\">Bergen Logistics<\/h1>\r\n                                <\/div>                                        \r\n                            <\/div>                                                                                                    \r\n                        <\/div>                                \r\n                <\/div>\r\n            \n\n            \r\n        <div class=\"spacing-block extrasmall spacing-block-id-69d27506214c2\" >                                     \r\n                  <div class=\"extra-small-space\">   \r\n                  <\/div>                      \r\n        <\/div>\n\n   \r\n    \r\n    <div class=\"grey-line-block grey-line-block-id-69d2750621586\">\r\n        \r\n        <div class=\"container\">\r\n            <div class=\"row\">\r\n                <div class=\"col test\">\r\n                    <div class=\"grey-line-block-line\"><\/div>\r\n                <\/div>                \r\n            <\/div>\r\n        <\/div>\r\n        \r\n    <\/div>\n\n            \r\n        <div class=\"spacing-block small spacing-block-id-69d275062164a\" >                                     \r\n                  <div class=\"small-space\">   \r\n                  <\/div>                      \r\n        <\/div>\n\n\n<div class=\"wp-block-group container\"><div class=\"wp-block-group__inner-container is-layout-constrained wp-block-group-is-layout-constrained\">\n<p>Are you looking for a professional fulfillment provider who is used to dealing with the speed and seasonality of the <a href=\"\/hu-hu\/uezletagak\/textil\/\">fashion<\/a> &amp; <a href=\"\/hu-hu\/uezletagak\/eletstilus\/\">lifestyle<\/a> industry? Do you want to focus on the core tasks of your brand and hand over the physical fulfillment of your orders to a global 3PL? You are driving your growth and the internationalization of your webshop and are looking for a partner who is fast, agile and has its finger on the pulse with its IT landscape and digital solutions? You want full transparency of your stocks, orders and returns 24\/7?<\/p>\n\n\n\n<p>Welcome to Bergen Logistics &#8211; your fashion &amp; lifestyle fulfillment partner for over 20 years and with more than 400 satisfied customers worldwide. At Bergen Logistics, we specialized in the &#8220;better-to-luxury&#8221; segment back in the 1990s and have been continuously developing and adapting to the market ever since. We offer omni-channel solutions for efficient handling of your <a href=\"\/hu-hu\/end-to-end-solutions\/our-business-models\/e-commerce\/\">e-commerce<\/a>, retail and wholesale business.<\/p>\n<\/div><\/div>\n\n\n            \r\n        <div class=\"spacing-block small spacing-block-id-69d2750622896\" >                                     \r\n                  <div class=\"small-space\">   \r\n                  <\/div>                      \r\n        <\/div>\n\n\n<div class=\"wp-block-group container\"><div class=\"wp-block-group__inner-container is-layout-constrained wp-block-group-is-layout-constrained\">\n<div class=\"wp-block-columns is-layout-flex wp-container-core-columns-is-layout-9d6595d7 wp-block-columns-is-layout-flex\">\n<div class=\"wp-block-column is-layout-flow wp-block-column-is-layout-flow\">\r\n                <div class=\"headline-block \">\r\n                    \r\n                        <h2 class=\"wt-subheadline wt-sl\">Our service offering for your growth<\/h2>\r\n                            \r\n                        \r\n                                                            \r\n                <\/div>\r\n            \n\n            \r\n        <div class=\"spacing-block doublesmall spacing-block-id-69d2750622a42\" >                                     \r\n                  <div class=\"double-small-space\">   \r\n                  <\/div>                      \r\n        <\/div>\n\n\n<p>Bergen Logistics supports you along the entire logistics chain of your business: from receiving your inventory, to storing your valuable products, to assembling and packing your orders &#8211; for <a href=\"\/hu-hu\/end-to-end-solutions\/our-business-models\/e-commerce\/\">e-commerce<\/a>, retail and wholesale. We help you maintain and expand your position in the highly competitive omni-channel marketplace through efficiency and speed. With over 20 years of experience and more than 400 customers worldwide, we support you in every facet of your business &#8211; whether it&#8217;s seasonal e-commerce peaks, high-volume wholesale orders with stringent packaging requirements, or retail order price markups that need to be handled.<\/p>\n<\/div>\n\n\n\n<div class=\"wp-block-column is-layout-flow wp-block-column-is-layout-flow\">\r\n                <div class=\"headline-block \">\r\n                    \r\n                        <h2 class=\"wt-subheadline wt-sl\">Your competitive advantage with Bergen Logistics<\/h2>\r\n                            \r\n                        \r\n                                                            \r\n                <\/div>\r\n            \n\n            \r\n        <div class=\"spacing-block doublesmall spacing-block-id-69d2750622c2e\" >                                     \r\n                  <div class=\"double-small-space\">   \r\n                  <\/div>                      \r\n        <\/div>\n\n\n<p>Strengthen your market position with Bergen Logistics. Our know-how and industry focus on the fashion &amp; lifestyle sector, our IT affinity and agility, and our partnership-based approach make you, our customer, faster, more flexible, more efficient and more competitive. Whether it&#8217;s the rapid connection of new store systems and marketplaces, the opening up of new markets with just a single global IT integration, or the passing on of economies of scale in the parcel and <a href=\"\/hu-hu\/glossary\/transport-logistics\/\">transport sector<\/a> &#8211; we are your partner!<\/p>\n<\/div>\n<\/div>\n<\/div><\/div>\n\n\n            \r\n        <div class=\"spacing-block small spacing-block-id-69d275062303b\" >                                     \r\n                  <div class=\"small-space\">   \r\n                  <\/div>                      \r\n        <\/div>\n\n   \r\n    \r\n    <section id=\"Contact-person\" class=\"contact-person-block contact-person-block-id-69d2750623105 encoded-email\" data-idcp=\"23503\" data-mail=\"Z2FicmllbGUuYm9ybXV0aEBiZXJnZW5sb2dpc3RpY3MuY29t\">\r\n    \r\n        \r\n        <div class=\"contact-person-bg-img-wrapper\">\r\n            <img loading=\"lazy\" decoding=\"async\" width=\"1920\" height=\"500\" src=\"\/wp-content\/uploads\/2023\/01\/lgi-location-holland.jpg\" class=\"img-fluid bg-image\" alt=\"LGI holland building\" srcset=\"\/wp-content\/uploads\/2023\/01\/lgi-location-holland.jpg 1920w, \/wp-content\/uploads\/2023\/01\/lgi-location-holland-300x78.jpg 300w, \/wp-content\/uploads\/2023\/01\/lgi-location-holland-1024x267.jpg 1024w, \/wp-content\/uploads\/2023\/01\/lgi-location-holland-768x200.jpg 768w, \/wp-content\/uploads\/2023\/01\/lgi-location-holland-1536x400.jpg 1536w\" sizes=\"auto, (max-width: 1920px) 100vw, 1920px\" \/>\r\n        <\/div>\r\n        \r\n        <div class=\"container contact-person-content-wrapper\">\r\n            <div class=\"row\">\r\n                <div class=\"col-12 col-lg-6 contact-person-text-wrapper contact-text-align\">\r\n                    <span class=\"wt-bh\">Your contact to Bergen Logistics<\/span>\r\n                    <span class=\"wt-hl wt-big-string\">How may we <span class='wt-font-color-white'>help<\/span> you?<\/span>\r\n                <\/div>\r\n                <div class=\"col-12 col-lg-6 order-first order-lg-last contact-person-img-wrapper\">\r\n                    <div>\r\n                        <div class=\"contact-person-wrapper contact-person\">\r\n                            <div class=\"d-flex align-items-stretch\">\r\n                                <div class=\"image-section\">\r\n                                    <img loading=\"lazy\" decoding=\"async\" width=\"540\" height=\"500\" src=\"\/wp-content\/uploads\/2024\/04\/lgi-contact-person-bormuth-gabriele.png\" class=\"img-fluid\" alt=\"LGI Kontaktperson: Gabriele Bormuth\" srcset=\"\/wp-content\/uploads\/2024\/04\/lgi-contact-person-bormuth-gabriele.png 540w, \/wp-content\/uploads\/2024\/04\/lgi-contact-person-bormuth-gabriele-300x278.png 300w\" sizes=\"auto, (max-width: 540px) 100vw, 540px\" \/>\r\n                                <\/div>\r\n                                <div class=\"pe-3 pe-sm-0 ps-3 ps-xl-3 d-flex flex-column justify-content-end content-section\">\r\n                                    <p class=\"wt-sl\">Az \u00d6n kapcsolattart\u00f3ja<\/p>\r\n                                \r\n                                    <p class=\"text-sec wt-text-sec\">\r\n                                        <span>Head of Division Bergen Logistics Europe<\/span><br>\r\n                                         Gabriele Bormuth<br>\r\n                                        <a class=\"wt-k-click-tel\" href=\"tel:+491716782417\">+49 171 6782 417<\/a><br>\r\n                                        <a class=\"wt-k-click-mail\" href=\"&#109;&#97;&#105;&#108;&#116;&#111;&#58;%67%61%62%72%69%65%6c%65.%62%6f%72%6d%75%74%68@%62%65%72%67%65%6e%6c%6f%67%69%73%74%69%63%73.%63%6f%6d\">&#x67;&#x61;&#x62;&#x72;&#x69;&#x65;&#x6c;&#x65;&#x2e;&#x62;&#x6f;&#x72;&#x6d;&#x75;&#x74;&#x68;&#x40;&#x62;&#x65;&#x72;&#x67;&#x65;&#x6e;&#x6c;&#x6f;&#x67;&#x69;&#x73;&#x74;&#x69;&#x63;&#x73;&#x2e;&#x63;&#x6f;&#x6d;<\/a>\r\n                                    <\/p>\r\n                                    <div class=\"button-wrapper\">\r\n                                        <div class=\"wt-bt d-none d-sm-block\" data-bs-toggle=\"modal\" data-bs-target=\"#contactModal\">Kapcsolatfelv\u00e9tel<\/div>\r\n                                        <div class=\"d-none d-sm-block \"> <\/div>\r\n                                    <\/div>    \r\n                                <\/div>\r\n                            <\/div>                            \r\n                            <div class=\"button-wrapper\">\r\n                                <div class=\"mt-md-3 pt-3 pb-3 ps-3 pe-3 pt-md-3 d-sm-none\">\r\n                                    <div class=\"wt-bt\" data-bs-toggle=\"modal\" data-bs-target=\"#contactModal\">Kapcsolatfelv\u00e9tel<\/div>\r\n                                    \r\n                                <\/div>\r\n                            <\/div> \r\n                        <\/div>                        \r\n                    <\/div>                    \r\n                <\/div>\r\n            <\/div>\r\n        <\/div>\r\n        \r\n    <\/section>","protected":false},"excerpt":{"rendered":"<p>Are you looking for a professional fulfillment provider who is used to dealing with the speed and seasonality of the fashion &amp; lifestyle industry? Do you want to focus on the core tasks of your brand and hand over the physical fulfillment of your orders to a global 3PL? You are driving your growth and [&hellip;]<\/p>\n","protected":false},"author":1,"featured_media":0,"parent":6776,"menu_order":0,"comment_status":"closed","ping_status":"closed","template":"","meta":{"footnotes":""},"class_list":["post-1824","page","type-page","status-publish","hentry"],"yoast_head":"<!-- This site is optimized with the Yoast SEO plugin v27.3 - https:\/\/yoast.com\/product\/yoast-seo-wordpress\/ -->\n<title>Bergen Logistics - Az \u00d6n teljes\u00edt\u00e9si szolg\u00e1ltat\u00f3ja<\/title>\n<meta name=\"description\" content=\"Az omnichannel \u00e9s a multicsatorn\u00e1s megold\u00e1sokt\u00f3l kezdve - az \u00d6n nemzeti \u00e9s nemzetk\u00f6zi divat- \u00e9s \u00e9letst\u00edlus teljes\u00edt\u00e9si partnere.\" \/>\n<meta name=\"robots\" content=\"index, follow, max-snippet:-1, max-image-preview:large, max-video-preview:-1\" \/>\n<link rel=\"canonical\" href=\"https:\/\/lgigroup.com\/hu-hu\/wp-json\/wp\/v2\/pages\/1824\" \/>\n<meta property=\"og:locale\" content=\"hu_HU\" \/>\n<meta property=\"og:type\" content=\"article\" \/>\n<meta property=\"og:title\" content=\"Bergen Logistics - Az \u00d6n teljes\u00edt\u00e9si szolg\u00e1ltat\u00f3ja\" \/>\n<meta property=\"og:description\" content=\"Az omnichannel \u00e9s a multicsatorn\u00e1s megold\u00e1sokt\u00f3l kezdve - az \u00d6n nemzeti \u00e9s nemzetk\u00f6zi divat- \u00e9s \u00e9letst\u00edlus teljes\u00edt\u00e9si partnere.\" \/>\n<meta property=\"og:url\" content=\"https:\/\/lgigroup.com\/hu-en\/end-to-end-solutions\/our-brands\/bergen-logistics\/\" \/>\n<meta property=\"og:site_name\" content=\"LGI Group\" \/>\n<meta property=\"article:modified_time\" content=\"2024-04-23T08:39:54+00:00\" \/>\n<meta name=\"twitter:card\" content=\"summary_large_image\" \/>\n<meta name=\"twitter:label1\" content=\"Est. reading time\" \/>\n\t<meta name=\"twitter:data1\" content=\"2 minutes\" \/>\n<script type=\"application\/ld+json\" class=\"yoast-schema-graph\">{\"@context\":\"https:\\\/\\\/schema.org\",\"@graph\":[{\"@type\":\"WebPage\",\"@id\":\"https:\\\/\\\/lgigroup.com\\\/hu-hu\\\/end-to-end-solutions\\\/our-brands\\\/bergen-logistics\\\/\",\"url\":\"https:\\\/\\\/lgigroup.com\\\/hu-en\\\/end-to-end-solutions\\\/our-brands\\\/bergen-logistics\\\/\",\"name\":\"Bergen Logistics - Az \u00d6n teljes\u00edt\u00e9si szolg\u00e1ltat\u00f3ja\",\"isPartOf\":{\"@id\":\"https:\\\/\\\/lgigroup.com\\\/hu-hu\\\/#website\"},\"datePublished\":\"2023-01-12T10:35:15+00:00\",\"dateModified\":\"2024-04-23T08:39:54+00:00\",\"description\":\"Az omnichannel \u00e9s a multicsatorn\u00e1s megold\u00e1sokt\u00f3l kezdve - az \u00d6n nemzeti \u00e9s nemzetk\u00f6zi divat- \u00e9s \u00e9letst\u00edlus teljes\u00edt\u00e9si partnere.\",\"breadcrumb\":{\"@id\":\"https:\\\/\\\/lgigroup.com\\\/hu-en\\\/end-to-end-solutions\\\/our-brands\\\/bergen-logistics\\\/#breadcrumb\"},\"inLanguage\":\"hu-hu\",\"potentialAction\":[{\"@type\":\"ReadAction\",\"target\":[\"https:\\\/\\\/lgigroup.com\\\/hu-en\\\/end-to-end-solutions\\\/our-brands\\\/bergen-logistics\\\/\"]}]},{\"@type\":\"BreadcrumbList\",\"@id\":\"https:\\\/\\\/lgigroup.com\\\/hu-en\\\/end-to-end-solutions\\\/our-brands\\\/bergen-logistics\\\/#breadcrumb\",\"itemListElement\":[{\"@type\":\"ListItem\",\"position\":1,\"name\":\"Startseite\",\"item\":\"https:\\\/\\\/lgigroup.com\\\/hu-hu\\\/\"},{\"@type\":\"ListItem\",\"position\":2,\"name\":\"End-to-End Solutions\",\"item\":\"https:\\\/\\\/lgigroup.com\\\/hu-hu\\\/end-to-end-solutions\\\/\"},{\"@type\":\"ListItem\",\"position\":3,\"name\":\"Our Brands\",\"item\":\"https:\\\/\\\/lgigroup.com\\\/hu-hu\\\/end-to-end-solutions\\\/our-brands\\\/\"},{\"@type\":\"ListItem\",\"position\":4,\"name\":\"Bergen Logistics\"}]},{\"@type\":\"WebSite\",\"@id\":\"https:\\\/\\\/lgigroup.com\\\/hu-hu\\\/#website\",\"url\":\"https:\\\/\\\/lgigroup.com\\\/hu-hu\\\/\",\"name\":\"LGI Group\",\"description\":\"\",\"publisher\":{\"@id\":\"https:\\\/\\\/lgigroup.com\\\/hu-hu\\\/#organization\"},\"potentialAction\":[{\"@type\":\"SearchAction\",\"target\":{\"@type\":\"EntryPoint\",\"urlTemplate\":\"https:\\\/\\\/lgigroup.com\\\/hu-hu\\\/?s={search_term_string}\"},\"query-input\":{\"@type\":\"PropertyValueSpecification\",\"valueRequired\":true,\"valueName\":\"search_term_string\"}}],\"inLanguage\":\"hu-hu\"},{\"@type\":\"Organization\",\"@id\":\"https:\\\/\\\/lgigroup.com\\\/hu-hu\\\/#organization\",\"name\":\"LGI GmbH\",\"url\":\"https:\\\/\\\/lgigroup.com\\\/hu-hu\\\/\",\"logo\":{\"@type\":\"ImageObject\",\"inLanguage\":\"hu-hu\",\"@id\":\"https:\\\/\\\/lgigroup.com\\\/hu-hu\\\/#\\\/schema\\\/logo\\\/image\\\/\",\"url\":\"https:\\\/\\\/lgigroup.com\\\/wp-content\\\/uploads\\\/2023\\\/01\\\/lgi-logo.png\",\"contentUrl\":\"https:\\\/\\\/lgigroup.com\\\/wp-content\\\/uploads\\\/2023\\\/01\\\/lgi-logo.png\",\"width\":420,\"height\":200,\"caption\":\"LGI GmbH\"},\"image\":{\"@id\":\"https:\\\/\\\/lgigroup.com\\\/hu-hu\\\/#\\\/schema\\\/logo\\\/image\\\/\"}}]}<\/script>\n<!-- \/ Yoast SEO plugin. -->","yoast_head_json":{"title":"Bergen Logistics - Az \u00d6n teljes\u00edt\u00e9si szolg\u00e1ltat\u00f3ja","description":"Az omnichannel \u00e9s a multicsatorn\u00e1s megold\u00e1sokt\u00f3l kezdve - az \u00d6n nemzeti \u00e9s nemzetk\u00f6zi divat- \u00e9s \u00e9letst\u00edlus teljes\u00edt\u00e9si partnere.","robots":{"index":"index","follow":"follow","max-snippet":"max-snippet:-1","max-image-preview":"max-image-preview:large","max-video-preview":"max-video-preview:-1"},"canonical":"https:\/\/lgigroup.com\/hu-hu\/wp-json\/wp\/v2\/pages\/1824","og_locale":"hu_HU","og_type":"article","og_title":"Bergen Logistics - Az \u00d6n teljes\u00edt\u00e9si szolg\u00e1ltat\u00f3ja","og_description":"Az omnichannel \u00e9s a multicsatorn\u00e1s megold\u00e1sokt\u00f3l kezdve - az \u00d6n nemzeti \u00e9s nemzetk\u00f6zi divat- \u00e9s \u00e9letst\u00edlus teljes\u00edt\u00e9si partnere.","og_url":"https:\/\/lgigroup.com\/hu-en\/end-to-end-solutions\/our-brands\/bergen-logistics\/","og_site_name":"LGI Group","article_modified_time":"2024-04-23T08:39:54+00:00","twitter_card":"summary_large_image","twitter_misc":{"Est. reading time":"2 minutes"},"schema":{"@context":"https:\/\/schema.org","@graph":[{"@type":"WebPage","@id":"https:\/\/lgigroup.com\/hu-hu\/end-to-end-solutions\/our-brands\/bergen-logistics\/","url":"https:\/\/lgigroup.com\/hu-en\/end-to-end-solutions\/our-brands\/bergen-logistics\/","name":"Bergen Logistics - Az \u00d6n teljes\u00edt\u00e9si szolg\u00e1ltat\u00f3ja","isPartOf":{"@id":"https:\/\/lgigroup.com\/hu-hu\/#website"},"datePublished":"2023-01-12T10:35:15+00:00","dateModified":"2024-04-23T08:39:54+00:00","description":"Az omnichannel \u00e9s a multicsatorn\u00e1s megold\u00e1sokt\u00f3l kezdve - az \u00d6n nemzeti \u00e9s nemzetk\u00f6zi divat- \u00e9s \u00e9letst\u00edlus teljes\u00edt\u00e9si partnere.","breadcrumb":{"@id":"https:\/\/lgigroup.com\/hu-en\/end-to-end-solutions\/our-brands\/bergen-logistics\/#breadcrumb"},"inLanguage":"hu-hu","potentialAction":[{"@type":"ReadAction","target":["https:\/\/lgigroup.com\/hu-en\/end-to-end-solutions\/our-brands\/bergen-logistics\/"]}]},{"@type":"BreadcrumbList","@id":"https:\/\/lgigroup.com\/hu-en\/end-to-end-solutions\/our-brands\/bergen-logistics\/#breadcrumb","itemListElement":[{"@type":"ListItem","position":1,"name":"Startseite","item":"https:\/\/lgigroup.com\/hu-hu\/"},{"@type":"ListItem","position":2,"name":"End-to-End Solutions","item":"https:\/\/lgigroup.com\/hu-hu\/end-to-end-solutions\/"},{"@type":"ListItem","position":3,"name":"Our Brands","item":"https:\/\/lgigroup.com\/hu-hu\/end-to-end-solutions\/our-brands\/"},{"@type":"ListItem","position":4,"name":"Bergen Logistics"}]},{"@type":"WebSite","@id":"https:\/\/lgigroup.com\/hu-hu\/#website","url":"https:\/\/lgigroup.com\/hu-hu\/","name":"LGI Group","description":"","publisher":{"@id":"https:\/\/lgigroup.com\/hu-hu\/#organization"},"potentialAction":[{"@type":"SearchAction","target":{"@type":"EntryPoint","urlTemplate":"https:\/\/lgigroup.com\/hu-hu\/?s={search_term_string}"},"query-input":{"@type":"PropertyValueSpecification","valueRequired":true,"valueName":"search_term_string"}}],"inLanguage":"hu-hu"},{"@type":"Organization","@id":"https:\/\/lgigroup.com\/hu-hu\/#organization","name":"LGI GmbH","url":"https:\/\/lgigroup.com\/hu-hu\/","logo":{"@type":"ImageObject","inLanguage":"hu-hu","@id":"https:\/\/lgigroup.com\/hu-hu\/#\/schema\/logo\/image\/","url":"https:\/\/lgigroup.com\/wp-content\/uploads\/2023\/01\/lgi-logo.png","contentUrl":"https:\/\/lgigroup.com\/wp-content\/uploads\/2023\/01\/lgi-logo.png","width":420,"height":200,"caption":"LGI GmbH"},"image":{"@id":"https:\/\/lgigroup.com\/hu-hu\/#\/schema\/logo\/image\/"}}]}},"_links":{"self":[{"href":"https:\/\/lgigroup.com\/hu-hu\/wp-json\/wp\/v2\/pages\/1824","targetHints":{"allow":["GET"]}}],"collection":[{"href":"https:\/\/lgigroup.com\/hu-hu\/wp-json\/wp\/v2\/pages"}],"about":[{"href":"https:\/\/lgigroup.com\/hu-hu\/wp-json\/wp\/v2\/types\/page"}],"author":[{"embeddable":true,"href":"https:\/\/lgigroup.com\/hu-hu\/wp-json\/wp\/v2\/users\/1"}],"replies":[{"embeddable":true,"href":"https:\/\/lgigroup.com\/hu-hu\/wp-json\/wp\/v2\/comments?post=1824"}],"version-history":[{"count":8,"href":"https:\/\/lgigroup.com\/hu-hu\/wp-json\/wp\/v2\/pages\/1824\/revisions"}],"predecessor-version":[{"id":23522,"href":"https:\/\/lgigroup.com\/hu-hu\/wp-json\/wp\/v2\/pages\/1824\/revisions\/23522"}],"up":[{"embeddable":true,"href":"https:\/\/lgigroup.com\/hu-hu\/wp-json\/wp\/v2\/pages\/6776"}],"wp:attachment":[{"href":"https:\/\/lgigroup.com\/hu-hu\/wp-json\/wp\/v2\/media?parent=1824"}],"curies":[{"name":"wp","href":"https:\/\/api.w.org\/{rel}","templated":true}]}}