{"id":1881,"date":"2023-01-12T11:24:14","date_gmt":"2023-01-12T10:24:14","guid":{"rendered":"https:\/\/lgigroup.com\/?page_id=1881"},"modified":"2024-10-25T07:50:58","modified_gmt":"2024-10-25T05:50:58","slug":"itg-fashion","status":"publish","type":"page","link":"https:\/\/lgigroup.com\/hu-hu\/end-to-end-solutions\/our-brands\/itg-fashion\/","title":{"rendered":"ITG Fashion"},"content":{"rendered":"\r\n\t\t<section class=\"titelbild-section titelbild-block-id-69d0d448a4b82 titelbild-block-layout-\">\r\n            <div class=\"col-12 col-lg-12\">\r\n                <div class=\"full-bild\"> <img loading=\"lazy\" decoding=\"async\" width=\"1920\" height=\"700\" src=\"\/wp-content\/uploads\/2023\/01\/persons-with-itg-magazine.jpg\" class=\"img-fluid\" alt=\"People with ITG Magazine | LGI brand\" srcset=\"\/wp-content\/uploads\/2023\/01\/persons-with-itg-magazine.jpg 1920w, \/wp-content\/uploads\/2023\/01\/persons-with-itg-magazine-300x109.jpg 300w, \/wp-content\/uploads\/2023\/01\/persons-with-itg-magazine-1024x373.jpg 1024w, \/wp-content\/uploads\/2023\/01\/persons-with-itg-magazine-768x280.jpg 768w, \/wp-content\/uploads\/2023\/01\/persons-with-itg-magazine-1536x560.jpg 1536w\" sizes=\"auto, (max-width: 1920px) 100vw, 1920px\" \/><\/div>\r\n                <div class=\"bild-title container\">\r\n                    <div class=\"row\">\r\n                                <div class=\"col\">\r\n                                    <p class=\"headline wt-h1\"><\/p>\r\n                                <\/div>                                        \r\n                            <\/div> \r\n                <\/div>\r\n            <\/div>\r\n        <\/section>\r\n\t\n\n            \r\n        <div class=\"spacing-block large spacing-block-id-69d0d448a51fe\" >                                     \r\n                  <div class=\"large-space\">   \r\n                  <\/div>                      \r\n        <\/div>\n\n\r\n                <div class=\"headline-block \">\r\n                    \r\n                        <div class=\"container\">                            \r\n                            \r\n                            \r\n                            <div class=\"row\">\r\n                                <div class=\"col\">\r\n                                    <h1 class=\"wt-h1 wt-font-color-dark-grey\">ITG Fashion<\/h1>\r\n                                <\/div>                                        \r\n                            <\/div>                                                                                                    \r\n                        <\/div>                                \r\n                <\/div>\r\n            \n\n            \r\n        <div class=\"spacing-block extrasmall spacing-block-id-69d0d448a5448\" >                                     \r\n                  <div class=\"extra-small-space\">   \r\n                  <\/div>                      \r\n        <\/div>\n\n   \r\n    \r\n    <div class=\"grey-line-block grey-line-block-id-69d0d448a555e\">\r\n        \r\n        <div class=\"container\">\r\n            <div class=\"row\">\r\n                <div class=\"col test\">\r\n                    <div class=\"grey-line-block-line\"><\/div>\r\n                <\/div>                \r\n            <\/div>\r\n        <\/div>\r\n        \r\n    <\/div>\n\n            \r\n        <div class=\"spacing-block small spacing-block-id-69d0d448a567a\" >                                     \r\n                  <div class=\"small-space\">   \r\n                  <\/div>                      \r\n        <\/div>\n\n\n<div class=\"wp-block-group container\"><div class=\"wp-block-group__inner-container is-layout-constrained wp-block-group-is-layout-constrained\">\n<p>ITG, headquartered in Schwaig near Munich Airport, is a medium-sized and globally active and globally active logistics service provider and supplier of <a href=\"\/hu-hu\/end-to-end-solutions\/our-business-models\/e-commerce\/\">e-commerce solutions<\/a>. The range of services comprises all services that customers require along their entire supply chain from procurement to the end customer. Special competencies in the <a href=\"\/hu-hu\/uezletagak\/textil\/\">fashion<\/a>, sports, cosmetics, <a href=\"\/hu-hu\/uezletagak\/eletstilus\/\">lifestyle<\/a> &amp; luxury goods and merchandising sectors.<\/p>\n\n\n\n<p>Since its founding in 1981, ITG has steadily evolved from a pure forwarding and logistics and logistics provider. Today, as a strategic partner, it supports its customers along the entire supply chain and its services help to reliably keep the brand and customer promises reliably.<\/p>\n<\/div><\/div>\n\n\n            \r\n        <div class=\"spacing-block small spacing-block-id-69d0d448a72c6\" >                                     \r\n                  <div class=\"small-space\">   \r\n                  <\/div>                      \r\n        <\/div>\n\n\n<div class=\"wp-block-group container\"><div class=\"wp-block-group__inner-container is-layout-constrained wp-block-group-is-layout-constrained\">\n<div class=\"wp-block-columns is-layout-flex wp-container-core-columns-is-layout-9d6595d7 wp-block-columns-is-layout-flex\">\n<div class=\"wp-block-column is-layout-flow wp-block-column-is-layout-flow\">\r\n                <div class=\"headline-block \">\r\n                    \r\n                        <h2 class=\"wt-subheadline wt-sl\">Services<\/h2>\r\n                            \r\n                        \r\n                                                            \r\n                <\/div>\r\n            \n\n            \r\n        <div class=\"spacing-block doublesmall spacing-block-id-69d0d448a7547\" >                                     \r\n                  <div class=\"double-small-space\">   \r\n                  <\/div>                      \r\n        <\/div>\n\n\n<p>Ideally, logistical fulfillment combines all distribution channels and provides corresponding services through to complete <a href=\"\/hu-hu\/end-to-end-solutions\/our-business-models\/multichannel\/\">multichannel solutions<\/a>. These include In addition to pick, pack and ship, these also include extensive <a href=\"\/hu-hu\/end-to-end-solutions\/our-business-models\/vas\/\">value added services<\/a> such as quality control, processing and personalization, as well as everything to do with returns processing. In addition to these classic logistics services, the ITG is increasingly focusing on fulfillment services in online retailing. Here, technological solutions in the front-end and back-end areas. In this context, ITG develops and operates not only webshops but also complementary services such as order management, marketplace management, financial services, customer care and content management. or content management. But also the operation and optimization of complete CEP-networks for direct delivery to end customers are also part of its portfolio.<\/p>\n<\/div>\n\n\n\n<div class=\"wp-block-column is-layout-flow wp-block-column-is-layout-flow\">\r\n                <div class=\"headline-block \">\r\n                    \r\n                        <h2 class=\"wt-subheadline wt-sl\">Benefits<\/h2>\r\n                            \r\n                        \r\n                                                            \r\n                <\/div>\r\n            \n\n            \r\n        <div class=\"spacing-block doublesmall spacing-block-id-69d0d448a781f\" >                                     \r\n                  <div class=\"double-small-space\">   \r\n                  <\/div>                      \r\n        <\/div>\n\n\n<p>ITG enjoys a high reputation in its core markets. Performance features are individual service, great flexibility and absolute reliability. The focus is on always developing tailor-made solutions and thus added value for the customer. In addition to standard services, comprehensive value added services are provided, some of which are performed directly on the product.<\/p>\n\n\n\n<p>ITG can rely on highly motivated and excellently trained employees. Many of our colleagues have been with the company for an above-average period of time and contribute to our comprehensive expertise.<\/p>\n<\/div>\n<\/div>\n<\/div><\/div>\n\n\n            \r\n        <div class=\"spacing-block small spacing-block-id-69d0d448a82df\" >                                     \r\n                  <div class=\"small-space\">   \r\n                  <\/div>                      \r\n        <\/div>\n\n   \r\n    \r\n    <section id=\"Contact-person\" class=\"contact-person-block contact-person-block-id-69d0d448a8406 encoded-email\" data-idcp=\"6138\" data-mail=\"dmVyYS5hdXJpY2hAaXRnLmRl\">\r\n    \r\n        \r\n        <div class=\"contact-person-bg-img-wrapper\">\r\n            <img loading=\"lazy\" decoding=\"async\" width=\"1920\" height=\"500\" src=\"\/wp-content\/uploads\/2023\/01\/lgi-building-holland.jpg\" class=\"img-fluid bg-image\" alt=\"LGI building in holland\" srcset=\"\/wp-content\/uploads\/2023\/01\/lgi-building-holland.jpg 1920w, \/wp-content\/uploads\/2023\/01\/lgi-building-holland-300x78.jpg 300w, \/wp-content\/uploads\/2023\/01\/lgi-building-holland-1024x267.jpg 1024w, \/wp-content\/uploads\/2023\/01\/lgi-building-holland-768x200.jpg 768w, \/wp-content\/uploads\/2023\/01\/lgi-building-holland-1536x400.jpg 1536w\" sizes=\"auto, (max-width: 1920px) 100vw, 1920px\" \/>\r\n        <\/div>\r\n        \r\n        <div class=\"container contact-person-content-wrapper\">\r\n            <div class=\"row\">\r\n                <div class=\"col-12 col-lg-6 contact-person-text-wrapper contact-text-align\">\r\n                    <span class=\"wt-bh\">Your contact at LGI<\/span>\r\n                    <span class=\"wt-hl wt-big-string\">What <span class='wt-font-color-white'>service<\/span> can we offer you?<\/span>\r\n                <\/div>\r\n                <div class=\"col-12 col-lg-6 order-first order-lg-last contact-person-img-wrapper\">\r\n                    <div>\r\n                        <div class=\"contact-person-wrapper contact-person\">\r\n                            <div class=\"d-flex align-items-stretch\">\r\n                                <div class=\"image-section\">\r\n                                    <img loading=\"lazy\" decoding=\"async\" width=\"540\" height=\"500\" src=\"\/wp-content\/uploads\/2023\/01\/lgi-contact-aurich-vera.png\" class=\"img-fluid\" alt=\"LGI contact person: Vera Aurich\" srcset=\"\/wp-content\/uploads\/2023\/01\/lgi-contact-aurich-vera.png 540w, \/wp-content\/uploads\/2023\/01\/lgi-contact-aurich-vera-300x278.png 300w\" sizes=\"auto, (max-width: 540px) 100vw, 540px\" \/>\r\n                                <\/div>\r\n                                <div class=\"pe-3 pe-sm-0 ps-3 ps-xl-3 d-flex flex-column justify-content-end content-section\">\r\n                                    <p class=\"wt-sl\">Az \u00d6n kapcsolattart\u00f3ja<\/p>\r\n                                \r\n                                    <p class=\"text-sec wt-text-sec\">\r\n                                        <span>Head of Vertical Sales<\/span><br>\r\n                                         Vera Aurich<br>\r\n                                        <a class=\"wt-k-click-tel\" href=\"tel:+4981225671171\">+49 8122 5671171<\/a><br>\r\n                                        <a class=\"wt-k-click-mail\" href=\"&#109;&#97;&#105;&#108;&#116;&#111;&#58;%76%65%72%61.%61%75%72%69%63%68@%69%74%67.%64%65\">&#x76;&#x65;&#x72;&#x61;&#x2e;&#x61;&#x75;&#x72;&#x69;&#x63;&#x68;&#x40;&#x69;&#x74;&#x67;&#x2e;&#x64;&#x65;<\/a>\r\n                                    <\/p>\r\n                                    <div class=\"button-wrapper\">\r\n                                        <div class=\"wt-bt d-none d-sm-block\" data-bs-toggle=\"modal\" data-bs-target=\"#contactModal\">Kapcsolatfelv\u00e9tel<\/div>\r\n                                        <div class=\"d-none d-sm-block \"> <\/div>\r\n                                    <\/div>    \r\n                                <\/div>\r\n                            <\/div>                            \r\n                            <div class=\"button-wrapper\">\r\n                                <div class=\"mt-md-3 pt-3 pb-3 ps-3 pe-3 pt-md-3 d-sm-none\">\r\n                                    <div class=\"wt-bt\" data-bs-toggle=\"modal\" data-bs-target=\"#contactModal\">Kapcsolatfelv\u00e9tel<\/div>\r\n                                    \r\n                                <\/div>\r\n                            <\/div> \r\n                        <\/div>                        \r\n                    <\/div>                    \r\n                <\/div>\r\n            <\/div>\r\n        <\/div>\r\n        \r\n    <\/section>","protected":false},"excerpt":{"rendered":"<p>ITG, headquartered in Schwaig near Munich Airport, is a medium-sized and globally active and globally active logistics service provider and supplier of e-commerce solutions. The range of services comprises all services that customers require along their entire supply chain from procurement to the end customer. Special competencies in the fashion, sports, cosmetics, lifestyle &amp; luxury [&hellip;]<\/p>\n","protected":false},"author":1,"featured_media":0,"parent":6776,"menu_order":0,"comment_status":"closed","ping_status":"closed","template":"","meta":{"footnotes":""},"class_list":["post-1881","page","type-page","status-publish","hentry"],"yoast_head":"<!-- This site is optimized with the Yoast SEO plugin v27.3 - https:\/\/yoast.com\/product\/yoast-seo-wordpress\/ -->\n<title>ITG Fashion: Logisztika a divat- \u00e9s luxuscikkek sz\u00e1m\u00e1ra<\/title>\n<meta name=\"description\" content=\"ITG Fashion logisztikai teljes\u00edt\u00e9s sz\u00e1mos t\u00f6bbcsatorn\u00e1s megold\u00e1ssal \u00e9s hozz\u00e1adott \u00e9rt\u00e9k\u0171 szolg\u00e1ltat\u00e1ssal |LGI\" \/>\n<meta name=\"robots\" content=\"index, follow, max-snippet:-1, max-image-preview:large, max-video-preview:-1\" \/>\n<link rel=\"canonical\" href=\"https:\/\/lgigroup.com\/hu-hu\/wp-json\/wp\/v2\/pages\/1881\" \/>\n<meta property=\"og:locale\" content=\"hu_HU\" \/>\n<meta property=\"og:type\" content=\"article\" \/>\n<meta property=\"og:title\" content=\"ITG Fashion: Logisztika a divat- \u00e9s luxuscikkek sz\u00e1m\u00e1ra\" \/>\n<meta property=\"og:description\" content=\"ITG Fashion logisztikai teljes\u00edt\u00e9s sz\u00e1mos t\u00f6bbcsatorn\u00e1s megold\u00e1ssal \u00e9s hozz\u00e1adott \u00e9rt\u00e9k\u0171 szolg\u00e1ltat\u00e1ssal |LGI\" \/>\n<meta property=\"og:url\" content=\"https:\/\/lgigroup.com\/hu-en\/end-to-end-solutions\/our-brands\/itg-fashion\/\" \/>\n<meta property=\"og:site_name\" content=\"LGI Group\" \/>\n<meta property=\"article:modified_time\" content=\"2024-10-25T05:50:58+00:00\" \/>\n<meta name=\"twitter:card\" content=\"summary_large_image\" \/>\n<meta name=\"twitter:label1\" content=\"Est. reading time\" \/>\n\t<meta name=\"twitter:data1\" content=\"2 minutes\" \/>\n<script type=\"application\/ld+json\" class=\"yoast-schema-graph\">{\"@context\":\"https:\\\/\\\/schema.org\",\"@graph\":[{\"@type\":\"WebPage\",\"@id\":\"https:\\\/\\\/lgigroup.com\\\/hu-hu\\\/end-to-end-solutions\\\/our-brands\\\/itg-fashion\\\/\",\"url\":\"https:\\\/\\\/lgigroup.com\\\/hu-en\\\/end-to-end-solutions\\\/our-brands\\\/itg-fashion\\\/\",\"name\":\"ITG Fashion: Logisztika a divat- \u00e9s luxuscikkek sz\u00e1m\u00e1ra\",\"isPartOf\":{\"@id\":\"https:\\\/\\\/lgigroup.com\\\/hu-hu\\\/#website\"},\"datePublished\":\"2023-01-12T10:24:14+00:00\",\"dateModified\":\"2024-10-25T05:50:58+00:00\",\"description\":\"ITG Fashion logisztikai teljes\u00edt\u00e9s sz\u00e1mos t\u00f6bbcsatorn\u00e1s megold\u00e1ssal \u00e9s hozz\u00e1adott \u00e9rt\u00e9k\u0171 szolg\u00e1ltat\u00e1ssal |LGI\",\"breadcrumb\":{\"@id\":\"https:\\\/\\\/lgigroup.com\\\/hu-en\\\/end-to-end-solutions\\\/our-brands\\\/itg-fashion\\\/#breadcrumb\"},\"inLanguage\":\"hu-hu\",\"potentialAction\":[{\"@type\":\"ReadAction\",\"target\":[\"https:\\\/\\\/lgigroup.com\\\/hu-en\\\/end-to-end-solutions\\\/our-brands\\\/itg-fashion\\\/\"]}]},{\"@type\":\"BreadcrumbList\",\"@id\":\"https:\\\/\\\/lgigroup.com\\\/hu-en\\\/end-to-end-solutions\\\/our-brands\\\/itg-fashion\\\/#breadcrumb\",\"itemListElement\":[{\"@type\":\"ListItem\",\"position\":1,\"name\":\"Startseite\",\"item\":\"https:\\\/\\\/lgigroup.com\\\/hu-hu\\\/\"},{\"@type\":\"ListItem\",\"position\":2,\"name\":\"End-to-End Solutions\",\"item\":\"https:\\\/\\\/lgigroup.com\\\/hu-hu\\\/end-to-end-solutions\\\/\"},{\"@type\":\"ListItem\",\"position\":3,\"name\":\"Our Brands\",\"item\":\"https:\\\/\\\/lgigroup.com\\\/hu-hu\\\/end-to-end-solutions\\\/our-brands\\\/\"},{\"@type\":\"ListItem\",\"position\":4,\"name\":\"ITG Fashion\"}]},{\"@type\":\"WebSite\",\"@id\":\"https:\\\/\\\/lgigroup.com\\\/hu-hu\\\/#website\",\"url\":\"https:\\\/\\\/lgigroup.com\\\/hu-hu\\\/\",\"name\":\"LGI Group\",\"description\":\"\",\"publisher\":{\"@id\":\"https:\\\/\\\/lgigroup.com\\\/hu-hu\\\/#organization\"},\"potentialAction\":[{\"@type\":\"SearchAction\",\"target\":{\"@type\":\"EntryPoint\",\"urlTemplate\":\"https:\\\/\\\/lgigroup.com\\\/hu-hu\\\/?s={search_term_string}\"},\"query-input\":{\"@type\":\"PropertyValueSpecification\",\"valueRequired\":true,\"valueName\":\"search_term_string\"}}],\"inLanguage\":\"hu-hu\"},{\"@type\":\"Organization\",\"@id\":\"https:\\\/\\\/lgigroup.com\\\/hu-hu\\\/#organization\",\"name\":\"LGI GmbH\",\"url\":\"https:\\\/\\\/lgigroup.com\\\/hu-hu\\\/\",\"logo\":{\"@type\":\"ImageObject\",\"inLanguage\":\"hu-hu\",\"@id\":\"https:\\\/\\\/lgigroup.com\\\/hu-hu\\\/#\\\/schema\\\/logo\\\/image\\\/\",\"url\":\"https:\\\/\\\/lgigroup.com\\\/wp-content\\\/uploads\\\/2023\\\/01\\\/lgi-logo.png\",\"contentUrl\":\"https:\\\/\\\/lgigroup.com\\\/wp-content\\\/uploads\\\/2023\\\/01\\\/lgi-logo.png\",\"width\":420,\"height\":200,\"caption\":\"LGI GmbH\"},\"image\":{\"@id\":\"https:\\\/\\\/lgigroup.com\\\/hu-hu\\\/#\\\/schema\\\/logo\\\/image\\\/\"}}]}<\/script>\n<!-- \/ Yoast SEO plugin. -->","yoast_head_json":{"title":"ITG Fashion: Logisztika a divat- \u00e9s luxuscikkek sz\u00e1m\u00e1ra","description":"ITG Fashion logisztikai teljes\u00edt\u00e9s sz\u00e1mos t\u00f6bbcsatorn\u00e1s megold\u00e1ssal \u00e9s hozz\u00e1adott \u00e9rt\u00e9k\u0171 szolg\u00e1ltat\u00e1ssal |LGI","robots":{"index":"index","follow":"follow","max-snippet":"max-snippet:-1","max-image-preview":"max-image-preview:large","max-video-preview":"max-video-preview:-1"},"canonical":"https:\/\/lgigroup.com\/hu-hu\/wp-json\/wp\/v2\/pages\/1881","og_locale":"hu_HU","og_type":"article","og_title":"ITG Fashion: Logisztika a divat- \u00e9s luxuscikkek sz\u00e1m\u00e1ra","og_description":"ITG Fashion logisztikai teljes\u00edt\u00e9s sz\u00e1mos t\u00f6bbcsatorn\u00e1s megold\u00e1ssal \u00e9s hozz\u00e1adott \u00e9rt\u00e9k\u0171 szolg\u00e1ltat\u00e1ssal |LGI","og_url":"https:\/\/lgigroup.com\/hu-en\/end-to-end-solutions\/our-brands\/itg-fashion\/","og_site_name":"LGI Group","article_modified_time":"2024-10-25T05:50:58+00:00","twitter_card":"summary_large_image","twitter_misc":{"Est. reading time":"2 minutes"},"schema":{"@context":"https:\/\/schema.org","@graph":[{"@type":"WebPage","@id":"https:\/\/lgigroup.com\/hu-hu\/end-to-end-solutions\/our-brands\/itg-fashion\/","url":"https:\/\/lgigroup.com\/hu-en\/end-to-end-solutions\/our-brands\/itg-fashion\/","name":"ITG Fashion: Logisztika a divat- \u00e9s luxuscikkek sz\u00e1m\u00e1ra","isPartOf":{"@id":"https:\/\/lgigroup.com\/hu-hu\/#website"},"datePublished":"2023-01-12T10:24:14+00:00","dateModified":"2024-10-25T05:50:58+00:00","description":"ITG Fashion logisztikai teljes\u00edt\u00e9s sz\u00e1mos t\u00f6bbcsatorn\u00e1s megold\u00e1ssal \u00e9s hozz\u00e1adott \u00e9rt\u00e9k\u0171 szolg\u00e1ltat\u00e1ssal |LGI","breadcrumb":{"@id":"https:\/\/lgigroup.com\/hu-en\/end-to-end-solutions\/our-brands\/itg-fashion\/#breadcrumb"},"inLanguage":"hu-hu","potentialAction":[{"@type":"ReadAction","target":["https:\/\/lgigroup.com\/hu-en\/end-to-end-solutions\/our-brands\/itg-fashion\/"]}]},{"@type":"BreadcrumbList","@id":"https:\/\/lgigroup.com\/hu-en\/end-to-end-solutions\/our-brands\/itg-fashion\/#breadcrumb","itemListElement":[{"@type":"ListItem","position":1,"name":"Startseite","item":"https:\/\/lgigroup.com\/hu-hu\/"},{"@type":"ListItem","position":2,"name":"End-to-End Solutions","item":"https:\/\/lgigroup.com\/hu-hu\/end-to-end-solutions\/"},{"@type":"ListItem","position":3,"name":"Our Brands","item":"https:\/\/lgigroup.com\/hu-hu\/end-to-end-solutions\/our-brands\/"},{"@type":"ListItem","position":4,"name":"ITG Fashion"}]},{"@type":"WebSite","@id":"https:\/\/lgigroup.com\/hu-hu\/#website","url":"https:\/\/lgigroup.com\/hu-hu\/","name":"LGI Group","description":"","publisher":{"@id":"https:\/\/lgigroup.com\/hu-hu\/#organization"},"potentialAction":[{"@type":"SearchAction","target":{"@type":"EntryPoint","urlTemplate":"https:\/\/lgigroup.com\/hu-hu\/?s={search_term_string}"},"query-input":{"@type":"PropertyValueSpecification","valueRequired":true,"valueName":"search_term_string"}}],"inLanguage":"hu-hu"},{"@type":"Organization","@id":"https:\/\/lgigroup.com\/hu-hu\/#organization","name":"LGI GmbH","url":"https:\/\/lgigroup.com\/hu-hu\/","logo":{"@type":"ImageObject","inLanguage":"hu-hu","@id":"https:\/\/lgigroup.com\/hu-hu\/#\/schema\/logo\/image\/","url":"https:\/\/lgigroup.com\/wp-content\/uploads\/2023\/01\/lgi-logo.png","contentUrl":"https:\/\/lgigroup.com\/wp-content\/uploads\/2023\/01\/lgi-logo.png","width":420,"height":200,"caption":"LGI GmbH"},"image":{"@id":"https:\/\/lgigroup.com\/hu-hu\/#\/schema\/logo\/image\/"}}]}},"_links":{"self":[{"href":"https:\/\/lgigroup.com\/hu-hu\/wp-json\/wp\/v2\/pages\/1881","targetHints":{"allow":["GET"]}}],"collection":[{"href":"https:\/\/lgigroup.com\/hu-hu\/wp-json\/wp\/v2\/pages"}],"about":[{"href":"https:\/\/lgigroup.com\/hu-hu\/wp-json\/wp\/v2\/types\/page"}],"author":[{"embeddable":true,"href":"https:\/\/lgigroup.com\/hu-hu\/wp-json\/wp\/v2\/users\/1"}],"replies":[{"embeddable":true,"href":"https:\/\/lgigroup.com\/hu-hu\/wp-json\/wp\/v2\/comments?post=1881"}],"version-history":[{"count":7,"href":"https:\/\/lgigroup.com\/hu-hu\/wp-json\/wp\/v2\/pages\/1881\/revisions"}],"predecessor-version":[{"id":25177,"href":"https:\/\/lgigroup.com\/hu-hu\/wp-json\/wp\/v2\/pages\/1881\/revisions\/25177"}],"up":[{"embeddable":true,"href":"https:\/\/lgigroup.com\/hu-hu\/wp-json\/wp\/v2\/pages\/6776"}],"wp:attachment":[{"href":"https:\/\/lgigroup.com\/hu-hu\/wp-json\/wp\/v2\/media?parent=1881"}],"curies":[{"name":"wp","href":"https:\/\/api.w.org\/{rel}","templated":true}]}}