{"id":2258,"date":"2022-12-22T14:43:54","date_gmt":"2022-12-22T13:43:54","guid":{"rendered":"https:\/\/lgigroup.com\/?page_id=2258"},"modified":"2024-11-13T10:22:03","modified_gmt":"2024-11-13T09:22:03","slug":"green-care","status":"publish","type":"page","link":"https:\/\/lgigroup.com\/hu-hu\/our-care\/green-care\/","title":{"rendered":"Green Care"},"content":{"rendered":"\r\n\t\t<section class=\"titelbild-section titelbild-block-id-69e7b25c2ad4c titelbild-block-layout-\">\r\n            <div class=\"col-12 col-lg-12\">\r\n                <div class=\"full-bild\"> <img loading=\"lazy\" decoding=\"async\" width=\"1920\" height=\"700\" src=\"\/wp-content\/uploads\/2023\/01\/butterfly-on-plant-lgi-green-care.jpg\" class=\"img-fluid\" alt=\"Butterfly sits on a plant | LGI Green care\" srcset=\"\/wp-content\/uploads\/2023\/01\/butterfly-on-plant-lgi-green-care.jpg 1920w, \/wp-content\/uploads\/2023\/01\/butterfly-on-plant-lgi-green-care-300x109.jpg 300w, \/wp-content\/uploads\/2023\/01\/butterfly-on-plant-lgi-green-care-1024x373.jpg 1024w, \/wp-content\/uploads\/2023\/01\/butterfly-on-plant-lgi-green-care-768x280.jpg 768w, \/wp-content\/uploads\/2023\/01\/butterfly-on-plant-lgi-green-care-1536x560.jpg 1536w\" sizes=\"auto, (max-width: 1920px) 100vw, 1920px\" \/><\/div>\r\n                <div class=\"bild-title container\">\r\n                    <div class=\"row\">\r\n                                <div class=\"col\">\r\n                                    <p class=\"headline wt-h1\">Sustainability at LGI<\/p>\r\n                                <\/div>                                        \r\n                            <\/div> \r\n                <\/div>\r\n            <\/div>\r\n        <\/section>\r\n\t\n\n            \r\n        <div class=\"spacing-block large spacing-block-id-69e7b25c2b2a3\" >                                     \r\n                  <div class=\"large-space\">   \r\n                  <\/div>                      \r\n        <\/div>\n\n\r\n                <div class=\"headline-block \">\r\n                    \r\n                        <div class=\"container\">                            \r\n                            <div class=\"row\">\r\n                        <div class=\"col\">\r\n                            <h1 class=\"wt-subheadline wt-sl sub-headline-align\">Green-Care<\/h1>\r\n                        <\/div>\r\n                    <\/div>\r\n                            \r\n                            <div class=\"row\">\r\n                                <div class=\"col\">\r\n                                    <h2 class=\"wt-h1 wt-font-color-dark-grey\">Sustainable logistics<\/h2>\r\n                                <\/div>                                        \r\n                            <\/div>                                                                                                    \r\n                        <\/div>                                \r\n                <\/div>\r\n            \n\n            \r\n        <div class=\"spacing-block extrasmall spacing-block-id-69e7b25c2b433\" >                                     \r\n                  <div class=\"extra-small-space\">   \r\n                  <\/div>                      \r\n        <\/div>\n\n   \r\n    \r\n    <div class=\"grey-line-block grey-line-block-id-69e7b25c2b4f3\">\r\n        \r\n        <div class=\"container\">\r\n            <div class=\"row\">\r\n                <div class=\"col test\">\r\n                    <div class=\"grey-line-block-line\"><\/div>\r\n                <\/div>                \r\n            <\/div>\r\n        <\/div>\r\n        \r\n    <\/div>\n\n            \r\n        <div class=\"spacing-block small spacing-block-id-69e7b25c2b5b2\" >                                     \r\n                  <div class=\"small-space\">   \r\n                  <\/div>                      \r\n        <\/div>\n\n\r\n                <div class=\"headline-block \">\r\n                    \r\n                        <div class=\"container\">                            \r\n                            <div class=\"row\">\r\n                        <div class=\"col\">\r\n                            <h3 class=\"wt-subheadline wt-sl\">Our responsibility towards the environment and resources<\/h3>\r\n                        <\/div>\r\n                    <\/div>\r\n                            \r\n                                                                                                                                \r\n                        <\/div>                                \r\n                <\/div>\r\n            \n\n            \r\n        <div class=\"spacing-block doublesmall spacing-block-id-69e7b25c2b730\" >                                     \r\n                  <div class=\"double-small-space\">   \r\n                  <\/div>                      \r\n        <\/div>\n\n\n<div class=\"wp-block-group container\"><div class=\"wp-block-group__inner-container is-layout-constrained wp-block-group-is-layout-constrained\">\n<div class=\"wp-block-columns is-layout-flex wp-container-core-columns-is-layout-9d6595d7 wp-block-columns-is-layout-flex\">\n<div class=\"wp-block-column is-layout-flow wp-block-column-is-layout-flow\">\n<p>In our industry, which thrives on fast and reliable transport, there is a particularly great responsibility towards resources and the environment. The good thing is that there is also particularly great potential for change and optimization here. We make use of this potential.<\/p>\n\n\n\n<p>We are aware of our great ecological responsibility and act accordingly:&nbsp;<\/p>\n\n\n\n<p>We make conscious and careful use of the resources available to us, such as fossil fuels. And we find environmentally friendly alternatives to them &#8211; such as renewable energies. For instance, we already use 100% green electricity at all German logistics sites of the LGI Group, are gradually converting our company car fleet to electric vehicles, and are testing alternative fuels.<\/p>\n<\/div>\n\n\n\n<div class=\"wp-block-column is-layout-flow wp-block-column-is-layout-flow\">\n<p>Wherever it is possible and makes sense, we use photovoltaic systems to generate energy efficiently. As a matter of principle, we build or lease new logistics properties taking into account aspects of sustainable, ecological and energy-conscious construction and equip them with modern, preferably energy-efficient technology.\u00a0<br>Thanks to our continuous improvement process, we are now also able to offer sustainable transport solutions and resource-efficient storage. Our objective is to continuously reduce LGI&#8217;s greenhouse gas emissions to ultimately achieve net-zero emissions along the value chain.<\/p>\n<\/div>\n<\/div>\n<\/div><\/div>\n\n\n            \r\n        <div class=\"spacing-block small spacing-block-id-69e7b25c2cb24\" >                                     \r\n                  <div class=\"small-space\">   \r\n                  <\/div>                      \r\n        <\/div>\n\n\r\n        <section class=\"accordion-section\">\r\n            <div class=\"container\">\r\n            <ul class=\"accordion\">\r\n            <li class=\"accordion-content-wrap\">\r\n            <h2 class=\"accordion-upper toggle wt-h2\"><span class=\"acc-sign\"><\/span>Sustainability measures for services and products<\/h2>\r\n            <div class=\"accordion-content inner\">\r\n                <div class=\"row accordion-inner-content onecolumn\">\r\n                   \r\n                    <div class=\"text-area col-12 col-lg-12\">\r\n                        <span class=\"accordion-text\"><ul>\r\n<li>Continuous expansion of our existing <a href=\"\/hu-hu\/end-to-end-solutions\/our-business-models\/technical-logistics-scs-lcm\/\">lifecycle management services<\/a><\/li>\r\n<li>&#8220;<a href=\"\/hu-hu\/end-to-end-solutions\/our-brands\/reuseit\/\">ReuseIT<\/a>&#8221; as all-inclusive services for used IT equipment incl. take-back\/buy-back, technical refurbishment and <a href=\"\/hu-hu\/glossary\/it-equipment-purchase-remarketing\/\">resale<\/a> for B2B and B2C<\/li>\r\n<li><a href=\"https:\/\/www.reuseit.de\/\" target=\"_blank\" rel=\"noopener\">ReuseIT<\/a> online shop for the sale of refurbished IT equipment<\/li>\r\n<li>\u201cValue Recovery\u201d as a sustainable recycling service for used IT devices leads to circular material flows and avoids greenhouse gases<\/li>\r\n<li>Option to fully offset CO2-emissions from <a style=\"box-sizing: border-box; color: #5f5f5f; text-decoration-line: none; background-color: transparent; outline: 0px; position: relative; display: inline-block; line-height: initial;\" href=\"\/end-to-end-solutions\/our-business-models\/air-and-sea-freight\/\">air and sea freight<\/a>\u00a0and road transportation in climate-effective, globally certified climate protection projects<\/li>\r\n<\/ul><\/span><br>\r\n                    <\/div>\r\n                <\/div>\r\n            <\/div>    \r\n            <\/li>\r\n              \r\n            <li class=\"accordion-content-wrap\">\r\n            <h2 class=\"accordion-upper toggle wt-h2\"><span class=\"acc-sign\"><\/span>Sustainability measures for resource and waste management<\/h2>\r\n            <div class=\"accordion-content inner\">\r\n                <div class=\"row accordion-inner-content onecolumn\">\r\n                   \r\n                    <div class=\"text-area col-12 col-lg-12\">\r\n                        <span class=\"accordion-text\"><ul>\r\n<li>Preferential use of used instead of new wooden pallets<\/li>\r\n<li>Return of unusable pallets to manufacturers for use as a climate-neutral energy source in the production of new pallets<\/li>\r\n<li>Continued improvement of waste recycling and disposal<\/li>\r\n<li>Continuous sensitization of employees to the conscious use of resources, observance of waste separation, etc.<\/li>\r\n<\/ul><\/span><br>\r\n                    <\/div>\r\n                <\/div>\r\n            <\/div>    \r\n            <\/li>\r\n              \r\n            <li class=\"accordion-content-wrap\">\r\n            <h2 class=\"accordion-upper toggle wt-h2\"><span class=\"acc-sign\"><\/span>Sustainability measures for energy<\/h2>\r\n            <div class=\"accordion-content inner\">\r\n                <div class=\"row accordion-inner-content onecolumn\">\r\n                   \r\n                    <div class=\"text-area col-12 col-lg-12\">\r\n                        <span class=\"accordion-text\"><ul>\r\n<li>Supply of all German logistics locations of the LGI Group with green electricity from renewable energy sources<\/li>\r\n<li>Offset greenhouse gas emissions from natural gas heating at German logistics sites of the LGI Group through certified climate protection projects<\/li>\r\n<li>Significant reduction in electricity consumption through installation of LED lighting in our warehouses since 2017.<\/li>\r\n<li>Use of so-called &#8220;Esavers&#8221; leads to more effective energy use, noticeable reduction in consumption and reduces electrical interference effects in the network (current smoothing)<\/li>\r\n<\/ul><\/span><br>\r\n                    <\/div>\r\n                <\/div>\r\n            <\/div>    \r\n            <\/li>\r\n              \r\n            <li class=\"accordion-content-wrap\">\r\n            <h2 class=\"accordion-upper toggle wt-h2\"><span class=\"acc-sign\"><\/span>Sustainability measures for vehicles<\/h2>\r\n            <div class=\"accordion-content inner\">\r\n                <div class=\"row accordion-inner-content onecolumn\">\r\n                   \r\n                    <div class=\"text-area col-12 col-lg-12\">\r\n                        <span class=\"accordion-text\"><ul>\r\n<li>99% of LGI trucks meet the highest Euro 6 standard for reducing greenhouse gas emissions\u00a0<\/li>\r\n<li>Investment in alternative forms of propulsion for heavy-duty vehicles<\/li>\r\n<li>Gradual conversion to an e-car fleet with green electricity charging at our locations\u00a0<\/li>\r\n<\/ul><\/span><br>\r\n                    <\/div>\r\n                <\/div>\r\n            <\/div>    \r\n            <\/li>\r\n              \r\n            <li class=\"accordion-content-wrap\">\r\n            <h2 class=\"accordion-upper toggle wt-h2\"><span class=\"acc-sign\"><\/span>Sustainability measures for real estate and infrastructure<\/h2>\r\n            <div class=\"accordion-content inner\">\r\n                <div class=\"row accordion-inner-content onecolumn\">\r\n                   \r\n                    <div class=\"text-area col-12 col-lg-12\">\r\n                        <span class=\"accordion-text\"><ul>\r\n<li>Installation and use of photovoltaic systems on suitable roof surfaces of our logistics properties.<\/li>\r\n<li>2021 Construction of the new LGI site in Dordrecht (Netherlands) in accordance with the latest standards for sustainable and energy-conscious construction and equipment with state-of-the-art technology such as wind turbines for self-sufficient energy generation and use.<\/li>\r\n<li>2022 Expansion of the Oberhausen site with a rented building that meets the KfW \u201cEfficiency House 40\u201d building standard, among others\u00a0<\/li>\r\n<\/ul><\/span><br>\r\n                    <\/div>\r\n                <\/div>\r\n            <\/div>    \r\n            <\/li>\r\n                  \r\n                <\/ul>\r\n            <\/div>\r\n        <\/section>\n\n            \r\n        <div class=\"spacing-block extramedium spacing-block-id-69e7b25c2cf4c\" >                                     \r\n                  <div class=\"extra-medium-space\">   \r\n                  <\/div>                      \r\n        <\/div>\n\n   \r\n    \r\n    <section id=\"Contact-person\" class=\"contact-person-block contact-person-block-id-69e7b25c2d013 encoded-email\" data-idcp=\"6128\" data-mail=\"aG9sZ2VyX2Z1bmtAbGdpLmRl\">\r\n    \r\n        \r\n        <div class=\"contact-person-bg-img-wrapper\">\r\n            <img loading=\"lazy\" decoding=\"async\" width=\"1920\" height=\"500\" src=\"\/wp-content\/uploads\/2023\/01\/tree-in-the-sun-lgi.jpg\" class=\"img-fluid bg-image\" alt=\"Tree in sunlight | LGI\" srcset=\"\/wp-content\/uploads\/2023\/01\/tree-in-the-sun-lgi.jpg 1920w, \/wp-content\/uploads\/2023\/01\/tree-in-the-sun-lgi-300x78.jpg 300w, \/wp-content\/uploads\/2023\/01\/tree-in-the-sun-lgi-1024x267.jpg 1024w, \/wp-content\/uploads\/2023\/01\/tree-in-the-sun-lgi-768x200.jpg 768w, \/wp-content\/uploads\/2023\/01\/tree-in-the-sun-lgi-1536x400.jpg 1536w\" sizes=\"auto, (max-width: 1920px) 100vw, 1920px\" \/>\r\n        <\/div>\r\n        \r\n        <div class=\"container contact-person-content-wrapper\">\r\n            <div class=\"row\">\r\n                <div class=\"col-12 col-lg-6 contact-person-text-wrapper contact-text-align\">\r\n                    <span class=\"wt-bh\">Your contact at LGI<\/span>\r\n                    <span class=\"wt-hl wt-big-string\">Please feel free to <span class='wt-font-color-white'>contact<\/span> us!<\/span>\r\n                <\/div>\r\n                <div class=\"col-12 col-lg-6 order-first order-lg-last contact-person-img-wrapper\">\r\n                    <div>\r\n                        <div class=\"contact-person-wrapper contact-person\">\r\n                            <div class=\"d-flex align-items-stretch\">\r\n                                <div class=\"image-section\">\r\n                                    <img loading=\"lazy\" decoding=\"async\" width=\"540\" height=\"500\" src=\"\/wp-content\/uploads\/2023\/01\/lgi-contact-person-funk-holger.png\" class=\"img-fluid\" alt=\"Holger Funk - LGI contact person\" srcset=\"\/wp-content\/uploads\/2023\/01\/lgi-contact-person-funk-holger.png 540w, \/wp-content\/uploads\/2023\/01\/lgi-contact-person-funk-holger-300x278.png 300w\" sizes=\"auto, (max-width: 540px) 100vw, 540px\" \/>\r\n                                <\/div>\r\n                                <div class=\"pe-3 pe-sm-0 ps-3 ps-xl-3 d-flex flex-column justify-content-end content-section\">\r\n                                    <p class=\"wt-sl\">Az \u00d6n kapcsolattart\u00f3ja<\/p>\r\n                                \r\n                                    <p class=\"text-sec wt-text-sec\">\r\n                                        <span>CFO<\/span><br>\r\n                                         Holger Funk<br>\r\n                                        <a class=\"wt-k-click-tel\" href=\"tel:\"><\/a><br>\r\n                                        <a class=\"wt-k-click-mail\" href=\"&#109;&#97;&#105;&#108;&#116;&#111;&#58;%68%6f%6c%67%65%72%5f%66%75%6e%6b@%6c%67%69.%64%65\">&#x68;&#x6f;&#x6c;&#x67;&#x65;&#x72;&#x5f;&#x66;&#x75;&#x6e;&#x6b;&#x40;&#x6c;&#x67;&#x69;&#x2e;&#x64;&#x65;<\/a>\r\n                                    <\/p>\r\n                                    <div class=\"button-wrapper\">\r\n                                        <div class=\"wt-bt d-none d-sm-block\" data-bs-toggle=\"modal\" data-bs-target=\"#contactModal\">Kapcsolatfelv\u00e9tel<\/div>\r\n                                        <div class=\"d-none d-sm-block \"> <\/div>\r\n                                    <\/div>    \r\n                                <\/div>\r\n                            <\/div>                            \r\n                            <div class=\"button-wrapper\">\r\n                                <div class=\"mt-md-3 pt-3 pb-3 ps-3 pe-3 pt-md-3 d-sm-none\">\r\n                                    <div class=\"wt-bt\" data-bs-toggle=\"modal\" data-bs-target=\"#contactModal\">Kapcsolatfelv\u00e9tel<\/div>\r\n                                    \r\n                                <\/div>\r\n                            <\/div> \r\n                        <\/div>                        \r\n                    <\/div>                    \r\n                <\/div>\r\n            <\/div>\r\n        <\/div>\r\n        \r\n    <\/section>","protected":false},"excerpt":{"rendered":"<p>In our industry, which thrives on fast and reliable transport, there is a particularly great responsibility towards resources and the environment. The good thing is that there is also particularly great potential for change and optimization here. We make use of this potential. We are aware of our great ecological responsibility and act accordingly:&nbsp; We [&hellip;]<\/p>\n","protected":false},"author":1,"featured_media":0,"parent":2231,"menu_order":0,"comment_status":"closed","ping_status":"closed","template":"","meta":{"footnotes":""},"class_list":["post-2258","page","type-page","status-publish","hentry"],"yoast_head":"<!-- This site is optimized with the Yoast SEO plugin v27.3 - https:\/\/yoast.com\/product\/yoast-seo-wordpress\/ -->\n<title>LGI Green Care: Felel\u0151ss\u00e9g a k\u00f6rnyezet\u00e9rt<\/title>\n<meta name=\"description\" content=\"Fenntarthat\u00f3s\u00e1g a logisztik\u00e1ban? A k\u00f6rnyezet ir\u00e1nti felel\u0151ss\u00e9g\u00fcnk els\u0151dleges, ez\u00e9rt folyamatosan keress\u00fck a fenntarthat\u00f3 alternat\u00edv\u00e1kat.\" \/>\n<meta name=\"robots\" content=\"index, follow, max-snippet:-1, max-image-preview:large, max-video-preview:-1\" \/>\n<link rel=\"canonical\" href=\"https:\/\/lgigroup.com\/hu-hu\/wp-json\/wp\/v2\/pages\/2258\" \/>\n<meta property=\"og:locale\" content=\"hu_HU\" \/>\n<meta property=\"og:type\" content=\"article\" \/>\n<meta property=\"og:title\" content=\"LGI Green Care: Felel\u0151ss\u00e9g a k\u00f6rnyezet\u00e9rt\" \/>\n<meta property=\"og:description\" content=\"Fenntarthat\u00f3s\u00e1g a logisztik\u00e1ban? A k\u00f6rnyezet ir\u00e1nti felel\u0151ss\u00e9g\u00fcnk els\u0151dleges, ez\u00e9rt folyamatosan keress\u00fck a fenntarthat\u00f3 alternat\u00edv\u00e1kat.\" \/>\n<meta property=\"og:url\" content=\"https:\/\/lgigroup.com\/hu-en\/our-care\/green-care\/\" \/>\n<meta property=\"og:site_name\" content=\"LGI Group\" \/>\n<meta property=\"article:modified_time\" content=\"2024-11-13T09:22:03+00:00\" \/>\n<meta name=\"twitter:card\" content=\"summary_large_image\" \/>\n<meta name=\"twitter:label1\" content=\"Est. reading time\" \/>\n\t<meta name=\"twitter:data1\" content=\"2 minutes\" \/>\n<script type=\"application\/ld+json\" class=\"yoast-schema-graph\">{\"@context\":\"https:\\\/\\\/schema.org\",\"@graph\":[{\"@type\":\"WebPage\",\"@id\":\"https:\\\/\\\/lgigroup.com\\\/hu-hu\\\/our-care\\\/green-care\\\/\",\"url\":\"https:\\\/\\\/lgigroup.com\\\/hu-en\\\/our-care\\\/green-care\\\/\",\"name\":\"LGI Green Care: Felel\u0151ss\u00e9g a k\u00f6rnyezet\u00e9rt\",\"isPartOf\":{\"@id\":\"https:\\\/\\\/lgigroup.com\\\/hu-hu\\\/#website\"},\"datePublished\":\"2022-12-22T13:43:54+00:00\",\"dateModified\":\"2024-11-13T09:22:03+00:00\",\"description\":\"Fenntarthat\u00f3s\u00e1g a logisztik\u00e1ban? A k\u00f6rnyezet ir\u00e1nti felel\u0151ss\u00e9g\u00fcnk els\u0151dleges, ez\u00e9rt folyamatosan keress\u00fck a fenntarthat\u00f3 alternat\u00edv\u00e1kat.\",\"breadcrumb\":{\"@id\":\"https:\\\/\\\/lgigroup.com\\\/hu-en\\\/our-care\\\/green-care\\\/#breadcrumb\"},\"inLanguage\":\"hu-hu\",\"potentialAction\":[{\"@type\":\"ReadAction\",\"target\":[\"https:\\\/\\\/lgigroup.com\\\/hu-en\\\/our-care\\\/green-care\\\/\"]}]},{\"@type\":\"BreadcrumbList\",\"@id\":\"https:\\\/\\\/lgigroup.com\\\/hu-en\\\/our-care\\\/green-care\\\/#breadcrumb\",\"itemListElement\":[{\"@type\":\"ListItem\",\"position\":1,\"name\":\"Startseite\",\"item\":\"https:\\\/\\\/lgigroup.com\\\/hu-hu\\\/\"},{\"@type\":\"ListItem\",\"position\":2,\"name\":\"Our Care\",\"item\":\"https:\\\/\\\/lgigroup.com\\\/hu-hu\\\/our-care\\\/\"},{\"@type\":\"ListItem\",\"position\":3,\"name\":\"Green Care\"}]},{\"@type\":\"WebSite\",\"@id\":\"https:\\\/\\\/lgigroup.com\\\/hu-hu\\\/#website\",\"url\":\"https:\\\/\\\/lgigroup.com\\\/hu-hu\\\/\",\"name\":\"LGI Group\",\"description\":\"\",\"publisher\":{\"@id\":\"https:\\\/\\\/lgigroup.com\\\/hu-hu\\\/#organization\"},\"potentialAction\":[{\"@type\":\"SearchAction\",\"target\":{\"@type\":\"EntryPoint\",\"urlTemplate\":\"https:\\\/\\\/lgigroup.com\\\/hu-hu\\\/?s={search_term_string}\"},\"query-input\":{\"@type\":\"PropertyValueSpecification\",\"valueRequired\":true,\"valueName\":\"search_term_string\"}}],\"inLanguage\":\"hu-hu\"},{\"@type\":\"Organization\",\"@id\":\"https:\\\/\\\/lgigroup.com\\\/hu-hu\\\/#organization\",\"name\":\"LGI GmbH\",\"url\":\"https:\\\/\\\/lgigroup.com\\\/hu-hu\\\/\",\"logo\":{\"@type\":\"ImageObject\",\"inLanguage\":\"hu-hu\",\"@id\":\"https:\\\/\\\/lgigroup.com\\\/hu-hu\\\/#\\\/schema\\\/logo\\\/image\\\/\",\"url\":\"https:\\\/\\\/lgigroup.com\\\/wp-content\\\/uploads\\\/2023\\\/01\\\/lgi-logo.png\",\"contentUrl\":\"https:\\\/\\\/lgigroup.com\\\/wp-content\\\/uploads\\\/2023\\\/01\\\/lgi-logo.png\",\"width\":420,\"height\":200,\"caption\":\"LGI GmbH\"},\"image\":{\"@id\":\"https:\\\/\\\/lgigroup.com\\\/hu-hu\\\/#\\\/schema\\\/logo\\\/image\\\/\"}}]}<\/script>\n<!-- \/ Yoast SEO plugin. -->","yoast_head_json":{"title":"LGI Green Care: Felel\u0151ss\u00e9g a k\u00f6rnyezet\u00e9rt","description":"Fenntarthat\u00f3s\u00e1g a logisztik\u00e1ban? A k\u00f6rnyezet ir\u00e1nti felel\u0151ss\u00e9g\u00fcnk els\u0151dleges, ez\u00e9rt folyamatosan keress\u00fck a fenntarthat\u00f3 alternat\u00edv\u00e1kat.","robots":{"index":"index","follow":"follow","max-snippet":"max-snippet:-1","max-image-preview":"max-image-preview:large","max-video-preview":"max-video-preview:-1"},"canonical":"https:\/\/lgigroup.com\/hu-hu\/wp-json\/wp\/v2\/pages\/2258","og_locale":"hu_HU","og_type":"article","og_title":"LGI Green Care: Felel\u0151ss\u00e9g a k\u00f6rnyezet\u00e9rt","og_description":"Fenntarthat\u00f3s\u00e1g a logisztik\u00e1ban? A k\u00f6rnyezet ir\u00e1nti felel\u0151ss\u00e9g\u00fcnk els\u0151dleges, ez\u00e9rt folyamatosan keress\u00fck a fenntarthat\u00f3 alternat\u00edv\u00e1kat.","og_url":"https:\/\/lgigroup.com\/hu-en\/our-care\/green-care\/","og_site_name":"LGI Group","article_modified_time":"2024-11-13T09:22:03+00:00","twitter_card":"summary_large_image","twitter_misc":{"Est. reading time":"2 minutes"},"schema":{"@context":"https:\/\/schema.org","@graph":[{"@type":"WebPage","@id":"https:\/\/lgigroup.com\/hu-hu\/our-care\/green-care\/","url":"https:\/\/lgigroup.com\/hu-en\/our-care\/green-care\/","name":"LGI Green Care: Felel\u0151ss\u00e9g a k\u00f6rnyezet\u00e9rt","isPartOf":{"@id":"https:\/\/lgigroup.com\/hu-hu\/#website"},"datePublished":"2022-12-22T13:43:54+00:00","dateModified":"2024-11-13T09:22:03+00:00","description":"Fenntarthat\u00f3s\u00e1g a logisztik\u00e1ban? A k\u00f6rnyezet ir\u00e1nti felel\u0151ss\u00e9g\u00fcnk els\u0151dleges, ez\u00e9rt folyamatosan keress\u00fck a fenntarthat\u00f3 alternat\u00edv\u00e1kat.","breadcrumb":{"@id":"https:\/\/lgigroup.com\/hu-en\/our-care\/green-care\/#breadcrumb"},"inLanguage":"hu-hu","potentialAction":[{"@type":"ReadAction","target":["https:\/\/lgigroup.com\/hu-en\/our-care\/green-care\/"]}]},{"@type":"BreadcrumbList","@id":"https:\/\/lgigroup.com\/hu-en\/our-care\/green-care\/#breadcrumb","itemListElement":[{"@type":"ListItem","position":1,"name":"Startseite","item":"https:\/\/lgigroup.com\/hu-hu\/"},{"@type":"ListItem","position":2,"name":"Our Care","item":"https:\/\/lgigroup.com\/hu-hu\/our-care\/"},{"@type":"ListItem","position":3,"name":"Green Care"}]},{"@type":"WebSite","@id":"https:\/\/lgigroup.com\/hu-hu\/#website","url":"https:\/\/lgigroup.com\/hu-hu\/","name":"LGI Group","description":"","publisher":{"@id":"https:\/\/lgigroup.com\/hu-hu\/#organization"},"potentialAction":[{"@type":"SearchAction","target":{"@type":"EntryPoint","urlTemplate":"https:\/\/lgigroup.com\/hu-hu\/?s={search_term_string}"},"query-input":{"@type":"PropertyValueSpecification","valueRequired":true,"valueName":"search_term_string"}}],"inLanguage":"hu-hu"},{"@type":"Organization","@id":"https:\/\/lgigroup.com\/hu-hu\/#organization","name":"LGI GmbH","url":"https:\/\/lgigroup.com\/hu-hu\/","logo":{"@type":"ImageObject","inLanguage":"hu-hu","@id":"https:\/\/lgigroup.com\/hu-hu\/#\/schema\/logo\/image\/","url":"https:\/\/lgigroup.com\/wp-content\/uploads\/2023\/01\/lgi-logo.png","contentUrl":"https:\/\/lgigroup.com\/wp-content\/uploads\/2023\/01\/lgi-logo.png","width":420,"height":200,"caption":"LGI GmbH"},"image":{"@id":"https:\/\/lgigroup.com\/hu-hu\/#\/schema\/logo\/image\/"}}]}},"_links":{"self":[{"href":"https:\/\/lgigroup.com\/hu-hu\/wp-json\/wp\/v2\/pages\/2258","targetHints":{"allow":["GET"]}}],"collection":[{"href":"https:\/\/lgigroup.com\/hu-hu\/wp-json\/wp\/v2\/pages"}],"about":[{"href":"https:\/\/lgigroup.com\/hu-hu\/wp-json\/wp\/v2\/types\/page"}],"author":[{"embeddable":true,"href":"https:\/\/lgigroup.com\/hu-hu\/wp-json\/wp\/v2\/users\/1"}],"replies":[{"embeddable":true,"href":"https:\/\/lgigroup.com\/hu-hu\/wp-json\/wp\/v2\/comments?post=2258"}],"version-history":[{"count":9,"href":"https:\/\/lgigroup.com\/hu-hu\/wp-json\/wp\/v2\/pages\/2258\/revisions"}],"predecessor-version":[{"id":25247,"href":"https:\/\/lgigroup.com\/hu-hu\/wp-json\/wp\/v2\/pages\/2258\/revisions\/25247"}],"up":[{"embeddable":true,"href":"https:\/\/lgigroup.com\/hu-hu\/wp-json\/wp\/v2\/pages\/2231"}],"wp:attachment":[{"href":"https:\/\/lgigroup.com\/hu-hu\/wp-json\/wp\/v2\/media?parent=2258"}],"curies":[{"name":"wp","href":"https:\/\/api.w.org\/{rel}","templated":true}]}}