{"id":23696,"date":"2024-05-03T09:54:49","date_gmt":"2024-05-03T07:54:49","guid":{"rendered":"https:\/\/lgigroup.com\/?page_id=23696"},"modified":"2025-12-13T11:21:22","modified_gmt":"2025-12-13T10:21:22","slug":"reporting-obligations","status":"publish","type":"page","link":"https:\/\/lgigroup.com\/hu-hu\/guidelines-documents\/reporting-obligations\/","title":{"rendered":"Reporting obligations"},"content":{"rendered":"\r\n\t\t<section class=\"titelbild-section titelbild-block-id-69e61515d7bea titelbild-block-layout-\">\r\n            <div class=\"col-12 col-lg-12\">\r\n                <div class=\"full-bild\"> <img loading=\"lazy\" decoding=\"async\" width=\"1920\" height=\"700\" src=\"\/wp-content\/uploads\/2024\/05\/container-ships-at-harbour-lgi.jpg\" class=\"img-fluid\" alt=\"Container ships at the harbour | LGI\" srcset=\"\/wp-content\/uploads\/2024\/05\/container-ships-at-harbour-lgi.jpg 1920w, \/wp-content\/uploads\/2024\/05\/container-ships-at-harbour-lgi-300x109.jpg 300w, \/wp-content\/uploads\/2024\/05\/container-ships-at-harbour-lgi-1024x373.jpg 1024w, \/wp-content\/uploads\/2024\/05\/container-ships-at-harbour-lgi-768x280.jpg 768w, \/wp-content\/uploads\/2024\/05\/container-ships-at-harbour-lgi-1536x560.jpg 1536w\" sizes=\"auto, (max-width: 1920px) 100vw, 1920px\" \/><\/div>\r\n                <div class=\"bild-title container\">\r\n                    <div class=\"row\">\r\n                                <div class=\"col\">\r\n                                    <p class=\"headline wt-h1\">LGI Reporting obligations<\/p>\r\n                                <\/div>                                        \r\n                            <\/div> \r\n                <\/div>\r\n            <\/div>\r\n        <\/section>\r\n\t\n\n            \r\n        <div class=\"spacing-block large spacing-block-id-69e61515d8341\" >                                     \r\n                  <div class=\"large-space\">   \r\n                  <\/div>                      \r\n        <\/div>\n\n\r\n                <div class=\"headline-block \">\r\n                    \r\n                        <div class=\"container\">                            \r\n                            \r\n                            \r\n                            <div class=\"row\">\r\n                                <div class=\"col\">\r\n                                    <h1 class=\"wt-h1 wt-font-color-dark-grey\">Reporting obligations<\/h1>\r\n                                <\/div>                                        \r\n                            <\/div>                                                                                                    \r\n                        <\/div>                                \r\n                <\/div>\r\n            \n\n            \r\n        <div class=\"spacing-block extrasmall spacing-block-id-69e61515d8540\" >                                     \r\n                  <div class=\"extra-small-space\">   \r\n                  <\/div>                      \r\n        <\/div>\n\n   \r\n    \r\n    <div class=\"grey-line-block grey-line-block-id-69e61515d8631\">\r\n        \r\n        <div class=\"container\">\r\n            <div class=\"row\">\r\n                <div class=\"col test\">\r\n                    <div class=\"grey-line-block-line\"><\/div>\r\n                <\/div>                \r\n            <\/div>\r\n        <\/div>\r\n        \r\n    <\/div>\n\n            \r\n        <div class=\"spacing-block small spacing-block-id-69e61515d8734\" >                                     \r\n                  <div class=\"small-space\">   \r\n                  <\/div>                      \r\n        <\/div>\n\n\n<div class=\"wp-block-group container\"><div class=\"wp-block-group__inner-container is-layout-constrained wp-block-group-is-layout-constrained\">\n<p>The Supply Chain Due Diligence Act (LkSG), which came into force on 1 January 2020, aims to implement human rights in global supply chains and better protect the environment from destruction. The law was initiated because voluntary commitments made by companies in the past have not sufficiently combated human rights and environmental problems in supply chains.<\/p>\n\n\n\n<p>We believe that the success of a company should not be judged solely on the basis of figures. We are aware that we cannot be successful on the market without profits. However, we endeavour to find the right balance between business success and social, ethical and environmental responsibility. Responsibility for our employees, our community and the environment is therefore an integral part of our DNA and a key factor in the long-term success of our company.<\/p>\n\n\n\n<p>The management, all executives and all employees (&#8220;we&#8221;) are therefore committed to upholding the highest ethical standards. We work together to create a working environment in which everyone at LGI and everyone we work with throughout our supply chain can do their best work. This includes, in particular, adhering to global policies and processes to avoid potential human rights violations in relation to our business activities and within our supply chains.<\/p>\n\n\n\n<p>At LGI, we are convinced that the realisation of our goals must take place within the framework of clearly formulated and practised social, ethical and ecological principles, compliance with which is regularly monitored by the company management.<\/p>\n<\/div><\/div>\n\n\n            \r\n        <section class=\"button-block button-block-id-69e61515d9e3f\">             \r\n            <div class=\"container\">\r\n                <div class=\"button-wrapper\">\r\n                    <div class=\"row\">\r\n                            <div class=\"content\">\r\n                                    <div class=\"wt-bt\">    \r\n                    <a href=\"\/wp-content\/uploads\/2024\/07\/lgi-supply-chain-due-diligence-act-report-2023.pdf\" target=\"_blank\" rel=\"noopener\">\r\n                                    Supply chain due diligence act report 2023   \r\n                    <\/a>\r\n                        <\/div>\r\n                            <\/div>\r\n                    <\/div>\r\n                <\/div>                            \r\n            <\/div>                                  \r\n        <\/section>\n\n            \r\n        <div class=\"spacing-block large spacing-block-id-69e61515d9f38\" >                                     \r\n                  <div class=\"large-space\">   \r\n                  <\/div>                      \r\n        <\/div>\n\n   \r\n    \r\n    <section id=\"Contact-person\" class=\"contact-person-block contact-person-block-id-69e61515da027 encoded-email\" data-idcp=\"6134\" data-mail=\"YmFsYXpzX3ZlbnRlckBsZ2kuZGU=\">\r\n    \r\n        \r\n        <div class=\"contact-person-bg-img-wrapper\">\r\n            <img loading=\"lazy\" decoding=\"async\" width=\"1920\" height=\"500\" src=\"\/wp-content\/uploads\/2023\/01\/lgi-building-munich.jpg\" class=\"img-fluid bg-image\" alt=\"Exterior view of a modern office and administrative building with glass facade, entrance area, and paved forecourt\" srcset=\"\/wp-content\/uploads\/2023\/01\/lgi-building-munich.jpg 1920w, \/wp-content\/uploads\/2023\/01\/lgi-building-munich-300x78.jpg 300w, \/wp-content\/uploads\/2023\/01\/lgi-building-munich-1024x267.jpg 1024w, \/wp-content\/uploads\/2023\/01\/lgi-building-munich-768x200.jpg 768w, \/wp-content\/uploads\/2023\/01\/lgi-building-munich-1536x400.jpg 1536w\" sizes=\"auto, (max-width: 1920px) 100vw, 1920px\" \/>\r\n        <\/div>\r\n        \r\n        <div class=\"container contact-person-content-wrapper\">\r\n            <div class=\"row\">\r\n                <div class=\"col-12 col-lg-6 contact-person-text-wrapper contact-text-align\">\r\n                    <span class=\"wt-bh\">Your contact at LGI<\/span>\r\n                    <span class=\"wt-hl wt-big-string\">Please feel free to <span class='wt-font-color-white'>contact<\/span> us!<\/span>\r\n                <\/div>\r\n                <div class=\"col-12 col-lg-6 order-first order-lg-last contact-person-img-wrapper\">\r\n                    <div>\r\n                        <div class=\"contact-person-wrapper contact-person\">\r\n                            <div class=\"d-flex align-items-stretch\">\r\n                                <div class=\"image-section\">\r\n                                    <img loading=\"lazy\" decoding=\"async\" width=\"540\" height=\"500\" src=\"\/wp-content\/uploads\/2023\/02\/lgi-contact-person-balazs-venter.png\" class=\"img-fluid\" alt=\"LGI Contact person: Venter Balazs\" srcset=\"\/wp-content\/uploads\/2023\/02\/lgi-contact-person-balazs-venter.png 540w, \/wp-content\/uploads\/2023\/02\/lgi-contact-person-balazs-venter-300x278.png 300w\" sizes=\"auto, (max-width: 540px) 100vw, 540px\" \/>\r\n                                <\/div>\r\n                                <div class=\"pe-3 pe-sm-0 ps-3 ps-xl-3 d-flex flex-column justify-content-end content-section\">\r\n                                    <p class=\"wt-sl\">Az \u00d6n kapcsolattart\u00f3ja<\/p>\r\n                                \r\n                                    <p class=\"text-sec wt-text-sec\">\r\n                                        <span>Data Protection and Legal &#038; Compliance<\/span><br>\r\n                                         Balazs Venter<br>\r\n                                        <a class=\"wt-k-click-tel\" href=\"tel:+4970312009662\">+49 7031 2009662<\/a><br>\r\n                                        <a class=\"wt-k-click-mail\" href=\"&#109;&#97;&#105;&#108;&#116;&#111;&#58;%62%61%6c%61%7a%73%5f%76%65%6e%74%65%72@%6c%67%69.%64%65\">&#x62;&#x61;&#x6c;&#x61;&#x7a;&#x73;&#x5f;&#x76;&#x65;&#x6e;&#x74;&#x65;&#x72;&#x40;&#x6c;&#x67;&#x69;&#x2e;&#x64;&#x65;<\/a>\r\n                                    <\/p>\r\n                                    <div class=\"button-wrapper\">\r\n                                        <div class=\"wt-bt d-none d-sm-block\" data-bs-toggle=\"modal\" data-bs-target=\"#contactModal\">Kapcsolatfelv\u00e9tel<\/div>\r\n                                        <div class=\"d-none d-sm-block \"> <\/div>\r\n                                    <\/div>    \r\n                                <\/div>\r\n                            <\/div>                            \r\n                            <div class=\"button-wrapper\">\r\n                                <div class=\"mt-md-3 pt-3 pb-3 ps-3 pe-3 pt-md-3 d-sm-none\">\r\n                                    <div class=\"wt-bt\" data-bs-toggle=\"modal\" data-bs-target=\"#contactModal\">Kapcsolatfelv\u00e9tel<\/div>\r\n                                    \r\n                                <\/div>\r\n                            <\/div> \r\n                        <\/div>                        \r\n                    <\/div>                    \r\n                <\/div>\r\n            <\/div>\r\n        <\/div>\r\n        \r\n    <\/section>","protected":false},"excerpt":{"rendered":"<p>The Supply Chain Due Diligence Act (LkSG), which came into force on 1 January 2020, aims to implement human rights in global supply chains and better protect the environment from destruction. The law was initiated because voluntary commitments made by companies in the past have not sufficiently combated human rights and environmental problems in supply [&hellip;]<\/p>\n","protected":false},"author":1,"featured_media":0,"parent":2091,"menu_order":0,"comment_status":"closed","ping_status":"closed","template":"","meta":{"footnotes":""},"class_list":["post-23696","page","type-page","status-publish","hentry"],"yoast_head":"<!-- This site is optimized with the Yoast SEO plugin v27.3 - https:\/\/yoast.com\/product\/yoast-seo-wordpress\/ -->\n<title>Besz\u00e1mol\u00e1si k\u00f6telezetts\u00e9g | LGI Group<\/title>\n<meta name=\"description\" content=\"Olvassa el 2023-as besz\u00e1mol\u00f3nkat a sz\u00e1ll\u00edt\u00e1si l\u00e1ncban val\u00f3 gondoss\u00e1gi k\u00f6telezetts\u00e9gekr\u0151l, \u00e9s tudjon meg t\u00f6bbet kock\u00e1zatelemz\u00e9seinkr\u0151l.\" \/>\n<meta name=\"robots\" content=\"index, follow, max-snippet:-1, max-image-preview:large, max-video-preview:-1\" \/>\n<link rel=\"canonical\" href=\"https:\/\/lgigroup.com\/hu-hu\/wp-json\/wp\/v2\/pages\/23696\" \/>\n<meta property=\"og:locale\" content=\"hu_HU\" \/>\n<meta property=\"og:type\" content=\"article\" \/>\n<meta property=\"og:title\" content=\"Besz\u00e1mol\u00e1si k\u00f6telezetts\u00e9g | LGI Group\" \/>\n<meta property=\"og:description\" content=\"Olvassa el 2023-as besz\u00e1mol\u00f3nkat a sz\u00e1ll\u00edt\u00e1si l\u00e1ncban val\u00f3 gondoss\u00e1gi k\u00f6telezetts\u00e9gekr\u0151l, \u00e9s tudjon meg t\u00f6bbet kock\u00e1zatelemz\u00e9seinkr\u0151l.\" \/>\n<meta property=\"og:url\" content=\"https:\/\/lgigroup.com\/hu-hu\/guidelines-documents\/reporting-obligations\/\" \/>\n<meta property=\"og:site_name\" content=\"LGI Group\" \/>\n<meta property=\"article:modified_time\" content=\"2025-12-13T10:21:22+00:00\" \/>\n<meta name=\"twitter:card\" content=\"summary_large_image\" \/>\n<meta name=\"twitter:label1\" content=\"Est. reading time\" \/>\n\t<meta name=\"twitter:data1\" content=\"2 minutes\" \/>\n<script type=\"application\/ld+json\" class=\"yoast-schema-graph\">{\"@context\":\"https:\\\/\\\/schema.org\",\"@graph\":[{\"@type\":\"WebPage\",\"@id\":\"https:\\\/\\\/lgigroup.com\\\/hu-hu\\\/guidelines-documents\\\/reporting-obligations\\\/\",\"url\":\"https:\\\/\\\/lgigroup.com\\\/hu-hu\\\/guidelines-documents\\\/reporting-obligations\\\/\",\"name\":\"Besz\u00e1mol\u00e1si k\u00f6telezetts\u00e9g | LGI Group\",\"isPartOf\":{\"@id\":\"https:\\\/\\\/lgigroup.com\\\/hu-hu\\\/#website\"},\"datePublished\":\"2024-05-03T07:54:49+00:00\",\"dateModified\":\"2025-12-13T10:21:22+00:00\",\"description\":\"Olvassa el 2023-as besz\u00e1mol\u00f3nkat a sz\u00e1ll\u00edt\u00e1si l\u00e1ncban val\u00f3 gondoss\u00e1gi k\u00f6telezetts\u00e9gekr\u0151l, \u00e9s tudjon meg t\u00f6bbet kock\u00e1zatelemz\u00e9seinkr\u0151l.\",\"breadcrumb\":{\"@id\":\"https:\\\/\\\/lgigroup.com\\\/hu-hu\\\/guidelines-documents\\\/reporting-obligations\\\/#breadcrumb\"},\"inLanguage\":\"hu-hu\",\"potentialAction\":[{\"@type\":\"ReadAction\",\"target\":[\"https:\\\/\\\/lgigroup.com\\\/hu-hu\\\/guidelines-documents\\\/reporting-obligations\\\/\"]}]},{\"@type\":\"BreadcrumbList\",\"@id\":\"https:\\\/\\\/lgigroup.com\\\/hu-hu\\\/guidelines-documents\\\/reporting-obligations\\\/#breadcrumb\",\"itemListElement\":[{\"@type\":\"ListItem\",\"position\":1,\"name\":\"Startseite\",\"item\":\"https:\\\/\\\/lgigroup.com\\\/hu-hu\\\/\"},{\"@type\":\"ListItem\",\"position\":2,\"name\":\"Guidelines &amp; documents\",\"item\":\"https:\\\/\\\/lgigroup.com\\\/hu-hu\\\/guidelines-documents\\\/\"},{\"@type\":\"ListItem\",\"position\":3,\"name\":\"Reporting obligations\"}]},{\"@type\":\"WebSite\",\"@id\":\"https:\\\/\\\/lgigroup.com\\\/hu-hu\\\/#website\",\"url\":\"https:\\\/\\\/lgigroup.com\\\/hu-hu\\\/\",\"name\":\"LGI Group\",\"description\":\"\",\"publisher\":{\"@id\":\"https:\\\/\\\/lgigroup.com\\\/hu-hu\\\/#organization\"},\"potentialAction\":[{\"@type\":\"SearchAction\",\"target\":{\"@type\":\"EntryPoint\",\"urlTemplate\":\"https:\\\/\\\/lgigroup.com\\\/hu-hu\\\/?s={search_term_string}\"},\"query-input\":{\"@type\":\"PropertyValueSpecification\",\"valueRequired\":true,\"valueName\":\"search_term_string\"}}],\"inLanguage\":\"hu-hu\"},{\"@type\":\"Organization\",\"@id\":\"https:\\\/\\\/lgigroup.com\\\/hu-hu\\\/#organization\",\"name\":\"LGI GmbH\",\"url\":\"https:\\\/\\\/lgigroup.com\\\/hu-hu\\\/\",\"logo\":{\"@type\":\"ImageObject\",\"inLanguage\":\"hu-hu\",\"@id\":\"https:\\\/\\\/lgigroup.com\\\/hu-hu\\\/#\\\/schema\\\/logo\\\/image\\\/\",\"url\":\"https:\\\/\\\/lgigroup.com\\\/wp-content\\\/uploads\\\/2023\\\/01\\\/lgi-logo.png\",\"contentUrl\":\"https:\\\/\\\/lgigroup.com\\\/wp-content\\\/uploads\\\/2023\\\/01\\\/lgi-logo.png\",\"width\":420,\"height\":200,\"caption\":\"LGI GmbH\"},\"image\":{\"@id\":\"https:\\\/\\\/lgigroup.com\\\/hu-hu\\\/#\\\/schema\\\/logo\\\/image\\\/\"}}]}<\/script>\n<!-- \/ Yoast SEO plugin. -->","yoast_head_json":{"title":"Besz\u00e1mol\u00e1si k\u00f6telezetts\u00e9g | LGI Group","description":"Olvassa el 2023-as besz\u00e1mol\u00f3nkat a sz\u00e1ll\u00edt\u00e1si l\u00e1ncban val\u00f3 gondoss\u00e1gi k\u00f6telezetts\u00e9gekr\u0151l, \u00e9s tudjon meg t\u00f6bbet kock\u00e1zatelemz\u00e9seinkr\u0151l.","robots":{"index":"index","follow":"follow","max-snippet":"max-snippet:-1","max-image-preview":"max-image-preview:large","max-video-preview":"max-video-preview:-1"},"canonical":"https:\/\/lgigroup.com\/hu-hu\/wp-json\/wp\/v2\/pages\/23696","og_locale":"hu_HU","og_type":"article","og_title":"Besz\u00e1mol\u00e1si k\u00f6telezetts\u00e9g | LGI Group","og_description":"Olvassa el 2023-as besz\u00e1mol\u00f3nkat a sz\u00e1ll\u00edt\u00e1si l\u00e1ncban val\u00f3 gondoss\u00e1gi k\u00f6telezetts\u00e9gekr\u0151l, \u00e9s tudjon meg t\u00f6bbet kock\u00e1zatelemz\u00e9seinkr\u0151l.","og_url":"https:\/\/lgigroup.com\/hu-hu\/guidelines-documents\/reporting-obligations\/","og_site_name":"LGI Group","article_modified_time":"2025-12-13T10:21:22+00:00","twitter_card":"summary_large_image","twitter_misc":{"Est. reading time":"2 minutes"},"schema":{"@context":"https:\/\/schema.org","@graph":[{"@type":"WebPage","@id":"https:\/\/lgigroup.com\/hu-hu\/guidelines-documents\/reporting-obligations\/","url":"https:\/\/lgigroup.com\/hu-hu\/guidelines-documents\/reporting-obligations\/","name":"Besz\u00e1mol\u00e1si k\u00f6telezetts\u00e9g | LGI Group","isPartOf":{"@id":"https:\/\/lgigroup.com\/hu-hu\/#website"},"datePublished":"2024-05-03T07:54:49+00:00","dateModified":"2025-12-13T10:21:22+00:00","description":"Olvassa el 2023-as besz\u00e1mol\u00f3nkat a sz\u00e1ll\u00edt\u00e1si l\u00e1ncban val\u00f3 gondoss\u00e1gi k\u00f6telezetts\u00e9gekr\u0151l, \u00e9s tudjon meg t\u00f6bbet kock\u00e1zatelemz\u00e9seinkr\u0151l.","breadcrumb":{"@id":"https:\/\/lgigroup.com\/hu-hu\/guidelines-documents\/reporting-obligations\/#breadcrumb"},"inLanguage":"hu-hu","potentialAction":[{"@type":"ReadAction","target":["https:\/\/lgigroup.com\/hu-hu\/guidelines-documents\/reporting-obligations\/"]}]},{"@type":"BreadcrumbList","@id":"https:\/\/lgigroup.com\/hu-hu\/guidelines-documents\/reporting-obligations\/#breadcrumb","itemListElement":[{"@type":"ListItem","position":1,"name":"Startseite","item":"https:\/\/lgigroup.com\/hu-hu\/"},{"@type":"ListItem","position":2,"name":"Guidelines &amp; documents","item":"https:\/\/lgigroup.com\/hu-hu\/guidelines-documents\/"},{"@type":"ListItem","position":3,"name":"Reporting obligations"}]},{"@type":"WebSite","@id":"https:\/\/lgigroup.com\/hu-hu\/#website","url":"https:\/\/lgigroup.com\/hu-hu\/","name":"LGI Group","description":"","publisher":{"@id":"https:\/\/lgigroup.com\/hu-hu\/#organization"},"potentialAction":[{"@type":"SearchAction","target":{"@type":"EntryPoint","urlTemplate":"https:\/\/lgigroup.com\/hu-hu\/?s={search_term_string}"},"query-input":{"@type":"PropertyValueSpecification","valueRequired":true,"valueName":"search_term_string"}}],"inLanguage":"hu-hu"},{"@type":"Organization","@id":"https:\/\/lgigroup.com\/hu-hu\/#organization","name":"LGI GmbH","url":"https:\/\/lgigroup.com\/hu-hu\/","logo":{"@type":"ImageObject","inLanguage":"hu-hu","@id":"https:\/\/lgigroup.com\/hu-hu\/#\/schema\/logo\/image\/","url":"https:\/\/lgigroup.com\/wp-content\/uploads\/2023\/01\/lgi-logo.png","contentUrl":"https:\/\/lgigroup.com\/wp-content\/uploads\/2023\/01\/lgi-logo.png","width":420,"height":200,"caption":"LGI GmbH"},"image":{"@id":"https:\/\/lgigroup.com\/hu-hu\/#\/schema\/logo\/image\/"}}]}},"_links":{"self":[{"href":"https:\/\/lgigroup.com\/hu-hu\/wp-json\/wp\/v2\/pages\/23696","targetHints":{"allow":["GET"]}}],"collection":[{"href":"https:\/\/lgigroup.com\/hu-hu\/wp-json\/wp\/v2\/pages"}],"about":[{"href":"https:\/\/lgigroup.com\/hu-hu\/wp-json\/wp\/v2\/types\/page"}],"author":[{"embeddable":true,"href":"https:\/\/lgigroup.com\/hu-hu\/wp-json\/wp\/v2\/users\/1"}],"replies":[{"embeddable":true,"href":"https:\/\/lgigroup.com\/hu-hu\/wp-json\/wp\/v2\/comments?post=23696"}],"version-history":[{"count":3,"href":"https:\/\/lgigroup.com\/hu-hu\/wp-json\/wp\/v2\/pages\/23696\/revisions"}],"predecessor-version":[{"id":29596,"href":"https:\/\/lgigroup.com\/hu-hu\/wp-json\/wp\/v2\/pages\/23696\/revisions\/29596"}],"up":[{"embeddable":true,"href":"https:\/\/lgigroup.com\/hu-hu\/wp-json\/wp\/v2\/pages\/2091"}],"wp:attachment":[{"href":"https:\/\/lgigroup.com\/hu-hu\/wp-json\/wp\/v2\/media?parent=23696"}],"curies":[{"name":"wp","href":"https:\/\/api.w.org\/{rel}","templated":true}]}}