{"id":2987,"date":"2023-01-18T13:20:36","date_gmt":"2023-01-18T12:20:36","guid":{"rendered":"https:\/\/lgigroup.com\/?page_id=2987"},"modified":"2025-12-13T11:12:01","modified_gmt":"2025-12-13T10:12:01","slug":"code-of-conduct","status":"publish","type":"page","link":"https:\/\/lgigroup.com\/hu-hu\/guidelines-documents\/code-of-conduct\/","title":{"rendered":"Code of Conduct"},"content":{"rendered":"\r\n\t\t<section class=\"titelbild-section titelbild-block-id-69f0756893802 titelbild-block-layout-\">\r\n            <div class=\"col-12 col-lg-12\">\r\n                <div class=\"full-bild\"> <img loading=\"lazy\" decoding=\"async\" width=\"1920\" height=\"700\" src=\"\/wp-content\/uploads\/2023\/06\/person-on-notebook-code-of-conduct-lgi.jpg\" class=\"img-fluid\" alt=\"Person on notebook | LGI Code of conduct\" srcset=\"\/wp-content\/uploads\/2023\/06\/person-on-notebook-code-of-conduct-lgi.jpg 1920w, \/wp-content\/uploads\/2023\/06\/person-on-notebook-code-of-conduct-lgi-300x109.jpg 300w, \/wp-content\/uploads\/2023\/06\/person-on-notebook-code-of-conduct-lgi-1024x373.jpg 1024w, \/wp-content\/uploads\/2023\/06\/person-on-notebook-code-of-conduct-lgi-768x280.jpg 768w, \/wp-content\/uploads\/2023\/06\/person-on-notebook-code-of-conduct-lgi-1536x560.jpg 1536w\" sizes=\"auto, (max-width: 1920px) 100vw, 1920px\" \/><\/div>\r\n                <div class=\"bild-title container\">\r\n                    <div class=\"row\">\r\n                                <div class=\"col\">\r\n                                    <p class=\"headline wt-h1\">LGI Code of Conduct<\/p>\r\n                                <\/div>                                        \r\n                            <\/div> \r\n                <\/div>\r\n            <\/div>\r\n        <\/section>\r\n\t\n\n            \r\n        <div class=\"spacing-block large spacing-block-id-69f07568944ed\" >                                     \r\n                  <div class=\"large-space\">   \r\n                  <\/div>                      \r\n        <\/div>\n\n\r\n                <div class=\"headline-block \">\r\n                    \r\n                        <div class=\"container\">                            \r\n                            <div class=\"row\">\r\n                        <div class=\"col\">\r\n                            <h1 class=\"wt-subheadline wt-sl sub-headline-align\">Responsibility and behavior<\/h1>\r\n                        <\/div>\r\n                    <\/div>\r\n                            \r\n                            <div class=\"row\">\r\n                                <div class=\"col\">\r\n                                    <h2 class=\"wt-h1 wt-font-color-dark-grey\">The guidelines for our dealings with each other<\/h2>\r\n                                <\/div>                                        \r\n                            <\/div>                                                                                                    \r\n                        <\/div>                                \r\n                <\/div>\r\n            \n\n            \r\n        <div class=\"spacing-block extrasmall spacing-block-id-69f0756894686\" >                                     \r\n                  <div class=\"extra-small-space\">   \r\n                  <\/div>                      \r\n        <\/div>\n\n   \r\n    \r\n    <div class=\"grey-line-block grey-line-block-id-69f075689474c\">\r\n        \r\n        <div class=\"container\">\r\n            <div class=\"row\">\r\n                <div class=\"col test\">\r\n                    <div class=\"grey-line-block-line\"><\/div>\r\n                <\/div>                \r\n            <\/div>\r\n        <\/div>\r\n        \r\n    <\/div>\n\n            \r\n        <div class=\"spacing-block small spacing-block-id-69f075689480d\" >                                     \r\n                  <div class=\"small-space\">   \r\n                  <\/div>                      \r\n        <\/div>\n\n\n<div class=\"wp-block-group container\"><div class=\"wp-block-group__inner-container is-layout-constrained wp-block-group-is-layout-constrained\">\n<p>As a company, LGI has a social, ethical and environmental responsibility. This responsibility is also expressed in our dealings with others and forms the guiding principle for the conduct of all our employees. Here you can read about the values and courses of action to which we are committed.<\/p>\n\n\n\n<ul class=\"wp-block-list\">\n<li><a href=\"\/wp-content\/uploads\/2023\/01\/2020-lgi-grundsatzerklaerung.pdf\" target=\"_blank\" rel=\"noreferrer noopener\">Grundsatzerkl\u00e4rung deutsch<\/a><\/li>\n\n\n\n<li>Verhaltenskodex deutsch (<a href=\"\/wp-content\/uploads\/2024\/03\/2023-code-of-conduct-de.pdf\" target=\"_blank\" rel=\"noreferrer noopener\">Vollversion<\/a>) \/ (<a href=\"\/wp-content\/uploads\/2023\/01\/2020-lgi-code-of-conduct-short-version-de.pdf\" target=\"_blank\" rel=\"noreferrer noopener\">Kurzversion<\/a>)<\/li>\n\n\n\n<li>Code of Conduct English (<a href=\"\/wp-content\/uploads\/2024\/03\/2023-code-of-conduct.pdf\" target=\"_blank\" rel=\"noreferrer noopener\">full version<\/a>) \/ (<a href=\"\/wp-content\/uploads\/2023\/01\/2020-lgi-code-of-conduct-short-version-en.pdf\" target=\"_blank\" rel=\"noreferrer noopener\">short version<\/a>)<\/li>\n\n\n\n<li>Kodeks post\u0119powania polski (<a href=\"\/wp-content\/uploads\/2024\/03\/2023-code-of-conduct-pl.pdf\" target=\"_blank\" rel=\"noreferrer noopener\">wersja pe\u0142na<\/a>) \/ (<a href=\"\/wp-content\/uploads\/2023\/01\/2020-lgi-code-of-conduct-short-version-pl.pdf\" target=\"_blank\" rel=\"noreferrer noopener\">wersja skr\u00f3cona<\/a>)<\/li>\n\n\n\n<li>\u041a\u043e\u0434\u0435\u043a\u0441 \u043f\u043e\u0432\u0435\u0434\u0435\u043d\u0438\u044f \u043d\u0430 \u0440\u0443\u0441\u0441\u043a\u043e\u043c \u044f\u0437\u044b\u043a\u0435 (<a href=\"\/wp-content\/uploads\/2024\/03\/2023-code-of-conduct-ru.pdf\" target=\"_blank\" rel=\"noreferrer noopener\">\u043f\u043e\u043b\u043d\u0430\u044f \u0432\u0435\u0440\u0441\u0438\u044f<\/a>) \/ (<a href=\"\/wp-content\/uploads\/2023\/01\/2020-lgi-code-of-conduct-short-version-ru.pdf\" target=\"_blank\" rel=\"noreferrer noopener\">\u043a\u0440\u0430\u0442\u043a\u0430\u044f \u0432\u0435\u0440\u0441\u0438\u044f<\/a>)<\/li>\n\n\n\n<li>Kodex chov\u00e1n\u00ed \u010ce\u0161tina (<a href=\"\/wp-content\/uploads\/2024\/03\/2023-code-of-conduct-cz.pdf\" target=\"_blank\" rel=\"noreferrer noopener\">pln\u00e1 verze<\/a>) \/ (<a href=\"\/wp-content\/uploads\/2023\/01\/2020-lgi-code-of-conduct-short-version-cz.pdf\" target=\"_blank\" rel=\"noreferrer noopener\">zkr\u00e1cen\u00e1 verze<\/a>)<\/li>\n\n\n\n<li>Davran\u0131\u015f Kurallar\u0131 T\u00fcrk\u00e7e (<a href=\"\/wp-content\/uploads\/2024\/03\/2023-code-of-conduct-tr.pdf\" target=\"_blank\" rel=\"noreferrer noopener\">tam s\u00fcr\u00fcm<\/a>) \/ (<a href=\"\/wp-content\/uploads\/2023\/01\/2020-lgi-code-of-conduct-short-version-tr.pdf\" target=\"_blank\" rel=\"noreferrer noopener\">k\u0131sa s\u00fcr\u00fcm<\/a>)<\/li>\n\n\n\n<li>Magatart\u00e1si k\u00f3dex magyar (<a href=\"\/wp-content\/uploads\/2024\/03\/2023-code-of-conduct-hu.pdf\" target=\"_blank\" rel=\"noreferrer noopener\">teljes v\u00e1ltozat<\/a>) \/ (<a href=\"\/wp-content\/uploads\/2023\/01\/2020-lgi-code-of-conduct-short-version-hu.pdf\" target=\"_blank\" rel=\"noreferrer noopener\">r\u00f6vid v\u00e1ltozat<\/a>)<\/li>\n<\/ul>\n<\/div><\/div>\n\n\n            \r\n        <div class=\"spacing-block large spacing-block-id-69f0756895e61\" >                                     \r\n                  <div class=\"large-space\">   \r\n                  <\/div>                      \r\n        <\/div>\n\n   \r\n    \r\n    <section id=\"Contact-person\" class=\"contact-person-block contact-person-block-id-69f0756895f30 encoded-email\" data-idcp=\"6134\" data-mail=\"YmFsYXpzX3ZlbnRlckBsZ2kuZGU=\">\r\n    \r\n        \r\n        <div class=\"contact-person-bg-img-wrapper\">\r\n            <img loading=\"lazy\" decoding=\"async\" width=\"1920\" height=\"500\" src=\"\/wp-content\/uploads\/2023\/01\/lgi-building-munich.jpg\" class=\"img-fluid bg-image\" alt=\"Exterior view of a modern office and administrative building with glass facade, entrance area, and paved forecourt\" srcset=\"\/wp-content\/uploads\/2023\/01\/lgi-building-munich.jpg 1920w, \/wp-content\/uploads\/2023\/01\/lgi-building-munich-300x78.jpg 300w, \/wp-content\/uploads\/2023\/01\/lgi-building-munich-1024x267.jpg 1024w, \/wp-content\/uploads\/2023\/01\/lgi-building-munich-768x200.jpg 768w, \/wp-content\/uploads\/2023\/01\/lgi-building-munich-1536x400.jpg 1536w\" sizes=\"auto, (max-width: 1920px) 100vw, 1920px\" \/>\r\n        <\/div>\r\n        \r\n        <div class=\"container contact-person-content-wrapper\">\r\n            <div class=\"row\">\r\n                <div class=\"col-12 col-lg-6 contact-person-text-wrapper contact-text-align\">\r\n                    <span class=\"wt-bh\">Your contact at LGI<\/span>\r\n                    <span class=\"wt-hl wt-big-string\">Please feel free to <span class='wt-font-color-white'>contact<\/span> us!<\/span>\r\n                <\/div>\r\n                <div class=\"col-12 col-lg-6 order-first order-lg-last contact-person-img-wrapper\">\r\n                    <div>\r\n                        <div class=\"contact-person-wrapper contact-person\">\r\n                            <div class=\"d-flex align-items-stretch\">\r\n                                <div class=\"image-section\">\r\n                                    <img loading=\"lazy\" decoding=\"async\" width=\"540\" height=\"500\" src=\"\/wp-content\/uploads\/2023\/02\/lgi-contact-person-balazs-venter.png\" class=\"img-fluid\" alt=\"LGI Contact person: Venter Balazs\" srcset=\"\/wp-content\/uploads\/2023\/02\/lgi-contact-person-balazs-venter.png 540w, \/wp-content\/uploads\/2023\/02\/lgi-contact-person-balazs-venter-300x278.png 300w\" sizes=\"auto, (max-width: 540px) 100vw, 540px\" \/>\r\n                                <\/div>\r\n                                <div class=\"pe-3 pe-sm-0 ps-3 ps-xl-3 d-flex flex-column justify-content-end content-section\">\r\n                                    <p class=\"wt-sl\">Az \u00d6n kapcsolattart\u00f3ja<\/p>\r\n                                \r\n                                    <p class=\"text-sec wt-text-sec\">\r\n                                        <span>Data Protection and Legal &#038; Compliance<\/span><br>\r\n                                         Balazs Venter<br>\r\n                                        <a class=\"wt-k-click-tel\" href=\"tel:+4970312009662\">+49 7031 2009662<\/a><br>\r\n                                        <a class=\"wt-k-click-mail\" href=\"&#109;&#97;&#105;&#108;&#116;&#111;&#58;%62%61%6c%61%7a%73%5f%76%65%6e%74%65%72@%6c%67%69.%64%65\">&#x62;&#x61;&#x6c;&#x61;&#x7a;&#x73;&#x5f;&#x76;&#x65;&#x6e;&#x74;&#x65;&#x72;&#x40;&#x6c;&#x67;&#x69;&#x2e;&#x64;&#x65;<\/a>\r\n                                    <\/p>\r\n                                    <div class=\"button-wrapper\">\r\n                                        <div class=\"wt-bt d-none d-sm-block\" data-bs-toggle=\"modal\" data-bs-target=\"#contactModal\">Kapcsolatfelv\u00e9tel<\/div>\r\n                                        <div class=\"d-none d-sm-block \"> <\/div>\r\n                                    <\/div>    \r\n                                <\/div>\r\n                            <\/div>                            \r\n                            <div class=\"button-wrapper\">\r\n                                <div class=\"mt-md-3 pt-3 pb-3 ps-3 pe-3 pt-md-3 d-sm-none\">\r\n                                    <div class=\"wt-bt\" data-bs-toggle=\"modal\" data-bs-target=\"#contactModal\">Kapcsolatfelv\u00e9tel<\/div>\r\n                                    \r\n                                <\/div>\r\n                            <\/div> \r\n                        <\/div>                        \r\n                    <\/div>                    \r\n                <\/div>\r\n            <\/div>\r\n        <\/div>\r\n        \r\n    <\/section>","protected":false},"excerpt":{"rendered":"<p>As a company, LGI has a social, ethical and environmental responsibility. This responsibility is also expressed in our dealings with others and forms the guiding principle for the conduct of all our employees. Here you can read about the values and courses of action to which we are committed.<\/p>\n","protected":false},"author":1,"featured_media":0,"parent":2091,"menu_order":0,"comment_status":"closed","ping_status":"closed","template":"","meta":{"footnotes":""},"class_list":["post-2987","page","type-page","status-publish","hentry"],"yoast_head":"<!-- This site is optimized with the Yoast SEO plugin v27.3 - https:\/\/yoast.com\/product\/yoast-seo-wordpress\/ -->\n<title>Magatart\u00e1si k\u00f3dex\u00fcnk \u00e9s ir\u00e1nymutat\u00e1saink | LGI<\/title>\n<meta name=\"description\" content=\"Felel\u0151ss\u00e9ggel tartozunk a t\u00e1rsadalmi, etikai \u00e9s \u00f6kol\u00f3giai k\u00e9rd\u00e9sek\u00e9rt. \u27a4 Itt tal\u00e1lja az egym\u00e1ssal val\u00f3 b\u00e1n\u00e1sm\u00f3dra vonatkoz\u00f3 ir\u00e1nyelveinket.\" \/>\n<meta name=\"robots\" content=\"index, follow, max-snippet:-1, max-image-preview:large, max-video-preview:-1\" \/>\n<link rel=\"canonical\" href=\"https:\/\/lgigroup.com\/hu-hu\/wp-json\/wp\/v2\/pages\/2987\" \/>\n<meta property=\"og:locale\" content=\"hu_HU\" \/>\n<meta property=\"og:type\" content=\"article\" \/>\n<meta property=\"og:title\" content=\"Magatart\u00e1si k\u00f3dex\u00fcnk \u00e9s ir\u00e1nymutat\u00e1saink | LGI\" \/>\n<meta property=\"og:description\" content=\"Felel\u0151ss\u00e9ggel tartozunk a t\u00e1rsadalmi, etikai \u00e9s \u00f6kol\u00f3giai k\u00e9rd\u00e9sek\u00e9rt. \u27a4 Itt tal\u00e1lja az egym\u00e1ssal val\u00f3 b\u00e1n\u00e1sm\u00f3dra vonatkoz\u00f3 ir\u00e1nyelveinket.\" \/>\n<meta property=\"og:url\" content=\"https:\/\/lgigroup.com\/hu-en\/guidelines-documents\/code-of-conduct\/\" \/>\n<meta property=\"og:site_name\" content=\"LGI Group\" \/>\n<meta property=\"article:modified_time\" content=\"2025-12-13T10:12:01+00:00\" \/>\n<meta name=\"twitter:card\" content=\"summary_large_image\" \/>\n<meta name=\"twitter:label1\" content=\"Est. reading time\" \/>\n\t<meta name=\"twitter:data1\" content=\"1 minute\" \/>\n<script type=\"application\/ld+json\" class=\"yoast-schema-graph\">{\"@context\":\"https:\\\/\\\/schema.org\",\"@graph\":[{\"@type\":\"WebPage\",\"@id\":\"https:\\\/\\\/lgigroup.com\\\/hu-hu\\\/guidelines-documents\\\/code-of-conduct\\\/\",\"url\":\"https:\\\/\\\/lgigroup.com\\\/hu-en\\\/guidelines-documents\\\/code-of-conduct\\\/\",\"name\":\"Magatart\u00e1si k\u00f3dex\u00fcnk \u00e9s ir\u00e1nymutat\u00e1saink | LGI\",\"isPartOf\":{\"@id\":\"https:\\\/\\\/lgigroup.com\\\/hu-hu\\\/#website\"},\"datePublished\":\"2023-01-18T12:20:36+00:00\",\"dateModified\":\"2025-12-13T10:12:01+00:00\",\"description\":\"Felel\u0151ss\u00e9ggel tartozunk a t\u00e1rsadalmi, etikai \u00e9s \u00f6kol\u00f3giai k\u00e9rd\u00e9sek\u00e9rt. \u27a4 Itt tal\u00e1lja az egym\u00e1ssal val\u00f3 b\u00e1n\u00e1sm\u00f3dra vonatkoz\u00f3 ir\u00e1nyelveinket.\",\"breadcrumb\":{\"@id\":\"https:\\\/\\\/lgigroup.com\\\/hu-en\\\/guidelines-documents\\\/code-of-conduct\\\/#breadcrumb\"},\"inLanguage\":\"hu-hu\",\"potentialAction\":[{\"@type\":\"ReadAction\",\"target\":[\"https:\\\/\\\/lgigroup.com\\\/hu-en\\\/guidelines-documents\\\/code-of-conduct\\\/\"]}]},{\"@type\":\"BreadcrumbList\",\"@id\":\"https:\\\/\\\/lgigroup.com\\\/hu-en\\\/guidelines-documents\\\/code-of-conduct\\\/#breadcrumb\",\"itemListElement\":[{\"@type\":\"ListItem\",\"position\":1,\"name\":\"Startseite\",\"item\":\"https:\\\/\\\/lgigroup.com\\\/hu-hu\\\/\"},{\"@type\":\"ListItem\",\"position\":2,\"name\":\"Guidelines &amp; documents\",\"item\":\"https:\\\/\\\/lgigroup.com\\\/hu-hu\\\/guidelines-documents\\\/\"},{\"@type\":\"ListItem\",\"position\":3,\"name\":\"Code of Conduct\"}]},{\"@type\":\"WebSite\",\"@id\":\"https:\\\/\\\/lgigroup.com\\\/hu-hu\\\/#website\",\"url\":\"https:\\\/\\\/lgigroup.com\\\/hu-hu\\\/\",\"name\":\"LGI Group\",\"description\":\"\",\"publisher\":{\"@id\":\"https:\\\/\\\/lgigroup.com\\\/hu-hu\\\/#organization\"},\"potentialAction\":[{\"@type\":\"SearchAction\",\"target\":{\"@type\":\"EntryPoint\",\"urlTemplate\":\"https:\\\/\\\/lgigroup.com\\\/hu-hu\\\/?s={search_term_string}\"},\"query-input\":{\"@type\":\"PropertyValueSpecification\",\"valueRequired\":true,\"valueName\":\"search_term_string\"}}],\"inLanguage\":\"hu-hu\"},{\"@type\":\"Organization\",\"@id\":\"https:\\\/\\\/lgigroup.com\\\/hu-hu\\\/#organization\",\"name\":\"LGI GmbH\",\"url\":\"https:\\\/\\\/lgigroup.com\\\/hu-hu\\\/\",\"logo\":{\"@type\":\"ImageObject\",\"inLanguage\":\"hu-hu\",\"@id\":\"https:\\\/\\\/lgigroup.com\\\/hu-hu\\\/#\\\/schema\\\/logo\\\/image\\\/\",\"url\":\"https:\\\/\\\/lgigroup.com\\\/wp-content\\\/uploads\\\/2023\\\/01\\\/lgi-logo.png\",\"contentUrl\":\"https:\\\/\\\/lgigroup.com\\\/wp-content\\\/uploads\\\/2023\\\/01\\\/lgi-logo.png\",\"width\":420,\"height\":200,\"caption\":\"LGI GmbH\"},\"image\":{\"@id\":\"https:\\\/\\\/lgigroup.com\\\/hu-hu\\\/#\\\/schema\\\/logo\\\/image\\\/\"}}]}<\/script>\n<!-- \/ Yoast SEO plugin. -->","yoast_head_json":{"title":"Magatart\u00e1si k\u00f3dex\u00fcnk \u00e9s ir\u00e1nymutat\u00e1saink | LGI","description":"Felel\u0151ss\u00e9ggel tartozunk a t\u00e1rsadalmi, etikai \u00e9s \u00f6kol\u00f3giai k\u00e9rd\u00e9sek\u00e9rt. \u27a4 Itt tal\u00e1lja az egym\u00e1ssal val\u00f3 b\u00e1n\u00e1sm\u00f3dra vonatkoz\u00f3 ir\u00e1nyelveinket.","robots":{"index":"index","follow":"follow","max-snippet":"max-snippet:-1","max-image-preview":"max-image-preview:large","max-video-preview":"max-video-preview:-1"},"canonical":"https:\/\/lgigroup.com\/hu-hu\/wp-json\/wp\/v2\/pages\/2987","og_locale":"hu_HU","og_type":"article","og_title":"Magatart\u00e1si k\u00f3dex\u00fcnk \u00e9s ir\u00e1nymutat\u00e1saink | LGI","og_description":"Felel\u0151ss\u00e9ggel tartozunk a t\u00e1rsadalmi, etikai \u00e9s \u00f6kol\u00f3giai k\u00e9rd\u00e9sek\u00e9rt. \u27a4 Itt tal\u00e1lja az egym\u00e1ssal val\u00f3 b\u00e1n\u00e1sm\u00f3dra vonatkoz\u00f3 ir\u00e1nyelveinket.","og_url":"https:\/\/lgigroup.com\/hu-en\/guidelines-documents\/code-of-conduct\/","og_site_name":"LGI Group","article_modified_time":"2025-12-13T10:12:01+00:00","twitter_card":"summary_large_image","twitter_misc":{"Est. reading time":"1 minute"},"schema":{"@context":"https:\/\/schema.org","@graph":[{"@type":"WebPage","@id":"https:\/\/lgigroup.com\/hu-hu\/guidelines-documents\/code-of-conduct\/","url":"https:\/\/lgigroup.com\/hu-en\/guidelines-documents\/code-of-conduct\/","name":"Magatart\u00e1si k\u00f3dex\u00fcnk \u00e9s ir\u00e1nymutat\u00e1saink | LGI","isPartOf":{"@id":"https:\/\/lgigroup.com\/hu-hu\/#website"},"datePublished":"2023-01-18T12:20:36+00:00","dateModified":"2025-12-13T10:12:01+00:00","description":"Felel\u0151ss\u00e9ggel tartozunk a t\u00e1rsadalmi, etikai \u00e9s \u00f6kol\u00f3giai k\u00e9rd\u00e9sek\u00e9rt. \u27a4 Itt tal\u00e1lja az egym\u00e1ssal val\u00f3 b\u00e1n\u00e1sm\u00f3dra vonatkoz\u00f3 ir\u00e1nyelveinket.","breadcrumb":{"@id":"https:\/\/lgigroup.com\/hu-en\/guidelines-documents\/code-of-conduct\/#breadcrumb"},"inLanguage":"hu-hu","potentialAction":[{"@type":"ReadAction","target":["https:\/\/lgigroup.com\/hu-en\/guidelines-documents\/code-of-conduct\/"]}]},{"@type":"BreadcrumbList","@id":"https:\/\/lgigroup.com\/hu-en\/guidelines-documents\/code-of-conduct\/#breadcrumb","itemListElement":[{"@type":"ListItem","position":1,"name":"Startseite","item":"https:\/\/lgigroup.com\/hu-hu\/"},{"@type":"ListItem","position":2,"name":"Guidelines &amp; documents","item":"https:\/\/lgigroup.com\/hu-hu\/guidelines-documents\/"},{"@type":"ListItem","position":3,"name":"Code of Conduct"}]},{"@type":"WebSite","@id":"https:\/\/lgigroup.com\/hu-hu\/#website","url":"https:\/\/lgigroup.com\/hu-hu\/","name":"LGI Group","description":"","publisher":{"@id":"https:\/\/lgigroup.com\/hu-hu\/#organization"},"potentialAction":[{"@type":"SearchAction","target":{"@type":"EntryPoint","urlTemplate":"https:\/\/lgigroup.com\/hu-hu\/?s={search_term_string}"},"query-input":{"@type":"PropertyValueSpecification","valueRequired":true,"valueName":"search_term_string"}}],"inLanguage":"hu-hu"},{"@type":"Organization","@id":"https:\/\/lgigroup.com\/hu-hu\/#organization","name":"LGI GmbH","url":"https:\/\/lgigroup.com\/hu-hu\/","logo":{"@type":"ImageObject","inLanguage":"hu-hu","@id":"https:\/\/lgigroup.com\/hu-hu\/#\/schema\/logo\/image\/","url":"https:\/\/lgigroup.com\/wp-content\/uploads\/2023\/01\/lgi-logo.png","contentUrl":"https:\/\/lgigroup.com\/wp-content\/uploads\/2023\/01\/lgi-logo.png","width":420,"height":200,"caption":"LGI GmbH"},"image":{"@id":"https:\/\/lgigroup.com\/hu-hu\/#\/schema\/logo\/image\/"}}]}},"_links":{"self":[{"href":"https:\/\/lgigroup.com\/hu-hu\/wp-json\/wp\/v2\/pages\/2987","targetHints":{"allow":["GET"]}}],"collection":[{"href":"https:\/\/lgigroup.com\/hu-hu\/wp-json\/wp\/v2\/pages"}],"about":[{"href":"https:\/\/lgigroup.com\/hu-hu\/wp-json\/wp\/v2\/types\/page"}],"author":[{"embeddable":true,"href":"https:\/\/lgigroup.com\/hu-hu\/wp-json\/wp\/v2\/users\/1"}],"replies":[{"embeddable":true,"href":"https:\/\/lgigroup.com\/hu-hu\/wp-json\/wp\/v2\/comments?post=2987"}],"version-history":[{"count":9,"href":"https:\/\/lgigroup.com\/hu-hu\/wp-json\/wp\/v2\/pages\/2987\/revisions"}],"predecessor-version":[{"id":29586,"href":"https:\/\/lgigroup.com\/hu-hu\/wp-json\/wp\/v2\/pages\/2987\/revisions\/29586"}],"up":[{"embeddable":true,"href":"https:\/\/lgigroup.com\/hu-hu\/wp-json\/wp\/v2\/pages\/2091"}],"wp:attachment":[{"href":"https:\/\/lgigroup.com\/hu-hu\/wp-json\/wp\/v2\/media?parent=2987"}],"curies":[{"name":"wp","href":"https:\/\/api.w.org\/{rel}","templated":true}]}}