{"id":989,"date":"2023-01-09T11:53:17","date_gmt":"2023-01-09T10:53:17","guid":{"rendered":"https:\/\/lgigroup.com\/?page_id=989"},"modified":"2026-04-09T12:09:04","modified_gmt":"2026-04-09T10:09:04","slug":"impresszum","status":"publish","type":"page","link":"https:\/\/lgigroup.com\/hu-hu\/impresszum\/","title":{"rendered":"Legals"},"content":{"rendered":"\r\n\t\t<section class=\"titelbild-section titelbild-block-id-69f5bea7cdb1a titelbild-block-layout-\">\r\n            <div class=\"col-12 col-lg-12\">\r\n                <div class=\"full-bild\"> <img loading=\"lazy\" decoding=\"async\" width=\"1920\" height=\"700\" src=\"\/wp-content\/uploads\/2023\/02\/documents-on-a-desk-lgi.jpg\" class=\"img-fluid\" alt=\"Documents on a desk | LGI\" srcset=\"\/wp-content\/uploads\/2023\/02\/documents-on-a-desk-lgi.jpg 1920w, \/wp-content\/uploads\/2023\/02\/documents-on-a-desk-lgi-300x109.jpg 300w, \/wp-content\/uploads\/2023\/02\/documents-on-a-desk-lgi-1024x373.jpg 1024w, \/wp-content\/uploads\/2023\/02\/documents-on-a-desk-lgi-768x280.jpg 768w, \/wp-content\/uploads\/2023\/02\/documents-on-a-desk-lgi-1536x560.jpg 1536w\" sizes=\"auto, (max-width: 1920px) 100vw, 1920px\" \/><\/div>\r\n                <div class=\"bild-title container\">\r\n                    <div class=\"row\">\r\n                                <div class=\"col\">\r\n                                    <p class=\"headline wt-h1\"><\/p>\r\n                                <\/div>                                        \r\n                            <\/div> \r\n                <\/div>\r\n            <\/div>\r\n        <\/section>\r\n\t\n\n            \r\n        <div class=\"spacing-block large spacing-block-id-69f5bea7ced4f\" >                                     \r\n                  <div class=\"large-space\">   \r\n                  <\/div>                      \r\n        <\/div>\n\n\r\n                <div class=\"headline-block \">\r\n                    \r\n                        <div class=\"container\">                            \r\n                            \r\n                            \r\n                            <div class=\"row\">\r\n                                <div class=\"col\">\r\n                                    <h1 class=\"wt-h1 wt-font-color-dark-grey\">Impresszum<\/h1>\r\n                                <\/div>                                        \r\n                            <\/div>                                                                                                    \r\n                        <\/div>                                \r\n                <\/div>\r\n            \n\n            \r\n        <div class=\"spacing-block extrasmall spacing-block-id-69f5bea7ceee2\" >                                     \r\n                  <div class=\"extra-small-space\">   \r\n                  <\/div>                      \r\n        <\/div>\n\n   \r\n    \r\n    <div class=\"grey-line-block grey-line-block-id-69f5bea7cefa3\">\r\n        \r\n        <div class=\"container\">\r\n            <div class=\"row\">\r\n                <div class=\"col test\">\r\n                    <div class=\"grey-line-block-line\"><\/div>\r\n                <\/div>                \r\n            <\/div>\r\n        <\/div>\r\n        \r\n    <\/div>\n\n            \r\n        <div class=\"spacing-block small spacing-block-id-69f5bea7cf068\" >                                     \r\n                  <div class=\"small-space\">   \r\n                  <\/div>                      \r\n        <\/div>\n\n\n<div class=\"wp-block-group container\"><div class=\"wp-block-group__inner-container is-layout-constrained wp-block-group-is-layout-constrained\">\n<p>Az impresszum a k\u00f6vetkez\u0151 k\u00f6z\u00f6ss\u00e9gi m\u00e9dia csatorn\u00e1kra is vonatkozik: <a href=\"https:\/\/business.facebook.com\/LGILogistics\/\" target=\"_blank\" rel=\"noreferrer noopener\">Facebook<\/a>, <a href=\"https:\/\/www.xing.com\/companies\/lgilogisticsgroupinternationalgmbh\" target=\"_blank\" rel=\"noreferrer noopener\">Xing<\/a>, <a href=\"https:\/\/www.linkedin.com\/company\/lgi-logistics-group-international-gmbh\/\" target=\"_blank\" rel=\"noreferrer noopener\">LinkedIn<\/a>.<\/p>\n\n\n\n<p><strong>A DDG 5. \u00a7-a szerinti adatok<\/strong><\/p>\n\n\n\n<p>LGI Logistics Group International GmbH<br>Konrad-Zuse-Stra\u00dfe 10<br>71034 B\u00f6blingen<\/p>\n\n\n\n<p>Vez\u00e9rigazgat\u00f3:<br>Florian Beck, Holger Funk<\/p>\n\n\n            \r\n        <div class=\"spacing-block small spacing-block-id-69f5bea7cf307\" >                                     \r\n                  <div class=\"small-space\">   \r\n                  <\/div>                      \r\n        <\/div>\n\n\r\n                <div class=\"headline-block \">\r\n                    \r\n                        <h2 class=\"wt-subheadline wt-sl\">Kapcsolat<\/h2>\r\n                            \r\n                        \r\n                                                            \r\n                <\/div>\r\n            \n\n            \r\n        <div class=\"spacing-block doublesmall spacing-block-id-69f5bea7cf3d8\" >                                     \r\n                  <div class=\"double-small-space\">   \r\n                  <\/div>                      \r\n        <\/div>\n\n\n<p>Telefon: <a href=\"tel:%2b%34%39%37%30%33%31%32%30%30%39%30\">+49 7031 2009 0<\/a><br>E-mail:\u00a0<a class=\"click_mail\" href=\"&#109;&#97;&#105;&#108;&#116;&#111;&#58;%69%6e%66%6f@%6c%67%69.%64%65 \" rel=\"noreferrer noopener\">&#x69;&#x6e;&#x66;&#x6f;&#x40;&#x6c;&#x67;&#x69;&#x2e;&#x64;&#x65;<\/a><br>Website: www.lgigroup.com<\/p>\n\n\n\n<p><strong>C\u00e9gb\u00edr\u00f3s\u00e1g<\/strong><br>A c\u00e9gnyilv\u00e1ntart\u00e1sba bejegyzett.<br>A nyilv\u00e1ntart\u00e1st vezet\u0151 b\u00edr\u00f3s\u00e1g: Amtsgericht Stuttgart<br>Nyilv\u00e1ntart\u00e1si sz\u00e1m: HRB 243806<\/p>\n\n\n\n<p><strong>H\u00c9A-azonos\u00edt\u00f3<br><\/strong>H\u00c9A-azonos\u00edt\u00f3 sz\u00e1m a H\u00c9A-t\u00f6rv\u00e9ny 27. \u00a7-a szerint:<br>DE 172126257<\/p>\n\n\n\n<p><strong>fel\u00fcgyeleti hat\u00f3s\u00e1gok<\/strong><br>Supervisory Authority for freight traffic:<br>Bundesamt f\u00fcr Logistik und Mobilit\u00e4t (BALM)<br>Werderstr. 34<br>50672 K\u00f6ln<br>Website: <a href=\"http:\/\/www.balm.bund.de\">www.balm.bund.de<\/a><\/p>\n\n\n\n<p>Responsible Lower Transportation Authority:<br>Landratsamt B\u00f6blingen<br>Stra\u00dfenverkehrsbeh\u00f6rde<br>Parkstr. 16<br>71034 B\u00f6blingen<br>Website: <a href=\"http:\/\/www.lrabb.de\">www.lrabb.de<\/a><\/p>\n\n\n\n<p><strong>A tartalom\u00e9rt felel\u0151s szem\u00e9ly a MStV 18. \u00a7 (2) bekezd\u00e9se szerint<\/strong><br>Florian Beck<br>LGI Logistics Group International GmbH<br>Konrad-Zuse-Stra\u00dfe 10<br>71034 B\u00f6blingen<\/p>\n\n\n\n<p><strong>Fogyaszt\u00f3i jogvit\u00e1k rendez\u00e9se \/ \u00c1ltal\u00e1nos vitarendez\u00e9si test\u00fclet<\/strong><br>Nem \u00e1ll sz\u00e1nd\u00e9kunkban, \u00e9s nem is vagyunk k\u00f6telesek r\u00e9szt venni a fogyaszt\u00f3i vitarendez\u00e9si test\u00fclet el\u0151tt foly\u00f3 vitarendez\u00e9si elj\u00e1r\u00e1sokban.<\/p>\n\n\n\n<p>Forr\u00e1s: <a href=\"https:\/\/www.e-recht24.de\/\">eRecht24<\/a><\/p>\n\n\n\n<p><strong>A felhaszn\u00e1lt m\u00e9diaforr\u00e1sok hivatkoz\u00e1sai<\/strong><br>A k\u00e9pek szerz\u0151i jogai az LGI Logistics Group International GmbH-t vagy valamelyik le\u00e1nyv\u00e1llalat\u00e1t illetik.<\/p>\n\n\n            \r\n        <div class=\"spacing-block small spacing-block-id-69f5bea7cf7b7\" >                                     \r\n                  <div class=\"small-space\">   \r\n                  <\/div>                      \r\n        <\/div>\n\n\n<p><strong>Digit\u00e1lis megval\u00f3s\u00edt\u00e1s<\/strong><br>A <a href=\"http:\/\/webthinker.de\">WebThinker GmbH<\/a> \u00e1ltal tervezve \u00e9s megval\u00f3s\u00edtva.<br><a href=\"https:\/\/www.google.com\/partners\/agency?id=5149882286\">Google Premium<\/a> \u00e9s <a href=\"https:\/\/www.shopware.com\/de\/partner\/agenturen\/webthinker-gmbh\/\">Shopware Partner<\/a> az \u00f6tlett\u0151l a rendszer \u00e9les\u00edt\u00e9s\u00e9ig k\u00eds\u00e9rj\u00fck a v\u00e1llalkoz\u00e1sokat<br>szem\u00e9lyre szabott digit\u00e1lis megold\u00e1sokkal, a min\u0151s\u00e9gre \u00e9s a fenntarthat\u00f3 n\u00f6veked\u00e9sre helyezve a hangs\u00falyt.<\/p>\n\n\n\n<script type=\"application\/ld+json\">\n{\n  \"@context\": \"https:\/\/schema.org\",\n  \"@type\": \"WebSite\",\n  \"creator\": {\n    \"@type\": \"Organization\",\n    \"name\": \"WebThinker GmbH\",\n    \"url\": \"https:\/\/www.webthinker.de\",\n    \"address\": {\n      \"@type\": \"PostalAddress\",\n      \"addressLocality\": \"Ditzingen\",\n      \"addressRegion\": \"Baden-W\u00fcrttemberg\",\n      \"addressCountry\": \"DE\"\n    },\n    \"areaServed\": {\n      \"@type\": \"City\",\n      \"name\": \"Stuttgart\"\n    },\n    \"award\": [\n      \"Google Premium Partner\",\n      \"Shopware Partner\"\n    ],\n    \"knowsAbout\": [\n      \"Web-Entwicklung\",\n      \"Online-Marketing\",\n      \"Digitale Transformation\"\n    ]\n  }\n}\n<\/script>\n\n\n            \r\n        <div class=\"spacing-block large spacing-block-id-69f5bea7cf8e6\" >                                     \r\n                  <div class=\"large-space\">   \r\n                  <\/div>                      \r\n        <\/div><\/div><\/div>\n","protected":false},"excerpt":{"rendered":"<p>Az impresszum a k\u00f6vetkez\u0151 k\u00f6z\u00f6ss\u00e9gi m\u00e9dia csatorn\u00e1kra is vonatkozik: Facebook, Xing, LinkedIn. A DDG 5. \u00a7-a szerinti adatok LGI Logistics Group International GmbHKonrad-Zuse-Stra\u00dfe 1071034 B\u00f6blingen Vez\u00e9rigazgat\u00f3:Florian Beck, Holger Funk Telefon: +49 7031 2009 0E-mail:\u00a0Website: www.lgigroup.com C\u00e9gb\u00edr\u00f3s\u00e1gA c\u00e9gnyilv\u00e1ntart\u00e1sba bejegyzett.A nyilv\u00e1ntart\u00e1st vezet\u0151 b\u00edr\u00f3s\u00e1g: Amtsgericht StuttgartNyilv\u00e1ntart\u00e1si sz\u00e1m: HRB 243806 H\u00c9A-azonos\u00edt\u00f3H\u00c9A-azonos\u00edt\u00f3 sz\u00e1m a H\u00c9A-t\u00f6rv\u00e9ny 27. \u00a7-a szerint:DE 172126257 fel\u00fcgyeleti [&hellip;]<\/p>\n","protected":false},"author":1,"featured_media":0,"parent":0,"menu_order":0,"comment_status":"closed","ping_status":"closed","template":"","meta":{"footnotes":""},"class_list":["post-989","page","type-page","status-publish","hentry"],"yoast_head":"<!-- This site is optimized with the Yoast SEO plugin v27.3 - https:\/\/yoast.com\/product\/yoast-seo-wordpress\/ -->\n<title>Az LGI impresszuma - Az \u00d6n ell\u00e1t\u00e1si l\u00e1nc szak\u00e9rt\u0151je<\/title>\n<meta name=\"description\" content=\"Az impresszumban megtal\u00e1l minden inform\u00e1ci\u00f3t a tartalmunkr\u00f3l, postac\u00edmet, jogi k\u00f6zlem\u00e9nyeket \u00e9s egyebeket. \u27a4 Inform\u00e1ljon most\" \/>\n<meta name=\"robots\" content=\"index, follow, max-snippet:-1, max-image-preview:large, max-video-preview:-1\" \/>\n<link rel=\"canonical\" href=\"https:\/\/lgigroup.com\/hu-hu\/wp-json\/wp\/v2\/pages\/989\" \/>\n<meta property=\"og:locale\" content=\"hu_HU\" \/>\n<meta property=\"og:type\" content=\"article\" \/>\n<meta property=\"og:title\" content=\"Az LGI impresszuma - Az \u00d6n ell\u00e1t\u00e1si l\u00e1nc szak\u00e9rt\u0151je\" \/>\n<meta property=\"og:description\" content=\"Az impresszumban megtal\u00e1l minden inform\u00e1ci\u00f3t a tartalmunkr\u00f3l, postac\u00edmet, jogi k\u00f6zlem\u00e9nyeket \u00e9s egyebeket. \u27a4 Inform\u00e1ljon most\" \/>\n<meta property=\"og:url\" content=\"https:\/\/lgigroup.com\/hu-hu\/impresszum\/\" \/>\n<meta property=\"og:site_name\" content=\"LGI Group\" \/>\n<meta property=\"article:modified_time\" content=\"2026-04-09T10:09:04+00:00\" \/>\n<meta name=\"twitter:card\" content=\"summary_large_image\" \/>\n<meta name=\"twitter:label1\" content=\"Est. reading time\" \/>\n\t<meta name=\"twitter:data1\" content=\"1 minute\" \/>\n<script type=\"application\/ld+json\" class=\"yoast-schema-graph\">{\"@context\":\"https:\\\/\\\/schema.org\",\"@graph\":[{\"@type\":\"WebPage\",\"@id\":\"https:\\\/\\\/lgigroup.com\\\/hu-hu\\\/impresszum\\\/\",\"url\":\"https:\\\/\\\/lgigroup.com\\\/hu-hu\\\/impresszum\\\/\",\"name\":\"Az LGI impresszuma - Az \u00d6n ell\u00e1t\u00e1si l\u00e1nc szak\u00e9rt\u0151je\",\"isPartOf\":{\"@id\":\"https:\\\/\\\/lgigroup.com\\\/hu-hu\\\/#website\"},\"datePublished\":\"2023-01-09T10:53:17+00:00\",\"dateModified\":\"2026-04-09T10:09:04+00:00\",\"description\":\"Az impresszumban megtal\u00e1l minden inform\u00e1ci\u00f3t a tartalmunkr\u00f3l, postac\u00edmet, jogi k\u00f6zlem\u00e9nyeket \u00e9s egyebeket. \u27a4 Inform\u00e1ljon most\",\"breadcrumb\":{\"@id\":\"https:\\\/\\\/lgigroup.com\\\/hu-hu\\\/impresszum\\\/#breadcrumb\"},\"inLanguage\":\"hu-hu\",\"potentialAction\":[{\"@type\":\"ReadAction\",\"target\":[\"https:\\\/\\\/lgigroup.com\\\/hu-hu\\\/impresszum\\\/\"]}]},{\"@type\":\"BreadcrumbList\",\"@id\":\"https:\\\/\\\/lgigroup.com\\\/hu-hu\\\/impresszum\\\/#breadcrumb\",\"itemListElement\":[{\"@type\":\"ListItem\",\"position\":1,\"name\":\"Startseite\",\"item\":\"https:\\\/\\\/lgigroup.com\\\/hu-hu\\\/\"},{\"@type\":\"ListItem\",\"position\":2,\"name\":\"Legals\"}]},{\"@type\":\"WebSite\",\"@id\":\"https:\\\/\\\/lgigroup.com\\\/hu-hu\\\/#website\",\"url\":\"https:\\\/\\\/lgigroup.com\\\/hu-hu\\\/\",\"name\":\"LGI Group\",\"description\":\"\",\"publisher\":{\"@id\":\"https:\\\/\\\/lgigroup.com\\\/hu-hu\\\/#organization\"},\"potentialAction\":[{\"@type\":\"SearchAction\",\"target\":{\"@type\":\"EntryPoint\",\"urlTemplate\":\"https:\\\/\\\/lgigroup.com\\\/hu-hu\\\/?s={search_term_string}\"},\"query-input\":{\"@type\":\"PropertyValueSpecification\",\"valueRequired\":true,\"valueName\":\"search_term_string\"}}],\"inLanguage\":\"hu-hu\"},{\"@type\":\"Organization\",\"@id\":\"https:\\\/\\\/lgigroup.com\\\/hu-hu\\\/#organization\",\"name\":\"LGI GmbH\",\"url\":\"https:\\\/\\\/lgigroup.com\\\/hu-hu\\\/\",\"logo\":{\"@type\":\"ImageObject\",\"inLanguage\":\"hu-hu\",\"@id\":\"https:\\\/\\\/lgigroup.com\\\/hu-hu\\\/#\\\/schema\\\/logo\\\/image\\\/\",\"url\":\"https:\\\/\\\/lgigroup.com\\\/wp-content\\\/uploads\\\/2023\\\/01\\\/lgi-logo.png\",\"contentUrl\":\"https:\\\/\\\/lgigroup.com\\\/wp-content\\\/uploads\\\/2023\\\/01\\\/lgi-logo.png\",\"width\":420,\"height\":200,\"caption\":\"LGI GmbH\"},\"image\":{\"@id\":\"https:\\\/\\\/lgigroup.com\\\/hu-hu\\\/#\\\/schema\\\/logo\\\/image\\\/\"}}]}<\/script>\n<!-- \/ Yoast SEO plugin. -->","yoast_head_json":{"title":"Az LGI impresszuma - Az \u00d6n ell\u00e1t\u00e1si l\u00e1nc szak\u00e9rt\u0151je","description":"Az impresszumban megtal\u00e1l minden inform\u00e1ci\u00f3t a tartalmunkr\u00f3l, postac\u00edmet, jogi k\u00f6zlem\u00e9nyeket \u00e9s egyebeket. \u27a4 Inform\u00e1ljon most","robots":{"index":"index","follow":"follow","max-snippet":"max-snippet:-1","max-image-preview":"max-image-preview:large","max-video-preview":"max-video-preview:-1"},"canonical":"https:\/\/lgigroup.com\/hu-hu\/wp-json\/wp\/v2\/pages\/989","og_locale":"hu_HU","og_type":"article","og_title":"Az LGI impresszuma - Az \u00d6n ell\u00e1t\u00e1si l\u00e1nc szak\u00e9rt\u0151je","og_description":"Az impresszumban megtal\u00e1l minden inform\u00e1ci\u00f3t a tartalmunkr\u00f3l, postac\u00edmet, jogi k\u00f6zlem\u00e9nyeket \u00e9s egyebeket. \u27a4 Inform\u00e1ljon most","og_url":"https:\/\/lgigroup.com\/hu-hu\/impresszum\/","og_site_name":"LGI Group","article_modified_time":"2026-04-09T10:09:04+00:00","twitter_card":"summary_large_image","twitter_misc":{"Est. reading time":"1 minute"},"schema":{"@context":"https:\/\/schema.org","@graph":[{"@type":"WebPage","@id":"https:\/\/lgigroup.com\/hu-hu\/impresszum\/","url":"https:\/\/lgigroup.com\/hu-hu\/impresszum\/","name":"Az LGI impresszuma - Az \u00d6n ell\u00e1t\u00e1si l\u00e1nc szak\u00e9rt\u0151je","isPartOf":{"@id":"https:\/\/lgigroup.com\/hu-hu\/#website"},"datePublished":"2023-01-09T10:53:17+00:00","dateModified":"2026-04-09T10:09:04+00:00","description":"Az impresszumban megtal\u00e1l minden inform\u00e1ci\u00f3t a tartalmunkr\u00f3l, postac\u00edmet, jogi k\u00f6zlem\u00e9nyeket \u00e9s egyebeket. \u27a4 Inform\u00e1ljon most","breadcrumb":{"@id":"https:\/\/lgigroup.com\/hu-hu\/impresszum\/#breadcrumb"},"inLanguage":"hu-hu","potentialAction":[{"@type":"ReadAction","target":["https:\/\/lgigroup.com\/hu-hu\/impresszum\/"]}]},{"@type":"BreadcrumbList","@id":"https:\/\/lgigroup.com\/hu-hu\/impresszum\/#breadcrumb","itemListElement":[{"@type":"ListItem","position":1,"name":"Startseite","item":"https:\/\/lgigroup.com\/hu-hu\/"},{"@type":"ListItem","position":2,"name":"Legals"}]},{"@type":"WebSite","@id":"https:\/\/lgigroup.com\/hu-hu\/#website","url":"https:\/\/lgigroup.com\/hu-hu\/","name":"LGI Group","description":"","publisher":{"@id":"https:\/\/lgigroup.com\/hu-hu\/#organization"},"potentialAction":[{"@type":"SearchAction","target":{"@type":"EntryPoint","urlTemplate":"https:\/\/lgigroup.com\/hu-hu\/?s={search_term_string}"},"query-input":{"@type":"PropertyValueSpecification","valueRequired":true,"valueName":"search_term_string"}}],"inLanguage":"hu-hu"},{"@type":"Organization","@id":"https:\/\/lgigroup.com\/hu-hu\/#organization","name":"LGI GmbH","url":"https:\/\/lgigroup.com\/hu-hu\/","logo":{"@type":"ImageObject","inLanguage":"hu-hu","@id":"https:\/\/lgigroup.com\/hu-hu\/#\/schema\/logo\/image\/","url":"https:\/\/lgigroup.com\/wp-content\/uploads\/2023\/01\/lgi-logo.png","contentUrl":"https:\/\/lgigroup.com\/wp-content\/uploads\/2023\/01\/lgi-logo.png","width":420,"height":200,"caption":"LGI GmbH"},"image":{"@id":"https:\/\/lgigroup.com\/hu-hu\/#\/schema\/logo\/image\/"}}]}},"_links":{"self":[{"href":"https:\/\/lgigroup.com\/hu-hu\/wp-json\/wp\/v2\/pages\/989","targetHints":{"allow":["GET"]}}],"collection":[{"href":"https:\/\/lgigroup.com\/hu-hu\/wp-json\/wp\/v2\/pages"}],"about":[{"href":"https:\/\/lgigroup.com\/hu-hu\/wp-json\/wp\/v2\/types\/page"}],"author":[{"embeddable":true,"href":"https:\/\/lgigroup.com\/hu-hu\/wp-json\/wp\/v2\/users\/1"}],"replies":[{"embeddable":true,"href":"https:\/\/lgigroup.com\/hu-hu\/wp-json\/wp\/v2\/comments?post=989"}],"version-history":[{"count":17,"href":"https:\/\/lgigroup.com\/hu-hu\/wp-json\/wp\/v2\/pages\/989\/revisions"}],"predecessor-version":[{"id":30757,"href":"https:\/\/lgigroup.com\/hu-hu\/wp-json\/wp\/v2\/pages\/989\/revisions\/30757"}],"wp:attachment":[{"href":"https:\/\/lgigroup.com\/hu-hu\/wp-json\/wp\/v2\/media?parent=989"}],"curies":[{"name":"wp","href":"https:\/\/api.w.org\/{rel}","templated":true}]}}