{"id":936,"date":"2023-01-09T11:53:17","date_gmt":"2023-01-09T10:53:17","guid":{"rendered":"https:\/\/lgigroup.com\/?page_id=936"},"modified":"2025-06-30T10:32:49","modified_gmt":"2025-06-30T08:32:49","slug":"legals","status":"publish","type":"page","link":"https:\/\/lgigroup.com\/nl-en\/legals\/","title":{"rendered":"Legals"},"content":{"rendered":"\r\n\t\t<section class=\"titelbild-section titelbild-block-id-69d0c8fd7b1ac titelbild-block-layout-\">\r\n            <div class=\"col-12 col-lg-12\">\r\n                <div class=\"full-bild\"> <img loading=\"lazy\" decoding=\"async\" width=\"1920\" height=\"700\" src=\"\/wp-content\/uploads\/2023\/02\/documents-on-a-desk-lgi.jpg\" class=\"img-fluid\" alt=\"Documents on a desk | LGI\" srcset=\"\/wp-content\/uploads\/2023\/02\/documents-on-a-desk-lgi.jpg 1920w, \/wp-content\/uploads\/2023\/02\/documents-on-a-desk-lgi-300x109.jpg 300w, \/wp-content\/uploads\/2023\/02\/documents-on-a-desk-lgi-1024x373.jpg 1024w, \/wp-content\/uploads\/2023\/02\/documents-on-a-desk-lgi-768x280.jpg 768w, \/wp-content\/uploads\/2023\/02\/documents-on-a-desk-lgi-1536x560.jpg 1536w\" sizes=\"auto, (max-width: 1920px) 100vw, 1920px\" \/><\/div>\r\n                <div class=\"bild-title container\">\r\n                    <div class=\"row\">\r\n                                <div class=\"col\">\r\n                                    <p class=\"headline wt-h1\"><\/p>\r\n                                <\/div>                                        \r\n                            <\/div> \r\n                <\/div>\r\n            <\/div>\r\n        <\/section>\r\n\t\n\n            \r\n        <div class=\"spacing-block large spacing-block-id-69d0c8fd7b75b\" >                                     \r\n                  <div class=\"large-space\">   \r\n                  <\/div>                      \r\n        <\/div>\n\n\r\n                <div class=\"headline-block \">\r\n                    \r\n                        <div class=\"container\">                            \r\n                            \r\n                            \r\n                            <div class=\"row\">\r\n                                <div class=\"col\">\r\n                                    <h1 class=\"wt-h1 wt-font-color-dark-grey\">Legals<\/h1>\r\n                                <\/div>                                        \r\n                            <\/div>                                                                                                    \r\n                        <\/div>                                \r\n                <\/div>\r\n            \n\n            \r\n        <div class=\"spacing-block extrasmall spacing-block-id-69d0c8fd7b98e\" >                                     \r\n                  <div class=\"extra-small-space\">   \r\n                  <\/div>                      \r\n        <\/div>\n\n   \r\n    \r\n    <div class=\"grey-line-block grey-line-block-id-69d0c8fd7bac9\">\r\n        \r\n        <div class=\"container\">\r\n            <div class=\"row\">\r\n                <div class=\"col test\">\r\n                    <div class=\"grey-line-block-line\"><\/div>\r\n                <\/div>                \r\n            <\/div>\r\n        <\/div>\r\n        \r\n    <\/div>\n\n            \r\n        <div class=\"spacing-block small spacing-block-id-69d0c8fd7bbd8\" >                                     \r\n                  <div class=\"small-space\">   \r\n                  <\/div>                      \r\n        <\/div>\n\n\n<div class=\"wp-block-group container\"><div class=\"wp-block-group__inner-container is-layout-constrained wp-block-group-is-layout-constrained\">\n<p>LGI Logistics Group International GmbH is a limited company governed by German law based in B\u00f6blingen.<\/p>\n\n\n\n<p><strong>Postal adress<br><\/strong>LGI Logistics Group International GmbH<br>Konrad-Zuse-Stra\u00dfe 10<br>71034 B\u00f6blingen<br>Germany<\/p>\n\n\n\n<p>Phone. <a href=\"tel:+49703222910\">+49 7032 2291 0<\/a><br>Fax.&nbsp; +49 7032 2291 111<br>eMail. <a class=\"click_mail\" href=\"&#109;&#97;&#105;&#108;&#116;&#111;&#58;%69%6e%66%6f@%6c%67%69.%64%65 \" rel=\"noreferrer noopener\">&#x69;&#x6e;&#x66;&#x6f;&#x40;&#x6c;&#x67;&#x69;&#x2e;&#x64;&#x65;<\/a><\/p>\n\n\n\n<p><strong>Chief Executive Officers<br><\/strong>Florian Beck, Holger Funk<\/p>\n\n\n\n<p><strong>Register of Companies<\/strong><br>LGI Logistics Group International GmbH is registered on the&nbsp;Stuttgart Register of Companies, reference HRB 243806.<\/p>\n\n\n\n<p><strong>VAT No<br><\/strong>DE 172126257<\/p>\n\n\n\n<p><strong>Concept &amp; Realization<\/strong><br>WebThinker Stuttgart&nbsp;<a href=\"https:\/\/www.webthinker.de\/leistungen\/webdesign\/\" target=\"_blank\" rel=\"noreferrer noopener\">Webdesign<\/a>&nbsp;&amp;&nbsp;<a href=\"https:\/\/www.webthinker.de\/leistungen\/online-marketing\/\" target=\"_blank\" rel=\"noreferrer noopener\">Online Marketing \/ SEO<\/a><br><a href=\"https:\/\/www.webthinker.de\/\" target=\"_blank\" rel=\"noreferrer noopener\">www.webthinker.de<\/a><\/p>\n\n\n            \r\n        <div class=\"spacing-block small spacing-block-id-69d0c8fd7c11b\" >                                     \r\n                  <div class=\"small-space\">   \r\n                  <\/div>                      \r\n        <\/div>\n\n\r\n                <div class=\"headline-block \">\r\n                    \r\n                        <h2 class=\"wt-subheadline wt-sl\">Legal notice<\/h2>\r\n                            \r\n                        \r\n                                                            \r\n                <\/div>\r\n            \n\n            \r\n        <div class=\"spacing-block doublesmall spacing-block-id-69d0c8fd7c23a\" >                                     \r\n                  <div class=\"double-small-space\">   \r\n                  <\/div>                      \r\n        <\/div>\n\n\n<p>LGI Logistics Group International GmbH does everything within its power to check and update the information provided on this website on an on-going basis. Despite the utmost care and attention invested in keeping this website up to date, on occasion certain information is subject to change. The owners of this website cannot guarantee in any form or manner that the quality or content of the information on this website is either complete, accurate or up-to-date. The same applies to any other third-party websites with a link from this website. LGI Logistics Group International GmbH is not responsible for the content of websites reached via links on this website.<\/p>\n\n\n\n<p><strong>Specifications in accordance with \u00a7 5 of DDG<\/strong><br>LGI Logistics Group International GmbH<br>Konrad-Zuse-Stra\u00dfe 10<br>71034 B\u00f6blingen, Germany<\/p>\n\n\n\n<p><strong>Responsible for the content in accordance with<br>\u00a7 18 Par. 3 of the German Interstate Media Agreement (MStV)<\/strong><br>Florian Beck<br>Chief \u00a0Executive Officer (CEO)<br>LGI Logistics Group International GmbH<br>Konrad-Zuse-Stra\u00dfe 10<br>71034 B\u00f6blingen, Germany<\/p>\n\n\n\n<p><strong>Supervisory Authority for freight traffic<\/strong><br>Bundesamt f\u00fcr Logistik und Mobilit\u00e4t (BALM)<br>Werderstr. 34<br>50672 K\u00f6ln<br><a href=\"http:\/\/www.balm.bund.de\" target=\"_blank\" rel=\"noreferrer noopener\">www.balm.bund.de<\/a><\/p>\n\n\n\n<p>Responsible Lower Transportation Authority<br>Landratsamt B\u00f6blingen<br>Stra\u00dfenverkehrsbeh\u00f6rde<br>Parkstr. 16<br>71034 B\u00f6blingen<br><a href=\"http:\/\/www.lrabb.de\" target=\"_blank\" rel=\"noreferrer noopener\">www.lrabb.de<\/a><\/p>\n\n\n\n<p><strong>List of references for media used<\/strong><br>LGI Logistics Group International GmbH or one of her subsidiaries owns the image rights.<\/p>\n\n\n            \r\n        <div class=\"spacing-block small spacing-block-id-69d0c8fd7c61a\" >                                     \r\n                  <div class=\"small-space\">   \r\n                  <\/div>                      \r\n        <\/div>\n\n\r\n                <div class=\"headline-block \">\r\n                    \r\n                        <h2 class=\"wt-subheadline wt-sl\">Copyright<\/h2>\r\n                            \r\n                        \r\n                                                            \r\n                <\/div>\r\n            \n\n            \r\n        <div class=\"spacing-block doublesmall spacing-block-id-69d0c8fd7c70a\" >                                     \r\n                  <div class=\"double-small-space\">   \r\n                  <\/div>                      \r\n        <\/div>\n\n\n<p>The content and works created on these pages by webmasters is subject to German copyright law. Duplication, revision, distribution or any use outside of the limits of copyright law requires written permission from the respective author or creator. Downloads and copies of this page are only authorized for private, non-commercial use. To the extent that the content on this page was not created by the webmaster, the copyrights of third parties observed. Content from third parties in particular shall be identified as such. If you discover a copyright violation in spite of these stipulations, please notify us immediately. If applicable violations are identified, we shall remove the associated content immediately.<\/p>\n\n\n\n<p><strong>Legals are also valid for the social media channels given below:<\/strong><br><a href=\"https:\/\/business.facebook.com\/LGILogistics\/\" target=\"_blank\" rel=\"noreferrer noopener\">Facebook<\/a><br><a href=\"https:\/\/www.xing.com\/companies\/lgilogisticsgroupinternationalgmbh\" target=\"_blank\" rel=\"noreferrer noopener\">Xing<\/a><br><a href=\"https:\/\/www.linkedin.com\/company\/lgi-logistics-group-international-gmbh\/\" target=\"_blank\" rel=\"noreferrer noopener\">LinkedIn<\/a><\/p>\n<\/div><\/div>\n\n\n            \r\n        <div class=\"spacing-block large spacing-block-id-69d0c8fd7dec4\" >                                     \r\n                  <div class=\"large-space\">   \r\n                  <\/div>                      \r\n        <\/div>","protected":false},"excerpt":{"rendered":"<p>LGI Logistics Group International GmbH is a limited company governed by German law based in B\u00f6blingen. Postal adressLGI Logistics Group International GmbHKonrad-Zuse-Stra\u00dfe 1071034 B\u00f6blingenGermany Phone. +49 7032 2291 0Fax.&nbsp; +49 7032 2291 111eMail. Chief Executive OfficersFlorian Beck, Holger Funk Register of CompaniesLGI Logistics Group International GmbH is registered on the&nbsp;Stuttgart Register of Companies, reference HRB [&hellip;]<\/p>\n","protected":false},"author":1,"featured_media":0,"parent":0,"menu_order":0,"comment_status":"closed","ping_status":"closed","template":"","meta":{"footnotes":""},"class_list":["post-936","page","type-page","status-publish","hentry"],"yoast_head":"<!-- This site is optimized with the Yoast SEO plugin v27.3 - https:\/\/yoast.com\/product\/yoast-seo-wordpress\/ -->\n<title>Imprint of LGI - Your supply chain expert<\/title>\n<meta name=\"description\" content=\"Find all information about our content, postal address, legal notices &amp; more in the imprint. \u27a4 Inform now.\" \/>\n<meta name=\"robots\" content=\"index, follow, max-snippet:-1, max-image-preview:large, max-video-preview:-1\" \/>\n<link rel=\"canonical\" href=\"https:\/\/lgigroup.com\/nl-en\/wp-json\/wp\/v2\/pages\/936\" \/>\n<meta property=\"og:locale\" content=\"nl_NL\" \/>\n<meta property=\"og:type\" content=\"article\" \/>\n<meta property=\"og:title\" content=\"Imprint of LGI - Your supply chain expert\" \/>\n<meta property=\"og:description\" content=\"Find all information about our content, postal address, legal notices &amp; more in the imprint. \u27a4 Inform now.\" \/>\n<meta property=\"og:url\" content=\"https:\/\/lgigroup.com\/nl-en\/legals\/\" \/>\n<meta property=\"og:site_name\" content=\"LGI Group\" \/>\n<meta property=\"article:modified_time\" content=\"2025-06-30T08:32:49+00:00\" \/>\n<meta name=\"twitter:card\" content=\"summary_large_image\" \/>\n<meta name=\"twitter:label1\" content=\"Est. reading time\" \/>\n\t<meta name=\"twitter:data1\" content=\"2 minutes\" \/>\n<script type=\"application\/ld+json\" class=\"yoast-schema-graph\">{\"@context\":\"https:\\\/\\\/schema.org\",\"@graph\":[{\"@type\":\"WebPage\",\"@id\":\"https:\\\/\\\/lgigroup.com\\\/nl-en\\\/legals\\\/\",\"url\":\"https:\\\/\\\/lgigroup.com\\\/nl-en\\\/legals\\\/\",\"name\":\"Imprint of LGI - Your supply chain expert\",\"isPartOf\":{\"@id\":\"https:\\\/\\\/lgigroup.com\\\/nl-en\\\/#website\"},\"datePublished\":\"2023-01-09T10:53:17+00:00\",\"dateModified\":\"2025-06-30T08:32:49+00:00\",\"description\":\"Find all information about our content, postal address, legal notices & more in the imprint. \u27a4 Inform now.\",\"breadcrumb\":{\"@id\":\"https:\\\/\\\/lgigroup.com\\\/nl-en\\\/legals\\\/#breadcrumb\"},\"inLanguage\":\"nl-EN\",\"potentialAction\":[{\"@type\":\"ReadAction\",\"target\":[\"https:\\\/\\\/lgigroup.com\\\/nl-en\\\/legals\\\/\"]}]},{\"@type\":\"BreadcrumbList\",\"@id\":\"https:\\\/\\\/lgigroup.com\\\/nl-en\\\/legals\\\/#breadcrumb\",\"itemListElement\":[{\"@type\":\"ListItem\",\"position\":1,\"name\":\"Startseite\",\"item\":\"https:\\\/\\\/lgigroup.com\\\/nl-en\\\/\"},{\"@type\":\"ListItem\",\"position\":2,\"name\":\"Legals\"}]},{\"@type\":\"WebSite\",\"@id\":\"https:\\\/\\\/lgigroup.com\\\/nl-en\\\/#website\",\"url\":\"https:\\\/\\\/lgigroup.com\\\/nl-en\\\/\",\"name\":\"LGI Group\",\"description\":\"\",\"publisher\":{\"@id\":\"https:\\\/\\\/lgigroup.com\\\/nl-en\\\/#organization\"},\"potentialAction\":[{\"@type\":\"SearchAction\",\"target\":{\"@type\":\"EntryPoint\",\"urlTemplate\":\"https:\\\/\\\/lgigroup.com\\\/nl-en\\\/?s={search_term_string}\"},\"query-input\":{\"@type\":\"PropertyValueSpecification\",\"valueRequired\":true,\"valueName\":\"search_term_string\"}}],\"inLanguage\":\"nl-EN\"},{\"@type\":\"Organization\",\"@id\":\"https:\\\/\\\/lgigroup.com\\\/nl-en\\\/#organization\",\"name\":\"LGI GmbH\",\"url\":\"https:\\\/\\\/lgigroup.com\\\/nl-en\\\/\",\"logo\":{\"@type\":\"ImageObject\",\"inLanguage\":\"nl-EN\",\"@id\":\"https:\\\/\\\/lgigroup.com\\\/nl-en\\\/#\\\/schema\\\/logo\\\/image\\\/\",\"url\":\"https:\\\/\\\/lgigroup.com\\\/wp-content\\\/uploads\\\/2023\\\/01\\\/lgi-logo.png\",\"contentUrl\":\"https:\\\/\\\/lgigroup.com\\\/wp-content\\\/uploads\\\/2023\\\/01\\\/lgi-logo.png\",\"width\":420,\"height\":200,\"caption\":\"LGI GmbH\"},\"image\":{\"@id\":\"https:\\\/\\\/lgigroup.com\\\/nl-en\\\/#\\\/schema\\\/logo\\\/image\\\/\"}}]}<\/script>\n<!-- \/ Yoast SEO plugin. -->","yoast_head_json":{"title":"Imprint of LGI - Your supply chain expert","description":"Find all information about our content, postal address, legal notices & more in the imprint. \u27a4 Inform now.","robots":{"index":"index","follow":"follow","max-snippet":"max-snippet:-1","max-image-preview":"max-image-preview:large","max-video-preview":"max-video-preview:-1"},"canonical":"https:\/\/lgigroup.com\/nl-en\/wp-json\/wp\/v2\/pages\/936","og_locale":"nl_NL","og_type":"article","og_title":"Imprint of LGI - Your supply chain expert","og_description":"Find all information about our content, postal address, legal notices & more in the imprint. \u27a4 Inform now.","og_url":"https:\/\/lgigroup.com\/nl-en\/legals\/","og_site_name":"LGI Group","article_modified_time":"2025-06-30T08:32:49+00:00","twitter_card":"summary_large_image","twitter_misc":{"Est. reading time":"2 minutes"},"schema":{"@context":"https:\/\/schema.org","@graph":[{"@type":"WebPage","@id":"https:\/\/lgigroup.com\/nl-en\/legals\/","url":"https:\/\/lgigroup.com\/nl-en\/legals\/","name":"Imprint of LGI - Your supply chain expert","isPartOf":{"@id":"https:\/\/lgigroup.com\/nl-en\/#website"},"datePublished":"2023-01-09T10:53:17+00:00","dateModified":"2025-06-30T08:32:49+00:00","description":"Find all information about our content, postal address, legal notices & more in the imprint. \u27a4 Inform now.","breadcrumb":{"@id":"https:\/\/lgigroup.com\/nl-en\/legals\/#breadcrumb"},"inLanguage":"nl-EN","potentialAction":[{"@type":"ReadAction","target":["https:\/\/lgigroup.com\/nl-en\/legals\/"]}]},{"@type":"BreadcrumbList","@id":"https:\/\/lgigroup.com\/nl-en\/legals\/#breadcrumb","itemListElement":[{"@type":"ListItem","position":1,"name":"Startseite","item":"https:\/\/lgigroup.com\/nl-en\/"},{"@type":"ListItem","position":2,"name":"Legals"}]},{"@type":"WebSite","@id":"https:\/\/lgigroup.com\/nl-en\/#website","url":"https:\/\/lgigroup.com\/nl-en\/","name":"LGI Group","description":"","publisher":{"@id":"https:\/\/lgigroup.com\/nl-en\/#organization"},"potentialAction":[{"@type":"SearchAction","target":{"@type":"EntryPoint","urlTemplate":"https:\/\/lgigroup.com\/nl-en\/?s={search_term_string}"},"query-input":{"@type":"PropertyValueSpecification","valueRequired":true,"valueName":"search_term_string"}}],"inLanguage":"nl-EN"},{"@type":"Organization","@id":"https:\/\/lgigroup.com\/nl-en\/#organization","name":"LGI GmbH","url":"https:\/\/lgigroup.com\/nl-en\/","logo":{"@type":"ImageObject","inLanguage":"nl-EN","@id":"https:\/\/lgigroup.com\/nl-en\/#\/schema\/logo\/image\/","url":"https:\/\/lgigroup.com\/wp-content\/uploads\/2023\/01\/lgi-logo.png","contentUrl":"https:\/\/lgigroup.com\/wp-content\/uploads\/2023\/01\/lgi-logo.png","width":420,"height":200,"caption":"LGI GmbH"},"image":{"@id":"https:\/\/lgigroup.com\/nl-en\/#\/schema\/logo\/image\/"}}]}},"_links":{"self":[{"href":"https:\/\/lgigroup.com\/nl-en\/wp-json\/wp\/v2\/pages\/936","targetHints":{"allow":["GET"]}}],"collection":[{"href":"https:\/\/lgigroup.com\/nl-en\/wp-json\/wp\/v2\/pages"}],"about":[{"href":"https:\/\/lgigroup.com\/nl-en\/wp-json\/wp\/v2\/types\/page"}],"author":[{"embeddable":true,"href":"https:\/\/lgigroup.com\/nl-en\/wp-json\/wp\/v2\/users\/1"}],"replies":[{"embeddable":true,"href":"https:\/\/lgigroup.com\/nl-en\/wp-json\/wp\/v2\/comments?post=936"}],"version-history":[{"count":15,"href":"https:\/\/lgigroup.com\/nl-en\/wp-json\/wp\/v2\/pages\/936\/revisions"}],"predecessor-version":[{"id":27448,"href":"https:\/\/lgigroup.com\/nl-en\/wp-json\/wp\/v2\/pages\/936\/revisions\/27448"}],"wp:attachment":[{"href":"https:\/\/lgigroup.com\/nl-en\/wp-json\/wp\/v2\/media?parent=936"}],"curies":[{"name":"wp","href":"https:\/\/api.w.org\/{rel}","templated":true}]}}