{"id":987,"date":"2023-01-09T11:53:17","date_gmt":"2023-01-09T10:53:17","guid":{"rendered":"https:\/\/lgigroup.com\/?page_id=987"},"modified":"2025-06-30T10:33:51","modified_gmt":"2025-06-30T08:33:51","slug":"colofon","status":"publish","type":"page","link":"https:\/\/lgigroup.com\/nl-nl\/colofon\/","title":{"rendered":"Legals"},"content":{"rendered":"\r\n\t\t<section class=\"titelbild-section titelbild-block-id-69d37bb024c24 titelbild-block-layout-\">\r\n            <div class=\"col-12 col-lg-12\">\r\n                <div class=\"full-bild\"> <img loading=\"lazy\" decoding=\"async\" width=\"1920\" height=\"700\" src=\"\/wp-content\/uploads\/2023\/02\/documents-on-a-desk-lgi.jpg\" class=\"img-fluid\" alt=\"Documents on a desk | LGI\" srcset=\"\/wp-content\/uploads\/2023\/02\/documents-on-a-desk-lgi.jpg 1920w, \/wp-content\/uploads\/2023\/02\/documents-on-a-desk-lgi-300x109.jpg 300w, \/wp-content\/uploads\/2023\/02\/documents-on-a-desk-lgi-1024x373.jpg 1024w, \/wp-content\/uploads\/2023\/02\/documents-on-a-desk-lgi-768x280.jpg 768w, \/wp-content\/uploads\/2023\/02\/documents-on-a-desk-lgi-1536x560.jpg 1536w\" sizes=\"auto, (max-width: 1920px) 100vw, 1920px\" \/><\/div>\r\n                <div class=\"bild-title container\">\r\n                    <div class=\"row\">\r\n                                <div class=\"col\">\r\n                                    <p class=\"headline wt-h1\"><\/p>\r\n                                <\/div>                                        \r\n                            <\/div> \r\n                <\/div>\r\n            <\/div>\r\n        <\/section>\r\n\t\n\n            \r\n        <div class=\"spacing-block large spacing-block-id-69d37bb025176\" >                                     \r\n                  <div class=\"large-space\">   \r\n                  <\/div>                      \r\n        <\/div>\n\n\r\n                <div class=\"headline-block \">\r\n                    \r\n                        <div class=\"container\">                            \r\n                            \r\n                            \r\n                            <div class=\"row\">\r\n                                <div class=\"col\">\r\n                                    <h1 class=\"wt-h1 wt-font-color-dark-grey\">Colofon<\/h1>\r\n                                <\/div>                                        \r\n                            <\/div>                                                                                                    \r\n                        <\/div>                                \r\n                <\/div>\r\n            \n\n            \r\n        <div class=\"spacing-block extrasmall spacing-block-id-69d37bb025318\" >                                     \r\n                  <div class=\"extra-small-space\">   \r\n                  <\/div>                      \r\n        <\/div>\n\n   \r\n    \r\n    <div class=\"grey-line-block grey-line-block-id-69d37bb0253dc\">\r\n        \r\n        <div class=\"container\">\r\n            <div class=\"row\">\r\n                <div class=\"col test\">\r\n                    <div class=\"grey-line-block-line\"><\/div>\r\n                <\/div>                \r\n            <\/div>\r\n        <\/div>\r\n        \r\n    <\/div>\n\n            \r\n        <div class=\"spacing-block small spacing-block-id-69d37bb02549f\" >                                     \r\n                  <div class=\"small-space\">   \r\n                  <\/div>                      \r\n        <\/div>\n\n\n<div class=\"wp-block-group container\"><div class=\"wp-block-group__inner-container is-layout-constrained wp-block-group-is-layout-constrained\">\n<p>LGI Logistics Group International GmbH is een GmbH naar Duits recht, gevestigd in B\u00f6blingen.<\/p>\n\n\n\n<p><strong>Postadres<\/strong><br>LGI Logistics Group International GmbH<br>Konrad-Zuse-Stra\u00dfe 10<br>71034 B\u00f6blingen<\/p>\n\n\n\n<p>t. <a href=\"tel:+49703222910\">+49 7032 2291 0<\/a><br>f. +49 7032 2291 111<br>e. <a class=\"click_mail\" href=\"&#109;&#97;&#105;&#108;&#116;&#111;&#58;%69%6e%66%6f@%6c%67%69.%64%65 \" rel=\"noreferrer noopener\">&#x69;&#x6e;&#x66;&#x6f;&#x40;&#x6c;&#x67;&#x69;&#x2e;&#x64;&#x65;<\/a><\/p>\n\n\n\n<p><strong>Directie<\/strong><br>Florian Beck, Holger Funk<\/p>\n\n\n\n<p><strong>Handelsregister<\/strong><br>LGI Logistics Group International GmbH is ingeschreven in het handelsregister van de rechtbank van Stuttgart onder nummer HRB 243806.<\/p>\n\n\n\n<p><strong>Btw-nr.<\/strong><br>DE 172126257<\/p>\n\n\n\n<p><strong>Concept en realisatie<\/strong><br>WebThinker Stuttgart <a href=\"https:\/\/www.webthinker.de\/leistungen\/webdesign\/\" target=\"_blank\" rel=\"noreferrer noopener\">Webdesign<\/a>&nbsp;&amp;&nbsp;<a href=\"https:\/\/www.webthinker.de\/leistungen\/online-marketing\/\" target=\"_blank\" rel=\"noreferrer noopener\">Online Marketing \/ SEO<\/a><br><a href=\"https:\/\/www.webthinker.de\/\" target=\"_blank\" rel=\"noreferrer noopener\">www.webthinker.de<\/a><\/p>\n\n\n            \r\n        <div class=\"spacing-block small spacing-block-id-69d37bb025870\" >                                     \r\n                  <div class=\"small-space\">   \r\n                  <\/div>                      \r\n        <\/div>\n\n\r\n                <div class=\"headline-block \">\r\n                    \r\n                        <h2 class=\"wt-subheadline wt-sl\">Juridische voorwaarden<\/h2>\r\n                            \r\n                        \r\n                                                            \r\n                <\/div>\r\n            \n\n            \r\n        <div class=\"spacing-block doublesmall spacing-block-id-69d37bb025944\" >                                     \r\n                  <div class=\"double-small-space\">   \r\n                  <\/div>                      \r\n        <\/div>\n\n\n<p>LGI Logistics Group International GmbH controleert en actualiseert de informatie op haar website voortdurend. Ondanks alle zorgvuldigheid kunnen de gegevens in de tussentijd wijzigen. De groep aanvaardt derhalve geen aansprakelijkheid of garantie voor de actualiteit, juistheid en volledigheid van de verstrekte informatie. Hetzelfde geldt voor alle andere websites waarnaar via hyperlinks wordt verwezen. LGI Logistics Group International GmbH is niet verantwoordelijk voor de inhoud van websites die via een dergelijke link worden bezocht.<\/p>\n\n\n\n<p><strong>Informatie conform \u00a7 5 DDG<\/strong><br>LGI Logistics Group International GmbH<br>Konrad-Zuse-Stra\u00dfe 10<br>71034 B\u00f6blingen<\/p>\n\n\n\n<p><strong>Verantwoordelijk voor de inhoud overeenkomstig <\/strong><br><strong>\u00a7 18 Par. 3 van de Duitse Interstatelijke Mediaovereenkomst (MStV)<\/strong><br>Florian Beck<br>Directie LGI Logistics Group International GmbH<br>Konrad-Zuse-Stra\u00dfe 10<br>71034 B\u00f6blingen<\/p>\n\n\n\n<p><strong>Supervisory Authority for freight traffic<\/strong><br>Bundesamt f\u00fcr Logistik und Mobilit\u00e4t (BALM)<br>Werderstr. 34<br>50672 K\u00f6ln<br><a href=\"http:\/\/www.balm.bund.de\" target=\"_blank\" rel=\"noreferrer noopener\">www.balm.bund.de<\/a><\/p>\n\n\n\n<p><strong>Responsible Lower Transportation Authority<\/strong><br>Landratsamt B\u00f6blingen<br>Stra\u00dfenverkehrsbeh\u00f6rde<br>Parkstr. 16<br>71034 B\u00f6blingen<br><a href=\"http:\/\/www.lrabb.de\" target=\"_blank\" rel=\"noreferrer noopener\">www.lrabb.de<\/a><\/p>\n\n\n\n<p><strong>Lijst met referenties voor gebruikte media<\/strong><br>LGI Logistics Group International GmbH of een van haar dochterondernemingen bezit de beeldrechten.<\/p>\n\n\n            \r\n        <div class=\"spacing-block small spacing-block-id-69d37bb025cab\" >                                     \r\n                  <div class=\"small-space\">   \r\n                  <\/div>                      \r\n        <\/div>\n\n\r\n                <div class=\"headline-block \">\r\n                    \r\n                        <h2 class=\"wt-subheadline wt-sl\">Copyright <\/h2>\r\n                            \r\n                        \r\n                                                            \r\n                <\/div>\r\n            \n\n            \r\n        <div class=\"spacing-block doublesmall spacing-block-id-69d37bb025d7c\" >                                     \r\n                  <div class=\"double-small-space\">   \r\n                  <\/div>                      \r\n        <\/div>\n\n\n<p>De op deze pagina&#8217;s door de exploitant gepresenteerde content en werken zijn onderworpen aan het Duitse auteursrecht. Het vermenigvuldigen, verwerken, distribueren en elke vorm van exploitatie buiten de begrenzingen van het auteursrecht is alleen toegestaan na schriftelijke toestemming van de betreffende auteur of maker. Downloaden en het maken van kopie\u00ebn van deze pagina is uitsluitend toegestaan voor priv\u00e9, niet-commercieel gebruik. Voor zover de content op deze pagina niet door de exploitant werd gemaakt, werden de auteursrechten van derden in acht genomen. Content van derden is als zodanig herkenbaar gemaakt. Mocht u een inbreuk op het auteursrecht vaststellen, vragen wij u ons daarvan op de hoogte te stellen. Zodra schendingen van het auteursrecht ons bekend worden zullen we de dergelijke content onmiddellijk verwijderen.<\/p>\n\n\n\n<p><strong>Het colofon geldt ook voor de volgende socialemediakanalen:<\/strong><br><a href=\"https:\/\/business.facebook.com\/LGILogistics\/\" target=\"_blank\" rel=\"noreferrer noopener\">Facebook<\/a><br><a href=\"https:\/\/www.xing.com\/companies\/lgilogisticsgroupinternationalgmbh\" target=\"_blank\" rel=\"noreferrer noopener\">Xing<\/a><br><a href=\"https:\/\/www.linkedin.com\/company\/lgi-logistics-group-international-gmbh\/\" target=\"_blank\" rel=\"noreferrer noopener\">LinkedIn<\/a><\/p>\n<\/div><\/div>\n\n\n            \r\n        <div class=\"spacing-block large spacing-block-id-69d37bb026f97\" >                                     \r\n                  <div class=\"large-space\">   \r\n                  <\/div>                      \r\n        <\/div>","protected":false},"excerpt":{"rendered":"<p>LGI Logistics Group International GmbH is een GmbH naar Duits recht, gevestigd in B\u00f6blingen. PostadresLGI Logistics Group International GmbHKonrad-Zuse-Stra\u00dfe 1071034 B\u00f6blingen t. +49 7032 2291 0f. +49 7032 2291 111e. DirectieFlorian Beck, Holger Funk HandelsregisterLGI Logistics Group International GmbH is ingeschreven in het handelsregister van de rechtbank van Stuttgart onder nummer HRB 243806. Btw-nr.DE 172126257 [&hellip;]<\/p>\n","protected":false},"author":1,"featured_media":0,"parent":0,"menu_order":0,"comment_status":"closed","ping_status":"closed","template":"","meta":{"footnotes":""},"class_list":["post-987","page","type-page","status-publish","hentry"],"yoast_head":"<!-- This site is optimized with the Yoast SEO plugin v27.3 - https:\/\/yoast.com\/product\/yoast-seo-wordpress\/ -->\n<title>LGI logo - Uw supply chain expert<\/title>\n<meta name=\"description\" content=\"Vind alle informatie over onze inhoud, postadres, wettelijke mededelingen &amp; meer in het impressum. \u27a4 Informeer nu.\" \/>\n<meta name=\"robots\" content=\"index, follow, max-snippet:-1, max-image-preview:large, max-video-preview:-1\" \/>\n<link rel=\"canonical\" href=\"https:\/\/lgigroup.com\/nl-nl\/wp-json\/wp\/v2\/pages\/987\" \/>\n<meta property=\"og:locale\" content=\"nl_NL\" \/>\n<meta property=\"og:type\" content=\"article\" \/>\n<meta property=\"og:title\" content=\"LGI logo - Uw supply chain expert\" \/>\n<meta property=\"og:description\" content=\"Vind alle informatie over onze inhoud, postadres, wettelijke mededelingen &amp; meer in het impressum. \u27a4 Informeer nu.\" \/>\n<meta property=\"og:url\" content=\"https:\/\/lgigroup.com\/nl-nl\/colofon\/\" \/>\n<meta property=\"og:site_name\" content=\"LGI Group\" \/>\n<meta property=\"article:modified_time\" content=\"2025-06-30T08:33:51+00:00\" \/>\n<meta name=\"twitter:card\" content=\"summary_large_image\" \/>\n<meta name=\"twitter:label1\" content=\"Est. reading time\" \/>\n\t<meta name=\"twitter:data1\" content=\"2 minutes\" \/>\n<script type=\"application\/ld+json\" class=\"yoast-schema-graph\">{\"@context\":\"https:\\\/\\\/schema.org\",\"@graph\":[{\"@type\":\"WebPage\",\"@id\":\"https:\\\/\\\/lgigroup.com\\\/nl-nl\\\/colofon\\\/\",\"url\":\"https:\\\/\\\/lgigroup.com\\\/nl-nl\\\/colofon\\\/\",\"name\":\"LGI logo - Uw supply chain expert\",\"isPartOf\":{\"@id\":\"https:\\\/\\\/lgigroup.com\\\/nl-nl\\\/#website\"},\"datePublished\":\"2023-01-09T10:53:17+00:00\",\"dateModified\":\"2025-06-30T08:33:51+00:00\",\"description\":\"Vind alle informatie over onze inhoud, postadres, wettelijke mededelingen & meer in het impressum. \u27a4 Informeer nu.\",\"breadcrumb\":{\"@id\":\"https:\\\/\\\/lgigroup.com\\\/nl-nl\\\/colofon\\\/#breadcrumb\"},\"inLanguage\":\"nl-nl\",\"potentialAction\":[{\"@type\":\"ReadAction\",\"target\":[\"https:\\\/\\\/lgigroup.com\\\/nl-nl\\\/colofon\\\/\"]}]},{\"@type\":\"BreadcrumbList\",\"@id\":\"https:\\\/\\\/lgigroup.com\\\/nl-nl\\\/colofon\\\/#breadcrumb\",\"itemListElement\":[{\"@type\":\"ListItem\",\"position\":1,\"name\":\"Startseite\",\"item\":\"https:\\\/\\\/lgigroup.com\\\/nl-nl\\\/\"},{\"@type\":\"ListItem\",\"position\":2,\"name\":\"Legals\"}]},{\"@type\":\"WebSite\",\"@id\":\"https:\\\/\\\/lgigroup.com\\\/nl-nl\\\/#website\",\"url\":\"https:\\\/\\\/lgigroup.com\\\/nl-nl\\\/\",\"name\":\"LGI Group\",\"description\":\"\",\"publisher\":{\"@id\":\"https:\\\/\\\/lgigroup.com\\\/nl-nl\\\/#organization\"},\"potentialAction\":[{\"@type\":\"SearchAction\",\"target\":{\"@type\":\"EntryPoint\",\"urlTemplate\":\"https:\\\/\\\/lgigroup.com\\\/nl-nl\\\/?s={search_term_string}\"},\"query-input\":{\"@type\":\"PropertyValueSpecification\",\"valueRequired\":true,\"valueName\":\"search_term_string\"}}],\"inLanguage\":\"nl-nl\"},{\"@type\":\"Organization\",\"@id\":\"https:\\\/\\\/lgigroup.com\\\/nl-nl\\\/#organization\",\"name\":\"LGI GmbH\",\"url\":\"https:\\\/\\\/lgigroup.com\\\/nl-nl\\\/\",\"logo\":{\"@type\":\"ImageObject\",\"inLanguage\":\"nl-nl\",\"@id\":\"https:\\\/\\\/lgigroup.com\\\/nl-nl\\\/#\\\/schema\\\/logo\\\/image\\\/\",\"url\":\"https:\\\/\\\/lgigroup.com\\\/wp-content\\\/uploads\\\/2023\\\/01\\\/lgi-logo.png\",\"contentUrl\":\"https:\\\/\\\/lgigroup.com\\\/wp-content\\\/uploads\\\/2023\\\/01\\\/lgi-logo.png\",\"width\":420,\"height\":200,\"caption\":\"LGI GmbH\"},\"image\":{\"@id\":\"https:\\\/\\\/lgigroup.com\\\/nl-nl\\\/#\\\/schema\\\/logo\\\/image\\\/\"}}]}<\/script>\n<!-- \/ Yoast SEO plugin. -->","yoast_head_json":{"title":"LGI logo - Uw supply chain expert","description":"Vind alle informatie over onze inhoud, postadres, wettelijke mededelingen & meer in het impressum. \u27a4 Informeer nu.","robots":{"index":"index","follow":"follow","max-snippet":"max-snippet:-1","max-image-preview":"max-image-preview:large","max-video-preview":"max-video-preview:-1"},"canonical":"https:\/\/lgigroup.com\/nl-nl\/wp-json\/wp\/v2\/pages\/987","og_locale":"nl_NL","og_type":"article","og_title":"LGI logo - Uw supply chain expert","og_description":"Vind alle informatie over onze inhoud, postadres, wettelijke mededelingen & meer in het impressum. \u27a4 Informeer nu.","og_url":"https:\/\/lgigroup.com\/nl-nl\/colofon\/","og_site_name":"LGI Group","article_modified_time":"2025-06-30T08:33:51+00:00","twitter_card":"summary_large_image","twitter_misc":{"Est. reading time":"2 minutes"},"schema":{"@context":"https:\/\/schema.org","@graph":[{"@type":"WebPage","@id":"https:\/\/lgigroup.com\/nl-nl\/colofon\/","url":"https:\/\/lgigroup.com\/nl-nl\/colofon\/","name":"LGI logo - Uw supply chain expert","isPartOf":{"@id":"https:\/\/lgigroup.com\/nl-nl\/#website"},"datePublished":"2023-01-09T10:53:17+00:00","dateModified":"2025-06-30T08:33:51+00:00","description":"Vind alle informatie over onze inhoud, postadres, wettelijke mededelingen & meer in het impressum. \u27a4 Informeer nu.","breadcrumb":{"@id":"https:\/\/lgigroup.com\/nl-nl\/colofon\/#breadcrumb"},"inLanguage":"nl-nl","potentialAction":[{"@type":"ReadAction","target":["https:\/\/lgigroup.com\/nl-nl\/colofon\/"]}]},{"@type":"BreadcrumbList","@id":"https:\/\/lgigroup.com\/nl-nl\/colofon\/#breadcrumb","itemListElement":[{"@type":"ListItem","position":1,"name":"Startseite","item":"https:\/\/lgigroup.com\/nl-nl\/"},{"@type":"ListItem","position":2,"name":"Legals"}]},{"@type":"WebSite","@id":"https:\/\/lgigroup.com\/nl-nl\/#website","url":"https:\/\/lgigroup.com\/nl-nl\/","name":"LGI Group","description":"","publisher":{"@id":"https:\/\/lgigroup.com\/nl-nl\/#organization"},"potentialAction":[{"@type":"SearchAction","target":{"@type":"EntryPoint","urlTemplate":"https:\/\/lgigroup.com\/nl-nl\/?s={search_term_string}"},"query-input":{"@type":"PropertyValueSpecification","valueRequired":true,"valueName":"search_term_string"}}],"inLanguage":"nl-nl"},{"@type":"Organization","@id":"https:\/\/lgigroup.com\/nl-nl\/#organization","name":"LGI GmbH","url":"https:\/\/lgigroup.com\/nl-nl\/","logo":{"@type":"ImageObject","inLanguage":"nl-nl","@id":"https:\/\/lgigroup.com\/nl-nl\/#\/schema\/logo\/image\/","url":"https:\/\/lgigroup.com\/wp-content\/uploads\/2023\/01\/lgi-logo.png","contentUrl":"https:\/\/lgigroup.com\/wp-content\/uploads\/2023\/01\/lgi-logo.png","width":420,"height":200,"caption":"LGI GmbH"},"image":{"@id":"https:\/\/lgigroup.com\/nl-nl\/#\/schema\/logo\/image\/"}}]}},"_links":{"self":[{"href":"https:\/\/lgigroup.com\/nl-nl\/wp-json\/wp\/v2\/pages\/987","targetHints":{"allow":["GET"]}}],"collection":[{"href":"https:\/\/lgigroup.com\/nl-nl\/wp-json\/wp\/v2\/pages"}],"about":[{"href":"https:\/\/lgigroup.com\/nl-nl\/wp-json\/wp\/v2\/types\/page"}],"author":[{"embeddable":true,"href":"https:\/\/lgigroup.com\/nl-nl\/wp-json\/wp\/v2\/users\/1"}],"replies":[{"embeddable":true,"href":"https:\/\/lgigroup.com\/nl-nl\/wp-json\/wp\/v2\/comments?post=987"}],"version-history":[{"count":16,"href":"https:\/\/lgigroup.com\/nl-nl\/wp-json\/wp\/v2\/pages\/987\/revisions"}],"predecessor-version":[{"id":27449,"href":"https:\/\/lgigroup.com\/nl-nl\/wp-json\/wp\/v2\/pages\/987\/revisions\/27449"}],"wp:attachment":[{"href":"https:\/\/lgigroup.com\/nl-nl\/wp-json\/wp\/v2\/media?parent=987"}],"curies":[{"name":"wp","href":"https:\/\/api.w.org\/{rel}","templated":true}]}}