{"id":21394,"date":"2022-12-21T14:22:09","date_gmt":"2022-12-21T13:22:09","guid":{"rendered":"https:\/\/lgigroup.com\/?page_id=21394"},"modified":"2024-03-18T09:47:50","modified_gmt":"2024-03-18T08:47:50","slug":"contact","status":"publish","type":"page","link":"https:\/\/lgigroup.com\/pl-pl\/contact\/","title":{"rendered":"Contact"},"content":{"rendered":"\r\n\t\t<section class=\"titelbild-section titelbild-block-id-69e8a80bc4620 titelbild-block-layout-\">\r\n            <div class=\"col-12 col-lg-12\">\r\n                <div class=\"full-bild\"> <img loading=\"lazy\" decoding=\"async\" width=\"1920\" height=\"700\" src=\"\/wp-content\/uploads\/2023\/02\/person-with-smartphone-lgi-contact.jpg\" class=\"img-fluid\" alt=\"Person with a smartphone | LGI\" srcset=\"\/wp-content\/uploads\/2023\/02\/person-with-smartphone-lgi-contact.jpg 1920w, \/wp-content\/uploads\/2023\/02\/person-with-smartphone-lgi-contact-300x109.jpg 300w, \/wp-content\/uploads\/2023\/02\/person-with-smartphone-lgi-contact-1024x373.jpg 1024w, \/wp-content\/uploads\/2023\/02\/person-with-smartphone-lgi-contact-768x280.jpg 768w, \/wp-content\/uploads\/2023\/02\/person-with-smartphone-lgi-contact-1536x560.jpg 1536w\" sizes=\"auto, (max-width: 1920px) 100vw, 1920px\" \/><\/div>\r\n                <div class=\"bild-title container\">\r\n                    <div class=\"row\">\r\n                                <div class=\"col\">\r\n                                    <p class=\"headline wt-h1\">Skontaktuj si\u0119 z nami<\/p>\r\n                                <\/div>                                        \r\n                            <\/div> \r\n                <\/div>\r\n            <\/div>\r\n        <\/section>\r\n\t\n\n            \r\n        <div class=\"spacing-block large spacing-block-id-69e8a80bc4be8\" >                                     \r\n                  <div class=\"large-space\">   \r\n                  <\/div>                      \r\n        <\/div>\n\n\r\n                <div class=\"headline-block \">\r\n                    \r\n                        <div class=\"container\">                            \r\n                            <div class=\"row\">\r\n                        <div class=\"col\">\r\n                            <h1 class=\"wt-subheadline wt-sl sub-headline-align\">Pa\u0144stwa kontakt z LGI<\/h1>\r\n                        <\/div>\r\n                    <\/div>\r\n                            \r\n                            <div class=\"row\">\r\n                                <div class=\"col\">\r\n                                    <h2 class=\"wt-h1 wt-font-color-dark-grey\">Nasi eksperci ds. \u0142a\u0144cucha dostaw ch\u0119tnie Pa\u0144stwu doradz\u0105<\/h2>\r\n                                <\/div>                                        \r\n                            <\/div>                                                                                                    \r\n                        <\/div>                                \r\n                <\/div>\r\n            \n\n            \r\n        <div class=\"spacing-block extrasmall spacing-block-id-69e8a80bc4db2\" >                                     \r\n                  <div class=\"extra-small-space\">   \r\n                  <\/div>                      \r\n        <\/div>\n\n   \r\n    \r\n    <div class=\"grey-line-block grey-line-block-id-69e8a80bc4ea9\">\r\n        \r\n        <div class=\"container\">\r\n            <div class=\"row\">\r\n                <div class=\"col test\">\r\n                    <div class=\"grey-line-block-line\"><\/div>\r\n                <\/div>                \r\n            <\/div>\r\n        <\/div>\r\n        \r\n    <\/div>\n\n            \r\n        <div class=\"spacing-block small spacing-block-id-69e8a80bc4fa9\" >                                     \r\n                  <div class=\"small-space\">   \r\n                  <\/div>                      \r\n        <\/div>\n\n\n<div class=\"wp-block-group container\"><div class=\"wp-block-group__inner-container is-layout-constrained wp-block-group-is-layout-constrained\">\n<p>Jak mo\u017cemy Pa\u0144stwu pom\u00f3c? Jakie maj\u0105 dla nas Pa\u0144stwo wyzwania zwi\u0105zane z \u0142a\u0144cuchem dostaw? Na jakie pytanie mo\u017cemy Pa\u0144stwu odpowiedzie\u0107?<\/p>\n\n\n\n<p>Prosz\u0119 wype\u0142ni\u0107 nasz formularz kontaktowy lub zadzwoni\u0107 do nas bezpo\u015brednio.<\/p>\n<\/div><\/div>\n\n\n            \r\n        <div class=\"spacing-block extramedium spacing-block-id-69e8a80bc6226\" >                                     \r\n                  <div class=\"extra-medium-space\">   \r\n                  <\/div>                      \r\n        <\/div>\n\n    \r\n   <section class=\"contact-form-block contact-form-block-id-69e8a80bc62f4 mb-5\">\r\n    <div class=\"container lgi-form-container\">\r\n        <form id=\"lgi-form-69e8a80bc62f4\" class=\"row g-3 needs-validation contactForm\" novalidate>\r\n            <div class=\"col-12 col-lg-4\">\r\n                    \r\n                    <div class=\"input-wrapper input-wrapper-first\">\r\n                        <label for=\"cf_first_name\" class=\"form-label visually-hidden\">Imi\u0119<\/label>\r\n                        <input type=\"text\" id=\"cf_first_name\" name=\"cf_first_name\" class=\"form-control shadow-none\" placeholder=\"Imi\u0119*\" aria-required=\"true\" aria-label=\"Imi\u0119\" required >\r\n                             <div class=\"invalid-feedback\">\r\n                             Jest to pole wymagane.\r\n                            <\/div>\r\n                        <\/div>\r\n                    \r\n                    <div class=\"input-wrapper input-wrapper-first\">\r\n                         <label for=\"cf_last_name\" class=\"form-label visually-hidden\">Nazwisko<\/label>\r\n                         <input type=\"text\" id=\"cf_last_name\" name=\"cf_last_name\" class=\"form-control shadow-none\" placeholder=\"Nazwisko*\" aria-label=\"Nazwisko\" aria-required=\"true\" required >\r\n                         <div class=\"invalid-feedback\">\r\n                              Jest to pole wymagane.\r\n                        <\/div>\r\n                    <\/div>\r\n\r\n                    <div class=\"input-wrapper\">\r\n                         <label for=\"cf_corp\" class=\"form-label visually-hidden\">Firma<\/label>\r\n                        <input type=\"text\" id=\"cf_corp\" name=\"cf_corp\" class=\"form-control shadow-none\" placeholder=\"Firma*\" aria-label=\"Firma\" aria-required=\"true\" required >\r\n                        <div class=\"invalid-feedback\">\r\n                             Jest to pole wymagane.\r\n                         <\/div>\r\n                    <\/div>\r\n\r\n                    <div class=\"input-wrapper\">\r\n                        <label for=\"cf_mail\" class=\"form-label visually-hidden\">Tw\u00f3j adres e-mail<\/label>\r\n                        <input type=\"email\" id=\"cf_mail\" name=\"cf_mail\" class=\"form-control shadow-none\" placeholder=\"Tw\u00f3j adres e-mail*\" aria-label=\"Tw\u00f3j adres e-mail\" aria-required=\"true\" required >\r\n                         <div class=\"invalid-feedback\">\r\n                         Jest to pole wymagane.\r\n                        <\/div>\r\n                    <\/div>\r\n                    \r\n                    <select name=\"cf_reciever\" id=\"inputState\" class=\"form-select shadow-none\" required>\r\n                        <option value=\"\" disabled selected>Odbiorca (obszar firmy)*<\/option>\r\n                        <option value=\"0\">Przesy\u0142ki<\/option>\r\n                        <option value=\"1\">Zwrot urz\u0105dze\u0144 HP<\/option>\r\n                        <option value=\"2\">Mobility Logistics<\/option>\r\n                        <option value=\"3\">Logistyka elektroniki<\/option>\r\n                        <option value=\"4\">Logistyka tekstyli\u00f3w<\/option>\r\n                        <option value=\"4\">Beauty Logistics<\/option>\r\n                        <option value=\"4\">Lifestyle Logistics<\/option>\r\n                        <option value=\"5\">Logistyka opieki zdrowotnej<\/option>                      \r\n                        <option value=\"7\">Logistyka przemys\u0142owa<\/option>                      \r\n                        <option value=\"6\">Nieruchomo\u015bci i zakupy<\/option>                      \r\n                        <option value=\"8\">Personel<\/option>                      \r\n                        <option value=\"9\">Prasa i marketing<\/option>                      \r\n                        <option value=\"10\">Ksi\u0119gowo\u015b\u0107<\/option>                      \r\n                        <option value=\"11\">Transport<\/option>                      \r\n                        <option value=\"12\">C\u0142a i handel zagraniczny<\/option>                                          \r\n                        <option value=\"13\">Inne zapytania<\/option>                      \r\n                    <\/select>\r\n                    <div class=\"invalid-feedback\">\r\n                        Jest to pole wymagane.\r\n                    <\/div>\r\n                <\/div>\r\n                <div class=\"col-12 col-lg-8 ps-3 text-right-area\">\r\n                    \r\n                    <div class=\"input-wrapper\">\r\n                        <label for=\"cf_message\" class=\"form-label visually-hidden\">Twoja wiadomo\u015b\u0107 (maks. 500 znak\u00f3w)<\/label>\r\n                        <textarea id=\"cf_message\" name=\"cf_message\" class=\"form-control shadow-none\" placeholder=\"Twoja wiadomo\u015b\u0107 (maks. 500 znak\u00f3w)*\" rows=\"3\" maxlength=\"500\" aria-label=\"Twoja wiadomo\u015b\u0107 (maks. 500 znak\u00f3w)\" aria-required=\"true\" required><\/textarea>\r\n                        <div class=\"invalid-feedback\">\r\n                          Jest to pole wymagane.\r\n                        <\/div>\r\n                    <\/div>\r\n                    \r\n                    <div class=\"send-wrapper\">\r\n                            <div class=\"form-check mt-4\">\r\n                                 <input class=\"form-check-input wt-newsletter-checkbox-contact shadow-none\" type=\"checkbox\" name=\"cf_receive_newsletter\" id=\"gridCheck-2\">\r\n                                 <label class=\"form-check-label wt-t\" for=\"gridCheck-2\">Niniejszym wyra\u017casz zgod\u0119 na otrzymywanie newslettera. Z newslettera mo\u017cesz zrezygnowa\u0107 w ka\u017cdej chwili, wysy\u0142aj\u0105c e-mail na <a class=\"wt-k-click-mail\" href=\"&#109;&#97;&#105;&#108;&#116;&#111;&#58;%77%69%64%65%72%72%75%66-%6c%67%69@%6c%67%69.%64%65\">&#x77;&#x69;&#x64;&#x65;&#x72;&#x72;&#x75;&#x66;&#x2d;&#x6c;&#x67;&#x69;&#x40;&#x6c;&#x67;&#x69;&#x2e;&#x64;&#x65;<\/a> i cofaj\u0105c swoj\u0105 zgod\u0119.<\/label>\r\n                        <\/div>\r\n                        <div class=\"form-check mt-2\">\r\n                            <input class=\"form-check-input shadow-none\" type=\"checkbox\" name=\"cf_use_data\" id=\"gridCheck\" required>\r\n                            <label class=\"form-check-label wt-t\" for=\"gridCheck\">\r\n                            B\u0119dziemy wykorzystywa\u0107 Twoje dane, kt\u00f3re mo\u017cesz przes\u0142a\u0107 za pomoc\u0105 tego formularza, wy\u0142\u0105cznie w celu przetworzenia Twojego \u017c\u0105dania.\r\n                            Wi\u0119cej informacji na temat wykorzystywania danych u\u017cytkownik\u00f3w mo\u017cna znale\u017a\u0107 na naszej stronie po\u015bwi\u0119conej ochronie danych.\r\n                            Ta strona jest chroniona przez reCAPTCHA i zastosowanie maj\u0105 <a href='https:\/\/policies.google.com\/privacy' target='_blank' rel='nofollow'>Polityka prywatno\u015bci<\/a> i <a href='https:\/\/policies.google.com\/terms' target='_blank' rel='nofollow'>Warunki u\u017cytkowania<\/a> Google.\r\n                            <\/label>\r\n                        <\/div>\r\n                    \r\n                    <button type=\"submit\" class=\"wt-bt mt-4 ms-4\">Wy\u015blij formularz<\/button>                        \r\n                    \r\n                <\/div>\r\n                \r\n            <\/div>\r\n            \r\n            <input type=\"hidden\" name=\"g-recaptcha-response\" value=\"\">\r\n            <input type=\"hidden\" name=\"formType\" value=\"contactForm\">\r\n                            \r\n        <\/form>\r\n\r\n        <div id=\"lgi-state-69e8a80bc62f4\" class=\"lgi-submission-state\" style=\"display: none;\">\r\n            \r\n            <div class=\"lgi-loader-wrapper\">\r\n                <span class=\"lgi-loader\"><\/span>\r\n            <\/div>\r\n            \r\n            <div class=\"lgi-form-success\" style=\"display: none;\">\r\n                <h2 class=\"success-heading\">Success!<\/h2>\r\n                <p class=\"m-message m-success\">Twoja wiadomo\u015b\u0107 zosta\u0142a wys\u0142ana. Skontaktujemy si\u0119 z Tob\u0105 tak szybko, jak to mo\u017cliwe.<\/p>\r\n            <\/div>\r\n\r\n            <div class=\"lgi-form-error\" style=\"display: none;\">\r\n                <p class=\"m-message m-error\">Wiadomo\u015b\u0107 nie mog\u0142a zosta\u0107 wys\u0142ana. Prosimy o bezpo\u015bredni kontakt.<\/p>\r\n            <\/div>\r\n\r\n        <\/div>\r\n\r\n    <\/div>        \r\n<\/section>\n\n            \r\n        <div class=\"spacing-block large spacing-block-id-69e8a80bc6464\" >                                     \r\n                  <div class=\"large-space\">   \r\n                  <\/div>                      \r\n        <\/div>\n\n   \r\n    \r\n    <section id=\"Contact-person\" class=\"contact-person-block contact-person-block-id-69e8a80bc652f encoded-email\" data-idcp=\"1\" data-mail=\"bWFydGluYV93ZWloaW5nQGxnaS5kZQ==\">\r\n    \r\n        \r\n        <div class=\"contact-person-bg-img-wrapper\">\r\n            <img loading=\"lazy\" decoding=\"async\" width=\"1920\" height=\"500\" src=\"\/wp-content\/uploads\/2023\/03\/lgi-location-holland.jpg\" class=\"img-fluid bg-image\" alt=\"Location holland | LGI\" srcset=\"\/wp-content\/uploads\/2023\/03\/lgi-location-holland.jpg 1920w, \/wp-content\/uploads\/2023\/03\/lgi-location-holland-300x78.jpg 300w, \/wp-content\/uploads\/2023\/03\/lgi-location-holland-1024x267.jpg 1024w, \/wp-content\/uploads\/2023\/03\/lgi-location-holland-768x200.jpg 768w, \/wp-content\/uploads\/2023\/03\/lgi-location-holland-1536x400.jpg 1536w\" sizes=\"auto, (max-width: 1920px) 100vw, 1920px\" \/>\r\n        <\/div>\r\n        \r\n        <div class=\"container contact-person-content-wrapper\">\r\n            <div class=\"row\">\r\n                <div class=\"col-12 col-lg-6 contact-person-text-wrapper contact-text-align\">\r\n                    <span class=\"wt-bh\">Czy masz jakie\u015b pytania?<\/span>\r\n                    <span class=\"wt-hl wt-big-string\">ODPOWIEDNI\u0104 <span class='wt-font-color-white'>OSOB\u0118 KONTAKTOW\u0104<\/span> MO\u017bNA ZNALE\u0179\u0106 TUTAJ.<\/span>\r\n                <\/div>\r\n                <div class=\"col-12 col-lg-6 order-first order-lg-last contact-person-img-wrapper\">\r\n                    <div>\r\n                        <div class=\"contact-person-wrapper contact-pointer\">\r\n                            <div class=\"contact-image-wrapper\">                                    \r\n                                    <img decoding=\"async\" src=\"\/wp-content\/themes\/lgi\/img\/contact-ap\/Contact-man-pointer-LGI.png\" class=\"img-fluid\">\r\n                                    \r\n                                    <div class=\"contact-wrapper-symbol\"><\/div>\r\n                                    \r\n                                    <div class=\"bubble-wrapper\">                                       \r\n\r\n                                        <div class=\"bubble-box\">\r\n                                            <div class=\"wt-bt\" data-bs-toggle=\"modal\" data-bs-target=\"#contact-popup-modal\">\r\n                                                Znajd\u017a kontakt teraz\r\n                                            <\/div>\r\n                                        <\/div>\r\n                                \r\n                                    <\/div>    \r\n                                <\/div>\r\n                        <\/div>                        \r\n                    <\/div>                    \r\n                <\/div>\r\n            <\/div>\r\n        <\/div>\r\n        \r\n    <\/section>","protected":false},"excerpt":{"rendered":"<p>Jak mo\u017cemy Pa\u0144stwu pom\u00f3c? Jakie maj\u0105 dla nas Pa\u0144stwo wyzwania zwi\u0105zane z \u0142a\u0144cuchem dostaw? Na jakie pytanie mo\u017cemy Pa\u0144stwu odpowiedzie\u0107? Prosz\u0119 wype\u0142ni\u0107 nasz formularz kontaktowy lub zadzwoni\u0107 do nas bezpo\u015brednio.<\/p>\n","protected":false},"author":1,"featured_media":0,"parent":0,"menu_order":0,"comment_status":"closed","ping_status":"closed","template":"","meta":{"footnotes":""},"class_list":["post-21394","page","type-page","status-publish","hentry"],"yoast_head":"<!-- This site is optimized with the Yoast SEO plugin v27.3 - https:\/\/yoast.com\/product\/yoast-seo-wordpress\/ -->\n<title>Skontaktuj si\u0119 z nami - ch\u0119tnie doradzimy | LGI<\/title>\n<meta name=\"description\" content=\"Masz pytania dotycz\u0105ce Twojej przesy\u0142ki, naszych ofert pracy lub naszych us\u0142ug bran\u017cowych? Z przyjemno\u015bci\u0105 doradzimy.\" \/>\n<meta name=\"robots\" content=\"index, follow, max-snippet:-1, max-image-preview:large, max-video-preview:-1\" \/>\n<link rel=\"canonical\" href=\"https:\/\/lgigroup.com\/pl-pl\/wp-json\/wp\/v2\/pages\/21394\" \/>\n<meta property=\"og:locale\" content=\"pl_PL\" \/>\n<meta property=\"og:type\" content=\"article\" \/>\n<meta property=\"og:title\" content=\"Skontaktuj si\u0119 z nami - ch\u0119tnie doradzimy | LGI\" \/>\n<meta property=\"og:description\" content=\"Masz pytania dotycz\u0105ce Twojej przesy\u0142ki, naszych ofert pracy lub naszych us\u0142ug bran\u017cowych? Z przyjemno\u015bci\u0105 doradzimy.\" \/>\n<meta property=\"og:url\" content=\"https:\/\/lgigroup.com\/pl-pl\/contact\/\" \/>\n<meta property=\"og:site_name\" content=\"LGI Group\" \/>\n<meta property=\"article:modified_time\" content=\"2024-03-18T08:47:50+00:00\" \/>\n<meta name=\"twitter:card\" content=\"summary_large_image\" \/>\n<meta name=\"twitter:label1\" content=\"Est. reading time\" \/>\n\t<meta name=\"twitter:data1\" content=\"1 minute\" \/>\n<script type=\"application\/ld+json\" class=\"yoast-schema-graph\">{\"@context\":\"https:\\\/\\\/schema.org\",\"@graph\":[{\"@type\":\"WebPage\",\"@id\":\"https:\\\/\\\/lgigroup.com\\\/pl-pl\\\/contact\\\/\",\"url\":\"https:\\\/\\\/lgigroup.com\\\/pl-pl\\\/contact\\\/\",\"name\":\"Skontaktuj si\u0119 z nami - ch\u0119tnie doradzimy | LGI\",\"isPartOf\":{\"@id\":\"https:\\\/\\\/lgigroup.com\\\/pl-pl\\\/#website\"},\"datePublished\":\"2022-12-21T13:22:09+00:00\",\"dateModified\":\"2024-03-18T08:47:50+00:00\",\"description\":\"Masz pytania dotycz\u0105ce Twojej przesy\u0142ki, naszych ofert pracy lub naszych us\u0142ug bran\u017cowych? Z przyjemno\u015bci\u0105 doradzimy.\",\"breadcrumb\":{\"@id\":\"https:\\\/\\\/lgigroup.com\\\/pl-pl\\\/contact\\\/#breadcrumb\"},\"inLanguage\":\"pl-pl\",\"potentialAction\":[{\"@type\":\"ReadAction\",\"target\":[\"https:\\\/\\\/lgigroup.com\\\/pl-pl\\\/contact\\\/\"]}]},{\"@type\":\"BreadcrumbList\",\"@id\":\"https:\\\/\\\/lgigroup.com\\\/pl-pl\\\/contact\\\/#breadcrumb\",\"itemListElement\":[{\"@type\":\"ListItem\",\"position\":1,\"name\":\"Startseite\",\"item\":\"https:\\\/\\\/lgigroup.com\\\/pl-pl\\\/\"},{\"@type\":\"ListItem\",\"position\":2,\"name\":\"Contact\"}]},{\"@type\":\"WebSite\",\"@id\":\"https:\\\/\\\/lgigroup.com\\\/pl-pl\\\/#website\",\"url\":\"https:\\\/\\\/lgigroup.com\\\/pl-pl\\\/\",\"name\":\"LGI Group\",\"description\":\"\",\"publisher\":{\"@id\":\"https:\\\/\\\/lgigroup.com\\\/pl-pl\\\/#organization\"},\"potentialAction\":[{\"@type\":\"SearchAction\",\"target\":{\"@type\":\"EntryPoint\",\"urlTemplate\":\"https:\\\/\\\/lgigroup.com\\\/pl-pl\\\/?s={search_term_string}\"},\"query-input\":{\"@type\":\"PropertyValueSpecification\",\"valueRequired\":true,\"valueName\":\"search_term_string\"}}],\"inLanguage\":\"pl-pl\"},{\"@type\":\"Organization\",\"@id\":\"https:\\\/\\\/lgigroup.com\\\/pl-pl\\\/#organization\",\"name\":\"LGI GmbH\",\"url\":\"https:\\\/\\\/lgigroup.com\\\/pl-pl\\\/\",\"logo\":{\"@type\":\"ImageObject\",\"inLanguage\":\"pl-pl\",\"@id\":\"https:\\\/\\\/lgigroup.com\\\/pl-pl\\\/#\\\/schema\\\/logo\\\/image\\\/\",\"url\":\"https:\\\/\\\/lgigroup.com\\\/wp-content\\\/uploads\\\/2023\\\/01\\\/lgi-logo.png\",\"contentUrl\":\"https:\\\/\\\/lgigroup.com\\\/wp-content\\\/uploads\\\/2023\\\/01\\\/lgi-logo.png\",\"width\":420,\"height\":200,\"caption\":\"LGI GmbH\"},\"image\":{\"@id\":\"https:\\\/\\\/lgigroup.com\\\/pl-pl\\\/#\\\/schema\\\/logo\\\/image\\\/\"}}]}<\/script>\n<!-- \/ Yoast SEO plugin. -->","yoast_head_json":{"title":"Skontaktuj si\u0119 z nami - ch\u0119tnie doradzimy | LGI","description":"Masz pytania dotycz\u0105ce Twojej przesy\u0142ki, naszych ofert pracy lub naszych us\u0142ug bran\u017cowych? Z przyjemno\u015bci\u0105 doradzimy.","robots":{"index":"index","follow":"follow","max-snippet":"max-snippet:-1","max-image-preview":"max-image-preview:large","max-video-preview":"max-video-preview:-1"},"canonical":"https:\/\/lgigroup.com\/pl-pl\/wp-json\/wp\/v2\/pages\/21394","og_locale":"pl_PL","og_type":"article","og_title":"Skontaktuj si\u0119 z nami - ch\u0119tnie doradzimy | LGI","og_description":"Masz pytania dotycz\u0105ce Twojej przesy\u0142ki, naszych ofert pracy lub naszych us\u0142ug bran\u017cowych? Z przyjemno\u015bci\u0105 doradzimy.","og_url":"https:\/\/lgigroup.com\/pl-pl\/contact\/","og_site_name":"LGI Group","article_modified_time":"2024-03-18T08:47:50+00:00","twitter_card":"summary_large_image","twitter_misc":{"Est. reading time":"1 minute"},"schema":{"@context":"https:\/\/schema.org","@graph":[{"@type":"WebPage","@id":"https:\/\/lgigroup.com\/pl-pl\/contact\/","url":"https:\/\/lgigroup.com\/pl-pl\/contact\/","name":"Skontaktuj si\u0119 z nami - ch\u0119tnie doradzimy | LGI","isPartOf":{"@id":"https:\/\/lgigroup.com\/pl-pl\/#website"},"datePublished":"2022-12-21T13:22:09+00:00","dateModified":"2024-03-18T08:47:50+00:00","description":"Masz pytania dotycz\u0105ce Twojej przesy\u0142ki, naszych ofert pracy lub naszych us\u0142ug bran\u017cowych? Z przyjemno\u015bci\u0105 doradzimy.","breadcrumb":{"@id":"https:\/\/lgigroup.com\/pl-pl\/contact\/#breadcrumb"},"inLanguage":"pl-pl","potentialAction":[{"@type":"ReadAction","target":["https:\/\/lgigroup.com\/pl-pl\/contact\/"]}]},{"@type":"BreadcrumbList","@id":"https:\/\/lgigroup.com\/pl-pl\/contact\/#breadcrumb","itemListElement":[{"@type":"ListItem","position":1,"name":"Startseite","item":"https:\/\/lgigroup.com\/pl-pl\/"},{"@type":"ListItem","position":2,"name":"Contact"}]},{"@type":"WebSite","@id":"https:\/\/lgigroup.com\/pl-pl\/#website","url":"https:\/\/lgigroup.com\/pl-pl\/","name":"LGI Group","description":"","publisher":{"@id":"https:\/\/lgigroup.com\/pl-pl\/#organization"},"potentialAction":[{"@type":"SearchAction","target":{"@type":"EntryPoint","urlTemplate":"https:\/\/lgigroup.com\/pl-pl\/?s={search_term_string}"},"query-input":{"@type":"PropertyValueSpecification","valueRequired":true,"valueName":"search_term_string"}}],"inLanguage":"pl-pl"},{"@type":"Organization","@id":"https:\/\/lgigroup.com\/pl-pl\/#organization","name":"LGI GmbH","url":"https:\/\/lgigroup.com\/pl-pl\/","logo":{"@type":"ImageObject","inLanguage":"pl-pl","@id":"https:\/\/lgigroup.com\/pl-pl\/#\/schema\/logo\/image\/","url":"https:\/\/lgigroup.com\/wp-content\/uploads\/2023\/01\/lgi-logo.png","contentUrl":"https:\/\/lgigroup.com\/wp-content\/uploads\/2023\/01\/lgi-logo.png","width":420,"height":200,"caption":"LGI GmbH"},"image":{"@id":"https:\/\/lgigroup.com\/pl-pl\/#\/schema\/logo\/image\/"}}]}},"_links":{"self":[{"href":"https:\/\/lgigroup.com\/pl-pl\/wp-json\/wp\/v2\/pages\/21394","targetHints":{"allow":["GET"]}}],"collection":[{"href":"https:\/\/lgigroup.com\/pl-pl\/wp-json\/wp\/v2\/pages"}],"about":[{"href":"https:\/\/lgigroup.com\/pl-pl\/wp-json\/wp\/v2\/types\/page"}],"author":[{"embeddable":true,"href":"https:\/\/lgigroup.com\/pl-pl\/wp-json\/wp\/v2\/users\/1"}],"replies":[{"embeddable":true,"href":"https:\/\/lgigroup.com\/pl-pl\/wp-json\/wp\/v2\/comments?post=21394"}],"version-history":[{"count":6,"href":"https:\/\/lgigroup.com\/pl-pl\/wp-json\/wp\/v2\/pages\/21394\/revisions"}],"predecessor-version":[{"id":22520,"href":"https:\/\/lgigroup.com\/pl-pl\/wp-json\/wp\/v2\/pages\/21394\/revisions\/22520"}],"wp:attachment":[{"href":"https:\/\/lgigroup.com\/pl-pl\/wp-json\/wp\/v2\/media?parent=21394"}],"curies":[{"name":"wp","href":"https:\/\/api.w.org\/{rel}","templated":true}]}}