{"id":21484,"date":"2023-01-15T18:38:02","date_gmt":"2023-01-15T17:38:02","guid":{"rendered":"https:\/\/lgigroup.com\/?page_id=21484"},"modified":"2024-03-18T09:53:46","modified_gmt":"2024-03-18T08:53:46","slug":"bcr","status":"publish","type":"page","link":"https:\/\/lgigroup.com\/pl-pl\/guidelines-documents\/bcr\/","title":{"rendered":"BCR"},"content":{"rendered":"\r\n\t\t<section class=\"titelbild-section titelbild-block-id-69de78b1a1e12 titelbild-block-layout-\">\r\n            <div class=\"col-12 col-lg-12\">\r\n                <div class=\"full-bild\"> <img loading=\"lazy\" decoding=\"async\" width=\"1920\" height=\"700\" src=\"\/wp-content\/uploads\/2023\/06\/person-with-digital-document-icon-bcr-lgi.jpg\" class=\"img-fluid\" alt=\"Person with digital document icon BCR LGI\" srcset=\"\/wp-content\/uploads\/2023\/06\/person-with-digital-document-icon-bcr-lgi.jpg 1920w, \/wp-content\/uploads\/2023\/06\/person-with-digital-document-icon-bcr-lgi-300x109.jpg 300w, \/wp-content\/uploads\/2023\/06\/person-with-digital-document-icon-bcr-lgi-1024x373.jpg 1024w, \/wp-content\/uploads\/2023\/06\/person-with-digital-document-icon-bcr-lgi-768x280.jpg 768w, \/wp-content\/uploads\/2023\/06\/person-with-digital-document-icon-bcr-lgi-1536x560.jpg 1536w\" sizes=\"auto, (max-width: 1920px) 100vw, 1920px\" \/><\/div>\r\n                <div class=\"bild-title container\">\r\n                    <div class=\"row\">\r\n                                <div class=\"col\">\r\n                                    <p class=\"headline wt-h1\">LGI BCR<\/p>\r\n                                <\/div>                                        \r\n                            <\/div> \r\n                <\/div>\r\n            <\/div>\r\n        <\/section>\r\n\t\n\n            \r\n        <div class=\"spacing-block large spacing-block-id-69de78b1a2332\" >                                     \r\n                  <div class=\"large-space\">   \r\n                  <\/div>                      \r\n        <\/div>\n\n\r\n                <div class=\"headline-block \">\r\n                    \r\n                        <div class=\"container\">                            \r\n                            <div class=\"row\">\r\n                        <div class=\"col\">\r\n                            <h1 class=\"wt-subheadline wt-sl sub-headline-align\">Binding corporate rules<\/h1>\r\n                        <\/div>\r\n                    <\/div>\r\n                            \r\n                            <div class=\"row\">\r\n                                <div class=\"col\">\r\n                                    <h2 class=\"wt-h1 wt-font-color-dark-grey\">Our regulations on data protection<\/h2>\r\n                                <\/div>                                        \r\n                            <\/div>                                                                                                    \r\n                        <\/div>                                \r\n                <\/div>\r\n            \n\n            \r\n        <div class=\"spacing-block extrasmall spacing-block-id-69de78b1a24c5\" >                                     \r\n                  <div class=\"extra-small-space\">   \r\n                  <\/div>                      \r\n        <\/div>\n\n   \r\n    \r\n    <div class=\"grey-line-block grey-line-block-id-69de78b1a2588\">\r\n        \r\n        <div class=\"container\">\r\n            <div class=\"row\">\r\n                <div class=\"col test\">\r\n                    <div class=\"grey-line-block-line\"><\/div>\r\n                <\/div>                \r\n            <\/div>\r\n        <\/div>\r\n        \r\n    <\/div>\n\n            \r\n        <div class=\"spacing-block small spacing-block-id-69de78b1a2648\" >                                     \r\n                  <div class=\"small-space\">   \r\n                  <\/div>                      \r\n        <\/div>\n\n\n<div class=\"wp-block-group container\"><div class=\"wp-block-group__inner-container is-layout-constrained wp-block-group-is-layout-constrained\">\n<p>Our parent company, Elanders Group, is committed to protecting personal data in accordance with the European General Data Protection Regulation (EU GDPR).<\/p>\n\n\n\n<p>For this reason, Elanders has implemented Binding Corporate Rules (BCR). These define internal data protection rules for personal data in order to regulate the processing of this data between Elanders Group companies worldwide.<\/p>\n\n\n\n<p>The BCRs enable Elanders subsidiaries such as LGI to transfer personal data from the European Economic Area (EEA) to Elanders subsidiaries outside the EEA in accordance with the EU GDPR.<\/p>\n<\/div><\/div>\n\n\n            \r\n        <div class=\"spacing-block large spacing-block-id-69de78b1a3844\" >                                     \r\n                  <div class=\"large-space\">   \r\n                  <\/div>                      \r\n        <\/div>\n\n   \r\n    \r\n    <section id=\"Contact-person\" class=\"contact-person-block contact-person-block-id-69de78b1a3910 encoded-email\" data-idcp=\"6134\" data-mail=\"YmFsYXpzX3ZlbnRlckBsZ2kuZGU=\">\r\n    \r\n        \r\n        <div class=\"contact-person-bg-img-wrapper\">\r\n            <img loading=\"lazy\" decoding=\"async\" width=\"1920\" height=\"500\" src=\"\/wp-content\/uploads\/2023\/01\/lgi-location-holland.jpg\" class=\"img-fluid bg-image\" alt=\"LGI Location Holland\" srcset=\"\/wp-content\/uploads\/2023\/01\/lgi-location-holland.jpg 1920w, \/wp-content\/uploads\/2023\/01\/lgi-location-holland-300x78.jpg 300w, \/wp-content\/uploads\/2023\/01\/lgi-location-holland-1024x267.jpg 1024w, \/wp-content\/uploads\/2023\/01\/lgi-location-holland-768x200.jpg 768w, \/wp-content\/uploads\/2023\/01\/lgi-location-holland-1536x400.jpg 1536w\" sizes=\"auto, (max-width: 1920px) 100vw, 1920px\" \/>\r\n        <\/div>\r\n        \r\n        <div class=\"container contact-person-content-wrapper\">\r\n            <div class=\"row\">\r\n                <div class=\"col-12 col-lg-6 contact-person-text-wrapper contact-text-align\">\r\n                    <span class=\"wt-bh\">Your contact at LGI<\/span>\r\n                    <span class=\"wt-hl wt-big-string\">Please feel free to <span class='wt-font-color-white'>contact<\/span> us!<\/span>\r\n                <\/div>\r\n                <div class=\"col-12 col-lg-6 order-first order-lg-last contact-person-img-wrapper\">\r\n                    <div>\r\n                        <div class=\"contact-person-wrapper contact-person\">\r\n                            <div class=\"d-flex align-items-stretch\">\r\n                                <div class=\"image-section\">\r\n                                    <img loading=\"lazy\" decoding=\"async\" width=\"540\" height=\"500\" src=\"\/wp-content\/uploads\/2023\/02\/lgi-contact-person-balazs-venter.png\" class=\"img-fluid\" alt=\"LGI Contact person: Venter Balazs\" srcset=\"\/wp-content\/uploads\/2023\/02\/lgi-contact-person-balazs-venter.png 540w, \/wp-content\/uploads\/2023\/02\/lgi-contact-person-balazs-venter-300x278.png 300w\" sizes=\"auto, (max-width: 540px) 100vw, 540px\" \/>\r\n                                <\/div>\r\n                                <div class=\"pe-3 pe-sm-0 ps-3 ps-xl-3 d-flex flex-column justify-content-end content-section\">\r\n                                    <p class=\"wt-sl\">Tw\u00f3j kontakt<\/p>\r\n                                \r\n                                    <p class=\"text-sec wt-text-sec\">\r\n                                        <span>Data Protection and Legal &#038; Compliance<\/span><br>\r\n                                         Balazs Venter<br>\r\n                                        <a class=\"wt-k-click-tel\" href=\"tel:+4970312009662\">+49 7031 2009662<\/a><br>\r\n                                        <a class=\"wt-k-click-mail\" href=\"&#109;&#97;&#105;&#108;&#116;&#111;&#58;%62%61%6c%61%7a%73%5f%76%65%6e%74%65%72@%6c%67%69.%64%65\">&#x62;&#x61;&#x6c;&#x61;&#x7a;&#x73;&#x5f;&#x76;&#x65;&#x6e;&#x74;&#x65;&#x72;&#x40;&#x6c;&#x67;&#x69;&#x2e;&#x64;&#x65;<\/a>\r\n                                    <\/p>\r\n                                    <div class=\"button-wrapper\">\r\n                                        <div class=\"wt-bt d-none d-sm-block\" data-bs-toggle=\"modal\" data-bs-target=\"#contactModal\">Skontaktuj si\u0119 z nami<\/div>\r\n                                        <div class=\"d-none d-sm-block \"> <\/div>\r\n                                    <\/div>    \r\n                                <\/div>\r\n                            <\/div>                            \r\n                            <div class=\"button-wrapper\">\r\n                                <div class=\"mt-md-3 pt-3 pb-3 ps-3 pe-3 pt-md-3 d-sm-none\">\r\n                                    <div class=\"wt-bt\" data-bs-toggle=\"modal\" data-bs-target=\"#contactModal\">Skontaktuj si\u0119 z nami<\/div>\r\n                                    \r\n                                <\/div>\r\n                            <\/div> \r\n                        <\/div>                        \r\n                    <\/div>                    \r\n                <\/div>\r\n            <\/div>\r\n        <\/div>\r\n        \r\n    <\/section>","protected":false},"excerpt":{"rendered":"<p>Our parent company, Elanders Group, is committed to protecting personal data in accordance with the European General Data Protection Regulation (EU GDPR). For this reason, Elanders has implemented Binding Corporate Rules (BCR). These define internal data protection rules for personal data in order to regulate the processing of this data between Elanders Group companies worldwide. [&hellip;]<\/p>\n","protected":false},"author":1,"featured_media":0,"parent":21475,"menu_order":0,"comment_status":"closed","ping_status":"closed","template":"","meta":{"footnotes":""},"class_list":["post-21484","page","type-page","status-publish","hentry"],"yoast_head":"<!-- This site is optimized with the Yoast SEO plugin v27.3 - https:\/\/yoast.com\/product\/yoast-seo-wordpress\/ -->\n<title>Nasze wi\u0105\u017c\u0105ce zasady korporacyjne - BCR | LGI<\/title>\n<meta name=\"description\" content=\"Regulacje dotycz\u0105ce wewn\u0119trznego przetwarzania danych osobowych. Dowiedz si\u0119 wi\u0119cej o przepisach dotycz\u0105cych ochrony danych.\" \/>\n<meta name=\"robots\" content=\"index, follow, max-snippet:-1, max-image-preview:large, max-video-preview:-1\" \/>\n<link rel=\"canonical\" href=\"https:\/\/lgigroup.com\/pl-pl\/wp-json\/wp\/v2\/pages\/21484\" \/>\n<meta property=\"og:locale\" content=\"pl_PL\" \/>\n<meta property=\"og:type\" content=\"article\" \/>\n<meta property=\"og:title\" content=\"Nasze wi\u0105\u017c\u0105ce zasady korporacyjne - BCR | LGI\" \/>\n<meta property=\"og:description\" content=\"Regulacje dotycz\u0105ce wewn\u0119trznego przetwarzania danych osobowych. Dowiedz si\u0119 wi\u0119cej o przepisach dotycz\u0105cych ochrony danych.\" \/>\n<meta property=\"og:url\" content=\"https:\/\/lgigroup.com\/pl-pl\/guidelines-documents\/bcr\/\" \/>\n<meta property=\"og:site_name\" content=\"LGI Group\" \/>\n<meta property=\"article:modified_time\" content=\"2024-03-18T08:53:46+00:00\" \/>\n<meta name=\"twitter:card\" content=\"summary_large_image\" \/>\n<meta name=\"twitter:label1\" content=\"Est. reading time\" \/>\n\t<meta name=\"twitter:data1\" content=\"1 minute\" \/>\n<script type=\"application\/ld+json\" class=\"yoast-schema-graph\">{\"@context\":\"https:\\\/\\\/schema.org\",\"@graph\":[{\"@type\":\"WebPage\",\"@id\":\"https:\\\/\\\/lgigroup.com\\\/pl-pl\\\/guidelines-documents\\\/bcr\\\/\",\"url\":\"https:\\\/\\\/lgigroup.com\\\/pl-pl\\\/guidelines-documents\\\/bcr\\\/\",\"name\":\"Nasze wi\u0105\u017c\u0105ce zasady korporacyjne - BCR | LGI\",\"isPartOf\":{\"@id\":\"https:\\\/\\\/lgigroup.com\\\/pl-pl\\\/#website\"},\"datePublished\":\"2023-01-15T17:38:02+00:00\",\"dateModified\":\"2024-03-18T08:53:46+00:00\",\"description\":\"Regulacje dotycz\u0105ce wewn\u0119trznego przetwarzania danych osobowych. Dowiedz si\u0119 wi\u0119cej o przepisach dotycz\u0105cych ochrony danych.\",\"breadcrumb\":{\"@id\":\"https:\\\/\\\/lgigroup.com\\\/pl-pl\\\/guidelines-documents\\\/bcr\\\/#breadcrumb\"},\"inLanguage\":\"pl-pl\",\"potentialAction\":[{\"@type\":\"ReadAction\",\"target\":[\"https:\\\/\\\/lgigroup.com\\\/pl-pl\\\/guidelines-documents\\\/bcr\\\/\"]}]},{\"@type\":\"BreadcrumbList\",\"@id\":\"https:\\\/\\\/lgigroup.com\\\/pl-pl\\\/guidelines-documents\\\/bcr\\\/#breadcrumb\",\"itemListElement\":[{\"@type\":\"ListItem\",\"position\":1,\"name\":\"Startseite\",\"item\":\"https:\\\/\\\/lgigroup.com\\\/pl-pl\\\/\"},{\"@type\":\"ListItem\",\"position\":2,\"name\":\"Guidelines &#038; documents\",\"item\":\"https:\\\/\\\/lgigroup.com\\\/pl-pl\\\/guidelines-documents\\\/\"},{\"@type\":\"ListItem\",\"position\":3,\"name\":\"BCR\"}]},{\"@type\":\"WebSite\",\"@id\":\"https:\\\/\\\/lgigroup.com\\\/pl-pl\\\/#website\",\"url\":\"https:\\\/\\\/lgigroup.com\\\/pl-pl\\\/\",\"name\":\"LGI Group\",\"description\":\"\",\"publisher\":{\"@id\":\"https:\\\/\\\/lgigroup.com\\\/pl-pl\\\/#organization\"},\"potentialAction\":[{\"@type\":\"SearchAction\",\"target\":{\"@type\":\"EntryPoint\",\"urlTemplate\":\"https:\\\/\\\/lgigroup.com\\\/pl-pl\\\/?s={search_term_string}\"},\"query-input\":{\"@type\":\"PropertyValueSpecification\",\"valueRequired\":true,\"valueName\":\"search_term_string\"}}],\"inLanguage\":\"pl-pl\"},{\"@type\":\"Organization\",\"@id\":\"https:\\\/\\\/lgigroup.com\\\/pl-pl\\\/#organization\",\"name\":\"LGI GmbH\",\"url\":\"https:\\\/\\\/lgigroup.com\\\/pl-pl\\\/\",\"logo\":{\"@type\":\"ImageObject\",\"inLanguage\":\"pl-pl\",\"@id\":\"https:\\\/\\\/lgigroup.com\\\/pl-pl\\\/#\\\/schema\\\/logo\\\/image\\\/\",\"url\":\"https:\\\/\\\/lgigroup.com\\\/wp-content\\\/uploads\\\/2023\\\/01\\\/lgi-logo.png\",\"contentUrl\":\"https:\\\/\\\/lgigroup.com\\\/wp-content\\\/uploads\\\/2023\\\/01\\\/lgi-logo.png\",\"width\":420,\"height\":200,\"caption\":\"LGI GmbH\"},\"image\":{\"@id\":\"https:\\\/\\\/lgigroup.com\\\/pl-pl\\\/#\\\/schema\\\/logo\\\/image\\\/\"}}]}<\/script>\n<!-- \/ Yoast SEO plugin. -->","yoast_head_json":{"title":"Nasze wi\u0105\u017c\u0105ce zasady korporacyjne - BCR | LGI","description":"Regulacje dotycz\u0105ce wewn\u0119trznego przetwarzania danych osobowych. Dowiedz si\u0119 wi\u0119cej o przepisach dotycz\u0105cych ochrony danych.","robots":{"index":"index","follow":"follow","max-snippet":"max-snippet:-1","max-image-preview":"max-image-preview:large","max-video-preview":"max-video-preview:-1"},"canonical":"https:\/\/lgigroup.com\/pl-pl\/wp-json\/wp\/v2\/pages\/21484","og_locale":"pl_PL","og_type":"article","og_title":"Nasze wi\u0105\u017c\u0105ce zasady korporacyjne - BCR | LGI","og_description":"Regulacje dotycz\u0105ce wewn\u0119trznego przetwarzania danych osobowych. Dowiedz si\u0119 wi\u0119cej o przepisach dotycz\u0105cych ochrony danych.","og_url":"https:\/\/lgigroup.com\/pl-pl\/guidelines-documents\/bcr\/","og_site_name":"LGI Group","article_modified_time":"2024-03-18T08:53:46+00:00","twitter_card":"summary_large_image","twitter_misc":{"Est. reading time":"1 minute"},"schema":{"@context":"https:\/\/schema.org","@graph":[{"@type":"WebPage","@id":"https:\/\/lgigroup.com\/pl-pl\/guidelines-documents\/bcr\/","url":"https:\/\/lgigroup.com\/pl-pl\/guidelines-documents\/bcr\/","name":"Nasze wi\u0105\u017c\u0105ce zasady korporacyjne - BCR | LGI","isPartOf":{"@id":"https:\/\/lgigroup.com\/pl-pl\/#website"},"datePublished":"2023-01-15T17:38:02+00:00","dateModified":"2024-03-18T08:53:46+00:00","description":"Regulacje dotycz\u0105ce wewn\u0119trznego przetwarzania danych osobowych. Dowiedz si\u0119 wi\u0119cej o przepisach dotycz\u0105cych ochrony danych.","breadcrumb":{"@id":"https:\/\/lgigroup.com\/pl-pl\/guidelines-documents\/bcr\/#breadcrumb"},"inLanguage":"pl-pl","potentialAction":[{"@type":"ReadAction","target":["https:\/\/lgigroup.com\/pl-pl\/guidelines-documents\/bcr\/"]}]},{"@type":"BreadcrumbList","@id":"https:\/\/lgigroup.com\/pl-pl\/guidelines-documents\/bcr\/#breadcrumb","itemListElement":[{"@type":"ListItem","position":1,"name":"Startseite","item":"https:\/\/lgigroup.com\/pl-pl\/"},{"@type":"ListItem","position":2,"name":"Guidelines &#038; documents","item":"https:\/\/lgigroup.com\/pl-pl\/guidelines-documents\/"},{"@type":"ListItem","position":3,"name":"BCR"}]},{"@type":"WebSite","@id":"https:\/\/lgigroup.com\/pl-pl\/#website","url":"https:\/\/lgigroup.com\/pl-pl\/","name":"LGI Group","description":"","publisher":{"@id":"https:\/\/lgigroup.com\/pl-pl\/#organization"},"potentialAction":[{"@type":"SearchAction","target":{"@type":"EntryPoint","urlTemplate":"https:\/\/lgigroup.com\/pl-pl\/?s={search_term_string}"},"query-input":{"@type":"PropertyValueSpecification","valueRequired":true,"valueName":"search_term_string"}}],"inLanguage":"pl-pl"},{"@type":"Organization","@id":"https:\/\/lgigroup.com\/pl-pl\/#organization","name":"LGI GmbH","url":"https:\/\/lgigroup.com\/pl-pl\/","logo":{"@type":"ImageObject","inLanguage":"pl-pl","@id":"https:\/\/lgigroup.com\/pl-pl\/#\/schema\/logo\/image\/","url":"https:\/\/lgigroup.com\/wp-content\/uploads\/2023\/01\/lgi-logo.png","contentUrl":"https:\/\/lgigroup.com\/wp-content\/uploads\/2023\/01\/lgi-logo.png","width":420,"height":200,"caption":"LGI GmbH"},"image":{"@id":"https:\/\/lgigroup.com\/pl-pl\/#\/schema\/logo\/image\/"}}]}},"_links":{"self":[{"href":"https:\/\/lgigroup.com\/pl-pl\/wp-json\/wp\/v2\/pages\/21484","targetHints":{"allow":["GET"]}}],"collection":[{"href":"https:\/\/lgigroup.com\/pl-pl\/wp-json\/wp\/v2\/pages"}],"about":[{"href":"https:\/\/lgigroup.com\/pl-pl\/wp-json\/wp\/v2\/types\/page"}],"author":[{"embeddable":true,"href":"https:\/\/lgigroup.com\/pl-pl\/wp-json\/wp\/v2\/users\/1"}],"replies":[{"embeddable":true,"href":"https:\/\/lgigroup.com\/pl-pl\/wp-json\/wp\/v2\/comments?post=21484"}],"version-history":[{"count":1,"href":"https:\/\/lgigroup.com\/pl-pl\/wp-json\/wp\/v2\/pages\/21484\/revisions"}],"predecessor-version":[{"id":21485,"href":"https:\/\/lgigroup.com\/pl-pl\/wp-json\/wp\/v2\/pages\/21484\/revisions\/21485"}],"up":[{"embeddable":true,"href":"https:\/\/lgigroup.com\/pl-pl\/wp-json\/wp\/v2\/pages\/21475"}],"wp:attachment":[{"href":"https:\/\/lgigroup.com\/pl-pl\/wp-json\/wp\/v2\/media?parent=21484"}],"curies":[{"name":"wp","href":"https:\/\/api.w.org\/{rel}","templated":true}]}}