{"id":21505,"date":"2023-01-16T16:42:49","date_gmt":"2023-01-16T15:42:49","guid":{"rendered":"https:\/\/lgigroup.com\/?page_id=21505"},"modified":"2025-10-30T14:59:46","modified_gmt":"2025-10-30T13:59:46","slug":"ogolne-warunki-handlowe","status":"publish","type":"page","link":"https:\/\/lgigroup.com\/pl-pl\/guidelines-documents\/ogolne-warunki-handlowe\/","title":{"rendered":"Our General Terms &#038; Conditions"},"content":{"rendered":"\r\n\t\t<section class=\"titelbild-section titelbild-block-id-69d380f0256cb titelbild-block-layout-\">\r\n            <div class=\"col-12 col-lg-12\">\r\n                <div class=\"full-bild\"> <img loading=\"lazy\" decoding=\"async\" width=\"1920\" height=\"700\" src=\"\/wp-content\/uploads\/2023\/06\/person-at-filling-cabinet-general-terms-lgi.jpg\" class=\"img-fluid\" alt=\"Person am Aktenschrank | LGI AGBs\" srcset=\"\/wp-content\/uploads\/2023\/06\/person-at-filling-cabinet-general-terms-lgi.jpg 1920w, \/wp-content\/uploads\/2023\/06\/person-at-filling-cabinet-general-terms-lgi-300x109.jpg 300w, \/wp-content\/uploads\/2023\/06\/person-at-filling-cabinet-general-terms-lgi-1024x373.jpg 1024w, \/wp-content\/uploads\/2023\/06\/person-at-filling-cabinet-general-terms-lgi-768x280.jpg 768w, \/wp-content\/uploads\/2023\/06\/person-at-filling-cabinet-general-terms-lgi-1536x560.jpg 1536w\" sizes=\"auto, (max-width: 1920px) 100vw, 1920px\" \/><\/div>\r\n                <div class=\"bild-title container\">\r\n                    <div class=\"row\">\r\n                                <div class=\"col\">\r\n                                    <p class=\"headline wt-h1\">LGI OWU<\/p>\r\n                                <\/div>                                        \r\n                            <\/div> \r\n                <\/div>\r\n            <\/div>\r\n        <\/section>\r\n\t\n\n            \r\n        <div class=\"spacing-block large spacing-block-id-69d380f025de4\" >                                     \r\n                  <div class=\"large-space\">   \r\n                  <\/div>                      \r\n        <\/div>\n\n\r\n                <div class=\"headline-block \">\r\n                    \r\n                        <div class=\"container\">                            \r\n                            <div class=\"row\">\r\n                        <div class=\"col\">\r\n                            <h1 class=\"wt-subheadline wt-sl sub-headline-align\">Nasze og\u00f3lne warunki handlowe<\/h1>\r\n                        <\/div>\r\n                    <\/div>\r\n                            \r\n                            <div class=\"row\">\r\n                                <div class=\"col\">\r\n                                    <h2 class=\"wt-h1 wt-font-color-dark-grey\">Og\u00f3lne warunki logistyczne, transportowe i celne<\/h2>\r\n                                <\/div>                                        \r\n                            <\/div>                                                                                                    \r\n                        <\/div>                                \r\n                <\/div>\r\n            \n\n            \r\n        <div class=\"spacing-block extrasmall spacing-block-id-69d380f025ff4\" >                                     \r\n                  <div class=\"extra-small-space\">   \r\n                  <\/div>                      \r\n        <\/div>\n\n   \r\n    \r\n    <div class=\"grey-line-block grey-line-block-id-69d380f0260ed\">\r\n        \r\n        <div class=\"container\">\r\n            <div class=\"row\">\r\n                <div class=\"col test\">\r\n                    <div class=\"grey-line-block-line\"><\/div>\r\n                <\/div>                \r\n            <\/div>\r\n        <\/div>\r\n        \r\n    <\/div>\n\n            \r\n        <div class=\"spacing-block small spacing-block-id-69d380f0261e1\" >                                     \r\n                  <div class=\"small-space\">   \r\n                  <\/div>                      \r\n        <\/div>\n\n\n<div class=\"wp-block-group container\"><div class=\"wp-block-group__inner-container is-layout-constrained wp-block-group-is-layout-constrained\">\n<p>Tutaj mog\u0105 Pa\u0144stwo pobra\u0107 nasze og\u00f3lne warunki zakup\u00f3w, logistyki, transportu i ce\u0142, a tak\u017ce inne dokumenty, takie jak nasz kodeks post\u0119powania i regulamin wewn\u0119trzny LGI.<\/p>\n\n\n\n<ul class=\"wp-block-list\">\n<li><a href=\"\/wp-content\/uploads\/2023\/01\/adsp-lgi-2017.pdf\" target=\"_blank\" rel=\"noreferrer noopener\">ADSp 2017<\/a><\/li>\n\n\n\n<li><a href=\"\/wp-content\/uploads\/2023\/01\/agb-logistik-lgi.pdf\" target=\"_blank\" rel=\"noreferrer noopener\">Logistyka OWU<\/a><\/li>\n\n\n\n<li><a href=\"\/wp-content\/uploads\/2023\/09\/2309-lgi-group-agb-einkauf.pdf\" target=\"_blank\" rel=\"noreferrer noopener\">Og\u00f3lne warunki zakupu<\/a><\/li>\n\n\n\n<li><a href=\"\/wp-content\/uploads\/2024\/09\/240821-lgi-general-terms-conditions-transsped-en.pdf\" target=\"_blank\" rel=\"noreferrer noopener\">TransSped OWU<\/a><\/li>\n\n\n\n<li><a href=\"\/wp-content\/uploads\/2025\/10\/251015-lgi-general-terms-conditions-logserv-en.pdf\" target=\"_blank\" rel=\"noreferrer noopener\">LogServ OWU<\/a><\/li>\n\n\n\n<li><a href=\"\/wp-content\/uploads\/2024\/09\/lgi-gtc-transport-services-2024.pdf\" target=\"_blank\" rel=\"noreferrer noopener\">Us\u0142ugi transportowe OWU<\/a><\/li>\n\n\n\n<li><a href=\"\/wp-content\/uploads\/2023\/01\/formular-freigabe-subunternehmer-lgi.pdf\" target=\"_blank\" rel=\"noreferrer noopener\">Formularz akceptacji podwykonawc\u00f3w<\/a><\/li>\n\n\n\n<li><a href=\"\/wp-content\/uploads\/2023\/05\/2023-agb-zoll-de.pdf\" target=\"_blank\" rel=\"noreferrer noopener\">Warunki Celne<\/a><\/li>\n\n\n\n<li><a href=\"\/wp-content\/uploads\/2023\/01\/mindestlohngesetz-lgi-auftragnehmer.pdf\" target=\"_blank\" rel=\"noreferrer noopener\">Przepisy dotycz\u0105ce p\u0142acy minimalnej dla wykonawc\u00f3w LGI<\/a><\/li>\n\n\n\n<li><a href=\"\/wp-content\/uploads\/2023\/01\/verhaltenskodex-lieferanten-lgi.pdf\" target=\"_blank\" rel=\"noreferrer noopener\">Kodeks post\u0119powania dla dostawc\u00f3w<\/a><\/li>\n\n\n\n<li><a href=\"\/wp-content\/uploads\/2023\/01\/lgi-hausordnung.pdf\" target=\"_blank\" rel=\"noreferrer noopener\">Regulamin wewn\u0119trzny LGI<\/a><\/li>\n<\/ul>\n<\/div><\/div>\n\n\n            \r\n        <div class=\"spacing-block large spacing-block-id-69d380f027f23\" >                                     \r\n                  <div class=\"large-space\">   \r\n                  <\/div>                      \r\n        <\/div>","protected":false},"excerpt":{"rendered":"<p>Tutaj mog\u0105 Pa\u0144stwo pobra\u0107 nasze og\u00f3lne warunki zakup\u00f3w, logistyki, transportu i ce\u0142, a tak\u017ce inne dokumenty, takie jak nasz kodeks post\u0119powania i regulamin wewn\u0119trzny LGI.<\/p>\n","protected":false},"author":1,"featured_media":0,"parent":21475,"menu_order":0,"comment_status":"closed","ping_status":"closed","template":"","meta":{"footnotes":""},"class_list":["post-21505","page","type-page","status-publish","hentry"],"yoast_head":"<!-- This site is optimized with the Yoast SEO plugin v27.3 - https:\/\/yoast.com\/product\/yoast-seo-wordpress\/ -->\n<title>Nasze og\u00f3lne warunki handlowe<\/title>\n<meta name=\"description\" content=\"Tutaj znajdziesz nasze og\u00f3lne warunki - warunki ramowe dotycz\u0105ce logistyki, transportu i ce\u0142. Dowiedz si\u0119 wi\u0119cej ju\u017c teraz.\" \/>\n<meta name=\"robots\" content=\"index, follow, max-snippet:-1, max-image-preview:large, max-video-preview:-1\" \/>\n<link rel=\"canonical\" href=\"https:\/\/lgigroup.com\/pl-pl\/wp-json\/wp\/v2\/pages\/21505\" \/>\n<meta property=\"og:locale\" content=\"pl_PL\" \/>\n<meta property=\"og:type\" content=\"article\" \/>\n<meta property=\"og:title\" content=\"Nasze og\u00f3lne warunki handlowe\" \/>\n<meta property=\"og:description\" content=\"Tutaj znajdziesz nasze og\u00f3lne warunki - warunki ramowe dotycz\u0105ce logistyki, transportu i ce\u0142. Dowiedz si\u0119 wi\u0119cej ju\u017c teraz.\" \/>\n<meta property=\"og:url\" content=\"https:\/\/lgigroup.com\/pl-pl\/guidelines-documents\/ogolne-warunki-handlowe\/\" \/>\n<meta property=\"og:site_name\" content=\"LGI Group\" \/>\n<meta property=\"article:modified_time\" content=\"2025-10-30T13:59:46+00:00\" \/>\n<meta name=\"twitter:card\" content=\"summary_large_image\" \/>\n<meta name=\"twitter:label1\" content=\"Est. reading time\" \/>\n\t<meta name=\"twitter:data1\" content=\"1 minute\" \/>\n<script type=\"application\/ld+json\" class=\"yoast-schema-graph\">{\"@context\":\"https:\\\/\\\/schema.org\",\"@graph\":[{\"@type\":\"WebPage\",\"@id\":\"https:\\\/\\\/lgigroup.com\\\/pl-pl\\\/guidelines-documents\\\/ogolne-warunki-handlowe\\\/\",\"url\":\"https:\\\/\\\/lgigroup.com\\\/pl-pl\\\/guidelines-documents\\\/ogolne-warunki-handlowe\\\/\",\"name\":\"Nasze og\u00f3lne warunki handlowe\",\"isPartOf\":{\"@id\":\"https:\\\/\\\/lgigroup.com\\\/pl-pl\\\/#website\"},\"datePublished\":\"2023-01-16T15:42:49+00:00\",\"dateModified\":\"2025-10-30T13:59:46+00:00\",\"description\":\"Tutaj znajdziesz nasze og\u00f3lne warunki - warunki ramowe dotycz\u0105ce logistyki, transportu i ce\u0142. Dowiedz si\u0119 wi\u0119cej ju\u017c teraz.\",\"breadcrumb\":{\"@id\":\"https:\\\/\\\/lgigroup.com\\\/pl-pl\\\/guidelines-documents\\\/ogolne-warunki-handlowe\\\/#breadcrumb\"},\"inLanguage\":\"pl-pl\",\"potentialAction\":[{\"@type\":\"ReadAction\",\"target\":[\"https:\\\/\\\/lgigroup.com\\\/pl-pl\\\/guidelines-documents\\\/ogolne-warunki-handlowe\\\/\"]}]},{\"@type\":\"BreadcrumbList\",\"@id\":\"https:\\\/\\\/lgigroup.com\\\/pl-pl\\\/guidelines-documents\\\/ogolne-warunki-handlowe\\\/#breadcrumb\",\"itemListElement\":[{\"@type\":\"ListItem\",\"position\":1,\"name\":\"Startseite\",\"item\":\"https:\\\/\\\/lgigroup.com\\\/pl-pl\\\/\"},{\"@type\":\"ListItem\",\"position\":2,\"name\":\"Guidelines &#038; documents\",\"item\":\"https:\\\/\\\/lgigroup.com\\\/pl-pl\\\/guidelines-documents\\\/\"},{\"@type\":\"ListItem\",\"position\":3,\"name\":\"Our General Terms &#038; Conditions\"}]},{\"@type\":\"WebSite\",\"@id\":\"https:\\\/\\\/lgigroup.com\\\/pl-pl\\\/#website\",\"url\":\"https:\\\/\\\/lgigroup.com\\\/pl-pl\\\/\",\"name\":\"LGI Group\",\"description\":\"\",\"publisher\":{\"@id\":\"https:\\\/\\\/lgigroup.com\\\/pl-pl\\\/#organization\"},\"potentialAction\":[{\"@type\":\"SearchAction\",\"target\":{\"@type\":\"EntryPoint\",\"urlTemplate\":\"https:\\\/\\\/lgigroup.com\\\/pl-pl\\\/?s={search_term_string}\"},\"query-input\":{\"@type\":\"PropertyValueSpecification\",\"valueRequired\":true,\"valueName\":\"search_term_string\"}}],\"inLanguage\":\"pl-pl\"},{\"@type\":\"Organization\",\"@id\":\"https:\\\/\\\/lgigroup.com\\\/pl-pl\\\/#organization\",\"name\":\"LGI GmbH\",\"url\":\"https:\\\/\\\/lgigroup.com\\\/pl-pl\\\/\",\"logo\":{\"@type\":\"ImageObject\",\"inLanguage\":\"pl-pl\",\"@id\":\"https:\\\/\\\/lgigroup.com\\\/pl-pl\\\/#\\\/schema\\\/logo\\\/image\\\/\",\"url\":\"https:\\\/\\\/lgigroup.com\\\/wp-content\\\/uploads\\\/2023\\\/01\\\/lgi-logo.png\",\"contentUrl\":\"https:\\\/\\\/lgigroup.com\\\/wp-content\\\/uploads\\\/2023\\\/01\\\/lgi-logo.png\",\"width\":420,\"height\":200,\"caption\":\"LGI GmbH\"},\"image\":{\"@id\":\"https:\\\/\\\/lgigroup.com\\\/pl-pl\\\/#\\\/schema\\\/logo\\\/image\\\/\"}}]}<\/script>\n<!-- \/ Yoast SEO plugin. -->","yoast_head_json":{"title":"Nasze og\u00f3lne warunki handlowe","description":"Tutaj znajdziesz nasze og\u00f3lne warunki - warunki ramowe dotycz\u0105ce logistyki, transportu i ce\u0142. Dowiedz si\u0119 wi\u0119cej ju\u017c teraz.","robots":{"index":"index","follow":"follow","max-snippet":"max-snippet:-1","max-image-preview":"max-image-preview:large","max-video-preview":"max-video-preview:-1"},"canonical":"https:\/\/lgigroup.com\/pl-pl\/wp-json\/wp\/v2\/pages\/21505","og_locale":"pl_PL","og_type":"article","og_title":"Nasze og\u00f3lne warunki handlowe","og_description":"Tutaj znajdziesz nasze og\u00f3lne warunki - warunki ramowe dotycz\u0105ce logistyki, transportu i ce\u0142. Dowiedz si\u0119 wi\u0119cej ju\u017c teraz.","og_url":"https:\/\/lgigroup.com\/pl-pl\/guidelines-documents\/ogolne-warunki-handlowe\/","og_site_name":"LGI Group","article_modified_time":"2025-10-30T13:59:46+00:00","twitter_card":"summary_large_image","twitter_misc":{"Est. reading time":"1 minute"},"schema":{"@context":"https:\/\/schema.org","@graph":[{"@type":"WebPage","@id":"https:\/\/lgigroup.com\/pl-pl\/guidelines-documents\/ogolne-warunki-handlowe\/","url":"https:\/\/lgigroup.com\/pl-pl\/guidelines-documents\/ogolne-warunki-handlowe\/","name":"Nasze og\u00f3lne warunki handlowe","isPartOf":{"@id":"https:\/\/lgigroup.com\/pl-pl\/#website"},"datePublished":"2023-01-16T15:42:49+00:00","dateModified":"2025-10-30T13:59:46+00:00","description":"Tutaj znajdziesz nasze og\u00f3lne warunki - warunki ramowe dotycz\u0105ce logistyki, transportu i ce\u0142. Dowiedz si\u0119 wi\u0119cej ju\u017c teraz.","breadcrumb":{"@id":"https:\/\/lgigroup.com\/pl-pl\/guidelines-documents\/ogolne-warunki-handlowe\/#breadcrumb"},"inLanguage":"pl-pl","potentialAction":[{"@type":"ReadAction","target":["https:\/\/lgigroup.com\/pl-pl\/guidelines-documents\/ogolne-warunki-handlowe\/"]}]},{"@type":"BreadcrumbList","@id":"https:\/\/lgigroup.com\/pl-pl\/guidelines-documents\/ogolne-warunki-handlowe\/#breadcrumb","itemListElement":[{"@type":"ListItem","position":1,"name":"Startseite","item":"https:\/\/lgigroup.com\/pl-pl\/"},{"@type":"ListItem","position":2,"name":"Guidelines &#038; documents","item":"https:\/\/lgigroup.com\/pl-pl\/guidelines-documents\/"},{"@type":"ListItem","position":3,"name":"Our General Terms &#038; Conditions"}]},{"@type":"WebSite","@id":"https:\/\/lgigroup.com\/pl-pl\/#website","url":"https:\/\/lgigroup.com\/pl-pl\/","name":"LGI Group","description":"","publisher":{"@id":"https:\/\/lgigroup.com\/pl-pl\/#organization"},"potentialAction":[{"@type":"SearchAction","target":{"@type":"EntryPoint","urlTemplate":"https:\/\/lgigroup.com\/pl-pl\/?s={search_term_string}"},"query-input":{"@type":"PropertyValueSpecification","valueRequired":true,"valueName":"search_term_string"}}],"inLanguage":"pl-pl"},{"@type":"Organization","@id":"https:\/\/lgigroup.com\/pl-pl\/#organization","name":"LGI GmbH","url":"https:\/\/lgigroup.com\/pl-pl\/","logo":{"@type":"ImageObject","inLanguage":"pl-pl","@id":"https:\/\/lgigroup.com\/pl-pl\/#\/schema\/logo\/image\/","url":"https:\/\/lgigroup.com\/wp-content\/uploads\/2023\/01\/lgi-logo.png","contentUrl":"https:\/\/lgigroup.com\/wp-content\/uploads\/2023\/01\/lgi-logo.png","width":420,"height":200,"caption":"LGI GmbH"},"image":{"@id":"https:\/\/lgigroup.com\/pl-pl\/#\/schema\/logo\/image\/"}}]}},"_links":{"self":[{"href":"https:\/\/lgigroup.com\/pl-pl\/wp-json\/wp\/v2\/pages\/21505","targetHints":{"allow":["GET"]}}],"collection":[{"href":"https:\/\/lgigroup.com\/pl-pl\/wp-json\/wp\/v2\/pages"}],"about":[{"href":"https:\/\/lgigroup.com\/pl-pl\/wp-json\/wp\/v2\/types\/page"}],"author":[{"embeddable":true,"href":"https:\/\/lgigroup.com\/pl-pl\/wp-json\/wp\/v2\/users\/1"}],"replies":[{"embeddable":true,"href":"https:\/\/lgigroup.com\/pl-pl\/wp-json\/wp\/v2\/comments?post=21505"}],"version-history":[{"count":11,"href":"https:\/\/lgigroup.com\/pl-pl\/wp-json\/wp\/v2\/pages\/21505\/revisions"}],"predecessor-version":[{"id":29364,"href":"https:\/\/lgigroup.com\/pl-pl\/wp-json\/wp\/v2\/pages\/21505\/revisions\/29364"}],"up":[{"embeddable":true,"href":"https:\/\/lgigroup.com\/pl-pl\/wp-json\/wp\/v2\/pages\/21475"}],"wp:attachment":[{"href":"https:\/\/lgigroup.com\/pl-pl\/wp-json\/wp\/v2\/media?parent=21505"}],"curies":[{"name":"wp","href":"https:\/\/api.w.org\/{rel}","templated":true}]}}