{"id":21556,"date":"2023-01-09T11:53:17","date_gmt":"2023-01-09T10:53:17","guid":{"rendered":"https:\/\/lgigroup.com\/?page_id=21556"},"modified":"2026-04-09T12:27:10","modified_gmt":"2026-04-09T10:27:10","slug":"impressum","status":"publish","type":"page","link":"https:\/\/lgigroup.com\/pl-pl\/impressum\/","title":{"rendered":"Legals"},"content":{"rendered":"\r\n\t\t<section class=\"titelbild-section titelbild-block-id-69e78052a9c35 titelbild-block-layout-\">\r\n            <div class=\"col-12 col-lg-12\">\r\n                <div class=\"full-bild\"> <img loading=\"lazy\" decoding=\"async\" width=\"1920\" height=\"700\" src=\"\/wp-content\/uploads\/2023\/02\/documents-on-a-desk-lgi.jpg\" class=\"img-fluid\" alt=\"Documents on a desk | LGI\" srcset=\"\/wp-content\/uploads\/2023\/02\/documents-on-a-desk-lgi.jpg 1920w, \/wp-content\/uploads\/2023\/02\/documents-on-a-desk-lgi-300x109.jpg 300w, \/wp-content\/uploads\/2023\/02\/documents-on-a-desk-lgi-1024x373.jpg 1024w, \/wp-content\/uploads\/2023\/02\/documents-on-a-desk-lgi-768x280.jpg 768w, \/wp-content\/uploads\/2023\/02\/documents-on-a-desk-lgi-1536x560.jpg 1536w\" sizes=\"auto, (max-width: 1920px) 100vw, 1920px\" \/><\/div>\r\n                <div class=\"bild-title container\">\r\n                    <div class=\"row\">\r\n                                <div class=\"col\">\r\n                                    <p class=\"headline wt-h1\"><\/p>\r\n                                <\/div>                                        \r\n                            <\/div> \r\n                <\/div>\r\n            <\/div>\r\n        <\/section>\r\n\t\n\n            \r\n        <div class=\"spacing-block large spacing-block-id-69e78052aa5b4\" >                                     \r\n                  <div class=\"large-space\">   \r\n                  <\/div>                      \r\n        <\/div>\n\n\r\n                <div class=\"headline-block \">\r\n                    \r\n                        <div class=\"container\">                            \r\n                            \r\n                            \r\n                            <div class=\"row\">\r\n                                <div class=\"col\">\r\n                                    <h1 class=\"wt-h1 wt-font-color-dark-grey\">Impressum<\/h1>\r\n                                <\/div>                                        \r\n                            <\/div>                                                                                                    \r\n                        <\/div>                                \r\n                <\/div>\r\n            \n\n            \r\n        <div class=\"spacing-block extrasmall spacing-block-id-69e78052aa86e\" >                                     \r\n                  <div class=\"extra-small-space\">   \r\n                  <\/div>                      \r\n        <\/div>\n\n   \r\n    \r\n    <div class=\"grey-line-block grey-line-block-id-69e78052aa9ad\">\r\n        \r\n        <div class=\"container\">\r\n            <div class=\"row\">\r\n                <div class=\"col test\">\r\n                    <div class=\"grey-line-block-line\"><\/div>\r\n                <\/div>                \r\n            <\/div>\r\n        <\/div>\r\n        \r\n    <\/div>\n\n            \r\n        <div class=\"spacing-block small spacing-block-id-69e78052aaae0\" >                                     \r\n                  <div class=\"small-space\">   \r\n                  <\/div>                      \r\n        <\/div>\n\n\n<div class=\"wp-block-group container\"><div class=\"wp-block-group__inner-container is-layout-constrained wp-block-group-is-layout-constrained\">\n<p>Impressum dotyczy r\u00f3wnie\u017c nast\u0119puj\u0105cych kana\u0142\u00f3w medi\u00f3w spo\u0142eczno\u015bciowych: <a href=\"https:\/\/business.facebook.com\/LGILogistics\/\" target=\"_blank\" rel=\"noreferrer noopener\">Facebook<\/a>, <a href=\"https:\/\/www.xing.com\/companies\/lgilogisticsgroupinternationalgmbh\" target=\"_blank\" rel=\"noreferrer noopener\">Xing<\/a>, <a href=\"https:\/\/www.linkedin.com\/company\/lgi-logistics-group-international-gmbh\/\" target=\"_blank\" rel=\"noreferrer noopener\">LinkedIn<\/a>.<\/p>\n\n\n\n<p><strong>Informacje zgodnie z \u00a7 5 DDG<\/strong><\/p>\n\n\n\n<p>LGI Logistics Group International GmbH<br>Konrad-Zuse-Stra\u00dfe 10<br>71034 B\u00f6blingen<\/p>\n\n\n\n<p>Dyrektorzy generalni:<br>Florian Beck, Holger Funk<\/p>\n\n\n            \r\n        <div class=\"spacing-block small spacing-block-id-69e78052aaf89\" >                                     \r\n                  <div class=\"small-space\">   \r\n                  <\/div>                      \r\n        <\/div>\n\n\r\n                <div class=\"headline-block \">\r\n                    \r\n                        <h2 class=\"wt-subheadline wt-sl\">Kontakt<\/h2>\r\n                            \r\n                        \r\n                                                            \r\n                <\/div>\r\n            \n\n            \r\n        <div class=\"spacing-block doublesmall spacing-block-id-69e78052ab141\" >                                     \r\n                  <div class=\"double-small-space\">   \r\n                  <\/div>                      \r\n        <\/div>\n\n\n<p>Telefon: <a href=\"tel:%2b%34%39%37%30%33%31%32%30%30%39%30\">+49 7031 2009 0<\/a><br>E-mail:\u00a0<a class=\"click_mail\" href=\"&#109;&#97;&#105;&#108;&#116;&#111;&#58;%69%6e%66%6f@%6c%67%69.%64%65 \" rel=\"noreferrer noopener\">&#x69;&#x6e;&#x66;&#x6f;&#x40;&#x6c;&#x67;&#x69;&#x2e;&#x64;&#x65;<\/a><br>Website: www.lgigroup.com<\/p>\n\n\n\n<p><strong>S\u0105d Rejestrowy<\/strong><br>Wpis do rejestru handlowego.<br>S\u0105d rejestrowy: Amtsgericht Stuttgart<br>Numer rejestru: HRB 243806<\/p>\n\n\n\n<p><strong>Numer identyfikacyjny VAT<br><\/strong>Numer identyfikacyjny VAT zgodnie z \u00a7 27a ustawy o podatku od towar\u00f3w i us\u0142ug:<br>DE 172126257<\/p>\n\n\n\n<p><strong>Organy nadzorcze<\/strong><br>Supervisory Authority for freight traffic:<br>Bundesamt f\u00fcr Logistik und Mobilit\u00e4t (BALM)<br>Werderstr. 34<br>50672 K\u00f6ln<br>Website: <a href=\"http:\/\/www.balm.bund.de\">www.balm.bund.de<\/a><\/p>\n\n\n\n<p>Responsible Lower Transportation Authority:<br>Landratsamt B\u00f6blingen<br>Stra\u00dfenverkehrsbeh\u00f6rde<br>Parkstr. 16<br>71034 B\u00f6blingen<br>Website: <a href=\"http:\/\/www.lrabb.de\">www.lrabb.de<\/a><\/p>\n\n\n\n<p><strong>Odpowiedzialny za tre\u015b\u0107 zgodnie z \u00a7 18 ust. 2 MStV<\/strong><br>Florian Beck<br>LGI Logistics Group International GmbH<br>Konrad-Zuse-Stra\u00dfe 10<br>71034 B\u00f6blingen<\/p>\n\n\n\n<p><strong>Rozstrzyganie spor\u00f3w konsumenckich \/ Uniwersalny organ rozstrzygaj\u0105cy spory<\/strong><br>Nie jeste\u015bmy gotowi ani zobowi\u0105zani do udzia\u0142u w post\u0119powaniu rozstrzygaj\u0105cym sp\u00f3r przed organem mediacyjnym ds. konsument\u00f3w.<\/p>\n\n\n\n<p>\u0179r\u00f3d\u0142o: <a href=\"https:\/\/www.e-recht24.de\/\">eRecht24<\/a><\/p>\n\n\n\n<p><strong>\u0179r\u00f3d\u0142a wykorzystanych materia\u0142\u00f3w<\/strong><br>Prawa do zdj\u0119\u0107 nale\u017c\u0105 do LGI Logistics Group International GmbH lub jednej z jej sp\u00f3\u0142ek zale\u017cnych.<\/p>\n\n\n            \r\n        <div class=\"spacing-block small spacing-block-id-69e78052ab76d\" >                                     \r\n                  <div class=\"small-space\">   \r\n                  <\/div>                      \r\n        <\/div>\n\n\n<p><strong>Realizacja cyfrowa<\/strong><br>Opracowane i zrealizowane przez firm\u0119 <a href=\"http:\/\/webthinker.de\">WebThinker GmbH<\/a>.<br>Jako partnerzy <a href=\"https:\/\/www.google.com\/partners\/agency?id=5149882286\">Google Premium<\/a> i <a href=\"https:\/\/www.shopware.com\/de\/partner\/agenturen\/webthinker-gmbh\/\">Shopware Partner<\/a> towarzyszymy firmom od pomys\u0142u a\u017c po uruchomienie serwisu, oferuj\u0105c<br>dostosowane do potrzeb rozwi\u0105zania cyfrowe oraz k\u0142ad\u0105c wyra\u017any nacisk na jako\u015b\u0107 i zr\u00f3wnowa\u017cony rozw\u00f3j.<\/p>\n\n\n\n<script type=\"application\/ld+json\">\n{\n  \"@context\": \"https:\/\/schema.org\",\n  \"@type\": \"WebSite\",\n  \"creator\": {\n    \"@type\": \"Organization\",\n    \"name\": \"WebThinker GmbH\",\n    \"url\": \"https:\/\/www.webthinker.de\",\n    \"address\": {\n      \"@type\": \"PostalAddress\",\n      \"addressLocality\": \"Ditzingen\",\n      \"addressRegion\": \"Baden-W\u00fcrttemberg\",\n      \"addressCountry\": \"DE\"\n    },\n    \"areaServed\": {\n      \"@type\": \"City\",\n      \"name\": \"Stuttgart\"\n    },\n    \"award\": [\n      \"Google Premium Partner\",\n      \"Shopware Partner\"\n    ],\n    \"knowsAbout\": [\n      \"Web-Entwicklung\",\n      \"Online-Marketing\",\n      \"Digitale Transformation\"\n    ]\n  }\n}\n<\/script>\n\n\n            \r\n        <div class=\"spacing-block large spacing-block-id-69e78052abad1\" >                                     \r\n                  <div class=\"large-space\">   \r\n                  <\/div>                      \r\n        <\/div><\/div><\/div>\n","protected":false},"excerpt":{"rendered":"<p>Impressum dotyczy r\u00f3wnie\u017c nast\u0119puj\u0105cych kana\u0142\u00f3w medi\u00f3w spo\u0142eczno\u015bciowych: Facebook, Xing, LinkedIn. Informacje zgodnie z \u00a7 5 DDG LGI Logistics Group International GmbHKonrad-Zuse-Stra\u00dfe 1071034 B\u00f6blingen Dyrektorzy generalni:Florian Beck, Holger Funk Telefon: +49 7031 2009 0E-mail:\u00a0Website: www.lgigroup.com S\u0105d RejestrowyWpis do rejestru handlowego.S\u0105d rejestrowy: Amtsgericht StuttgartNumer rejestru: HRB 243806 Numer identyfikacyjny VATNumer identyfikacyjny VAT zgodnie z \u00a7 27a ustawy [&hellip;]<\/p>\n","protected":false},"author":1,"featured_media":0,"parent":0,"menu_order":0,"comment_status":"closed","ping_status":"closed","template":"","meta":{"footnotes":""},"class_list":["post-21556","page","type-page","status-publish","hentry"],"yoast_head":"<!-- This site is optimized with the Yoast SEO plugin v27.3 - https:\/\/yoast.com\/product\/yoast-seo-wordpress\/ -->\n<title>Imprint LGI - ekspert w dziedzinie \u0142a\u0144cucha dostaw<\/title>\n<meta name=\"description\" content=\"Wszystkie informacje o naszych tre\u015bciach, adres pocztowy, informacje prawne i nie tylko mo\u017cna znale\u017a\u0107 w stopce redakcyjnej. Poinformuj teraz.\" \/>\n<meta name=\"robots\" content=\"index, follow, max-snippet:-1, max-image-preview:large, max-video-preview:-1\" \/>\n<link rel=\"canonical\" href=\"https:\/\/lgigroup.com\/pl-pl\/wp-json\/wp\/v2\/pages\/21556\" \/>\n<meta property=\"og:locale\" content=\"pl_PL\" \/>\n<meta property=\"og:type\" content=\"article\" \/>\n<meta property=\"og:title\" content=\"Imprint LGI - ekspert w dziedzinie \u0142a\u0144cucha dostaw\" \/>\n<meta property=\"og:description\" content=\"Wszystkie informacje o naszych tre\u015bciach, adres pocztowy, informacje prawne i nie tylko mo\u017cna znale\u017a\u0107 w stopce redakcyjnej. Poinformuj teraz.\" \/>\n<meta property=\"og:url\" content=\"https:\/\/lgigroup.com\/pl-pl\/impressum\/\" \/>\n<meta property=\"og:site_name\" content=\"LGI Group\" \/>\n<meta property=\"article:modified_time\" content=\"2026-04-09T10:27:10+00:00\" \/>\n<meta name=\"twitter:card\" content=\"summary_large_image\" \/>\n<meta name=\"twitter:label1\" content=\"Est. reading time\" \/>\n\t<meta name=\"twitter:data1\" content=\"1 minute\" \/>\n<script type=\"application\/ld+json\" class=\"yoast-schema-graph\">{\"@context\":\"https:\\\/\\\/schema.org\",\"@graph\":[{\"@type\":\"WebPage\",\"@id\":\"https:\\\/\\\/lgigroup.com\\\/pl-pl\\\/impressum\\\/\",\"url\":\"https:\\\/\\\/lgigroup.com\\\/pl-pl\\\/impressum\\\/\",\"name\":\"Imprint LGI - ekspert w dziedzinie \u0142a\u0144cucha dostaw\",\"isPartOf\":{\"@id\":\"https:\\\/\\\/lgigroup.com\\\/pl-pl\\\/#website\"},\"datePublished\":\"2023-01-09T10:53:17+00:00\",\"dateModified\":\"2026-04-09T10:27:10+00:00\",\"description\":\"Wszystkie informacje o naszych tre\u015bciach, adres pocztowy, informacje prawne i nie tylko mo\u017cna znale\u017a\u0107 w stopce redakcyjnej. Poinformuj teraz.\",\"breadcrumb\":{\"@id\":\"https:\\\/\\\/lgigroup.com\\\/pl-pl\\\/impressum\\\/#breadcrumb\"},\"inLanguage\":\"pl-pl\",\"potentialAction\":[{\"@type\":\"ReadAction\",\"target\":[\"https:\\\/\\\/lgigroup.com\\\/pl-pl\\\/impressum\\\/\"]}]},{\"@type\":\"BreadcrumbList\",\"@id\":\"https:\\\/\\\/lgigroup.com\\\/pl-pl\\\/impressum\\\/#breadcrumb\",\"itemListElement\":[{\"@type\":\"ListItem\",\"position\":1,\"name\":\"Startseite\",\"item\":\"https:\\\/\\\/lgigroup.com\\\/pl-pl\\\/\"},{\"@type\":\"ListItem\",\"position\":2,\"name\":\"Legals\"}]},{\"@type\":\"WebSite\",\"@id\":\"https:\\\/\\\/lgigroup.com\\\/pl-pl\\\/#website\",\"url\":\"https:\\\/\\\/lgigroup.com\\\/pl-pl\\\/\",\"name\":\"LGI Group\",\"description\":\"\",\"publisher\":{\"@id\":\"https:\\\/\\\/lgigroup.com\\\/pl-pl\\\/#organization\"},\"potentialAction\":[{\"@type\":\"SearchAction\",\"target\":{\"@type\":\"EntryPoint\",\"urlTemplate\":\"https:\\\/\\\/lgigroup.com\\\/pl-pl\\\/?s={search_term_string}\"},\"query-input\":{\"@type\":\"PropertyValueSpecification\",\"valueRequired\":true,\"valueName\":\"search_term_string\"}}],\"inLanguage\":\"pl-pl\"},{\"@type\":\"Organization\",\"@id\":\"https:\\\/\\\/lgigroup.com\\\/pl-pl\\\/#organization\",\"name\":\"LGI GmbH\",\"url\":\"https:\\\/\\\/lgigroup.com\\\/pl-pl\\\/\",\"logo\":{\"@type\":\"ImageObject\",\"inLanguage\":\"pl-pl\",\"@id\":\"https:\\\/\\\/lgigroup.com\\\/pl-pl\\\/#\\\/schema\\\/logo\\\/image\\\/\",\"url\":\"https:\\\/\\\/lgigroup.com\\\/wp-content\\\/uploads\\\/2023\\\/01\\\/lgi-logo.png\",\"contentUrl\":\"https:\\\/\\\/lgigroup.com\\\/wp-content\\\/uploads\\\/2023\\\/01\\\/lgi-logo.png\",\"width\":420,\"height\":200,\"caption\":\"LGI GmbH\"},\"image\":{\"@id\":\"https:\\\/\\\/lgigroup.com\\\/pl-pl\\\/#\\\/schema\\\/logo\\\/image\\\/\"}}]}<\/script>\n<!-- \/ Yoast SEO plugin. -->","yoast_head_json":{"title":"Imprint LGI - ekspert w dziedzinie \u0142a\u0144cucha dostaw","description":"Wszystkie informacje o naszych tre\u015bciach, adres pocztowy, informacje prawne i nie tylko mo\u017cna znale\u017a\u0107 w stopce redakcyjnej. Poinformuj teraz.","robots":{"index":"index","follow":"follow","max-snippet":"max-snippet:-1","max-image-preview":"max-image-preview:large","max-video-preview":"max-video-preview:-1"},"canonical":"https:\/\/lgigroup.com\/pl-pl\/wp-json\/wp\/v2\/pages\/21556","og_locale":"pl_PL","og_type":"article","og_title":"Imprint LGI - ekspert w dziedzinie \u0142a\u0144cucha dostaw","og_description":"Wszystkie informacje o naszych tre\u015bciach, adres pocztowy, informacje prawne i nie tylko mo\u017cna znale\u017a\u0107 w stopce redakcyjnej. Poinformuj teraz.","og_url":"https:\/\/lgigroup.com\/pl-pl\/impressum\/","og_site_name":"LGI Group","article_modified_time":"2026-04-09T10:27:10+00:00","twitter_card":"summary_large_image","twitter_misc":{"Est. reading time":"1 minute"},"schema":{"@context":"https:\/\/schema.org","@graph":[{"@type":"WebPage","@id":"https:\/\/lgigroup.com\/pl-pl\/impressum\/","url":"https:\/\/lgigroup.com\/pl-pl\/impressum\/","name":"Imprint LGI - ekspert w dziedzinie \u0142a\u0144cucha dostaw","isPartOf":{"@id":"https:\/\/lgigroup.com\/pl-pl\/#website"},"datePublished":"2023-01-09T10:53:17+00:00","dateModified":"2026-04-09T10:27:10+00:00","description":"Wszystkie informacje o naszych tre\u015bciach, adres pocztowy, informacje prawne i nie tylko mo\u017cna znale\u017a\u0107 w stopce redakcyjnej. Poinformuj teraz.","breadcrumb":{"@id":"https:\/\/lgigroup.com\/pl-pl\/impressum\/#breadcrumb"},"inLanguage":"pl-pl","potentialAction":[{"@type":"ReadAction","target":["https:\/\/lgigroup.com\/pl-pl\/impressum\/"]}]},{"@type":"BreadcrumbList","@id":"https:\/\/lgigroup.com\/pl-pl\/impressum\/#breadcrumb","itemListElement":[{"@type":"ListItem","position":1,"name":"Startseite","item":"https:\/\/lgigroup.com\/pl-pl\/"},{"@type":"ListItem","position":2,"name":"Legals"}]},{"@type":"WebSite","@id":"https:\/\/lgigroup.com\/pl-pl\/#website","url":"https:\/\/lgigroup.com\/pl-pl\/","name":"LGI Group","description":"","publisher":{"@id":"https:\/\/lgigroup.com\/pl-pl\/#organization"},"potentialAction":[{"@type":"SearchAction","target":{"@type":"EntryPoint","urlTemplate":"https:\/\/lgigroup.com\/pl-pl\/?s={search_term_string}"},"query-input":{"@type":"PropertyValueSpecification","valueRequired":true,"valueName":"search_term_string"}}],"inLanguage":"pl-pl"},{"@type":"Organization","@id":"https:\/\/lgigroup.com\/pl-pl\/#organization","name":"LGI GmbH","url":"https:\/\/lgigroup.com\/pl-pl\/","logo":{"@type":"ImageObject","inLanguage":"pl-pl","@id":"https:\/\/lgigroup.com\/pl-pl\/#\/schema\/logo\/image\/","url":"https:\/\/lgigroup.com\/wp-content\/uploads\/2023\/01\/lgi-logo.png","contentUrl":"https:\/\/lgigroup.com\/wp-content\/uploads\/2023\/01\/lgi-logo.png","width":420,"height":200,"caption":"LGI GmbH"},"image":{"@id":"https:\/\/lgigroup.com\/pl-pl\/#\/schema\/logo\/image\/"}}]}},"_links":{"self":[{"href":"https:\/\/lgigroup.com\/pl-pl\/wp-json\/wp\/v2\/pages\/21556","targetHints":{"allow":["GET"]}}],"collection":[{"href":"https:\/\/lgigroup.com\/pl-pl\/wp-json\/wp\/v2\/pages"}],"about":[{"href":"https:\/\/lgigroup.com\/pl-pl\/wp-json\/wp\/v2\/types\/page"}],"author":[{"embeddable":true,"href":"https:\/\/lgigroup.com\/pl-pl\/wp-json\/wp\/v2\/users\/1"}],"replies":[{"embeddable":true,"href":"https:\/\/lgigroup.com\/pl-pl\/wp-json\/wp\/v2\/comments?post=21556"}],"version-history":[{"count":10,"href":"https:\/\/lgigroup.com\/pl-pl\/wp-json\/wp\/v2\/pages\/21556\/revisions"}],"predecessor-version":[{"id":30770,"href":"https:\/\/lgigroup.com\/pl-pl\/wp-json\/wp\/v2\/pages\/21556\/revisions\/30770"}],"wp:attachment":[{"href":"https:\/\/lgigroup.com\/pl-pl\/wp-json\/wp\/v2\/media?parent=21556"}],"curies":[{"name":"wp","href":"https:\/\/api.w.org\/{rel}","templated":true}]}}