{"id":2280,"date":"2022-12-22T14:44:20","date_gmt":"2022-12-22T13:44:20","guid":{"rendered":"https:\/\/lgigroup.com\/?page_id=2280"},"modified":"2024-07-16T16:00:45","modified_gmt":"2024-07-16T14:00:45","slug":"social-care","status":"publish","type":"page","link":"https:\/\/lgigroup.com\/ro-ro\/our-care\/social-care\/","title":{"rendered":"Social Care"},"content":{"rendered":"\r\n\t\t<section class=\"titelbild-section titelbild-block-id-69d11d4b91c6f titelbild-block-layout-\">\r\n            <div class=\"col-12 col-lg-12\">\r\n                <div class=\"full-bild\"> <img loading=\"lazy\" decoding=\"async\" width=\"1920\" height=\"700\" src=\"\/wp-content\/uploads\/2023\/01\/people-put-hands-together-lgi-social-care.jpg\" class=\"img-fluid\" alt=\"People put their hands together | LGI Social Care\" srcset=\"\/wp-content\/uploads\/2023\/01\/people-put-hands-together-lgi-social-care.jpg 1920w, \/wp-content\/uploads\/2023\/01\/people-put-hands-together-lgi-social-care-300x109.jpg 300w, \/wp-content\/uploads\/2023\/01\/people-put-hands-together-lgi-social-care-1024x373.jpg 1024w, \/wp-content\/uploads\/2023\/01\/people-put-hands-together-lgi-social-care-768x280.jpg 768w, \/wp-content\/uploads\/2023\/01\/people-put-hands-together-lgi-social-care-1536x560.jpg 1536w\" sizes=\"auto, (max-width: 1920px) 100vw, 1920px\" \/><\/div>\r\n                <div class=\"bild-title container\">\r\n                    <div class=\"row\">\r\n                                <div class=\"col\">\r\n                                    <p class=\"headline wt-h1\">Social commitment at LGI<\/p>\r\n                                <\/div>                                        \r\n                            <\/div> \r\n                <\/div>\r\n            <\/div>\r\n        <\/section>\r\n\t\n\n            \r\n        <div class=\"spacing-block large spacing-block-id-69d11d4b9251a\" >                                     \r\n                  <div class=\"large-space\">   \r\n                  <\/div>                      \r\n        <\/div>\n\n\r\n                <div class=\"headline-block \">\r\n                    \r\n                        <div class=\"container\">                            \r\n                            <div class=\"row\">\r\n                        <div class=\"col\">\r\n                            <h1 class=\"wt-subheadline wt-sl sub-headline-align\">Social-Care<\/h1>\r\n                        <\/div>\r\n                    <\/div>\r\n                            \r\n                            <div class=\"row\">\r\n                                <div class=\"col\">\r\n                                    <h2 class=\"wt-h1 wt-font-color-dark-grey\">Commitment not only to logistics<\/h2>\r\n                                <\/div>                                        \r\n                            <\/div>                                                                                                    \r\n                        <\/div>                                \r\n                <\/div>\r\n            \n\n            \r\n        <div class=\"spacing-block extrasmall spacing-block-id-69d11d4b9278a\" >                                     \r\n                  <div class=\"extra-small-space\">   \r\n                  <\/div>                      \r\n        <\/div>\n\n   \r\n    \r\n    <div class=\"grey-line-block grey-line-block-id-69d11d4b928aa\">\r\n        \r\n        <div class=\"container\">\r\n            <div class=\"row\">\r\n                <div class=\"col test\">\r\n                    <div class=\"grey-line-block-line\"><\/div>\r\n                <\/div>                \r\n            <\/div>\r\n        <\/div>\r\n        \r\n    <\/div>\n\n            \r\n        <div class=\"spacing-block small spacing-block-id-69d11d4b929c3\" >                                     \r\n                  <div class=\"small-space\">   \r\n                  <\/div>                      \r\n        <\/div>\n\n\r\n                <div class=\"headline-block \">\r\n                    \r\n                        <div class=\"container\">                            \r\n                            <div class=\"row\">\r\n                        <div class=\"col\">\r\n                            <h3 class=\"wt-subheadline wt-sl\">Our social responsibility and commitment<\/h3>\r\n                        <\/div>\r\n                    <\/div>\r\n                            \r\n                                                                                                                                \r\n                        <\/div>                                \r\n                <\/div>\r\n            \n\n            \r\n        <div class=\"spacing-block doublesmall spacing-block-id-69d11d4b92c11\" >                                     \r\n                  <div class=\"double-small-space\">   \r\n                  <\/div>                      \r\n        <\/div>\n\n\n<div class=\"wp-block-group container\"><div class=\"wp-block-group__inner-container is-layout-constrained wp-block-group-is-layout-constrained\">\n<div class=\"wp-block-columns is-layout-flex wp-container-core-columns-is-layout-9d6595d7 wp-block-columns-is-layout-flex\">\n<div class=\"wp-block-column is-layout-flow wp-block-column-is-layout-flow\">\n<p>As a responsible company, we are naturally actively committed to equal opportunities and social justice, for our region and our workforce.&nbsp;<\/p>\n\n\n\n<p>Among other things, we focus on disadvantaged people in the labor market. For example, as a cooperation partner of the &#8220;socialbee&#8221; initiative, we are committed to the professional integration of refugees in Germany through qualification programs, intensive training courses and the placement of skilled workers.<\/p>\n\n\n\n<p>Within the company, the promotion of diversity and of women in leadership positions are two key issues.<\/p>\n<\/div>\n\n\n\n<div class=\"wp-block-column is-layout-flow wp-block-column-is-layout-flow\">\n<p>LGI&#8217;s entire workforce is committed to a uniform, modern Code of Conduct that governs core issues such as health, safety, diversity and equality throughout the Group. We also offer numerous employee development measures and programs as well as professional training and development opportunities for all qualification levels. And if our employees have any questions or problems, our HR departments at the respective LGI sites are always ready to listen.<\/p>\n<\/div>\n<\/div>\n<\/div><\/div>\n\n\n            \r\n        <div class=\"spacing-block small spacing-block-id-69d11d4b94a65\" >                                     \r\n                  <div class=\"small-space\">   \r\n                  <\/div>                      \r\n        <\/div>\n\n\r\n        <section class=\"accordion-section\">\r\n            <div class=\"container\">\r\n            <ul class=\"accordion\">\r\n            <li class=\"accordion-content-wrap\">\r\n            <h2 class=\"accordion-upper toggle wt-h2\"><span class=\"acc-sign\"><\/span>Our commitment to equal opportunities<\/h2>\r\n            <div class=\"accordion-content inner\">\r\n                <div class=\"row accordion-inner-content onecolumn\">\r\n                   \r\n                    <div class=\"text-area col-12 col-lg-12\">\r\n                        <span class=\"accordion-text\"><ul>\r\n<li>Cooperation with the &#8220;socialbee&#8221; initiative to integrate refugees into the German labor market.<\/li>\r\n<li>Active cooperation with &#8220;Lebenshilfe B\u00f6blingen e. V.&#8221; to improve the professional future of people with disabilities, e.g. through an employment contract.<\/li>\r\n<li>Support of the Europe-wide network &#8220;ROCK YOUR LIFE!&#8221; for educational justice and equal opportunities for pupils and students<\/li>\r\n<li>Cooperation with and support for various children&#8217;s and youth projects, e.g. the &#8220;Rede Cultural Beija-Flor&#8221; project (Brazil) and the &#8220;Pratham Education Foundation&#8221; (India).<\/li>\r\n<\/ul><\/span><br>\r\n                    <\/div>\r\n                <\/div>\r\n            <\/div>    \r\n            <\/li>\r\n              \r\n            <li class=\"accordion-content-wrap\">\r\n            <h2 class=\"accordion-upper toggle wt-h2\"><span class=\"acc-sign\"><\/span>Our commitment to society and the region<\/h2>\r\n            <div class=\"accordion-content inner\">\r\n                <div class=\"row accordion-inner-content onecolumn\">\r\n                   \r\n                    <div class=\"text-area col-12 col-lg-12\">\r\n                        <span class=\"accordion-text\"><ul>\r\n<li>Support of charitable institutions, e.g. regular transports of relief supplies to Senegal and Romania.<\/li>\r\n<li>Supporting the \u201cT\u00fcbingen Association for Children with Cancer\u201d  for over 20 years<\/li>\r\n<li>Cooperation partner of the \u201cHacker School\u201d initiative to support pupils in digital education through programming workshops<\/li>\r\n<\/ul><\/span><br>\r\n                    <\/div>\r\n                <\/div>\r\n            <\/div>    \r\n            <\/li>\r\n              \r\n            <li class=\"accordion-content-wrap\">\r\n            <h2 class=\"accordion-upper toggle wt-h2\"><span class=\"acc-sign\"><\/span>Our commitment to our workforce<\/h2>\r\n            <div class=\"accordion-content inner\">\r\n                <div class=\"row accordion-inner-content onecolumn\">\r\n                   \r\n                    <div class=\"text-area col-12 col-lg-12\">\r\n                        <span class=\"accordion-text\"><ul>\r\n<li><a href=\"\/ro-ro\/guidelines-documents\/code-of-conduct\/\">Code of Conduct<\/a> with Group-wide shared values and explicit components on health, safety, diversity and equal opportunities<\/li>\r\n<li>Maintain or increase the current proportion of women in management positions<\/li>\r\n<li>Groupwide targeted promotion of women, including consideration in long-term succession planning for management positions<\/li>\r\n<li>Ensuring work-life balance, including opportunities for part-time employment, flexible working hours and mobile working<\/li>\r\n<li>Focus on building diverse teams when recruiting new team members<\/li>\r\n<li>Trusting cooperation between LGI as an employer and employee interest groups<\/li>\r\n<li>Extensive further training measures in our own company network (Logistics Learning Center), via selected additional mentoring programs (LGI University) and digital further training (Udemy)<\/li>\r\n<li>&#8220;JobRad&#8221; offer for all employees<\/li>\r\n<li>Active support for employees involved in voluntary work, e.g. volunteer fire department, rescue service, technical relief organization, Chamber of Industry and Commerce instructors, Chamber of Industry and Commerce examiners<\/li>\r\n<\/ul><\/span><br>\r\n                    <\/div>\r\n                <\/div>\r\n            <\/div>    \r\n            <\/li>\r\n                  \r\n                <\/ul>\r\n            <\/div>\r\n        <\/section>\n\n            \r\n        <div class=\"spacing-block extramedium spacing-block-id-69d11d4b950d7\" >                                     \r\n                  <div class=\"extra-medium-space\">   \r\n                  <\/div>                      \r\n        <\/div>\n\n   \r\n    \r\n    <section id=\"Contact-person\" class=\"contact-person-block contact-person-block-id-69d11d4b951f6 encoded-email\" data-idcp=\"6380\" data-mail=\"eW9ya19oZWlsaWdlckBsZ2kuZGU=\">\r\n    \r\n        \r\n        <div class=\"contact-person-bg-img-wrapper\">\r\n            <img loading=\"lazy\" decoding=\"async\" width=\"1920\" height=\"500\" src=\"\/wp-content\/uploads\/2023\/04\/person-with-smartphone-lgi.jpg\" class=\"img-fluid bg-image\" alt=\"Person with smartphone | LGI\" srcset=\"\/wp-content\/uploads\/2023\/04\/person-with-smartphone-lgi.jpg 1920w, \/wp-content\/uploads\/2023\/04\/person-with-smartphone-lgi-300x78.jpg 300w, \/wp-content\/uploads\/2023\/04\/person-with-smartphone-lgi-1024x267.jpg 1024w, \/wp-content\/uploads\/2023\/04\/person-with-smartphone-lgi-768x200.jpg 768w, \/wp-content\/uploads\/2023\/04\/person-with-smartphone-lgi-1536x400.jpg 1536w\" sizes=\"auto, (max-width: 1920px) 100vw, 1920px\" \/>\r\n        <\/div>\r\n        \r\n        <div class=\"container contact-person-content-wrapper\">\r\n            <div class=\"row\">\r\n                <div class=\"col-12 col-lg-6 contact-person-text-wrapper contact-text-align\">\r\n                    <span class=\"wt-bh\">Your contact at LGI<\/span>\r\n                    <span class=\"wt-hl wt-big-string\">Please feel free to <span class='wt-font-color-white'>contact<\/span> us!<\/span>\r\n                <\/div>\r\n                <div class=\"col-12 col-lg-6 order-first order-lg-last contact-person-img-wrapper\">\r\n                    <div>\r\n                        <div class=\"contact-person-wrapper contact-person\">\r\n                            <div class=\"d-flex align-items-stretch\">\r\n                                <div class=\"image-section\">\r\n                                    <img loading=\"lazy\" decoding=\"async\" width=\"540\" height=\"500\" src=\"\/wp-content\/uploads\/2023\/01\/lgi-contact-person-heiliger-york.png\" class=\"img-fluid\" alt=\"York Heiliger - LGI contact person\" srcset=\"\/wp-content\/uploads\/2023\/01\/lgi-contact-person-heiliger-york.png 540w, \/wp-content\/uploads\/2023\/01\/lgi-contact-person-heiliger-york-300x278.png 300w\" sizes=\"auto, (max-width: 540px) 100vw, 540px\" \/>\r\n                                <\/div>\r\n                                <div class=\"pe-3 pe-sm-0 ps-3 ps-xl-3 d-flex flex-column justify-content-end content-section\">\r\n                                    <p class=\"wt-sl\">Contactul dvs<\/p>\r\n                                \r\n                                    <p class=\"text-sec wt-text-sec\">\r\n                                        <span>Head of Corporate Human Resources<\/span><br>\r\n                                         York Heiliger<br>\r\n                                        <a class=\"wt-k-click-tel\" href=\"tel:+4970312009200\">+49 7031 2009 200<\/a><br>\r\n                                        <a class=\"wt-k-click-mail\" href=\"&#109;&#97;&#105;&#108;&#116;&#111;&#58;%79%6f%72%6b%5f%68%65%69%6c%69%67%65%72@%6c%67%69.%64%65\">&#x79;&#x6f;&#x72;&#x6b;&#x5f;&#x68;&#x65;&#x69;&#x6c;&#x69;&#x67;&#x65;&#x72;&#x40;&#x6c;&#x67;&#x69;&#x2e;&#x64;&#x65;<\/a>\r\n                                    <\/p>\r\n                                    <div class=\"button-wrapper\">\r\n                                        <div class=\"wt-bt d-none d-sm-block\" data-bs-toggle=\"modal\" data-bs-target=\"#contactModal\">Lua\u021bi leg\u0103tura<\/div>\r\n                                        <div class=\"d-none d-sm-block \"> <\/div>\r\n                                    <\/div>    \r\n                                <\/div>\r\n                            <\/div>                            \r\n                            <div class=\"button-wrapper\">\r\n                                <div class=\"mt-md-3 pt-3 pb-3 ps-3 pe-3 pt-md-3 d-sm-none\">\r\n                                    <div class=\"wt-bt\" data-bs-toggle=\"modal\" data-bs-target=\"#contactModal\">Lua\u021bi leg\u0103tura<\/div>\r\n                                    \r\n                                <\/div>\r\n                            <\/div> \r\n                        <\/div>                        \r\n                    <\/div>                    \r\n                <\/div>\r\n            <\/div>\r\n        <\/div>\r\n        \r\n    <\/section>","protected":false},"excerpt":{"rendered":"<p>As a responsible company, we are naturally actively committed to equal opportunities and social justice, for our region and our workforce.&nbsp; Among other things, we focus on disadvantaged people in the labor market. For example, as a cooperation partner of the &#8220;socialbee&#8221; initiative, we are committed to the professional integration of refugees in Germany through [&hellip;]<\/p>\n","protected":false},"author":1,"featured_media":0,"parent":2233,"menu_order":0,"comment_status":"closed","ping_status":"closed","template":"","meta":{"footnotes":""},"class_list":["post-2280","page","type-page","status-publish","hentry"],"yoast_head":"<!-- This site is optimized with the Yoast SEO plugin v27.3 - https:\/\/yoast.com\/product\/yoast-seo-wordpress\/ -->\n<title>Grija social\u0103 a LGI: Angajament pentru logistic\u0103<\/title>\n<meta name=\"description\" content=\"LGI reprezint\u0103 oportunit\u0103\u021bi \u0219i justi\u021bie social\u0103. Exist\u0103 ini\u021biative, programe de finan\u021bare \u0219i cursuri \u27a4 Afla\u021bi mai multe\" \/>\n<meta name=\"robots\" content=\"index, follow, max-snippet:-1, max-image-preview:large, max-video-preview:-1\" \/>\n<link rel=\"canonical\" href=\"https:\/\/lgigroup.com\/ro-ro\/wp-json\/wp\/v2\/pages\/2280\" \/>\n<meta property=\"og:locale\" content=\"ro_RO\" \/>\n<meta property=\"og:type\" content=\"article\" \/>\n<meta property=\"og:title\" content=\"Grija social\u0103 a LGI: Angajament pentru logistic\u0103\" \/>\n<meta property=\"og:description\" content=\"LGI reprezint\u0103 oportunit\u0103\u021bi \u0219i justi\u021bie social\u0103. Exist\u0103 ini\u021biative, programe de finan\u021bare \u0219i cursuri \u27a4 Afla\u021bi mai multe\" \/>\n<meta property=\"og:url\" content=\"https:\/\/lgigroup.com\/ro-en\/our-care\/social-care\/\" \/>\n<meta property=\"og:site_name\" content=\"LGI Group\" \/>\n<meta property=\"article:modified_time\" content=\"2024-07-16T14:00:45+00:00\" \/>\n<meta name=\"twitter:card\" content=\"summary_large_image\" \/>\n<meta name=\"twitter:label1\" content=\"Est. reading time\" \/>\n\t<meta name=\"twitter:data1\" content=\"1 minute\" \/>\n<script type=\"application\/ld+json\" class=\"yoast-schema-graph\">{\"@context\":\"https:\\\/\\\/schema.org\",\"@graph\":[{\"@type\":\"WebPage\",\"@id\":\"https:\\\/\\\/lgigroup.com\\\/ro-ro\\\/our-care\\\/social-care\\\/\",\"url\":\"https:\\\/\\\/lgigroup.com\\\/ro-en\\\/our-care\\\/social-care\\\/\",\"name\":\"Grija social\u0103 a LGI: Angajament pentru logistic\u0103\",\"isPartOf\":{\"@id\":\"https:\\\/\\\/lgigroup.com\\\/ro-ro\\\/#website\"},\"datePublished\":\"2022-12-22T13:44:20+00:00\",\"dateModified\":\"2024-07-16T14:00:45+00:00\",\"description\":\"LGI reprezint\u0103 oportunit\u0103\u021bi \u0219i justi\u021bie social\u0103. Exist\u0103 ini\u021biative, programe de finan\u021bare \u0219i cursuri \u27a4 Afla\u021bi mai multe\",\"breadcrumb\":{\"@id\":\"https:\\\/\\\/lgigroup.com\\\/ro-en\\\/our-care\\\/social-care\\\/#breadcrumb\"},\"inLanguage\":\"ro-ro\",\"potentialAction\":[{\"@type\":\"ReadAction\",\"target\":[\"https:\\\/\\\/lgigroup.com\\\/ro-en\\\/our-care\\\/social-care\\\/\"]}]},{\"@type\":\"BreadcrumbList\",\"@id\":\"https:\\\/\\\/lgigroup.com\\\/ro-en\\\/our-care\\\/social-care\\\/#breadcrumb\",\"itemListElement\":[{\"@type\":\"ListItem\",\"position\":1,\"name\":\"Startseite\",\"item\":\"https:\\\/\\\/lgigroup.com\\\/ro-ro\\\/\"},{\"@type\":\"ListItem\",\"position\":2,\"name\":\"Our Care\",\"item\":\"https:\\\/\\\/lgigroup.com\\\/ro-ro\\\/our-care\\\/\"},{\"@type\":\"ListItem\",\"position\":3,\"name\":\"Social Care\"}]},{\"@type\":\"WebSite\",\"@id\":\"https:\\\/\\\/lgigroup.com\\\/ro-ro\\\/#website\",\"url\":\"https:\\\/\\\/lgigroup.com\\\/ro-ro\\\/\",\"name\":\"LGI Group\",\"description\":\"\",\"publisher\":{\"@id\":\"https:\\\/\\\/lgigroup.com\\\/ro-ro\\\/#organization\"},\"potentialAction\":[{\"@type\":\"SearchAction\",\"target\":{\"@type\":\"EntryPoint\",\"urlTemplate\":\"https:\\\/\\\/lgigroup.com\\\/ro-ro\\\/?s={search_term_string}\"},\"query-input\":{\"@type\":\"PropertyValueSpecification\",\"valueRequired\":true,\"valueName\":\"search_term_string\"}}],\"inLanguage\":\"ro-ro\"},{\"@type\":\"Organization\",\"@id\":\"https:\\\/\\\/lgigroup.com\\\/ro-ro\\\/#organization\",\"name\":\"LGI GmbH\",\"url\":\"https:\\\/\\\/lgigroup.com\\\/ro-ro\\\/\",\"logo\":{\"@type\":\"ImageObject\",\"inLanguage\":\"ro-ro\",\"@id\":\"https:\\\/\\\/lgigroup.com\\\/ro-ro\\\/#\\\/schema\\\/logo\\\/image\\\/\",\"url\":\"https:\\\/\\\/lgigroup.com\\\/wp-content\\\/uploads\\\/2023\\\/01\\\/lgi-logo.png\",\"contentUrl\":\"https:\\\/\\\/lgigroup.com\\\/wp-content\\\/uploads\\\/2023\\\/01\\\/lgi-logo.png\",\"width\":420,\"height\":200,\"caption\":\"LGI GmbH\"},\"image\":{\"@id\":\"https:\\\/\\\/lgigroup.com\\\/ro-ro\\\/#\\\/schema\\\/logo\\\/image\\\/\"}}]}<\/script>\n<!-- \/ Yoast SEO plugin. -->","yoast_head_json":{"title":"Grija social\u0103 a LGI: Angajament pentru logistic\u0103","description":"LGI reprezint\u0103 oportunit\u0103\u021bi \u0219i justi\u021bie social\u0103. Exist\u0103 ini\u021biative, programe de finan\u021bare \u0219i cursuri \u27a4 Afla\u021bi mai multe","robots":{"index":"index","follow":"follow","max-snippet":"max-snippet:-1","max-image-preview":"max-image-preview:large","max-video-preview":"max-video-preview:-1"},"canonical":"https:\/\/lgigroup.com\/ro-ro\/wp-json\/wp\/v2\/pages\/2280","og_locale":"ro_RO","og_type":"article","og_title":"Grija social\u0103 a LGI: Angajament pentru logistic\u0103","og_description":"LGI reprezint\u0103 oportunit\u0103\u021bi \u0219i justi\u021bie social\u0103. Exist\u0103 ini\u021biative, programe de finan\u021bare \u0219i cursuri \u27a4 Afla\u021bi mai multe","og_url":"https:\/\/lgigroup.com\/ro-en\/our-care\/social-care\/","og_site_name":"LGI Group","article_modified_time":"2024-07-16T14:00:45+00:00","twitter_card":"summary_large_image","twitter_misc":{"Est. reading time":"1 minute"},"schema":{"@context":"https:\/\/schema.org","@graph":[{"@type":"WebPage","@id":"https:\/\/lgigroup.com\/ro-ro\/our-care\/social-care\/","url":"https:\/\/lgigroup.com\/ro-en\/our-care\/social-care\/","name":"Grija social\u0103 a LGI: Angajament pentru logistic\u0103","isPartOf":{"@id":"https:\/\/lgigroup.com\/ro-ro\/#website"},"datePublished":"2022-12-22T13:44:20+00:00","dateModified":"2024-07-16T14:00:45+00:00","description":"LGI reprezint\u0103 oportunit\u0103\u021bi \u0219i justi\u021bie social\u0103. Exist\u0103 ini\u021biative, programe de finan\u021bare \u0219i cursuri \u27a4 Afla\u021bi mai multe","breadcrumb":{"@id":"https:\/\/lgigroup.com\/ro-en\/our-care\/social-care\/#breadcrumb"},"inLanguage":"ro-ro","potentialAction":[{"@type":"ReadAction","target":["https:\/\/lgigroup.com\/ro-en\/our-care\/social-care\/"]}]},{"@type":"BreadcrumbList","@id":"https:\/\/lgigroup.com\/ro-en\/our-care\/social-care\/#breadcrumb","itemListElement":[{"@type":"ListItem","position":1,"name":"Startseite","item":"https:\/\/lgigroup.com\/ro-ro\/"},{"@type":"ListItem","position":2,"name":"Our Care","item":"https:\/\/lgigroup.com\/ro-ro\/our-care\/"},{"@type":"ListItem","position":3,"name":"Social Care"}]},{"@type":"WebSite","@id":"https:\/\/lgigroup.com\/ro-ro\/#website","url":"https:\/\/lgigroup.com\/ro-ro\/","name":"LGI Group","description":"","publisher":{"@id":"https:\/\/lgigroup.com\/ro-ro\/#organization"},"potentialAction":[{"@type":"SearchAction","target":{"@type":"EntryPoint","urlTemplate":"https:\/\/lgigroup.com\/ro-ro\/?s={search_term_string}"},"query-input":{"@type":"PropertyValueSpecification","valueRequired":true,"valueName":"search_term_string"}}],"inLanguage":"ro-ro"},{"@type":"Organization","@id":"https:\/\/lgigroup.com\/ro-ro\/#organization","name":"LGI GmbH","url":"https:\/\/lgigroup.com\/ro-ro\/","logo":{"@type":"ImageObject","inLanguage":"ro-ro","@id":"https:\/\/lgigroup.com\/ro-ro\/#\/schema\/logo\/image\/","url":"https:\/\/lgigroup.com\/wp-content\/uploads\/2023\/01\/lgi-logo.png","contentUrl":"https:\/\/lgigroup.com\/wp-content\/uploads\/2023\/01\/lgi-logo.png","width":420,"height":200,"caption":"LGI GmbH"},"image":{"@id":"https:\/\/lgigroup.com\/ro-ro\/#\/schema\/logo\/image\/"}}]}},"_links":{"self":[{"href":"https:\/\/lgigroup.com\/ro-ro\/wp-json\/wp\/v2\/pages\/2280","targetHints":{"allow":["GET"]}}],"collection":[{"href":"https:\/\/lgigroup.com\/ro-ro\/wp-json\/wp\/v2\/pages"}],"about":[{"href":"https:\/\/lgigroup.com\/ro-ro\/wp-json\/wp\/v2\/types\/page"}],"author":[{"embeddable":true,"href":"https:\/\/lgigroup.com\/ro-ro\/wp-json\/wp\/v2\/users\/1"}],"replies":[{"embeddable":true,"href":"https:\/\/lgigroup.com\/ro-ro\/wp-json\/wp\/v2\/comments?post=2280"}],"version-history":[{"count":9,"href":"https:\/\/lgigroup.com\/ro-ro\/wp-json\/wp\/v2\/pages\/2280\/revisions"}],"predecessor-version":[{"id":18729,"href":"https:\/\/lgigroup.com\/ro-ro\/wp-json\/wp\/v2\/pages\/2280\/revisions\/18729"}],"up":[{"embeddable":true,"href":"https:\/\/lgigroup.com\/ro-ro\/wp-json\/wp\/v2\/pages\/2233"}],"wp:attachment":[{"href":"https:\/\/lgigroup.com\/ro-ro\/wp-json\/wp\/v2\/media?parent=2280"}],"curies":[{"name":"wp","href":"https:\/\/api.w.org\/{rel}","templated":true}]}}