{"id":2969,"date":"2023-01-18T13:08:38","date_gmt":"2023-01-18T12:08:38","guid":{"rendered":"https:\/\/lgigroup.com\/?page_id=2969"},"modified":"2025-12-13T11:29:55","modified_gmt":"2025-12-13T10:29:55","slug":"safety-rules","status":"publish","type":"page","link":"https:\/\/lgigroup.com\/ro-ro\/guidelines-documents\/safety-rules\/","title":{"rendered":"Safety &#038; rules"},"content":{"rendered":"\r\n\t\t<section class=\"titelbild-section titelbild-block-id-69de7b6f1156b titelbild-block-layout-\">\r\n            <div class=\"col-12 col-lg-12\">\r\n                <div class=\"full-bild\"> <img loading=\"lazy\" decoding=\"async\" width=\"1920\" height=\"700\" src=\"\/wp-content\/uploads\/2023\/06\/safety-tools-safety-regulations-lgi.jpg\" class=\"img-fluid\" alt=\"Safety tools | LGI saftey regulations\" srcset=\"\/wp-content\/uploads\/2023\/06\/safety-tools-safety-regulations-lgi.jpg 1920w, \/wp-content\/uploads\/2023\/06\/safety-tools-safety-regulations-lgi-300x109.jpg 300w, \/wp-content\/uploads\/2023\/06\/safety-tools-safety-regulations-lgi-1024x373.jpg 1024w, \/wp-content\/uploads\/2023\/06\/safety-tools-safety-regulations-lgi-768x280.jpg 768w, \/wp-content\/uploads\/2023\/06\/safety-tools-safety-regulations-lgi-1536x560.jpg 1536w\" sizes=\"auto, (max-width: 1920px) 100vw, 1920px\" \/><\/div>\r\n                <div class=\"bild-title container\">\r\n                    <div class=\"row\">\r\n                                <div class=\"col\">\r\n                                    <p class=\"headline wt-h1\">LGI safety &#038; rules<\/p>\r\n                                <\/div>                                        \r\n                            <\/div> \r\n                <\/div>\r\n            <\/div>\r\n        <\/section>\r\n\t\n\n            \r\n        <div class=\"spacing-block large spacing-block-id-69de7b6f11b09\" >                                     \r\n                  <div class=\"large-space\">   \r\n                  <\/div>                      \r\n        <\/div>\n\n\r\n                <div class=\"headline-block \">\r\n                    \r\n                        <div class=\"container\">                            \r\n                            <div class=\"row\">\r\n                        <div class=\"col\">\r\n                            <h1 class=\"wt-subheadline wt-sl sub-headline-align\">Safety first<\/h1>\r\n                        <\/div>\r\n                    <\/div>\r\n                            \r\n                            <div class=\"row\">\r\n                                <div class=\"col\">\r\n                                    <h2 class=\"wt-h1 wt-font-color-dark-grey\">Our regulations for your safety<\/h2>\r\n                                <\/div>                                        \r\n                            <\/div>                                                                                                    \r\n                        <\/div>                                \r\n                <\/div>\r\n            \n\n            \r\n        <div class=\"spacing-block extrasmall spacing-block-id-69de7b6f11ca2\" >                                     \r\n                  <div class=\"extra-small-space\">   \r\n                  <\/div>                      \r\n        <\/div>\n\n   \r\n    \r\n    <div class=\"grey-line-block grey-line-block-id-69de7b6f11d64\">\r\n        \r\n        <div class=\"container\">\r\n            <div class=\"row\">\r\n                <div class=\"col test\">\r\n                    <div class=\"grey-line-block-line\"><\/div>\r\n                <\/div>                \r\n            <\/div>\r\n        <\/div>\r\n        \r\n    <\/div>\n\n            \r\n        <div class=\"spacing-block small spacing-block-id-69de7b6f11e24\" >                                     \r\n                  <div class=\"small-space\">   \r\n                  <\/div>                      \r\n        <\/div>\n\n\n<div class=\"wp-block-group container\"><div class=\"wp-block-group__inner-container is-layout-constrained wp-block-group-is-layout-constrained\">\n<p>The safety of our employees and our visitors is important to us. That is why we have established clear safety rules for our storage and ramp areas. Here for you to download in all languages.<\/p>\n\n\n            \r\n        <div class=\"spacing-block small spacing-block-id-69de7b6f11f9d\" >                                     \r\n                  <div class=\"small-space\">   \r\n                  <\/div>                      \r\n        <\/div>\n\n\n<div class=\"wp-block-columns is-layout-flex wp-container-core-columns-is-layout-9d6595d7 wp-block-columns-is-layout-flex\">\n<div class=\"wp-block-column is-layout-flow wp-block-column-is-layout-flow\">\r\n                <div class=\"headline-block \">\r\n                    \r\n                        <h2 class=\"wt-subheadline wt-sl\">Safety regulations<\/h2>\r\n                            \r\n                        \r\n                                                            \r\n                <\/div>\r\n            \n\n            \r\n        <div class=\"spacing-block doublesmall spacing-block-id-69de7b6f120b8\" >                                     \r\n                  <div class=\"double-small-space\">   \r\n                  <\/div>                      \r\n        <\/div>\n\n\n<ul class=\"wp-block-list\">\n<li><a href=\"\/wp-content\/uploads\/2023\/01\/sicherheitsbestimmungen-de.pdf\" target=\"_blank\" rel=\"noreferrer noopener\">Sicherheitsbestimmungen deutsch<\/a><\/li>\n\n\n\n<li><a href=\"\/wp-content\/uploads\/2023\/01\/safety-regulations-en.pdf\" target=\"_blank\" rel=\"noreferrer noopener\">Safety regulations english<\/a><\/li>\n\n\n\n<li><a href=\"\/wp-content\/uploads\/2023\/01\/safety-regulations-bg.pdf\" target=\"_blank\" rel=\"noreferrer noopener\">\u041f\u0440\u0430\u0432\u0438\u043b\u0430 \u0437\u0430 \u0431\u0435\u0437\u043e\u043f\u0430\u0441\u043d\u043e\u0441\u0442 \u043d\u0430 \u0431\u044a\u043b\u0433\u0430\u0440\u0441\u043a\u0438 \u0435\u0437\u0438\u043a<\/a><\/li>\n\n\n\n<li><a href=\"\/wp-content\/uploads\/2023\/01\/safety-regulations-it.pdf\" target=\"_blank\" rel=\"noreferrer noopener\">Norme di sicurezza italiane<\/a><\/li>\n\n\n\n<li><a href=\"\/wp-content\/uploads\/2023\/01\/safety-regulations-pl.pdf\" target=\"_blank\" rel=\"noreferrer noopener\">Przepisy bezpiecze\u0144stwa polskie<\/a><\/li>\n\n\n\n<li><a href=\"\/wp-content\/uploads\/2023\/01\/safety-regulations-ro.pdf\" target=\"_blank\" rel=\"noreferrer noopener\">Reguli de siguran\u021b\u0103 Rom\u00e2n\u0103<\/a><\/li>\n\n\n\n<li><a href=\"\/wp-content\/uploads\/2023\/01\/safety-regulations-ru.pdf\" target=\"_blank\" rel=\"noreferrer noopener\">\u041f\u0440\u0430\u0432\u0438\u043b\u0430 \u0442\u0435\u0445\u043d\u0438\u043a\u0438 \u0431\u0435\u0437\u043e\u043f\u0430\u0441\u043d\u043e\u0441\u0442\u0438 \u043d\u0430 \u0440\u0443\u0441\u0441\u043a\u043e\u043c \u044f\u0437\u044b\u043a\u0435<\/a><\/li>\n\n\n\n<li><a href=\"\/wp-content\/uploads\/2023\/01\/safety-regulations-sk_.pdf\" target=\"_blank\" rel=\"noreferrer noopener\">Bezpe\u010dnostn\u00e9 predpisy sloven\u010dina<\/a><\/li>\n\n\n\n<li><a href=\"\/wp-content\/uploads\/2023\/01\/safety-regulations-es.pdf\" target=\"_blank\" rel=\"noreferrer noopener\">Normas de seguridad en espa\u00f1ol<\/a><\/li>\n\n\n\n<li><a href=\"\/wp-content\/uploads\/2023\/01\/safety-regulations-tr.pdf\" target=\"_blank\" rel=\"noreferrer noopener\">G\u00fcvenlik y\u00f6netmelikleri T\u00fcrk\u00e7e<\/a><\/li>\n\n\n\n<li><a href=\"\/wp-content\/uploads\/2023\/01\/safety-regulations-cz.pdf\" target=\"_blank\" rel=\"noreferrer noopener\">Bezpe\u010dnostn\u00ed p\u0159edpisy \u010desky<\/a><\/li>\n\n\n\n<li><a href=\"\/wp-content\/uploads\/2023\/01\/safety-regulations-hu.pdf\" target=\"_blank\" rel=\"noreferrer noopener\">Biztons\u00e1gi el\u0151\u00edr\u00e1sok magyar<\/a><\/li>\n<\/ul>\n<\/div>\n\n\n\n<div class=\"wp-block-column is-layout-flow wp-block-column-is-layout-flow\">\r\n                <div class=\"headline-block \">\r\n                    \r\n                        <h2 class=\"wt-subheadline wt-sl\">Rules<\/h2>\r\n                            \r\n                        \r\n                                                            \r\n                <\/div>\r\n            \n\n            \r\n        <div class=\"spacing-block doublesmall spacing-block-id-69de7b6f13609\" >                                     \r\n                  <div class=\"double-small-space\">   \r\n                  <\/div>                      \r\n        <\/div>\n\n\n<ul class=\"wp-block-list\">\n<li><a href=\"\/wp-content\/uploads\/2023\/04\/hausordnung-de-lgi.pdf\" target=\"_blank\" rel=\"noreferrer noopener\">Hausordnung deutsch<\/a><\/li>\n\n\n\n<li><a href=\"\/wp-content\/uploads\/2023\/04\/house-rules-en-lgi.pdf\">House rules english<\/a><\/li>\n<\/ul>\n\n\n\n<p><\/p>\n<\/div>\n<\/div>\n<\/div><\/div>\n\n\n            \r\n        <div class=\"spacing-block large spacing-block-id-69de7b6f13b74\" >                                     \r\n                  <div class=\"large-space\">   \r\n                  <\/div>                      \r\n        <\/div>","protected":false},"excerpt":{"rendered":"<p>The safety of our employees and our visitors is important to us. That is why we have established clear safety rules for our storage and ramp areas. Here for you to download in all languages.<\/p>\n","protected":false},"author":1,"featured_media":0,"parent":2095,"menu_order":0,"comment_status":"closed","ping_status":"closed","template":"","meta":{"footnotes":""},"class_list":["post-2969","page","type-page","status-publish","hentry"],"yoast_head":"<!-- This site is optimized with the Yoast SEO plugin v27.3 - https:\/\/yoast.com\/product\/yoast-seo-wordpress\/ -->\n<title>Reguli de siguran\u021b\u0103 \u0219i reguli de cas\u0103 | LGI<\/title>\n<meta name=\"description\" content=\"Deoarece siguran\u021ba angaja\u021bilor \u0219i a vizitatorilor no\u0219tri este important\u0103 pentru noi, exist\u0103 reguli de siguran\u021b\u0103 \u0219i reguli interne clare.\" \/>\n<meta name=\"robots\" content=\"index, follow, max-snippet:-1, max-image-preview:large, max-video-preview:-1\" \/>\n<link rel=\"canonical\" href=\"https:\/\/lgigroup.com\/ro-ro\/wp-json\/wp\/v2\/pages\/2969\" \/>\n<meta property=\"og:locale\" content=\"ro_RO\" \/>\n<meta property=\"og:type\" content=\"article\" \/>\n<meta property=\"og:title\" content=\"Reguli de siguran\u021b\u0103 \u0219i reguli de cas\u0103 | LGI\" \/>\n<meta property=\"og:description\" content=\"Deoarece siguran\u021ba angaja\u021bilor \u0219i a vizitatorilor no\u0219tri este important\u0103 pentru noi, exist\u0103 reguli de siguran\u021b\u0103 \u0219i reguli interne clare.\" \/>\n<meta property=\"og:url\" content=\"https:\/\/lgigroup.com\/ro-en\/guidelines-documents\/safety-rules\/\" \/>\n<meta property=\"og:site_name\" content=\"LGI Group\" \/>\n<meta property=\"article:modified_time\" content=\"2025-12-13T10:29:55+00:00\" \/>\n<meta name=\"twitter:card\" content=\"summary_large_image\" \/>\n<meta name=\"twitter:label1\" content=\"Est. reading time\" \/>\n\t<meta name=\"twitter:data1\" content=\"1 minute\" \/>\n<script type=\"application\/ld+json\" class=\"yoast-schema-graph\">{\"@context\":\"https:\\\/\\\/schema.org\",\"@graph\":[{\"@type\":\"WebPage\",\"@id\":\"https:\\\/\\\/lgigroup.com\\\/ro-ro\\\/guidelines-documents\\\/safety-rules\\\/\",\"url\":\"https:\\\/\\\/lgigroup.com\\\/ro-en\\\/guidelines-documents\\\/safety-rules\\\/\",\"name\":\"Reguli de siguran\u021b\u0103 \u0219i reguli de cas\u0103 | LGI\",\"isPartOf\":{\"@id\":\"https:\\\/\\\/lgigroup.com\\\/ro-ro\\\/#website\"},\"datePublished\":\"2023-01-18T12:08:38+00:00\",\"dateModified\":\"2025-12-13T10:29:55+00:00\",\"description\":\"Deoarece siguran\u021ba angaja\u021bilor \u0219i a vizitatorilor no\u0219tri este important\u0103 pentru noi, exist\u0103 reguli de siguran\u021b\u0103 \u0219i reguli interne clare.\",\"breadcrumb\":{\"@id\":\"https:\\\/\\\/lgigroup.com\\\/ro-en\\\/guidelines-documents\\\/safety-rules\\\/#breadcrumb\"},\"inLanguage\":\"ro-ro\",\"potentialAction\":[{\"@type\":\"ReadAction\",\"target\":[\"https:\\\/\\\/lgigroup.com\\\/ro-en\\\/guidelines-documents\\\/safety-rules\\\/\"]}]},{\"@type\":\"BreadcrumbList\",\"@id\":\"https:\\\/\\\/lgigroup.com\\\/ro-en\\\/guidelines-documents\\\/safety-rules\\\/#breadcrumb\",\"itemListElement\":[{\"@type\":\"ListItem\",\"position\":1,\"name\":\"Startseite\",\"item\":\"https:\\\/\\\/lgigroup.com\\\/ro-ro\\\/\"},{\"@type\":\"ListItem\",\"position\":2,\"name\":\"Guidelines &#038; documents\",\"item\":\"https:\\\/\\\/lgigroup.com\\\/ro-ro\\\/guidelines-documents\\\/\"},{\"@type\":\"ListItem\",\"position\":3,\"name\":\"Safety &#038; rules\"}]},{\"@type\":\"WebSite\",\"@id\":\"https:\\\/\\\/lgigroup.com\\\/ro-ro\\\/#website\",\"url\":\"https:\\\/\\\/lgigroup.com\\\/ro-ro\\\/\",\"name\":\"LGI Group\",\"description\":\"\",\"publisher\":{\"@id\":\"https:\\\/\\\/lgigroup.com\\\/ro-ro\\\/#organization\"},\"potentialAction\":[{\"@type\":\"SearchAction\",\"target\":{\"@type\":\"EntryPoint\",\"urlTemplate\":\"https:\\\/\\\/lgigroup.com\\\/ro-ro\\\/?s={search_term_string}\"},\"query-input\":{\"@type\":\"PropertyValueSpecification\",\"valueRequired\":true,\"valueName\":\"search_term_string\"}}],\"inLanguage\":\"ro-ro\"},{\"@type\":\"Organization\",\"@id\":\"https:\\\/\\\/lgigroup.com\\\/ro-ro\\\/#organization\",\"name\":\"LGI GmbH\",\"url\":\"https:\\\/\\\/lgigroup.com\\\/ro-ro\\\/\",\"logo\":{\"@type\":\"ImageObject\",\"inLanguage\":\"ro-ro\",\"@id\":\"https:\\\/\\\/lgigroup.com\\\/ro-ro\\\/#\\\/schema\\\/logo\\\/image\\\/\",\"url\":\"https:\\\/\\\/lgigroup.com\\\/wp-content\\\/uploads\\\/2023\\\/01\\\/lgi-logo.png\",\"contentUrl\":\"https:\\\/\\\/lgigroup.com\\\/wp-content\\\/uploads\\\/2023\\\/01\\\/lgi-logo.png\",\"width\":420,\"height\":200,\"caption\":\"LGI GmbH\"},\"image\":{\"@id\":\"https:\\\/\\\/lgigroup.com\\\/ro-ro\\\/#\\\/schema\\\/logo\\\/image\\\/\"}}]}<\/script>\n<!-- \/ Yoast SEO plugin. -->","yoast_head_json":{"title":"Reguli de siguran\u021b\u0103 \u0219i reguli de cas\u0103 | LGI","description":"Deoarece siguran\u021ba angaja\u021bilor \u0219i a vizitatorilor no\u0219tri este important\u0103 pentru noi, exist\u0103 reguli de siguran\u021b\u0103 \u0219i reguli interne clare.","robots":{"index":"index","follow":"follow","max-snippet":"max-snippet:-1","max-image-preview":"max-image-preview:large","max-video-preview":"max-video-preview:-1"},"canonical":"https:\/\/lgigroup.com\/ro-ro\/wp-json\/wp\/v2\/pages\/2969","og_locale":"ro_RO","og_type":"article","og_title":"Reguli de siguran\u021b\u0103 \u0219i reguli de cas\u0103 | LGI","og_description":"Deoarece siguran\u021ba angaja\u021bilor \u0219i a vizitatorilor no\u0219tri este important\u0103 pentru noi, exist\u0103 reguli de siguran\u021b\u0103 \u0219i reguli interne clare.","og_url":"https:\/\/lgigroup.com\/ro-en\/guidelines-documents\/safety-rules\/","og_site_name":"LGI Group","article_modified_time":"2025-12-13T10:29:55+00:00","twitter_card":"summary_large_image","twitter_misc":{"Est. reading time":"1 minute"},"schema":{"@context":"https:\/\/schema.org","@graph":[{"@type":"WebPage","@id":"https:\/\/lgigroup.com\/ro-ro\/guidelines-documents\/safety-rules\/","url":"https:\/\/lgigroup.com\/ro-en\/guidelines-documents\/safety-rules\/","name":"Reguli de siguran\u021b\u0103 \u0219i reguli de cas\u0103 | LGI","isPartOf":{"@id":"https:\/\/lgigroup.com\/ro-ro\/#website"},"datePublished":"2023-01-18T12:08:38+00:00","dateModified":"2025-12-13T10:29:55+00:00","description":"Deoarece siguran\u021ba angaja\u021bilor \u0219i a vizitatorilor no\u0219tri este important\u0103 pentru noi, exist\u0103 reguli de siguran\u021b\u0103 \u0219i reguli interne clare.","breadcrumb":{"@id":"https:\/\/lgigroup.com\/ro-en\/guidelines-documents\/safety-rules\/#breadcrumb"},"inLanguage":"ro-ro","potentialAction":[{"@type":"ReadAction","target":["https:\/\/lgigroup.com\/ro-en\/guidelines-documents\/safety-rules\/"]}]},{"@type":"BreadcrumbList","@id":"https:\/\/lgigroup.com\/ro-en\/guidelines-documents\/safety-rules\/#breadcrumb","itemListElement":[{"@type":"ListItem","position":1,"name":"Startseite","item":"https:\/\/lgigroup.com\/ro-ro\/"},{"@type":"ListItem","position":2,"name":"Guidelines &#038; documents","item":"https:\/\/lgigroup.com\/ro-ro\/guidelines-documents\/"},{"@type":"ListItem","position":3,"name":"Safety &#038; rules"}]},{"@type":"WebSite","@id":"https:\/\/lgigroup.com\/ro-ro\/#website","url":"https:\/\/lgigroup.com\/ro-ro\/","name":"LGI Group","description":"","publisher":{"@id":"https:\/\/lgigroup.com\/ro-ro\/#organization"},"potentialAction":[{"@type":"SearchAction","target":{"@type":"EntryPoint","urlTemplate":"https:\/\/lgigroup.com\/ro-ro\/?s={search_term_string}"},"query-input":{"@type":"PropertyValueSpecification","valueRequired":true,"valueName":"search_term_string"}}],"inLanguage":"ro-ro"},{"@type":"Organization","@id":"https:\/\/lgigroup.com\/ro-ro\/#organization","name":"LGI GmbH","url":"https:\/\/lgigroup.com\/ro-ro\/","logo":{"@type":"ImageObject","inLanguage":"ro-ro","@id":"https:\/\/lgigroup.com\/ro-ro\/#\/schema\/logo\/image\/","url":"https:\/\/lgigroup.com\/wp-content\/uploads\/2023\/01\/lgi-logo.png","contentUrl":"https:\/\/lgigroup.com\/wp-content\/uploads\/2023\/01\/lgi-logo.png","width":420,"height":200,"caption":"LGI GmbH"},"image":{"@id":"https:\/\/lgigroup.com\/ro-ro\/#\/schema\/logo\/image\/"}}]}},"_links":{"self":[{"href":"https:\/\/lgigroup.com\/ro-ro\/wp-json\/wp\/v2\/pages\/2969","targetHints":{"allow":["GET"]}}],"collection":[{"href":"https:\/\/lgigroup.com\/ro-ro\/wp-json\/wp\/v2\/pages"}],"about":[{"href":"https:\/\/lgigroup.com\/ro-ro\/wp-json\/wp\/v2\/types\/page"}],"author":[{"embeddable":true,"href":"https:\/\/lgigroup.com\/ro-ro\/wp-json\/wp\/v2\/users\/1"}],"replies":[{"embeddable":true,"href":"https:\/\/lgigroup.com\/ro-ro\/wp-json\/wp\/v2\/comments?post=2969"}],"version-history":[{"count":7,"href":"https:\/\/lgigroup.com\/ro-ro\/wp-json\/wp\/v2\/pages\/2969\/revisions"}],"predecessor-version":[{"id":29605,"href":"https:\/\/lgigroup.com\/ro-ro\/wp-json\/wp\/v2\/pages\/2969\/revisions\/29605"}],"up":[{"embeddable":true,"href":"https:\/\/lgigroup.com\/ro-ro\/wp-json\/wp\/v2\/pages\/2095"}],"wp:attachment":[{"href":"https:\/\/lgigroup.com\/ro-ro\/wp-json\/wp\/v2\/media?parent=2969"}],"curies":[{"name":"wp","href":"https:\/\/api.w.org\/{rel}","templated":true}]}}