{"id":3243,"date":"2022-12-21T14:22:09","date_gmt":"2022-12-21T13:22:09","guid":{"rendered":"https:\/\/lgigroup.com\/?page_id=3243"},"modified":"2024-01-22T15:23:21","modified_gmt":"2024-01-22T14:23:21","slug":"contact","status":"publish","type":"page","link":"https:\/\/lgigroup.com\/ro-ro\/contact\/","title":{"rendered":"Contact"},"content":{"rendered":"\r\n\t\t<section class=\"titelbild-section titelbild-block-id-69e8192ed0c4b titelbild-block-layout-\">\r\n            <div class=\"col-12 col-lg-12\">\r\n                <div class=\"full-bild\"> <img loading=\"lazy\" decoding=\"async\" width=\"1920\" height=\"700\" src=\"\/wp-content\/uploads\/2023\/02\/person-with-smartphone-lgi-contact.jpg\" class=\"img-fluid\" alt=\"Person with a smartphone | LGI\" srcset=\"\/wp-content\/uploads\/2023\/02\/person-with-smartphone-lgi-contact.jpg 1920w, \/wp-content\/uploads\/2023\/02\/person-with-smartphone-lgi-contact-300x109.jpg 300w, \/wp-content\/uploads\/2023\/02\/person-with-smartphone-lgi-contact-1024x373.jpg 1024w, \/wp-content\/uploads\/2023\/02\/person-with-smartphone-lgi-contact-768x280.jpg 768w, \/wp-content\/uploads\/2023\/02\/person-with-smartphone-lgi-contact-1536x560.jpg 1536w\" sizes=\"auto, (max-width: 1920px) 100vw, 1920px\" \/><\/div>\r\n                <div class=\"bild-title container\">\r\n                    <div class=\"row\">\r\n                                <div class=\"col\">\r\n                                    <p class=\"headline wt-h1\"> Contactati-ne<\/p>\r\n                                <\/div>                                        \r\n                            <\/div> \r\n                <\/div>\r\n            <\/div>\r\n        <\/section>\r\n\t\n\n            \r\n        <div class=\"spacing-block large spacing-block-id-69e8192ed112c\" >                                     \r\n                  <div class=\"large-space\">   \r\n                  <\/div>                      \r\n        <\/div>\n\n\r\n                <div class=\"headline-block \">\r\n                    \r\n                        <div class=\"container\">                            \r\n                            <div class=\"row\">\r\n                        <div class=\"col\">\r\n                            <h1 class=\"wt-subheadline wt-sl sub-headline-align\">Contactul dumneavoastra la LGI<\/h1>\r\n                        <\/div>\r\n                    <\/div>\r\n                            \r\n                            <div class=\"row\">\r\n                                <div class=\"col\">\r\n                                    <h2 class=\"wt-h1 wt-font-color-dark-grey\">Expertii dumneavoastra in achizitii va pot ajuta<\/h2>\r\n                                <\/div>                                        \r\n                            <\/div>                                                                                                    \r\n                        <\/div>                                \r\n                <\/div>\r\n            \n\n            \r\n        <div class=\"spacing-block extrasmall spacing-block-id-69e8192ed12c6\" >                                     \r\n                  <div class=\"extra-small-space\">   \r\n                  <\/div>                      \r\n        <\/div>\n\n   \r\n    \r\n    <div class=\"grey-line-block grey-line-block-id-69e8192ed1389\">\r\n        \r\n        <div class=\"container\">\r\n            <div class=\"row\">\r\n                <div class=\"col test\">\r\n                    <div class=\"grey-line-block-line\"><\/div>\r\n                <\/div>                \r\n            <\/div>\r\n        <\/div>\r\n        \r\n    <\/div>\n\n            \r\n        <div class=\"spacing-block small spacing-block-id-69e8192ed1449\" >                                     \r\n                  <div class=\"small-space\">   \r\n                  <\/div>                      \r\n        <\/div>\n\n\n<div class=\"wp-block-group container\"><div class=\"wp-block-group__inner-container is-layout-constrained wp-block-group-is-layout-constrained\">\n<p>Cum va putem ajuta mai departe? Ce provocare in lantul de achizitii aveti pentru noi? La ce intrebari va putem raspunde?<br>Completati formalarul nostru de contact sau ne sunati direct.<\/p>\n<\/div><\/div>\n\n\n            \r\n        <div class=\"spacing-block extramedium spacing-block-id-69e8192ed2543\" >                                     \r\n                  <div class=\"extra-medium-space\">   \r\n                  <\/div>                      \r\n        <\/div>\n\n    \r\n   <section class=\"contact-form-block contact-form-block-id-69e8192ed260e mb-5\">\r\n    <div class=\"container lgi-form-container\">\r\n        <form id=\"lgi-form-69e8192ed260e\" class=\"row g-3 needs-validation contactForm\" novalidate>\r\n            <div class=\"col-12 col-lg-4\">\r\n                    \r\n                    <div class=\"input-wrapper input-wrapper-first\">\r\n                        <label for=\"cf_first_name\" class=\"form-label visually-hidden\">Prenume<\/label>\r\n                        <input type=\"text\" id=\"cf_first_name\" name=\"cf_first_name\" class=\"form-control shadow-none\" placeholder=\"Prenume*\" aria-required=\"true\" aria-label=\"Prenume\" required >\r\n                             <div class=\"invalid-feedback\">\r\n                             Acesta este un c\u00e2mp obligatoriu.\r\n                            <\/div>\r\n                        <\/div>\r\n                    \r\n                    <div class=\"input-wrapper input-wrapper-first\">\r\n                         <label for=\"cf_last_name\" class=\"form-label visually-hidden\">Nume de familie<\/label>\r\n                         <input type=\"text\" id=\"cf_last_name\" name=\"cf_last_name\" class=\"form-control shadow-none\" placeholder=\"Nume de familie*\" aria-label=\"Nume de familie\" aria-required=\"true\" required >\r\n                         <div class=\"invalid-feedback\">\r\n                              Acesta este un c\u00e2mp obligatoriu.\r\n                        <\/div>\r\n                    <\/div>\r\n\r\n                    <div class=\"input-wrapper\">\r\n                         <label for=\"cf_corp\" class=\"form-label visually-hidden\">Companie<\/label>\r\n                        <input type=\"text\" id=\"cf_corp\" name=\"cf_corp\" class=\"form-control shadow-none\" placeholder=\"Companie*\" aria-label=\"Companie\" aria-required=\"true\" required >\r\n                        <div class=\"invalid-feedback\">\r\n                             Acesta este un c\u00e2mp obligatoriu.\r\n                         <\/div>\r\n                    <\/div>\r\n\r\n                    <div class=\"input-wrapper\">\r\n                        <label for=\"cf_mail\" class=\"form-label visually-hidden\">Adresa ta de e-mail<\/label>\r\n                        <input type=\"email\" id=\"cf_mail\" name=\"cf_mail\" class=\"form-control shadow-none\" placeholder=\"Adresa ta de e-mail*\" aria-label=\"Adresa ta de e-mail\" aria-required=\"true\" required >\r\n                         <div class=\"invalid-feedback\">\r\n                         Acesta este un c\u00e2mp obligatoriu.\r\n                        <\/div>\r\n                    <\/div>\r\n                    \r\n                    <select name=\"cf_reciever\" id=\"inputState\" class=\"form-select shadow-none\" required>\r\n                        <option value=\"\" disabled selected>Destinatar (domeniu de activitate)*<\/option>\r\n                        <option value=\"0\">Livr\u0103ri<\/option>\r\n                        <option value=\"1\">Retur dispozitivele HP<\/option>\r\n                        <option value=\"2\">Mobility Logistics<\/option>\r\n                        <option value=\"3\">Logistica electronic\u0103<\/option>\r\n                        <option value=\"4\">Logistica textil\u0103<\/option>\r\n                        <option value=\"4\">Logistica Beauty<\/option>\r\n                        <option value=\"4\">Logistica Lifestyle<\/option>\r\n                        <option value=\"5\">Logistica Healthcare<\/option>                      \r\n                        <option value=\"7\">Logistica de industrie<\/option>                      \r\n                        <option value=\"6\">Imobiliare \u0219i achizi\u021bii<\/option>                      \r\n                        <option value=\"8\">Personal<\/option>                      \r\n                        <option value=\"9\">Pres\u0103 \u0219i marketing<\/option>                      \r\n                        <option value=\"10\">Contabilitate<\/option>                      \r\n                        <option value=\"11\">Transporturi<\/option>                      \r\n                        <option value=\"12\">Vam\u0103 \u0219i Comer\u021b Exterior<\/option>                                          \r\n                        <option value=\"13\">Alte solicit\u0103ri<\/option>                      \r\n                    <\/select>\r\n                    <div class=\"invalid-feedback\">\r\n                        Acesta este un c\u00e2mp obligatoriu.\r\n                    <\/div>\r\n                <\/div>\r\n                <div class=\"col-12 col-lg-8 ps-3 text-right-area\">\r\n                    \r\n                    <div class=\"input-wrapper\">\r\n                        <label for=\"cf_message\" class=\"form-label visually-hidden\">Mesajul dvs. (max. 500 de caractere)<\/label>\r\n                        <textarea id=\"cf_message\" name=\"cf_message\" class=\"form-control shadow-none\" placeholder=\"Mesajul dvs. (max. 500 de caractere)*\" rows=\"3\" maxlength=\"500\" aria-label=\"Mesajul dvs. (max. 500 de caractere)\" aria-required=\"true\" required><\/textarea>\r\n                        <div class=\"invalid-feedback\">\r\n                          Acesta este un c\u00e2mp obligatoriu.\r\n                        <\/div>\r\n                    <\/div>\r\n                    \r\n                    <div class=\"send-wrapper\">\r\n                            <div class=\"form-check mt-4\">\r\n                                 <input class=\"form-check-input wt-newsletter-checkbox-contact shadow-none\" type=\"checkbox\" name=\"cf_receive_newsletter\" id=\"gridCheck-2\">\r\n                                 <label class=\"form-check-label wt-t\" for=\"gridCheck-2\">Prin prezenta sunte\u021bi de acord s\u0103 primi\u021bi newsletter-ul. V\u0103 pute\u021bi dezabona oric\u00e2nd de la newsletter trimi\u021b\u00e2nd un e-mail la <a class=\"wt-k-click-mail\" href=\"&#109;&#97;&#105;&#108;&#116;&#111;&#58;%77%69%64%65%72%72%75%66-%6c%67%69@%6c%67%69.%64%65\">&#x77;&#x69;&#x64;&#x65;&#x72;&#x72;&#x75;&#x66;&#x2d;&#x6c;&#x67;&#x69;&#x40;&#x6c;&#x67;&#x69;&#x2e;&#x64;&#x65;<\/a> \u0219i retr\u0103g\u00e2ndu-v\u0103 consim\u021b\u0103m\u00e2ntul.<\/label>\r\n                        <\/div>\r\n                        <div class=\"form-check mt-2\">\r\n                            <input class=\"form-check-input shadow-none\" type=\"checkbox\" name=\"cf_use_data\" id=\"gridCheck\" required>\r\n                            <label class=\"form-check-label wt-t\" for=\"gridCheck\">\r\n                            Utiliz\u0103m datele dumneavoastr\u0103, pe care le pute\u021bi transmite cu acest formular, exclusiv pentru a v\u0103 procesa solicitarea.\r\n                            Mai multe informa\u021bii despre utilizarea datelor dumneavoastr\u0103 pot fi g\u0103site pe pagina noastr\u0103 de protec\u021bie a datelor.\r\n                            Acest site este protejat de reCAPTCHA \u0219i se <a href='https:\/\/policies.google.com\/privacy' target='_blank' rel='nofollow'>aplic\u0103 Politica de confiden\u021bialitate<\/a> \u0219i <a href='https:\/\/policies.google.com\/terms' target='_blank' rel='nofollow'>Termenii<\/a> \u0219i condi\u021biile Google.\r\n                            <\/label>\r\n                        <\/div>\r\n                    \r\n                    <button type=\"submit\" class=\"wt-bt mt-4 ms-4\">Trimitere formular<\/button>                        \r\n                    \r\n                <\/div>\r\n                \r\n            <\/div>\r\n            \r\n            <input type=\"hidden\" name=\"g-recaptcha-response\" value=\"\">\r\n            <input type=\"hidden\" name=\"formType\" value=\"contactForm\">\r\n                            \r\n        <\/form>\r\n\r\n        <div id=\"lgi-state-69e8192ed260e\" class=\"lgi-submission-state\" style=\"display: none;\">\r\n            \r\n            <div class=\"lgi-loader-wrapper\">\r\n                <span class=\"lgi-loader\"><\/span>\r\n            <\/div>\r\n            \r\n            <div class=\"lgi-form-success\" style=\"display: none;\">\r\n                <h2 class=\"success-heading\">Success!<\/h2>\r\n                <p class=\"m-message m-success\">Mesajul dvs. a fost trimis. V\u0103 vom contacta c\u00e2t mai cur\u00e2nd posibil.<\/p>\r\n            <\/div>\r\n\r\n            <div class=\"lgi-form-error\" style=\"display: none;\">\r\n                <p class=\"m-message m-error\">Mesajul dvs. nu a putut fi trimis. V\u0103 rug\u0103m s\u0103 ne contacta\u021bi direct.<\/p>\r\n            <\/div>\r\n\r\n        <\/div>\r\n\r\n    <\/div>        \r\n<\/section>\n\n            \r\n        <div class=\"spacing-block large spacing-block-id-69e8192ed2776\" >                                     \r\n                  <div class=\"large-space\">   \r\n                  <\/div>                      \r\n        <\/div>\n\n   \r\n    \r\n    <section id=\"Contact-person\" class=\"contact-person-block contact-person-block-id-69e8192ed283a encoded-email\" data-idcp=\"1\" data-mail=\"bWFydGluYV93ZWloaW5nQGxnaS5kZQ==\">\r\n    \r\n        \r\n        <div class=\"contact-person-bg-img-wrapper\">\r\n            <img loading=\"lazy\" decoding=\"async\" width=\"1920\" height=\"500\" src=\"\/wp-content\/uploads\/2023\/03\/lgi-location-holland.jpg\" class=\"img-fluid bg-image\" alt=\"Location holland | LGI\" srcset=\"\/wp-content\/uploads\/2023\/03\/lgi-location-holland.jpg 1920w, \/wp-content\/uploads\/2023\/03\/lgi-location-holland-300x78.jpg 300w, \/wp-content\/uploads\/2023\/03\/lgi-location-holland-1024x267.jpg 1024w, \/wp-content\/uploads\/2023\/03\/lgi-location-holland-768x200.jpg 768w, \/wp-content\/uploads\/2023\/03\/lgi-location-holland-1536x400.jpg 1536w\" sizes=\"auto, (max-width: 1920px) 100vw, 1920px\" \/>\r\n        <\/div>\r\n        \r\n        <div class=\"container contact-person-content-wrapper\">\r\n            <div class=\"row\">\r\n                <div class=\"col-12 col-lg-6 contact-person-text-wrapper contact-text-align\">\r\n                    <span class=\"wt-bh\">Ave\u021bi vreo \u00eentrebare?<\/span>\r\n                    <span class=\"wt-hl wt-big-string\">AICI PUTE\u021aI G\u0102SI <span class='wt-font-color-white'>PERSOANA DE CONTACT<\/span> POTRIVIT\u0102<\/span>\r\n                <\/div>\r\n                <div class=\"col-12 col-lg-6 order-first order-lg-last contact-person-img-wrapper\">\r\n                    <div>\r\n                        <div class=\"contact-person-wrapper contact-pointer\">\r\n                            <div class=\"contact-image-wrapper\">                                    \r\n                                    <img decoding=\"async\" src=\"\/wp-content\/themes\/lgi\/img\/contact-ap\/Contact-man-pointer-LGI.png\" class=\"img-fluid\">\r\n                                    \r\n                                    <div class=\"contact-wrapper-symbol\"><\/div>\r\n                                    \r\n                                    <div class=\"bubble-wrapper\">                                       \r\n\r\n                                        <div class=\"bubble-box\">\r\n                                            <div class=\"wt-bt\" data-bs-toggle=\"modal\" data-bs-target=\"#contact-popup-modal\">\r\n                                                G\u0103si\u021bi contactul acum\r\n                                            <\/div>\r\n                                        <\/div>\r\n                                \r\n                                    <\/div>    \r\n                                <\/div>\r\n                        <\/div>                        \r\n                    <\/div>                    \r\n                <\/div>\r\n            <\/div>\r\n        <\/div>\r\n        \r\n    <\/section>","protected":false},"excerpt":{"rendered":"<p>Cum va putem ajuta mai departe? Ce provocare in lantul de achizitii aveti pentru noi? La ce intrebari va putem raspunde?Completati formalarul nostru de contact sau ne sunati direct.<\/p>\n","protected":false},"author":1,"featured_media":0,"parent":0,"menu_order":0,"comment_status":"closed","ping_status":"closed","template":"","meta":{"footnotes":""},"class_list":["post-3243","page","type-page","status-publish","hentry"],"yoast_head":"<!-- This site is optimized with the Yoast SEO plugin v27.3 - https:\/\/yoast.com\/product\/yoast-seo-wordpress\/ -->\n<title>Contacta\u021bi-ne - V\u0103 vom sf\u0103tui cu pl\u0103cere | LGI<\/title>\n<meta name=\"description\" content=\"Ave\u021bi \u00eentreb\u0103ri despre transport, locuri de munc\u0103 vacante sau serviciile noastre industriale? Vom fi bucuro\u0219i s\u0103 v\u0103 sf\u0103tuim.\" \/>\n<meta name=\"robots\" content=\"index, follow, max-snippet:-1, max-image-preview:large, max-video-preview:-1\" \/>\n<link rel=\"canonical\" href=\"https:\/\/lgigroup.com\/ro-ro\/wp-json\/wp\/v2\/pages\/3243\" \/>\n<meta property=\"og:locale\" content=\"ro_RO\" \/>\n<meta property=\"og:type\" content=\"article\" \/>\n<meta property=\"og:title\" content=\"Contacta\u021bi-ne - V\u0103 vom sf\u0103tui cu pl\u0103cere | LGI\" \/>\n<meta property=\"og:description\" content=\"Ave\u021bi \u00eentreb\u0103ri despre transport, locuri de munc\u0103 vacante sau serviciile noastre industriale? Vom fi bucuro\u0219i s\u0103 v\u0103 sf\u0103tuim.\" \/>\n<meta property=\"og:url\" content=\"https:\/\/lgigroup.com\/ro-ro\/contact\/\" \/>\n<meta property=\"og:site_name\" content=\"LGI Group\" \/>\n<meta property=\"article:modified_time\" content=\"2024-01-22T14:23:21+00:00\" \/>\n<meta name=\"twitter:card\" content=\"summary_large_image\" \/>\n<meta name=\"twitter:label1\" content=\"Est. reading time\" \/>\n\t<meta name=\"twitter:data1\" content=\"1 minute\" \/>\n<script type=\"application\/ld+json\" class=\"yoast-schema-graph\">{\"@context\":\"https:\\\/\\\/schema.org\",\"@graph\":[{\"@type\":\"WebPage\",\"@id\":\"https:\\\/\\\/lgigroup.com\\\/ro-ro\\\/contact\\\/\",\"url\":\"https:\\\/\\\/lgigroup.com\\\/ro-ro\\\/contact\\\/\",\"name\":\"Contacta\u021bi-ne - V\u0103 vom sf\u0103tui cu pl\u0103cere | LGI\",\"isPartOf\":{\"@id\":\"https:\\\/\\\/lgigroup.com\\\/ro-ro\\\/#website\"},\"datePublished\":\"2022-12-21T13:22:09+00:00\",\"dateModified\":\"2024-01-22T14:23:21+00:00\",\"description\":\"Ave\u021bi \u00eentreb\u0103ri despre transport, locuri de munc\u0103 vacante sau serviciile noastre industriale? Vom fi bucuro\u0219i s\u0103 v\u0103 sf\u0103tuim.\",\"breadcrumb\":{\"@id\":\"https:\\\/\\\/lgigroup.com\\\/ro-ro\\\/contact\\\/#breadcrumb\"},\"inLanguage\":\"ro-ro\",\"potentialAction\":[{\"@type\":\"ReadAction\",\"target\":[\"https:\\\/\\\/lgigroup.com\\\/ro-ro\\\/contact\\\/\"]}]},{\"@type\":\"BreadcrumbList\",\"@id\":\"https:\\\/\\\/lgigroup.com\\\/ro-ro\\\/contact\\\/#breadcrumb\",\"itemListElement\":[{\"@type\":\"ListItem\",\"position\":1,\"name\":\"Startseite\",\"item\":\"https:\\\/\\\/lgigroup.com\\\/ro-ro\\\/\"},{\"@type\":\"ListItem\",\"position\":2,\"name\":\"Contact\"}]},{\"@type\":\"WebSite\",\"@id\":\"https:\\\/\\\/lgigroup.com\\\/ro-ro\\\/#website\",\"url\":\"https:\\\/\\\/lgigroup.com\\\/ro-ro\\\/\",\"name\":\"LGI Group\",\"description\":\"\",\"publisher\":{\"@id\":\"https:\\\/\\\/lgigroup.com\\\/ro-ro\\\/#organization\"},\"potentialAction\":[{\"@type\":\"SearchAction\",\"target\":{\"@type\":\"EntryPoint\",\"urlTemplate\":\"https:\\\/\\\/lgigroup.com\\\/ro-ro\\\/?s={search_term_string}\"},\"query-input\":{\"@type\":\"PropertyValueSpecification\",\"valueRequired\":true,\"valueName\":\"search_term_string\"}}],\"inLanguage\":\"ro-ro\"},{\"@type\":\"Organization\",\"@id\":\"https:\\\/\\\/lgigroup.com\\\/ro-ro\\\/#organization\",\"name\":\"LGI GmbH\",\"url\":\"https:\\\/\\\/lgigroup.com\\\/ro-ro\\\/\",\"logo\":{\"@type\":\"ImageObject\",\"inLanguage\":\"ro-ro\",\"@id\":\"https:\\\/\\\/lgigroup.com\\\/ro-ro\\\/#\\\/schema\\\/logo\\\/image\\\/\",\"url\":\"https:\\\/\\\/lgigroup.com\\\/wp-content\\\/uploads\\\/2023\\\/01\\\/lgi-logo.png\",\"contentUrl\":\"https:\\\/\\\/lgigroup.com\\\/wp-content\\\/uploads\\\/2023\\\/01\\\/lgi-logo.png\",\"width\":420,\"height\":200,\"caption\":\"LGI GmbH\"},\"image\":{\"@id\":\"https:\\\/\\\/lgigroup.com\\\/ro-ro\\\/#\\\/schema\\\/logo\\\/image\\\/\"}}]}<\/script>\n<!-- \/ Yoast SEO plugin. -->","yoast_head_json":{"title":"Contacta\u021bi-ne - V\u0103 vom sf\u0103tui cu pl\u0103cere | LGI","description":"Ave\u021bi \u00eentreb\u0103ri despre transport, locuri de munc\u0103 vacante sau serviciile noastre industriale? Vom fi bucuro\u0219i s\u0103 v\u0103 sf\u0103tuim.","robots":{"index":"index","follow":"follow","max-snippet":"max-snippet:-1","max-image-preview":"max-image-preview:large","max-video-preview":"max-video-preview:-1"},"canonical":"https:\/\/lgigroup.com\/ro-ro\/wp-json\/wp\/v2\/pages\/3243","og_locale":"ro_RO","og_type":"article","og_title":"Contacta\u021bi-ne - V\u0103 vom sf\u0103tui cu pl\u0103cere | LGI","og_description":"Ave\u021bi \u00eentreb\u0103ri despre transport, locuri de munc\u0103 vacante sau serviciile noastre industriale? Vom fi bucuro\u0219i s\u0103 v\u0103 sf\u0103tuim.","og_url":"https:\/\/lgigroup.com\/ro-ro\/contact\/","og_site_name":"LGI Group","article_modified_time":"2024-01-22T14:23:21+00:00","twitter_card":"summary_large_image","twitter_misc":{"Est. reading time":"1 minute"},"schema":{"@context":"https:\/\/schema.org","@graph":[{"@type":"WebPage","@id":"https:\/\/lgigroup.com\/ro-ro\/contact\/","url":"https:\/\/lgigroup.com\/ro-ro\/contact\/","name":"Contacta\u021bi-ne - V\u0103 vom sf\u0103tui cu pl\u0103cere | LGI","isPartOf":{"@id":"https:\/\/lgigroup.com\/ro-ro\/#website"},"datePublished":"2022-12-21T13:22:09+00:00","dateModified":"2024-01-22T14:23:21+00:00","description":"Ave\u021bi \u00eentreb\u0103ri despre transport, locuri de munc\u0103 vacante sau serviciile noastre industriale? Vom fi bucuro\u0219i s\u0103 v\u0103 sf\u0103tuim.","breadcrumb":{"@id":"https:\/\/lgigroup.com\/ro-ro\/contact\/#breadcrumb"},"inLanguage":"ro-ro","potentialAction":[{"@type":"ReadAction","target":["https:\/\/lgigroup.com\/ro-ro\/contact\/"]}]},{"@type":"BreadcrumbList","@id":"https:\/\/lgigroup.com\/ro-ro\/contact\/#breadcrumb","itemListElement":[{"@type":"ListItem","position":1,"name":"Startseite","item":"https:\/\/lgigroup.com\/ro-ro\/"},{"@type":"ListItem","position":2,"name":"Contact"}]},{"@type":"WebSite","@id":"https:\/\/lgigroup.com\/ro-ro\/#website","url":"https:\/\/lgigroup.com\/ro-ro\/","name":"LGI Group","description":"","publisher":{"@id":"https:\/\/lgigroup.com\/ro-ro\/#organization"},"potentialAction":[{"@type":"SearchAction","target":{"@type":"EntryPoint","urlTemplate":"https:\/\/lgigroup.com\/ro-ro\/?s={search_term_string}"},"query-input":{"@type":"PropertyValueSpecification","valueRequired":true,"valueName":"search_term_string"}}],"inLanguage":"ro-ro"},{"@type":"Organization","@id":"https:\/\/lgigroup.com\/ro-ro\/#organization","name":"LGI GmbH","url":"https:\/\/lgigroup.com\/ro-ro\/","logo":{"@type":"ImageObject","inLanguage":"ro-ro","@id":"https:\/\/lgigroup.com\/ro-ro\/#\/schema\/logo\/image\/","url":"https:\/\/lgigroup.com\/wp-content\/uploads\/2023\/01\/lgi-logo.png","contentUrl":"https:\/\/lgigroup.com\/wp-content\/uploads\/2023\/01\/lgi-logo.png","width":420,"height":200,"caption":"LGI GmbH"},"image":{"@id":"https:\/\/lgigroup.com\/ro-ro\/#\/schema\/logo\/image\/"}}]}},"_links":{"self":[{"href":"https:\/\/lgigroup.com\/ro-ro\/wp-json\/wp\/v2\/pages\/3243","targetHints":{"allow":["GET"]}}],"collection":[{"href":"https:\/\/lgigroup.com\/ro-ro\/wp-json\/wp\/v2\/pages"}],"about":[{"href":"https:\/\/lgigroup.com\/ro-ro\/wp-json\/wp\/v2\/types\/page"}],"author":[{"embeddable":true,"href":"https:\/\/lgigroup.com\/ro-ro\/wp-json\/wp\/v2\/users\/1"}],"replies":[{"embeddable":true,"href":"https:\/\/lgigroup.com\/ro-ro\/wp-json\/wp\/v2\/comments?post=3243"}],"version-history":[{"count":8,"href":"https:\/\/lgigroup.com\/ro-ro\/wp-json\/wp\/v2\/pages\/3243\/revisions"}],"predecessor-version":[{"id":21722,"href":"https:\/\/lgigroup.com\/ro-ro\/wp-json\/wp\/v2\/pages\/3243\/revisions\/21722"}],"wp:attachment":[{"href":"https:\/\/lgigroup.com\/ro-ro\/wp-json\/wp\/v2\/media?parent=3243"}],"curies":[{"name":"wp","href":"https:\/\/api.w.org\/{rel}","templated":true}]}}