{"id":991,"date":"2023-01-09T11:53:17","date_gmt":"2023-01-09T10:53:17","guid":{"rendered":"https:\/\/lgigroup.com\/?page_id=991"},"modified":"2026-04-09T12:35:51","modified_gmt":"2026-04-09T10:35:51","slug":"impresia","status":"publish","type":"page","link":"https:\/\/lgigroup.com\/ro-ro\/impresia\/","title":{"rendered":"Legals"},"content":{"rendered":"\r\n\t\t<section class=\"titelbild-section titelbild-block-id-6a01ed2dc75bd titelbild-block-layout-\">\r\n            <div class=\"col-12 col-lg-12\">\r\n                <div class=\"full-bild\"> <img loading=\"lazy\" decoding=\"async\" width=\"1920\" height=\"700\" src=\"\/wp-content\/uploads\/2023\/02\/documents-on-a-desk-lgi.jpg\" class=\"img-fluid\" alt=\"Documents on a desk | LGI\" srcset=\"\/wp-content\/uploads\/2023\/02\/documents-on-a-desk-lgi.jpg 1920w, \/wp-content\/uploads\/2023\/02\/documents-on-a-desk-lgi-300x109.jpg 300w, \/wp-content\/uploads\/2023\/02\/documents-on-a-desk-lgi-1024x373.jpg 1024w, \/wp-content\/uploads\/2023\/02\/documents-on-a-desk-lgi-768x280.jpg 768w, \/wp-content\/uploads\/2023\/02\/documents-on-a-desk-lgi-1536x560.jpg 1536w\" sizes=\"auto, (max-width: 1920px) 100vw, 1920px\" \/><\/div>\r\n                <div class=\"bild-title container\">\r\n                    <div class=\"row\">\r\n                                <div class=\"col\">\r\n                                    <p class=\"headline wt-h1\"><\/p>\r\n                                <\/div>                                        \r\n                            <\/div> \r\n                <\/div>\r\n            <\/div>\r\n        <\/section>\r\n\t\n\n            \r\n        <div class=\"spacing-block large spacing-block-id-6a01ed2dc7c83\" >                                     \r\n                  <div class=\"large-space\">   \r\n                  <\/div>                      \r\n        <\/div>\n\n\r\n                <div class=\"headline-block \">\r\n                    \r\n                        <div class=\"container\">                            \r\n                            \r\n                            \r\n                            <div class=\"row\">\r\n                                <div class=\"col\">\r\n                                    <h1 class=\"wt-h1 wt-font-color-dark-grey\">Impresia<\/h1>\r\n                                <\/div>                                        \r\n                            <\/div>                                                                                                    \r\n                        <\/div>                                \r\n                <\/div>\r\n            \n\n            \r\n        <div class=\"spacing-block extrasmall spacing-block-id-6a01ed2dc7e39\" >                                     \r\n                  <div class=\"extra-small-space\">   \r\n                  <\/div>                      \r\n        <\/div>\n\n   \r\n    \r\n    <div class=\"grey-line-block grey-line-block-id-6a01ed2dc7efc\">\r\n        \r\n        <div class=\"container\">\r\n            <div class=\"row\">\r\n                <div class=\"col test\">\r\n                    <div class=\"grey-line-block-line\"><\/div>\r\n                <\/div>                \r\n            <\/div>\r\n        <\/div>\r\n        \r\n    <\/div>\n\n            \r\n        <div class=\"spacing-block small spacing-block-id-6a01ed2dc7fbd\" >                                     \r\n                  <div class=\"small-space\">   \r\n                  <\/div>                      \r\n        <\/div>\n\n\n<div class=\"wp-block-group container\"><div class=\"wp-block-group__inner-container is-layout-constrained wp-block-group-is-layout-constrained\">\n<p>Amprenta se aplic\u0103 \u0219i urm\u0103toarelor canale de social media: <a href=\"https:\/\/business.facebook.com\/LGILogistics\/\" target=\"_blank\" rel=\"noreferrer noopener\">Facebook<\/a>, <a href=\"https:\/\/www.xing.com\/companies\/lgilogisticsgroupinternationalgmbh\" target=\"_blank\" rel=\"noreferrer noopener\">Xing<\/a>, <a href=\"https:\/\/www.linkedin.com\/company\/lgi-logistics-group-international-gmbh\/\" target=\"_blank\" rel=\"noreferrer noopener\">LinkedIn<\/a>.<\/p>\n\n\n\n<p><strong>Informa\u021bii \u00een conformitate cu articolul 5 din DDG<\/strong><\/p>\n\n\n\n<p>LGI Logistics Group International GmbH<br>Konrad-Zuse-Stra\u00dfe 10<br>71034 B\u00f6blingen<\/p>\n\n\n\n<p>Director executiv:<br>Florian Beck, Holger Funk<\/p>\n\n\n            \r\n        <div class=\"spacing-block small spacing-block-id-6a01ed2dc825e\" >                                     \r\n                  <div class=\"small-space\">   \r\n                  <\/div>                      \r\n        <\/div>\n\n\r\n                <div class=\"headline-block \">\r\n                    \r\n                        <h2 class=\"wt-subheadline wt-sl\">Contact<\/h2>\r\n                            \r\n                        \r\n                                                            \r\n                <\/div>\r\n            \n\n            \r\n        <div class=\"spacing-block doublesmall spacing-block-id-6a01ed2dc8331\" >                                     \r\n                  <div class=\"double-small-space\">   \r\n                  <\/div>                      \r\n        <\/div>\n\n\n<p>Telefon: <a href=\"tel:%2b%34%39%37%30%33%31%32%30%30%39%30\">+49 7031 2009 0<\/a><br>E-mail:\u00a0<a class=\"click_mail\" href=\"&#109;&#97;&#105;&#108;&#116;&#111;&#58;%69%6e%66%6f@%6c%67%69.%64%65 \" rel=\"noreferrer noopener\">&#x69;&#x6e;&#x66;&#x6f;&#x40;&#x6c;&#x67;&#x69;&#x2e;&#x64;&#x65;<\/a><br>Website: www.lgigroup.com<\/p>\n\n\n\n<p><strong>\u00censcriere \u00een registru<\/strong><br>\u00censcrierea \u00een registrul comer\u021bului.<br>Tribunalul de \u00eenregistrare: Amtsgericht Stuttgart<br>Num\u0103r de \u00eenregistrare: HRB 243806<\/p>\n\n\n\n<p><strong>Codul de identificare fiscal\u0103<br><\/strong>Codul de identificare fiscal\u0103 \u00een conformitate cu articolul 27a din Legea privind taxa pe valoarea ad\u0103ugat\u0103:<br>DE 172126257<\/p>\n\n\n\n<p><strong>Autorit\u0103\u021bi de supraveghere<\/strong><br>Supervisory Authority for freight traffic:<br>Bundesamt f\u00fcr Logistik und Mobilit\u00e4t (BALM)<br>Werderstr. 34<br>50672 K\u00f6ln<br>Website: <a href=\"http:\/\/www.balm.bund.de\">www.balm.bund.de<\/a><\/p>\n\n\n\n<p>Responsible Lower Transportation Authority:<br>Landratsamt B\u00f6blingen<br>Stra\u00dfenverkehrsbeh\u00f6rde<br>Parkstr. 16<br>71034 B\u00f6blingen<br>Website: <a href=\"http:\/\/www.lrabb.de\">www.lrabb.de<\/a><\/p>\n\n\n\n<p><strong>Responsabil pentru con\u021binut \u00een conformitate cu articolul 18 alineatul (2) din MStV<\/strong><br>Florian Beck<br>LGI Logistics Group International GmbH<br>Konrad-Zuse-Stra\u00dfe 10<br>71034 B\u00f6blingen<\/p>\n\n\n\n<p><strong>Solu\u021bionarea litigiilor \u00een materie de consum \/ Organismul universal de mediere<\/strong><br>Nu suntem dispu\u0219i \u0219i nici obliga\u021bi s\u0103 particip\u0103m la proceduri de solu\u021bionare a litigiilor \u00een fa\u021ba unui organism de conciliere pentru consumatori.<\/p>\n\n\n\n<p>Surs\u0103: <a href=\"https:\/\/www.e-recht24.de\/\">eRecht24<\/a><\/p>\n\n\n\n<p><strong>Referin\u021be bibliografice pentru materialele media utilizate<\/strong><br>Drepturile de autor asupra imaginilor sunt de\u021binute de LGI Logistics Group International GmbH sau de una dintre filialele sale.<\/p>\n\n\n            \r\n        <div class=\"spacing-block small spacing-block-id-6a01ed2dc8713\" >                                     \r\n                  <div class=\"small-space\">   \r\n                  <\/div>                      \r\n        <\/div>\n\n\n<p><strong>Implementare digital\u0103<\/strong><br>Conceput \u0219i realizat de <a href=\"http:\/\/webthinker.de\">WebThinker GmbH<\/a>.<br>calitate de partener <a href=\"https:\/\/www.google.com\/partners\/agency?id=5149882286\">Google Premium<\/a> \u0219i <a href=\"https:\/\/www.shopware.com\/de\/partner\/agenturen\/webthinker-gmbh\/\">Shopware Partner<\/a>, \u00eenso\u021bim companiile de la idee p\u00e2n\u0103 la lansare, oferind<br>solu\u021bii digitale personalizate \u0219i pun\u00e2nd un accent clar pe calitate \u0219i cre\u0219tere durabil\u0103.<\/p>\n\n\n\n<script type=\"application\/ld+json\">\n{\n  \"@context\": \"https:\/\/schema.org\",\n  \"@type\": \"WebSite\",\n  \"creator\": {\n    \"@type\": \"Organization\",\n    \"name\": \"WebThinker GmbH\",\n    \"url\": \"https:\/\/www.webthinker.de\",\n    \"address\": {\n      \"@type\": \"PostalAddress\",\n      \"addressLocality\": \"Ditzingen\",\n      \"addressRegion\": \"Baden-W\u00fcrttemberg\",\n      \"addressCountry\": \"DE\"\n    },\n    \"areaServed\": {\n      \"@type\": \"City\",\n      \"name\": \"Stuttgart\"\n    },\n    \"award\": [\n      \"Google Premium Partner\",\n      \"Shopware Partner\"\n    ],\n    \"knowsAbout\": [\n      \"Web-Entwicklung\",\n      \"Online-Marketing\",\n      \"Digitale Transformation\"\n    ]\n  }\n}\n<\/script>\n\n\n            \r\n        <div class=\"spacing-block large spacing-block-id-6a01ed2dc8846\" >                                     \r\n                  <div class=\"large-space\">   \r\n                  <\/div>                      \r\n        <\/div><\/div><\/div>\n","protected":false},"excerpt":{"rendered":"<p>Amprenta se aplic\u0103 \u0219i urm\u0103toarelor canale de social media: Facebook, Xing, LinkedIn. Informa\u021bii \u00een conformitate cu articolul 5 din DDG LGI Logistics Group International GmbHKonrad-Zuse-Stra\u00dfe 1071034 B\u00f6blingen Director executiv:Florian Beck, Holger Funk Telefon: +49 7031 2009 0E-mail:\u00a0Website: www.lgigroup.com \u00censcriere \u00een registru\u00censcrierea \u00een registrul comer\u021bului.Tribunalul de \u00eenregistrare: Amtsgericht StuttgartNum\u0103r de \u00eenregistrare: HRB 243806 Codul de identificare [&hellip;]<\/p>\n","protected":false},"author":1,"featured_media":0,"parent":0,"menu_order":0,"comment_status":"closed","ping_status":"closed","template":"","meta":{"footnotes":""},"class_list":["post-991","page","type-page","status-publish","hentry"],"yoast_head":"<!-- This site is optimized with the Yoast SEO plugin v27.3 - https:\/\/yoast.com\/product\/yoast-seo-wordpress\/ -->\n<title>Amprenta nostru - LGI Group<\/title>\n<meta name=\"description\" content=\"G\u0103si\u021bi toate informa\u021biile despre con\u021binutul nostru, adresa po\u0219tal\u0103, anun\u021buri legale &amp; mai mult \u00een amprenta. \u27a4 Informa\u021bi-v\u0103 acum.\" \/>\n<meta name=\"robots\" content=\"index, follow, max-snippet:-1, max-image-preview:large, max-video-preview:-1\" \/>\n<link rel=\"canonical\" href=\"https:\/\/lgigroup.com\/ro-ro\/wp-json\/wp\/v2\/pages\/991\" \/>\n<meta property=\"og:locale\" content=\"ro_RO\" \/>\n<meta property=\"og:type\" content=\"article\" \/>\n<meta property=\"og:title\" content=\"Amprenta nostru - LGI Group\" \/>\n<meta property=\"og:description\" content=\"G\u0103si\u021bi toate informa\u021biile despre con\u021binutul nostru, adresa po\u0219tal\u0103, anun\u021buri legale &amp; mai mult \u00een amprenta. \u27a4 Informa\u021bi-v\u0103 acum.\" \/>\n<meta property=\"og:url\" content=\"https:\/\/lgigroup.com\/ro-ro\/impresia\/\" \/>\n<meta property=\"og:site_name\" content=\"LGI Group\" \/>\n<meta property=\"article:modified_time\" content=\"2026-04-09T10:35:51+00:00\" \/>\n<meta name=\"twitter:card\" content=\"summary_large_image\" \/>\n<meta name=\"twitter:label1\" content=\"Est. reading time\" \/>\n\t<meta name=\"twitter:data1\" content=\"2 minutes\" \/>\n<script type=\"application\/ld+json\" class=\"yoast-schema-graph\">{\"@context\":\"https:\\\/\\\/schema.org\",\"@graph\":[{\"@type\":\"WebPage\",\"@id\":\"https:\\\/\\\/lgigroup.com\\\/ro-ro\\\/impresia\\\/\",\"url\":\"https:\\\/\\\/lgigroup.com\\\/ro-ro\\\/impresia\\\/\",\"name\":\"Amprenta nostru - LGI Group\",\"isPartOf\":{\"@id\":\"https:\\\/\\\/lgigroup.com\\\/ro-ro\\\/#website\"},\"datePublished\":\"2023-01-09T10:53:17+00:00\",\"dateModified\":\"2026-04-09T10:35:51+00:00\",\"description\":\"G\u0103si\u021bi toate informa\u021biile despre con\u021binutul nostru, adresa po\u0219tal\u0103, anun\u021buri legale & mai mult \u00een amprenta. \u27a4 Informa\u021bi-v\u0103 acum.\",\"breadcrumb\":{\"@id\":\"https:\\\/\\\/lgigroup.com\\\/ro-ro\\\/impresia\\\/#breadcrumb\"},\"inLanguage\":\"ro-ro\",\"potentialAction\":[{\"@type\":\"ReadAction\",\"target\":[\"https:\\\/\\\/lgigroup.com\\\/ro-ro\\\/impresia\\\/\"]}]},{\"@type\":\"BreadcrumbList\",\"@id\":\"https:\\\/\\\/lgigroup.com\\\/ro-ro\\\/impresia\\\/#breadcrumb\",\"itemListElement\":[{\"@type\":\"ListItem\",\"position\":1,\"name\":\"Startseite\",\"item\":\"https:\\\/\\\/lgigroup.com\\\/ro-ro\\\/\"},{\"@type\":\"ListItem\",\"position\":2,\"name\":\"Legals\"}]},{\"@type\":\"WebSite\",\"@id\":\"https:\\\/\\\/lgigroup.com\\\/ro-ro\\\/#website\",\"url\":\"https:\\\/\\\/lgigroup.com\\\/ro-ro\\\/\",\"name\":\"LGI Group\",\"description\":\"\",\"publisher\":{\"@id\":\"https:\\\/\\\/lgigroup.com\\\/ro-ro\\\/#organization\"},\"potentialAction\":[{\"@type\":\"SearchAction\",\"target\":{\"@type\":\"EntryPoint\",\"urlTemplate\":\"https:\\\/\\\/lgigroup.com\\\/ro-ro\\\/?s={search_term_string}\"},\"query-input\":{\"@type\":\"PropertyValueSpecification\",\"valueRequired\":true,\"valueName\":\"search_term_string\"}}],\"inLanguage\":\"ro-ro\"},{\"@type\":\"Organization\",\"@id\":\"https:\\\/\\\/lgigroup.com\\\/ro-ro\\\/#organization\",\"name\":\"LGI GmbH\",\"url\":\"https:\\\/\\\/lgigroup.com\\\/ro-ro\\\/\",\"logo\":{\"@type\":\"ImageObject\",\"inLanguage\":\"ro-ro\",\"@id\":\"https:\\\/\\\/lgigroup.com\\\/ro-ro\\\/#\\\/schema\\\/logo\\\/image\\\/\",\"url\":\"https:\\\/\\\/lgigroup.com\\\/wp-content\\\/uploads\\\/2023\\\/01\\\/lgi-logo.png\",\"contentUrl\":\"https:\\\/\\\/lgigroup.com\\\/wp-content\\\/uploads\\\/2023\\\/01\\\/lgi-logo.png\",\"width\":420,\"height\":200,\"caption\":\"LGI GmbH\"},\"image\":{\"@id\":\"https:\\\/\\\/lgigroup.com\\\/ro-ro\\\/#\\\/schema\\\/logo\\\/image\\\/\"}}]}<\/script>\n<!-- \/ Yoast SEO plugin. -->","yoast_head_json":{"title":"Amprenta nostru - LGI Group","description":"G\u0103si\u021bi toate informa\u021biile despre con\u021binutul nostru, adresa po\u0219tal\u0103, anun\u021buri legale & mai mult \u00een amprenta. \u27a4 Informa\u021bi-v\u0103 acum.","robots":{"index":"index","follow":"follow","max-snippet":"max-snippet:-1","max-image-preview":"max-image-preview:large","max-video-preview":"max-video-preview:-1"},"canonical":"https:\/\/lgigroup.com\/ro-ro\/wp-json\/wp\/v2\/pages\/991","og_locale":"ro_RO","og_type":"article","og_title":"Amprenta nostru - LGI Group","og_description":"G\u0103si\u021bi toate informa\u021biile despre con\u021binutul nostru, adresa po\u0219tal\u0103, anun\u021buri legale & mai mult \u00een amprenta. \u27a4 Informa\u021bi-v\u0103 acum.","og_url":"https:\/\/lgigroup.com\/ro-ro\/impresia\/","og_site_name":"LGI Group","article_modified_time":"2026-04-09T10:35:51+00:00","twitter_card":"summary_large_image","twitter_misc":{"Est. reading time":"2 minutes"},"schema":{"@context":"https:\/\/schema.org","@graph":[{"@type":"WebPage","@id":"https:\/\/lgigroup.com\/ro-ro\/impresia\/","url":"https:\/\/lgigroup.com\/ro-ro\/impresia\/","name":"Amprenta nostru - LGI Group","isPartOf":{"@id":"https:\/\/lgigroup.com\/ro-ro\/#website"},"datePublished":"2023-01-09T10:53:17+00:00","dateModified":"2026-04-09T10:35:51+00:00","description":"G\u0103si\u021bi toate informa\u021biile despre con\u021binutul nostru, adresa po\u0219tal\u0103, anun\u021buri legale & mai mult \u00een amprenta. \u27a4 Informa\u021bi-v\u0103 acum.","breadcrumb":{"@id":"https:\/\/lgigroup.com\/ro-ro\/impresia\/#breadcrumb"},"inLanguage":"ro-ro","potentialAction":[{"@type":"ReadAction","target":["https:\/\/lgigroup.com\/ro-ro\/impresia\/"]}]},{"@type":"BreadcrumbList","@id":"https:\/\/lgigroup.com\/ro-ro\/impresia\/#breadcrumb","itemListElement":[{"@type":"ListItem","position":1,"name":"Startseite","item":"https:\/\/lgigroup.com\/ro-ro\/"},{"@type":"ListItem","position":2,"name":"Legals"}]},{"@type":"WebSite","@id":"https:\/\/lgigroup.com\/ro-ro\/#website","url":"https:\/\/lgigroup.com\/ro-ro\/","name":"LGI Group","description":"","publisher":{"@id":"https:\/\/lgigroup.com\/ro-ro\/#organization"},"potentialAction":[{"@type":"SearchAction","target":{"@type":"EntryPoint","urlTemplate":"https:\/\/lgigroup.com\/ro-ro\/?s={search_term_string}"},"query-input":{"@type":"PropertyValueSpecification","valueRequired":true,"valueName":"search_term_string"}}],"inLanguage":"ro-ro"},{"@type":"Organization","@id":"https:\/\/lgigroup.com\/ro-ro\/#organization","name":"LGI GmbH","url":"https:\/\/lgigroup.com\/ro-ro\/","logo":{"@type":"ImageObject","inLanguage":"ro-ro","@id":"https:\/\/lgigroup.com\/ro-ro\/#\/schema\/logo\/image\/","url":"https:\/\/lgigroup.com\/wp-content\/uploads\/2023\/01\/lgi-logo.png","contentUrl":"https:\/\/lgigroup.com\/wp-content\/uploads\/2023\/01\/lgi-logo.png","width":420,"height":200,"caption":"LGI GmbH"},"image":{"@id":"https:\/\/lgigroup.com\/ro-ro\/#\/schema\/logo\/image\/"}}]}},"_links":{"self":[{"href":"https:\/\/lgigroup.com\/ro-ro\/wp-json\/wp\/v2\/pages\/991","targetHints":{"allow":["GET"]}}],"collection":[{"href":"https:\/\/lgigroup.com\/ro-ro\/wp-json\/wp\/v2\/pages"}],"about":[{"href":"https:\/\/lgigroup.com\/ro-ro\/wp-json\/wp\/v2\/types\/page"}],"author":[{"embeddable":true,"href":"https:\/\/lgigroup.com\/ro-ro\/wp-json\/wp\/v2\/users\/1"}],"replies":[{"embeddable":true,"href":"https:\/\/lgigroup.com\/ro-ro\/wp-json\/wp\/v2\/comments?post=991"}],"version-history":[{"count":16,"href":"https:\/\/lgigroup.com\/ro-ro\/wp-json\/wp\/v2\/pages\/991\/revisions"}],"predecessor-version":[{"id":30772,"href":"https:\/\/lgigroup.com\/ro-ro\/wp-json\/wp\/v2\/pages\/991\/revisions\/30772"}],"wp:attachment":[{"href":"https:\/\/lgigroup.com\/ro-ro\/wp-json\/wp\/v2\/media?parent=991"}],"curies":[{"name":"wp","href":"https:\/\/api.w.org\/{rel}","templated":true}]}}