{"id":942,"date":"2023-01-09T11:53:17","date_gmt":"2023-01-09T10:53:17","guid":{"rendered":"https:\/\/lgigroup.com\/?page_id=942"},"modified":"2026-04-09T12:09:30","modified_gmt":"2026-04-09T10:09:30","slug":"legals","status":"publish","type":"page","link":"https:\/\/lgigroup.com\/uk-en\/legals\/","title":{"rendered":"Legals"},"content":{"rendered":"\r\n\t\t<section class=\"titelbild-section titelbild-block-id-69e77f376f5a8 titelbild-block-layout-\">\r\n            <div class=\"col-12 col-lg-12\">\r\n                <div class=\"full-bild\"> <img loading=\"lazy\" decoding=\"async\" width=\"1920\" height=\"700\" src=\"\/wp-content\/uploads\/2023\/02\/documents-on-a-desk-lgi.jpg\" class=\"img-fluid\" alt=\"Documents on a desk | LGI\" srcset=\"\/wp-content\/uploads\/2023\/02\/documents-on-a-desk-lgi.jpg 1920w, \/wp-content\/uploads\/2023\/02\/documents-on-a-desk-lgi-300x109.jpg 300w, \/wp-content\/uploads\/2023\/02\/documents-on-a-desk-lgi-1024x373.jpg 1024w, \/wp-content\/uploads\/2023\/02\/documents-on-a-desk-lgi-768x280.jpg 768w, \/wp-content\/uploads\/2023\/02\/documents-on-a-desk-lgi-1536x560.jpg 1536w\" sizes=\"auto, (max-width: 1920px) 100vw, 1920px\" \/><\/div>\r\n                <div class=\"bild-title container\">\r\n                    <div class=\"row\">\r\n                                <div class=\"col\">\r\n                                    <p class=\"headline wt-h1\"><\/p>\r\n                                <\/div>                                        \r\n                            <\/div> \r\n                <\/div>\r\n            <\/div>\r\n        <\/section>\r\n\t\n\n            \r\n        <div class=\"spacing-block large spacing-block-id-69e77f376fa7f\" >                                     \r\n                  <div class=\"large-space\">   \r\n                  <\/div>                      \r\n        <\/div>\n\n\r\n                <div class=\"headline-block \">\r\n                    \r\n                        <div class=\"container\">                            \r\n                            \r\n                            \r\n                            <div class=\"row\">\r\n                                <div class=\"col\">\r\n                                    <h1 class=\"wt-h1 wt-font-color-dark-grey\">Legals<\/h1>\r\n                                <\/div>                                        \r\n                            <\/div>                                                                                                    \r\n                        <\/div>                                \r\n                <\/div>\r\n            \n\n            \r\n        <div class=\"spacing-block extrasmall spacing-block-id-69e77f376fc6b\" >                                     \r\n                  <div class=\"extra-small-space\">   \r\n                  <\/div>                      \r\n        <\/div>\n\n   \r\n    \r\n    <div class=\"grey-line-block grey-line-block-id-69e77f376fd33\">\r\n        \r\n        <div class=\"container\">\r\n            <div class=\"row\">\r\n                <div class=\"col test\">\r\n                    <div class=\"grey-line-block-line\"><\/div>\r\n                <\/div>                \r\n            <\/div>\r\n        <\/div>\r\n        \r\n    <\/div>\n\n            \r\n        <div class=\"spacing-block small spacing-block-id-69e77f376fdf9\" >                                     \r\n                  <div class=\"small-space\">   \r\n                  <\/div>                      \r\n        <\/div>\n\n\n<div class=\"wp-block-group container\"><div class=\"wp-block-group__inner-container is-layout-constrained wp-block-group-is-layout-constrained\">\n<p>This legal notice also applies to the following social media channels: <a href=\"https:\/\/business.facebook.com\/LGILogistics\/\" target=\"_blank\" rel=\"noreferrer noopener\">Facebook<\/a>, <a href=\"https:\/\/www.xing.com\/companies\/lgilogisticsgroupinternationalgmbh\" target=\"_blank\" rel=\"noreferrer noopener\">Xing<\/a>, <a href=\"https:\/\/www.linkedin.com\/company\/lgi-logistics-group-international-gmbh\/\" target=\"_blank\" rel=\"noreferrer noopener\">LinkedIn<\/a>.<\/p>\n\n\n\n<p><strong>Information pursuant to Section (\u00a7) 5 of the German Data Protection Act (DDG)<\/strong><\/p>\n\n\n\n<p>LGI Logistics Group International GmbH<br>Konrad-Zuse-Stra\u00dfe 10<br>71034 B\u00f6blingen<br>Germany<\/p>\n\n\n\n<p>Chief Executive Officers:<br>Florian Beck, Holger Funk<\/p>\n\n\n            \r\n        <div class=\"spacing-block small spacing-block-id-69e77f37700c8\" >                                     \r\n                  <div class=\"small-space\">   \r\n                  <\/div>                      \r\n        <\/div>\n\n\r\n                <div class=\"headline-block \">\r\n                    \r\n                        <h2 class=\"wt-subheadline wt-sl\">Contact<\/h2>\r\n                            \r\n                        \r\n                                                            \r\n                <\/div>\r\n            \n\n            \r\n        <div class=\"spacing-block doublesmall spacing-block-id-69e77f377019c\" >                                     \r\n                  <div class=\"double-small-space\">   \r\n                  <\/div>                      \r\n        <\/div>\n\n\n<p>Phone: <a href=\"tel:%2b%34%39%37%30%33%31%32%30%30%39%30\">+49 7031 2009 0<\/a><br>Mail:&nbsp;<a class=\"click_mail\" href=\"&#109;&#97;&#105;&#108;&#116;&#111;&#58;%69%6e%66%6f@%6c%67%69.%64%65 \" rel=\"noreferrer noopener\">&#x69;&#x6e;&#x66;&#x6f;&#x40;&#x6c;&#x67;&#x69;&#x2e;&#x64;&#x65;<\/a><br>Website: www.lgigroup.com<\/p>\n\n\n\n<p><strong>Register of Companies<\/strong><br>Entry in the Register of Companies.<br>Registering court: Amtsgericht Stuttgart<br>Registration number: HRB 243806<\/p>\n\n\n\n<p><strong>VAT ID<br><\/strong>VAT identification number pursuant to Section (\u00a7) 27a of the Value-Added Tax Act:<br>DE 172126257<\/p>\n\n\n\n<p><strong>Regulatory Authorities<\/strong><br>Supervisory Authority for freight traffic:<br>Bundesamt f\u00fcr Logistik und Mobilit\u00e4t (BALM)<br>Werderstr. 34<br>50672 K\u00f6ln<br>Website: <a href=\"http:\/\/www.balm.bund.de\">www.balm.bund.de<\/a><\/p>\n\n\n\n<p>Responsible Lower Transportation Authority:<br>Landratsamt B\u00f6blingen<br>Stra\u00dfenverkehrsbeh\u00f6rde<br>Parkstr. 16<br>71034 B\u00f6blingen<br>Website: <a href=\"http:\/\/www.lrabb.de\">www.lrabb.de<\/a><\/p>\n\n\n\n<p><strong>Responsible for the content pursuant to Section (\u00a7) 18(2) of the German Interstate Media Agreement (MStV)<\/strong><br>Florian Beck<br>LGI Logistics Group International GmbH<br>Konrad-Zuse-Stra\u00dfe 10<br>71034 B\u00f6blingen<br>Germany<\/p>\n\n\n\n<p><strong>Consumer Dispute Resolution \/ Universal Mediation Body<\/strong><br>We are neither willing nor obligated to participate in dispute resolution proceedings before a consumer mediation body.<\/p>\n\n\n\n<p>Source: <a href=\"https:\/\/www.e-recht24.de\/\">eRecht24<\/a><\/p>\n\n\n\n<p><strong>Source citations for the media used<\/strong><br>The image rights are held by LGI Logistics Group International GmbH or one of its subsidiaries.<\/p>\n\n\n            \r\n        <div class=\"spacing-block small spacing-block-id-69e77f377058c\" >                                     \r\n                  <div class=\"small-space\">   \r\n                  <\/div>                      \r\n        <\/div>\n\n\n<p><strong>Digital Implementation<\/strong><br>Designed and implemented by <a href=\"http:\/\/webthinker.de\">WebThinker GmbH<\/a>.<br>As a <a href=\"https:\/\/www.google.com\/partners\/agency?id=5149882286\">Google Premium<\/a> and <a href=\"https:\/\/www.shopware.com\/de\/partner\/agenturen\/webthinker-gmbh\/\">Shopware Partner<\/a>, we support companies from concept to launch with<br>customized digital solutions and a clear focus on quality and sustainable growth.<\/p>\n\n\n\n<script type=\"application\/ld+json\">\n{\n  \"@context\": \"https:\/\/schema.org\",\n  \"@type\": \"WebSite\",\n  \"creator\": {\n    \"@type\": \"Organization\",\n    \"name\": \"WebThinker GmbH\",\n    \"url\": \"https:\/\/www.webthinker.de\",\n    \"address\": {\n      \"@type\": \"PostalAddress\",\n      \"addressLocality\": \"Ditzingen\",\n      \"addressRegion\": \"Baden-W\u00fcrttemberg\",\n      \"addressCountry\": \"DE\"\n    },\n    \"areaServed\": {\n      \"@type\": \"City\",\n      \"name\": \"Stuttgart\"\n    },\n    \"award\": [\n      \"Google Premium Partner\",\n      \"Shopware Partner\"\n    ],\n    \"knowsAbout\": [\n      \"Web-Entwicklung\",\n      \"Online-Marketing\",\n      \"Digitale Transformation\"\n    ]\n  }\n}\n<\/script>\n\n\n            \r\n        <div class=\"spacing-block large spacing-block-id-69e77f37706c2\" >                                     \r\n                  <div class=\"large-space\">   \r\n                  <\/div>                      \r\n        <\/div><\/div><\/div>\n","protected":false},"excerpt":{"rendered":"<p>This legal notice also applies to the following social media channels: Facebook, Xing, LinkedIn. Information pursuant to Section (\u00a7) 5 of the German Data Protection Act (DDG) LGI Logistics Group International GmbHKonrad-Zuse-Stra\u00dfe 1071034 B\u00f6blingenGermany Chief Executive Officers:Florian Beck, Holger Funk Phone: +49 7031 2009 0Mail:&nbsp;Website: www.lgigroup.com Register of CompaniesEntry in the Register of Companies.Registering court: [&hellip;]<\/p>\n","protected":false},"author":1,"featured_media":0,"parent":0,"menu_order":0,"comment_status":"closed","ping_status":"closed","template":"","meta":{"footnotes":""},"class_list":["post-942","page","type-page","status-publish","hentry"],"yoast_head":"<!-- This site is optimized with the Yoast SEO plugin v27.3 - https:\/\/yoast.com\/product\/yoast-seo-wordpress\/ -->\n<title>Imprint of LGI - Your supply chain expert<\/title>\n<meta name=\"description\" content=\"Find all information about our content, postal address, legal notices &amp; more in the imprint. \u27a4 Inform now.\" \/>\n<meta name=\"robots\" content=\"index, follow, max-snippet:-1, max-image-preview:large, max-video-preview:-1\" \/>\n<link rel=\"canonical\" href=\"https:\/\/lgigroup.com\/uk-en\/wp-json\/wp\/v2\/pages\/942\" \/>\n<meta property=\"og:locale\" content=\"en_GB\" \/>\n<meta property=\"og:type\" content=\"article\" \/>\n<meta property=\"og:title\" content=\"Imprint of LGI - Your supply chain expert\" \/>\n<meta property=\"og:description\" content=\"Find all information about our content, postal address, legal notices &amp; more in the imprint. \u27a4 Inform now.\" \/>\n<meta property=\"og:url\" content=\"https:\/\/lgigroup.com\/uk-en\/legals\/\" \/>\n<meta property=\"og:site_name\" content=\"LGI Group\" \/>\n<meta property=\"article:modified_time\" content=\"2026-04-09T10:09:30+00:00\" \/>\n<meta name=\"twitter:card\" content=\"summary_large_image\" \/>\n<meta name=\"twitter:label1\" content=\"Estimated reading time\" \/>\n\t<meta name=\"twitter:data1\" content=\"2 minutes\" \/>\n<script type=\"application\/ld+json\" class=\"yoast-schema-graph\">{\"@context\":\"https:\\\/\\\/schema.org\",\"@graph\":[{\"@type\":\"WebPage\",\"@id\":\"https:\\\/\\\/lgigroup.com\\\/uk-en\\\/legals\\\/\",\"url\":\"https:\\\/\\\/lgigroup.com\\\/uk-en\\\/legals\\\/\",\"name\":\"Imprint of LGI - Your supply chain expert\",\"isPartOf\":{\"@id\":\"https:\\\/\\\/lgigroup.com\\\/uk-en\\\/#website\"},\"datePublished\":\"2023-01-09T10:53:17+00:00\",\"dateModified\":\"2026-04-09T10:09:30+00:00\",\"description\":\"Find all information about our content, postal address, legal notices & more in the imprint. \u27a4 Inform now.\",\"breadcrumb\":{\"@id\":\"https:\\\/\\\/lgigroup.com\\\/uk-en\\\/legals\\\/#breadcrumb\"},\"inLanguage\":\"en-GB\",\"potentialAction\":[{\"@type\":\"ReadAction\",\"target\":[\"https:\\\/\\\/lgigroup.com\\\/uk-en\\\/legals\\\/\"]}]},{\"@type\":\"BreadcrumbList\",\"@id\":\"https:\\\/\\\/lgigroup.com\\\/uk-en\\\/legals\\\/#breadcrumb\",\"itemListElement\":[{\"@type\":\"ListItem\",\"position\":1,\"name\":\"Startseite\",\"item\":\"https:\\\/\\\/lgigroup.com\\\/uk-en\\\/\"},{\"@type\":\"ListItem\",\"position\":2,\"name\":\"Legals\"}]},{\"@type\":\"WebSite\",\"@id\":\"https:\\\/\\\/lgigroup.com\\\/uk-en\\\/#website\",\"url\":\"https:\\\/\\\/lgigroup.com\\\/uk-en\\\/\",\"name\":\"LGI Group\",\"description\":\"\",\"publisher\":{\"@id\":\"https:\\\/\\\/lgigroup.com\\\/uk-en\\\/#organization\"},\"potentialAction\":[{\"@type\":\"SearchAction\",\"target\":{\"@type\":\"EntryPoint\",\"urlTemplate\":\"https:\\\/\\\/lgigroup.com\\\/uk-en\\\/?s={search_term_string}\"},\"query-input\":{\"@type\":\"PropertyValueSpecification\",\"valueRequired\":true,\"valueName\":\"search_term_string\"}}],\"inLanguage\":\"en-GB\"},{\"@type\":\"Organization\",\"@id\":\"https:\\\/\\\/lgigroup.com\\\/uk-en\\\/#organization\",\"name\":\"LGI GmbH\",\"url\":\"https:\\\/\\\/lgigroup.com\\\/uk-en\\\/\",\"logo\":{\"@type\":\"ImageObject\",\"inLanguage\":\"en-GB\",\"@id\":\"https:\\\/\\\/lgigroup.com\\\/uk-en\\\/#\\\/schema\\\/logo\\\/image\\\/\",\"url\":\"https:\\\/\\\/lgigroup.com\\\/wp-content\\\/uploads\\\/2023\\\/01\\\/lgi-logo.png\",\"contentUrl\":\"https:\\\/\\\/lgigroup.com\\\/wp-content\\\/uploads\\\/2023\\\/01\\\/lgi-logo.png\",\"width\":420,\"height\":200,\"caption\":\"LGI GmbH\"},\"image\":{\"@id\":\"https:\\\/\\\/lgigroup.com\\\/uk-en\\\/#\\\/schema\\\/logo\\\/image\\\/\"}}]}<\/script>\n<!-- \/ Yoast SEO plugin. -->","yoast_head_json":{"title":"Imprint of LGI - Your supply chain expert","description":"Find all information about our content, postal address, legal notices & more in the imprint. \u27a4 Inform now.","robots":{"index":"index","follow":"follow","max-snippet":"max-snippet:-1","max-image-preview":"max-image-preview:large","max-video-preview":"max-video-preview:-1"},"canonical":"https:\/\/lgigroup.com\/uk-en\/wp-json\/wp\/v2\/pages\/942","og_locale":"en_GB","og_type":"article","og_title":"Imprint of LGI - Your supply chain expert","og_description":"Find all information about our content, postal address, legal notices & more in the imprint. \u27a4 Inform now.","og_url":"https:\/\/lgigroup.com\/uk-en\/legals\/","og_site_name":"LGI Group","article_modified_time":"2026-04-09T10:09:30+00:00","twitter_card":"summary_large_image","twitter_misc":{"Estimated reading time":"2 minutes"},"schema":{"@context":"https:\/\/schema.org","@graph":[{"@type":"WebPage","@id":"https:\/\/lgigroup.com\/uk-en\/legals\/","url":"https:\/\/lgigroup.com\/uk-en\/legals\/","name":"Imprint of LGI - Your supply chain expert","isPartOf":{"@id":"https:\/\/lgigroup.com\/uk-en\/#website"},"datePublished":"2023-01-09T10:53:17+00:00","dateModified":"2026-04-09T10:09:30+00:00","description":"Find all information about our content, postal address, legal notices & more in the imprint. \u27a4 Inform now.","breadcrumb":{"@id":"https:\/\/lgigroup.com\/uk-en\/legals\/#breadcrumb"},"inLanguage":"en-GB","potentialAction":[{"@type":"ReadAction","target":["https:\/\/lgigroup.com\/uk-en\/legals\/"]}]},{"@type":"BreadcrumbList","@id":"https:\/\/lgigroup.com\/uk-en\/legals\/#breadcrumb","itemListElement":[{"@type":"ListItem","position":1,"name":"Startseite","item":"https:\/\/lgigroup.com\/uk-en\/"},{"@type":"ListItem","position":2,"name":"Legals"}]},{"@type":"WebSite","@id":"https:\/\/lgigroup.com\/uk-en\/#website","url":"https:\/\/lgigroup.com\/uk-en\/","name":"LGI Group","description":"","publisher":{"@id":"https:\/\/lgigroup.com\/uk-en\/#organization"},"potentialAction":[{"@type":"SearchAction","target":{"@type":"EntryPoint","urlTemplate":"https:\/\/lgigroup.com\/uk-en\/?s={search_term_string}"},"query-input":{"@type":"PropertyValueSpecification","valueRequired":true,"valueName":"search_term_string"}}],"inLanguage":"en-GB"},{"@type":"Organization","@id":"https:\/\/lgigroup.com\/uk-en\/#organization","name":"LGI GmbH","url":"https:\/\/lgigroup.com\/uk-en\/","logo":{"@type":"ImageObject","inLanguage":"en-GB","@id":"https:\/\/lgigroup.com\/uk-en\/#\/schema\/logo\/image\/","url":"https:\/\/lgigroup.com\/wp-content\/uploads\/2023\/01\/lgi-logo.png","contentUrl":"https:\/\/lgigroup.com\/wp-content\/uploads\/2023\/01\/lgi-logo.png","width":420,"height":200,"caption":"LGI GmbH"},"image":{"@id":"https:\/\/lgigroup.com\/uk-en\/#\/schema\/logo\/image\/"}}]}},"_links":{"self":[{"href":"https:\/\/lgigroup.com\/uk-en\/wp-json\/wp\/v2\/pages\/942","targetHints":{"allow":["GET"]}}],"collection":[{"href":"https:\/\/lgigroup.com\/uk-en\/wp-json\/wp\/v2\/pages"}],"about":[{"href":"https:\/\/lgigroup.com\/uk-en\/wp-json\/wp\/v2\/types\/page"}],"author":[{"embeddable":true,"href":"https:\/\/lgigroup.com\/uk-en\/wp-json\/wp\/v2\/users\/1"}],"replies":[{"embeddable":true,"href":"https:\/\/lgigroup.com\/uk-en\/wp-json\/wp\/v2\/comments?post=942"}],"version-history":[{"count":17,"href":"https:\/\/lgigroup.com\/uk-en\/wp-json\/wp\/v2\/pages\/942\/revisions"}],"predecessor-version":[{"id":30758,"href":"https:\/\/lgigroup.com\/uk-en\/wp-json\/wp\/v2\/pages\/942\/revisions\/30758"}],"wp:attachment":[{"href":"https:\/\/lgigroup.com\/uk-en\/wp-json\/wp\/v2\/media?parent=942"}],"curies":[{"name":"wp","href":"https:\/\/api.w.org\/{rel}","templated":true}]}}